{"id":17952,"date":"2024-08-21T16:13:02","date_gmt":"2024-08-21T16:13:02","guid":{"rendered":"http:\/\/34.225.25.86\/?post_type=product&#038;p=17952"},"modified":"2026-03-14T13:06:42","modified_gmt":"2026-03-14T16:06:42","slug":"zapatilla-energy-410f-negro-punt-aluminio-voran","status":"publish","type":"product","link":"https:\/\/soymat.com\/es\/producto\/zapatilla-energy-410f-negro-punt-aluminio-voran\/","title":{"rendered":"Zapatilla Energy 410F &#8211; punt\/aluminio &#8211; VORAN"},"content":{"rendered":"<p><strong>Zapatilla SportSafe VORAN &#8211; Energy 410F<\/strong><br \/>\n<strong>Zapatilla de seguridad incre\u00edblemente c\u00f3moda y liviana.<\/strong> Amortiguaci\u00f3n y flexibilidad excepcional. Retorno de la energ\u00eda de m\u00e1s del 55% en cada paso.<\/p>\n<p><strong>Riesgos cubiertos:<\/strong><br \/>\nDiel\u00e9ctrico &#8211; Aislamiento al fr\u00edo del suelo &#8211; Absorci\u00f3n de energ\u00eda en el tal\u00f3n &#8211; Resistencia al agua &#8211; Resistencia al deslizamiento<\/p>\n<p><strong>Composici\u00f3n suela: <\/strong>Poliuretano Multidensidad<br \/>\n<strong>Exterior:<\/strong> Combinaci\u00f3n de Cuero Nobuck y Materiales Textiles<br \/>\nCon material reflectivo de alta visibilidad<\/p>\n<p><strong>Puntera Aluminio<\/strong><\/p>\n<p><strong>Planta<\/strong><br \/>\nAdhesi\u00f3n capellada planta<br \/>\nInyecci\u00f3n directa<br \/>\nCompuesto<br \/>\nPoliuretano Multidensidad<br \/>\nOtras propiedades<br \/>\nDiel\u00e9ctrica<br \/>\nResistente a Hidrocarburos<br \/>\nAntideslizante<br \/>\nAutolimpiante<br \/>\nResistente a la Flexi\u00f3n<br \/>\nResistente a la Abrasi\u00f3n<\/p>","protected":false},"excerpt":{"rendered":"<p>Zapatilla SportSafe VORAN &#8211; Energy 410F Zapatilla de seguridad incre\u00edblemente c\u00f3moda y liviana. Amortiguaci\u00f3n y flexibilidad excepcional. Retorno de la energ\u00eda de m\u00e1s del 55% en cada paso. Riesgos cubiertos: Diel\u00e9ctrico &#8211; Aislamiento al fr\u00edo del suelo &#8211; Absorci\u00f3n de energ\u00eda en el tal\u00f3n &#8211; Resistencia al agua &#8211; Resistencia al deslizamiento Composici\u00f3n suela: Poliuretano [&hellip;]<\/p>\n","protected":false},"featured_media":15335,"template":"","meta":[],"product_cat":[80,337,130],"product_tag":[98,317,167,182],"class_list":{"0":"post-17952","1":"product","2":"type-product","3":"status-publish","4":"has-post-thumbnail","6":"product_brand-calzados-de-seguridad-voran","7":"product_cat-calzado-de-seguridad","8":"product_cat-productos-destacados-con-descuentos","9":"product_cat-zapatillas-de-seguridad","10":"product_tag-calzado-de-seguridad","11":"product_tag-energy","12":"product_tag-seguridad-industrial","13":"product_tag-zapatillas","15":"first","16":"instock","17":"taxable","18":"shipping-taxable","19":"purchasable","20":"product-type-variable","21":"add-to-wishlist-after_add_to_cart"},"yoast_head":"<!-- This site is optimized with the Yoast SEO Premium plugin v26.9 (Yoast SEO v26.9) - https:\/\/yoast.com\/product\/yoast-seo-premium-wordpress\/ -->\n<title>Zapatilla Energy 410F - punt\/aluminio - VORAN - SoyMat \u2013 Seguridad Industrial<\/title>\n<meta name=\"robots\" content=\"index, follow, max-snippet:-1, max-image-preview:large, max-video-preview:-1\" \/>\n<link rel=\"canonical\" href=\"https:\/\/soymat.com\/es\/producto\/zapatilla-energy-410f-negro-punt-aluminio-voran\/\" \/>\n<meta property=\"og:locale\" content=\"es_ES\" \/>\n<meta property=\"og:type\" content=\"article\" \/>\n<meta property=\"og:title\" content=\"Zapatilla Energy 410F - punt\/aluminio - VORAN\" \/>\n<meta property=\"og:description\" content=\"Zapatilla SportSafe VORAN &#8211; Energy 410F Zapatilla de seguridad incre\u00edblemente c\u00f3moda y liviana. Amortiguaci\u00f3n y flexibilidad excepcional. Retorno de la energ\u00eda de m\u00e1s del 55% en cada paso. Riesgos cubiertos: Diel\u00e9ctrico &#8211; Aislamiento al fr\u00edo del suelo &#8211; Absorci\u00f3n de energ\u00eda en el tal\u00f3n &#8211; Resistencia al agua &#8211; Resistencia al deslizamiento Composici\u00f3n suela: Poliuretano [&hellip;]\" \/>\n<meta property=\"og:url\" content=\"https:\/\/soymat.com\/es\/producto\/zapatilla-energy-410f-negro-punt-aluminio-voran\/\" \/>\n<meta property=\"og:site_name\" content=\"SoyMat \u2013 Seguridad Industrial\" \/>\n<meta property=\"article:modified_time\" content=\"2026-03-14T16:06:42+00:00\" \/>\n<meta property=\"og:image\" content=\"https:\/\/soymat.com\/wp-content\/uploads\/2024\/08\/zapatilla-410F-voran-energy-sportsafe-gris-lateral.jpg\" \/>\n\t<meta property=\"og:image:width\" content=\"2000\" \/>\n\t<meta property=\"og:image:height\" content=\"2000\" \/>\n\t<meta property=\"og:image:type\" content=\"image\/jpeg\" \/>\n<meta name=\"twitter:card\" content=\"summary_large_image\" \/>\n<meta name=\"twitter:label1\" content=\"Tiempo de lectura\" \/>\n\t<meta name=\"twitter:data1\" content=\"1 minuto\" \/>\n<script type=\"application\/ld+json\" class=\"yoast-schema-graph\">{\"@context\":\"https:\/\/schema.org\",\"@graph\":[{\"@type\":\"WebPage\",\"@id\":\"https:\/\/soymat.com\/producto\/zapatilla-energy-410f-negro-punt-aluminio-voran\/\",\"url\":\"https:\/\/soymat.com\/producto\/zapatilla-energy-410f-negro-punt-aluminio-voran\/\",\"name\":\"Zapatilla Energy 410F - punt\/aluminio - VORAN - SoyMat \u2013 Seguridad Industrial\",\"isPartOf\":{\"@id\":\"https:\/\/soymat.com\/#website\"},\"primaryImageOfPage\":{\"@id\":\"https:\/\/soymat.com\/producto\/zapatilla-energy-410f-negro-punt-aluminio-voran\/#primaryimage\"},\"image\":{\"@id\":\"https:\/\/soymat.com\/producto\/zapatilla-energy-410f-negro-punt-aluminio-voran\/#primaryimage\"},\"thumbnailUrl\":\"https:\/\/soymat.com\/wp-content\/uploads\/2024\/08\/zapatilla-410F-voran-energy-sportsafe-gris-lateral.jpg\",\"datePublished\":\"2024-08-21T16:13:02+00:00\",\"dateModified\":\"2026-03-14T16:06:42+00:00\",\"breadcrumb\":{\"@id\":\"https:\/\/soymat.com\/producto\/zapatilla-energy-410f-negro-punt-aluminio-voran\/#breadcrumb\"},\"inLanguage\":\"es-AR\",\"potentialAction\":[{\"@type\":\"ReadAction\",\"target\":[\"https:\/\/soymat.com\/producto\/zapatilla-energy-410f-negro-punt-aluminio-voran\/\"]}]},{\"@type\":\"ImageObject\",\"inLanguage\":\"es-AR\",\"@id\":\"https:\/\/soymat.com\/producto\/zapatilla-energy-410f-negro-punt-aluminio-voran\/#primaryimage\",\"url\":\"https:\/\/soymat.com\/wp-content\/uploads\/2024\/08\/zapatilla-410F-voran-energy-sportsafe-gris-lateral.jpg\",\"contentUrl\":\"https:\/\/soymat.com\/wp-content\/uploads\/2024\/08\/zapatilla-410F-voran-energy-sportsafe-gris-lateral.jpg\",\"width\":2000,\"height\":2000},{\"@type\":\"BreadcrumbList\",\"@id\":\"https:\/\/soymat.com\/producto\/zapatilla-energy-410f-negro-punt-aluminio-voran\/#breadcrumb\",\"itemListElement\":[{\"@type\":\"ListItem\",\"position\":1,\"name\":\"Portada\",\"item\":\"https:\/\/soymat.com\/\"},{\"@type\":\"ListItem\",\"position\":2,\"name\":\"Todos los Productos\",\"item\":\"https:\/\/soymat.com\/shop\/\"},{\"@type\":\"ListItem\",\"position\":3,\"name\":\"Zapatilla Energy 410F &#8211; punt\/aluminio &#8211; VORAN\"}]},{\"@type\":\"WebSite\",\"@id\":\"https:\/\/soymat.com\/#website\",\"url\":\"https:\/\/soymat.com\/\",\"name\":\"So&Mat\",\"description\":\"Empresa Dedicada a la protecci\u00f3n global contra incendio . matafuegos redes bombas,venta instalaci\u00f3n y service, protecci\u00f3n y confort laboral en todo concepto.\",\"publisher\":{\"@id\":\"https:\/\/soymat.com\/#organization\"},\"alternateName\":\"So&Mat\",\"potentialAction\":[{\"@type\":\"SearchAction\",\"target\":{\"@type\":\"EntryPoint\",\"urlTemplate\":\"https:\/\/soymat.com\/?s={search_term_string}\"},\"query-input\":{\"@type\":\"PropertyValueSpecification\",\"valueRequired\":true,\"valueName\":\"search_term_string\"}}],\"inLanguage\":\"es-AR\"},{\"@type\":\"Organization\",\"@id\":\"https:\/\/soymat.com\/#organization\",\"name\":\"So&Mat\",\"url\":\"https:\/\/soymat.com\/\",\"logo\":{\"@type\":\"ImageObject\",\"inLanguage\":\"es-AR\",\"@id\":\"https:\/\/soymat.com\/#\/schema\/logo\/image\/\",\"url\":\"https:\/\/soymat.com\/wp-content\/uploads\/2024\/08\/SoyMat.jpg\",\"contentUrl\":\"https:\/\/soymat.com\/wp-content\/uploads\/2024\/08\/SoyMat.jpg\",\"width\":600,\"height\":236,\"caption\":\"So&Mat\"},\"image\":{\"@id\":\"https:\/\/soymat.com\/#\/schema\/logo\/image\/\"}}]}<\/script>\n<!-- \/ Yoast SEO Premium plugin. -->","yoast_head_json":{"title":"Zapatilla Energy 410F - punt\/aluminio - VORAN - SoyMat \u2013 Seguridad Industrial","robots":{"index":"index","follow":"follow","max-snippet":"max-snippet:-1","max-image-preview":"max-image-preview:large","max-video-preview":"max-video-preview:-1"},"canonical":"https:\/\/soymat.com\/es\/producto\/zapatilla-energy-410f-negro-punt-aluminio-voran\/","og_locale":"es_ES","og_type":"article","og_title":"Zapatilla Energy 410F - punt\/aluminio - VORAN","og_description":"Zapatilla SportSafe VORAN &#8211; Energy 410F Zapatilla de seguridad incre\u00edblemente c\u00f3moda y liviana. Amortiguaci\u00f3n y flexibilidad excepcional. Retorno de la energ\u00eda de m\u00e1s del 55% en cada paso. Riesgos cubiertos: Diel\u00e9ctrico &#8211; Aislamiento al fr\u00edo del suelo &#8211; Absorci\u00f3n de energ\u00eda en el tal\u00f3n &#8211; Resistencia al agua &#8211; Resistencia al deslizamiento Composici\u00f3n suela: Poliuretano [&hellip;]","og_url":"https:\/\/soymat.com\/es\/producto\/zapatilla-energy-410f-negro-punt-aluminio-voran\/","og_site_name":"SoyMat \u2013 Seguridad Industrial","article_modified_time":"2026-03-14T16:06:42+00:00","og_image":[{"width":2000,"height":2000,"url":"https:\/\/soymat.com\/wp-content\/uploads\/2024\/08\/zapatilla-410F-voran-energy-sportsafe-gris-lateral.jpg","type":"image\/jpeg"}],"twitter_card":"summary_large_image","twitter_misc":{"Tiempo de lectura":"1 minuto"},"schema":{"@context":"https:\/\/schema.org","@graph":[{"@type":"WebPage","@id":"https:\/\/soymat.com\/producto\/zapatilla-energy-410f-negro-punt-aluminio-voran\/","url":"https:\/\/soymat.com\/producto\/zapatilla-energy-410f-negro-punt-aluminio-voran\/","name":"Zapatilla Energy 410F - punt\/aluminio - VORAN - SoyMat \u2013 Seguridad Industrial","isPartOf":{"@id":"https:\/\/soymat.com\/#website"},"primaryImageOfPage":{"@id":"https:\/\/soymat.com\/producto\/zapatilla-energy-410f-negro-punt-aluminio-voran\/#primaryimage"},"image":{"@id":"https:\/\/soymat.com\/producto\/zapatilla-energy-410f-negro-punt-aluminio-voran\/#primaryimage"},"thumbnailUrl":"https:\/\/soymat.com\/wp-content\/uploads\/2024\/08\/zapatilla-410F-voran-energy-sportsafe-gris-lateral.jpg","datePublished":"2024-08-21T16:13:02+00:00","dateModified":"2026-03-14T16:06:42+00:00","breadcrumb":{"@id":"https:\/\/soymat.com\/producto\/zapatilla-energy-410f-negro-punt-aluminio-voran\/#breadcrumb"},"inLanguage":"es-AR","potentialAction":[{"@type":"ReadAction","target":["https:\/\/soymat.com\/producto\/zapatilla-energy-410f-negro-punt-aluminio-voran\/"]}]},{"@type":"ImageObject","inLanguage":"es-AR","@id":"https:\/\/soymat.com\/producto\/zapatilla-energy-410f-negro-punt-aluminio-voran\/#primaryimage","url":"https:\/\/soymat.com\/wp-content\/uploads\/2024\/08\/zapatilla-410F-voran-energy-sportsafe-gris-lateral.jpg","contentUrl":"https:\/\/soymat.com\/wp-content\/uploads\/2024\/08\/zapatilla-410F-voran-energy-sportsafe-gris-lateral.jpg","width":2000,"height":2000},{"@type":"BreadcrumbList","@id":"https:\/\/soymat.com\/producto\/zapatilla-energy-410f-negro-punt-aluminio-voran\/#breadcrumb","itemListElement":[{"@type":"ListItem","position":1,"name":"Portada","item":"https:\/\/soymat.com\/"},{"@type":"ListItem","position":2,"name":"Todos los Productos","item":"https:\/\/soymat.com\/shop\/"},{"@type":"ListItem","position":3,"name":"Zapatilla Energy 410F &#8211; punt\/aluminio &#8211; VORAN"}]},{"@type":"WebSite","@id":"https:\/\/soymat.com\/#website","url":"https:\/\/soymat.com\/","name":"So&Mat","description":"Empresa Dedicada a la protecci\u00f3n global contra incendio . matafuegos redes bombas,venta instalaci\u00f3n y service, protecci\u00f3n y confort laboral en todo concepto.","publisher":{"@id":"https:\/\/soymat.com\/#organization"},"alternateName":"So&Mat","potentialAction":[{"@type":"SearchAction","target":{"@type":"EntryPoint","urlTemplate":"https:\/\/soymat.com\/?s={search_term_string}"},"query-input":{"@type":"PropertyValueSpecification","valueRequired":true,"valueName":"search_term_string"}}],"inLanguage":"es-AR"},{"@type":"Organization","@id":"https:\/\/soymat.com\/#organization","name":"So&Mat","url":"https:\/\/soymat.com\/","logo":{"@type":"ImageObject","inLanguage":"es-AR","@id":"https:\/\/soymat.com\/#\/schema\/logo\/image\/","url":"https:\/\/soymat.com\/wp-content\/uploads\/2024\/08\/SoyMat.jpg","contentUrl":"https:\/\/soymat.com\/wp-content\/uploads\/2024\/08\/SoyMat.jpg","width":600,"height":236,"caption":"So&Mat"},"image":{"@id":"https:\/\/soymat.com\/#\/schema\/logo\/image\/"}}]}},"_links":{"self":[{"href":"https:\/\/soymat.com\/es\/wp-json\/wp\/v2\/product\/17952","targetHints":{"allow":["GET"]}}],"collection":[{"href":"https:\/\/soymat.com\/es\/wp-json\/wp\/v2\/product"}],"about":[{"href":"https:\/\/soymat.com\/es\/wp-json\/wp\/v2\/types\/product"}],"wp:featuredmedia":[{"embeddable":true,"href":"https:\/\/soymat.com\/es\/wp-json\/wp\/v2\/media\/15335"}],"wp:attachment":[{"href":"https:\/\/soymat.com\/es\/wp-json\/wp\/v2\/media?parent=17952"}],"wp:term":[{"taxonomy":"product_cat","embeddable":true,"href":"https:\/\/soymat.com\/es\/wp-json\/wp\/v2\/product_cat?post=17952"},{"taxonomy":"product_tag","embeddable":true,"href":"https:\/\/soymat.com\/es\/wp-json\/wp\/v2\/product_tag?post=17952"}],"curies":[{"name":"wp","href":"https:\/\/api.w.org\/{rel}","templated":true}]}}