{"id":18192,"date":"2024-08-21T16:16:52","date_gmt":"2024-08-21T16:16:52","guid":{"rendered":"http:\/\/34.225.25.86\/?post_type=product&#038;p=18192"},"modified":"2026-04-17T10:08:14","modified_gmt":"2026-04-17T13:08:14","slug":"camisa-grafa-beige-ombu","status":"publish","type":"product","link":"https:\/\/soymat.com\/es\/producto\/camisa-grafa-beige-ombu\/","title":{"rendered":"Camisa Grafa &#8211; Beige &#8211; Ombu"},"content":{"rendered":"<p><strong>Camisa de Trabajo Ombu.<\/strong><\/p>\n<p><strong>Color: Beige<\/strong><\/p>\n<p>&#8211; Prendas confeccionadas con telas GRAFA OMBU de 1\u00ba calidad.<br \/>\n&#8211; Camisa cl\u00e1sica con dos bolsillos superiores con tapa y traba a bot\u00f3n, mangas largas terminadas en pu\u00f1os.<br \/>\n&#8211; Tejido pre-encogido, te\u00f1ido en colores firmes, con terminaci\u00f3n especial anti-olor.<br \/>\n&#8211; Composici\u00f3n: Algod\u00f3n 100%, Sarga 2\/1, Peso 190 g\/m2.<br \/>\n&#8211; Industria Argentina.<br \/>\n<strong>&#8211; Talles: 38 al 60<\/strong><\/p>","protected":false},"excerpt":{"rendered":"<p>Camisa de Trabajo Ombu. Color: Beige &#8211; Prendas confeccionadas con telas GRAFA OMBU de 1\u00ba calidad. &#8211; Camisa cl\u00e1sica con dos bolsillos superiores con tapa y traba a bot\u00f3n, mangas largas terminadas en pu\u00f1os. &#8211; Tejido pre-encogido, te\u00f1ido en colores firmes, con terminaci\u00f3n especial anti-olor. &#8211; Composici\u00f3n: Algod\u00f3n 100%, Sarga 2\/1, Peso 190 g\/m2. &#8211; [&hellip;]<\/p>\n","protected":false},"featured_media":24582,"template":"","meta":[],"product_cat":[146,81,90,425],"product_tag":[],"class_list":{"0":"post-18192","1":"product","2":"type-product","3":"status-publish","4":"has-post-thumbnail","6":"product_brand-ombu-ropa-de-grafa","7":"product_cat-camisas","8":"product_cat-indumentaria-y-uniformes-laborales-profesionales-outdoor-oficce-wear","9":"product_cat-ropa-de-grafa","10":"product_cat-super-destacado","12":"first","13":"instock","14":"featured","15":"taxable","16":"shipping-taxable","17":"purchasable","18":"product-type-variable","19":"add-to-wishlist-after_add_to_cart"},"yoast_head":"<!-- This site is optimized with the Yoast SEO Premium plugin v26.9 (Yoast SEO v26.9) - https:\/\/yoast.com\/product\/yoast-seo-premium-wordpress\/ -->\n<title>Camisa Grafa - Beige - Ombu - SoyMat \u2013 Seguridad Industrial<\/title>\n<meta name=\"robots\" content=\"index, follow, max-snippet:-1, max-image-preview:large, max-video-preview:-1\" \/>\n<link rel=\"canonical\" href=\"https:\/\/soymat.com\/es\/producto\/camisa-grafa-beige-ombu\/\" \/>\n<meta property=\"og:locale\" content=\"es_ES\" \/>\n<meta property=\"og:type\" content=\"article\" \/>\n<meta property=\"og:title\" content=\"Camisa Grafa - Beige - Ombu\" \/>\n<meta property=\"og:description\" content=\"Camisa de Trabajo Ombu. Color: Beige &#8211; Prendas confeccionadas con telas GRAFA OMBU de 1\u00ba calidad. &#8211; Camisa cl\u00e1sica con dos bolsillos superiores con tapa y traba a bot\u00f3n, mangas largas terminadas en pu\u00f1os. &#8211; Tejido pre-encogido, te\u00f1ido en colores firmes, con terminaci\u00f3n especial anti-olor. &#8211; Composici\u00f3n: Algod\u00f3n 100%, Sarga 2\/1, Peso 190 g\/m2. &#8211; [&hellip;]\" \/>\n<meta property=\"og:url\" content=\"https:\/\/soymat.com\/es\/producto\/camisa-grafa-beige-ombu\/\" \/>\n<meta property=\"og:site_name\" content=\"SoyMat \u2013 Seguridad Industrial\" \/>\n<meta property=\"article:modified_time\" content=\"2026-04-17T13:08:14+00:00\" \/>\n<meta property=\"og:image\" content=\"https:\/\/soymat.com\/wp-content\/uploads\/2024\/08\/indumentaria_camisa-grafa-ombu-beige-1.jpg\" \/>\n\t<meta property=\"og:image:width\" content=\"2000\" \/>\n\t<meta property=\"og:image:height\" content=\"2000\" \/>\n\t<meta property=\"og:image:type\" content=\"image\/jpeg\" \/>\n<meta name=\"twitter:card\" content=\"summary_large_image\" \/>\n<meta name=\"twitter:label1\" content=\"Tiempo de lectura\" \/>\n\t<meta name=\"twitter:data1\" content=\"1 minuto\" \/>\n<script type=\"application\/ld+json\" class=\"yoast-schema-graph\">{\"@context\":\"https:\/\/schema.org\",\"@graph\":[{\"@type\":\"WebPage\",\"@id\":\"https:\/\/soymat.com\/producto\/camisa-grafa-beige-ombu\/\",\"url\":\"https:\/\/soymat.com\/producto\/camisa-grafa-beige-ombu\/\",\"name\":\"Camisa Grafa - Beige - Ombu - SoyMat \u2013 Seguridad Industrial\",\"isPartOf\":{\"@id\":\"https:\/\/soymat.com\/#website\"},\"primaryImageOfPage\":{\"@id\":\"https:\/\/soymat.com\/producto\/camisa-grafa-beige-ombu\/#primaryimage\"},\"image\":{\"@id\":\"https:\/\/soymat.com\/producto\/camisa-grafa-beige-ombu\/#primaryimage\"},\"thumbnailUrl\":\"https:\/\/soymat.com\/wp-content\/uploads\/2024\/08\/indumentaria_camisa-grafa-ombu-beige-1.jpg\",\"datePublished\":\"2024-08-21T16:16:52+00:00\",\"dateModified\":\"2026-04-17T13:08:14+00:00\",\"breadcrumb\":{\"@id\":\"https:\/\/soymat.com\/producto\/camisa-grafa-beige-ombu\/#breadcrumb\"},\"inLanguage\":\"es-AR\",\"potentialAction\":[{\"@type\":\"ReadAction\",\"target\":[\"https:\/\/soymat.com\/producto\/camisa-grafa-beige-ombu\/\"]}]},{\"@type\":\"ImageObject\",\"inLanguage\":\"es-AR\",\"@id\":\"https:\/\/soymat.com\/producto\/camisa-grafa-beige-ombu\/#primaryimage\",\"url\":\"https:\/\/soymat.com\/wp-content\/uploads\/2024\/08\/indumentaria_camisa-grafa-ombu-beige-1.jpg\",\"contentUrl\":\"https:\/\/soymat.com\/wp-content\/uploads\/2024\/08\/indumentaria_camisa-grafa-ombu-beige-1.jpg\",\"width\":2000,\"height\":2000},{\"@type\":\"BreadcrumbList\",\"@id\":\"https:\/\/soymat.com\/producto\/camisa-grafa-beige-ombu\/#breadcrumb\",\"itemListElement\":[{\"@type\":\"ListItem\",\"position\":1,\"name\":\"Portada\",\"item\":\"https:\/\/soymat.com\/\"},{\"@type\":\"ListItem\",\"position\":2,\"name\":\"Todos los Productos\",\"item\":\"https:\/\/soymat.com\/shop\/\"},{\"@type\":\"ListItem\",\"position\":3,\"name\":\"Camisa Grafa &#8211; Beige &#8211; Ombu\"}]},{\"@type\":\"WebSite\",\"@id\":\"https:\/\/soymat.com\/#website\",\"url\":\"https:\/\/soymat.com\/\",\"name\":\"So&Mat\",\"description\":\"Empresa Dedicada a la protecci\u00f3n global contra incendio . matafuegos redes bombas,venta instalaci\u00f3n y service, protecci\u00f3n y confort laboral en todo concepto.\",\"publisher\":{\"@id\":\"https:\/\/soymat.com\/#organization\"},\"alternateName\":\"So&Mat\",\"potentialAction\":[{\"@type\":\"SearchAction\",\"target\":{\"@type\":\"EntryPoint\",\"urlTemplate\":\"https:\/\/soymat.com\/?s={search_term_string}\"},\"query-input\":{\"@type\":\"PropertyValueSpecification\",\"valueRequired\":true,\"valueName\":\"search_term_string\"}}],\"inLanguage\":\"es-AR\"},{\"@type\":\"Organization\",\"@id\":\"https:\/\/soymat.com\/#organization\",\"name\":\"So&Mat\",\"url\":\"https:\/\/soymat.com\/\",\"logo\":{\"@type\":\"ImageObject\",\"inLanguage\":\"es-AR\",\"@id\":\"https:\/\/soymat.com\/#\/schema\/logo\/image\/\",\"url\":\"https:\/\/soymat.com\/wp-content\/uploads\/2024\/08\/SoyMat.jpg\",\"contentUrl\":\"https:\/\/soymat.com\/wp-content\/uploads\/2024\/08\/SoyMat.jpg\",\"width\":600,\"height\":236,\"caption\":\"So&Mat\"},\"image\":{\"@id\":\"https:\/\/soymat.com\/#\/schema\/logo\/image\/\"}}]}<\/script>\n<!-- \/ Yoast SEO Premium plugin. -->","yoast_head_json":{"title":"Camisa Grafa - Beige - Ombu - SoyMat \u2013 Seguridad Industrial","robots":{"index":"index","follow":"follow","max-snippet":"max-snippet:-1","max-image-preview":"max-image-preview:large","max-video-preview":"max-video-preview:-1"},"canonical":"https:\/\/soymat.com\/es\/producto\/camisa-grafa-beige-ombu\/","og_locale":"es_ES","og_type":"article","og_title":"Camisa Grafa - Beige - Ombu","og_description":"Camisa de Trabajo Ombu. Color: Beige &#8211; Prendas confeccionadas con telas GRAFA OMBU de 1\u00ba calidad. &#8211; Camisa cl\u00e1sica con dos bolsillos superiores con tapa y traba a bot\u00f3n, mangas largas terminadas en pu\u00f1os. &#8211; Tejido pre-encogido, te\u00f1ido en colores firmes, con terminaci\u00f3n especial anti-olor. &#8211; Composici\u00f3n: Algod\u00f3n 100%, Sarga 2\/1, Peso 190 g\/m2. &#8211; [&hellip;]","og_url":"https:\/\/soymat.com\/es\/producto\/camisa-grafa-beige-ombu\/","og_site_name":"SoyMat \u2013 Seguridad Industrial","article_modified_time":"2026-04-17T13:08:14+00:00","og_image":[{"width":2000,"height":2000,"url":"https:\/\/soymat.com\/wp-content\/uploads\/2024\/08\/indumentaria_camisa-grafa-ombu-beige-1.jpg","type":"image\/jpeg"}],"twitter_card":"summary_large_image","twitter_misc":{"Tiempo de lectura":"1 minuto"},"schema":{"@context":"https:\/\/schema.org","@graph":[{"@type":"WebPage","@id":"https:\/\/soymat.com\/producto\/camisa-grafa-beige-ombu\/","url":"https:\/\/soymat.com\/producto\/camisa-grafa-beige-ombu\/","name":"Camisa Grafa - Beige - Ombu - SoyMat \u2013 Seguridad Industrial","isPartOf":{"@id":"https:\/\/soymat.com\/#website"},"primaryImageOfPage":{"@id":"https:\/\/soymat.com\/producto\/camisa-grafa-beige-ombu\/#primaryimage"},"image":{"@id":"https:\/\/soymat.com\/producto\/camisa-grafa-beige-ombu\/#primaryimage"},"thumbnailUrl":"https:\/\/soymat.com\/wp-content\/uploads\/2024\/08\/indumentaria_camisa-grafa-ombu-beige-1.jpg","datePublished":"2024-08-21T16:16:52+00:00","dateModified":"2026-04-17T13:08:14+00:00","breadcrumb":{"@id":"https:\/\/soymat.com\/producto\/camisa-grafa-beige-ombu\/#breadcrumb"},"inLanguage":"es-AR","potentialAction":[{"@type":"ReadAction","target":["https:\/\/soymat.com\/producto\/camisa-grafa-beige-ombu\/"]}]},{"@type":"ImageObject","inLanguage":"es-AR","@id":"https:\/\/soymat.com\/producto\/camisa-grafa-beige-ombu\/#primaryimage","url":"https:\/\/soymat.com\/wp-content\/uploads\/2024\/08\/indumentaria_camisa-grafa-ombu-beige-1.jpg","contentUrl":"https:\/\/soymat.com\/wp-content\/uploads\/2024\/08\/indumentaria_camisa-grafa-ombu-beige-1.jpg","width":2000,"height":2000},{"@type":"BreadcrumbList","@id":"https:\/\/soymat.com\/producto\/camisa-grafa-beige-ombu\/#breadcrumb","itemListElement":[{"@type":"ListItem","position":1,"name":"Portada","item":"https:\/\/soymat.com\/"},{"@type":"ListItem","position":2,"name":"Todos los Productos","item":"https:\/\/soymat.com\/shop\/"},{"@type":"ListItem","position":3,"name":"Camisa Grafa &#8211; Beige &#8211; Ombu"}]},{"@type":"WebSite","@id":"https:\/\/soymat.com\/#website","url":"https:\/\/soymat.com\/","name":"So&Mat","description":"Empresa Dedicada a la protecci\u00f3n global contra incendio . matafuegos redes bombas,venta instalaci\u00f3n y service, protecci\u00f3n y confort laboral en todo concepto.","publisher":{"@id":"https:\/\/soymat.com\/#organization"},"alternateName":"So&Mat","potentialAction":[{"@type":"SearchAction","target":{"@type":"EntryPoint","urlTemplate":"https:\/\/soymat.com\/?s={search_term_string}"},"query-input":{"@type":"PropertyValueSpecification","valueRequired":true,"valueName":"search_term_string"}}],"inLanguage":"es-AR"},{"@type":"Organization","@id":"https:\/\/soymat.com\/#organization","name":"So&Mat","url":"https:\/\/soymat.com\/","logo":{"@type":"ImageObject","inLanguage":"es-AR","@id":"https:\/\/soymat.com\/#\/schema\/logo\/image\/","url":"https:\/\/soymat.com\/wp-content\/uploads\/2024\/08\/SoyMat.jpg","contentUrl":"https:\/\/soymat.com\/wp-content\/uploads\/2024\/08\/SoyMat.jpg","width":600,"height":236,"caption":"So&Mat"},"image":{"@id":"https:\/\/soymat.com\/#\/schema\/logo\/image\/"}}]}},"_links":{"self":[{"href":"https:\/\/soymat.com\/es\/wp-json\/wp\/v2\/product\/18192","targetHints":{"allow":["GET"]}}],"collection":[{"href":"https:\/\/soymat.com\/es\/wp-json\/wp\/v2\/product"}],"about":[{"href":"https:\/\/soymat.com\/es\/wp-json\/wp\/v2\/types\/product"}],"wp:featuredmedia":[{"embeddable":true,"href":"https:\/\/soymat.com\/es\/wp-json\/wp\/v2\/media\/24582"}],"wp:attachment":[{"href":"https:\/\/soymat.com\/es\/wp-json\/wp\/v2\/media?parent=18192"}],"wp:term":[{"taxonomy":"product_cat","embeddable":true,"href":"https:\/\/soymat.com\/es\/wp-json\/wp\/v2\/product_cat?post=18192"},{"taxonomy":"product_tag","embeddable":true,"href":"https:\/\/soymat.com\/es\/wp-json\/wp\/v2\/product_tag?post=18192"}],"curies":[{"name":"wp","href":"https:\/\/api.w.org\/{rel}","templated":true}]}}