{"id":18301,"date":"2024-08-21T16:18:40","date_gmt":"2024-08-21T16:18:40","guid":{"rendered":"http:\/\/34.225.25.86\/?post_type=product&#038;p=18301"},"modified":"2026-04-16T13:06:36","modified_gmt":"2026-04-16T16:06:36","slug":"zapatilla-horizon-marron-punt-aluminio-funcional","status":"publish","type":"product","link":"https:\/\/soymat.com\/es\/producto\/zapatilla-horizon-marron-punt-aluminio-funcional\/","title":{"rendered":"Zapatilla Horizon &#8211; Marron -punt\/Aluminio &#8211; Funcional"},"content":{"rendered":"<p><strong>Ultralivianos Horizon &#8211; Funcional<\/strong><br \/>\n<strong>Zapato urbano ultraliviano de seguridad.<\/strong> Cuero ultra premium, dise\u00f1o y tecnolog\u00eda de vanguardia. Confort sin l\u00edmites y m\u00e1xima protecci\u00f3n.<\/p>\n<p><strong>COLOR Marr\u00f3n<\/strong><br \/>\n<strong>EXTERIOR: <\/strong>Combinaci\u00f3n de Cuero Nobuck y Materiales Textiles<\/p>\n<p><strong>PUNTERA Aluminio<\/strong><\/p>\n<p><strong>RIESGOS CUBIERTOS<\/strong><br \/>\nD &#8211; Diel\u00e9ctrico<br \/>\nHI &#8211; Aislamiento al Calor del Suelo<br \/>\nCI &#8211; Aislamiento al Fr\u00edo del Suelo<br \/>\nE &#8211; Absorci\u00f3n de Energ\u00eda en el Tal\u00f3n<\/p>\n<p><strong>PLANTILLAS<\/strong> Plantilla ultra confort conformada ergon\u00f3mica<br \/>\n<strong>COMPUESTO SUELA<\/strong> Poliuretano Multidensidad<\/p>\n<p><strong>PROPIEDADES PLANTA<\/strong><br \/>\nDiel\u00e9ctrica<br \/>\nResistente a Hidrocarburos<br \/>\nAntideslizante<br \/>\nAutolimpiante<br \/>\nResistente a la Flexi\u00f3n<br \/>\nResistente a la Abrasi\u00f3n<\/p>","protected":false},"excerpt":{"rendered":"<p>Ultralivianos Horizon &#8211; Funcional Zapato urbano ultraliviano de seguridad. Cuero ultra premium, dise\u00f1o y tecnolog\u00eda de vanguardia. Confort sin l\u00edmites y m\u00e1xima protecci\u00f3n. COLOR Marr\u00f3n EXTERIOR: Combinaci\u00f3n de Cuero Nobuck y Materiales Textiles PUNTERA Aluminio RIESGOS CUBIERTOS D &#8211; Diel\u00e9ctrico HI &#8211; Aislamiento al Calor del Suelo CI &#8211; Aislamiento al Fr\u00edo del Suelo E [&hellip;]<\/p>\n","protected":false},"featured_media":20916,"template":"","meta":[],"product_cat":[80,151,130],"product_tag":[328,104,336,329],"class_list":{"0":"post-18301","1":"product","2":"type-product","3":"status-publish","4":"has-post-thumbnail","6":"product_brand-calzados-de-seguridad-funcional-zapatillas-zapatos-botines","7":"product_cat-calzado-de-seguridad","8":"product_cat-ultralivianos","9":"product_cat-zapatillas-de-seguridad","10":"product_tag-prevencion","11":"product_tag-trabajo","12":"product_tag-zalzado-de-seguridad","13":"product_tag-zapatilla-de-trabajo","15":"first","16":"instock","17":"taxable","18":"shipping-taxable","19":"purchasable","20":"product-type-variable","21":"add-to-wishlist-after_add_to_cart"},"yoast_head":"<!-- This site is optimized with the Yoast SEO Premium plugin v26.9 (Yoast SEO v26.9) - https:\/\/yoast.com\/product\/yoast-seo-premium-wordpress\/ -->\n<title>Zapatilla Horizon - Marron -punt\/Aluminio - Funcional - SoyMat \u2013 Seguridad Industrial<\/title>\n<meta name=\"robots\" content=\"index, follow, max-snippet:-1, max-image-preview:large, max-video-preview:-1\" \/>\n<link rel=\"canonical\" href=\"https:\/\/soymat.com\/es\/producto\/zapatilla-horizon-marron-punt-aluminio-funcional\/\" \/>\n<meta property=\"og:locale\" content=\"es_ES\" \/>\n<meta property=\"og:type\" content=\"article\" \/>\n<meta property=\"og:title\" content=\"Zapatilla Horizon - Marron -punt\/Aluminio - Funcional\" \/>\n<meta property=\"og:description\" content=\"Ultralivianos Horizon &#8211; Funcional Zapato urbano ultraliviano de seguridad. Cuero ultra premium, dise\u00f1o y tecnolog\u00eda de vanguardia. Confort sin l\u00edmites y m\u00e1xima protecci\u00f3n. COLOR Marr\u00f3n EXTERIOR: Combinaci\u00f3n de Cuero Nobuck y Materiales Textiles PUNTERA Aluminio RIESGOS CUBIERTOS D &#8211; Diel\u00e9ctrico HI &#8211; Aislamiento al Calor del Suelo CI &#8211; Aislamiento al Fr\u00edo del Suelo E [&hellip;]\" \/>\n<meta property=\"og:url\" content=\"https:\/\/soymat.com\/es\/producto\/zapatilla-horizon-marron-punt-aluminio-funcional\/\" \/>\n<meta property=\"og:site_name\" content=\"SoyMat \u2013 Seguridad Industrial\" \/>\n<meta property=\"article:modified_time\" content=\"2026-04-16T16:06:36+00:00\" \/>\n<meta property=\"og:image\" content=\"https:\/\/soymat.com\/wp-content\/uploads\/2024\/08\/zapatilla-horizon-1.jpg\" \/>\n\t<meta property=\"og:image:width\" content=\"1200\" \/>\n\t<meta property=\"og:image:height\" content=\"1200\" \/>\n\t<meta property=\"og:image:type\" content=\"image\/jpeg\" \/>\n<meta name=\"twitter:card\" content=\"summary_large_image\" \/>\n<meta name=\"twitter:label1\" content=\"Tiempo de lectura\" \/>\n\t<meta name=\"twitter:data1\" content=\"1 minuto\" \/>\n<script type=\"application\/ld+json\" class=\"yoast-schema-graph\">{\"@context\":\"https:\/\/schema.org\",\"@graph\":[{\"@type\":\"WebPage\",\"@id\":\"https:\/\/soymat.com\/producto\/zapatilla-horizon-marron-punt-aluminio-funcional\/\",\"url\":\"https:\/\/soymat.com\/producto\/zapatilla-horizon-marron-punt-aluminio-funcional\/\",\"name\":\"Zapatilla Horizon - Marron -punt\/Aluminio - Funcional - SoyMat \u2013 Seguridad Industrial\",\"isPartOf\":{\"@id\":\"https:\/\/soymat.com\/#website\"},\"primaryImageOfPage\":{\"@id\":\"https:\/\/soymat.com\/producto\/zapatilla-horizon-marron-punt-aluminio-funcional\/#primaryimage\"},\"image\":{\"@id\":\"https:\/\/soymat.com\/producto\/zapatilla-horizon-marron-punt-aluminio-funcional\/#primaryimage\"},\"thumbnailUrl\":\"https:\/\/soymat.com\/wp-content\/uploads\/2024\/08\/zapatilla-horizon-1.jpg\",\"datePublished\":\"2024-08-21T16:18:40+00:00\",\"dateModified\":\"2026-04-16T16:06:36+00:00\",\"breadcrumb\":{\"@id\":\"https:\/\/soymat.com\/producto\/zapatilla-horizon-marron-punt-aluminio-funcional\/#breadcrumb\"},\"inLanguage\":\"es-AR\",\"potentialAction\":[{\"@type\":\"ReadAction\",\"target\":[\"https:\/\/soymat.com\/producto\/zapatilla-horizon-marron-punt-aluminio-funcional\/\"]}]},{\"@type\":\"ImageObject\",\"inLanguage\":\"es-AR\",\"@id\":\"https:\/\/soymat.com\/producto\/zapatilla-horizon-marron-punt-aluminio-funcional\/#primaryimage\",\"url\":\"https:\/\/soymat.com\/wp-content\/uploads\/2024\/08\/zapatilla-horizon-1.jpg\",\"contentUrl\":\"https:\/\/soymat.com\/wp-content\/uploads\/2024\/08\/zapatilla-horizon-1.jpg\",\"width\":1200,\"height\":1200},{\"@type\":\"BreadcrumbList\",\"@id\":\"https:\/\/soymat.com\/producto\/zapatilla-horizon-marron-punt-aluminio-funcional\/#breadcrumb\",\"itemListElement\":[{\"@type\":\"ListItem\",\"position\":1,\"name\":\"Portada\",\"item\":\"https:\/\/soymat.com\/\"},{\"@type\":\"ListItem\",\"position\":2,\"name\":\"Todos los Productos\",\"item\":\"https:\/\/soymat.com\/shop\/\"},{\"@type\":\"ListItem\",\"position\":3,\"name\":\"Zapatilla Horizon &#8211; Marron -punt\/Aluminio &#8211; Funcional\"}]},{\"@type\":\"WebSite\",\"@id\":\"https:\/\/soymat.com\/#website\",\"url\":\"https:\/\/soymat.com\/\",\"name\":\"So&Mat\",\"description\":\"Empresa Dedicada a la protecci\u00f3n global contra incendio . matafuegos redes bombas,venta instalaci\u00f3n y service, protecci\u00f3n y confort laboral en todo concepto.\",\"publisher\":{\"@id\":\"https:\/\/soymat.com\/#organization\"},\"alternateName\":\"So&Mat\",\"potentialAction\":[{\"@type\":\"SearchAction\",\"target\":{\"@type\":\"EntryPoint\",\"urlTemplate\":\"https:\/\/soymat.com\/?s={search_term_string}\"},\"query-input\":{\"@type\":\"PropertyValueSpecification\",\"valueRequired\":true,\"valueName\":\"search_term_string\"}}],\"inLanguage\":\"es-AR\"},{\"@type\":\"Organization\",\"@id\":\"https:\/\/soymat.com\/#organization\",\"name\":\"So&Mat\",\"url\":\"https:\/\/soymat.com\/\",\"logo\":{\"@type\":\"ImageObject\",\"inLanguage\":\"es-AR\",\"@id\":\"https:\/\/soymat.com\/#\/schema\/logo\/image\/\",\"url\":\"https:\/\/soymat.com\/wp-content\/uploads\/2024\/08\/SoyMat.jpg\",\"contentUrl\":\"https:\/\/soymat.com\/wp-content\/uploads\/2024\/08\/SoyMat.jpg\",\"width\":600,\"height\":236,\"caption\":\"So&Mat\"},\"image\":{\"@id\":\"https:\/\/soymat.com\/#\/schema\/logo\/image\/\"}}]}<\/script>\n<!-- \/ Yoast SEO Premium plugin. -->","yoast_head_json":{"title":"Zapatilla Horizon - Marron -punt\/Aluminio - Funcional - SoyMat \u2013 Seguridad Industrial","robots":{"index":"index","follow":"follow","max-snippet":"max-snippet:-1","max-image-preview":"max-image-preview:large","max-video-preview":"max-video-preview:-1"},"canonical":"https:\/\/soymat.com\/es\/producto\/zapatilla-horizon-marron-punt-aluminio-funcional\/","og_locale":"es_ES","og_type":"article","og_title":"Zapatilla Horizon - Marron -punt\/Aluminio - Funcional","og_description":"Ultralivianos Horizon &#8211; Funcional Zapato urbano ultraliviano de seguridad. Cuero ultra premium, dise\u00f1o y tecnolog\u00eda de vanguardia. Confort sin l\u00edmites y m\u00e1xima protecci\u00f3n. COLOR Marr\u00f3n EXTERIOR: Combinaci\u00f3n de Cuero Nobuck y Materiales Textiles PUNTERA Aluminio RIESGOS CUBIERTOS D &#8211; Diel\u00e9ctrico HI &#8211; Aislamiento al Calor del Suelo CI &#8211; Aislamiento al Fr\u00edo del Suelo E [&hellip;]","og_url":"https:\/\/soymat.com\/es\/producto\/zapatilla-horizon-marron-punt-aluminio-funcional\/","og_site_name":"SoyMat \u2013 Seguridad Industrial","article_modified_time":"2026-04-16T16:06:36+00:00","og_image":[{"width":1200,"height":1200,"url":"https:\/\/soymat.com\/wp-content\/uploads\/2024\/08\/zapatilla-horizon-1.jpg","type":"image\/jpeg"}],"twitter_card":"summary_large_image","twitter_misc":{"Tiempo de lectura":"1 minuto"},"schema":{"@context":"https:\/\/schema.org","@graph":[{"@type":"WebPage","@id":"https:\/\/soymat.com\/producto\/zapatilla-horizon-marron-punt-aluminio-funcional\/","url":"https:\/\/soymat.com\/producto\/zapatilla-horizon-marron-punt-aluminio-funcional\/","name":"Zapatilla Horizon - Marron -punt\/Aluminio - Funcional - SoyMat \u2013 Seguridad Industrial","isPartOf":{"@id":"https:\/\/soymat.com\/#website"},"primaryImageOfPage":{"@id":"https:\/\/soymat.com\/producto\/zapatilla-horizon-marron-punt-aluminio-funcional\/#primaryimage"},"image":{"@id":"https:\/\/soymat.com\/producto\/zapatilla-horizon-marron-punt-aluminio-funcional\/#primaryimage"},"thumbnailUrl":"https:\/\/soymat.com\/wp-content\/uploads\/2024\/08\/zapatilla-horizon-1.jpg","datePublished":"2024-08-21T16:18:40+00:00","dateModified":"2026-04-16T16:06:36+00:00","breadcrumb":{"@id":"https:\/\/soymat.com\/producto\/zapatilla-horizon-marron-punt-aluminio-funcional\/#breadcrumb"},"inLanguage":"es-AR","potentialAction":[{"@type":"ReadAction","target":["https:\/\/soymat.com\/producto\/zapatilla-horizon-marron-punt-aluminio-funcional\/"]}]},{"@type":"ImageObject","inLanguage":"es-AR","@id":"https:\/\/soymat.com\/producto\/zapatilla-horizon-marron-punt-aluminio-funcional\/#primaryimage","url":"https:\/\/soymat.com\/wp-content\/uploads\/2024\/08\/zapatilla-horizon-1.jpg","contentUrl":"https:\/\/soymat.com\/wp-content\/uploads\/2024\/08\/zapatilla-horizon-1.jpg","width":1200,"height":1200},{"@type":"BreadcrumbList","@id":"https:\/\/soymat.com\/producto\/zapatilla-horizon-marron-punt-aluminio-funcional\/#breadcrumb","itemListElement":[{"@type":"ListItem","position":1,"name":"Portada","item":"https:\/\/soymat.com\/"},{"@type":"ListItem","position":2,"name":"Todos los Productos","item":"https:\/\/soymat.com\/shop\/"},{"@type":"ListItem","position":3,"name":"Zapatilla Horizon &#8211; Marron -punt\/Aluminio &#8211; Funcional"}]},{"@type":"WebSite","@id":"https:\/\/soymat.com\/#website","url":"https:\/\/soymat.com\/","name":"So&Mat","description":"Empresa Dedicada a la protecci\u00f3n global contra incendio . matafuegos redes bombas,venta instalaci\u00f3n y service, protecci\u00f3n y confort laboral en todo concepto.","publisher":{"@id":"https:\/\/soymat.com\/#organization"},"alternateName":"So&Mat","potentialAction":[{"@type":"SearchAction","target":{"@type":"EntryPoint","urlTemplate":"https:\/\/soymat.com\/?s={search_term_string}"},"query-input":{"@type":"PropertyValueSpecification","valueRequired":true,"valueName":"search_term_string"}}],"inLanguage":"es-AR"},{"@type":"Organization","@id":"https:\/\/soymat.com\/#organization","name":"So&Mat","url":"https:\/\/soymat.com\/","logo":{"@type":"ImageObject","inLanguage":"es-AR","@id":"https:\/\/soymat.com\/#\/schema\/logo\/image\/","url":"https:\/\/soymat.com\/wp-content\/uploads\/2024\/08\/SoyMat.jpg","contentUrl":"https:\/\/soymat.com\/wp-content\/uploads\/2024\/08\/SoyMat.jpg","width":600,"height":236,"caption":"So&Mat"},"image":{"@id":"https:\/\/soymat.com\/#\/schema\/logo\/image\/"}}]}},"_links":{"self":[{"href":"https:\/\/soymat.com\/es\/wp-json\/wp\/v2\/product\/18301","targetHints":{"allow":["GET"]}}],"collection":[{"href":"https:\/\/soymat.com\/es\/wp-json\/wp\/v2\/product"}],"about":[{"href":"https:\/\/soymat.com\/es\/wp-json\/wp\/v2\/types\/product"}],"wp:featuredmedia":[{"embeddable":true,"href":"https:\/\/soymat.com\/es\/wp-json\/wp\/v2\/media\/20916"}],"wp:attachment":[{"href":"https:\/\/soymat.com\/es\/wp-json\/wp\/v2\/media?parent=18301"}],"wp:term":[{"taxonomy":"product_cat","embeddable":true,"href":"https:\/\/soymat.com\/es\/wp-json\/wp\/v2\/product_cat?post=18301"},{"taxonomy":"product_tag","embeddable":true,"href":"https:\/\/soymat.com\/es\/wp-json\/wp\/v2\/product_tag?post=18301"}],"curies":[{"name":"wp","href":"https:\/\/api.w.org\/{rel}","templated":true}]}}