{"id":18375,"date":"2024-08-21T13:19:42","date_gmt":"2024-08-21T16:19:42","guid":{"rendered":"http:\/\/34.225.25.86\/?post_type=product&#038;p=18375"},"modified":"2026-04-20T13:08:35","modified_gmt":"2026-04-20T16:08:35","slug":"zapato-ombu-ozono-plus-puntera-acero","status":"publish","type":"product","link":"https:\/\/soymat.com\/es\/producto\/zapato-ombu-ozono-plus-puntera-acero\/","title":{"rendered":"Zapato Ozono Plus Puntera Acero OMBU"},"content":{"rendered":"<p><strong>Zapato Ombu Ozono P\/acero<\/strong><\/p>\n<p><strong>\u2022Puntera de acero, con certificaci\u00f3n IRAM.<\/strong><br \/>\n<strong>\u2022Planta bidensidad m\u00e1s liviana, resistente y c\u00f3moda.<\/strong><br \/>\n<strong>\u2022Guarda reflectiva de alta visibilidad.<\/strong><\/p>\n<p><strong>Capellada exterior:<\/strong> Cuero flor seleccionado de alta calidad.<br \/>\nCapellada interior: Forro interno con tecnolog\u00eda OMBU TECH ANTIMICROBIAL (Protecci\u00f3n antimic\u00f3tica) \/ Forro de tal\u00f3n en cuero.<\/p>\n<p><strong>Planta<\/strong><br \/>\n\u2022 Inyectada en PU Bidensidad Shock Absorber<br \/>\n\u2022 Diel\u00e9ctrica<br \/>\n\u2022 Resistente a Hidrocarburos<br \/>\n\u2022 Antideslizante<br \/>\n\u2022 Autolimpiante<br \/>\n\u2022 Resistente a la Flexi\u00f3n<br \/>\n\u2022 Resistente a la Abrasi\u00f3n<br \/>\n\u2022 Estr\u00edas para Escaleras<br \/>\n\u2022 Traba de seguridad en zona de enfranque<br \/>\n\u2022 Pisada Ancha<br \/>\n\u2022 Calzado TRIDENSIDAD<\/p>","protected":false},"excerpt":{"rendered":"<p>Zapato Ombu Ozono P\/acero \u2022Puntera de acero, con certificaci\u00f3n IRAM. \u2022Planta bidensidad m\u00e1s liviana, resistente y c\u00f3moda. \u2022Guarda reflectiva de alta visibilidad. Capellada exterior: Cuero flor seleccionado de alta calidad. Capellada interior: Forro interno con tecnolog\u00eda OMBU TECH ANTIMICROBIAL (Protecci\u00f3n antimic\u00f3tica) \/ Forro de tal\u00f3n en cuero. Planta \u2022 Inyectada en PU Bidensidad Shock Absorber [&hellip;]<\/p>\n","protected":false},"featured_media":20865,"template":"","meta":[],"product_cat":[80,129],"product_tag":[98,102,322],"class_list":{"0":"post-18375","1":"product","2":"type-product","3":"status-publish","4":"has-post-thumbnail","6":"product_brand-ombu-ropa-de-grafa","7":"product_cat-calzado-de-seguridad","8":"product_cat-zapatos-de-seguridad-calzado-de-seguridad","9":"product_tag-calzado-de-seguridad","10":"product_tag-puntera-de-acero","11":"product_tag-zapato","13":"first","14":"instock","15":"taxable","16":"shipping-taxable","17":"purchasable","18":"product-type-variable","19":"add-to-wishlist-after_add_to_cart"},"yoast_head":"<!-- This site is optimized with the Yoast SEO Premium plugin v26.9 (Yoast SEO v26.9) - https:\/\/yoast.com\/product\/yoast-seo-premium-wordpress\/ -->\n<title>Zapato Ozono Plus Puntera Acero OMBU - SoyMat \u2013 Seguridad Industrial<\/title>\n<meta name=\"robots\" content=\"index, follow, max-snippet:-1, max-image-preview:large, max-video-preview:-1\" \/>\n<link rel=\"canonical\" href=\"https:\/\/soymat.com\/es\/producto\/zapato-ombu-ozono-plus-puntera-acero\/\" \/>\n<meta property=\"og:locale\" content=\"es_ES\" \/>\n<meta property=\"og:type\" content=\"article\" \/>\n<meta property=\"og:title\" content=\"Zapato Ozono Plus Puntera Acero OMBU\" \/>\n<meta property=\"og:description\" content=\"Zapato Ombu Ozono P\/acero \u2022Puntera de acero, con certificaci\u00f3n IRAM. \u2022Planta bidensidad m\u00e1s liviana, resistente y c\u00f3moda. \u2022Guarda reflectiva de alta visibilidad. Capellada exterior: Cuero flor seleccionado de alta calidad. Capellada interior: Forro interno con tecnolog\u00eda OMBU TECH ANTIMICROBIAL (Protecci\u00f3n antimic\u00f3tica) \/ Forro de tal\u00f3n en cuero. Planta \u2022 Inyectada en PU Bidensidad Shock Absorber [&hellip;]\" \/>\n<meta property=\"og:url\" content=\"https:\/\/soymat.com\/es\/producto\/zapato-ombu-ozono-plus-puntera-acero\/\" \/>\n<meta property=\"og:site_name\" content=\"SoyMat \u2013 Seguridad Industrial\" \/>\n<meta property=\"article:modified_time\" content=\"2026-04-20T16:08:35+00:00\" \/>\n<meta property=\"og:image\" content=\"https:\/\/soymat.com\/wp-content\/uploads\/2024\/08\/zapato-ozono-1.jpg\" \/>\n\t<meta property=\"og:image:width\" content=\"1200\" \/>\n\t<meta property=\"og:image:height\" content=\"1200\" \/>\n\t<meta property=\"og:image:type\" content=\"image\/jpeg\" \/>\n<meta name=\"twitter:card\" content=\"summary_large_image\" \/>\n<meta name=\"twitter:label1\" content=\"Tiempo de lectura\" \/>\n\t<meta name=\"twitter:data1\" content=\"1 minuto\" \/>\n<script type=\"application\/ld+json\" class=\"yoast-schema-graph\">{\"@context\":\"https:\/\/schema.org\",\"@graph\":[{\"@type\":\"WebPage\",\"@id\":\"https:\/\/soymat.com\/producto\/zapato-ombu-ozono-plus-puntera-acero\/\",\"url\":\"https:\/\/soymat.com\/producto\/zapato-ombu-ozono-plus-puntera-acero\/\",\"name\":\"Zapato Ozono Plus Puntera Acero OMBU - SoyMat \u2013 Seguridad Industrial\",\"isPartOf\":{\"@id\":\"https:\/\/soymat.com\/#website\"},\"primaryImageOfPage\":{\"@id\":\"https:\/\/soymat.com\/producto\/zapato-ombu-ozono-plus-puntera-acero\/#primaryimage\"},\"image\":{\"@id\":\"https:\/\/soymat.com\/producto\/zapato-ombu-ozono-plus-puntera-acero\/#primaryimage\"},\"thumbnailUrl\":\"https:\/\/soymat.com\/wp-content\/uploads\/2024\/08\/zapato-ozono-1.jpg\",\"datePublished\":\"2024-08-21T16:19:42+00:00\",\"dateModified\":\"2026-04-20T16:08:35+00:00\",\"breadcrumb\":{\"@id\":\"https:\/\/soymat.com\/producto\/zapato-ombu-ozono-plus-puntera-acero\/#breadcrumb\"},\"inLanguage\":\"es-AR\",\"potentialAction\":[{\"@type\":\"ReadAction\",\"target\":[\"https:\/\/soymat.com\/producto\/zapato-ombu-ozono-plus-puntera-acero\/\"]}]},{\"@type\":\"ImageObject\",\"inLanguage\":\"es-AR\",\"@id\":\"https:\/\/soymat.com\/producto\/zapato-ombu-ozono-plus-puntera-acero\/#primaryimage\",\"url\":\"https:\/\/soymat.com\/wp-content\/uploads\/2024\/08\/zapato-ozono-1.jpg\",\"contentUrl\":\"https:\/\/soymat.com\/wp-content\/uploads\/2024\/08\/zapato-ozono-1.jpg\",\"width\":1200,\"height\":1200},{\"@type\":\"BreadcrumbList\",\"@id\":\"https:\/\/soymat.com\/producto\/zapato-ombu-ozono-plus-puntera-acero\/#breadcrumb\",\"itemListElement\":[{\"@type\":\"ListItem\",\"position\":1,\"name\":\"Portada\",\"item\":\"https:\/\/soymat.com\/\"},{\"@type\":\"ListItem\",\"position\":2,\"name\":\"Todos los Productos\",\"item\":\"https:\/\/soymat.com\/shop\/\"},{\"@type\":\"ListItem\",\"position\":3,\"name\":\"Zapato Ozono Plus Puntera Acero OMBU\"}]},{\"@type\":\"WebSite\",\"@id\":\"https:\/\/soymat.com\/#website\",\"url\":\"https:\/\/soymat.com\/\",\"name\":\"So&Mat\",\"description\":\"Empresa Dedicada a la protecci\u00f3n global contra incendio . matafuegos redes bombas,venta instalaci\u00f3n y service, protecci\u00f3n y confort laboral en todo concepto.\",\"publisher\":{\"@id\":\"https:\/\/soymat.com\/#organization\"},\"alternateName\":\"So&Mat\",\"potentialAction\":[{\"@type\":\"SearchAction\",\"target\":{\"@type\":\"EntryPoint\",\"urlTemplate\":\"https:\/\/soymat.com\/?s={search_term_string}\"},\"query-input\":{\"@type\":\"PropertyValueSpecification\",\"valueRequired\":true,\"valueName\":\"search_term_string\"}}],\"inLanguage\":\"es-AR\"},{\"@type\":\"Organization\",\"@id\":\"https:\/\/soymat.com\/#organization\",\"name\":\"So&Mat\",\"url\":\"https:\/\/soymat.com\/\",\"logo\":{\"@type\":\"ImageObject\",\"inLanguage\":\"es-AR\",\"@id\":\"https:\/\/soymat.com\/#\/schema\/logo\/image\/\",\"url\":\"https:\/\/soymat.com\/wp-content\/uploads\/2024\/08\/SoyMat.jpg\",\"contentUrl\":\"https:\/\/soymat.com\/wp-content\/uploads\/2024\/08\/SoyMat.jpg\",\"width\":600,\"height\":236,\"caption\":\"So&Mat\"},\"image\":{\"@id\":\"https:\/\/soymat.com\/#\/schema\/logo\/image\/\"}}]}<\/script>\n<!-- \/ Yoast SEO Premium plugin. -->","yoast_head_json":{"title":"Zapato Ozono Plus Puntera Acero OMBU - SoyMat \u2013 Seguridad Industrial","robots":{"index":"index","follow":"follow","max-snippet":"max-snippet:-1","max-image-preview":"max-image-preview:large","max-video-preview":"max-video-preview:-1"},"canonical":"https:\/\/soymat.com\/es\/producto\/zapato-ombu-ozono-plus-puntera-acero\/","og_locale":"es_ES","og_type":"article","og_title":"Zapato Ozono Plus Puntera Acero OMBU","og_description":"Zapato Ombu Ozono P\/acero \u2022Puntera de acero, con certificaci\u00f3n IRAM. \u2022Planta bidensidad m\u00e1s liviana, resistente y c\u00f3moda. \u2022Guarda reflectiva de alta visibilidad. Capellada exterior: Cuero flor seleccionado de alta calidad. Capellada interior: Forro interno con tecnolog\u00eda OMBU TECH ANTIMICROBIAL (Protecci\u00f3n antimic\u00f3tica) \/ Forro de tal\u00f3n en cuero. Planta \u2022 Inyectada en PU Bidensidad Shock Absorber [&hellip;]","og_url":"https:\/\/soymat.com\/es\/producto\/zapato-ombu-ozono-plus-puntera-acero\/","og_site_name":"SoyMat \u2013 Seguridad Industrial","article_modified_time":"2026-04-20T16:08:35+00:00","og_image":[{"width":1200,"height":1200,"url":"https:\/\/soymat.com\/wp-content\/uploads\/2024\/08\/zapato-ozono-1.jpg","type":"image\/jpeg"}],"twitter_card":"summary_large_image","twitter_misc":{"Tiempo de lectura":"1 minuto"},"schema":{"@context":"https:\/\/schema.org","@graph":[{"@type":"WebPage","@id":"https:\/\/soymat.com\/producto\/zapato-ombu-ozono-plus-puntera-acero\/","url":"https:\/\/soymat.com\/producto\/zapato-ombu-ozono-plus-puntera-acero\/","name":"Zapato Ozono Plus Puntera Acero OMBU - SoyMat \u2013 Seguridad Industrial","isPartOf":{"@id":"https:\/\/soymat.com\/#website"},"primaryImageOfPage":{"@id":"https:\/\/soymat.com\/producto\/zapato-ombu-ozono-plus-puntera-acero\/#primaryimage"},"image":{"@id":"https:\/\/soymat.com\/producto\/zapato-ombu-ozono-plus-puntera-acero\/#primaryimage"},"thumbnailUrl":"https:\/\/soymat.com\/wp-content\/uploads\/2024\/08\/zapato-ozono-1.jpg","datePublished":"2024-08-21T16:19:42+00:00","dateModified":"2026-04-20T16:08:35+00:00","breadcrumb":{"@id":"https:\/\/soymat.com\/producto\/zapato-ombu-ozono-plus-puntera-acero\/#breadcrumb"},"inLanguage":"es-AR","potentialAction":[{"@type":"ReadAction","target":["https:\/\/soymat.com\/producto\/zapato-ombu-ozono-plus-puntera-acero\/"]}]},{"@type":"ImageObject","inLanguage":"es-AR","@id":"https:\/\/soymat.com\/producto\/zapato-ombu-ozono-plus-puntera-acero\/#primaryimage","url":"https:\/\/soymat.com\/wp-content\/uploads\/2024\/08\/zapato-ozono-1.jpg","contentUrl":"https:\/\/soymat.com\/wp-content\/uploads\/2024\/08\/zapato-ozono-1.jpg","width":1200,"height":1200},{"@type":"BreadcrumbList","@id":"https:\/\/soymat.com\/producto\/zapato-ombu-ozono-plus-puntera-acero\/#breadcrumb","itemListElement":[{"@type":"ListItem","position":1,"name":"Portada","item":"https:\/\/soymat.com\/"},{"@type":"ListItem","position":2,"name":"Todos los Productos","item":"https:\/\/soymat.com\/shop\/"},{"@type":"ListItem","position":3,"name":"Zapato Ozono Plus Puntera Acero OMBU"}]},{"@type":"WebSite","@id":"https:\/\/soymat.com\/#website","url":"https:\/\/soymat.com\/","name":"So&Mat","description":"Empresa Dedicada a la protecci\u00f3n global contra incendio . matafuegos redes bombas,venta instalaci\u00f3n y service, protecci\u00f3n y confort laboral en todo concepto.","publisher":{"@id":"https:\/\/soymat.com\/#organization"},"alternateName":"So&Mat","potentialAction":[{"@type":"SearchAction","target":{"@type":"EntryPoint","urlTemplate":"https:\/\/soymat.com\/?s={search_term_string}"},"query-input":{"@type":"PropertyValueSpecification","valueRequired":true,"valueName":"search_term_string"}}],"inLanguage":"es-AR"},{"@type":"Organization","@id":"https:\/\/soymat.com\/#organization","name":"So&Mat","url":"https:\/\/soymat.com\/","logo":{"@type":"ImageObject","inLanguage":"es-AR","@id":"https:\/\/soymat.com\/#\/schema\/logo\/image\/","url":"https:\/\/soymat.com\/wp-content\/uploads\/2024\/08\/SoyMat.jpg","contentUrl":"https:\/\/soymat.com\/wp-content\/uploads\/2024\/08\/SoyMat.jpg","width":600,"height":236,"caption":"So&Mat"},"image":{"@id":"https:\/\/soymat.com\/#\/schema\/logo\/image\/"}}]}},"_links":{"self":[{"href":"https:\/\/soymat.com\/es\/wp-json\/wp\/v2\/product\/18375","targetHints":{"allow":["GET"]}}],"collection":[{"href":"https:\/\/soymat.com\/es\/wp-json\/wp\/v2\/product"}],"about":[{"href":"https:\/\/soymat.com\/es\/wp-json\/wp\/v2\/types\/product"}],"wp:featuredmedia":[{"embeddable":true,"href":"https:\/\/soymat.com\/es\/wp-json\/wp\/v2\/media\/20865"}],"wp:attachment":[{"href":"https:\/\/soymat.com\/es\/wp-json\/wp\/v2\/media?parent=18375"}],"wp:term":[{"taxonomy":"product_cat","embeddable":true,"href":"https:\/\/soymat.com\/es\/wp-json\/wp\/v2\/product_cat?post=18375"},{"taxonomy":"product_tag","embeddable":true,"href":"https:\/\/soymat.com\/es\/wp-json\/wp\/v2\/product_tag?post=18375"}],"curies":[{"name":"wp","href":"https:\/\/api.w.org\/{rel}","templated":true}]}}