{"id":18686,"date":"2024-08-21T13:24:09","date_gmt":"2024-08-21T16:24:09","guid":{"rendered":"http:\/\/34.225.25.86\/?post_type=product&#038;p=18686"},"modified":"2026-04-20T19:07:19","modified_gmt":"2026-04-20T22:07:19","slug":"matafuego-1kg-4-balon-polvo-q-s-abc-con-sello-iram-yukon","status":"publish","type":"product","link":"https:\/\/soymat.com\/es\/producto\/matafuego-1kg-4-balon-polvo-q-s-abc-con-sello-iram-yukon\/","title":{"rendered":"Matafuego ABC 1kg. 4\u2033 (balon) P.Q.S. \u2013Con sello Iram\u2013 YUKON"},"content":{"rendered":"<p><strong>Matafuego x 1Kg. Extintor ABC. Con Sello Iram. &#8211; YUKON<\/strong><\/p>\n<p><strong>EXTINTOR<\/strong>:<br \/>\nExcelente potencial extintor en un equipo liviano de f\u00e1cil manejo.<br \/>\nRecipiente de chapa de acero.<br \/>\nPintura en polvo poli\u00e9ster-epoxi de alta resistencia a la intemperie.<br \/>\nV\u00e1lvula de lat\u00f3n forjado, con man\u00f3metro de control de carga incorporado, palancas de sost\u00e9n y accionamiento de acero.<br \/>\nManguera de caucho sint\u00e9tico y tobera pl\u00e1stica.<\/p>\n<p><strong>AGENTE EXTINTOR:<\/strong><br \/>\nPolvo qu\u00edmico seco ABC 60 y ABC 90. Apto para fuegos clase ABC<br \/>\nSello IRAM \u2013 Aprobaci\u00f3n DPS.<\/p>\n<p>Peso cargado (kg) 2 Kg.<\/p>\n<p><strong>Aplicaciones<\/strong> (1kg): Veh\u00edculos livianos, autoelevadores, embarcaciones.<\/p>\n<p><strong>No Apto<\/strong>: Veh\u00edculos pesados, bares, restaurantes, escuelas, hospitales, industrias, comercios, locales de reuniones, cines, oficinas y viviendas.<\/p>","protected":false},"excerpt":{"rendered":"<p>Matafuego x 1Kg. Extintor ABC. Con Sello Iram. &#8211; YUKON EXTINTOR: Excelente potencial extintor en un equipo liviano de f\u00e1cil manejo. Recipiente de chapa de acero. Pintura en polvo poli\u00e9ster-epoxi de alta resistencia a la intemperie. V\u00e1lvula de lat\u00f3n forjado, con man\u00f3metro de control de carga incorporado, palancas de sost\u00e9n y accionamiento de acero. Manguera [&hellip;]<\/p>\n","protected":false},"featured_media":16191,"template":"","meta":[],"product_cat":[82],"product_tag":[],"class_list":{"0":"post-18686","1":"product","2":"type-product","3":"status-publish","4":"has-post-thumbnail","6":"product_brand-yukon-matafuegos-extintores-manuales-y-rodantes","7":"product_cat-matafuegos-extintores-equipos-manuales-contra-incendios","9":"first","10":"instock","11":"taxable","12":"shipping-taxable","13":"purchasable","14":"product-type-simple","15":"add-to-wishlist-after_add_to_cart"},"yoast_head":"<!-- This site is optimized with the Yoast SEO Premium plugin v26.9 (Yoast SEO v26.9) - https:\/\/yoast.com\/product\/yoast-seo-premium-wordpress\/ -->\n<title>Matafuego ABC 1kg. 4\u2033 (balon) P.Q.S. \u2013Con sello Iram\u2013 YUKON - SoyMat \u2013 Seguridad Industrial<\/title>\n<meta name=\"robots\" content=\"index, follow, max-snippet:-1, max-image-preview:large, max-video-preview:-1\" \/>\n<link rel=\"canonical\" href=\"https:\/\/soymat.com\/es\/producto\/matafuego-1kg-4-balon-polvo-q-s-abc-con-sello-iram-yukon\/\" \/>\n<meta property=\"og:locale\" content=\"es_ES\" \/>\n<meta property=\"og:type\" content=\"article\" \/>\n<meta property=\"og:title\" content=\"Matafuego ABC 1kg. 4\u2033 (balon) P.Q.S. \u2013Con sello Iram\u2013 YUKON\" \/>\n<meta property=\"og:description\" content=\"Matafuego x 1Kg. Extintor ABC. Con Sello Iram. &#8211; YUKON EXTINTOR: Excelente potencial extintor en un equipo liviano de f\u00e1cil manejo. Recipiente de chapa de acero. Pintura en polvo poli\u00e9ster-epoxi de alta resistencia a la intemperie. V\u00e1lvula de lat\u00f3n forjado, con man\u00f3metro de control de carga incorporado, palancas de sost\u00e9n y accionamiento de acero. Manguera [&hellip;]\" \/>\n<meta property=\"og:url\" content=\"https:\/\/soymat.com\/es\/producto\/matafuego-1kg-4-balon-polvo-q-s-abc-con-sello-iram-yukon\/\" \/>\n<meta property=\"og:site_name\" content=\"SoyMat \u2013 Seguridad Industrial\" \/>\n<meta property=\"article:modified_time\" content=\"2026-04-20T22:07:19+00:00\" \/>\n<meta property=\"og:image\" content=\"https:\/\/soymat.com\/wp-content\/uploads\/2024\/08\/matafuego-yukon-balon-1kg-web.jpg\" \/>\n\t<meta property=\"og:image:width\" content=\"1000\" \/>\n\t<meta property=\"og:image:height\" content=\"1000\" \/>\n\t<meta property=\"og:image:type\" content=\"image\/jpeg\" \/>\n<meta name=\"twitter:card\" content=\"summary_large_image\" \/>\n<meta name=\"twitter:label1\" content=\"Tiempo de lectura\" \/>\n\t<meta name=\"twitter:data1\" content=\"1 minuto\" \/>\n<script type=\"application\/ld+json\" class=\"yoast-schema-graph\">{\"@context\":\"https:\/\/schema.org\",\"@graph\":[{\"@type\":\"WebPage\",\"@id\":\"https:\/\/soymat.com\/producto\/matafuego-1kg-4-balon-polvo-q-s-abc-con-sello-iram-yukon\/\",\"url\":\"https:\/\/soymat.com\/producto\/matafuego-1kg-4-balon-polvo-q-s-abc-con-sello-iram-yukon\/\",\"name\":\"Matafuego ABC 1kg. 4\u2033 (balon) P.Q.S. \u2013Con sello Iram\u2013 YUKON - SoyMat \u2013 Seguridad Industrial\",\"isPartOf\":{\"@id\":\"https:\/\/soymat.com\/#website\"},\"primaryImageOfPage\":{\"@id\":\"https:\/\/soymat.com\/producto\/matafuego-1kg-4-balon-polvo-q-s-abc-con-sello-iram-yukon\/#primaryimage\"},\"image\":{\"@id\":\"https:\/\/soymat.com\/producto\/matafuego-1kg-4-balon-polvo-q-s-abc-con-sello-iram-yukon\/#primaryimage\"},\"thumbnailUrl\":\"https:\/\/soymat.com\/wp-content\/uploads\/2024\/08\/matafuego-yukon-balon-1kg-web.jpg\",\"datePublished\":\"2024-08-21T16:24:09+00:00\",\"dateModified\":\"2026-04-20T22:07:19+00:00\",\"breadcrumb\":{\"@id\":\"https:\/\/soymat.com\/producto\/matafuego-1kg-4-balon-polvo-q-s-abc-con-sello-iram-yukon\/#breadcrumb\"},\"inLanguage\":\"es-AR\",\"potentialAction\":[{\"@type\":\"ReadAction\",\"target\":[\"https:\/\/soymat.com\/producto\/matafuego-1kg-4-balon-polvo-q-s-abc-con-sello-iram-yukon\/\"]}]},{\"@type\":\"ImageObject\",\"inLanguage\":\"es-AR\",\"@id\":\"https:\/\/soymat.com\/producto\/matafuego-1kg-4-balon-polvo-q-s-abc-con-sello-iram-yukon\/#primaryimage\",\"url\":\"https:\/\/soymat.com\/wp-content\/uploads\/2024\/08\/matafuego-yukon-balon-1kg-web.jpg\",\"contentUrl\":\"https:\/\/soymat.com\/wp-content\/uploads\/2024\/08\/matafuego-yukon-balon-1kg-web.jpg\",\"width\":1000,\"height\":1000},{\"@type\":\"BreadcrumbList\",\"@id\":\"https:\/\/soymat.com\/producto\/matafuego-1kg-4-balon-polvo-q-s-abc-con-sello-iram-yukon\/#breadcrumb\",\"itemListElement\":[{\"@type\":\"ListItem\",\"position\":1,\"name\":\"Portada\",\"item\":\"https:\/\/soymat.com\/\"},{\"@type\":\"ListItem\",\"position\":2,\"name\":\"Todos los Productos\",\"item\":\"https:\/\/soymat.com\/shop\/\"},{\"@type\":\"ListItem\",\"position\":3,\"name\":\"Matafuego ABC 1kg. 4\u2033 (balon) P.Q.S. \u2013Con sello Iram\u2013 YUKON\"}]},{\"@type\":\"WebSite\",\"@id\":\"https:\/\/soymat.com\/#website\",\"url\":\"https:\/\/soymat.com\/\",\"name\":\"So&Mat\",\"description\":\"Empresa Dedicada a la protecci\u00f3n global contra incendio . matafuegos redes bombas,venta instalaci\u00f3n y service, protecci\u00f3n y confort laboral en todo concepto.\",\"publisher\":{\"@id\":\"https:\/\/soymat.com\/#organization\"},\"alternateName\":\"So&Mat\",\"potentialAction\":[{\"@type\":\"SearchAction\",\"target\":{\"@type\":\"EntryPoint\",\"urlTemplate\":\"https:\/\/soymat.com\/?s={search_term_string}\"},\"query-input\":{\"@type\":\"PropertyValueSpecification\",\"valueRequired\":true,\"valueName\":\"search_term_string\"}}],\"inLanguage\":\"es-AR\"},{\"@type\":\"Organization\",\"@id\":\"https:\/\/soymat.com\/#organization\",\"name\":\"So&Mat\",\"url\":\"https:\/\/soymat.com\/\",\"logo\":{\"@type\":\"ImageObject\",\"inLanguage\":\"es-AR\",\"@id\":\"https:\/\/soymat.com\/#\/schema\/logo\/image\/\",\"url\":\"https:\/\/soymat.com\/wp-content\/uploads\/2024\/08\/SoyMat.jpg\",\"contentUrl\":\"https:\/\/soymat.com\/wp-content\/uploads\/2024\/08\/SoyMat.jpg\",\"width\":600,\"height\":236,\"caption\":\"So&Mat\"},\"image\":{\"@id\":\"https:\/\/soymat.com\/#\/schema\/logo\/image\/\"}}]}<\/script>\n<!-- \/ Yoast SEO Premium plugin. -->","yoast_head_json":{"title":"Matafuego ABC 1kg. 4\u2033 (balon) P.Q.S. \u2013Con sello Iram\u2013 YUKON - SoyMat \u2013 Seguridad Industrial","robots":{"index":"index","follow":"follow","max-snippet":"max-snippet:-1","max-image-preview":"max-image-preview:large","max-video-preview":"max-video-preview:-1"},"canonical":"https:\/\/soymat.com\/es\/producto\/matafuego-1kg-4-balon-polvo-q-s-abc-con-sello-iram-yukon\/","og_locale":"es_ES","og_type":"article","og_title":"Matafuego ABC 1kg. 4\u2033 (balon) P.Q.S. \u2013Con sello Iram\u2013 YUKON","og_description":"Matafuego x 1Kg. Extintor ABC. Con Sello Iram. &#8211; YUKON EXTINTOR: Excelente potencial extintor en un equipo liviano de f\u00e1cil manejo. Recipiente de chapa de acero. Pintura en polvo poli\u00e9ster-epoxi de alta resistencia a la intemperie. V\u00e1lvula de lat\u00f3n forjado, con man\u00f3metro de control de carga incorporado, palancas de sost\u00e9n y accionamiento de acero. Manguera [&hellip;]","og_url":"https:\/\/soymat.com\/es\/producto\/matafuego-1kg-4-balon-polvo-q-s-abc-con-sello-iram-yukon\/","og_site_name":"SoyMat \u2013 Seguridad Industrial","article_modified_time":"2026-04-20T22:07:19+00:00","og_image":[{"width":1000,"height":1000,"url":"https:\/\/soymat.com\/wp-content\/uploads\/2024\/08\/matafuego-yukon-balon-1kg-web.jpg","type":"image\/jpeg"}],"twitter_card":"summary_large_image","twitter_misc":{"Tiempo de lectura":"1 minuto"},"schema":{"@context":"https:\/\/schema.org","@graph":[{"@type":"WebPage","@id":"https:\/\/soymat.com\/producto\/matafuego-1kg-4-balon-polvo-q-s-abc-con-sello-iram-yukon\/","url":"https:\/\/soymat.com\/producto\/matafuego-1kg-4-balon-polvo-q-s-abc-con-sello-iram-yukon\/","name":"Matafuego ABC 1kg. 4\u2033 (balon) P.Q.S. \u2013Con sello Iram\u2013 YUKON - SoyMat \u2013 Seguridad Industrial","isPartOf":{"@id":"https:\/\/soymat.com\/#website"},"primaryImageOfPage":{"@id":"https:\/\/soymat.com\/producto\/matafuego-1kg-4-balon-polvo-q-s-abc-con-sello-iram-yukon\/#primaryimage"},"image":{"@id":"https:\/\/soymat.com\/producto\/matafuego-1kg-4-balon-polvo-q-s-abc-con-sello-iram-yukon\/#primaryimage"},"thumbnailUrl":"https:\/\/soymat.com\/wp-content\/uploads\/2024\/08\/matafuego-yukon-balon-1kg-web.jpg","datePublished":"2024-08-21T16:24:09+00:00","dateModified":"2026-04-20T22:07:19+00:00","breadcrumb":{"@id":"https:\/\/soymat.com\/producto\/matafuego-1kg-4-balon-polvo-q-s-abc-con-sello-iram-yukon\/#breadcrumb"},"inLanguage":"es-AR","potentialAction":[{"@type":"ReadAction","target":["https:\/\/soymat.com\/producto\/matafuego-1kg-4-balon-polvo-q-s-abc-con-sello-iram-yukon\/"]}]},{"@type":"ImageObject","inLanguage":"es-AR","@id":"https:\/\/soymat.com\/producto\/matafuego-1kg-4-balon-polvo-q-s-abc-con-sello-iram-yukon\/#primaryimage","url":"https:\/\/soymat.com\/wp-content\/uploads\/2024\/08\/matafuego-yukon-balon-1kg-web.jpg","contentUrl":"https:\/\/soymat.com\/wp-content\/uploads\/2024\/08\/matafuego-yukon-balon-1kg-web.jpg","width":1000,"height":1000},{"@type":"BreadcrumbList","@id":"https:\/\/soymat.com\/producto\/matafuego-1kg-4-balon-polvo-q-s-abc-con-sello-iram-yukon\/#breadcrumb","itemListElement":[{"@type":"ListItem","position":1,"name":"Portada","item":"https:\/\/soymat.com\/"},{"@type":"ListItem","position":2,"name":"Todos los Productos","item":"https:\/\/soymat.com\/shop\/"},{"@type":"ListItem","position":3,"name":"Matafuego ABC 1kg. 4\u2033 (balon) P.Q.S. \u2013Con sello Iram\u2013 YUKON"}]},{"@type":"WebSite","@id":"https:\/\/soymat.com\/#website","url":"https:\/\/soymat.com\/","name":"So&Mat","description":"Empresa Dedicada a la protecci\u00f3n global contra incendio . matafuegos redes bombas,venta instalaci\u00f3n y service, protecci\u00f3n y confort laboral en todo concepto.","publisher":{"@id":"https:\/\/soymat.com\/#organization"},"alternateName":"So&Mat","potentialAction":[{"@type":"SearchAction","target":{"@type":"EntryPoint","urlTemplate":"https:\/\/soymat.com\/?s={search_term_string}"},"query-input":{"@type":"PropertyValueSpecification","valueRequired":true,"valueName":"search_term_string"}}],"inLanguage":"es-AR"},{"@type":"Organization","@id":"https:\/\/soymat.com\/#organization","name":"So&Mat","url":"https:\/\/soymat.com\/","logo":{"@type":"ImageObject","inLanguage":"es-AR","@id":"https:\/\/soymat.com\/#\/schema\/logo\/image\/","url":"https:\/\/soymat.com\/wp-content\/uploads\/2024\/08\/SoyMat.jpg","contentUrl":"https:\/\/soymat.com\/wp-content\/uploads\/2024\/08\/SoyMat.jpg","width":600,"height":236,"caption":"So&Mat"},"image":{"@id":"https:\/\/soymat.com\/#\/schema\/logo\/image\/"}}]}},"_links":{"self":[{"href":"https:\/\/soymat.com\/es\/wp-json\/wp\/v2\/product\/18686","targetHints":{"allow":["GET"]}}],"collection":[{"href":"https:\/\/soymat.com\/es\/wp-json\/wp\/v2\/product"}],"about":[{"href":"https:\/\/soymat.com\/es\/wp-json\/wp\/v2\/types\/product"}],"wp:featuredmedia":[{"embeddable":true,"href":"https:\/\/soymat.com\/es\/wp-json\/wp\/v2\/media\/16191"}],"wp:attachment":[{"href":"https:\/\/soymat.com\/es\/wp-json\/wp\/v2\/media?parent=18686"}],"wp:term":[{"taxonomy":"product_cat","embeddable":true,"href":"https:\/\/soymat.com\/es\/wp-json\/wp\/v2\/product_cat?post=18686"},{"taxonomy":"product_tag","embeddable":true,"href":"https:\/\/soymat.com\/es\/wp-json\/wp\/v2\/product_tag?post=18686"}],"curies":[{"name":"wp","href":"https:\/\/api.w.org\/{rel}","templated":true}]}}