{"id":18704,"date":"2024-08-21T13:24:34","date_gmt":"2024-08-21T16:24:34","guid":{"rendered":"http:\/\/34.225.25.86\/?post_type=product&#038;p=18704"},"modified":"2026-02-10T10:12:53","modified_gmt":"2026-02-10T13:12:53","slug":"careta-p-soldar-fravida","status":"publish","type":"product","link":"https:\/\/soymat.com\/es\/producto\/careta-p-soldar-fravida\/","title":{"rendered":"Careta P\/Soldar Fravida"},"content":{"rendered":"<p><strong>Careta para soldar pl\u00e1stica con VISOR MOVIL y Arn\u00e9s a cremallera.<\/strong><\/p>\n<p>Descripci\u00f3n:<\/p>\n<p>Careta termopl\u00e1stica y VISOR MOVIL Resistente a las escorias incandescentes liviana y econ\u00f3mica. Con filtros oculares recambiables de tono DIN 7 a 14.<br \/>\nSu dise\u00f1o permite el uso de Gafas y protecci\u00f3n respiratoria. Como tal protecci\u00f3n recomendamos utilizar semim\u00e1scara Comfos II con filtros para particulados (Art.5330 + Art.5300\/24).<\/p>\n<p>Usos recomendados: Tareas de soldadura en general de media y baja intensidad.<\/p>\n<p>Cabezal: Con regulaci\u00f3n m\u00faltiple que permite adaptar la profundidad y el di\u00e1metro del arn\u00e9s (sistema Fast Zipper).<\/p>\n<p>Producto certificado por IRAM bajo norma EN 175.<\/p>","protected":false},"excerpt":{"rendered":"<p>Careta para soldar pl\u00e1stica con VISOR MOVIL y Arn\u00e9s a cremallera. Descripci\u00f3n: Careta termopl\u00e1stica y VISOR MOVIL Resistente a las escorias incandescentes liviana y econ\u00f3mica. Con filtros oculares recambiables de tono DIN 7 a 14. Su dise\u00f1o permite el uso de Gafas y protecci\u00f3n respiratoria. Como tal protecci\u00f3n recomendamos utilizar semim\u00e1scara Comfos II con filtros [&hellip;]<\/p>\n","protected":false},"featured_media":20310,"template":"","meta":[],"product_cat":[84,135],"product_tag":[],"class_list":{"0":"post-18704","1":"product","2":"type-product","3":"status-publish","4":"has-post-thumbnail","6":"product_brand-fravida-elementos-de-seguridad-personal-para-trabajadores","7":"product_cat-proteccion-personal","8":"product_cat-visual","10":"first","11":"instock","12":"taxable","13":"shipping-taxable","14":"purchasable","15":"product-type-simple","16":"add-to-wishlist-after_add_to_cart"},"yoast_head":"<!-- This site is optimized with the Yoast SEO Premium plugin v26.9 (Yoast SEO v26.9) - https:\/\/yoast.com\/product\/yoast-seo-premium-wordpress\/ -->\n<title>Careta P\/Soldar Fravida - SoyMat \u2013 Seguridad Industrial<\/title>\n<meta name=\"robots\" content=\"index, follow, max-snippet:-1, max-image-preview:large, max-video-preview:-1\" \/>\n<link rel=\"canonical\" href=\"https:\/\/soymat.com\/es\/producto\/careta-p-soldar-fravida\/\" \/>\n<meta property=\"og:locale\" content=\"es_ES\" \/>\n<meta property=\"og:type\" content=\"article\" \/>\n<meta property=\"og:title\" content=\"Careta P\/Soldar Fravida\" \/>\n<meta property=\"og:description\" content=\"Careta para soldar pl\u00e1stica con VISOR MOVIL y Arn\u00e9s a cremallera. Descripci\u00f3n: Careta termopl\u00e1stica y VISOR MOVIL Resistente a las escorias incandescentes liviana y econ\u00f3mica. Con filtros oculares recambiables de tono DIN 7 a 14. Su dise\u00f1o permite el uso de Gafas y protecci\u00f3n respiratoria. Como tal protecci\u00f3n recomendamos utilizar semim\u00e1scara Comfos II con filtros [&hellip;]\" \/>\n<meta property=\"og:url\" content=\"https:\/\/soymat.com\/es\/producto\/careta-p-soldar-fravida\/\" \/>\n<meta property=\"og:site_name\" content=\"SoyMat \u2013 Seguridad Industrial\" \/>\n<meta property=\"article:modified_time\" content=\"2026-02-10T13:12:53+00:00\" \/>\n<meta property=\"og:image\" content=\"https:\/\/soymat.com\/wp-content\/uploads\/2024\/08\/careta-fravida-2550.jpg\" \/>\n\t<meta property=\"og:image:width\" content=\"800\" \/>\n\t<meta property=\"og:image:height\" content=\"800\" \/>\n\t<meta property=\"og:image:type\" content=\"image\/jpeg\" \/>\n<meta name=\"twitter:card\" content=\"summary_large_image\" \/>\n<meta name=\"twitter:label1\" content=\"Tiempo de lectura\" \/>\n\t<meta name=\"twitter:data1\" content=\"1 minuto\" \/>\n<script type=\"application\/ld+json\" class=\"yoast-schema-graph\">{\"@context\":\"https:\/\/schema.org\",\"@graph\":[{\"@type\":\"WebPage\",\"@id\":\"https:\/\/soymat.com\/producto\/careta-p-soldar-fravida\/\",\"url\":\"https:\/\/soymat.com\/producto\/careta-p-soldar-fravida\/\",\"name\":\"Careta P\/Soldar Fravida - SoyMat \u2013 Seguridad Industrial\",\"isPartOf\":{\"@id\":\"https:\/\/soymat.com\/#website\"},\"primaryImageOfPage\":{\"@id\":\"https:\/\/soymat.com\/producto\/careta-p-soldar-fravida\/#primaryimage\"},\"image\":{\"@id\":\"https:\/\/soymat.com\/producto\/careta-p-soldar-fravida\/#primaryimage\"},\"thumbnailUrl\":\"https:\/\/soymat.com\/wp-content\/uploads\/2024\/08\/careta-fravida-2550.jpg\",\"datePublished\":\"2024-08-21T16:24:34+00:00\",\"dateModified\":\"2026-02-10T13:12:53+00:00\",\"breadcrumb\":{\"@id\":\"https:\/\/soymat.com\/producto\/careta-p-soldar-fravida\/#breadcrumb\"},\"inLanguage\":\"es-AR\",\"potentialAction\":[{\"@type\":\"ReadAction\",\"target\":[\"https:\/\/soymat.com\/producto\/careta-p-soldar-fravida\/\"]}]},{\"@type\":\"ImageObject\",\"inLanguage\":\"es-AR\",\"@id\":\"https:\/\/soymat.com\/producto\/careta-p-soldar-fravida\/#primaryimage\",\"url\":\"https:\/\/soymat.com\/wp-content\/uploads\/2024\/08\/careta-fravida-2550.jpg\",\"contentUrl\":\"https:\/\/soymat.com\/wp-content\/uploads\/2024\/08\/careta-fravida-2550.jpg\",\"width\":800,\"height\":800},{\"@type\":\"BreadcrumbList\",\"@id\":\"https:\/\/soymat.com\/producto\/careta-p-soldar-fravida\/#breadcrumb\",\"itemListElement\":[{\"@type\":\"ListItem\",\"position\":1,\"name\":\"Portada\",\"item\":\"https:\/\/soymat.com\/\"},{\"@type\":\"ListItem\",\"position\":2,\"name\":\"Todos los Productos\",\"item\":\"https:\/\/soymat.com\/shop\/\"},{\"@type\":\"ListItem\",\"position\":3,\"name\":\"Careta P\/Soldar Fravida\"}]},{\"@type\":\"WebSite\",\"@id\":\"https:\/\/soymat.com\/#website\",\"url\":\"https:\/\/soymat.com\/\",\"name\":\"So&Mat\",\"description\":\"Empresa Dedicada a la protecci\u00f3n global contra incendio . matafuegos redes bombas,venta instalaci\u00f3n y service, protecci\u00f3n y confort laboral en todo concepto.\",\"publisher\":{\"@id\":\"https:\/\/soymat.com\/#organization\"},\"alternateName\":\"So&Mat\",\"potentialAction\":[{\"@type\":\"SearchAction\",\"target\":{\"@type\":\"EntryPoint\",\"urlTemplate\":\"https:\/\/soymat.com\/?s={search_term_string}\"},\"query-input\":{\"@type\":\"PropertyValueSpecification\",\"valueRequired\":true,\"valueName\":\"search_term_string\"}}],\"inLanguage\":\"es-AR\"},{\"@type\":\"Organization\",\"@id\":\"https:\/\/soymat.com\/#organization\",\"name\":\"So&Mat\",\"url\":\"https:\/\/soymat.com\/\",\"logo\":{\"@type\":\"ImageObject\",\"inLanguage\":\"es-AR\",\"@id\":\"https:\/\/soymat.com\/#\/schema\/logo\/image\/\",\"url\":\"https:\/\/soymat.com\/wp-content\/uploads\/2024\/08\/SoyMat.jpg\",\"contentUrl\":\"https:\/\/soymat.com\/wp-content\/uploads\/2024\/08\/SoyMat.jpg\",\"width\":600,\"height\":236,\"caption\":\"So&Mat\"},\"image\":{\"@id\":\"https:\/\/soymat.com\/#\/schema\/logo\/image\/\"}}]}<\/script>\n<!-- \/ Yoast SEO Premium plugin. -->","yoast_head_json":{"title":"Careta P\/Soldar Fravida - SoyMat \u2013 Seguridad Industrial","robots":{"index":"index","follow":"follow","max-snippet":"max-snippet:-1","max-image-preview":"max-image-preview:large","max-video-preview":"max-video-preview:-1"},"canonical":"https:\/\/soymat.com\/es\/producto\/careta-p-soldar-fravida\/","og_locale":"es_ES","og_type":"article","og_title":"Careta P\/Soldar Fravida","og_description":"Careta para soldar pl\u00e1stica con VISOR MOVIL y Arn\u00e9s a cremallera. Descripci\u00f3n: Careta termopl\u00e1stica y VISOR MOVIL Resistente a las escorias incandescentes liviana y econ\u00f3mica. Con filtros oculares recambiables de tono DIN 7 a 14. Su dise\u00f1o permite el uso de Gafas y protecci\u00f3n respiratoria. Como tal protecci\u00f3n recomendamos utilizar semim\u00e1scara Comfos II con filtros [&hellip;]","og_url":"https:\/\/soymat.com\/es\/producto\/careta-p-soldar-fravida\/","og_site_name":"SoyMat \u2013 Seguridad Industrial","article_modified_time":"2026-02-10T13:12:53+00:00","og_image":[{"width":800,"height":800,"url":"https:\/\/soymat.com\/wp-content\/uploads\/2024\/08\/careta-fravida-2550.jpg","type":"image\/jpeg"}],"twitter_card":"summary_large_image","twitter_misc":{"Tiempo de lectura":"1 minuto"},"schema":{"@context":"https:\/\/schema.org","@graph":[{"@type":"WebPage","@id":"https:\/\/soymat.com\/producto\/careta-p-soldar-fravida\/","url":"https:\/\/soymat.com\/producto\/careta-p-soldar-fravida\/","name":"Careta P\/Soldar Fravida - SoyMat \u2013 Seguridad Industrial","isPartOf":{"@id":"https:\/\/soymat.com\/#website"},"primaryImageOfPage":{"@id":"https:\/\/soymat.com\/producto\/careta-p-soldar-fravida\/#primaryimage"},"image":{"@id":"https:\/\/soymat.com\/producto\/careta-p-soldar-fravida\/#primaryimage"},"thumbnailUrl":"https:\/\/soymat.com\/wp-content\/uploads\/2024\/08\/careta-fravida-2550.jpg","datePublished":"2024-08-21T16:24:34+00:00","dateModified":"2026-02-10T13:12:53+00:00","breadcrumb":{"@id":"https:\/\/soymat.com\/producto\/careta-p-soldar-fravida\/#breadcrumb"},"inLanguage":"es-AR","potentialAction":[{"@type":"ReadAction","target":["https:\/\/soymat.com\/producto\/careta-p-soldar-fravida\/"]}]},{"@type":"ImageObject","inLanguage":"es-AR","@id":"https:\/\/soymat.com\/producto\/careta-p-soldar-fravida\/#primaryimage","url":"https:\/\/soymat.com\/wp-content\/uploads\/2024\/08\/careta-fravida-2550.jpg","contentUrl":"https:\/\/soymat.com\/wp-content\/uploads\/2024\/08\/careta-fravida-2550.jpg","width":800,"height":800},{"@type":"BreadcrumbList","@id":"https:\/\/soymat.com\/producto\/careta-p-soldar-fravida\/#breadcrumb","itemListElement":[{"@type":"ListItem","position":1,"name":"Portada","item":"https:\/\/soymat.com\/"},{"@type":"ListItem","position":2,"name":"Todos los Productos","item":"https:\/\/soymat.com\/shop\/"},{"@type":"ListItem","position":3,"name":"Careta P\/Soldar Fravida"}]},{"@type":"WebSite","@id":"https:\/\/soymat.com\/#website","url":"https:\/\/soymat.com\/","name":"So&Mat","description":"Empresa Dedicada a la protecci\u00f3n global contra incendio . matafuegos redes bombas,venta instalaci\u00f3n y service, protecci\u00f3n y confort laboral en todo concepto.","publisher":{"@id":"https:\/\/soymat.com\/#organization"},"alternateName":"So&Mat","potentialAction":[{"@type":"SearchAction","target":{"@type":"EntryPoint","urlTemplate":"https:\/\/soymat.com\/?s={search_term_string}"},"query-input":{"@type":"PropertyValueSpecification","valueRequired":true,"valueName":"search_term_string"}}],"inLanguage":"es-AR"},{"@type":"Organization","@id":"https:\/\/soymat.com\/#organization","name":"So&Mat","url":"https:\/\/soymat.com\/","logo":{"@type":"ImageObject","inLanguage":"es-AR","@id":"https:\/\/soymat.com\/#\/schema\/logo\/image\/","url":"https:\/\/soymat.com\/wp-content\/uploads\/2024\/08\/SoyMat.jpg","contentUrl":"https:\/\/soymat.com\/wp-content\/uploads\/2024\/08\/SoyMat.jpg","width":600,"height":236,"caption":"So&Mat"},"image":{"@id":"https:\/\/soymat.com\/#\/schema\/logo\/image\/"}}]}},"_links":{"self":[{"href":"https:\/\/soymat.com\/es\/wp-json\/wp\/v2\/product\/18704","targetHints":{"allow":["GET"]}}],"collection":[{"href":"https:\/\/soymat.com\/es\/wp-json\/wp\/v2\/product"}],"about":[{"href":"https:\/\/soymat.com\/es\/wp-json\/wp\/v2\/types\/product"}],"wp:featuredmedia":[{"embeddable":true,"href":"https:\/\/soymat.com\/es\/wp-json\/wp\/v2\/media\/20310"}],"wp:attachment":[{"href":"https:\/\/soymat.com\/es\/wp-json\/wp\/v2\/media?parent=18704"}],"wp:term":[{"taxonomy":"product_cat","embeddable":true,"href":"https:\/\/soymat.com\/es\/wp-json\/wp\/v2\/product_cat?post=18704"},{"taxonomy":"product_tag","embeddable":true,"href":"https:\/\/soymat.com\/es\/wp-json\/wp\/v2\/product_tag?post=18704"}],"curies":[{"name":"wp","href":"https:\/\/api.w.org\/{rel}","templated":true}]}}