{"id":18787,"date":"2024-08-21T13:26:18","date_gmt":"2024-08-21T16:26:18","guid":{"rendered":"http:\/\/34.225.25.86\/?post_type=product&#038;p=18787"},"modified":"2026-02-23T10:07:17","modified_gmt":"2026-02-23T13:07:17","slug":"delantal-descarne-70x110-c-refuerzo-descarne","status":"publish","type":"product","link":"https:\/\/soymat.com\/es\/producto\/delantal-descarne-70x110-c-refuerzo-descarne\/","title":{"rendered":"Delantal Descarne 70&#215;110 C\/Refuerzo Descarne"},"content":{"rendered":"<p><strong>Delantal Descarne Amarillo, 70&#215;110 Reforzado<\/strong><\/p>\n<p>Caracteristicas del Producto<\/p>\n<p>Este EPI est\u00e1 concebido para proteger el torso, t\u00f3rax y abdomen del usuario sometido a focos de calor radiante de potencia menor o igual a 20 KW\/m2, calor convectivo con potencia menor o igual a 80 kW\/m2, breve contacto con la llama, tambi\u00e9n protege de las salpicaduras de aluminio y hierro fundido, as\u00ed como durante las actividades de soldadura o similares.<\/p>","protected":false},"excerpt":{"rendered":"<p>Delantal Descarne Amarillo, 70&#215;110 Reforzado Caracteristicas del Producto Este EPI est\u00e1 concebido para proteger el torso, t\u00f3rax y abdomen del usuario sometido a focos de calor radiante de potencia menor o igual a 20 KW\/m2, calor convectivo con potencia menor o igual a 80 kW\/m2, breve contacto con la llama, tambi\u00e9n protege de las salpicaduras [&hellip;]<\/p>\n","protected":false},"featured_media":20313,"template":"","meta":[],"product_cat":[84],"product_tag":[],"class_list":{"0":"post-18787","1":"product","2":"type-product","3":"status-publish","4":"has-post-thumbnail","6":"product_brand-de-pascale-elementos-de-seguridad-para-trabajadores","7":"product_cat-proteccion-personal","9":"first","10":"instock","11":"taxable","12":"shipping-taxable","13":"purchasable","14":"product-type-simple","15":"add-to-wishlist-after_add_to_cart"},"yoast_head":"<!-- This site is optimized with the Yoast SEO Premium plugin v26.9 (Yoast SEO v26.9) - https:\/\/yoast.com\/product\/yoast-seo-premium-wordpress\/ -->\n<title>Delantal Descarne 70x110 C\/Refuerzo Descarne - SoyMat \u2013 Seguridad Industrial<\/title>\n<meta name=\"robots\" content=\"index, follow, max-snippet:-1, max-image-preview:large, max-video-preview:-1\" \/>\n<link rel=\"canonical\" href=\"https:\/\/soymat.com\/es\/producto\/delantal-descarne-70x110-c-refuerzo-descarne\/\" \/>\n<meta property=\"og:locale\" content=\"es_ES\" \/>\n<meta property=\"og:type\" content=\"article\" \/>\n<meta property=\"og:title\" content=\"Delantal Descarne 70x110 C\/Refuerzo Descarne\" \/>\n<meta property=\"og:description\" content=\"Delantal Descarne Amarillo, 70&#215;110 Reforzado Caracteristicas del Producto Este EPI est\u00e1 concebido para proteger el torso, t\u00f3rax y abdomen del usuario sometido a focos de calor radiante de potencia menor o igual a 20 KW\/m2, calor convectivo con potencia menor o igual a 80 kW\/m2, breve contacto con la llama, tambi\u00e9n protege de las salpicaduras [&hellip;]\" \/>\n<meta property=\"og:url\" content=\"https:\/\/soymat.com\/es\/producto\/delantal-descarne-70x110-c-refuerzo-descarne\/\" \/>\n<meta property=\"og:site_name\" content=\"SoyMat \u2013 Seguridad Industrial\" \/>\n<meta property=\"article:modified_time\" content=\"2026-02-23T13:07:17+00:00\" \/>\n<meta property=\"og:image\" content=\"https:\/\/soymat.com\/wp-content\/uploads\/2024\/08\/delantal_dp1.jpg\" \/>\n\t<meta property=\"og:image:width\" content=\"1357\" \/>\n\t<meta property=\"og:image:height\" content=\"1357\" \/>\n\t<meta property=\"og:image:type\" content=\"image\/jpeg\" \/>\n<meta name=\"twitter:card\" content=\"summary_large_image\" \/>\n<meta name=\"twitter:label1\" content=\"Tiempo de lectura\" \/>\n\t<meta name=\"twitter:data1\" content=\"1 minuto\" \/>\n<script type=\"application\/ld+json\" class=\"yoast-schema-graph\">{\"@context\":\"https:\/\/schema.org\",\"@graph\":[{\"@type\":\"WebPage\",\"@id\":\"https:\/\/soymat.com\/producto\/delantal-descarne-70x110-c-refuerzo-descarne\/\",\"url\":\"https:\/\/soymat.com\/producto\/delantal-descarne-70x110-c-refuerzo-descarne\/\",\"name\":\"Delantal Descarne 70x110 C\/Refuerzo Descarne - SoyMat \u2013 Seguridad Industrial\",\"isPartOf\":{\"@id\":\"https:\/\/soymat.com\/#website\"},\"primaryImageOfPage\":{\"@id\":\"https:\/\/soymat.com\/producto\/delantal-descarne-70x110-c-refuerzo-descarne\/#primaryimage\"},\"image\":{\"@id\":\"https:\/\/soymat.com\/producto\/delantal-descarne-70x110-c-refuerzo-descarne\/#primaryimage\"},\"thumbnailUrl\":\"https:\/\/soymat.com\/wp-content\/uploads\/2024\/08\/delantal_dp1.jpg\",\"datePublished\":\"2024-08-21T16:26:18+00:00\",\"dateModified\":\"2026-02-23T13:07:17+00:00\",\"breadcrumb\":{\"@id\":\"https:\/\/soymat.com\/producto\/delantal-descarne-70x110-c-refuerzo-descarne\/#breadcrumb\"},\"inLanguage\":\"es-AR\",\"potentialAction\":[{\"@type\":\"ReadAction\",\"target\":[\"https:\/\/soymat.com\/producto\/delantal-descarne-70x110-c-refuerzo-descarne\/\"]}]},{\"@type\":\"ImageObject\",\"inLanguage\":\"es-AR\",\"@id\":\"https:\/\/soymat.com\/producto\/delantal-descarne-70x110-c-refuerzo-descarne\/#primaryimage\",\"url\":\"https:\/\/soymat.com\/wp-content\/uploads\/2024\/08\/delantal_dp1.jpg\",\"contentUrl\":\"https:\/\/soymat.com\/wp-content\/uploads\/2024\/08\/delantal_dp1.jpg\",\"width\":1357,\"height\":1357},{\"@type\":\"BreadcrumbList\",\"@id\":\"https:\/\/soymat.com\/producto\/delantal-descarne-70x110-c-refuerzo-descarne\/#breadcrumb\",\"itemListElement\":[{\"@type\":\"ListItem\",\"position\":1,\"name\":\"Portada\",\"item\":\"https:\/\/soymat.com\/\"},{\"@type\":\"ListItem\",\"position\":2,\"name\":\"Todos los Productos\",\"item\":\"https:\/\/soymat.com\/shop\/\"},{\"@type\":\"ListItem\",\"position\":3,\"name\":\"Delantal Descarne 70&#215;110 C\/Refuerzo Descarne\"}]},{\"@type\":\"WebSite\",\"@id\":\"https:\/\/soymat.com\/#website\",\"url\":\"https:\/\/soymat.com\/\",\"name\":\"So&Mat\",\"description\":\"Empresa Dedicada a la protecci\u00f3n global contra incendio . matafuegos redes bombas,venta instalaci\u00f3n y service, protecci\u00f3n y confort laboral en todo concepto.\",\"publisher\":{\"@id\":\"https:\/\/soymat.com\/#organization\"},\"alternateName\":\"So&Mat\",\"potentialAction\":[{\"@type\":\"SearchAction\",\"target\":{\"@type\":\"EntryPoint\",\"urlTemplate\":\"https:\/\/soymat.com\/?s={search_term_string}\"},\"query-input\":{\"@type\":\"PropertyValueSpecification\",\"valueRequired\":true,\"valueName\":\"search_term_string\"}}],\"inLanguage\":\"es-AR\"},{\"@type\":\"Organization\",\"@id\":\"https:\/\/soymat.com\/#organization\",\"name\":\"So&Mat\",\"url\":\"https:\/\/soymat.com\/\",\"logo\":{\"@type\":\"ImageObject\",\"inLanguage\":\"es-AR\",\"@id\":\"https:\/\/soymat.com\/#\/schema\/logo\/image\/\",\"url\":\"https:\/\/soymat.com\/wp-content\/uploads\/2024\/08\/SoyMat.jpg\",\"contentUrl\":\"https:\/\/soymat.com\/wp-content\/uploads\/2024\/08\/SoyMat.jpg\",\"width\":600,\"height\":236,\"caption\":\"So&Mat\"},\"image\":{\"@id\":\"https:\/\/soymat.com\/#\/schema\/logo\/image\/\"}}]}<\/script>\n<!-- \/ Yoast SEO Premium plugin. -->","yoast_head_json":{"title":"Delantal Descarne 70x110 C\/Refuerzo Descarne - SoyMat \u2013 Seguridad Industrial","robots":{"index":"index","follow":"follow","max-snippet":"max-snippet:-1","max-image-preview":"max-image-preview:large","max-video-preview":"max-video-preview:-1"},"canonical":"https:\/\/soymat.com\/es\/producto\/delantal-descarne-70x110-c-refuerzo-descarne\/","og_locale":"es_ES","og_type":"article","og_title":"Delantal Descarne 70x110 C\/Refuerzo Descarne","og_description":"Delantal Descarne Amarillo, 70&#215;110 Reforzado Caracteristicas del Producto Este EPI est\u00e1 concebido para proteger el torso, t\u00f3rax y abdomen del usuario sometido a focos de calor radiante de potencia menor o igual a 20 KW\/m2, calor convectivo con potencia menor o igual a 80 kW\/m2, breve contacto con la llama, tambi\u00e9n protege de las salpicaduras [&hellip;]","og_url":"https:\/\/soymat.com\/es\/producto\/delantal-descarne-70x110-c-refuerzo-descarne\/","og_site_name":"SoyMat \u2013 Seguridad Industrial","article_modified_time":"2026-02-23T13:07:17+00:00","og_image":[{"width":1357,"height":1357,"url":"https:\/\/soymat.com\/wp-content\/uploads\/2024\/08\/delantal_dp1.jpg","type":"image\/jpeg"}],"twitter_card":"summary_large_image","twitter_misc":{"Tiempo de lectura":"1 minuto"},"schema":{"@context":"https:\/\/schema.org","@graph":[{"@type":"WebPage","@id":"https:\/\/soymat.com\/producto\/delantal-descarne-70x110-c-refuerzo-descarne\/","url":"https:\/\/soymat.com\/producto\/delantal-descarne-70x110-c-refuerzo-descarne\/","name":"Delantal Descarne 70x110 C\/Refuerzo Descarne - SoyMat \u2013 Seguridad Industrial","isPartOf":{"@id":"https:\/\/soymat.com\/#website"},"primaryImageOfPage":{"@id":"https:\/\/soymat.com\/producto\/delantal-descarne-70x110-c-refuerzo-descarne\/#primaryimage"},"image":{"@id":"https:\/\/soymat.com\/producto\/delantal-descarne-70x110-c-refuerzo-descarne\/#primaryimage"},"thumbnailUrl":"https:\/\/soymat.com\/wp-content\/uploads\/2024\/08\/delantal_dp1.jpg","datePublished":"2024-08-21T16:26:18+00:00","dateModified":"2026-02-23T13:07:17+00:00","breadcrumb":{"@id":"https:\/\/soymat.com\/producto\/delantal-descarne-70x110-c-refuerzo-descarne\/#breadcrumb"},"inLanguage":"es-AR","potentialAction":[{"@type":"ReadAction","target":["https:\/\/soymat.com\/producto\/delantal-descarne-70x110-c-refuerzo-descarne\/"]}]},{"@type":"ImageObject","inLanguage":"es-AR","@id":"https:\/\/soymat.com\/producto\/delantal-descarne-70x110-c-refuerzo-descarne\/#primaryimage","url":"https:\/\/soymat.com\/wp-content\/uploads\/2024\/08\/delantal_dp1.jpg","contentUrl":"https:\/\/soymat.com\/wp-content\/uploads\/2024\/08\/delantal_dp1.jpg","width":1357,"height":1357},{"@type":"BreadcrumbList","@id":"https:\/\/soymat.com\/producto\/delantal-descarne-70x110-c-refuerzo-descarne\/#breadcrumb","itemListElement":[{"@type":"ListItem","position":1,"name":"Portada","item":"https:\/\/soymat.com\/"},{"@type":"ListItem","position":2,"name":"Todos los Productos","item":"https:\/\/soymat.com\/shop\/"},{"@type":"ListItem","position":3,"name":"Delantal Descarne 70&#215;110 C\/Refuerzo Descarne"}]},{"@type":"WebSite","@id":"https:\/\/soymat.com\/#website","url":"https:\/\/soymat.com\/","name":"So&Mat","description":"Empresa Dedicada a la protecci\u00f3n global contra incendio . matafuegos redes bombas,venta instalaci\u00f3n y service, protecci\u00f3n y confort laboral en todo concepto.","publisher":{"@id":"https:\/\/soymat.com\/#organization"},"alternateName":"So&Mat","potentialAction":[{"@type":"SearchAction","target":{"@type":"EntryPoint","urlTemplate":"https:\/\/soymat.com\/?s={search_term_string}"},"query-input":{"@type":"PropertyValueSpecification","valueRequired":true,"valueName":"search_term_string"}}],"inLanguage":"es-AR"},{"@type":"Organization","@id":"https:\/\/soymat.com\/#organization","name":"So&Mat","url":"https:\/\/soymat.com\/","logo":{"@type":"ImageObject","inLanguage":"es-AR","@id":"https:\/\/soymat.com\/#\/schema\/logo\/image\/","url":"https:\/\/soymat.com\/wp-content\/uploads\/2024\/08\/SoyMat.jpg","contentUrl":"https:\/\/soymat.com\/wp-content\/uploads\/2024\/08\/SoyMat.jpg","width":600,"height":236,"caption":"So&Mat"},"image":{"@id":"https:\/\/soymat.com\/#\/schema\/logo\/image\/"}}]}},"_links":{"self":[{"href":"https:\/\/soymat.com\/es\/wp-json\/wp\/v2\/product\/18787","targetHints":{"allow":["GET"]}}],"collection":[{"href":"https:\/\/soymat.com\/es\/wp-json\/wp\/v2\/product"}],"about":[{"href":"https:\/\/soymat.com\/es\/wp-json\/wp\/v2\/types\/product"}],"wp:featuredmedia":[{"embeddable":true,"href":"https:\/\/soymat.com\/es\/wp-json\/wp\/v2\/media\/20313"}],"wp:attachment":[{"href":"https:\/\/soymat.com\/es\/wp-json\/wp\/v2\/media?parent=18787"}],"wp:term":[{"taxonomy":"product_cat","embeddable":true,"href":"https:\/\/soymat.com\/es\/wp-json\/wp\/v2\/product_cat?post=18787"},{"taxonomy":"product_tag","embeddable":true,"href":"https:\/\/soymat.com\/es\/wp-json\/wp\/v2\/product_tag?post=18787"}],"curies":[{"name":"wp","href":"https:\/\/api.w.org\/{rel}","templated":true}]}}