{"id":19678,"date":"2024-08-21T13:40:57","date_gmt":"2024-08-21T16:40:57","guid":{"rendered":"http:\/\/34.225.25.86\/?post_type=product&#038;p=19678"},"modified":"2026-02-10T19:06:46","modified_gmt":"2026-02-10T22:06:46","slug":"botin-capri-mujer-p-aluminio-gris","status":"publish","type":"product","link":"https:\/\/soymat.com\/es\/producto\/botin-capri-mujer-p-aluminio-gris\/","title":{"rendered":"Botin Capri Mujer &#8211; p\/Aluminio &#8211; gris"},"content":{"rendered":"<p><strong>Mujer &#8211; <\/strong><strong>Capri GRAY<\/strong><br \/>\n<strong>Botita urbana ultraliviana de seguridad. Dise\u00f1ada por y para mujeres.<\/strong><br \/>\nMateriales nobles ultra premium y tecnolog\u00eda de vanguardia. Confort sin l\u00edmites, femineidad y m\u00e1xima protecci\u00f3n.<\/p>\n<p>COLOR Gris<br \/>\n<strong>EXTERIOR<\/strong>: Combinaci\u00f3n de Cuero Nobuck y Materiales Textiles<\/p>\n<p><strong>RIESGOS CUBIERTOS<\/strong><br \/>\nD &#8211; Diel\u00e9ctrico<br \/>\nHI &#8211; Aislamiento al Calor del Suelo<br \/>\nCI &#8211; Aislamiento al Fr\u00edo del Suelo<br \/>\nE &#8211; Absorci\u00f3n de Energ\u00eda en el Tal\u00f3n<\/p>\n<p><strong>PLANTILLAS<\/strong> Plantilla ultra confort conformada ergon\u00f3mica<br \/>\n<strong>COMPUESTO SUELA<\/strong> Poliuretano Multidensidad<\/p>\n<p><strong>PROPIEDADES PLANTA<\/strong><br \/>\nDiel\u00e9ctrica<br \/>\nResistente a Hidrocarburos<br \/>\nAntideslizante<br \/>\nAutolimpiante<br \/>\nResistente a la Flexi\u00f3n<br \/>\nResistente a la Abrasi\u00f3n<\/p>","protected":false},"excerpt":{"rendered":"<p>Mujer &#8211; Capri GRAY Botita urbana ultraliviana de seguridad. Dise\u00f1ada por y para mujeres. Materiales nobles ultra premium y tecnolog\u00eda de vanguardia. Confort sin l\u00edmites, femineidad y m\u00e1xima protecci\u00f3n. COLOR Gris EXTERIOR: Combinaci\u00f3n de Cuero Nobuck y Materiales Textiles RIESGOS CUBIERTOS D &#8211; Diel\u00e9ctrico HI &#8211; Aislamiento al Calor del Suelo CI &#8211; Aislamiento al [&hellip;]<\/p>\n","protected":false},"featured_media":17473,"template":"","meta":[],"product_cat":[92,80,151],"product_tag":[97,163,169,170,171,172,166,173],"class_list":{"0":"post-19678","1":"product","2":"type-product","3":"status-publish","4":"has-post-thumbnail","6":"product_brand-calzados-de-seguridad-funcional-zapatillas-zapatos-botines","7":"product_cat-botin","8":"product_cat-calzado-de-seguridad","9":"product_cat-ultralivianos","10":"product_tag-botin","11":"product_tag-calzado","12":"product_tag-fashion","13":"product_tag-femenino","14":"product_tag-moda","15":"product_tag-mujer","16":"product_tag-seguridad","17":"product_tag-tranajo","19":"first","20":"instock","21":"taxable","22":"shipping-taxable","23":"purchasable","24":"product-type-variable","25":"add-to-wishlist-after_add_to_cart"},"yoast_head":"<!-- This site is optimized with the Yoast SEO Premium plugin v26.9 (Yoast SEO v26.9) - https:\/\/yoast.com\/product\/yoast-seo-premium-wordpress\/ -->\n<title>Botin Capri Mujer - p\/Aluminio - gris - SoyMat \u2013 Seguridad Industrial<\/title>\n<meta name=\"robots\" content=\"index, follow, max-snippet:-1, max-image-preview:large, max-video-preview:-1\" \/>\n<link rel=\"canonical\" href=\"https:\/\/soymat.com\/es\/producto\/botin-capri-mujer-p-aluminio-gris\/\" \/>\n<meta property=\"og:locale\" content=\"es_ES\" \/>\n<meta property=\"og:type\" content=\"article\" \/>\n<meta property=\"og:title\" content=\"Botin Capri Mujer - p\/Aluminio - gris\" \/>\n<meta property=\"og:description\" content=\"Mujer &#8211; Capri GRAY Botita urbana ultraliviana de seguridad. Dise\u00f1ada por y para mujeres. Materiales nobles ultra premium y tecnolog\u00eda de vanguardia. Confort sin l\u00edmites, femineidad y m\u00e1xima protecci\u00f3n. COLOR Gris EXTERIOR: Combinaci\u00f3n de Cuero Nobuck y Materiales Textiles RIESGOS CUBIERTOS D &#8211; Diel\u00e9ctrico HI &#8211; Aislamiento al Calor del Suelo CI &#8211; Aislamiento al [&hellip;]\" \/>\n<meta property=\"og:url\" content=\"https:\/\/soymat.com\/es\/producto\/botin-capri-mujer-p-aluminio-gris\/\" \/>\n<meta property=\"og:site_name\" content=\"SoyMat \u2013 Seguridad Industrial\" \/>\n<meta property=\"article:modified_time\" content=\"2026-02-10T22:06:46+00:00\" \/>\n<meta property=\"og:image\" content=\"https:\/\/soymat.com\/wp-content\/uploads\/2024\/08\/botin-capri-funcional-mujer-gris-calzado-de-trabajo-lateral-derecho.jpg\" \/>\n\t<meta property=\"og:image:width\" content=\"2000\" \/>\n\t<meta property=\"og:image:height\" content=\"2000\" \/>\n\t<meta property=\"og:image:type\" content=\"image\/jpeg\" \/>\n<meta name=\"twitter:card\" content=\"summary_large_image\" \/>\n<meta name=\"twitter:label1\" content=\"Tiempo de lectura\" \/>\n\t<meta name=\"twitter:data1\" content=\"1 minuto\" \/>\n<script type=\"application\/ld+json\" class=\"yoast-schema-graph\">{\"@context\":\"https:\/\/schema.org\",\"@graph\":[{\"@type\":\"WebPage\",\"@id\":\"https:\/\/soymat.com\/producto\/botin-capri-mujer-p-aluminio-gris\/\",\"url\":\"https:\/\/soymat.com\/producto\/botin-capri-mujer-p-aluminio-gris\/\",\"name\":\"Botin Capri Mujer - p\/Aluminio - gris - SoyMat \u2013 Seguridad Industrial\",\"isPartOf\":{\"@id\":\"https:\/\/soymat.com\/#website\"},\"primaryImageOfPage\":{\"@id\":\"https:\/\/soymat.com\/producto\/botin-capri-mujer-p-aluminio-gris\/#primaryimage\"},\"image\":{\"@id\":\"https:\/\/soymat.com\/producto\/botin-capri-mujer-p-aluminio-gris\/#primaryimage\"},\"thumbnailUrl\":\"https:\/\/soymat.com\/wp-content\/uploads\/2024\/08\/botin-capri-funcional-mujer-gris-calzado-de-trabajo-lateral-derecho.jpg\",\"datePublished\":\"2024-08-21T16:40:57+00:00\",\"dateModified\":\"2026-02-10T22:06:46+00:00\",\"breadcrumb\":{\"@id\":\"https:\/\/soymat.com\/producto\/botin-capri-mujer-p-aluminio-gris\/#breadcrumb\"},\"inLanguage\":\"es-AR\",\"potentialAction\":[{\"@type\":\"ReadAction\",\"target\":[\"https:\/\/soymat.com\/producto\/botin-capri-mujer-p-aluminio-gris\/\"]}]},{\"@type\":\"ImageObject\",\"inLanguage\":\"es-AR\",\"@id\":\"https:\/\/soymat.com\/producto\/botin-capri-mujer-p-aluminio-gris\/#primaryimage\",\"url\":\"https:\/\/soymat.com\/wp-content\/uploads\/2024\/08\/botin-capri-funcional-mujer-gris-calzado-de-trabajo-lateral-derecho.jpg\",\"contentUrl\":\"https:\/\/soymat.com\/wp-content\/uploads\/2024\/08\/botin-capri-funcional-mujer-gris-calzado-de-trabajo-lateral-derecho.jpg\",\"width\":2000,\"height\":2000},{\"@type\":\"BreadcrumbList\",\"@id\":\"https:\/\/soymat.com\/producto\/botin-capri-mujer-p-aluminio-gris\/#breadcrumb\",\"itemListElement\":[{\"@type\":\"ListItem\",\"position\":1,\"name\":\"Portada\",\"item\":\"https:\/\/soymat.com\/\"},{\"@type\":\"ListItem\",\"position\":2,\"name\":\"Todos los Productos\",\"item\":\"https:\/\/soymat.com\/shop\/\"},{\"@type\":\"ListItem\",\"position\":3,\"name\":\"Botin Capri Mujer &#8211; p\/Aluminio &#8211; gris\"}]},{\"@type\":\"WebSite\",\"@id\":\"https:\/\/soymat.com\/#website\",\"url\":\"https:\/\/soymat.com\/\",\"name\":\"So&Mat\",\"description\":\"Empresa Dedicada a la protecci\u00f3n global contra incendio . matafuegos redes bombas,venta instalaci\u00f3n y service, protecci\u00f3n y confort laboral en todo concepto.\",\"publisher\":{\"@id\":\"https:\/\/soymat.com\/#organization\"},\"alternateName\":\"So&Mat\",\"potentialAction\":[{\"@type\":\"SearchAction\",\"target\":{\"@type\":\"EntryPoint\",\"urlTemplate\":\"https:\/\/soymat.com\/?s={search_term_string}\"},\"query-input\":{\"@type\":\"PropertyValueSpecification\",\"valueRequired\":true,\"valueName\":\"search_term_string\"}}],\"inLanguage\":\"es-AR\"},{\"@type\":\"Organization\",\"@id\":\"https:\/\/soymat.com\/#organization\",\"name\":\"So&Mat\",\"url\":\"https:\/\/soymat.com\/\",\"logo\":{\"@type\":\"ImageObject\",\"inLanguage\":\"es-AR\",\"@id\":\"https:\/\/soymat.com\/#\/schema\/logo\/image\/\",\"url\":\"https:\/\/soymat.com\/wp-content\/uploads\/2024\/08\/SoyMat.jpg\",\"contentUrl\":\"https:\/\/soymat.com\/wp-content\/uploads\/2024\/08\/SoyMat.jpg\",\"width\":600,\"height\":236,\"caption\":\"So&Mat\"},\"image\":{\"@id\":\"https:\/\/soymat.com\/#\/schema\/logo\/image\/\"}}]}<\/script>\n<!-- \/ Yoast SEO Premium plugin. -->","yoast_head_json":{"title":"Botin Capri Mujer - p\/Aluminio - gris - SoyMat \u2013 Seguridad Industrial","robots":{"index":"index","follow":"follow","max-snippet":"max-snippet:-1","max-image-preview":"max-image-preview:large","max-video-preview":"max-video-preview:-1"},"canonical":"https:\/\/soymat.com\/es\/producto\/botin-capri-mujer-p-aluminio-gris\/","og_locale":"es_ES","og_type":"article","og_title":"Botin Capri Mujer - p\/Aluminio - gris","og_description":"Mujer &#8211; Capri GRAY Botita urbana ultraliviana de seguridad. Dise\u00f1ada por y para mujeres. Materiales nobles ultra premium y tecnolog\u00eda de vanguardia. Confort sin l\u00edmites, femineidad y m\u00e1xima protecci\u00f3n. COLOR Gris EXTERIOR: Combinaci\u00f3n de Cuero Nobuck y Materiales Textiles RIESGOS CUBIERTOS D &#8211; Diel\u00e9ctrico HI &#8211; Aislamiento al Calor del Suelo CI &#8211; Aislamiento al [&hellip;]","og_url":"https:\/\/soymat.com\/es\/producto\/botin-capri-mujer-p-aluminio-gris\/","og_site_name":"SoyMat \u2013 Seguridad Industrial","article_modified_time":"2026-02-10T22:06:46+00:00","og_image":[{"width":2000,"height":2000,"url":"https:\/\/soymat.com\/wp-content\/uploads\/2024\/08\/botin-capri-funcional-mujer-gris-calzado-de-trabajo-lateral-derecho.jpg","type":"image\/jpeg"}],"twitter_card":"summary_large_image","twitter_misc":{"Tiempo de lectura":"1 minuto"},"schema":{"@context":"https:\/\/schema.org","@graph":[{"@type":"WebPage","@id":"https:\/\/soymat.com\/producto\/botin-capri-mujer-p-aluminio-gris\/","url":"https:\/\/soymat.com\/producto\/botin-capri-mujer-p-aluminio-gris\/","name":"Botin Capri Mujer - p\/Aluminio - gris - SoyMat \u2013 Seguridad Industrial","isPartOf":{"@id":"https:\/\/soymat.com\/#website"},"primaryImageOfPage":{"@id":"https:\/\/soymat.com\/producto\/botin-capri-mujer-p-aluminio-gris\/#primaryimage"},"image":{"@id":"https:\/\/soymat.com\/producto\/botin-capri-mujer-p-aluminio-gris\/#primaryimage"},"thumbnailUrl":"https:\/\/soymat.com\/wp-content\/uploads\/2024\/08\/botin-capri-funcional-mujer-gris-calzado-de-trabajo-lateral-derecho.jpg","datePublished":"2024-08-21T16:40:57+00:00","dateModified":"2026-02-10T22:06:46+00:00","breadcrumb":{"@id":"https:\/\/soymat.com\/producto\/botin-capri-mujer-p-aluminio-gris\/#breadcrumb"},"inLanguage":"es-AR","potentialAction":[{"@type":"ReadAction","target":["https:\/\/soymat.com\/producto\/botin-capri-mujer-p-aluminio-gris\/"]}]},{"@type":"ImageObject","inLanguage":"es-AR","@id":"https:\/\/soymat.com\/producto\/botin-capri-mujer-p-aluminio-gris\/#primaryimage","url":"https:\/\/soymat.com\/wp-content\/uploads\/2024\/08\/botin-capri-funcional-mujer-gris-calzado-de-trabajo-lateral-derecho.jpg","contentUrl":"https:\/\/soymat.com\/wp-content\/uploads\/2024\/08\/botin-capri-funcional-mujer-gris-calzado-de-trabajo-lateral-derecho.jpg","width":2000,"height":2000},{"@type":"BreadcrumbList","@id":"https:\/\/soymat.com\/producto\/botin-capri-mujer-p-aluminio-gris\/#breadcrumb","itemListElement":[{"@type":"ListItem","position":1,"name":"Portada","item":"https:\/\/soymat.com\/"},{"@type":"ListItem","position":2,"name":"Todos los Productos","item":"https:\/\/soymat.com\/shop\/"},{"@type":"ListItem","position":3,"name":"Botin Capri Mujer &#8211; p\/Aluminio &#8211; gris"}]},{"@type":"WebSite","@id":"https:\/\/soymat.com\/#website","url":"https:\/\/soymat.com\/","name":"So&Mat","description":"Empresa Dedicada a la protecci\u00f3n global contra incendio . matafuegos redes bombas,venta instalaci\u00f3n y service, protecci\u00f3n y confort laboral en todo concepto.","publisher":{"@id":"https:\/\/soymat.com\/#organization"},"alternateName":"So&Mat","potentialAction":[{"@type":"SearchAction","target":{"@type":"EntryPoint","urlTemplate":"https:\/\/soymat.com\/?s={search_term_string}"},"query-input":{"@type":"PropertyValueSpecification","valueRequired":true,"valueName":"search_term_string"}}],"inLanguage":"es-AR"},{"@type":"Organization","@id":"https:\/\/soymat.com\/#organization","name":"So&Mat","url":"https:\/\/soymat.com\/","logo":{"@type":"ImageObject","inLanguage":"es-AR","@id":"https:\/\/soymat.com\/#\/schema\/logo\/image\/","url":"https:\/\/soymat.com\/wp-content\/uploads\/2024\/08\/SoyMat.jpg","contentUrl":"https:\/\/soymat.com\/wp-content\/uploads\/2024\/08\/SoyMat.jpg","width":600,"height":236,"caption":"So&Mat"},"image":{"@id":"https:\/\/soymat.com\/#\/schema\/logo\/image\/"}}]}},"_links":{"self":[{"href":"https:\/\/soymat.com\/es\/wp-json\/wp\/v2\/product\/19678","targetHints":{"allow":["GET"]}}],"collection":[{"href":"https:\/\/soymat.com\/es\/wp-json\/wp\/v2\/product"}],"about":[{"href":"https:\/\/soymat.com\/es\/wp-json\/wp\/v2\/types\/product"}],"wp:featuredmedia":[{"embeddable":true,"href":"https:\/\/soymat.com\/es\/wp-json\/wp\/v2\/media\/17473"}],"wp:attachment":[{"href":"https:\/\/soymat.com\/es\/wp-json\/wp\/v2\/media?parent=19678"}],"wp:term":[{"taxonomy":"product_cat","embeddable":true,"href":"https:\/\/soymat.com\/es\/wp-json\/wp\/v2\/product_cat?post=19678"},{"taxonomy":"product_tag","embeddable":true,"href":"https:\/\/soymat.com\/es\/wp-json\/wp\/v2\/product_tag?post=19678"}],"curies":[{"name":"wp","href":"https:\/\/api.w.org\/{rel}","templated":true}]}}