{"id":19839,"date":"2024-08-21T13:43:45","date_gmt":"2024-08-21T16:43:45","guid":{"rendered":"http:\/\/34.225.25.86\/?post_type=product&#038;p=19839"},"modified":"2025-10-14T19:15:58","modified_gmt":"2025-10-14T22:15:58","slug":"zapatilla-hiker-michelin","status":"publish","type":"product","link":"https:\/\/soymat.com\/es\/producto\/zapatilla-hiker-michelin\/","title":{"rendered":"Zapatilla Hiker Michelin"},"content":{"rendered":"<p><strong>Zapatilla ultra premium Hiker,<\/strong> con suela inspirada en el neum\u00e1tico LTX Force de Michelin\u00ae. M\u00e1xima tracci\u00f3n y grip excepcional en diferentes superficies.<\/p>\n<p>Zapatilla Ultra Premium<br \/>\nCOLOR Gris<br \/>\nEXTERIOR<br \/>\nCombinaci\u00f3n de Cuero Nobuck y Materiales Textiles<br \/>\nCuero reforzado con revestimiento de poliuretano<br \/>\nINTERIOR<br \/>\nForro textil con tratamiento antimicrobiano<br \/>\nCUELLO<br \/>\nAcolchado<\/p>\n<p>PUNTERA<br \/>\nAcero<br \/>\nCORDONES<br \/>\nAlta Tracci\u00f3n<br \/>\nPASACORDONES<br \/>\nComposite de alta tenacidad, cerrados<br \/>\nPLANTILLAS Plantilla ultra confort conformada ergon\u00f3mica<\/p>\n<p>PROPIEDADES PLANTA<br \/>\nDiel\u00e9ctrica<br \/>\nResistente a Hidrocarburos<br \/>\nAntideslizante<br \/>\nAutolimpiante<br \/>\nResistente a la Flexi\u00f3n<br \/>\nResistente a la Abrasi\u00f3n<br \/>\nEstr\u00edas para Escaleras<\/p>\n<p>COMPUESTO SUELA<br \/>\nPoliuretano &#8211; Caucho<br \/>\nADHESI\u00d3N CAPELLADA PLANTA<br \/>\nInyecci\u00f3n directa<br \/>\nNUMERACI\u00d3N 38 &#8211; 45<\/p>\n<p>RIESGOS CUBIERTOS<br \/>\nD &#8211; Diel\u00e9ctrico<br \/>\nHI &#8211; Aislamiento al Calor del Suelo<br \/>\nCI &#8211; Aislamiento al Fr\u00edo del Suelo<br \/>\nE &#8211; Absorci\u00f3n de Energ\u00eda en el Tal\u00f3n<br \/>\nWR &#8211; Resistencia al Agua<br \/>\nSRC &#8211; Resistencia al Deslizamiento<\/p>","protected":false},"excerpt":{"rendered":"<p>Zapatilla ultra premium Hiker, con suela inspirada en el neum\u00e1tico LTX Force de Michelin\u00ae. M\u00e1xima tracci\u00f3n y grip excepcional en diferentes superficies. Zapatilla Ultra Premium COLOR Gris EXTERIOR Combinaci\u00f3n de Cuero Nobuck y Materiales Textiles Cuero reforzado con revestimiento de poliuretano INTERIOR Forro textil con tratamiento antimicrobiano CUELLO Acolchado PUNTERA Acero CORDONES Alta Tracci\u00f3n PASACORDONES [&hellip;]<\/p>\n","protected":false},"featured_media":23437,"template":"","meta":[],"product_cat":[80,425,130],"product_tag":[163,164,190,165,166,167,168],"class_list":{"0":"post-19839","1":"product","2":"type-product","3":"status-publish","4":"has-post-thumbnail","6":"product_brand-calzados-de-seguridad-funcional-zapatillas-zapatos-botines","7":"product_cat-calzado-de-seguridad","8":"product_cat-super-destacado","9":"product_cat-zapatillas-de-seguridad","10":"product_tag-calzado","11":"product_tag-construccion","12":"product_tag-mineria","13":"product_tag-pies","14":"product_tag-seguridad","15":"product_tag-seguridad-industrial","16":"product_tag-zapatilla","18":"first","19":"instock","20":"taxable","21":"shipping-taxable","22":"purchasable","23":"product-type-variable","24":"add-to-wishlist-after_add_to_cart"},"yoast_head":"<!-- This site is optimized with the Yoast SEO Premium plugin v26.9 (Yoast SEO v26.9) - https:\/\/yoast.com\/product\/yoast-seo-premium-wordpress\/ -->\n<title>Zapatilla Hiker Michelin - SoyMat \u2013 Seguridad Industrial<\/title>\n<meta name=\"robots\" content=\"index, follow, max-snippet:-1, max-image-preview:large, max-video-preview:-1\" \/>\n<link rel=\"canonical\" href=\"https:\/\/soymat.com\/es\/producto\/zapatilla-hiker-michelin\/\" \/>\n<meta property=\"og:locale\" content=\"es_ES\" \/>\n<meta property=\"og:type\" content=\"article\" \/>\n<meta property=\"og:title\" content=\"Zapatilla Hiker Michelin\" \/>\n<meta property=\"og:description\" content=\"Zapatilla ultra premium Hiker, con suela inspirada en el neum\u00e1tico LTX Force de Michelin\u00ae. M\u00e1xima tracci\u00f3n y grip excepcional en diferentes superficies. Zapatilla Ultra Premium COLOR Gris EXTERIOR Combinaci\u00f3n de Cuero Nobuck y Materiales Textiles Cuero reforzado con revestimiento de poliuretano INTERIOR Forro textil con tratamiento antimicrobiano CUELLO Acolchado PUNTERA Acero CORDONES Alta Tracci\u00f3n PASACORDONES [&hellip;]\" \/>\n<meta property=\"og:url\" content=\"https:\/\/soymat.com\/es\/producto\/zapatilla-hiker-michelin\/\" \/>\n<meta property=\"og:site_name\" content=\"SoyMat \u2013 Seguridad Industrial\" \/>\n<meta property=\"article:modified_time\" content=\"2025-10-14T22:15:58+00:00\" \/>\n<meta property=\"og:image\" content=\"https:\/\/soymat.com\/wp-content\/uploads\/2024\/08\/HIKER-G_-lateral.jpg\" \/>\n\t<meta property=\"og:image:width\" content=\"1080\" \/>\n\t<meta property=\"og:image:height\" content=\"1080\" \/>\n\t<meta property=\"og:image:type\" content=\"image\/jpeg\" \/>\n<meta name=\"twitter:card\" content=\"summary_large_image\" \/>\n<meta name=\"twitter:label1\" content=\"Tiempo de lectura\" \/>\n\t<meta name=\"twitter:data1\" content=\"1 minuto\" \/>\n<script type=\"application\/ld+json\" class=\"yoast-schema-graph\">{\"@context\":\"https:\/\/schema.org\",\"@graph\":[{\"@type\":\"WebPage\",\"@id\":\"https:\/\/soymat.com\/producto\/zapatilla-hiker-michelin\/\",\"url\":\"https:\/\/soymat.com\/producto\/zapatilla-hiker-michelin\/\",\"name\":\"Zapatilla Hiker Michelin - SoyMat \u2013 Seguridad Industrial\",\"isPartOf\":{\"@id\":\"https:\/\/soymat.com\/#website\"},\"primaryImageOfPage\":{\"@id\":\"https:\/\/soymat.com\/producto\/zapatilla-hiker-michelin\/#primaryimage\"},\"image\":{\"@id\":\"https:\/\/soymat.com\/producto\/zapatilla-hiker-michelin\/#primaryimage\"},\"thumbnailUrl\":\"https:\/\/soymat.com\/wp-content\/uploads\/2024\/08\/HIKER-G_-lateral.jpg\",\"datePublished\":\"2024-08-21T16:43:45+00:00\",\"dateModified\":\"2025-10-14T22:15:58+00:00\",\"breadcrumb\":{\"@id\":\"https:\/\/soymat.com\/producto\/zapatilla-hiker-michelin\/#breadcrumb\"},\"inLanguage\":\"es-AR\",\"potentialAction\":[{\"@type\":\"ReadAction\",\"target\":[\"https:\/\/soymat.com\/producto\/zapatilla-hiker-michelin\/\"]}]},{\"@type\":\"ImageObject\",\"inLanguage\":\"es-AR\",\"@id\":\"https:\/\/soymat.com\/producto\/zapatilla-hiker-michelin\/#primaryimage\",\"url\":\"https:\/\/soymat.com\/wp-content\/uploads\/2024\/08\/HIKER-G_-lateral.jpg\",\"contentUrl\":\"https:\/\/soymat.com\/wp-content\/uploads\/2024\/08\/HIKER-G_-lateral.jpg\",\"width\":1080,\"height\":1080},{\"@type\":\"BreadcrumbList\",\"@id\":\"https:\/\/soymat.com\/producto\/zapatilla-hiker-michelin\/#breadcrumb\",\"itemListElement\":[{\"@type\":\"ListItem\",\"position\":1,\"name\":\"Portada\",\"item\":\"https:\/\/soymat.com\/\"},{\"@type\":\"ListItem\",\"position\":2,\"name\":\"Todos los Productos\",\"item\":\"https:\/\/soymat.com\/shop\/\"},{\"@type\":\"ListItem\",\"position\":3,\"name\":\"Zapatilla Hiker Michelin\"}]},{\"@type\":\"WebSite\",\"@id\":\"https:\/\/soymat.com\/#website\",\"url\":\"https:\/\/soymat.com\/\",\"name\":\"So&Mat\",\"description\":\"Empresa Dedicada a la protecci\u00f3n global contra incendio . matafuegos redes bombas,venta instalaci\u00f3n y service, protecci\u00f3n y confort laboral en todo concepto.\",\"publisher\":{\"@id\":\"https:\/\/soymat.com\/#organization\"},\"alternateName\":\"So&Mat\",\"potentialAction\":[{\"@type\":\"SearchAction\",\"target\":{\"@type\":\"EntryPoint\",\"urlTemplate\":\"https:\/\/soymat.com\/?s={search_term_string}\"},\"query-input\":{\"@type\":\"PropertyValueSpecification\",\"valueRequired\":true,\"valueName\":\"search_term_string\"}}],\"inLanguage\":\"es-AR\"},{\"@type\":\"Organization\",\"@id\":\"https:\/\/soymat.com\/#organization\",\"name\":\"So&Mat\",\"url\":\"https:\/\/soymat.com\/\",\"logo\":{\"@type\":\"ImageObject\",\"inLanguage\":\"es-AR\",\"@id\":\"https:\/\/soymat.com\/#\/schema\/logo\/image\/\",\"url\":\"https:\/\/soymat.com\/wp-content\/uploads\/2024\/08\/SoyMat.jpg\",\"contentUrl\":\"https:\/\/soymat.com\/wp-content\/uploads\/2024\/08\/SoyMat.jpg\",\"width\":600,\"height\":236,\"caption\":\"So&Mat\"},\"image\":{\"@id\":\"https:\/\/soymat.com\/#\/schema\/logo\/image\/\"}}]}<\/script>\n<!-- \/ Yoast SEO Premium plugin. -->","yoast_head_json":{"title":"Zapatilla Hiker Michelin - SoyMat \u2013 Seguridad Industrial","robots":{"index":"index","follow":"follow","max-snippet":"max-snippet:-1","max-image-preview":"max-image-preview:large","max-video-preview":"max-video-preview:-1"},"canonical":"https:\/\/soymat.com\/es\/producto\/zapatilla-hiker-michelin\/","og_locale":"es_ES","og_type":"article","og_title":"Zapatilla Hiker Michelin","og_description":"Zapatilla ultra premium Hiker, con suela inspirada en el neum\u00e1tico LTX Force de Michelin\u00ae. M\u00e1xima tracci\u00f3n y grip excepcional en diferentes superficies. Zapatilla Ultra Premium COLOR Gris EXTERIOR Combinaci\u00f3n de Cuero Nobuck y Materiales Textiles Cuero reforzado con revestimiento de poliuretano INTERIOR Forro textil con tratamiento antimicrobiano CUELLO Acolchado PUNTERA Acero CORDONES Alta Tracci\u00f3n PASACORDONES [&hellip;]","og_url":"https:\/\/soymat.com\/es\/producto\/zapatilla-hiker-michelin\/","og_site_name":"SoyMat \u2013 Seguridad Industrial","article_modified_time":"2025-10-14T22:15:58+00:00","og_image":[{"width":1080,"height":1080,"url":"https:\/\/soymat.com\/wp-content\/uploads\/2024\/08\/HIKER-G_-lateral.jpg","type":"image\/jpeg"}],"twitter_card":"summary_large_image","twitter_misc":{"Tiempo de lectura":"1 minuto"},"schema":{"@context":"https:\/\/schema.org","@graph":[{"@type":"WebPage","@id":"https:\/\/soymat.com\/producto\/zapatilla-hiker-michelin\/","url":"https:\/\/soymat.com\/producto\/zapatilla-hiker-michelin\/","name":"Zapatilla Hiker Michelin - SoyMat \u2013 Seguridad Industrial","isPartOf":{"@id":"https:\/\/soymat.com\/#website"},"primaryImageOfPage":{"@id":"https:\/\/soymat.com\/producto\/zapatilla-hiker-michelin\/#primaryimage"},"image":{"@id":"https:\/\/soymat.com\/producto\/zapatilla-hiker-michelin\/#primaryimage"},"thumbnailUrl":"https:\/\/soymat.com\/wp-content\/uploads\/2024\/08\/HIKER-G_-lateral.jpg","datePublished":"2024-08-21T16:43:45+00:00","dateModified":"2025-10-14T22:15:58+00:00","breadcrumb":{"@id":"https:\/\/soymat.com\/producto\/zapatilla-hiker-michelin\/#breadcrumb"},"inLanguage":"es-AR","potentialAction":[{"@type":"ReadAction","target":["https:\/\/soymat.com\/producto\/zapatilla-hiker-michelin\/"]}]},{"@type":"ImageObject","inLanguage":"es-AR","@id":"https:\/\/soymat.com\/producto\/zapatilla-hiker-michelin\/#primaryimage","url":"https:\/\/soymat.com\/wp-content\/uploads\/2024\/08\/HIKER-G_-lateral.jpg","contentUrl":"https:\/\/soymat.com\/wp-content\/uploads\/2024\/08\/HIKER-G_-lateral.jpg","width":1080,"height":1080},{"@type":"BreadcrumbList","@id":"https:\/\/soymat.com\/producto\/zapatilla-hiker-michelin\/#breadcrumb","itemListElement":[{"@type":"ListItem","position":1,"name":"Portada","item":"https:\/\/soymat.com\/"},{"@type":"ListItem","position":2,"name":"Todos los Productos","item":"https:\/\/soymat.com\/shop\/"},{"@type":"ListItem","position":3,"name":"Zapatilla Hiker Michelin"}]},{"@type":"WebSite","@id":"https:\/\/soymat.com\/#website","url":"https:\/\/soymat.com\/","name":"So&Mat","description":"Empresa Dedicada a la protecci\u00f3n global contra incendio . matafuegos redes bombas,venta instalaci\u00f3n y service, protecci\u00f3n y confort laboral en todo concepto.","publisher":{"@id":"https:\/\/soymat.com\/#organization"},"alternateName":"So&Mat","potentialAction":[{"@type":"SearchAction","target":{"@type":"EntryPoint","urlTemplate":"https:\/\/soymat.com\/?s={search_term_string}"},"query-input":{"@type":"PropertyValueSpecification","valueRequired":true,"valueName":"search_term_string"}}],"inLanguage":"es-AR"},{"@type":"Organization","@id":"https:\/\/soymat.com\/#organization","name":"So&Mat","url":"https:\/\/soymat.com\/","logo":{"@type":"ImageObject","inLanguage":"es-AR","@id":"https:\/\/soymat.com\/#\/schema\/logo\/image\/","url":"https:\/\/soymat.com\/wp-content\/uploads\/2024\/08\/SoyMat.jpg","contentUrl":"https:\/\/soymat.com\/wp-content\/uploads\/2024\/08\/SoyMat.jpg","width":600,"height":236,"caption":"So&Mat"},"image":{"@id":"https:\/\/soymat.com\/#\/schema\/logo\/image\/"}}]}},"_links":{"self":[{"href":"https:\/\/soymat.com\/es\/wp-json\/wp\/v2\/product\/19839","targetHints":{"allow":["GET"]}}],"collection":[{"href":"https:\/\/soymat.com\/es\/wp-json\/wp\/v2\/product"}],"about":[{"href":"https:\/\/soymat.com\/es\/wp-json\/wp\/v2\/types\/product"}],"wp:featuredmedia":[{"embeddable":true,"href":"https:\/\/soymat.com\/es\/wp-json\/wp\/v2\/media\/23437"}],"wp:attachment":[{"href":"https:\/\/soymat.com\/es\/wp-json\/wp\/v2\/media?parent=19839"}],"wp:term":[{"taxonomy":"product_cat","embeddable":true,"href":"https:\/\/soymat.com\/es\/wp-json\/wp\/v2\/product_cat?post=19839"},{"taxonomy":"product_tag","embeddable":true,"href":"https:\/\/soymat.com\/es\/wp-json\/wp\/v2\/product_tag?post=19839"}],"curies":[{"name":"wp","href":"https:\/\/api.w.org\/{rel}","templated":true}]}}