{"id":19862,"date":"2024-08-21T13:44:18","date_gmt":"2024-08-21T16:44:18","guid":{"rendered":"http:\/\/34.225.25.86\/?post_type=product&#038;p=19862"},"modified":"2026-04-17T13:09:44","modified_gmt":"2026-04-17T16:09:44","slug":"botin-pisfer-c-puntera-acero","status":"publish","type":"product","link":"https:\/\/soymat.com\/es\/producto\/botin-pisfer-c-puntera-acero\/","title":{"rendered":"Bot\u00edn Pisfer c\/puntera Acero"},"content":{"rendered":"<p><span style=\"font-size: 16px\"><strong>Botin Pisfer &#8211; <\/strong><\/span><span style=\"font-size: 16px\"><strong>Cuero Box, Negro.<\/strong><\/span><br \/>\n<span style=\"font-size: 16px\"><strong>PLANTA PU BIDENSIDAD &#8211; <\/strong><\/span><span style=\"font-size: 16px\"><strong>Con puntera de ACERO<\/strong><\/span><\/p>\n<p><strong>Propiedades<\/strong>:<br \/>\n<strong>Diel\u00e9ctrico &#8211; Antimic\u00f3tico &#8211; Permebilidad al vapor de humedad &#8211; Planta antideslizante &#8211; Planta autolimpiante &#8211; Resistente a los aceites &#8211; Resistente a los hidrocarburos &#8211; Shockabsorver &#8211; Trabaescalera <\/strong><\/p>\n<p>&nbsp;<\/p>\n<p><strong>Capellada<\/strong>: Cuero vacuno Box seleccionado de primera calidad, de espesor 1.8 a 2mm.<\/p>\n<p><strong>Forro<\/strong>: Forro de capellada: Material textil no tejido de espesor 1 a 1.2 mm.<\/p>\n<p><strong>Forro de ca\u00f1a y cuello:<\/strong> Capellada material textil tejido con soporte, de espesor 2mm, cuenta con tratamiento antimicrobiano sanitized, en la ca\u00f1a.<\/p>\n<p><strong>Refuerzo de talonera:<\/strong> Material cuero vacuno flor napa, espesor de 1 a 1.2mm. Evita la rotura por desgaste.<\/p>\n<p><strong>Costura:<\/strong> Con hilo de Nylon de alta tenacidad.<\/p>\n<p><strong>Puntera<\/strong>: De acero, resistente al impacto.<\/p>\n<p><strong>Planta exterior:<\/strong> : Poliuretano bi-densidadDO).<\/p>\n<p><strong>Entreplanta:<\/strong> Densidad de 0,5 +\/- 0,05 gr \/ cm3, dureza shore a 65 +\/- 5 grados.<\/p>\n<p><strong>Planta<\/strong>: con dibujo antideslizante y auto-limpiante con relieve para evitar el quiebre de la planta.<\/p>\n<p><strong>Ojales:<\/strong> Ojalillos met\u00e1licos de alta calidad y resistencia.<\/p>","protected":false},"excerpt":{"rendered":"<p>Botin Pisfer &#8211; Cuero Box, Negro. PLANTA PU BIDENSIDAD &#8211; Con puntera de ACERO Propiedades: Diel\u00e9ctrico &#8211; Antimic\u00f3tico &#8211; Permebilidad al vapor de humedad &#8211; Planta antideslizante &#8211; Planta autolimpiante &#8211; Resistente a los aceites &#8211; Resistente a los hidrocarburos &#8211; Shockabsorver &#8211; Trabaescalera &nbsp; Capellada: Cuero vacuno Box seleccionado de primera calidad, de espesor [&hellip;]<\/p>\n","protected":false},"featured_media":17717,"template":"","meta":[],"product_cat":[92,80],"product_tag":[97,98,185,186,187,166,167,188,189,104],"class_list":{"0":"post-19862","1":"product","2":"type-product","3":"status-publish","4":"has-post-thumbnail","6":"product_brand-ombu-ropa-de-grafa","7":"product_cat-botin","8":"product_cat-calzado-de-seguridad","9":"product_tag-botin","10":"product_tag-calzado-de-seguridad","11":"product_tag-cas","12":"product_tag-economico","13":"product_tag-obrero","14":"product_tag-seguridad","15":"product_tag-seguridad-industrial","16":"product_tag-suela-pu","17":"product_tag-trabajador","18":"product_tag-trabajo","20":"first","21":"instock","22":"taxable","23":"shipping-taxable","24":"purchasable","25":"product-type-variable","26":"add-to-wishlist-after_add_to_cart"},"yoast_head":"<!-- This site is optimized with the Yoast SEO Premium plugin v26.9 (Yoast SEO v26.9) - https:\/\/yoast.com\/product\/yoast-seo-premium-wordpress\/ -->\n<title>Bot\u00edn Pisfer c\/puntera Acero - SoyMat \u2013 Seguridad Industrial<\/title>\n<meta name=\"robots\" content=\"index, follow, max-snippet:-1, max-image-preview:large, max-video-preview:-1\" \/>\n<link rel=\"canonical\" href=\"https:\/\/soymat.com\/es\/producto\/botin-pisfer-c-puntera-acero\/\" \/>\n<meta property=\"og:locale\" content=\"es_ES\" \/>\n<meta property=\"og:type\" content=\"article\" \/>\n<meta property=\"og:title\" content=\"Bot\u00edn Pisfer c\/puntera Acero\" \/>\n<meta property=\"og:description\" content=\"Botin Pisfer &#8211; Cuero Box, Negro. PLANTA PU BIDENSIDAD &#8211; Con puntera de ACERO Propiedades: Diel\u00e9ctrico &#8211; Antimic\u00f3tico &#8211; Permebilidad al vapor de humedad &#8211; Planta antideslizante &#8211; Planta autolimpiante &#8211; Resistente a los aceites &#8211; Resistente a los hidrocarburos &#8211; Shockabsorver &#8211; Trabaescalera &nbsp; Capellada: Cuero vacuno Box seleccionado de primera calidad, de espesor [&hellip;]\" \/>\n<meta property=\"og:url\" content=\"https:\/\/soymat.com\/es\/producto\/botin-pisfer-c-puntera-acero\/\" \/>\n<meta property=\"og:site_name\" content=\"SoyMat \u2013 Seguridad Industrial\" \/>\n<meta property=\"article:modified_time\" content=\"2026-04-17T16:09:44+00:00\" \/>\n<meta property=\"og:image\" content=\"https:\/\/soymat.com\/wp-content\/uploads\/2024\/08\/botin-pisfer-lateral-2.jpg\" \/>\n\t<meta property=\"og:image:width\" content=\"2000\" \/>\n\t<meta property=\"og:image:height\" content=\"2000\" \/>\n\t<meta property=\"og:image:type\" content=\"image\/jpeg\" \/>\n<meta name=\"twitter:card\" content=\"summary_large_image\" \/>\n<meta name=\"twitter:label1\" content=\"Tiempo de lectura\" \/>\n\t<meta name=\"twitter:data1\" content=\"1 minuto\" \/>\n<script type=\"application\/ld+json\" class=\"yoast-schema-graph\">{\"@context\":\"https:\/\/schema.org\",\"@graph\":[{\"@type\":\"WebPage\",\"@id\":\"https:\/\/soymat.com\/producto\/botin-pisfer-c-puntera-acero\/\",\"url\":\"https:\/\/soymat.com\/producto\/botin-pisfer-c-puntera-acero\/\",\"name\":\"Bot\u00edn Pisfer c\/puntera Acero - SoyMat \u2013 Seguridad Industrial\",\"isPartOf\":{\"@id\":\"https:\/\/soymat.com\/#website\"},\"primaryImageOfPage\":{\"@id\":\"https:\/\/soymat.com\/producto\/botin-pisfer-c-puntera-acero\/#primaryimage\"},\"image\":{\"@id\":\"https:\/\/soymat.com\/producto\/botin-pisfer-c-puntera-acero\/#primaryimage\"},\"thumbnailUrl\":\"https:\/\/soymat.com\/wp-content\/uploads\/2024\/08\/botin-pisfer-lateral-2.jpg\",\"datePublished\":\"2024-08-21T16:44:18+00:00\",\"dateModified\":\"2026-04-17T16:09:44+00:00\",\"breadcrumb\":{\"@id\":\"https:\/\/soymat.com\/producto\/botin-pisfer-c-puntera-acero\/#breadcrumb\"},\"inLanguage\":\"es-AR\",\"potentialAction\":[{\"@type\":\"ReadAction\",\"target\":[\"https:\/\/soymat.com\/producto\/botin-pisfer-c-puntera-acero\/\"]}]},{\"@type\":\"ImageObject\",\"inLanguage\":\"es-AR\",\"@id\":\"https:\/\/soymat.com\/producto\/botin-pisfer-c-puntera-acero\/#primaryimage\",\"url\":\"https:\/\/soymat.com\/wp-content\/uploads\/2024\/08\/botin-pisfer-lateral-2.jpg\",\"contentUrl\":\"https:\/\/soymat.com\/wp-content\/uploads\/2024\/08\/botin-pisfer-lateral-2.jpg\",\"width\":2000,\"height\":2000},{\"@type\":\"BreadcrumbList\",\"@id\":\"https:\/\/soymat.com\/producto\/botin-pisfer-c-puntera-acero\/#breadcrumb\",\"itemListElement\":[{\"@type\":\"ListItem\",\"position\":1,\"name\":\"Portada\",\"item\":\"https:\/\/soymat.com\/\"},{\"@type\":\"ListItem\",\"position\":2,\"name\":\"Todos los Productos\",\"item\":\"https:\/\/soymat.com\/shop\/\"},{\"@type\":\"ListItem\",\"position\":3,\"name\":\"Bot\u00edn Pisfer c\/puntera Acero\"}]},{\"@type\":\"WebSite\",\"@id\":\"https:\/\/soymat.com\/#website\",\"url\":\"https:\/\/soymat.com\/\",\"name\":\"So&Mat\",\"description\":\"Empresa Dedicada a la protecci\u00f3n global contra incendio . matafuegos redes bombas,venta instalaci\u00f3n y service, protecci\u00f3n y confort laboral en todo concepto.\",\"publisher\":{\"@id\":\"https:\/\/soymat.com\/#organization\"},\"alternateName\":\"So&Mat\",\"potentialAction\":[{\"@type\":\"SearchAction\",\"target\":{\"@type\":\"EntryPoint\",\"urlTemplate\":\"https:\/\/soymat.com\/?s={search_term_string}\"},\"query-input\":{\"@type\":\"PropertyValueSpecification\",\"valueRequired\":true,\"valueName\":\"search_term_string\"}}],\"inLanguage\":\"es-AR\"},{\"@type\":\"Organization\",\"@id\":\"https:\/\/soymat.com\/#organization\",\"name\":\"So&Mat\",\"url\":\"https:\/\/soymat.com\/\",\"logo\":{\"@type\":\"ImageObject\",\"inLanguage\":\"es-AR\",\"@id\":\"https:\/\/soymat.com\/#\/schema\/logo\/image\/\",\"url\":\"https:\/\/soymat.com\/wp-content\/uploads\/2024\/08\/SoyMat.jpg\",\"contentUrl\":\"https:\/\/soymat.com\/wp-content\/uploads\/2024\/08\/SoyMat.jpg\",\"width\":600,\"height\":236,\"caption\":\"So&Mat\"},\"image\":{\"@id\":\"https:\/\/soymat.com\/#\/schema\/logo\/image\/\"}}]}<\/script>\n<!-- \/ Yoast SEO Premium plugin. -->","yoast_head_json":{"title":"Bot\u00edn Pisfer c\/puntera Acero - SoyMat \u2013 Seguridad Industrial","robots":{"index":"index","follow":"follow","max-snippet":"max-snippet:-1","max-image-preview":"max-image-preview:large","max-video-preview":"max-video-preview:-1"},"canonical":"https:\/\/soymat.com\/es\/producto\/botin-pisfer-c-puntera-acero\/","og_locale":"es_ES","og_type":"article","og_title":"Bot\u00edn Pisfer c\/puntera Acero","og_description":"Botin Pisfer &#8211; Cuero Box, Negro. PLANTA PU BIDENSIDAD &#8211; Con puntera de ACERO Propiedades: Diel\u00e9ctrico &#8211; Antimic\u00f3tico &#8211; Permebilidad al vapor de humedad &#8211; Planta antideslizante &#8211; Planta autolimpiante &#8211; Resistente a los aceites &#8211; Resistente a los hidrocarburos &#8211; Shockabsorver &#8211; Trabaescalera &nbsp; Capellada: Cuero vacuno Box seleccionado de primera calidad, de espesor [&hellip;]","og_url":"https:\/\/soymat.com\/es\/producto\/botin-pisfer-c-puntera-acero\/","og_site_name":"SoyMat \u2013 Seguridad Industrial","article_modified_time":"2026-04-17T16:09:44+00:00","og_image":[{"width":2000,"height":2000,"url":"https:\/\/soymat.com\/wp-content\/uploads\/2024\/08\/botin-pisfer-lateral-2.jpg","type":"image\/jpeg"}],"twitter_card":"summary_large_image","twitter_misc":{"Tiempo de lectura":"1 minuto"},"schema":{"@context":"https:\/\/schema.org","@graph":[{"@type":"WebPage","@id":"https:\/\/soymat.com\/producto\/botin-pisfer-c-puntera-acero\/","url":"https:\/\/soymat.com\/producto\/botin-pisfer-c-puntera-acero\/","name":"Bot\u00edn Pisfer c\/puntera Acero - SoyMat \u2013 Seguridad Industrial","isPartOf":{"@id":"https:\/\/soymat.com\/#website"},"primaryImageOfPage":{"@id":"https:\/\/soymat.com\/producto\/botin-pisfer-c-puntera-acero\/#primaryimage"},"image":{"@id":"https:\/\/soymat.com\/producto\/botin-pisfer-c-puntera-acero\/#primaryimage"},"thumbnailUrl":"https:\/\/soymat.com\/wp-content\/uploads\/2024\/08\/botin-pisfer-lateral-2.jpg","datePublished":"2024-08-21T16:44:18+00:00","dateModified":"2026-04-17T16:09:44+00:00","breadcrumb":{"@id":"https:\/\/soymat.com\/producto\/botin-pisfer-c-puntera-acero\/#breadcrumb"},"inLanguage":"es-AR","potentialAction":[{"@type":"ReadAction","target":["https:\/\/soymat.com\/producto\/botin-pisfer-c-puntera-acero\/"]}]},{"@type":"ImageObject","inLanguage":"es-AR","@id":"https:\/\/soymat.com\/producto\/botin-pisfer-c-puntera-acero\/#primaryimage","url":"https:\/\/soymat.com\/wp-content\/uploads\/2024\/08\/botin-pisfer-lateral-2.jpg","contentUrl":"https:\/\/soymat.com\/wp-content\/uploads\/2024\/08\/botin-pisfer-lateral-2.jpg","width":2000,"height":2000},{"@type":"BreadcrumbList","@id":"https:\/\/soymat.com\/producto\/botin-pisfer-c-puntera-acero\/#breadcrumb","itemListElement":[{"@type":"ListItem","position":1,"name":"Portada","item":"https:\/\/soymat.com\/"},{"@type":"ListItem","position":2,"name":"Todos los Productos","item":"https:\/\/soymat.com\/shop\/"},{"@type":"ListItem","position":3,"name":"Bot\u00edn Pisfer c\/puntera Acero"}]},{"@type":"WebSite","@id":"https:\/\/soymat.com\/#website","url":"https:\/\/soymat.com\/","name":"So&Mat","description":"Empresa Dedicada a la protecci\u00f3n global contra incendio . matafuegos redes bombas,venta instalaci\u00f3n y service, protecci\u00f3n y confort laboral en todo concepto.","publisher":{"@id":"https:\/\/soymat.com\/#organization"},"alternateName":"So&Mat","potentialAction":[{"@type":"SearchAction","target":{"@type":"EntryPoint","urlTemplate":"https:\/\/soymat.com\/?s={search_term_string}"},"query-input":{"@type":"PropertyValueSpecification","valueRequired":true,"valueName":"search_term_string"}}],"inLanguage":"es-AR"},{"@type":"Organization","@id":"https:\/\/soymat.com\/#organization","name":"So&Mat","url":"https:\/\/soymat.com\/","logo":{"@type":"ImageObject","inLanguage":"es-AR","@id":"https:\/\/soymat.com\/#\/schema\/logo\/image\/","url":"https:\/\/soymat.com\/wp-content\/uploads\/2024\/08\/SoyMat.jpg","contentUrl":"https:\/\/soymat.com\/wp-content\/uploads\/2024\/08\/SoyMat.jpg","width":600,"height":236,"caption":"So&Mat"},"image":{"@id":"https:\/\/soymat.com\/#\/schema\/logo\/image\/"}}]}},"_links":{"self":[{"href":"https:\/\/soymat.com\/es\/wp-json\/wp\/v2\/product\/19862","targetHints":{"allow":["GET"]}}],"collection":[{"href":"https:\/\/soymat.com\/es\/wp-json\/wp\/v2\/product"}],"about":[{"href":"https:\/\/soymat.com\/es\/wp-json\/wp\/v2\/types\/product"}],"wp:featuredmedia":[{"embeddable":true,"href":"https:\/\/soymat.com\/es\/wp-json\/wp\/v2\/media\/17717"}],"wp:attachment":[{"href":"https:\/\/soymat.com\/es\/wp-json\/wp\/v2\/media?parent=19862"}],"wp:term":[{"taxonomy":"product_cat","embeddable":true,"href":"https:\/\/soymat.com\/es\/wp-json\/wp\/v2\/product_cat?post=19862"},{"taxonomy":"product_tag","embeddable":true,"href":"https:\/\/soymat.com\/es\/wp-json\/wp\/v2\/product_tag?post=19862"}],"curies":[{"name":"wp","href":"https:\/\/api.w.org\/{rel}","templated":true}]}}