{"id":19897,"date":"2024-08-21T13:44:55","date_gmt":"2024-08-21T16:44:55","guid":{"rendered":"http:\/\/34.225.25.86\/?post_type=product&#038;p=19897"},"modified":"2026-03-03T07:10:15","modified_gmt":"2026-03-03T10:10:15","slug":"compresor-100lts-2-0hp-220v-bta","status":"publish","type":"product","link":"https:\/\/soymat.com\/es\/producto\/compresor-100lts-2-0hp-220v-bta\/","title":{"rendered":"Compresor 100Lts. 2.0HP 220V BTA"},"content":{"rendered":"<p><strong>Compresor 100Lts. 2.0 HP 220V BTA<\/strong><\/p>\n<p>COMPRESOR Y-CA2-100-6 2.0HP 100L BTA<\/p>\n<p>Cod. 272058.3<\/p>\n<p>&nbsp;<\/p>\n<p>Categor\u00edas:<br \/>\n2HP, COMPRESORES, Mando Directo, Monof\u00e1sico<\/p>\n<p>Tipo: Y-CA2-100-6<br \/>\nPotencia: 2 HP<br \/>\nTensi\u00f3n: 220 V\/50 hz<br \/>\nI. m\u00e1xima: 7 A<br \/>\nCapacidad tanque: 100 lts.<br \/>\nVelocidad: 2900 rpm<br \/>\nAdm. de aire: 206 l\/min<br \/>\nPresi\u00f3n m\u00e1x.: 8 Bar (116 PSI)<\/p>","protected":false},"excerpt":{"rendered":"<p>Compresor 100Lts. 2.0 HP 220V BTA COMPRESOR Y-CA2-100-6 2.0HP 100L BTA Cod. 272058.3 &nbsp; Categor\u00edas: 2HP, COMPRESORES, Mando Directo, Monof\u00e1sico Tipo: Y-CA2-100-6 Potencia: 2 HP Tensi\u00f3n: 220 V\/50 hz I. m\u00e1xima: 7 A Capacidad tanque: 100 lts. Velocidad: 2900 rpm Adm. de aire: 206 l\/min Presi\u00f3n m\u00e1x.: 8 Bar (116 PSI)<\/p>","protected":false},"featured_media":17759,"template":"","meta":[],"product_cat":[191],"product_tag":[192,193,194,195,196],"class_list":{"0":"post-19897","1":"product","2":"type-product","3":"status-publish","4":"has-post-thumbnail","6":"product_brand-maquinas-y-herramientas-bta-tools","7":"product_cat-maquinas-y-herramientas","8":"product_tag-compresor","9":"product_tag-ferreteria","10":"product_tag-mando-directo","11":"product_tag-monofasico","12":"product_tag-taller","14":"first","15":"instock","16":"taxable","17":"shipping-taxable","18":"purchasable","19":"product-type-simple","20":"add-to-wishlist-after_add_to_cart"},"yoast_head":"<!-- This site is optimized with the Yoast SEO Premium plugin v26.9 (Yoast SEO v26.9) - https:\/\/yoast.com\/product\/yoast-seo-premium-wordpress\/ -->\n<title>Compresor 100Lts. 2.0HP 220V BTA - SoyMat \u2013 Seguridad Industrial<\/title>\n<meta name=\"robots\" content=\"index, follow, max-snippet:-1, max-image-preview:large, max-video-preview:-1\" \/>\n<link rel=\"canonical\" href=\"https:\/\/soymat.com\/es\/producto\/compresor-100lts-2-0hp-220v-bta\/\" \/>\n<meta property=\"og:locale\" content=\"es_ES\" \/>\n<meta property=\"og:type\" content=\"article\" \/>\n<meta property=\"og:title\" content=\"Compresor 100Lts. 2.0HP 220V BTA\" \/>\n<meta property=\"og:description\" content=\"Compresor 100Lts. 2.0 HP 220V BTA COMPRESOR Y-CA2-100-6 2.0HP 100L BTA Cod. 272058.3 &nbsp; Categor\u00edas: 2HP, COMPRESORES, Mando Directo, Monof\u00e1sico Tipo: Y-CA2-100-6 Potencia: 2 HP Tensi\u00f3n: 220 V\/50 hz I. m\u00e1xima: 7 A Capacidad tanque: 100 lts. Velocidad: 2900 rpm Adm. de aire: 206 l\/min Presi\u00f3n m\u00e1x.: 8 Bar (116 PSI)\" \/>\n<meta property=\"og:url\" content=\"https:\/\/soymat.com\/es\/producto\/compresor-100lts-2-0hp-220v-bta\/\" \/>\n<meta property=\"og:site_name\" content=\"SoyMat \u2013 Seguridad Industrial\" \/>\n<meta property=\"article:modified_time\" content=\"2026-03-03T10:10:15+00:00\" \/>\n<meta property=\"og:image\" content=\"https:\/\/soymat.com\/wp-content\/uploads\/2024\/08\/compresor-bta-100lts.jpg\" \/>\n\t<meta property=\"og:image:width\" content=\"800\" \/>\n\t<meta property=\"og:image:height\" content=\"800\" \/>\n\t<meta property=\"og:image:type\" content=\"image\/jpeg\" \/>\n<meta name=\"twitter:card\" content=\"summary_large_image\" \/>\n<meta name=\"twitter:label1\" content=\"Tiempo de lectura\" \/>\n\t<meta name=\"twitter:data1\" content=\"1 minuto\" \/>\n<script type=\"application\/ld+json\" class=\"yoast-schema-graph\">{\"@context\":\"https:\/\/schema.org\",\"@graph\":[{\"@type\":\"WebPage\",\"@id\":\"https:\/\/soymat.com\/producto\/compresor-100lts-2-0hp-220v-bta\/\",\"url\":\"https:\/\/soymat.com\/producto\/compresor-100lts-2-0hp-220v-bta\/\",\"name\":\"Compresor 100Lts. 2.0HP 220V BTA - SoyMat \u2013 Seguridad Industrial\",\"isPartOf\":{\"@id\":\"https:\/\/soymat.com\/#website\"},\"primaryImageOfPage\":{\"@id\":\"https:\/\/soymat.com\/producto\/compresor-100lts-2-0hp-220v-bta\/#primaryimage\"},\"image\":{\"@id\":\"https:\/\/soymat.com\/producto\/compresor-100lts-2-0hp-220v-bta\/#primaryimage\"},\"thumbnailUrl\":\"https:\/\/soymat.com\/wp-content\/uploads\/2024\/08\/compresor-bta-100lts.jpg\",\"datePublished\":\"2024-08-21T16:44:55+00:00\",\"dateModified\":\"2026-03-03T10:10:15+00:00\",\"breadcrumb\":{\"@id\":\"https:\/\/soymat.com\/producto\/compresor-100lts-2-0hp-220v-bta\/#breadcrumb\"},\"inLanguage\":\"es-AR\",\"potentialAction\":[{\"@type\":\"ReadAction\",\"target\":[\"https:\/\/soymat.com\/producto\/compresor-100lts-2-0hp-220v-bta\/\"]}]},{\"@type\":\"ImageObject\",\"inLanguage\":\"es-AR\",\"@id\":\"https:\/\/soymat.com\/producto\/compresor-100lts-2-0hp-220v-bta\/#primaryimage\",\"url\":\"https:\/\/soymat.com\/wp-content\/uploads\/2024\/08\/compresor-bta-100lts.jpg\",\"contentUrl\":\"https:\/\/soymat.com\/wp-content\/uploads\/2024\/08\/compresor-bta-100lts.jpg\",\"width\":800,\"height\":800},{\"@type\":\"BreadcrumbList\",\"@id\":\"https:\/\/soymat.com\/producto\/compresor-100lts-2-0hp-220v-bta\/#breadcrumb\",\"itemListElement\":[{\"@type\":\"ListItem\",\"position\":1,\"name\":\"Portada\",\"item\":\"https:\/\/soymat.com\/\"},{\"@type\":\"ListItem\",\"position\":2,\"name\":\"Todos los Productos\",\"item\":\"https:\/\/soymat.com\/shop\/\"},{\"@type\":\"ListItem\",\"position\":3,\"name\":\"Compresor 100Lts. 2.0HP 220V BTA\"}]},{\"@type\":\"WebSite\",\"@id\":\"https:\/\/soymat.com\/#website\",\"url\":\"https:\/\/soymat.com\/\",\"name\":\"So&Mat\",\"description\":\"Empresa Dedicada a la protecci\u00f3n global contra incendio . matafuegos redes bombas,venta instalaci\u00f3n y service, protecci\u00f3n y confort laboral en todo concepto.\",\"publisher\":{\"@id\":\"https:\/\/soymat.com\/#organization\"},\"alternateName\":\"So&Mat\",\"potentialAction\":[{\"@type\":\"SearchAction\",\"target\":{\"@type\":\"EntryPoint\",\"urlTemplate\":\"https:\/\/soymat.com\/?s={search_term_string}\"},\"query-input\":{\"@type\":\"PropertyValueSpecification\",\"valueRequired\":true,\"valueName\":\"search_term_string\"}}],\"inLanguage\":\"es-AR\"},{\"@type\":\"Organization\",\"@id\":\"https:\/\/soymat.com\/#organization\",\"name\":\"So&Mat\",\"url\":\"https:\/\/soymat.com\/\",\"logo\":{\"@type\":\"ImageObject\",\"inLanguage\":\"es-AR\",\"@id\":\"https:\/\/soymat.com\/#\/schema\/logo\/image\/\",\"url\":\"https:\/\/soymat.com\/wp-content\/uploads\/2024\/08\/SoyMat.jpg\",\"contentUrl\":\"https:\/\/soymat.com\/wp-content\/uploads\/2024\/08\/SoyMat.jpg\",\"width\":600,\"height\":236,\"caption\":\"So&Mat\"},\"image\":{\"@id\":\"https:\/\/soymat.com\/#\/schema\/logo\/image\/\"}}]}<\/script>\n<!-- \/ Yoast SEO Premium plugin. -->","yoast_head_json":{"title":"Compresor 100Lts. 2.0HP 220V BTA - SoyMat \u2013 Seguridad Industrial","robots":{"index":"index","follow":"follow","max-snippet":"max-snippet:-1","max-image-preview":"max-image-preview:large","max-video-preview":"max-video-preview:-1"},"canonical":"https:\/\/soymat.com\/es\/producto\/compresor-100lts-2-0hp-220v-bta\/","og_locale":"es_ES","og_type":"article","og_title":"Compresor 100Lts. 2.0HP 220V BTA","og_description":"Compresor 100Lts. 2.0 HP 220V BTA COMPRESOR Y-CA2-100-6 2.0HP 100L BTA Cod. 272058.3 &nbsp; Categor\u00edas: 2HP, COMPRESORES, Mando Directo, Monof\u00e1sico Tipo: Y-CA2-100-6 Potencia: 2 HP Tensi\u00f3n: 220 V\/50 hz I. m\u00e1xima: 7 A Capacidad tanque: 100 lts. Velocidad: 2900 rpm Adm. de aire: 206 l\/min Presi\u00f3n m\u00e1x.: 8 Bar (116 PSI)","og_url":"https:\/\/soymat.com\/es\/producto\/compresor-100lts-2-0hp-220v-bta\/","og_site_name":"SoyMat \u2013 Seguridad Industrial","article_modified_time":"2026-03-03T10:10:15+00:00","og_image":[{"width":800,"height":800,"url":"https:\/\/soymat.com\/wp-content\/uploads\/2024\/08\/compresor-bta-100lts.jpg","type":"image\/jpeg"}],"twitter_card":"summary_large_image","twitter_misc":{"Tiempo de lectura":"1 minuto"},"schema":{"@context":"https:\/\/schema.org","@graph":[{"@type":"WebPage","@id":"https:\/\/soymat.com\/producto\/compresor-100lts-2-0hp-220v-bta\/","url":"https:\/\/soymat.com\/producto\/compresor-100lts-2-0hp-220v-bta\/","name":"Compresor 100Lts. 2.0HP 220V BTA - SoyMat \u2013 Seguridad Industrial","isPartOf":{"@id":"https:\/\/soymat.com\/#website"},"primaryImageOfPage":{"@id":"https:\/\/soymat.com\/producto\/compresor-100lts-2-0hp-220v-bta\/#primaryimage"},"image":{"@id":"https:\/\/soymat.com\/producto\/compresor-100lts-2-0hp-220v-bta\/#primaryimage"},"thumbnailUrl":"https:\/\/soymat.com\/wp-content\/uploads\/2024\/08\/compresor-bta-100lts.jpg","datePublished":"2024-08-21T16:44:55+00:00","dateModified":"2026-03-03T10:10:15+00:00","breadcrumb":{"@id":"https:\/\/soymat.com\/producto\/compresor-100lts-2-0hp-220v-bta\/#breadcrumb"},"inLanguage":"es-AR","potentialAction":[{"@type":"ReadAction","target":["https:\/\/soymat.com\/producto\/compresor-100lts-2-0hp-220v-bta\/"]}]},{"@type":"ImageObject","inLanguage":"es-AR","@id":"https:\/\/soymat.com\/producto\/compresor-100lts-2-0hp-220v-bta\/#primaryimage","url":"https:\/\/soymat.com\/wp-content\/uploads\/2024\/08\/compresor-bta-100lts.jpg","contentUrl":"https:\/\/soymat.com\/wp-content\/uploads\/2024\/08\/compresor-bta-100lts.jpg","width":800,"height":800},{"@type":"BreadcrumbList","@id":"https:\/\/soymat.com\/producto\/compresor-100lts-2-0hp-220v-bta\/#breadcrumb","itemListElement":[{"@type":"ListItem","position":1,"name":"Portada","item":"https:\/\/soymat.com\/"},{"@type":"ListItem","position":2,"name":"Todos los Productos","item":"https:\/\/soymat.com\/shop\/"},{"@type":"ListItem","position":3,"name":"Compresor 100Lts. 2.0HP 220V BTA"}]},{"@type":"WebSite","@id":"https:\/\/soymat.com\/#website","url":"https:\/\/soymat.com\/","name":"So&Mat","description":"Empresa Dedicada a la protecci\u00f3n global contra incendio . matafuegos redes bombas,venta instalaci\u00f3n y service, protecci\u00f3n y confort laboral en todo concepto.","publisher":{"@id":"https:\/\/soymat.com\/#organization"},"alternateName":"So&Mat","potentialAction":[{"@type":"SearchAction","target":{"@type":"EntryPoint","urlTemplate":"https:\/\/soymat.com\/?s={search_term_string}"},"query-input":{"@type":"PropertyValueSpecification","valueRequired":true,"valueName":"search_term_string"}}],"inLanguage":"es-AR"},{"@type":"Organization","@id":"https:\/\/soymat.com\/#organization","name":"So&Mat","url":"https:\/\/soymat.com\/","logo":{"@type":"ImageObject","inLanguage":"es-AR","@id":"https:\/\/soymat.com\/#\/schema\/logo\/image\/","url":"https:\/\/soymat.com\/wp-content\/uploads\/2024\/08\/SoyMat.jpg","contentUrl":"https:\/\/soymat.com\/wp-content\/uploads\/2024\/08\/SoyMat.jpg","width":600,"height":236,"caption":"So&Mat"},"image":{"@id":"https:\/\/soymat.com\/#\/schema\/logo\/image\/"}}]}},"_links":{"self":[{"href":"https:\/\/soymat.com\/es\/wp-json\/wp\/v2\/product\/19897","targetHints":{"allow":["GET"]}}],"collection":[{"href":"https:\/\/soymat.com\/es\/wp-json\/wp\/v2\/product"}],"about":[{"href":"https:\/\/soymat.com\/es\/wp-json\/wp\/v2\/types\/product"}],"wp:featuredmedia":[{"embeddable":true,"href":"https:\/\/soymat.com\/es\/wp-json\/wp\/v2\/media\/17759"}],"wp:attachment":[{"href":"https:\/\/soymat.com\/es\/wp-json\/wp\/v2\/media?parent=19897"}],"wp:term":[{"taxonomy":"product_cat","embeddable":true,"href":"https:\/\/soymat.com\/es\/wp-json\/wp\/v2\/product_cat?post=19897"},{"taxonomy":"product_tag","embeddable":true,"href":"https:\/\/soymat.com\/es\/wp-json\/wp\/v2\/product_tag?post=19897"}],"curies":[{"name":"wp","href":"https:\/\/api.w.org\/{rel}","templated":true}]}}