{"id":19904,"date":"2024-08-21T13:44:56","date_gmt":"2024-08-21T16:44:56","guid":{"rendered":"http:\/\/34.225.25.86\/?post_type=product&#038;p=19904"},"modified":"2026-03-27T10:06:49","modified_gmt":"2026-03-27T13:06:49","slug":"taladro-atornilaldor-a-bateria-13mm-18v-flex-one-dowen-pagio","status":"publish","type":"product","link":"https:\/\/soymat.com\/es\/producto\/taladro-atornilaldor-a-bateria-13mm-18v-flex-one-dowen-pagio\/","title":{"rendered":"Taladro Percutor &#8211; 13mm 18V Flex One Dowen Pagio"},"content":{"rendered":"<p><strong>Taladro Atornilaldor a Bateria &#8211; 13mm 18V Flex One Dowen Pagio<\/strong><\/p>\n<p>TALADRO PERC.BAT.13mm 18V FLEX ONE DOWEN PAGIO<br \/>\nCod. 9993121<\/p>\n<p><em><strong>Incluye: Malet\u00edn pl\u00e1stico para protecci\u00f3n y trasporte. Mandril de metal<\/strong><\/em><\/p>\n<p>Tipo: TPB1318P<br \/>\nTensi\u00f3n Taladro: 18Vcc<br \/>\nCapacidad bater\u00eda: 18Vcc \u2013 2,0 Ah<br \/>\nTensi\u00f3n Cargador: 220V \u2013 50Hz<br \/>\nTiempo Carga Bater\u00eda: 1 Hr<br \/>\nBater\u00eda Tipo: Ion-Litio<br \/>\nCapacidad mandril: 13mm<br \/>\nTorque Max: 40 Nm<br \/>\nVelocidad variable: 0 \u2013 440\/ 0 \u2013 1650 min-1<br \/>\nGolpes x minuto: 0 \u2013 7920\/ 0 \u2013 29700 gpm<\/p>\n<p>Selector con 20 posiciones de torque + Taladro. Torque m\u00e1ximo 40 Nm.<br \/>\nLuz LED incorporada para una mejor visi\u00f3n.<br \/>\nSoporte met\u00e1lico para colgado en cintur\u00f3n.<br \/>\nBater\u00eda con sistema FLEX ONE, (1 bater\u00eda, todos los modelos) con indicador LED de nivel de carga.<\/p>","protected":false},"excerpt":{"rendered":"<p>Taladro Atornilaldor a Bateria &#8211; 13mm 18V Flex One Dowen Pagio TALADRO PERC.BAT.13mm 18V FLEX ONE DOWEN PAGIO Cod. 9993121 Incluye: Malet\u00edn pl\u00e1stico para protecci\u00f3n y trasporte. Mandril de metal Tipo: TPB1318P Tensi\u00f3n Taladro: 18Vcc Capacidad bater\u00eda: 18Vcc \u2013 2,0 Ah Tensi\u00f3n Cargador: 220V \u2013 50Hz Tiempo Carga Bater\u00eda: 1 Hr Bater\u00eda Tipo: Ion-Litio Capacidad [&hellip;]<\/p>\n","protected":false},"featured_media":17772,"template":"","meta":[],"product_cat":[191],"product_tag":[197,198,199,200,201],"class_list":{"0":"post-19904","1":"product","2":"type-product","3":"status-publish","4":"has-post-thumbnail","6":"product_brand-dowen-pagio-herramientas","7":"product_cat-maquinas-y-herramientas","8":"product_tag-atornillador","9":"product_tag-flex-one","10":"product_tag-herramientas-a-bateria","11":"product_tag-taladros","12":"product_tag-taladros-a-bateria","14":"first","15":"instock","16":"taxable","17":"shipping-taxable","18":"purchasable","19":"product-type-simple","20":"add-to-wishlist-after_add_to_cart"},"yoast_head":"<!-- This site is optimized with the Yoast SEO Premium plugin v26.9 (Yoast SEO v26.9) - https:\/\/yoast.com\/product\/yoast-seo-premium-wordpress\/ -->\n<title>Taladro Percutor - 13mm 18V Flex One Dowen Pagio - SoyMat \u2013 Seguridad Industrial<\/title>\n<meta name=\"robots\" content=\"index, follow, max-snippet:-1, max-image-preview:large, max-video-preview:-1\" \/>\n<link rel=\"canonical\" href=\"https:\/\/soymat.com\/es\/producto\/taladro-atornilaldor-a-bateria-13mm-18v-flex-one-dowen-pagio\/\" \/>\n<meta property=\"og:locale\" content=\"es_ES\" \/>\n<meta property=\"og:type\" content=\"article\" \/>\n<meta property=\"og:title\" content=\"Taladro Percutor - 13mm 18V Flex One Dowen Pagio\" \/>\n<meta property=\"og:description\" content=\"Taladro Atornilaldor a Bateria &#8211; 13mm 18V Flex One Dowen Pagio TALADRO PERC.BAT.13mm 18V FLEX ONE DOWEN PAGIO Cod. 9993121 Incluye: Malet\u00edn pl\u00e1stico para protecci\u00f3n y trasporte. Mandril de metal Tipo: TPB1318P Tensi\u00f3n Taladro: 18Vcc Capacidad bater\u00eda: 18Vcc \u2013 2,0 Ah Tensi\u00f3n Cargador: 220V \u2013 50Hz Tiempo Carga Bater\u00eda: 1 Hr Bater\u00eda Tipo: Ion-Litio Capacidad [&hellip;]\" \/>\n<meta property=\"og:url\" content=\"https:\/\/soymat.com\/es\/producto\/taladro-atornilaldor-a-bateria-13mm-18v-flex-one-dowen-pagio\/\" \/>\n<meta property=\"og:site_name\" content=\"SoyMat \u2013 Seguridad Industrial\" \/>\n<meta property=\"article:modified_time\" content=\"2026-03-27T13:06:49+00:00\" \/>\n<meta property=\"og:image\" content=\"https:\/\/soymat.com\/wp-content\/uploads\/2024\/08\/9993121-taladro-perc-flex-one_1.jpg\" \/>\n\t<meta property=\"og:image:width\" content=\"600\" \/>\n\t<meta property=\"og:image:height\" content=\"600\" \/>\n\t<meta property=\"og:image:type\" content=\"image\/jpeg\" \/>\n<meta name=\"twitter:card\" content=\"summary_large_image\" \/>\n<meta name=\"twitter:label1\" content=\"Tiempo de lectura\" \/>\n\t<meta name=\"twitter:data1\" content=\"1 minuto\" \/>\n<script type=\"application\/ld+json\" class=\"yoast-schema-graph\">{\"@context\":\"https:\/\/schema.org\",\"@graph\":[{\"@type\":\"WebPage\",\"@id\":\"https:\/\/soymat.com\/producto\/taladro-atornilaldor-a-bateria-13mm-18v-flex-one-dowen-pagio\/\",\"url\":\"https:\/\/soymat.com\/producto\/taladro-atornilaldor-a-bateria-13mm-18v-flex-one-dowen-pagio\/\",\"name\":\"Taladro Percutor - 13mm 18V Flex One Dowen Pagio - SoyMat \u2013 Seguridad Industrial\",\"isPartOf\":{\"@id\":\"https:\/\/soymat.com\/#website\"},\"primaryImageOfPage\":{\"@id\":\"https:\/\/soymat.com\/producto\/taladro-atornilaldor-a-bateria-13mm-18v-flex-one-dowen-pagio\/#primaryimage\"},\"image\":{\"@id\":\"https:\/\/soymat.com\/producto\/taladro-atornilaldor-a-bateria-13mm-18v-flex-one-dowen-pagio\/#primaryimage\"},\"thumbnailUrl\":\"https:\/\/soymat.com\/wp-content\/uploads\/2024\/08\/9993121-taladro-perc-flex-one_1.jpg\",\"datePublished\":\"2024-08-21T16:44:56+00:00\",\"dateModified\":\"2026-03-27T13:06:49+00:00\",\"breadcrumb\":{\"@id\":\"https:\/\/soymat.com\/producto\/taladro-atornilaldor-a-bateria-13mm-18v-flex-one-dowen-pagio\/#breadcrumb\"},\"inLanguage\":\"es-AR\",\"potentialAction\":[{\"@type\":\"ReadAction\",\"target\":[\"https:\/\/soymat.com\/producto\/taladro-atornilaldor-a-bateria-13mm-18v-flex-one-dowen-pagio\/\"]}]},{\"@type\":\"ImageObject\",\"inLanguage\":\"es-AR\",\"@id\":\"https:\/\/soymat.com\/producto\/taladro-atornilaldor-a-bateria-13mm-18v-flex-one-dowen-pagio\/#primaryimage\",\"url\":\"https:\/\/soymat.com\/wp-content\/uploads\/2024\/08\/9993121-taladro-perc-flex-one_1.jpg\",\"contentUrl\":\"https:\/\/soymat.com\/wp-content\/uploads\/2024\/08\/9993121-taladro-perc-flex-one_1.jpg\",\"width\":600,\"height\":600},{\"@type\":\"BreadcrumbList\",\"@id\":\"https:\/\/soymat.com\/producto\/taladro-atornilaldor-a-bateria-13mm-18v-flex-one-dowen-pagio\/#breadcrumb\",\"itemListElement\":[{\"@type\":\"ListItem\",\"position\":1,\"name\":\"Portada\",\"item\":\"https:\/\/soymat.com\/\"},{\"@type\":\"ListItem\",\"position\":2,\"name\":\"Todos los Productos\",\"item\":\"https:\/\/soymat.com\/shop\/\"},{\"@type\":\"ListItem\",\"position\":3,\"name\":\"Taladro Percutor &#8211; 13mm 18V Flex One Dowen Pagio\"}]},{\"@type\":\"WebSite\",\"@id\":\"https:\/\/soymat.com\/#website\",\"url\":\"https:\/\/soymat.com\/\",\"name\":\"So&Mat\",\"description\":\"Empresa Dedicada a la protecci\u00f3n global contra incendio . matafuegos redes bombas,venta instalaci\u00f3n y service, protecci\u00f3n y confort laboral en todo concepto.\",\"publisher\":{\"@id\":\"https:\/\/soymat.com\/#organization\"},\"alternateName\":\"So&Mat\",\"potentialAction\":[{\"@type\":\"SearchAction\",\"target\":{\"@type\":\"EntryPoint\",\"urlTemplate\":\"https:\/\/soymat.com\/?s={search_term_string}\"},\"query-input\":{\"@type\":\"PropertyValueSpecification\",\"valueRequired\":true,\"valueName\":\"search_term_string\"}}],\"inLanguage\":\"es-AR\"},{\"@type\":\"Organization\",\"@id\":\"https:\/\/soymat.com\/#organization\",\"name\":\"So&Mat\",\"url\":\"https:\/\/soymat.com\/\",\"logo\":{\"@type\":\"ImageObject\",\"inLanguage\":\"es-AR\",\"@id\":\"https:\/\/soymat.com\/#\/schema\/logo\/image\/\",\"url\":\"https:\/\/soymat.com\/wp-content\/uploads\/2024\/08\/SoyMat.jpg\",\"contentUrl\":\"https:\/\/soymat.com\/wp-content\/uploads\/2024\/08\/SoyMat.jpg\",\"width\":600,\"height\":236,\"caption\":\"So&Mat\"},\"image\":{\"@id\":\"https:\/\/soymat.com\/#\/schema\/logo\/image\/\"}}]}<\/script>\n<!-- \/ Yoast SEO Premium plugin. -->","yoast_head_json":{"title":"Taladro Percutor - 13mm 18V Flex One Dowen Pagio - SoyMat \u2013 Seguridad Industrial","robots":{"index":"index","follow":"follow","max-snippet":"max-snippet:-1","max-image-preview":"max-image-preview:large","max-video-preview":"max-video-preview:-1"},"canonical":"https:\/\/soymat.com\/es\/producto\/taladro-atornilaldor-a-bateria-13mm-18v-flex-one-dowen-pagio\/","og_locale":"es_ES","og_type":"article","og_title":"Taladro Percutor - 13mm 18V Flex One Dowen Pagio","og_description":"Taladro Atornilaldor a Bateria &#8211; 13mm 18V Flex One Dowen Pagio TALADRO PERC.BAT.13mm 18V FLEX ONE DOWEN PAGIO Cod. 9993121 Incluye: Malet\u00edn pl\u00e1stico para protecci\u00f3n y trasporte. Mandril de metal Tipo: TPB1318P Tensi\u00f3n Taladro: 18Vcc Capacidad bater\u00eda: 18Vcc \u2013 2,0 Ah Tensi\u00f3n Cargador: 220V \u2013 50Hz Tiempo Carga Bater\u00eda: 1 Hr Bater\u00eda Tipo: Ion-Litio Capacidad [&hellip;]","og_url":"https:\/\/soymat.com\/es\/producto\/taladro-atornilaldor-a-bateria-13mm-18v-flex-one-dowen-pagio\/","og_site_name":"SoyMat \u2013 Seguridad Industrial","article_modified_time":"2026-03-27T13:06:49+00:00","og_image":[{"width":600,"height":600,"url":"https:\/\/soymat.com\/wp-content\/uploads\/2024\/08\/9993121-taladro-perc-flex-one_1.jpg","type":"image\/jpeg"}],"twitter_card":"summary_large_image","twitter_misc":{"Tiempo de lectura":"1 minuto"},"schema":{"@context":"https:\/\/schema.org","@graph":[{"@type":"WebPage","@id":"https:\/\/soymat.com\/producto\/taladro-atornilaldor-a-bateria-13mm-18v-flex-one-dowen-pagio\/","url":"https:\/\/soymat.com\/producto\/taladro-atornilaldor-a-bateria-13mm-18v-flex-one-dowen-pagio\/","name":"Taladro Percutor - 13mm 18V Flex One Dowen Pagio - SoyMat \u2013 Seguridad Industrial","isPartOf":{"@id":"https:\/\/soymat.com\/#website"},"primaryImageOfPage":{"@id":"https:\/\/soymat.com\/producto\/taladro-atornilaldor-a-bateria-13mm-18v-flex-one-dowen-pagio\/#primaryimage"},"image":{"@id":"https:\/\/soymat.com\/producto\/taladro-atornilaldor-a-bateria-13mm-18v-flex-one-dowen-pagio\/#primaryimage"},"thumbnailUrl":"https:\/\/soymat.com\/wp-content\/uploads\/2024\/08\/9993121-taladro-perc-flex-one_1.jpg","datePublished":"2024-08-21T16:44:56+00:00","dateModified":"2026-03-27T13:06:49+00:00","breadcrumb":{"@id":"https:\/\/soymat.com\/producto\/taladro-atornilaldor-a-bateria-13mm-18v-flex-one-dowen-pagio\/#breadcrumb"},"inLanguage":"es-AR","potentialAction":[{"@type":"ReadAction","target":["https:\/\/soymat.com\/producto\/taladro-atornilaldor-a-bateria-13mm-18v-flex-one-dowen-pagio\/"]}]},{"@type":"ImageObject","inLanguage":"es-AR","@id":"https:\/\/soymat.com\/producto\/taladro-atornilaldor-a-bateria-13mm-18v-flex-one-dowen-pagio\/#primaryimage","url":"https:\/\/soymat.com\/wp-content\/uploads\/2024\/08\/9993121-taladro-perc-flex-one_1.jpg","contentUrl":"https:\/\/soymat.com\/wp-content\/uploads\/2024\/08\/9993121-taladro-perc-flex-one_1.jpg","width":600,"height":600},{"@type":"BreadcrumbList","@id":"https:\/\/soymat.com\/producto\/taladro-atornilaldor-a-bateria-13mm-18v-flex-one-dowen-pagio\/#breadcrumb","itemListElement":[{"@type":"ListItem","position":1,"name":"Portada","item":"https:\/\/soymat.com\/"},{"@type":"ListItem","position":2,"name":"Todos los Productos","item":"https:\/\/soymat.com\/shop\/"},{"@type":"ListItem","position":3,"name":"Taladro Percutor &#8211; 13mm 18V Flex One Dowen Pagio"}]},{"@type":"WebSite","@id":"https:\/\/soymat.com\/#website","url":"https:\/\/soymat.com\/","name":"So&Mat","description":"Empresa Dedicada a la protecci\u00f3n global contra incendio . matafuegos redes bombas,venta instalaci\u00f3n y service, protecci\u00f3n y confort laboral en todo concepto.","publisher":{"@id":"https:\/\/soymat.com\/#organization"},"alternateName":"So&Mat","potentialAction":[{"@type":"SearchAction","target":{"@type":"EntryPoint","urlTemplate":"https:\/\/soymat.com\/?s={search_term_string}"},"query-input":{"@type":"PropertyValueSpecification","valueRequired":true,"valueName":"search_term_string"}}],"inLanguage":"es-AR"},{"@type":"Organization","@id":"https:\/\/soymat.com\/#organization","name":"So&Mat","url":"https:\/\/soymat.com\/","logo":{"@type":"ImageObject","inLanguage":"es-AR","@id":"https:\/\/soymat.com\/#\/schema\/logo\/image\/","url":"https:\/\/soymat.com\/wp-content\/uploads\/2024\/08\/SoyMat.jpg","contentUrl":"https:\/\/soymat.com\/wp-content\/uploads\/2024\/08\/SoyMat.jpg","width":600,"height":236,"caption":"So&Mat"},"image":{"@id":"https:\/\/soymat.com\/#\/schema\/logo\/image\/"}}]}},"_links":{"self":[{"href":"https:\/\/soymat.com\/es\/wp-json\/wp\/v2\/product\/19904","targetHints":{"allow":["GET"]}}],"collection":[{"href":"https:\/\/soymat.com\/es\/wp-json\/wp\/v2\/product"}],"about":[{"href":"https:\/\/soymat.com\/es\/wp-json\/wp\/v2\/types\/product"}],"wp:featuredmedia":[{"embeddable":true,"href":"https:\/\/soymat.com\/es\/wp-json\/wp\/v2\/media\/17772"}],"wp:attachment":[{"href":"https:\/\/soymat.com\/es\/wp-json\/wp\/v2\/media?parent=19904"}],"wp:term":[{"taxonomy":"product_cat","embeddable":true,"href":"https:\/\/soymat.com\/es\/wp-json\/wp\/v2\/product_cat?post=19904"},{"taxonomy":"product_tag","embeddable":true,"href":"https:\/\/soymat.com\/es\/wp-json\/wp\/v2\/product_tag?post=19904"}],"curies":[{"name":"wp","href":"https:\/\/api.w.org\/{rel}","templated":true}]}}