{"id":20200,"date":"2024-09-03T17:57:54","date_gmt":"2024-09-03T20:57:54","guid":{"rendered":"https:\/\/soymat.com\/?post_type=product&#038;p=20200"},"modified":"2026-04-06T13:08:09","modified_gmt":"2026-04-06T16:08:09","slug":"sierra-sensitiva-355mm-2000w-dowen-pagio","status":"publish","type":"product","link":"https:\/\/soymat.com\/es\/producto\/sierra-sensitiva-355mm-2000w-dowen-pagio\/","title":{"rendered":"Sierra Sensitiva 355mm 2000W &#8211; Dowen Pagio"},"content":{"rendered":"<p><strong>Sierra Sensitiva 355mm 2000W Dowen Pagio<\/strong><\/p>\n<p>Tipo: SS350P<br \/>\nPotencia: 2000 W<br \/>\nTensi\u00f3n: 230 V \u2013 50 Hz<br \/>\nVelocidad: 3000 min-1<br \/>\n\u00d8 disco: 355 x 25 x 3 mm<br \/>\nCapacidad de corte: 90\u00ba= 100 mm<br \/>\n45\u00ba= 70 x 170 mm<\/p>\n<p>Protecci\u00f3n de disco integrada y autom\u00e1tica<br \/>\nEmpu\u00f1adura de gran superficie con agarre adicional para traslado<br \/>\nMorsa con sistema de liberaci\u00f3n r\u00e1pida ajustable hasta 45\u00ba<\/p>","protected":false},"excerpt":{"rendered":"<p>Sierra Sensitiva 355mm 2000W Dowen Pagio Tipo: SS350P Potencia: 2000 W Tensi\u00f3n: 230 V \u2013 50 Hz Velocidad: 3000 min-1 \u00d8 disco: 355 x 25 x 3 mm Capacidad de corte: 90\u00ba= 100 mm 45\u00ba= 70 x 170 mm Protecci\u00f3n de disco integrada y autom\u00e1tica Empu\u00f1adura de gran superficie con agarre adicional para traslado Morsa [&hellip;]<\/p>\n","protected":false},"featured_media":20171,"template":"","meta":[],"product_cat":[191],"product_tag":[209,211,208,214,213,200],"class_list":{"0":"post-20200","1":"product","2":"type-product","3":"status-publish","4":"has-post-thumbnail","6":"product_brand-dowen-pagio-herramientas","7":"product_cat-maquinas-y-herramientas","8":"product_tag-herramientas","9":"product_tag-maquinas-electricas","10":"product_tag-maquinas-y-herramientas","11":"product_tag-metalurgica","12":"product_tag-sierra-sensitiva","13":"product_tag-taladros","15":"first","16":"instock","17":"taxable","18":"shipping-taxable","19":"purchasable","20":"product-type-simple","21":"add-to-wishlist-after_add_to_cart"},"yoast_head":"<!-- This site is optimized with the Yoast SEO Premium plugin v26.9 (Yoast SEO v26.9) - https:\/\/yoast.com\/product\/yoast-seo-premium-wordpress\/ -->\n<title>Sierra Sensitiva 355mm 2000W - Dowen Pagio - SoyMat \u2013 Seguridad Industrial<\/title>\n<meta name=\"robots\" content=\"index, follow, max-snippet:-1, max-image-preview:large, max-video-preview:-1\" \/>\n<link rel=\"canonical\" href=\"https:\/\/soymat.com\/es\/producto\/sierra-sensitiva-355mm-2000w-dowen-pagio\/\" \/>\n<meta property=\"og:locale\" content=\"es_ES\" \/>\n<meta property=\"og:type\" content=\"article\" \/>\n<meta property=\"og:title\" content=\"Sierra Sensitiva 355mm 2000W - Dowen Pagio\" \/>\n<meta property=\"og:description\" content=\"Sierra Sensitiva 355mm 2000W Dowen Pagio Tipo: SS350P Potencia: 2000 W Tensi\u00f3n: 230 V \u2013 50 Hz Velocidad: 3000 min-1 \u00d8 disco: 355 x 25 x 3 mm Capacidad de corte: 90\u00ba= 100 mm 45\u00ba= 70 x 170 mm Protecci\u00f3n de disco integrada y autom\u00e1tica Empu\u00f1adura de gran superficie con agarre adicional para traslado Morsa [&hellip;]\" \/>\n<meta property=\"og:url\" content=\"https:\/\/soymat.com\/es\/producto\/sierra-sensitiva-355mm-2000w-dowen-pagio\/\" \/>\n<meta property=\"og:site_name\" content=\"SoyMat \u2013 Seguridad Industrial\" \/>\n<meta property=\"article:modified_time\" content=\"2026-04-06T16:08:09+00:00\" \/>\n<meta property=\"og:image\" content=\"https:\/\/soymat.com\/wp-content\/uploads\/2024\/09\/9992660_-1.jpg\" \/>\n\t<meta property=\"og:image:width\" content=\"800\" \/>\n\t<meta property=\"og:image:height\" content=\"800\" \/>\n\t<meta property=\"og:image:type\" content=\"image\/jpeg\" \/>\n<meta name=\"twitter:card\" content=\"summary_large_image\" \/>\n<meta name=\"twitter:label1\" content=\"Tiempo de lectura\" \/>\n\t<meta name=\"twitter:data1\" content=\"1 minuto\" \/>\n<script type=\"application\/ld+json\" class=\"yoast-schema-graph\">{\"@context\":\"https:\/\/schema.org\",\"@graph\":[{\"@type\":\"WebPage\",\"@id\":\"https:\/\/soymat.com\/producto\/sierra-sensitiva-355mm-2000w-dowen-pagio\/\",\"url\":\"https:\/\/soymat.com\/producto\/sierra-sensitiva-355mm-2000w-dowen-pagio\/\",\"name\":\"Sierra Sensitiva 355mm 2000W - Dowen Pagio - SoyMat \u2013 Seguridad Industrial\",\"isPartOf\":{\"@id\":\"https:\/\/soymat.com\/#website\"},\"primaryImageOfPage\":{\"@id\":\"https:\/\/soymat.com\/producto\/sierra-sensitiva-355mm-2000w-dowen-pagio\/#primaryimage\"},\"image\":{\"@id\":\"https:\/\/soymat.com\/producto\/sierra-sensitiva-355mm-2000w-dowen-pagio\/#primaryimage\"},\"thumbnailUrl\":\"https:\/\/soymat.com\/wp-content\/uploads\/2024\/09\/9992660_-1.jpg\",\"datePublished\":\"2024-09-03T20:57:54+00:00\",\"dateModified\":\"2026-04-06T16:08:09+00:00\",\"breadcrumb\":{\"@id\":\"https:\/\/soymat.com\/producto\/sierra-sensitiva-355mm-2000w-dowen-pagio\/#breadcrumb\"},\"inLanguage\":\"es-AR\",\"potentialAction\":[{\"@type\":\"ReadAction\",\"target\":[\"https:\/\/soymat.com\/producto\/sierra-sensitiva-355mm-2000w-dowen-pagio\/\"]}]},{\"@type\":\"ImageObject\",\"inLanguage\":\"es-AR\",\"@id\":\"https:\/\/soymat.com\/producto\/sierra-sensitiva-355mm-2000w-dowen-pagio\/#primaryimage\",\"url\":\"https:\/\/soymat.com\/wp-content\/uploads\/2024\/09\/9992660_-1.jpg\",\"contentUrl\":\"https:\/\/soymat.com\/wp-content\/uploads\/2024\/09\/9992660_-1.jpg\",\"width\":800,\"height\":800,\"caption\":\"Sierra Sensitiva 355mm 2000W DP\"},{\"@type\":\"BreadcrumbList\",\"@id\":\"https:\/\/soymat.com\/producto\/sierra-sensitiva-355mm-2000w-dowen-pagio\/#breadcrumb\",\"itemListElement\":[{\"@type\":\"ListItem\",\"position\":1,\"name\":\"Portada\",\"item\":\"https:\/\/soymat.com\/\"},{\"@type\":\"ListItem\",\"position\":2,\"name\":\"Todos los Productos\",\"item\":\"https:\/\/soymat.com\/shop\/\"},{\"@type\":\"ListItem\",\"position\":3,\"name\":\"Sierra Sensitiva 355mm 2000W &#8211; Dowen Pagio\"}]},{\"@type\":\"WebSite\",\"@id\":\"https:\/\/soymat.com\/#website\",\"url\":\"https:\/\/soymat.com\/\",\"name\":\"So&Mat\",\"description\":\"Empresa Dedicada a la protecci\u00f3n global contra incendio . matafuegos redes bombas,venta instalaci\u00f3n y service, protecci\u00f3n y confort laboral en todo concepto.\",\"publisher\":{\"@id\":\"https:\/\/soymat.com\/#organization\"},\"alternateName\":\"So&Mat\",\"potentialAction\":[{\"@type\":\"SearchAction\",\"target\":{\"@type\":\"EntryPoint\",\"urlTemplate\":\"https:\/\/soymat.com\/?s={search_term_string}\"},\"query-input\":{\"@type\":\"PropertyValueSpecification\",\"valueRequired\":true,\"valueName\":\"search_term_string\"}}],\"inLanguage\":\"es-AR\"},{\"@type\":\"Organization\",\"@id\":\"https:\/\/soymat.com\/#organization\",\"name\":\"So&Mat\",\"url\":\"https:\/\/soymat.com\/\",\"logo\":{\"@type\":\"ImageObject\",\"inLanguage\":\"es-AR\",\"@id\":\"https:\/\/soymat.com\/#\/schema\/logo\/image\/\",\"url\":\"https:\/\/soymat.com\/wp-content\/uploads\/2024\/08\/SoyMat.jpg\",\"contentUrl\":\"https:\/\/soymat.com\/wp-content\/uploads\/2024\/08\/SoyMat.jpg\",\"width\":600,\"height\":236,\"caption\":\"So&Mat\"},\"image\":{\"@id\":\"https:\/\/soymat.com\/#\/schema\/logo\/image\/\"}}]}<\/script>\n<!-- \/ Yoast SEO Premium plugin. -->","yoast_head_json":{"title":"Sierra Sensitiva 355mm 2000W - Dowen Pagio - SoyMat \u2013 Seguridad Industrial","robots":{"index":"index","follow":"follow","max-snippet":"max-snippet:-1","max-image-preview":"max-image-preview:large","max-video-preview":"max-video-preview:-1"},"canonical":"https:\/\/soymat.com\/es\/producto\/sierra-sensitiva-355mm-2000w-dowen-pagio\/","og_locale":"es_ES","og_type":"article","og_title":"Sierra Sensitiva 355mm 2000W - Dowen Pagio","og_description":"Sierra Sensitiva 355mm 2000W Dowen Pagio Tipo: SS350P Potencia: 2000 W Tensi\u00f3n: 230 V \u2013 50 Hz Velocidad: 3000 min-1 \u00d8 disco: 355 x 25 x 3 mm Capacidad de corte: 90\u00ba= 100 mm 45\u00ba= 70 x 170 mm Protecci\u00f3n de disco integrada y autom\u00e1tica Empu\u00f1adura de gran superficie con agarre adicional para traslado Morsa [&hellip;]","og_url":"https:\/\/soymat.com\/es\/producto\/sierra-sensitiva-355mm-2000w-dowen-pagio\/","og_site_name":"SoyMat \u2013 Seguridad Industrial","article_modified_time":"2026-04-06T16:08:09+00:00","og_image":[{"width":800,"height":800,"url":"https:\/\/soymat.com\/wp-content\/uploads\/2024\/09\/9992660_-1.jpg","type":"image\/jpeg"}],"twitter_card":"summary_large_image","twitter_misc":{"Tiempo de lectura":"1 minuto"},"schema":{"@context":"https:\/\/schema.org","@graph":[{"@type":"WebPage","@id":"https:\/\/soymat.com\/producto\/sierra-sensitiva-355mm-2000w-dowen-pagio\/","url":"https:\/\/soymat.com\/producto\/sierra-sensitiva-355mm-2000w-dowen-pagio\/","name":"Sierra Sensitiva 355mm 2000W - Dowen Pagio - SoyMat \u2013 Seguridad Industrial","isPartOf":{"@id":"https:\/\/soymat.com\/#website"},"primaryImageOfPage":{"@id":"https:\/\/soymat.com\/producto\/sierra-sensitiva-355mm-2000w-dowen-pagio\/#primaryimage"},"image":{"@id":"https:\/\/soymat.com\/producto\/sierra-sensitiva-355mm-2000w-dowen-pagio\/#primaryimage"},"thumbnailUrl":"https:\/\/soymat.com\/wp-content\/uploads\/2024\/09\/9992660_-1.jpg","datePublished":"2024-09-03T20:57:54+00:00","dateModified":"2026-04-06T16:08:09+00:00","breadcrumb":{"@id":"https:\/\/soymat.com\/producto\/sierra-sensitiva-355mm-2000w-dowen-pagio\/#breadcrumb"},"inLanguage":"es-AR","potentialAction":[{"@type":"ReadAction","target":["https:\/\/soymat.com\/producto\/sierra-sensitiva-355mm-2000w-dowen-pagio\/"]}]},{"@type":"ImageObject","inLanguage":"es-AR","@id":"https:\/\/soymat.com\/producto\/sierra-sensitiva-355mm-2000w-dowen-pagio\/#primaryimage","url":"https:\/\/soymat.com\/wp-content\/uploads\/2024\/09\/9992660_-1.jpg","contentUrl":"https:\/\/soymat.com\/wp-content\/uploads\/2024\/09\/9992660_-1.jpg","width":800,"height":800,"caption":"Sierra Sensitiva 355mm 2000W DP"},{"@type":"BreadcrumbList","@id":"https:\/\/soymat.com\/producto\/sierra-sensitiva-355mm-2000w-dowen-pagio\/#breadcrumb","itemListElement":[{"@type":"ListItem","position":1,"name":"Portada","item":"https:\/\/soymat.com\/"},{"@type":"ListItem","position":2,"name":"Todos los Productos","item":"https:\/\/soymat.com\/shop\/"},{"@type":"ListItem","position":3,"name":"Sierra Sensitiva 355mm 2000W &#8211; Dowen Pagio"}]},{"@type":"WebSite","@id":"https:\/\/soymat.com\/#website","url":"https:\/\/soymat.com\/","name":"So&Mat","description":"Empresa Dedicada a la protecci\u00f3n global contra incendio . matafuegos redes bombas,venta instalaci\u00f3n y service, protecci\u00f3n y confort laboral en todo concepto.","publisher":{"@id":"https:\/\/soymat.com\/#organization"},"alternateName":"So&Mat","potentialAction":[{"@type":"SearchAction","target":{"@type":"EntryPoint","urlTemplate":"https:\/\/soymat.com\/?s={search_term_string}"},"query-input":{"@type":"PropertyValueSpecification","valueRequired":true,"valueName":"search_term_string"}}],"inLanguage":"es-AR"},{"@type":"Organization","@id":"https:\/\/soymat.com\/#organization","name":"So&Mat","url":"https:\/\/soymat.com\/","logo":{"@type":"ImageObject","inLanguage":"es-AR","@id":"https:\/\/soymat.com\/#\/schema\/logo\/image\/","url":"https:\/\/soymat.com\/wp-content\/uploads\/2024\/08\/SoyMat.jpg","contentUrl":"https:\/\/soymat.com\/wp-content\/uploads\/2024\/08\/SoyMat.jpg","width":600,"height":236,"caption":"So&Mat"},"image":{"@id":"https:\/\/soymat.com\/#\/schema\/logo\/image\/"}}]}},"_links":{"self":[{"href":"https:\/\/soymat.com\/es\/wp-json\/wp\/v2\/product\/20200","targetHints":{"allow":["GET"]}}],"collection":[{"href":"https:\/\/soymat.com\/es\/wp-json\/wp\/v2\/product"}],"about":[{"href":"https:\/\/soymat.com\/es\/wp-json\/wp\/v2\/types\/product"}],"wp:featuredmedia":[{"embeddable":true,"href":"https:\/\/soymat.com\/es\/wp-json\/wp\/v2\/media\/20171"}],"wp:attachment":[{"href":"https:\/\/soymat.com\/es\/wp-json\/wp\/v2\/media?parent=20200"}],"wp:term":[{"taxonomy":"product_cat","embeddable":true,"href":"https:\/\/soymat.com\/es\/wp-json\/wp\/v2\/product_cat?post=20200"},{"taxonomy":"product_tag","embeddable":true,"href":"https:\/\/soymat.com\/es\/wp-json\/wp\/v2\/product_tag?post=20200"}],"curies":[{"name":"wp","href":"https:\/\/api.w.org\/{rel}","templated":true}]}}