{"id":20201,"date":"2024-09-03T18:04:45","date_gmt":"2024-09-03T21:04:45","guid":{"rendered":"https:\/\/soymat.com\/?post_type=product&#038;p=20201"},"modified":"2025-11-04T19:08:43","modified_gmt":"2025-11-04T22:08:43","slug":"taladro-perforadora-banco-13mm-bta","status":"publish","type":"product","link":"https:\/\/soymat.com\/es\/producto\/taladro-perforadora-banco-13mm-bta\/","title":{"rendered":"Perforadora Banco &#8211; 13mm BTA"},"content":{"rendered":"<p><strong>Taladro Perforador de Banco 13mm -H:580mm-5V-2 &#8211; BTA<\/strong><\/p>\n<p>\u2022 Descripcion<\/p>\n<p>-Protector De Mandril<br \/>\n-Velocidad Variable<br \/>\n-Mandril Metalico<br \/>\n-Interruptor De Seguridad Ante Corte<br \/>\n-Robusta Estructura<br \/>\n-Bobinado De Aluminio.<\/p>\n<p>\u2022 Datos Tecnicos<br \/>\n-Voltaje &#8211; 220v<br \/>\n-Frecuencia &#8211; 50hz<br \/>\n-Potencia &#8211; 250w &#8211; 1\/2 Hp<br \/>\n-Capacidad De Mandril &#8211; 13mm<br \/>\n-Carrera Del Mandril &#8211; 50mm &#8211; 2&#8243;<br \/>\n-Cantidad De Velocidades &#8211; 5<br \/>\n-Tama\u00f1o De Mesa &#8211; 160mm X 160mm<br \/>\n-Tama\u00f1o De Base &#8211; 290mm X 190mm<\/p>","protected":false},"excerpt":{"rendered":"<p><em><strong>Incluye: Malet\u00edn pl\u00e1stico para protecci\u00f3n y trasporte. Mandril de metal<\/strong><\/em><\/p>","protected":false},"featured_media":20168,"template":"","meta":[],"product_cat":[191],"product_tag":[209,211,208,214,215,200,196],"class_list":{"0":"post-20201","1":"product","2":"type-product","3":"status-publish","4":"has-post-thumbnail","6":"product_brand-maquinas-y-herramientas-bta-tools","7":"product_cat-maquinas-y-herramientas","8":"product_tag-herramientas","9":"product_tag-maquinas-electricas","10":"product_tag-maquinas-y-herramientas","11":"product_tag-metalurgica","12":"product_tag-perforador-de-banco","13":"product_tag-taladros","14":"product_tag-taller","16":"first","17":"instock","18":"taxable","19":"shipping-taxable","20":"purchasable","21":"product-type-simple","22":"add-to-wishlist-after_add_to_cart"},"yoast_head":"<!-- This site is optimized with the Yoast SEO Premium plugin v26.9 (Yoast SEO v26.9) - https:\/\/yoast.com\/product\/yoast-seo-premium-wordpress\/ -->\n<title>Perforadora Banco - 13mm BTA - SoyMat \u2013 Seguridad Industrial<\/title>\n<meta name=\"robots\" content=\"index, follow, max-snippet:-1, max-image-preview:large, max-video-preview:-1\" \/>\n<link rel=\"canonical\" href=\"https:\/\/soymat.com\/es\/producto\/taladro-perforadora-banco-13mm-bta\/\" \/>\n<meta property=\"og:locale\" content=\"es_ES\" \/>\n<meta property=\"og:type\" content=\"article\" \/>\n<meta property=\"og:title\" content=\"Perforadora Banco - 13mm BTA\" \/>\n<meta property=\"og:description\" content=\"Incluye: Malet\u00edn pl\u00e1stico para protecci\u00f3n y trasporte. Mandril de metal\" \/>\n<meta property=\"og:url\" content=\"https:\/\/soymat.com\/es\/producto\/taladro-perforadora-banco-13mm-bta\/\" \/>\n<meta property=\"og:site_name\" content=\"SoyMat \u2013 Seguridad Industrial\" \/>\n<meta property=\"article:modified_time\" content=\"2025-11-04T22:08:43+00:00\" \/>\n<meta property=\"og:image\" content=\"https:\/\/soymat.com\/wp-content\/uploads\/2024\/09\/641012.jpg\" \/>\n\t<meta property=\"og:image:width\" content=\"800\" \/>\n\t<meta property=\"og:image:height\" content=\"800\" \/>\n\t<meta property=\"og:image:type\" content=\"image\/jpeg\" \/>\n<meta name=\"twitter:card\" content=\"summary_large_image\" \/>\n<meta name=\"twitter:label1\" content=\"Tiempo de lectura\" \/>\n\t<meta name=\"twitter:data1\" content=\"1 minuto\" \/>\n<script type=\"application\/ld+json\" class=\"yoast-schema-graph\">{\"@context\":\"https:\/\/schema.org\",\"@graph\":[{\"@type\":\"WebPage\",\"@id\":\"https:\/\/soymat.com\/producto\/taladro-perforadora-banco-13mm-bta\/\",\"url\":\"https:\/\/soymat.com\/producto\/taladro-perforadora-banco-13mm-bta\/\",\"name\":\"Perforadora Banco - 13mm BTA - SoyMat \u2013 Seguridad Industrial\",\"isPartOf\":{\"@id\":\"https:\/\/soymat.com\/#website\"},\"primaryImageOfPage\":{\"@id\":\"https:\/\/soymat.com\/producto\/taladro-perforadora-banco-13mm-bta\/#primaryimage\"},\"image\":{\"@id\":\"https:\/\/soymat.com\/producto\/taladro-perforadora-banco-13mm-bta\/#primaryimage\"},\"thumbnailUrl\":\"https:\/\/soymat.com\/wp-content\/uploads\/2024\/09\/641012.jpg\",\"datePublished\":\"2024-09-03T21:04:45+00:00\",\"dateModified\":\"2025-11-04T22:08:43+00:00\",\"breadcrumb\":{\"@id\":\"https:\/\/soymat.com\/producto\/taladro-perforadora-banco-13mm-bta\/#breadcrumb\"},\"inLanguage\":\"es-AR\",\"potentialAction\":[{\"@type\":\"ReadAction\",\"target\":[\"https:\/\/soymat.com\/producto\/taladro-perforadora-banco-13mm-bta\/\"]}]},{\"@type\":\"ImageObject\",\"inLanguage\":\"es-AR\",\"@id\":\"https:\/\/soymat.com\/producto\/taladro-perforadora-banco-13mm-bta\/#primaryimage\",\"url\":\"https:\/\/soymat.com\/wp-content\/uploads\/2024\/09\/641012.jpg\",\"contentUrl\":\"https:\/\/soymat.com\/wp-content\/uploads\/2024\/09\/641012.jpg\",\"width\":800,\"height\":800,\"caption\":\"Taladro Perforador de Banco 13MM BTA\"},{\"@type\":\"BreadcrumbList\",\"@id\":\"https:\/\/soymat.com\/producto\/taladro-perforadora-banco-13mm-bta\/#breadcrumb\",\"itemListElement\":[{\"@type\":\"ListItem\",\"position\":1,\"name\":\"Portada\",\"item\":\"https:\/\/soymat.com\/\"},{\"@type\":\"ListItem\",\"position\":2,\"name\":\"Todos los Productos\",\"item\":\"https:\/\/soymat.com\/shop\/\"},{\"@type\":\"ListItem\",\"position\":3,\"name\":\"Perforadora Banco &#8211; 13mm BTA\"}]},{\"@type\":\"WebSite\",\"@id\":\"https:\/\/soymat.com\/#website\",\"url\":\"https:\/\/soymat.com\/\",\"name\":\"So&Mat\",\"description\":\"Empresa Dedicada a la protecci\u00f3n global contra incendio . matafuegos redes bombas,venta instalaci\u00f3n y service, protecci\u00f3n y confort laboral en todo concepto.\",\"publisher\":{\"@id\":\"https:\/\/soymat.com\/#organization\"},\"alternateName\":\"So&Mat\",\"potentialAction\":[{\"@type\":\"SearchAction\",\"target\":{\"@type\":\"EntryPoint\",\"urlTemplate\":\"https:\/\/soymat.com\/?s={search_term_string}\"},\"query-input\":{\"@type\":\"PropertyValueSpecification\",\"valueRequired\":true,\"valueName\":\"search_term_string\"}}],\"inLanguage\":\"es-AR\"},{\"@type\":\"Organization\",\"@id\":\"https:\/\/soymat.com\/#organization\",\"name\":\"So&Mat\",\"url\":\"https:\/\/soymat.com\/\",\"logo\":{\"@type\":\"ImageObject\",\"inLanguage\":\"es-AR\",\"@id\":\"https:\/\/soymat.com\/#\/schema\/logo\/image\/\",\"url\":\"https:\/\/soymat.com\/wp-content\/uploads\/2024\/08\/SoyMat.jpg\",\"contentUrl\":\"https:\/\/soymat.com\/wp-content\/uploads\/2024\/08\/SoyMat.jpg\",\"width\":600,\"height\":236,\"caption\":\"So&Mat\"},\"image\":{\"@id\":\"https:\/\/soymat.com\/#\/schema\/logo\/image\/\"}}]}<\/script>\n<!-- \/ Yoast SEO Premium plugin. -->","yoast_head_json":{"title":"Perforadora Banco - 13mm BTA - SoyMat \u2013 Seguridad Industrial","robots":{"index":"index","follow":"follow","max-snippet":"max-snippet:-1","max-image-preview":"max-image-preview:large","max-video-preview":"max-video-preview:-1"},"canonical":"https:\/\/soymat.com\/es\/producto\/taladro-perforadora-banco-13mm-bta\/","og_locale":"es_ES","og_type":"article","og_title":"Perforadora Banco - 13mm BTA","og_description":"Incluye: Malet\u00edn pl\u00e1stico para protecci\u00f3n y trasporte. Mandril de metal","og_url":"https:\/\/soymat.com\/es\/producto\/taladro-perforadora-banco-13mm-bta\/","og_site_name":"SoyMat \u2013 Seguridad Industrial","article_modified_time":"2025-11-04T22:08:43+00:00","og_image":[{"width":800,"height":800,"url":"https:\/\/soymat.com\/wp-content\/uploads\/2024\/09\/641012.jpg","type":"image\/jpeg"}],"twitter_card":"summary_large_image","twitter_misc":{"Tiempo de lectura":"1 minuto"},"schema":{"@context":"https:\/\/schema.org","@graph":[{"@type":"WebPage","@id":"https:\/\/soymat.com\/producto\/taladro-perforadora-banco-13mm-bta\/","url":"https:\/\/soymat.com\/producto\/taladro-perforadora-banco-13mm-bta\/","name":"Perforadora Banco - 13mm BTA - SoyMat \u2013 Seguridad Industrial","isPartOf":{"@id":"https:\/\/soymat.com\/#website"},"primaryImageOfPage":{"@id":"https:\/\/soymat.com\/producto\/taladro-perforadora-banco-13mm-bta\/#primaryimage"},"image":{"@id":"https:\/\/soymat.com\/producto\/taladro-perforadora-banco-13mm-bta\/#primaryimage"},"thumbnailUrl":"https:\/\/soymat.com\/wp-content\/uploads\/2024\/09\/641012.jpg","datePublished":"2024-09-03T21:04:45+00:00","dateModified":"2025-11-04T22:08:43+00:00","breadcrumb":{"@id":"https:\/\/soymat.com\/producto\/taladro-perforadora-banco-13mm-bta\/#breadcrumb"},"inLanguage":"es-AR","potentialAction":[{"@type":"ReadAction","target":["https:\/\/soymat.com\/producto\/taladro-perforadora-banco-13mm-bta\/"]}]},{"@type":"ImageObject","inLanguage":"es-AR","@id":"https:\/\/soymat.com\/producto\/taladro-perforadora-banco-13mm-bta\/#primaryimage","url":"https:\/\/soymat.com\/wp-content\/uploads\/2024\/09\/641012.jpg","contentUrl":"https:\/\/soymat.com\/wp-content\/uploads\/2024\/09\/641012.jpg","width":800,"height":800,"caption":"Taladro Perforador de Banco 13MM BTA"},{"@type":"BreadcrumbList","@id":"https:\/\/soymat.com\/producto\/taladro-perforadora-banco-13mm-bta\/#breadcrumb","itemListElement":[{"@type":"ListItem","position":1,"name":"Portada","item":"https:\/\/soymat.com\/"},{"@type":"ListItem","position":2,"name":"Todos los Productos","item":"https:\/\/soymat.com\/shop\/"},{"@type":"ListItem","position":3,"name":"Perforadora Banco &#8211; 13mm BTA"}]},{"@type":"WebSite","@id":"https:\/\/soymat.com\/#website","url":"https:\/\/soymat.com\/","name":"So&Mat","description":"Empresa Dedicada a la protecci\u00f3n global contra incendio . matafuegos redes bombas,venta instalaci\u00f3n y service, protecci\u00f3n y confort laboral en todo concepto.","publisher":{"@id":"https:\/\/soymat.com\/#organization"},"alternateName":"So&Mat","potentialAction":[{"@type":"SearchAction","target":{"@type":"EntryPoint","urlTemplate":"https:\/\/soymat.com\/?s={search_term_string}"},"query-input":{"@type":"PropertyValueSpecification","valueRequired":true,"valueName":"search_term_string"}}],"inLanguage":"es-AR"},{"@type":"Organization","@id":"https:\/\/soymat.com\/#organization","name":"So&Mat","url":"https:\/\/soymat.com\/","logo":{"@type":"ImageObject","inLanguage":"es-AR","@id":"https:\/\/soymat.com\/#\/schema\/logo\/image\/","url":"https:\/\/soymat.com\/wp-content\/uploads\/2024\/08\/SoyMat.jpg","contentUrl":"https:\/\/soymat.com\/wp-content\/uploads\/2024\/08\/SoyMat.jpg","width":600,"height":236,"caption":"So&Mat"},"image":{"@id":"https:\/\/soymat.com\/#\/schema\/logo\/image\/"}}]}},"_links":{"self":[{"href":"https:\/\/soymat.com\/es\/wp-json\/wp\/v2\/product\/20201","targetHints":{"allow":["GET"]}}],"collection":[{"href":"https:\/\/soymat.com\/es\/wp-json\/wp\/v2\/product"}],"about":[{"href":"https:\/\/soymat.com\/es\/wp-json\/wp\/v2\/types\/product"}],"wp:featuredmedia":[{"embeddable":true,"href":"https:\/\/soymat.com\/es\/wp-json\/wp\/v2\/media\/20168"}],"wp:attachment":[{"href":"https:\/\/soymat.com\/es\/wp-json\/wp\/v2\/media?parent=20201"}],"wp:term":[{"taxonomy":"product_cat","embeddable":true,"href":"https:\/\/soymat.com\/es\/wp-json\/wp\/v2\/product_cat?post=20201"},{"taxonomy":"product_tag","embeddable":true,"href":"https:\/\/soymat.com\/es\/wp-json\/wp\/v2\/product_tag?post=20201"}],"curies":[{"name":"wp","href":"https:\/\/api.w.org\/{rel}","templated":true}]}}