{"id":20204,"date":"2024-09-03T18:37:29","date_gmt":"2024-09-03T21:37:29","guid":{"rendered":"https:\/\/soymat.com\/?post_type=product&#038;p=20204"},"modified":"2025-11-04T19:08:36","modified_gmt":"2025-11-04T22:08:36","slug":"soplador-aspirador-taller-600w-dowen-pagio","status":"publish","type":"product","link":"https:\/\/soymat.com\/es\/producto\/soplador-aspirador-taller-600w-dowen-pagio\/","title":{"rendered":"Soplador &#8211; Aspirador &#8211; Taller &#8211; 600W Dowen Pagio"},"content":{"rendered":"<p><strong>Soplador\/Aspirador &#8211; Taller &#8211; 600W &#8211; Dowen Pagio<\/strong><\/p>\n<p>Categor\u00eda: Sopladora\/Aspiradora<br \/>\nTipo: SA4SP<br \/>\nTension: 220V \u2013 50 Hz<br \/>\nPotencia: 600W<br \/>\nVelocidad: 0 \u2013 16000 min-1<br \/>\nCaudal de aire: 4m3\/min<\/p>\n<p>-Empu\u00f1adura ergonomica de gran superficie<br \/>\n-Boquilla para soplado flexible<br \/>\n-Bolsa recolectora para su utilizacion como aspirador<\/p>","protected":false},"excerpt":{"rendered":"<p>Soplador\/Aspirador &#8211; Taller &#8211; 600W &#8211; Dowen Pagio Categor\u00eda: Sopladora\/Aspiradora Tipo: SA4SP Tension: 220V \u2013 50 Hz Potencia: 600W Velocidad: 0 \u2013 16000 min-1 Caudal de aire: 4m3\/min -Empu\u00f1adura ergonomica de gran superficie -Boquilla para soplado flexible -Bolsa recolectora para su utilizacion como aspirador<\/p>","protected":false},"featured_media":20185,"template":"","meta":[],"product_cat":[191],"product_tag":[218,209,220,219,211,208,217,196],"class_list":{"0":"post-20204","1":"product","2":"type-product","3":"status-publish","4":"has-post-thumbnail","6":"product_brand-dowen-pagio-herramientas","7":"product_cat-maquinas-y-herramientas","8":"product_tag-aspirador","9":"product_tag-herramientas","10":"product_tag-jardineria","11":"product_tag-limpieza","12":"product_tag-maquinas-electricas","13":"product_tag-maquinas-y-herramientas","14":"product_tag-soplador","15":"product_tag-taller","17":"first","18":"instock","19":"taxable","20":"shipping-taxable","21":"purchasable","22":"product-type-simple","23":"add-to-wishlist-after_add_to_cart"},"yoast_head":"<!-- This site is optimized with the Yoast SEO Premium plugin v26.9 (Yoast SEO v26.9) - https:\/\/yoast.com\/product\/yoast-seo-premium-wordpress\/ -->\n<title>Soplador - Aspirador - Taller - 600W Dowen Pagio - SoyMat \u2013 Seguridad Industrial<\/title>\n<meta name=\"robots\" content=\"index, follow, max-snippet:-1, max-image-preview:large, max-video-preview:-1\" \/>\n<link rel=\"canonical\" href=\"https:\/\/soymat.com\/es\/producto\/soplador-aspirador-taller-600w-dowen-pagio\/\" \/>\n<meta property=\"og:locale\" content=\"es_ES\" \/>\n<meta property=\"og:type\" content=\"article\" \/>\n<meta property=\"og:title\" content=\"Soplador - Aspirador - Taller - 600W Dowen Pagio\" \/>\n<meta property=\"og:description\" content=\"Soplador\/Aspirador &#8211; Taller &#8211; 600W &#8211; Dowen Pagio Categor\u00eda: Sopladora\/Aspiradora Tipo: SA4SP Tension: 220V \u2013 50 Hz Potencia: 600W Velocidad: 0 \u2013 16000 min-1 Caudal de aire: 4m3\/min -Empu\u00f1adura ergonomica de gran superficie -Boquilla para soplado flexible -Bolsa recolectora para su utilizacion como aspirador\" \/>\n<meta property=\"og:url\" content=\"https:\/\/soymat.com\/es\/producto\/soplador-aspirador-taller-600w-dowen-pagio\/\" \/>\n<meta property=\"og:site_name\" content=\"SoyMat \u2013 Seguridad Industrial\" \/>\n<meta property=\"article:modified_time\" content=\"2025-11-04T22:08:36+00:00\" \/>\n<meta property=\"og:image\" content=\"https:\/\/soymat.com\/wp-content\/uploads\/2024\/09\/9993518_1.jpg\" \/>\n\t<meta property=\"og:image:width\" content=\"800\" \/>\n\t<meta property=\"og:image:height\" content=\"800\" \/>\n\t<meta property=\"og:image:type\" content=\"image\/jpeg\" \/>\n<meta name=\"twitter:card\" content=\"summary_large_image\" \/>\n<meta name=\"twitter:label1\" content=\"Tiempo de lectura\" \/>\n\t<meta name=\"twitter:data1\" content=\"1 minuto\" \/>\n<script type=\"application\/ld+json\" class=\"yoast-schema-graph\">{\"@context\":\"https:\/\/schema.org\",\"@graph\":[{\"@type\":\"WebPage\",\"@id\":\"https:\/\/soymat.com\/producto\/soplador-aspirador-taller-600w-dowen-pagio\/\",\"url\":\"https:\/\/soymat.com\/producto\/soplador-aspirador-taller-600w-dowen-pagio\/\",\"name\":\"Soplador - Aspirador - Taller - 600W Dowen Pagio - SoyMat \u2013 Seguridad Industrial\",\"isPartOf\":{\"@id\":\"https:\/\/soymat.com\/#website\"},\"primaryImageOfPage\":{\"@id\":\"https:\/\/soymat.com\/producto\/soplador-aspirador-taller-600w-dowen-pagio\/#primaryimage\"},\"image\":{\"@id\":\"https:\/\/soymat.com\/producto\/soplador-aspirador-taller-600w-dowen-pagio\/#primaryimage\"},\"thumbnailUrl\":\"https:\/\/soymat.com\/wp-content\/uploads\/2024\/09\/9993518_1.jpg\",\"datePublished\":\"2024-09-03T21:37:29+00:00\",\"dateModified\":\"2025-11-04T22:08:36+00:00\",\"breadcrumb\":{\"@id\":\"https:\/\/soymat.com\/producto\/soplador-aspirador-taller-600w-dowen-pagio\/#breadcrumb\"},\"inLanguage\":\"es-AR\",\"potentialAction\":[{\"@type\":\"ReadAction\",\"target\":[\"https:\/\/soymat.com\/producto\/soplador-aspirador-taller-600w-dowen-pagio\/\"]}]},{\"@type\":\"ImageObject\",\"inLanguage\":\"es-AR\",\"@id\":\"https:\/\/soymat.com\/producto\/soplador-aspirador-taller-600w-dowen-pagio\/#primaryimage\",\"url\":\"https:\/\/soymat.com\/wp-content\/uploads\/2024\/09\/9993518_1.jpg\",\"contentUrl\":\"https:\/\/soymat.com\/wp-content\/uploads\/2024\/09\/9993518_1.jpg\",\"width\":800,\"height\":800,\"caption\":\"Soplador\/Aspirador - Taller\"},{\"@type\":\"BreadcrumbList\",\"@id\":\"https:\/\/soymat.com\/producto\/soplador-aspirador-taller-600w-dowen-pagio\/#breadcrumb\",\"itemListElement\":[{\"@type\":\"ListItem\",\"position\":1,\"name\":\"Portada\",\"item\":\"https:\/\/soymat.com\/\"},{\"@type\":\"ListItem\",\"position\":2,\"name\":\"Todos los Productos\",\"item\":\"https:\/\/soymat.com\/shop\/\"},{\"@type\":\"ListItem\",\"position\":3,\"name\":\"Soplador &#8211; Aspirador &#8211; Taller &#8211; 600W Dowen Pagio\"}]},{\"@type\":\"WebSite\",\"@id\":\"https:\/\/soymat.com\/#website\",\"url\":\"https:\/\/soymat.com\/\",\"name\":\"So&Mat\",\"description\":\"Empresa Dedicada a la protecci\u00f3n global contra incendio . matafuegos redes bombas,venta instalaci\u00f3n y service, protecci\u00f3n y confort laboral en todo concepto.\",\"publisher\":{\"@id\":\"https:\/\/soymat.com\/#organization\"},\"alternateName\":\"So&Mat\",\"potentialAction\":[{\"@type\":\"SearchAction\",\"target\":{\"@type\":\"EntryPoint\",\"urlTemplate\":\"https:\/\/soymat.com\/?s={search_term_string}\"},\"query-input\":{\"@type\":\"PropertyValueSpecification\",\"valueRequired\":true,\"valueName\":\"search_term_string\"}}],\"inLanguage\":\"es-AR\"},{\"@type\":\"Organization\",\"@id\":\"https:\/\/soymat.com\/#organization\",\"name\":\"So&Mat\",\"url\":\"https:\/\/soymat.com\/\",\"logo\":{\"@type\":\"ImageObject\",\"inLanguage\":\"es-AR\",\"@id\":\"https:\/\/soymat.com\/#\/schema\/logo\/image\/\",\"url\":\"https:\/\/soymat.com\/wp-content\/uploads\/2024\/08\/SoyMat.jpg\",\"contentUrl\":\"https:\/\/soymat.com\/wp-content\/uploads\/2024\/08\/SoyMat.jpg\",\"width\":600,\"height\":236,\"caption\":\"So&Mat\"},\"image\":{\"@id\":\"https:\/\/soymat.com\/#\/schema\/logo\/image\/\"}}]}<\/script>\n<!-- \/ Yoast SEO Premium plugin. -->","yoast_head_json":{"title":"Soplador - Aspirador - Taller - 600W Dowen Pagio - SoyMat \u2013 Seguridad Industrial","robots":{"index":"index","follow":"follow","max-snippet":"max-snippet:-1","max-image-preview":"max-image-preview:large","max-video-preview":"max-video-preview:-1"},"canonical":"https:\/\/soymat.com\/es\/producto\/soplador-aspirador-taller-600w-dowen-pagio\/","og_locale":"es_ES","og_type":"article","og_title":"Soplador - Aspirador - Taller - 600W Dowen Pagio","og_description":"Soplador\/Aspirador &#8211; Taller &#8211; 600W &#8211; Dowen Pagio Categor\u00eda: Sopladora\/Aspiradora Tipo: SA4SP Tension: 220V \u2013 50 Hz Potencia: 600W Velocidad: 0 \u2013 16000 min-1 Caudal de aire: 4m3\/min -Empu\u00f1adura ergonomica de gran superficie -Boquilla para soplado flexible -Bolsa recolectora para su utilizacion como aspirador","og_url":"https:\/\/soymat.com\/es\/producto\/soplador-aspirador-taller-600w-dowen-pagio\/","og_site_name":"SoyMat \u2013 Seguridad Industrial","article_modified_time":"2025-11-04T22:08:36+00:00","og_image":[{"width":800,"height":800,"url":"https:\/\/soymat.com\/wp-content\/uploads\/2024\/09\/9993518_1.jpg","type":"image\/jpeg"}],"twitter_card":"summary_large_image","twitter_misc":{"Tiempo de lectura":"1 minuto"},"schema":{"@context":"https:\/\/schema.org","@graph":[{"@type":"WebPage","@id":"https:\/\/soymat.com\/producto\/soplador-aspirador-taller-600w-dowen-pagio\/","url":"https:\/\/soymat.com\/producto\/soplador-aspirador-taller-600w-dowen-pagio\/","name":"Soplador - Aspirador - Taller - 600W Dowen Pagio - SoyMat \u2013 Seguridad Industrial","isPartOf":{"@id":"https:\/\/soymat.com\/#website"},"primaryImageOfPage":{"@id":"https:\/\/soymat.com\/producto\/soplador-aspirador-taller-600w-dowen-pagio\/#primaryimage"},"image":{"@id":"https:\/\/soymat.com\/producto\/soplador-aspirador-taller-600w-dowen-pagio\/#primaryimage"},"thumbnailUrl":"https:\/\/soymat.com\/wp-content\/uploads\/2024\/09\/9993518_1.jpg","datePublished":"2024-09-03T21:37:29+00:00","dateModified":"2025-11-04T22:08:36+00:00","breadcrumb":{"@id":"https:\/\/soymat.com\/producto\/soplador-aspirador-taller-600w-dowen-pagio\/#breadcrumb"},"inLanguage":"es-AR","potentialAction":[{"@type":"ReadAction","target":["https:\/\/soymat.com\/producto\/soplador-aspirador-taller-600w-dowen-pagio\/"]}]},{"@type":"ImageObject","inLanguage":"es-AR","@id":"https:\/\/soymat.com\/producto\/soplador-aspirador-taller-600w-dowen-pagio\/#primaryimage","url":"https:\/\/soymat.com\/wp-content\/uploads\/2024\/09\/9993518_1.jpg","contentUrl":"https:\/\/soymat.com\/wp-content\/uploads\/2024\/09\/9993518_1.jpg","width":800,"height":800,"caption":"Soplador\/Aspirador - Taller"},{"@type":"BreadcrumbList","@id":"https:\/\/soymat.com\/producto\/soplador-aspirador-taller-600w-dowen-pagio\/#breadcrumb","itemListElement":[{"@type":"ListItem","position":1,"name":"Portada","item":"https:\/\/soymat.com\/"},{"@type":"ListItem","position":2,"name":"Todos los Productos","item":"https:\/\/soymat.com\/shop\/"},{"@type":"ListItem","position":3,"name":"Soplador &#8211; Aspirador &#8211; Taller &#8211; 600W Dowen Pagio"}]},{"@type":"WebSite","@id":"https:\/\/soymat.com\/#website","url":"https:\/\/soymat.com\/","name":"So&Mat","description":"Empresa Dedicada a la protecci\u00f3n global contra incendio . matafuegos redes bombas,venta instalaci\u00f3n y service, protecci\u00f3n y confort laboral en todo concepto.","publisher":{"@id":"https:\/\/soymat.com\/#organization"},"alternateName":"So&Mat","potentialAction":[{"@type":"SearchAction","target":{"@type":"EntryPoint","urlTemplate":"https:\/\/soymat.com\/?s={search_term_string}"},"query-input":{"@type":"PropertyValueSpecification","valueRequired":true,"valueName":"search_term_string"}}],"inLanguage":"es-AR"},{"@type":"Organization","@id":"https:\/\/soymat.com\/#organization","name":"So&Mat","url":"https:\/\/soymat.com\/","logo":{"@type":"ImageObject","inLanguage":"es-AR","@id":"https:\/\/soymat.com\/#\/schema\/logo\/image\/","url":"https:\/\/soymat.com\/wp-content\/uploads\/2024\/08\/SoyMat.jpg","contentUrl":"https:\/\/soymat.com\/wp-content\/uploads\/2024\/08\/SoyMat.jpg","width":600,"height":236,"caption":"So&Mat"},"image":{"@id":"https:\/\/soymat.com\/#\/schema\/logo\/image\/"}}]}},"_links":{"self":[{"href":"https:\/\/soymat.com\/es\/wp-json\/wp\/v2\/product\/20204","targetHints":{"allow":["GET"]}}],"collection":[{"href":"https:\/\/soymat.com\/es\/wp-json\/wp\/v2\/product"}],"about":[{"href":"https:\/\/soymat.com\/es\/wp-json\/wp\/v2\/types\/product"}],"wp:featuredmedia":[{"embeddable":true,"href":"https:\/\/soymat.com\/es\/wp-json\/wp\/v2\/media\/20185"}],"wp:attachment":[{"href":"https:\/\/soymat.com\/es\/wp-json\/wp\/v2\/media?parent=20204"}],"wp:term":[{"taxonomy":"product_cat","embeddable":true,"href":"https:\/\/soymat.com\/es\/wp-json\/wp\/v2\/product_cat?post=20204"},{"taxonomy":"product_tag","embeddable":true,"href":"https:\/\/soymat.com\/es\/wp-json\/wp\/v2\/product_tag?post=20204"}],"curies":[{"name":"wp","href":"https:\/\/api.w.org\/{rel}","templated":true}]}}