{"id":20347,"date":"2024-10-25T16:17:15","date_gmt":"2024-10-25T19:17:15","guid":{"rendered":"https:\/\/soymat.com\/?post_type=product&#038;p=20347"},"modified":"2026-01-08T13:07:40","modified_gmt":"2026-01-08T16:07:40","slug":"grupo-generador-electrico-gm6500ae-13hp","status":"publish","type":"product","link":"https:\/\/soymat.com\/es\/producto\/grupo-generador-electrico-gm6500ae-13hp\/","title":{"rendered":"Grupo Generador GM6500AE &#8211; 5500W 13HP"},"content":{"rendered":"<p><strong>Grupo Generador GM6500AE 13HP A\/E BTA<\/strong><\/p>\n<p>Arranque el\u00e9ctrico<\/p>\n<p>4 tiempos<\/p>\n<p>M6500AE 13HP A\/E<br \/>\nSKU: 521168<br \/>\nCategor\u00eda: GENERADORES<br \/>\nVoltaje Salida: 220 Vca \u2013 50 Hz \u2013 12 Vcc \u2013 8,3 A<br \/>\nPotencia M\u00e1x: 5,5 kVA<br \/>\nPotencia Continua: 5,0 kVA<br \/>\nPotencia Motor: 13 HP<br \/>\nVelocidad Motor: 3600 min-1<br \/>\nArranque: El\u00e9ctrico\/Manual<br \/>\nNivel de Ruido: 74 dB<br \/>\nCombustible: Nafta<\/p>","protected":false},"excerpt":{"rendered":"<p>Grupo Generador GM6500AE 13HP A\/E BTA Arranque el\u00e9ctrico 4 tiempos M6500AE 13HP A\/E SKU: 521168 Categor\u00eda: GENERADORES Voltaje Salida: 220 Vca \u2013 50 Hz \u2013 12 Vcc \u2013 8,3 A Potencia M\u00e1x: 5,5 kVA Potencia Continua: 5,0 kVA Potencia Motor: 13 HP Velocidad Motor: 3600 min-1 Arranque: El\u00e9ctrico\/Manual Nivel de Ruido: 74 dB Combustible: Nafta<\/p>","protected":false},"featured_media":20348,"template":"","meta":[],"product_cat":[191],"product_tag":[701,587,777,699,776],"class_list":{"0":"post-20347","1":"product","2":"type-product","3":"status-publish","4":"has-post-thumbnail","6":"product_brand-maquinas-y-herramientas-bta-tools","7":"product_cat-maquinas-y-herramientas","8":"product_tag-cortes-de-luz","9":"product_tag-energia","10":"product_tag-generadores","11":"product_tag-grupo-electrogeno","12":"product_tag-potencia","14":"first","15":"instock","16":"taxable","17":"shipping-taxable","18":"purchasable","19":"product-type-simple","20":"add-to-wishlist-after_add_to_cart"},"yoast_head":"<!-- This site is optimized with the Yoast SEO Premium plugin v26.9 (Yoast SEO v26.9) - https:\/\/yoast.com\/product\/yoast-seo-premium-wordpress\/ -->\n<title>Grupo Generador GM6500AE - 5500W 13HP - SoyMat \u2013 Seguridad Industrial<\/title>\n<meta name=\"robots\" content=\"index, follow, max-snippet:-1, max-image-preview:large, max-video-preview:-1\" \/>\n<link rel=\"canonical\" href=\"https:\/\/soymat.com\/es\/producto\/grupo-generador-electrico-gm6500ae-13hp\/\" \/>\n<meta property=\"og:locale\" content=\"es_ES\" \/>\n<meta property=\"og:type\" content=\"article\" \/>\n<meta property=\"og:title\" content=\"Grupo Generador GM6500AE - 5500W 13HP\" \/>\n<meta property=\"og:description\" content=\"Grupo Generador GM6500AE 13HP A\/E BTA Arranque el\u00e9ctrico 4 tiempos M6500AE 13HP A\/E SKU: 521168 Categor\u00eda: GENERADORES Voltaje Salida: 220 Vca \u2013 50 Hz \u2013 12 Vcc \u2013 8,3 A Potencia M\u00e1x: 5,5 kVA Potencia Continua: 5,0 kVA Potencia Motor: 13 HP Velocidad Motor: 3600 min-1 Arranque: El\u00e9ctrico\/Manual Nivel de Ruido: 74 dB Combustible: Nafta\" \/>\n<meta property=\"og:url\" content=\"https:\/\/soymat.com\/es\/producto\/grupo-generador-electrico-gm6500ae-13hp\/\" \/>\n<meta property=\"og:site_name\" content=\"SoyMat \u2013 Seguridad Industrial\" \/>\n<meta property=\"article:modified_time\" content=\"2026-01-08T16:07:40+00:00\" \/>\n<meta property=\"og:image\" content=\"https:\/\/soymat.com\/wp-content\/uploads\/2024\/10\/generador-5500w-13hp-bta.jpg\" \/>\n\t<meta property=\"og:image:width\" content=\"2000\" \/>\n\t<meta property=\"og:image:height\" content=\"2000\" \/>\n\t<meta property=\"og:image:type\" content=\"image\/jpeg\" \/>\n<meta name=\"twitter:card\" content=\"summary_large_image\" \/>\n<meta name=\"twitter:label1\" content=\"Tiempo de lectura\" \/>\n\t<meta name=\"twitter:data1\" content=\"1 minuto\" \/>\n<script type=\"application\/ld+json\" class=\"yoast-schema-graph\">{\"@context\":\"https:\/\/schema.org\",\"@graph\":[{\"@type\":\"WebPage\",\"@id\":\"https:\/\/soymat.com\/producto\/grupo-generador-electrico-gm6500ae-13hp\/\",\"url\":\"https:\/\/soymat.com\/producto\/grupo-generador-electrico-gm6500ae-13hp\/\",\"name\":\"Grupo Generador GM6500AE - 5500W 13HP - SoyMat \u2013 Seguridad Industrial\",\"isPartOf\":{\"@id\":\"https:\/\/soymat.com\/#website\"},\"primaryImageOfPage\":{\"@id\":\"https:\/\/soymat.com\/producto\/grupo-generador-electrico-gm6500ae-13hp\/#primaryimage\"},\"image\":{\"@id\":\"https:\/\/soymat.com\/producto\/grupo-generador-electrico-gm6500ae-13hp\/#primaryimage\"},\"thumbnailUrl\":\"https:\/\/soymat.com\/wp-content\/uploads\/2024\/10\/generador-5500w-13hp-bta.jpg\",\"datePublished\":\"2024-10-25T19:17:15+00:00\",\"dateModified\":\"2026-01-08T16:07:40+00:00\",\"breadcrumb\":{\"@id\":\"https:\/\/soymat.com\/producto\/grupo-generador-electrico-gm6500ae-13hp\/#breadcrumb\"},\"inLanguage\":\"es-AR\",\"potentialAction\":[{\"@type\":\"ReadAction\",\"target\":[\"https:\/\/soymat.com\/producto\/grupo-generador-electrico-gm6500ae-13hp\/\"]}]},{\"@type\":\"ImageObject\",\"inLanguage\":\"es-AR\",\"@id\":\"https:\/\/soymat.com\/producto\/grupo-generador-electrico-gm6500ae-13hp\/#primaryimage\",\"url\":\"https:\/\/soymat.com\/wp-content\/uploads\/2024\/10\/generador-5500w-13hp-bta.jpg\",\"contentUrl\":\"https:\/\/soymat.com\/wp-content\/uploads\/2024\/10\/generador-5500w-13hp-bta.jpg\",\"width\":2000,\"height\":2000},{\"@type\":\"BreadcrumbList\",\"@id\":\"https:\/\/soymat.com\/producto\/grupo-generador-electrico-gm6500ae-13hp\/#breadcrumb\",\"itemListElement\":[{\"@type\":\"ListItem\",\"position\":1,\"name\":\"Portada\",\"item\":\"https:\/\/soymat.com\/\"},{\"@type\":\"ListItem\",\"position\":2,\"name\":\"Todos los Productos\",\"item\":\"https:\/\/soymat.com\/shop\/\"},{\"@type\":\"ListItem\",\"position\":3,\"name\":\"Grupo Generador GM6500AE &#8211; 5500W 13HP\"}]},{\"@type\":\"WebSite\",\"@id\":\"https:\/\/soymat.com\/#website\",\"url\":\"https:\/\/soymat.com\/\",\"name\":\"So&Mat\",\"description\":\"Empresa Dedicada a la protecci\u00f3n global contra incendio . matafuegos redes bombas,venta instalaci\u00f3n y service, protecci\u00f3n y confort laboral en todo concepto.\",\"publisher\":{\"@id\":\"https:\/\/soymat.com\/#organization\"},\"alternateName\":\"So&Mat\",\"potentialAction\":[{\"@type\":\"SearchAction\",\"target\":{\"@type\":\"EntryPoint\",\"urlTemplate\":\"https:\/\/soymat.com\/?s={search_term_string}\"},\"query-input\":{\"@type\":\"PropertyValueSpecification\",\"valueRequired\":true,\"valueName\":\"search_term_string\"}}],\"inLanguage\":\"es-AR\"},{\"@type\":\"Organization\",\"@id\":\"https:\/\/soymat.com\/#organization\",\"name\":\"So&Mat\",\"url\":\"https:\/\/soymat.com\/\",\"logo\":{\"@type\":\"ImageObject\",\"inLanguage\":\"es-AR\",\"@id\":\"https:\/\/soymat.com\/#\/schema\/logo\/image\/\",\"url\":\"https:\/\/soymat.com\/wp-content\/uploads\/2024\/08\/SoyMat.jpg\",\"contentUrl\":\"https:\/\/soymat.com\/wp-content\/uploads\/2024\/08\/SoyMat.jpg\",\"width\":600,\"height\":236,\"caption\":\"So&Mat\"},\"image\":{\"@id\":\"https:\/\/soymat.com\/#\/schema\/logo\/image\/\"}}]}<\/script>\n<!-- \/ Yoast SEO Premium plugin. -->","yoast_head_json":{"title":"Grupo Generador GM6500AE - 5500W 13HP - SoyMat \u2013 Seguridad Industrial","robots":{"index":"index","follow":"follow","max-snippet":"max-snippet:-1","max-image-preview":"max-image-preview:large","max-video-preview":"max-video-preview:-1"},"canonical":"https:\/\/soymat.com\/es\/producto\/grupo-generador-electrico-gm6500ae-13hp\/","og_locale":"es_ES","og_type":"article","og_title":"Grupo Generador GM6500AE - 5500W 13HP","og_description":"Grupo Generador GM6500AE 13HP A\/E BTA Arranque el\u00e9ctrico 4 tiempos M6500AE 13HP A\/E SKU: 521168 Categor\u00eda: GENERADORES Voltaje Salida: 220 Vca \u2013 50 Hz \u2013 12 Vcc \u2013 8,3 A Potencia M\u00e1x: 5,5 kVA Potencia Continua: 5,0 kVA Potencia Motor: 13 HP Velocidad Motor: 3600 min-1 Arranque: El\u00e9ctrico\/Manual Nivel de Ruido: 74 dB Combustible: Nafta","og_url":"https:\/\/soymat.com\/es\/producto\/grupo-generador-electrico-gm6500ae-13hp\/","og_site_name":"SoyMat \u2013 Seguridad Industrial","article_modified_time":"2026-01-08T16:07:40+00:00","og_image":[{"width":2000,"height":2000,"url":"https:\/\/soymat.com\/wp-content\/uploads\/2024\/10\/generador-5500w-13hp-bta.jpg","type":"image\/jpeg"}],"twitter_card":"summary_large_image","twitter_misc":{"Tiempo de lectura":"1 minuto"},"schema":{"@context":"https:\/\/schema.org","@graph":[{"@type":"WebPage","@id":"https:\/\/soymat.com\/producto\/grupo-generador-electrico-gm6500ae-13hp\/","url":"https:\/\/soymat.com\/producto\/grupo-generador-electrico-gm6500ae-13hp\/","name":"Grupo Generador GM6500AE - 5500W 13HP - SoyMat \u2013 Seguridad Industrial","isPartOf":{"@id":"https:\/\/soymat.com\/#website"},"primaryImageOfPage":{"@id":"https:\/\/soymat.com\/producto\/grupo-generador-electrico-gm6500ae-13hp\/#primaryimage"},"image":{"@id":"https:\/\/soymat.com\/producto\/grupo-generador-electrico-gm6500ae-13hp\/#primaryimage"},"thumbnailUrl":"https:\/\/soymat.com\/wp-content\/uploads\/2024\/10\/generador-5500w-13hp-bta.jpg","datePublished":"2024-10-25T19:17:15+00:00","dateModified":"2026-01-08T16:07:40+00:00","breadcrumb":{"@id":"https:\/\/soymat.com\/producto\/grupo-generador-electrico-gm6500ae-13hp\/#breadcrumb"},"inLanguage":"es-AR","potentialAction":[{"@type":"ReadAction","target":["https:\/\/soymat.com\/producto\/grupo-generador-electrico-gm6500ae-13hp\/"]}]},{"@type":"ImageObject","inLanguage":"es-AR","@id":"https:\/\/soymat.com\/producto\/grupo-generador-electrico-gm6500ae-13hp\/#primaryimage","url":"https:\/\/soymat.com\/wp-content\/uploads\/2024\/10\/generador-5500w-13hp-bta.jpg","contentUrl":"https:\/\/soymat.com\/wp-content\/uploads\/2024\/10\/generador-5500w-13hp-bta.jpg","width":2000,"height":2000},{"@type":"BreadcrumbList","@id":"https:\/\/soymat.com\/producto\/grupo-generador-electrico-gm6500ae-13hp\/#breadcrumb","itemListElement":[{"@type":"ListItem","position":1,"name":"Portada","item":"https:\/\/soymat.com\/"},{"@type":"ListItem","position":2,"name":"Todos los Productos","item":"https:\/\/soymat.com\/shop\/"},{"@type":"ListItem","position":3,"name":"Grupo Generador GM6500AE &#8211; 5500W 13HP"}]},{"@type":"WebSite","@id":"https:\/\/soymat.com\/#website","url":"https:\/\/soymat.com\/","name":"So&Mat","description":"Empresa Dedicada a la protecci\u00f3n global contra incendio . matafuegos redes bombas,venta instalaci\u00f3n y service, protecci\u00f3n y confort laboral en todo concepto.","publisher":{"@id":"https:\/\/soymat.com\/#organization"},"alternateName":"So&Mat","potentialAction":[{"@type":"SearchAction","target":{"@type":"EntryPoint","urlTemplate":"https:\/\/soymat.com\/?s={search_term_string}"},"query-input":{"@type":"PropertyValueSpecification","valueRequired":true,"valueName":"search_term_string"}}],"inLanguage":"es-AR"},{"@type":"Organization","@id":"https:\/\/soymat.com\/#organization","name":"So&Mat","url":"https:\/\/soymat.com\/","logo":{"@type":"ImageObject","inLanguage":"es-AR","@id":"https:\/\/soymat.com\/#\/schema\/logo\/image\/","url":"https:\/\/soymat.com\/wp-content\/uploads\/2024\/08\/SoyMat.jpg","contentUrl":"https:\/\/soymat.com\/wp-content\/uploads\/2024\/08\/SoyMat.jpg","width":600,"height":236,"caption":"So&Mat"},"image":{"@id":"https:\/\/soymat.com\/#\/schema\/logo\/image\/"}}]}},"_links":{"self":[{"href":"https:\/\/soymat.com\/es\/wp-json\/wp\/v2\/product\/20347","targetHints":{"allow":["GET"]}}],"collection":[{"href":"https:\/\/soymat.com\/es\/wp-json\/wp\/v2\/product"}],"about":[{"href":"https:\/\/soymat.com\/es\/wp-json\/wp\/v2\/types\/product"}],"wp:featuredmedia":[{"embeddable":true,"href":"https:\/\/soymat.com\/es\/wp-json\/wp\/v2\/media\/20348"}],"wp:attachment":[{"href":"https:\/\/soymat.com\/es\/wp-json\/wp\/v2\/media?parent=20347"}],"wp:term":[{"taxonomy":"product_cat","embeddable":true,"href":"https:\/\/soymat.com\/es\/wp-json\/wp\/v2\/product_cat?post=20347"},{"taxonomy":"product_tag","embeddable":true,"href":"https:\/\/soymat.com\/es\/wp-json\/wp\/v2\/product_tag?post=20347"}],"curies":[{"name":"wp","href":"https:\/\/api.w.org\/{rel}","templated":true}]}}