{"id":20358,"date":"2024-10-25T16:49:58","date_gmt":"2024-10-25T19:49:58","guid":{"rendered":"https:\/\/soymat.com\/?post_type=product&#038;p=20358"},"modified":"2025-11-05T07:10:34","modified_gmt":"2025-11-05T10:10:34","slug":"tubo-espiralado-15mts-p-aire","status":"publish","type":"product","link":"https:\/\/soymat.com\/es\/producto\/tubo-espiralado-15mts-p-aire\/","title":{"rendered":"Tubo espiralado 15mts p\/aire"},"content":{"rendered":"<p><strong>Tubo espiralado 15M p\/aire\u00a0<\/strong><\/p>\n<p>Tubo espiralado pl\u00e1stico para aire con acoples<br \/>\nLongitud: 15 m<br \/>\nPresi\u00f3n m\u00e1xima: 10 Bar<br \/>\nUso: Hobby<\/p>\n<p>&nbsp;<\/p>\n<p>SKU 279022<\/p>","protected":false},"excerpt":{"rendered":"<p>Tubo espiralado 15M p\/aire\u00a0 Tubo espiralado pl\u00e1stico para aire con acoples Longitud: 15 m Presi\u00f3n m\u00e1xima: 10 Bar Uso: Hobby &nbsp; SKU 279022<\/p>","protected":false},"featured_media":20356,"template":"","meta":[],"product_cat":[191],"product_tag":[300,302,303,301,196],"class_list":{"0":"post-20358","1":"product","2":"type-product","3":"status-publish","4":"has-post-thumbnail","6":"product_brand-maquinas-y-herramientas-bta-tools","7":"product_cat-maquinas-y-herramientas","8":"product_tag-compresores","9":"product_tag-gomeria","10":"product_tag-lubricentro","11":"product_tag-muebleria","12":"product_tag-taller","14":"first","15":"instock","16":"taxable","17":"shipping-taxable","18":"purchasable","19":"product-type-simple","20":"add-to-wishlist-after_add_to_cart"},"yoast_head":"<!-- This site is optimized with the Yoast SEO Premium plugin v26.9 (Yoast SEO v26.9) - https:\/\/yoast.com\/product\/yoast-seo-premium-wordpress\/ -->\n<title>Tubo espiralado 15mts p\/aire - SoyMat \u2013 Seguridad Industrial<\/title>\n<meta name=\"robots\" content=\"index, follow, max-snippet:-1, max-image-preview:large, max-video-preview:-1\" \/>\n<link rel=\"canonical\" href=\"https:\/\/soymat.com\/es\/producto\/tubo-espiralado-15mts-p-aire\/\" \/>\n<meta property=\"og:locale\" content=\"es_ES\" \/>\n<meta property=\"og:type\" content=\"article\" \/>\n<meta property=\"og:title\" content=\"Tubo espiralado 15mts p\/aire\" \/>\n<meta property=\"og:description\" content=\"Tubo espiralado 15M p\/aire\u00a0 Tubo espiralado pl\u00e1stico para aire con acoples Longitud: 15 m Presi\u00f3n m\u00e1xima: 10 Bar Uso: Hobby &nbsp; SKU 279022\" \/>\n<meta property=\"og:url\" content=\"https:\/\/soymat.com\/es\/producto\/tubo-espiralado-15mts-p-aire\/\" \/>\n<meta property=\"og:site_name\" content=\"SoyMat \u2013 Seguridad Industrial\" \/>\n<meta property=\"article:modified_time\" content=\"2025-11-05T10:10:34+00:00\" \/>\n<meta property=\"og:image\" content=\"https:\/\/soymat.com\/wp-content\/uploads\/2024\/10\/Tubo-espiralado-5M-p-aire.jpg\" \/>\n\t<meta property=\"og:image:width\" content=\"2000\" \/>\n\t<meta property=\"og:image:height\" content=\"2000\" \/>\n\t<meta property=\"og:image:type\" content=\"image\/jpeg\" \/>\n<meta name=\"twitter:card\" content=\"summary_large_image\" \/>\n<meta name=\"twitter:label1\" content=\"Tiempo de lectura\" \/>\n\t<meta name=\"twitter:data1\" content=\"1 minuto\" \/>\n<script type=\"application\/ld+json\" class=\"yoast-schema-graph\">{\"@context\":\"https:\/\/schema.org\",\"@graph\":[{\"@type\":\"WebPage\",\"@id\":\"https:\/\/soymat.com\/producto\/tubo-espiralado-15mts-p-aire\/\",\"url\":\"https:\/\/soymat.com\/producto\/tubo-espiralado-15mts-p-aire\/\",\"name\":\"Tubo espiralado 15mts p\/aire - SoyMat \u2013 Seguridad Industrial\",\"isPartOf\":{\"@id\":\"https:\/\/soymat.com\/#website\"},\"primaryImageOfPage\":{\"@id\":\"https:\/\/soymat.com\/producto\/tubo-espiralado-15mts-p-aire\/#primaryimage\"},\"image\":{\"@id\":\"https:\/\/soymat.com\/producto\/tubo-espiralado-15mts-p-aire\/#primaryimage\"},\"thumbnailUrl\":\"https:\/\/soymat.com\/wp-content\/uploads\/2024\/10\/Tubo-espiralado-5M-p-aire.jpg\",\"datePublished\":\"2024-10-25T19:49:58+00:00\",\"dateModified\":\"2025-11-05T10:10:34+00:00\",\"breadcrumb\":{\"@id\":\"https:\/\/soymat.com\/producto\/tubo-espiralado-15mts-p-aire\/#breadcrumb\"},\"inLanguage\":\"es-AR\",\"potentialAction\":[{\"@type\":\"ReadAction\",\"target\":[\"https:\/\/soymat.com\/producto\/tubo-espiralado-15mts-p-aire\/\"]}]},{\"@type\":\"ImageObject\",\"inLanguage\":\"es-AR\",\"@id\":\"https:\/\/soymat.com\/producto\/tubo-espiralado-15mts-p-aire\/#primaryimage\",\"url\":\"https:\/\/soymat.com\/wp-content\/uploads\/2024\/10\/Tubo-espiralado-5M-p-aire.jpg\",\"contentUrl\":\"https:\/\/soymat.com\/wp-content\/uploads\/2024\/10\/Tubo-espiralado-5M-p-aire.jpg\",\"width\":2000,\"height\":2000,\"caption\":\"tubo espiralado para aire\"},{\"@type\":\"BreadcrumbList\",\"@id\":\"https:\/\/soymat.com\/producto\/tubo-espiralado-15mts-p-aire\/#breadcrumb\",\"itemListElement\":[{\"@type\":\"ListItem\",\"position\":1,\"name\":\"Portada\",\"item\":\"https:\/\/soymat.com\/\"},{\"@type\":\"ListItem\",\"position\":2,\"name\":\"Todos los Productos\",\"item\":\"https:\/\/soymat.com\/shop\/\"},{\"@type\":\"ListItem\",\"position\":3,\"name\":\"Tubo espiralado 15mts p\/aire\"}]},{\"@type\":\"WebSite\",\"@id\":\"https:\/\/soymat.com\/#website\",\"url\":\"https:\/\/soymat.com\/\",\"name\":\"So&Mat\",\"description\":\"Empresa Dedicada a la protecci\u00f3n global contra incendio . matafuegos redes bombas,venta instalaci\u00f3n y service, protecci\u00f3n y confort laboral en todo concepto.\",\"publisher\":{\"@id\":\"https:\/\/soymat.com\/#organization\"},\"alternateName\":\"So&Mat\",\"potentialAction\":[{\"@type\":\"SearchAction\",\"target\":{\"@type\":\"EntryPoint\",\"urlTemplate\":\"https:\/\/soymat.com\/?s={search_term_string}\"},\"query-input\":{\"@type\":\"PropertyValueSpecification\",\"valueRequired\":true,\"valueName\":\"search_term_string\"}}],\"inLanguage\":\"es-AR\"},{\"@type\":\"Organization\",\"@id\":\"https:\/\/soymat.com\/#organization\",\"name\":\"So&Mat\",\"url\":\"https:\/\/soymat.com\/\",\"logo\":{\"@type\":\"ImageObject\",\"inLanguage\":\"es-AR\",\"@id\":\"https:\/\/soymat.com\/#\/schema\/logo\/image\/\",\"url\":\"https:\/\/soymat.com\/wp-content\/uploads\/2024\/08\/SoyMat.jpg\",\"contentUrl\":\"https:\/\/soymat.com\/wp-content\/uploads\/2024\/08\/SoyMat.jpg\",\"width\":600,\"height\":236,\"caption\":\"So&Mat\"},\"image\":{\"@id\":\"https:\/\/soymat.com\/#\/schema\/logo\/image\/\"}}]}<\/script>\n<!-- \/ Yoast SEO Premium plugin. -->","yoast_head_json":{"title":"Tubo espiralado 15mts p\/aire - SoyMat \u2013 Seguridad Industrial","robots":{"index":"index","follow":"follow","max-snippet":"max-snippet:-1","max-image-preview":"max-image-preview:large","max-video-preview":"max-video-preview:-1"},"canonical":"https:\/\/soymat.com\/es\/producto\/tubo-espiralado-15mts-p-aire\/","og_locale":"es_ES","og_type":"article","og_title":"Tubo espiralado 15mts p\/aire","og_description":"Tubo espiralado 15M p\/aire\u00a0 Tubo espiralado pl\u00e1stico para aire con acoples Longitud: 15 m Presi\u00f3n m\u00e1xima: 10 Bar Uso: Hobby &nbsp; SKU 279022","og_url":"https:\/\/soymat.com\/es\/producto\/tubo-espiralado-15mts-p-aire\/","og_site_name":"SoyMat \u2013 Seguridad Industrial","article_modified_time":"2025-11-05T10:10:34+00:00","og_image":[{"width":2000,"height":2000,"url":"https:\/\/soymat.com\/wp-content\/uploads\/2024\/10\/Tubo-espiralado-5M-p-aire.jpg","type":"image\/jpeg"}],"twitter_card":"summary_large_image","twitter_misc":{"Tiempo de lectura":"1 minuto"},"schema":{"@context":"https:\/\/schema.org","@graph":[{"@type":"WebPage","@id":"https:\/\/soymat.com\/producto\/tubo-espiralado-15mts-p-aire\/","url":"https:\/\/soymat.com\/producto\/tubo-espiralado-15mts-p-aire\/","name":"Tubo espiralado 15mts p\/aire - SoyMat \u2013 Seguridad Industrial","isPartOf":{"@id":"https:\/\/soymat.com\/#website"},"primaryImageOfPage":{"@id":"https:\/\/soymat.com\/producto\/tubo-espiralado-15mts-p-aire\/#primaryimage"},"image":{"@id":"https:\/\/soymat.com\/producto\/tubo-espiralado-15mts-p-aire\/#primaryimage"},"thumbnailUrl":"https:\/\/soymat.com\/wp-content\/uploads\/2024\/10\/Tubo-espiralado-5M-p-aire.jpg","datePublished":"2024-10-25T19:49:58+00:00","dateModified":"2025-11-05T10:10:34+00:00","breadcrumb":{"@id":"https:\/\/soymat.com\/producto\/tubo-espiralado-15mts-p-aire\/#breadcrumb"},"inLanguage":"es-AR","potentialAction":[{"@type":"ReadAction","target":["https:\/\/soymat.com\/producto\/tubo-espiralado-15mts-p-aire\/"]}]},{"@type":"ImageObject","inLanguage":"es-AR","@id":"https:\/\/soymat.com\/producto\/tubo-espiralado-15mts-p-aire\/#primaryimage","url":"https:\/\/soymat.com\/wp-content\/uploads\/2024\/10\/Tubo-espiralado-5M-p-aire.jpg","contentUrl":"https:\/\/soymat.com\/wp-content\/uploads\/2024\/10\/Tubo-espiralado-5M-p-aire.jpg","width":2000,"height":2000,"caption":"tubo espiralado para aire"},{"@type":"BreadcrumbList","@id":"https:\/\/soymat.com\/producto\/tubo-espiralado-15mts-p-aire\/#breadcrumb","itemListElement":[{"@type":"ListItem","position":1,"name":"Portada","item":"https:\/\/soymat.com\/"},{"@type":"ListItem","position":2,"name":"Todos los Productos","item":"https:\/\/soymat.com\/shop\/"},{"@type":"ListItem","position":3,"name":"Tubo espiralado 15mts p\/aire"}]},{"@type":"WebSite","@id":"https:\/\/soymat.com\/#website","url":"https:\/\/soymat.com\/","name":"So&Mat","description":"Empresa Dedicada a la protecci\u00f3n global contra incendio . matafuegos redes bombas,venta instalaci\u00f3n y service, protecci\u00f3n y confort laboral en todo concepto.","publisher":{"@id":"https:\/\/soymat.com\/#organization"},"alternateName":"So&Mat","potentialAction":[{"@type":"SearchAction","target":{"@type":"EntryPoint","urlTemplate":"https:\/\/soymat.com\/?s={search_term_string}"},"query-input":{"@type":"PropertyValueSpecification","valueRequired":true,"valueName":"search_term_string"}}],"inLanguage":"es-AR"},{"@type":"Organization","@id":"https:\/\/soymat.com\/#organization","name":"So&Mat","url":"https:\/\/soymat.com\/","logo":{"@type":"ImageObject","inLanguage":"es-AR","@id":"https:\/\/soymat.com\/#\/schema\/logo\/image\/","url":"https:\/\/soymat.com\/wp-content\/uploads\/2024\/08\/SoyMat.jpg","contentUrl":"https:\/\/soymat.com\/wp-content\/uploads\/2024\/08\/SoyMat.jpg","width":600,"height":236,"caption":"So&Mat"},"image":{"@id":"https:\/\/soymat.com\/#\/schema\/logo\/image\/"}}]}},"_links":{"self":[{"href":"https:\/\/soymat.com\/es\/wp-json\/wp\/v2\/product\/20358","targetHints":{"allow":["GET"]}}],"collection":[{"href":"https:\/\/soymat.com\/es\/wp-json\/wp\/v2\/product"}],"about":[{"href":"https:\/\/soymat.com\/es\/wp-json\/wp\/v2\/types\/product"}],"wp:featuredmedia":[{"embeddable":true,"href":"https:\/\/soymat.com\/es\/wp-json\/wp\/v2\/media\/20356"}],"wp:attachment":[{"href":"https:\/\/soymat.com\/es\/wp-json\/wp\/v2\/media?parent=20358"}],"wp:term":[{"taxonomy":"product_cat","embeddable":true,"href":"https:\/\/soymat.com\/es\/wp-json\/wp\/v2\/product_cat?post=20358"},{"taxonomy":"product_tag","embeddable":true,"href":"https:\/\/soymat.com\/es\/wp-json\/wp\/v2\/product_tag?post=20358"}],"curies":[{"name":"wp","href":"https:\/\/api.w.org\/{rel}","templated":true}]}}