{"id":20541,"date":"2024-12-08T21:16:00","date_gmt":"2024-12-09T00:16:00","guid":{"rendered":"https:\/\/soymat.com\/?post_type=product&#038;p=20541"},"modified":"2026-03-27T13:53:39","modified_gmt":"2026-03-27T16:53:39","slug":"alicate-de-corte-diagonal-con-mango-bi-componente-125mm-bahco","status":"publish","type":"product","link":"https:\/\/soymat.com\/es\/producto\/alicate-de-corte-diagonal-con-mango-bi-componente-125mm-bahco\/","title":{"rendered":"Alicate de corte diagonal con mango bi-componente 125mm Bahco"},"content":{"rendered":"<p><strong>Alicates de corte diagonal ERGO\u2122 con mango bi-componente y acabado fosfatado 125mm<\/strong><\/p>\n<p>&nbsp;<\/p>\n<p>Detalles del producto<br \/>\nMangos ERGO\u2122 bi-componentes: superficie termopl\u00e1stica sobre polipropileno resistente para ofrecer un agarre superior<br \/>\nAlicates de corte diagonal dise\u00f1ados de acuerdo con los procesos cient\u00edficos ERGO\u2122<br \/>\nAptos para cortar cuerda de piano, as\u00ed como alambre de Cu y Fe+<br \/>\nReducci\u00f3n de la distancia desde la junta al centro de los filos de corte para un efecto palanca mayor y una mejora de la capacidad de corte<br \/>\nVersi\u00f3n del modelo 2101G est\u00e1ndar sin funci\u00f3n de muelle on\/off<br \/>\nAleaci\u00f3n de acero de alto rendimiento<br \/>\nAcabado fosfatado con tratamiento anticorrosi\u00f3n<br \/>\nEl radio de corte progresa a lo largo del filo para permitir cortar materiales duros, como cuerda de piano cerca de la junta, pero tambi\u00e9n materiales blandos<br \/>\nJunta atornillada que proporciona un funcionamiento excelente y una alineaci\u00f3n precisa de los filos de corte<br \/>\nMordazas redondeadas que mejoran la accesibilidad en espacios reducidos<br \/>\nSin muelle de retorno<br \/>\nFilos de corte templados por inducci\u00f3n<br \/>\nM\u00e1ximo confort con el m\u00ednimo esfuerzo gracias a su dise\u00f1o ergon\u00f3mico<br \/>\nMangos bi-componentes c\u00f3modos que proporcionan un agarre excelente<br \/>\nAumento del efecto palanca y de la capacidad de corte gracias a la posici\u00f3n de la junta<\/p>","protected":false},"excerpt":{"rendered":"<p>Alicates de corte diagonal ERGO\u2122 con mango bi-componente y acabado fosfatado 125mm &nbsp; Detalles del producto Mangos ERGO\u2122 bi-componentes: superficie termopl\u00e1stica sobre polipropileno resistente para ofrecer un agarre superior Alicates de corte diagonal dise\u00f1ados de acuerdo con los procesos cient\u00edficos ERGO\u2122 Aptos para cortar cuerda de piano, as\u00ed como alambre de Cu y Fe+ Reducci\u00f3n [&hellip;]<\/p>\n","protected":false},"featured_media":20548,"template":"","meta":[],"product_cat":[191],"product_tag":[209,312,196,313],"class_list":{"0":"post-20541","1":"product","2":"type-product","3":"status-publish","4":"has-post-thumbnail","6":"product_brand-herramientas-bahco-todo-para-tu-taller-herramientas-de-mano","7":"product_cat-maquinas-y-herramientas","8":"product_tag-herramientas","9":"product_tag-herramientas-de-mano","10":"product_tag-taller","11":"product_tag-tools","13":"first","14":"outofstock","15":"taxable","16":"shipping-taxable","17":"purchasable","18":"product-type-simple","19":"add-to-wishlist-after_add_to_cart"},"yoast_head":"<!-- This site is optimized with the Yoast SEO Premium plugin v26.9 (Yoast SEO v26.9) - https:\/\/yoast.com\/product\/yoast-seo-premium-wordpress\/ -->\n<title>Alicate de corte diagonal con mango bi-componente 125mm Bahco - SoyMat \u2013 Seguridad Industrial<\/title>\n<meta name=\"robots\" content=\"index, follow, max-snippet:-1, max-image-preview:large, max-video-preview:-1\" \/>\n<link rel=\"canonical\" href=\"https:\/\/soymat.com\/es\/producto\/alicate-de-corte-diagonal-con-mango-bi-componente-125mm-bahco\/\" \/>\n<meta property=\"og:locale\" content=\"es_ES\" \/>\n<meta property=\"og:type\" content=\"article\" \/>\n<meta property=\"og:title\" content=\"Alicate de corte diagonal con mango bi-componente 125mm Bahco\" \/>\n<meta property=\"og:description\" content=\"Alicates de corte diagonal ERGO\u2122 con mango bi-componente y acabado fosfatado 125mm &nbsp; Detalles del producto Mangos ERGO\u2122 bi-componentes: superficie termopl\u00e1stica sobre polipropileno resistente para ofrecer un agarre superior Alicates de corte diagonal dise\u00f1ados de acuerdo con los procesos cient\u00edficos ERGO\u2122 Aptos para cortar cuerda de piano, as\u00ed como alambre de Cu y Fe+ Reducci\u00f3n [&hellip;]\" \/>\n<meta property=\"og:url\" content=\"https:\/\/soymat.com\/es\/producto\/alicate-de-corte-diagonal-con-mango-bi-componente-125mm-bahco\/\" \/>\n<meta property=\"og:site_name\" content=\"SoyMat \u2013 Seguridad Industrial\" \/>\n<meta property=\"article:modified_time\" content=\"2026-03-27T16:53:39+00:00\" \/>\n<meta property=\"og:image\" content=\"https:\/\/soymat.com\/wp-content\/uploads\/2024\/12\/alicate-2101G-180IPD_-03.jpg\" \/>\n\t<meta property=\"og:image:width\" content=\"2048\" \/>\n\t<meta property=\"og:image:height\" content=\"2048\" \/>\n\t<meta property=\"og:image:type\" content=\"image\/jpeg\" \/>\n<meta name=\"twitter:card\" content=\"summary_large_image\" \/>\n<meta name=\"twitter:label1\" content=\"Tiempo de lectura\" \/>\n\t<meta name=\"twitter:data1\" content=\"2 minutos\" \/>\n<script type=\"application\/ld+json\" class=\"yoast-schema-graph\">{\"@context\":\"https:\/\/schema.org\",\"@graph\":[{\"@type\":\"WebPage\",\"@id\":\"https:\/\/soymat.com\/producto\/alicate-de-corte-diagonal-con-mango-bi-componente-125mm-bahco\/\",\"url\":\"https:\/\/soymat.com\/producto\/alicate-de-corte-diagonal-con-mango-bi-componente-125mm-bahco\/\",\"name\":\"Alicate de corte diagonal con mango bi-componente 125mm Bahco - SoyMat \u2013 Seguridad Industrial\",\"isPartOf\":{\"@id\":\"https:\/\/soymat.com\/#website\"},\"primaryImageOfPage\":{\"@id\":\"https:\/\/soymat.com\/producto\/alicate-de-corte-diagonal-con-mango-bi-componente-125mm-bahco\/#primaryimage\"},\"image\":{\"@id\":\"https:\/\/soymat.com\/producto\/alicate-de-corte-diagonal-con-mango-bi-componente-125mm-bahco\/#primaryimage\"},\"thumbnailUrl\":\"https:\/\/soymat.com\/wp-content\/uploads\/2024\/12\/alicate-2101G-180IPD_-03.jpg\",\"datePublished\":\"2024-12-09T00:16:00+00:00\",\"dateModified\":\"2026-03-27T16:53:39+00:00\",\"breadcrumb\":{\"@id\":\"https:\/\/soymat.com\/producto\/alicate-de-corte-diagonal-con-mango-bi-componente-125mm-bahco\/#breadcrumb\"},\"inLanguage\":\"es-AR\",\"potentialAction\":[{\"@type\":\"ReadAction\",\"target\":[\"https:\/\/soymat.com\/producto\/alicate-de-corte-diagonal-con-mango-bi-componente-125mm-bahco\/\"]}]},{\"@type\":\"ImageObject\",\"inLanguage\":\"es-AR\",\"@id\":\"https:\/\/soymat.com\/producto\/alicate-de-corte-diagonal-con-mango-bi-componente-125mm-bahco\/#primaryimage\",\"url\":\"https:\/\/soymat.com\/wp-content\/uploads\/2024\/12\/alicate-2101G-180IPD_-03.jpg\",\"contentUrl\":\"https:\/\/soymat.com\/wp-content\/uploads\/2024\/12\/alicate-2101G-180IPD_-03.jpg\",\"width\":2048,\"height\":2048},{\"@type\":\"BreadcrumbList\",\"@id\":\"https:\/\/soymat.com\/producto\/alicate-de-corte-diagonal-con-mango-bi-componente-125mm-bahco\/#breadcrumb\",\"itemListElement\":[{\"@type\":\"ListItem\",\"position\":1,\"name\":\"Portada\",\"item\":\"https:\/\/soymat.com\/\"},{\"@type\":\"ListItem\",\"position\":2,\"name\":\"Todos los Productos\",\"item\":\"https:\/\/soymat.com\/shop\/\"},{\"@type\":\"ListItem\",\"position\":3,\"name\":\"Alicate de corte diagonal con mango bi-componente 125mm Bahco\"}]},{\"@type\":\"WebSite\",\"@id\":\"https:\/\/soymat.com\/#website\",\"url\":\"https:\/\/soymat.com\/\",\"name\":\"So&Mat\",\"description\":\"Empresa Dedicada a la protecci\u00f3n global contra incendio . matafuegos redes bombas,venta instalaci\u00f3n y service, protecci\u00f3n y confort laboral en todo concepto.\",\"publisher\":{\"@id\":\"https:\/\/soymat.com\/#organization\"},\"alternateName\":\"So&Mat\",\"potentialAction\":[{\"@type\":\"SearchAction\",\"target\":{\"@type\":\"EntryPoint\",\"urlTemplate\":\"https:\/\/soymat.com\/?s={search_term_string}\"},\"query-input\":{\"@type\":\"PropertyValueSpecification\",\"valueRequired\":true,\"valueName\":\"search_term_string\"}}],\"inLanguage\":\"es-AR\"},{\"@type\":\"Organization\",\"@id\":\"https:\/\/soymat.com\/#organization\",\"name\":\"So&Mat\",\"url\":\"https:\/\/soymat.com\/\",\"logo\":{\"@type\":\"ImageObject\",\"inLanguage\":\"es-AR\",\"@id\":\"https:\/\/soymat.com\/#\/schema\/logo\/image\/\",\"url\":\"https:\/\/soymat.com\/wp-content\/uploads\/2024\/08\/SoyMat.jpg\",\"contentUrl\":\"https:\/\/soymat.com\/wp-content\/uploads\/2024\/08\/SoyMat.jpg\",\"width\":600,\"height\":236,\"caption\":\"So&Mat\"},\"image\":{\"@id\":\"https:\/\/soymat.com\/#\/schema\/logo\/image\/\"}}]}<\/script>\n<!-- \/ Yoast SEO Premium plugin. -->","yoast_head_json":{"title":"Alicate de corte diagonal con mango bi-componente 125mm Bahco - SoyMat \u2013 Seguridad Industrial","robots":{"index":"index","follow":"follow","max-snippet":"max-snippet:-1","max-image-preview":"max-image-preview:large","max-video-preview":"max-video-preview:-1"},"canonical":"https:\/\/soymat.com\/es\/producto\/alicate-de-corte-diagonal-con-mango-bi-componente-125mm-bahco\/","og_locale":"es_ES","og_type":"article","og_title":"Alicate de corte diagonal con mango bi-componente 125mm Bahco","og_description":"Alicates de corte diagonal ERGO\u2122 con mango bi-componente y acabado fosfatado 125mm &nbsp; Detalles del producto Mangos ERGO\u2122 bi-componentes: superficie termopl\u00e1stica sobre polipropileno resistente para ofrecer un agarre superior Alicates de corte diagonal dise\u00f1ados de acuerdo con los procesos cient\u00edficos ERGO\u2122 Aptos para cortar cuerda de piano, as\u00ed como alambre de Cu y Fe+ Reducci\u00f3n [&hellip;]","og_url":"https:\/\/soymat.com\/es\/producto\/alicate-de-corte-diagonal-con-mango-bi-componente-125mm-bahco\/","og_site_name":"SoyMat \u2013 Seguridad Industrial","article_modified_time":"2026-03-27T16:53:39+00:00","og_image":[{"width":2048,"height":2048,"url":"https:\/\/soymat.com\/wp-content\/uploads\/2024\/12\/alicate-2101G-180IPD_-03.jpg","type":"image\/jpeg"}],"twitter_card":"summary_large_image","twitter_misc":{"Tiempo de lectura":"2 minutos"},"schema":{"@context":"https:\/\/schema.org","@graph":[{"@type":"WebPage","@id":"https:\/\/soymat.com\/producto\/alicate-de-corte-diagonal-con-mango-bi-componente-125mm-bahco\/","url":"https:\/\/soymat.com\/producto\/alicate-de-corte-diagonal-con-mango-bi-componente-125mm-bahco\/","name":"Alicate de corte diagonal con mango bi-componente 125mm Bahco - SoyMat \u2013 Seguridad Industrial","isPartOf":{"@id":"https:\/\/soymat.com\/#website"},"primaryImageOfPage":{"@id":"https:\/\/soymat.com\/producto\/alicate-de-corte-diagonal-con-mango-bi-componente-125mm-bahco\/#primaryimage"},"image":{"@id":"https:\/\/soymat.com\/producto\/alicate-de-corte-diagonal-con-mango-bi-componente-125mm-bahco\/#primaryimage"},"thumbnailUrl":"https:\/\/soymat.com\/wp-content\/uploads\/2024\/12\/alicate-2101G-180IPD_-03.jpg","datePublished":"2024-12-09T00:16:00+00:00","dateModified":"2026-03-27T16:53:39+00:00","breadcrumb":{"@id":"https:\/\/soymat.com\/producto\/alicate-de-corte-diagonal-con-mango-bi-componente-125mm-bahco\/#breadcrumb"},"inLanguage":"es-AR","potentialAction":[{"@type":"ReadAction","target":["https:\/\/soymat.com\/producto\/alicate-de-corte-diagonal-con-mango-bi-componente-125mm-bahco\/"]}]},{"@type":"ImageObject","inLanguage":"es-AR","@id":"https:\/\/soymat.com\/producto\/alicate-de-corte-diagonal-con-mango-bi-componente-125mm-bahco\/#primaryimage","url":"https:\/\/soymat.com\/wp-content\/uploads\/2024\/12\/alicate-2101G-180IPD_-03.jpg","contentUrl":"https:\/\/soymat.com\/wp-content\/uploads\/2024\/12\/alicate-2101G-180IPD_-03.jpg","width":2048,"height":2048},{"@type":"BreadcrumbList","@id":"https:\/\/soymat.com\/producto\/alicate-de-corte-diagonal-con-mango-bi-componente-125mm-bahco\/#breadcrumb","itemListElement":[{"@type":"ListItem","position":1,"name":"Portada","item":"https:\/\/soymat.com\/"},{"@type":"ListItem","position":2,"name":"Todos los Productos","item":"https:\/\/soymat.com\/shop\/"},{"@type":"ListItem","position":3,"name":"Alicate de corte diagonal con mango bi-componente 125mm Bahco"}]},{"@type":"WebSite","@id":"https:\/\/soymat.com\/#website","url":"https:\/\/soymat.com\/","name":"So&Mat","description":"Empresa Dedicada a la protecci\u00f3n global contra incendio . matafuegos redes bombas,venta instalaci\u00f3n y service, protecci\u00f3n y confort laboral en todo concepto.","publisher":{"@id":"https:\/\/soymat.com\/#organization"},"alternateName":"So&Mat","potentialAction":[{"@type":"SearchAction","target":{"@type":"EntryPoint","urlTemplate":"https:\/\/soymat.com\/?s={search_term_string}"},"query-input":{"@type":"PropertyValueSpecification","valueRequired":true,"valueName":"search_term_string"}}],"inLanguage":"es-AR"},{"@type":"Organization","@id":"https:\/\/soymat.com\/#organization","name":"So&Mat","url":"https:\/\/soymat.com\/","logo":{"@type":"ImageObject","inLanguage":"es-AR","@id":"https:\/\/soymat.com\/#\/schema\/logo\/image\/","url":"https:\/\/soymat.com\/wp-content\/uploads\/2024\/08\/SoyMat.jpg","contentUrl":"https:\/\/soymat.com\/wp-content\/uploads\/2024\/08\/SoyMat.jpg","width":600,"height":236,"caption":"So&Mat"},"image":{"@id":"https:\/\/soymat.com\/#\/schema\/logo\/image\/"}}]}},"_links":{"self":[{"href":"https:\/\/soymat.com\/es\/wp-json\/wp\/v2\/product\/20541","targetHints":{"allow":["GET"]}}],"collection":[{"href":"https:\/\/soymat.com\/es\/wp-json\/wp\/v2\/product"}],"about":[{"href":"https:\/\/soymat.com\/es\/wp-json\/wp\/v2\/types\/product"}],"wp:featuredmedia":[{"embeddable":true,"href":"https:\/\/soymat.com\/es\/wp-json\/wp\/v2\/media\/20548"}],"wp:attachment":[{"href":"https:\/\/soymat.com\/es\/wp-json\/wp\/v2\/media?parent=20541"}],"wp:term":[{"taxonomy":"product_cat","embeddable":true,"href":"https:\/\/soymat.com\/es\/wp-json\/wp\/v2\/product_cat?post=20541"},{"taxonomy":"product_tag","embeddable":true,"href":"https:\/\/soymat.com\/es\/wp-json\/wp\/v2\/product_tag?post=20541"}],"curies":[{"name":"wp","href":"https:\/\/api.w.org\/{rel}","templated":true}]}}