{"id":20621,"date":"2024-12-16T00:20:02","date_gmt":"2024-12-16T03:20:02","guid":{"rendered":"https:\/\/soymat.com\/?post_type=product&#038;p=20621"},"modified":"2026-02-03T22:07:20","modified_gmt":"2026-02-04T01:07:20","slug":"serrucho-universal-500mm-8-9-tpi-bahco","status":"publish","type":"product","link":"https:\/\/soymat.com\/es\/producto\/serrucho-universal-500mm-8-9-tpi-bahco\/","title":{"rendered":"Serrucho Universal 500MM 8\/9 TPI Bahco"},"content":{"rendered":"<p><strong>Serrucho universal 500MM 8\/9 TPI<\/strong><\/p>\n<p>Srttucho para metales b\u00f1andos, madera laminada, pl\u00e1stico\u00a0 8 9 TPI 20 144 20 8DR<\/p>\n<p>&nbsp;<\/p>","protected":false},"excerpt":{"rendered":"<p>Serrucho universal 500MM 8\/9 TPI Srttucho para metales b\u00f1andos, madera laminada, pl\u00e1stico\u00a0 8 9 TPI 20 144 20 8DR &nbsp;<\/p>","protected":false},"featured_media":20618,"template":"","meta":[],"product_cat":[191],"product_tag":[],"class_list":{"0":"post-20621","1":"product","2":"type-product","3":"status-publish","4":"has-post-thumbnail","6":"product_brand-herramientas-bahco-todo-para-tu-taller-herramientas-de-mano","7":"product_cat-maquinas-y-herramientas","9":"first","10":"instock","11":"taxable","12":"shipping-taxable","13":"purchasable","14":"product-type-simple","15":"add-to-wishlist-after_add_to_cart"},"yoast_head":"<!-- This site is optimized with the Yoast SEO Premium plugin v26.9 (Yoast SEO v26.9) - https:\/\/yoast.com\/product\/yoast-seo-premium-wordpress\/ -->\n<title>Serrucho Universal 500MM 8\/9 TPI Bahco - SoyMat \u2013 Seguridad Industrial<\/title>\n<meta name=\"robots\" content=\"index, follow, max-snippet:-1, max-image-preview:large, max-video-preview:-1\" \/>\n<link rel=\"canonical\" href=\"https:\/\/soymat.com\/es\/producto\/serrucho-universal-500mm-8-9-tpi-bahco\/\" \/>\n<meta property=\"og:locale\" content=\"es_ES\" \/>\n<meta property=\"og:type\" content=\"article\" \/>\n<meta property=\"og:title\" content=\"Serrucho Universal 500MM 8\/9 TPI Bahco\" \/>\n<meta property=\"og:description\" content=\"Serrucho universal 500MM 8\/9 TPI Srttucho para metales b\u00f1andos, madera laminada, pl\u00e1stico\u00a0 8 9 TPI 20 144 20 8DR &nbsp;\" \/>\n<meta property=\"og:url\" content=\"https:\/\/soymat.com\/es\/producto\/serrucho-universal-500mm-8-9-tpi-bahco\/\" \/>\n<meta property=\"og:site_name\" content=\"SoyMat \u2013 Seguridad Industrial\" \/>\n<meta property=\"article:modified_time\" content=\"2026-02-04T01:07:20+00:00\" \/>\n<meta property=\"og:image\" content=\"https:\/\/soymat.com\/wp-content\/uploads\/2024\/12\/serruchi-universal-afilable_PC-19-FILE-U7_-02.jpg\" \/>\n\t<meta property=\"og:image:width\" content=\"1200\" \/>\n\t<meta property=\"og:image:height\" content=\"1200\" \/>\n\t<meta property=\"og:image:type\" content=\"image\/jpeg\" \/>\n<meta name=\"twitter:card\" content=\"summary_large_image\" \/>\n<meta name=\"twitter:label1\" content=\"Tiempo de lectura\" \/>\n\t<meta name=\"twitter:data1\" content=\"1 minuto\" \/>\n<script type=\"application\/ld+json\" class=\"yoast-schema-graph\">{\"@context\":\"https:\/\/schema.org\",\"@graph\":[{\"@type\":\"WebPage\",\"@id\":\"https:\/\/soymat.com\/producto\/serrucho-universal-500mm-8-9-tpi-bahco\/\",\"url\":\"https:\/\/soymat.com\/producto\/serrucho-universal-500mm-8-9-tpi-bahco\/\",\"name\":\"Serrucho Universal 500MM 8\/9 TPI Bahco - SoyMat \u2013 Seguridad Industrial\",\"isPartOf\":{\"@id\":\"https:\/\/soymat.com\/#website\"},\"primaryImageOfPage\":{\"@id\":\"https:\/\/soymat.com\/producto\/serrucho-universal-500mm-8-9-tpi-bahco\/#primaryimage\"},\"image\":{\"@id\":\"https:\/\/soymat.com\/producto\/serrucho-universal-500mm-8-9-tpi-bahco\/#primaryimage\"},\"thumbnailUrl\":\"https:\/\/soymat.com\/wp-content\/uploads\/2024\/12\/serruchi-universal-afilable_PC-19-FILE-U7_-02.jpg\",\"datePublished\":\"2024-12-16T03:20:02+00:00\",\"dateModified\":\"2026-02-04T01:07:20+00:00\",\"breadcrumb\":{\"@id\":\"https:\/\/soymat.com\/producto\/serrucho-universal-500mm-8-9-tpi-bahco\/#breadcrumb\"},\"inLanguage\":\"es-AR\",\"potentialAction\":[{\"@type\":\"ReadAction\",\"target\":[\"https:\/\/soymat.com\/producto\/serrucho-universal-500mm-8-9-tpi-bahco\/\"]}]},{\"@type\":\"ImageObject\",\"inLanguage\":\"es-AR\",\"@id\":\"https:\/\/soymat.com\/producto\/serrucho-universal-500mm-8-9-tpi-bahco\/#primaryimage\",\"url\":\"https:\/\/soymat.com\/wp-content\/uploads\/2024\/12\/serruchi-universal-afilable_PC-19-FILE-U7_-02.jpg\",\"contentUrl\":\"https:\/\/soymat.com\/wp-content\/uploads\/2024\/12\/serruchi-universal-afilable_PC-19-FILE-U7_-02.jpg\",\"width\":1200,\"height\":1200},{\"@type\":\"BreadcrumbList\",\"@id\":\"https:\/\/soymat.com\/producto\/serrucho-universal-500mm-8-9-tpi-bahco\/#breadcrumb\",\"itemListElement\":[{\"@type\":\"ListItem\",\"position\":1,\"name\":\"Portada\",\"item\":\"https:\/\/soymat.com\/\"},{\"@type\":\"ListItem\",\"position\":2,\"name\":\"Todos los Productos\",\"item\":\"https:\/\/soymat.com\/shop\/\"},{\"@type\":\"ListItem\",\"position\":3,\"name\":\"Serrucho Universal 500MM 8\/9 TPI Bahco\"}]},{\"@type\":\"WebSite\",\"@id\":\"https:\/\/soymat.com\/#website\",\"url\":\"https:\/\/soymat.com\/\",\"name\":\"So&Mat\",\"description\":\"Empresa Dedicada a la protecci\u00f3n global contra incendio . matafuegos redes bombas,venta instalaci\u00f3n y service, protecci\u00f3n y confort laboral en todo concepto.\",\"publisher\":{\"@id\":\"https:\/\/soymat.com\/#organization\"},\"alternateName\":\"So&Mat\",\"potentialAction\":[{\"@type\":\"SearchAction\",\"target\":{\"@type\":\"EntryPoint\",\"urlTemplate\":\"https:\/\/soymat.com\/?s={search_term_string}\"},\"query-input\":{\"@type\":\"PropertyValueSpecification\",\"valueRequired\":true,\"valueName\":\"search_term_string\"}}],\"inLanguage\":\"es-AR\"},{\"@type\":\"Organization\",\"@id\":\"https:\/\/soymat.com\/#organization\",\"name\":\"So&Mat\",\"url\":\"https:\/\/soymat.com\/\",\"logo\":{\"@type\":\"ImageObject\",\"inLanguage\":\"es-AR\",\"@id\":\"https:\/\/soymat.com\/#\/schema\/logo\/image\/\",\"url\":\"https:\/\/soymat.com\/wp-content\/uploads\/2024\/08\/SoyMat.jpg\",\"contentUrl\":\"https:\/\/soymat.com\/wp-content\/uploads\/2024\/08\/SoyMat.jpg\",\"width\":600,\"height\":236,\"caption\":\"So&Mat\"},\"image\":{\"@id\":\"https:\/\/soymat.com\/#\/schema\/logo\/image\/\"}}]}<\/script>\n<!-- \/ Yoast SEO Premium plugin. -->","yoast_head_json":{"title":"Serrucho Universal 500MM 8\/9 TPI Bahco - SoyMat \u2013 Seguridad Industrial","robots":{"index":"index","follow":"follow","max-snippet":"max-snippet:-1","max-image-preview":"max-image-preview:large","max-video-preview":"max-video-preview:-1"},"canonical":"https:\/\/soymat.com\/es\/producto\/serrucho-universal-500mm-8-9-tpi-bahco\/","og_locale":"es_ES","og_type":"article","og_title":"Serrucho Universal 500MM 8\/9 TPI Bahco","og_description":"Serrucho universal 500MM 8\/9 TPI Srttucho para metales b\u00f1andos, madera laminada, pl\u00e1stico\u00a0 8 9 TPI 20 144 20 8DR &nbsp;","og_url":"https:\/\/soymat.com\/es\/producto\/serrucho-universal-500mm-8-9-tpi-bahco\/","og_site_name":"SoyMat \u2013 Seguridad Industrial","article_modified_time":"2026-02-04T01:07:20+00:00","og_image":[{"width":1200,"height":1200,"url":"https:\/\/soymat.com\/wp-content\/uploads\/2024\/12\/serruchi-universal-afilable_PC-19-FILE-U7_-02.jpg","type":"image\/jpeg"}],"twitter_card":"summary_large_image","twitter_misc":{"Tiempo de lectura":"1 minuto"},"schema":{"@context":"https:\/\/schema.org","@graph":[{"@type":"WebPage","@id":"https:\/\/soymat.com\/producto\/serrucho-universal-500mm-8-9-tpi-bahco\/","url":"https:\/\/soymat.com\/producto\/serrucho-universal-500mm-8-9-tpi-bahco\/","name":"Serrucho Universal 500MM 8\/9 TPI Bahco - SoyMat \u2013 Seguridad Industrial","isPartOf":{"@id":"https:\/\/soymat.com\/#website"},"primaryImageOfPage":{"@id":"https:\/\/soymat.com\/producto\/serrucho-universal-500mm-8-9-tpi-bahco\/#primaryimage"},"image":{"@id":"https:\/\/soymat.com\/producto\/serrucho-universal-500mm-8-9-tpi-bahco\/#primaryimage"},"thumbnailUrl":"https:\/\/soymat.com\/wp-content\/uploads\/2024\/12\/serruchi-universal-afilable_PC-19-FILE-U7_-02.jpg","datePublished":"2024-12-16T03:20:02+00:00","dateModified":"2026-02-04T01:07:20+00:00","breadcrumb":{"@id":"https:\/\/soymat.com\/producto\/serrucho-universal-500mm-8-9-tpi-bahco\/#breadcrumb"},"inLanguage":"es-AR","potentialAction":[{"@type":"ReadAction","target":["https:\/\/soymat.com\/producto\/serrucho-universal-500mm-8-9-tpi-bahco\/"]}]},{"@type":"ImageObject","inLanguage":"es-AR","@id":"https:\/\/soymat.com\/producto\/serrucho-universal-500mm-8-9-tpi-bahco\/#primaryimage","url":"https:\/\/soymat.com\/wp-content\/uploads\/2024\/12\/serruchi-universal-afilable_PC-19-FILE-U7_-02.jpg","contentUrl":"https:\/\/soymat.com\/wp-content\/uploads\/2024\/12\/serruchi-universal-afilable_PC-19-FILE-U7_-02.jpg","width":1200,"height":1200},{"@type":"BreadcrumbList","@id":"https:\/\/soymat.com\/producto\/serrucho-universal-500mm-8-9-tpi-bahco\/#breadcrumb","itemListElement":[{"@type":"ListItem","position":1,"name":"Portada","item":"https:\/\/soymat.com\/"},{"@type":"ListItem","position":2,"name":"Todos los Productos","item":"https:\/\/soymat.com\/shop\/"},{"@type":"ListItem","position":3,"name":"Serrucho Universal 500MM 8\/9 TPI Bahco"}]},{"@type":"WebSite","@id":"https:\/\/soymat.com\/#website","url":"https:\/\/soymat.com\/","name":"So&Mat","description":"Empresa Dedicada a la protecci\u00f3n global contra incendio . matafuegos redes bombas,venta instalaci\u00f3n y service, protecci\u00f3n y confort laboral en todo concepto.","publisher":{"@id":"https:\/\/soymat.com\/#organization"},"alternateName":"So&Mat","potentialAction":[{"@type":"SearchAction","target":{"@type":"EntryPoint","urlTemplate":"https:\/\/soymat.com\/?s={search_term_string}"},"query-input":{"@type":"PropertyValueSpecification","valueRequired":true,"valueName":"search_term_string"}}],"inLanguage":"es-AR"},{"@type":"Organization","@id":"https:\/\/soymat.com\/#organization","name":"So&Mat","url":"https:\/\/soymat.com\/","logo":{"@type":"ImageObject","inLanguage":"es-AR","@id":"https:\/\/soymat.com\/#\/schema\/logo\/image\/","url":"https:\/\/soymat.com\/wp-content\/uploads\/2024\/08\/SoyMat.jpg","contentUrl":"https:\/\/soymat.com\/wp-content\/uploads\/2024\/08\/SoyMat.jpg","width":600,"height":236,"caption":"So&Mat"},"image":{"@id":"https:\/\/soymat.com\/#\/schema\/logo\/image\/"}}]}},"_links":{"self":[{"href":"https:\/\/soymat.com\/es\/wp-json\/wp\/v2\/product\/20621","targetHints":{"allow":["GET"]}}],"collection":[{"href":"https:\/\/soymat.com\/es\/wp-json\/wp\/v2\/product"}],"about":[{"href":"https:\/\/soymat.com\/es\/wp-json\/wp\/v2\/types\/product"}],"wp:featuredmedia":[{"embeddable":true,"href":"https:\/\/soymat.com\/es\/wp-json\/wp\/v2\/media\/20618"}],"wp:attachment":[{"href":"https:\/\/soymat.com\/es\/wp-json\/wp\/v2\/media?parent=20621"}],"wp:term":[{"taxonomy":"product_cat","embeddable":true,"href":"https:\/\/soymat.com\/es\/wp-json\/wp\/v2\/product_cat?post=20621"},{"taxonomy":"product_tag","embeddable":true,"href":"https:\/\/soymat.com\/es\/wp-json\/wp\/v2\/product_tag?post=20621"}],"curies":[{"name":"wp","href":"https:\/\/api.w.org\/{rel}","templated":true}]}}