{"id":20636,"date":"2024-12-16T00:39:52","date_gmt":"2024-12-16T03:39:52","guid":{"rendered":"https:\/\/soymat.com\/?post_type=product&#038;p=20636"},"modified":"2026-04-17T13:08:30","modified_gmt":"2026-04-17T16:08:30","slug":"cuchillo-multiproposito-para-artesano-con-mango-de-un-componente-bahco","status":"publish","type":"product","link":"https:\/\/soymat.com\/es\/producto\/cuchillo-multiproposito-para-artesano-con-mango-de-un-componente-bahco\/","title":{"rendered":"Cuchillo multiprop\u00f3sito p\/artesano &#8211; Mango un componente &#8211; Bahco"},"content":{"rendered":"<p><strong>Cuchillo multiprop\u00f3sito para artesano con mango de un componente y funda con bot\u00f3n doble<\/strong><\/p>\n<p>Detalles del producto<br \/>\nMango monocomponente para m\u00e1s comodidad y agarre seguro<br \/>\nSuministrado con una pr\u00e1ctica funda para llevarlo en el cintur\u00f3n<br \/>\nFunda especial con bot\u00f3n para cuchillo doble<br \/>\nCuchillo multiuso robusto con una hoja de acero inoxidable resistente<br \/>\nLongitud de hoja 100 mm<br \/>\nLongitud total del producto 220 mm<\/p>","protected":false},"excerpt":{"rendered":"<p>Cuchillo multiprop\u00f3sito para artesano con mango de un componente y funda con bot\u00f3n doble Detalles del producto Mango monocomponente para m\u00e1s comodidad y agarre seguro Suministrado con una pr\u00e1ctica funda para llevarlo en el cintur\u00f3n Funda especial con bot\u00f3n para cuchillo doble Cuchillo multiuso robusto con una hoja de acero inoxidable resistente Longitud de hoja [&hellip;]<\/p>\n","protected":false},"featured_media":20640,"template":"","meta":[],"product_cat":[191],"product_tag":[],"class_list":{"0":"post-20636","1":"product","2":"type-product","3":"status-publish","4":"has-post-thumbnail","6":"product_brand-herramientas-bahco-todo-para-tu-taller-herramientas-de-mano","7":"product_cat-maquinas-y-herramientas","9":"first","10":"instock","11":"taxable","12":"shipping-taxable","13":"purchasable","14":"product-type-simple","15":"add-to-wishlist-after_add_to_cart"},"yoast_head":"<!-- This site is optimized with the Yoast SEO Premium plugin v26.9 (Yoast SEO v26.9) - https:\/\/yoast.com\/product\/yoast-seo-premium-wordpress\/ -->\n<title>Cuchillo multiprop\u00f3sito p\/artesano - Mango un componente - Bahco - SoyMat \u2013 Seguridad Industrial<\/title>\n<meta name=\"robots\" content=\"index, follow, max-snippet:-1, max-image-preview:large, max-video-preview:-1\" \/>\n<link rel=\"canonical\" href=\"https:\/\/soymat.com\/es\/producto\/cuchillo-multiproposito-para-artesano-con-mango-de-un-componente-bahco\/\" \/>\n<meta property=\"og:locale\" content=\"es_ES\" \/>\n<meta property=\"og:type\" content=\"article\" \/>\n<meta property=\"og:title\" content=\"Cuchillo multiprop\u00f3sito p\/artesano - Mango un componente - Bahco\" \/>\n<meta property=\"og:description\" content=\"Cuchillo multiprop\u00f3sito para artesano con mango de un componente y funda con bot\u00f3n doble Detalles del producto Mango monocomponente para m\u00e1s comodidad y agarre seguro Suministrado con una pr\u00e1ctica funda para llevarlo en el cintur\u00f3n Funda especial con bot\u00f3n para cuchillo doble Cuchillo multiuso robusto con una hoja de acero inoxidable resistente Longitud de hoja [&hellip;]\" \/>\n<meta property=\"og:url\" content=\"https:\/\/soymat.com\/es\/producto\/cuchillo-multiproposito-para-artesano-con-mango-de-un-componente-bahco\/\" \/>\n<meta property=\"og:site_name\" content=\"SoyMat \u2013 Seguridad Industrial\" \/>\n<meta property=\"article:modified_time\" content=\"2026-04-17T16:08:30+00:00\" \/>\n<meta property=\"og:image\" content=\"https:\/\/soymat.com\/wp-content\/uploads\/2024\/12\/cuchillo_1446_-02.jpg\" \/>\n\t<meta property=\"og:image:width\" content=\"1200\" \/>\n\t<meta property=\"og:image:height\" content=\"1200\" \/>\n\t<meta property=\"og:image:type\" content=\"image\/jpeg\" \/>\n<meta name=\"twitter:card\" content=\"summary_large_image\" \/>\n<meta name=\"twitter:label1\" content=\"Tiempo de lectura\" \/>\n\t<meta name=\"twitter:data1\" content=\"1 minuto\" \/>\n<script type=\"application\/ld+json\" class=\"yoast-schema-graph\">{\"@context\":\"https:\/\/schema.org\",\"@graph\":[{\"@type\":\"WebPage\",\"@id\":\"https:\/\/soymat.com\/producto\/cuchillo-multiproposito-para-artesano-con-mango-de-un-componente-bahco\/\",\"url\":\"https:\/\/soymat.com\/producto\/cuchillo-multiproposito-para-artesano-con-mango-de-un-componente-bahco\/\",\"name\":\"Cuchillo multiprop\u00f3sito p\/artesano - Mango un componente - Bahco - SoyMat \u2013 Seguridad Industrial\",\"isPartOf\":{\"@id\":\"https:\/\/soymat.com\/#website\"},\"primaryImageOfPage\":{\"@id\":\"https:\/\/soymat.com\/producto\/cuchillo-multiproposito-para-artesano-con-mango-de-un-componente-bahco\/#primaryimage\"},\"image\":{\"@id\":\"https:\/\/soymat.com\/producto\/cuchillo-multiproposito-para-artesano-con-mango-de-un-componente-bahco\/#primaryimage\"},\"thumbnailUrl\":\"https:\/\/soymat.com\/wp-content\/uploads\/2024\/12\/cuchillo_1446_-02.jpg\",\"datePublished\":\"2024-12-16T03:39:52+00:00\",\"dateModified\":\"2026-04-17T16:08:30+00:00\",\"breadcrumb\":{\"@id\":\"https:\/\/soymat.com\/producto\/cuchillo-multiproposito-para-artesano-con-mango-de-un-componente-bahco\/#breadcrumb\"},\"inLanguage\":\"es-AR\",\"potentialAction\":[{\"@type\":\"ReadAction\",\"target\":[\"https:\/\/soymat.com\/producto\/cuchillo-multiproposito-para-artesano-con-mango-de-un-componente-bahco\/\"]}]},{\"@type\":\"ImageObject\",\"inLanguage\":\"es-AR\",\"@id\":\"https:\/\/soymat.com\/producto\/cuchillo-multiproposito-para-artesano-con-mango-de-un-componente-bahco\/#primaryimage\",\"url\":\"https:\/\/soymat.com\/wp-content\/uploads\/2024\/12\/cuchillo_1446_-02.jpg\",\"contentUrl\":\"https:\/\/soymat.com\/wp-content\/uploads\/2024\/12\/cuchillo_1446_-02.jpg\",\"width\":1200,\"height\":1200},{\"@type\":\"BreadcrumbList\",\"@id\":\"https:\/\/soymat.com\/producto\/cuchillo-multiproposito-para-artesano-con-mango-de-un-componente-bahco\/#breadcrumb\",\"itemListElement\":[{\"@type\":\"ListItem\",\"position\":1,\"name\":\"Portada\",\"item\":\"https:\/\/soymat.com\/\"},{\"@type\":\"ListItem\",\"position\":2,\"name\":\"Todos los Productos\",\"item\":\"https:\/\/soymat.com\/shop\/\"},{\"@type\":\"ListItem\",\"position\":3,\"name\":\"Cuchillo multiprop\u00f3sito p\/artesano &#8211; Mango un componente &#8211; Bahco\"}]},{\"@type\":\"WebSite\",\"@id\":\"https:\/\/soymat.com\/#website\",\"url\":\"https:\/\/soymat.com\/\",\"name\":\"So&Mat\",\"description\":\"Empresa Dedicada a la protecci\u00f3n global contra incendio . matafuegos redes bombas,venta instalaci\u00f3n y service, protecci\u00f3n y confort laboral en todo concepto.\",\"publisher\":{\"@id\":\"https:\/\/soymat.com\/#organization\"},\"alternateName\":\"So&Mat\",\"potentialAction\":[{\"@type\":\"SearchAction\",\"target\":{\"@type\":\"EntryPoint\",\"urlTemplate\":\"https:\/\/soymat.com\/?s={search_term_string}\"},\"query-input\":{\"@type\":\"PropertyValueSpecification\",\"valueRequired\":true,\"valueName\":\"search_term_string\"}}],\"inLanguage\":\"es-AR\"},{\"@type\":\"Organization\",\"@id\":\"https:\/\/soymat.com\/#organization\",\"name\":\"So&Mat\",\"url\":\"https:\/\/soymat.com\/\",\"logo\":{\"@type\":\"ImageObject\",\"inLanguage\":\"es-AR\",\"@id\":\"https:\/\/soymat.com\/#\/schema\/logo\/image\/\",\"url\":\"https:\/\/soymat.com\/wp-content\/uploads\/2024\/08\/SoyMat.jpg\",\"contentUrl\":\"https:\/\/soymat.com\/wp-content\/uploads\/2024\/08\/SoyMat.jpg\",\"width\":600,\"height\":236,\"caption\":\"So&Mat\"},\"image\":{\"@id\":\"https:\/\/soymat.com\/#\/schema\/logo\/image\/\"}}]}<\/script>\n<!-- \/ Yoast SEO Premium plugin. -->","yoast_head_json":{"title":"Cuchillo multiprop\u00f3sito p\/artesano - Mango un componente - Bahco - SoyMat \u2013 Seguridad Industrial","robots":{"index":"index","follow":"follow","max-snippet":"max-snippet:-1","max-image-preview":"max-image-preview:large","max-video-preview":"max-video-preview:-1"},"canonical":"https:\/\/soymat.com\/es\/producto\/cuchillo-multiproposito-para-artesano-con-mango-de-un-componente-bahco\/","og_locale":"es_ES","og_type":"article","og_title":"Cuchillo multiprop\u00f3sito p\/artesano - Mango un componente - Bahco","og_description":"Cuchillo multiprop\u00f3sito para artesano con mango de un componente y funda con bot\u00f3n doble Detalles del producto Mango monocomponente para m\u00e1s comodidad y agarre seguro Suministrado con una pr\u00e1ctica funda para llevarlo en el cintur\u00f3n Funda especial con bot\u00f3n para cuchillo doble Cuchillo multiuso robusto con una hoja de acero inoxidable resistente Longitud de hoja [&hellip;]","og_url":"https:\/\/soymat.com\/es\/producto\/cuchillo-multiproposito-para-artesano-con-mango-de-un-componente-bahco\/","og_site_name":"SoyMat \u2013 Seguridad Industrial","article_modified_time":"2026-04-17T16:08:30+00:00","og_image":[{"width":1200,"height":1200,"url":"https:\/\/soymat.com\/wp-content\/uploads\/2024\/12\/cuchillo_1446_-02.jpg","type":"image\/jpeg"}],"twitter_card":"summary_large_image","twitter_misc":{"Tiempo de lectura":"1 minuto"},"schema":{"@context":"https:\/\/schema.org","@graph":[{"@type":"WebPage","@id":"https:\/\/soymat.com\/producto\/cuchillo-multiproposito-para-artesano-con-mango-de-un-componente-bahco\/","url":"https:\/\/soymat.com\/producto\/cuchillo-multiproposito-para-artesano-con-mango-de-un-componente-bahco\/","name":"Cuchillo multiprop\u00f3sito p\/artesano - Mango un componente - Bahco - SoyMat \u2013 Seguridad Industrial","isPartOf":{"@id":"https:\/\/soymat.com\/#website"},"primaryImageOfPage":{"@id":"https:\/\/soymat.com\/producto\/cuchillo-multiproposito-para-artesano-con-mango-de-un-componente-bahco\/#primaryimage"},"image":{"@id":"https:\/\/soymat.com\/producto\/cuchillo-multiproposito-para-artesano-con-mango-de-un-componente-bahco\/#primaryimage"},"thumbnailUrl":"https:\/\/soymat.com\/wp-content\/uploads\/2024\/12\/cuchillo_1446_-02.jpg","datePublished":"2024-12-16T03:39:52+00:00","dateModified":"2026-04-17T16:08:30+00:00","breadcrumb":{"@id":"https:\/\/soymat.com\/producto\/cuchillo-multiproposito-para-artesano-con-mango-de-un-componente-bahco\/#breadcrumb"},"inLanguage":"es-AR","potentialAction":[{"@type":"ReadAction","target":["https:\/\/soymat.com\/producto\/cuchillo-multiproposito-para-artesano-con-mango-de-un-componente-bahco\/"]}]},{"@type":"ImageObject","inLanguage":"es-AR","@id":"https:\/\/soymat.com\/producto\/cuchillo-multiproposito-para-artesano-con-mango-de-un-componente-bahco\/#primaryimage","url":"https:\/\/soymat.com\/wp-content\/uploads\/2024\/12\/cuchillo_1446_-02.jpg","contentUrl":"https:\/\/soymat.com\/wp-content\/uploads\/2024\/12\/cuchillo_1446_-02.jpg","width":1200,"height":1200},{"@type":"BreadcrumbList","@id":"https:\/\/soymat.com\/producto\/cuchillo-multiproposito-para-artesano-con-mango-de-un-componente-bahco\/#breadcrumb","itemListElement":[{"@type":"ListItem","position":1,"name":"Portada","item":"https:\/\/soymat.com\/"},{"@type":"ListItem","position":2,"name":"Todos los Productos","item":"https:\/\/soymat.com\/shop\/"},{"@type":"ListItem","position":3,"name":"Cuchillo multiprop\u00f3sito p\/artesano &#8211; Mango un componente &#8211; Bahco"}]},{"@type":"WebSite","@id":"https:\/\/soymat.com\/#website","url":"https:\/\/soymat.com\/","name":"So&Mat","description":"Empresa Dedicada a la protecci\u00f3n global contra incendio . matafuegos redes bombas,venta instalaci\u00f3n y service, protecci\u00f3n y confort laboral en todo concepto.","publisher":{"@id":"https:\/\/soymat.com\/#organization"},"alternateName":"So&Mat","potentialAction":[{"@type":"SearchAction","target":{"@type":"EntryPoint","urlTemplate":"https:\/\/soymat.com\/?s={search_term_string}"},"query-input":{"@type":"PropertyValueSpecification","valueRequired":true,"valueName":"search_term_string"}}],"inLanguage":"es-AR"},{"@type":"Organization","@id":"https:\/\/soymat.com\/#organization","name":"So&Mat","url":"https:\/\/soymat.com\/","logo":{"@type":"ImageObject","inLanguage":"es-AR","@id":"https:\/\/soymat.com\/#\/schema\/logo\/image\/","url":"https:\/\/soymat.com\/wp-content\/uploads\/2024\/08\/SoyMat.jpg","contentUrl":"https:\/\/soymat.com\/wp-content\/uploads\/2024\/08\/SoyMat.jpg","width":600,"height":236,"caption":"So&Mat"},"image":{"@id":"https:\/\/soymat.com\/#\/schema\/logo\/image\/"}}]}},"_links":{"self":[{"href":"https:\/\/soymat.com\/es\/wp-json\/wp\/v2\/product\/20636","targetHints":{"allow":["GET"]}}],"collection":[{"href":"https:\/\/soymat.com\/es\/wp-json\/wp\/v2\/product"}],"about":[{"href":"https:\/\/soymat.com\/es\/wp-json\/wp\/v2\/types\/product"}],"wp:featuredmedia":[{"embeddable":true,"href":"https:\/\/soymat.com\/es\/wp-json\/wp\/v2\/media\/20640"}],"wp:attachment":[{"href":"https:\/\/soymat.com\/es\/wp-json\/wp\/v2\/media?parent=20636"}],"wp:term":[{"taxonomy":"product_cat","embeddable":true,"href":"https:\/\/soymat.com\/es\/wp-json\/wp\/v2\/product_cat?post=20636"},{"taxonomy":"product_tag","embeddable":true,"href":"https:\/\/soymat.com\/es\/wp-json\/wp\/v2\/product_tag?post=20636"}],"curies":[{"name":"wp","href":"https:\/\/api.w.org\/{rel}","templated":true}]}}