{"id":20664,"date":"2024-12-16T01:45:43","date_gmt":"2024-12-16T04:45:43","guid":{"rendered":"https:\/\/soymat.com\/?post_type=product&#038;p=20664"},"modified":"2026-02-03T22:07:00","modified_gmt":"2026-02-04T01:07:00","slug":"llaves-para-canos-varias-medidas-bahco","status":"publish","type":"product","link":"https:\/\/soymat.com\/es\/producto\/llaves-para-canos-varias-medidas-bahco\/","title":{"rendered":"Llaves para Ca\u00f1os &#8211; Varias medidas &#8211; Bahco"},"content":{"rendered":"<p><strong>Llaves para Ca\u00f1os .\u00a0<\/strong>Modelo sueco, 90\u00b0<\/p>\n<p>Cod.: 141A &#8211; Largo 280mm P\/ca\u00f1os hasta 1 pulg.<\/p>\n<p>Cod.: 142HD &#8211; Largo 426 mm P\/ca\u00f1os hasta 1 1\/2 pulg.<\/p>\n<p>Cod.: 143A &#8211; Largo 557 mm P\/ca\u00f1os hasta 2 1\/2 pulg.<\/p>\n<p>Cod.: 144A &#8211; Largo 722 MM P\/ca\u00f1os hasta 3 1\/2 pulg.<\/p>\n<p>&nbsp;<\/p>\n<p>Detalles del producto<br \/>\nCon mordazas m\u00e1s angostas para mejorar la accesibilidad<br \/>\nCapacidad de agarre de hasta 127 mm (5&#8243;)<br \/>\nMango c\u00f3modo con recubrimiento de pintura<br \/>\nPosee dientes templados y paso progresivo patentados para lograr un mejor agarre.<br \/>\nLas mordazas angostas brindan mayor accesibilidad<br \/>\nAleaci\u00f3n de acero de alto rendimiento con tratamiento antioxidante fosfatado<br \/>\nDise\u00f1o ergon\u00f3mico para m\u00e1xima comodidad y mayor productividad<\/p>","protected":false},"excerpt":{"rendered":"<p>Llaves para Ca\u00f1os .\u00a0Modelo sueco, 90\u00b0 Cod.: 141A &#8211; Largo 280mm P\/ca\u00f1os hasta 1 pulg. Cod.: 142HD &#8211; Largo 426 mm P\/ca\u00f1os hasta 1 1\/2 pulg. Cod.: 143A &#8211; Largo 557 mm P\/ca\u00f1os hasta 2 1\/2 pulg. Cod.: 144A &#8211; Largo 722 MM P\/ca\u00f1os hasta 3 1\/2 pulg. &nbsp; Detalles del producto Con mordazas m\u00e1s [&hellip;]<\/p>\n","protected":false},"featured_media":20669,"template":"","meta":[],"product_cat":[191],"product_tag":[],"class_list":{"0":"post-20664","1":"product","2":"type-product","3":"status-publish","4":"has-post-thumbnail","6":"product_brand-herramientas-bahco-todo-para-tu-taller-herramientas-de-mano","7":"product_cat-maquinas-y-herramientas","9":"first","10":"outofstock","11":"taxable","12":"shipping-taxable","13":"purchasable","14":"product-type-variable","15":"add-to-wishlist-after_add_to_cart"},"yoast_head":"<!-- This site is optimized with the Yoast SEO Premium plugin v26.9 (Yoast SEO v26.9) - https:\/\/yoast.com\/product\/yoast-seo-premium-wordpress\/ -->\n<title>Llaves para Ca\u00f1os - Varias medidas - Bahco - SoyMat \u2013 Seguridad Industrial<\/title>\n<meta name=\"robots\" content=\"index, follow, max-snippet:-1, max-image-preview:large, max-video-preview:-1\" \/>\n<link rel=\"canonical\" href=\"https:\/\/soymat.com\/es\/producto\/llaves-para-canos-varias-medidas-bahco\/\" \/>\n<meta property=\"og:locale\" content=\"es_ES\" \/>\n<meta property=\"og:type\" content=\"article\" \/>\n<meta property=\"og:title\" content=\"Llaves para Ca\u00f1os - Varias medidas - Bahco\" \/>\n<meta property=\"og:description\" content=\"Llaves para Ca\u00f1os .\u00a0Modelo sueco, 90\u00b0 Cod.: 141A &#8211; Largo 280mm P\/ca\u00f1os hasta 1 pulg. Cod.: 142HD &#8211; Largo 426 mm P\/ca\u00f1os hasta 1 1\/2 pulg. Cod.: 143A &#8211; Largo 557 mm P\/ca\u00f1os hasta 2 1\/2 pulg. Cod.: 144A &#8211; Largo 722 MM P\/ca\u00f1os hasta 3 1\/2 pulg. &nbsp; Detalles del producto Con mordazas m\u00e1s [&hellip;]\" \/>\n<meta property=\"og:url\" content=\"https:\/\/soymat.com\/es\/producto\/llaves-para-canos-varias-medidas-bahco\/\" \/>\n<meta property=\"og:site_name\" content=\"SoyMat \u2013 Seguridad Industrial\" \/>\n<meta property=\"article:modified_time\" content=\"2026-02-04T01:07:00+00:00\" \/>\n<meta property=\"og:image\" content=\"https:\/\/soymat.com\/wp-content\/uploads\/2024\/12\/llave-para-canos_141A_-03.jpg\" \/>\n\t<meta property=\"og:image:width\" content=\"2048\" \/>\n\t<meta property=\"og:image:height\" content=\"2048\" \/>\n\t<meta property=\"og:image:type\" content=\"image\/jpeg\" \/>\n<meta name=\"twitter:card\" content=\"summary_large_image\" \/>\n<meta name=\"twitter:label1\" content=\"Tiempo de lectura\" \/>\n\t<meta name=\"twitter:data1\" content=\"1 minuto\" \/>\n<script type=\"application\/ld+json\" class=\"yoast-schema-graph\">{\"@context\":\"https:\/\/schema.org\",\"@graph\":[{\"@type\":\"WebPage\",\"@id\":\"https:\/\/soymat.com\/producto\/llaves-para-canos-varias-medidas-bahco\/\",\"url\":\"https:\/\/soymat.com\/producto\/llaves-para-canos-varias-medidas-bahco\/\",\"name\":\"Llaves para Ca\u00f1os - Varias medidas - Bahco - SoyMat \u2013 Seguridad Industrial\",\"isPartOf\":{\"@id\":\"https:\/\/soymat.com\/#website\"},\"primaryImageOfPage\":{\"@id\":\"https:\/\/soymat.com\/producto\/llaves-para-canos-varias-medidas-bahco\/#primaryimage\"},\"image\":{\"@id\":\"https:\/\/soymat.com\/producto\/llaves-para-canos-varias-medidas-bahco\/#primaryimage\"},\"thumbnailUrl\":\"https:\/\/soymat.com\/wp-content\/uploads\/2024\/12\/llave-para-canos_141A_-03.jpg\",\"datePublished\":\"2024-12-16T04:45:43+00:00\",\"dateModified\":\"2026-02-04T01:07:00+00:00\",\"breadcrumb\":{\"@id\":\"https:\/\/soymat.com\/producto\/llaves-para-canos-varias-medidas-bahco\/#breadcrumb\"},\"inLanguage\":\"es-AR\",\"potentialAction\":[{\"@type\":\"ReadAction\",\"target\":[\"https:\/\/soymat.com\/producto\/llaves-para-canos-varias-medidas-bahco\/\"]}]},{\"@type\":\"ImageObject\",\"inLanguage\":\"es-AR\",\"@id\":\"https:\/\/soymat.com\/producto\/llaves-para-canos-varias-medidas-bahco\/#primaryimage\",\"url\":\"https:\/\/soymat.com\/wp-content\/uploads\/2024\/12\/llave-para-canos_141A_-03.jpg\",\"contentUrl\":\"https:\/\/soymat.com\/wp-content\/uploads\/2024\/12\/llave-para-canos_141A_-03.jpg\",\"width\":2048,\"height\":2048},{\"@type\":\"BreadcrumbList\",\"@id\":\"https:\/\/soymat.com\/producto\/llaves-para-canos-varias-medidas-bahco\/#breadcrumb\",\"itemListElement\":[{\"@type\":\"ListItem\",\"position\":1,\"name\":\"Portada\",\"item\":\"https:\/\/soymat.com\/\"},{\"@type\":\"ListItem\",\"position\":2,\"name\":\"Todos los Productos\",\"item\":\"https:\/\/soymat.com\/shop\/\"},{\"@type\":\"ListItem\",\"position\":3,\"name\":\"Llaves para Ca\u00f1os &#8211; Varias medidas &#8211; Bahco\"}]},{\"@type\":\"WebSite\",\"@id\":\"https:\/\/soymat.com\/#website\",\"url\":\"https:\/\/soymat.com\/\",\"name\":\"So&Mat\",\"description\":\"Empresa Dedicada a la protecci\u00f3n global contra incendio . matafuegos redes bombas,venta instalaci\u00f3n y service, protecci\u00f3n y confort laboral en todo concepto.\",\"publisher\":{\"@id\":\"https:\/\/soymat.com\/#organization\"},\"alternateName\":\"So&Mat\",\"potentialAction\":[{\"@type\":\"SearchAction\",\"target\":{\"@type\":\"EntryPoint\",\"urlTemplate\":\"https:\/\/soymat.com\/?s={search_term_string}\"},\"query-input\":{\"@type\":\"PropertyValueSpecification\",\"valueRequired\":true,\"valueName\":\"search_term_string\"}}],\"inLanguage\":\"es-AR\"},{\"@type\":\"Organization\",\"@id\":\"https:\/\/soymat.com\/#organization\",\"name\":\"So&Mat\",\"url\":\"https:\/\/soymat.com\/\",\"logo\":{\"@type\":\"ImageObject\",\"inLanguage\":\"es-AR\",\"@id\":\"https:\/\/soymat.com\/#\/schema\/logo\/image\/\",\"url\":\"https:\/\/soymat.com\/wp-content\/uploads\/2024\/08\/SoyMat.jpg\",\"contentUrl\":\"https:\/\/soymat.com\/wp-content\/uploads\/2024\/08\/SoyMat.jpg\",\"width\":600,\"height\":236,\"caption\":\"So&Mat\"},\"image\":{\"@id\":\"https:\/\/soymat.com\/#\/schema\/logo\/image\/\"}}]}<\/script>\n<!-- \/ Yoast SEO Premium plugin. -->","yoast_head_json":{"title":"Llaves para Ca\u00f1os - Varias medidas - Bahco - SoyMat \u2013 Seguridad Industrial","robots":{"index":"index","follow":"follow","max-snippet":"max-snippet:-1","max-image-preview":"max-image-preview:large","max-video-preview":"max-video-preview:-1"},"canonical":"https:\/\/soymat.com\/es\/producto\/llaves-para-canos-varias-medidas-bahco\/","og_locale":"es_ES","og_type":"article","og_title":"Llaves para Ca\u00f1os - Varias medidas - Bahco","og_description":"Llaves para Ca\u00f1os .\u00a0Modelo sueco, 90\u00b0 Cod.: 141A &#8211; Largo 280mm P\/ca\u00f1os hasta 1 pulg. Cod.: 142HD &#8211; Largo 426 mm P\/ca\u00f1os hasta 1 1\/2 pulg. Cod.: 143A &#8211; Largo 557 mm P\/ca\u00f1os hasta 2 1\/2 pulg. Cod.: 144A &#8211; Largo 722 MM P\/ca\u00f1os hasta 3 1\/2 pulg. &nbsp; Detalles del producto Con mordazas m\u00e1s [&hellip;]","og_url":"https:\/\/soymat.com\/es\/producto\/llaves-para-canos-varias-medidas-bahco\/","og_site_name":"SoyMat \u2013 Seguridad Industrial","article_modified_time":"2026-02-04T01:07:00+00:00","og_image":[{"width":2048,"height":2048,"url":"https:\/\/soymat.com\/wp-content\/uploads\/2024\/12\/llave-para-canos_141A_-03.jpg","type":"image\/jpeg"}],"twitter_card":"summary_large_image","twitter_misc":{"Tiempo de lectura":"1 minuto"},"schema":{"@context":"https:\/\/schema.org","@graph":[{"@type":"WebPage","@id":"https:\/\/soymat.com\/producto\/llaves-para-canos-varias-medidas-bahco\/","url":"https:\/\/soymat.com\/producto\/llaves-para-canos-varias-medidas-bahco\/","name":"Llaves para Ca\u00f1os - Varias medidas - Bahco - SoyMat \u2013 Seguridad Industrial","isPartOf":{"@id":"https:\/\/soymat.com\/#website"},"primaryImageOfPage":{"@id":"https:\/\/soymat.com\/producto\/llaves-para-canos-varias-medidas-bahco\/#primaryimage"},"image":{"@id":"https:\/\/soymat.com\/producto\/llaves-para-canos-varias-medidas-bahco\/#primaryimage"},"thumbnailUrl":"https:\/\/soymat.com\/wp-content\/uploads\/2024\/12\/llave-para-canos_141A_-03.jpg","datePublished":"2024-12-16T04:45:43+00:00","dateModified":"2026-02-04T01:07:00+00:00","breadcrumb":{"@id":"https:\/\/soymat.com\/producto\/llaves-para-canos-varias-medidas-bahco\/#breadcrumb"},"inLanguage":"es-AR","potentialAction":[{"@type":"ReadAction","target":["https:\/\/soymat.com\/producto\/llaves-para-canos-varias-medidas-bahco\/"]}]},{"@type":"ImageObject","inLanguage":"es-AR","@id":"https:\/\/soymat.com\/producto\/llaves-para-canos-varias-medidas-bahco\/#primaryimage","url":"https:\/\/soymat.com\/wp-content\/uploads\/2024\/12\/llave-para-canos_141A_-03.jpg","contentUrl":"https:\/\/soymat.com\/wp-content\/uploads\/2024\/12\/llave-para-canos_141A_-03.jpg","width":2048,"height":2048},{"@type":"BreadcrumbList","@id":"https:\/\/soymat.com\/producto\/llaves-para-canos-varias-medidas-bahco\/#breadcrumb","itemListElement":[{"@type":"ListItem","position":1,"name":"Portada","item":"https:\/\/soymat.com\/"},{"@type":"ListItem","position":2,"name":"Todos los Productos","item":"https:\/\/soymat.com\/shop\/"},{"@type":"ListItem","position":3,"name":"Llaves para Ca\u00f1os &#8211; Varias medidas &#8211; Bahco"}]},{"@type":"WebSite","@id":"https:\/\/soymat.com\/#website","url":"https:\/\/soymat.com\/","name":"So&Mat","description":"Empresa Dedicada a la protecci\u00f3n global contra incendio . matafuegos redes bombas,venta instalaci\u00f3n y service, protecci\u00f3n y confort laboral en todo concepto.","publisher":{"@id":"https:\/\/soymat.com\/#organization"},"alternateName":"So&Mat","potentialAction":[{"@type":"SearchAction","target":{"@type":"EntryPoint","urlTemplate":"https:\/\/soymat.com\/?s={search_term_string}"},"query-input":{"@type":"PropertyValueSpecification","valueRequired":true,"valueName":"search_term_string"}}],"inLanguage":"es-AR"},{"@type":"Organization","@id":"https:\/\/soymat.com\/#organization","name":"So&Mat","url":"https:\/\/soymat.com\/","logo":{"@type":"ImageObject","inLanguage":"es-AR","@id":"https:\/\/soymat.com\/#\/schema\/logo\/image\/","url":"https:\/\/soymat.com\/wp-content\/uploads\/2024\/08\/SoyMat.jpg","contentUrl":"https:\/\/soymat.com\/wp-content\/uploads\/2024\/08\/SoyMat.jpg","width":600,"height":236,"caption":"So&Mat"},"image":{"@id":"https:\/\/soymat.com\/#\/schema\/logo\/image\/"}}]}},"_links":{"self":[{"href":"https:\/\/soymat.com\/es\/wp-json\/wp\/v2\/product\/20664","targetHints":{"allow":["GET"]}}],"collection":[{"href":"https:\/\/soymat.com\/es\/wp-json\/wp\/v2\/product"}],"about":[{"href":"https:\/\/soymat.com\/es\/wp-json\/wp\/v2\/types\/product"}],"wp:featuredmedia":[{"embeddable":true,"href":"https:\/\/soymat.com\/es\/wp-json\/wp\/v2\/media\/20669"}],"wp:attachment":[{"href":"https:\/\/soymat.com\/es\/wp-json\/wp\/v2\/media?parent=20664"}],"wp:term":[{"taxonomy":"product_cat","embeddable":true,"href":"https:\/\/soymat.com\/es\/wp-json\/wp\/v2\/product_cat?post=20664"},{"taxonomy":"product_tag","embeddable":true,"href":"https:\/\/soymat.com\/es\/wp-json\/wp\/v2\/product_tag?post=20664"}],"curies":[{"name":"wp","href":"https:\/\/api.w.org\/{rel}","templated":true}]}}