{"id":20679,"date":"2024-12-16T01:53:36","date_gmt":"2024-12-16T04:53:36","guid":{"rendered":"https:\/\/soymat.com\/?post_type=product&#038;p=20679"},"modified":"2026-02-03T19:06:40","modified_gmt":"2026-02-03T22:06:40","slug":"llave-inglesa-53mm-bahco","status":"publish","type":"product","link":"https:\/\/soymat.com\/es\/producto\/llave-inglesa-53mm-bahco\/","title":{"rendered":"Llave Inglesa 53mm &#8211; Bahco"},"content":{"rendered":"<p><strong>Llave Inglesa &#8211; Ajustable de tuerca central est\u00e1ndar de 53 mm con acabado fosfatado, 455 mm<\/strong><\/p>\n<p>Detalles del producto<br \/>\nLa cabeza combina dise\u00f1o delgado para accesibilidad con robustez para resistencia<br \/>\nAcero aleado de alto rendimiento forjado en una sola pieza<br \/>\nAcabado negro. Templado con precisi\u00f3n y con tratamiento anticorrosi\u00f3n<br \/>\nLa quijada no se cae incluso con la apertura m\u00e1xima de la llave<br \/>\nEscala l\u00e1ser en mm para un ajuste previo y una medici\u00f3n precisa<br \/>\nTornillo de giro hacia la izquierda<br \/>\nIP: Empaque industrial<br \/>\nNormas: ISO 6787, DIN 3117, ASME B107.8M &#8211; 1996 y BS 6333<\/p>","protected":false},"excerpt":{"rendered":"<p>Llave Inglesa &#8211; Ajustable de tuerca central est\u00e1ndar de 53 mm con acabado fosfatado, 455 mm Detalles del producto La cabeza combina dise\u00f1o delgado para accesibilidad con robustez para resistencia Acero aleado de alto rendimiento forjado en una sola pieza Acabado negro. Templado con precisi\u00f3n y con tratamiento anticorrosi\u00f3n La quijada no se cae incluso [&hellip;]<\/p>\n","protected":false},"featured_media":20678,"template":"","meta":[],"product_cat":[191],"product_tag":[],"class_list":{"0":"post-20679","1":"product","2":"type-product","3":"status-publish","4":"has-post-thumbnail","6":"product_brand-herramientas-bahco-todo-para-tu-taller-herramientas-de-mano","7":"product_cat-maquinas-y-herramientas","9":"first","10":"instock","11":"taxable","12":"shipping-taxable","13":"purchasable","14":"product-type-simple","15":"add-to-wishlist-after_add_to_cart"},"yoast_head":"<!-- This site is optimized with the Yoast SEO Premium plugin v26.9 (Yoast SEO v26.9) - https:\/\/yoast.com\/product\/yoast-seo-premium-wordpress\/ -->\n<title>Llave Inglesa 53mm - Bahco - SoyMat \u2013 Seguridad Industrial<\/title>\n<meta name=\"robots\" content=\"index, follow, max-snippet:-1, max-image-preview:large, max-video-preview:-1\" \/>\n<link rel=\"canonical\" href=\"https:\/\/soymat.com\/es\/producto\/llave-inglesa-53mm-bahco\/\" \/>\n<meta property=\"og:locale\" content=\"es_ES\" \/>\n<meta property=\"og:type\" content=\"article\" \/>\n<meta property=\"og:title\" content=\"Llave Inglesa 53mm - Bahco\" \/>\n<meta property=\"og:description\" content=\"Llave Inglesa &#8211; Ajustable de tuerca central est\u00e1ndar de 53 mm con acabado fosfatado, 455 mm Detalles del producto La cabeza combina dise\u00f1o delgado para accesibilidad con robustez para resistencia Acero aleado de alto rendimiento forjado en una sola pieza Acabado negro. Templado con precisi\u00f3n y con tratamiento anticorrosi\u00f3n La quijada no se cae incluso [&hellip;]\" \/>\n<meta property=\"og:url\" content=\"https:\/\/soymat.com\/es\/producto\/llave-inglesa-53mm-bahco\/\" \/>\n<meta property=\"og:site_name\" content=\"SoyMat \u2013 Seguridad Industrial\" \/>\n<meta property=\"article:modified_time\" content=\"2026-02-03T22:06:40+00:00\" \/>\n<meta property=\"og:image\" content=\"https:\/\/soymat.com\/wp-content\/uploads\/2024\/12\/llave_-inglesa_8075-A-IP.jpg\" \/>\n\t<meta property=\"og:image:width\" content=\"1200\" \/>\n\t<meta property=\"og:image:height\" content=\"1200\" \/>\n\t<meta property=\"og:image:type\" content=\"image\/jpeg\" \/>\n<meta name=\"twitter:card\" content=\"summary_large_image\" \/>\n<meta name=\"twitter:label1\" content=\"Tiempo de lectura\" \/>\n\t<meta name=\"twitter:data1\" content=\"1 minuto\" \/>\n<script type=\"application\/ld+json\" class=\"yoast-schema-graph\">{\"@context\":\"https:\/\/schema.org\",\"@graph\":[{\"@type\":\"WebPage\",\"@id\":\"https:\/\/soymat.com\/producto\/llave-inglesa-53mm-bahco\/\",\"url\":\"https:\/\/soymat.com\/producto\/llave-inglesa-53mm-bahco\/\",\"name\":\"Llave Inglesa 53mm - Bahco - SoyMat \u2013 Seguridad Industrial\",\"isPartOf\":{\"@id\":\"https:\/\/soymat.com\/#website\"},\"primaryImageOfPage\":{\"@id\":\"https:\/\/soymat.com\/producto\/llave-inglesa-53mm-bahco\/#primaryimage\"},\"image\":{\"@id\":\"https:\/\/soymat.com\/producto\/llave-inglesa-53mm-bahco\/#primaryimage\"},\"thumbnailUrl\":\"https:\/\/soymat.com\/wp-content\/uploads\/2024\/12\/llave_-inglesa_8075-A-IP.jpg\",\"datePublished\":\"2024-12-16T04:53:36+00:00\",\"dateModified\":\"2026-02-03T22:06:40+00:00\",\"breadcrumb\":{\"@id\":\"https:\/\/soymat.com\/producto\/llave-inglesa-53mm-bahco\/#breadcrumb\"},\"inLanguage\":\"es-AR\",\"potentialAction\":[{\"@type\":\"ReadAction\",\"target\":[\"https:\/\/soymat.com\/producto\/llave-inglesa-53mm-bahco\/\"]}]},{\"@type\":\"ImageObject\",\"inLanguage\":\"es-AR\",\"@id\":\"https:\/\/soymat.com\/producto\/llave-inglesa-53mm-bahco\/#primaryimage\",\"url\":\"https:\/\/soymat.com\/wp-content\/uploads\/2024\/12\/llave_-inglesa_8075-A-IP.jpg\",\"contentUrl\":\"https:\/\/soymat.com\/wp-content\/uploads\/2024\/12\/llave_-inglesa_8075-A-IP.jpg\",\"width\":1200,\"height\":1200},{\"@type\":\"BreadcrumbList\",\"@id\":\"https:\/\/soymat.com\/producto\/llave-inglesa-53mm-bahco\/#breadcrumb\",\"itemListElement\":[{\"@type\":\"ListItem\",\"position\":1,\"name\":\"Portada\",\"item\":\"https:\/\/soymat.com\/\"},{\"@type\":\"ListItem\",\"position\":2,\"name\":\"Todos los Productos\",\"item\":\"https:\/\/soymat.com\/shop\/\"},{\"@type\":\"ListItem\",\"position\":3,\"name\":\"Llave Inglesa 53mm &#8211; Bahco\"}]},{\"@type\":\"WebSite\",\"@id\":\"https:\/\/soymat.com\/#website\",\"url\":\"https:\/\/soymat.com\/\",\"name\":\"So&Mat\",\"description\":\"Empresa Dedicada a la protecci\u00f3n global contra incendio . matafuegos redes bombas,venta instalaci\u00f3n y service, protecci\u00f3n y confort laboral en todo concepto.\",\"publisher\":{\"@id\":\"https:\/\/soymat.com\/#organization\"},\"alternateName\":\"So&Mat\",\"potentialAction\":[{\"@type\":\"SearchAction\",\"target\":{\"@type\":\"EntryPoint\",\"urlTemplate\":\"https:\/\/soymat.com\/?s={search_term_string}\"},\"query-input\":{\"@type\":\"PropertyValueSpecification\",\"valueRequired\":true,\"valueName\":\"search_term_string\"}}],\"inLanguage\":\"es-AR\"},{\"@type\":\"Organization\",\"@id\":\"https:\/\/soymat.com\/#organization\",\"name\":\"So&Mat\",\"url\":\"https:\/\/soymat.com\/\",\"logo\":{\"@type\":\"ImageObject\",\"inLanguage\":\"es-AR\",\"@id\":\"https:\/\/soymat.com\/#\/schema\/logo\/image\/\",\"url\":\"https:\/\/soymat.com\/wp-content\/uploads\/2024\/08\/SoyMat.jpg\",\"contentUrl\":\"https:\/\/soymat.com\/wp-content\/uploads\/2024\/08\/SoyMat.jpg\",\"width\":600,\"height\":236,\"caption\":\"So&Mat\"},\"image\":{\"@id\":\"https:\/\/soymat.com\/#\/schema\/logo\/image\/\"}}]}<\/script>\n<!-- \/ Yoast SEO Premium plugin. -->","yoast_head_json":{"title":"Llave Inglesa 53mm - Bahco - SoyMat \u2013 Seguridad Industrial","robots":{"index":"index","follow":"follow","max-snippet":"max-snippet:-1","max-image-preview":"max-image-preview:large","max-video-preview":"max-video-preview:-1"},"canonical":"https:\/\/soymat.com\/es\/producto\/llave-inglesa-53mm-bahco\/","og_locale":"es_ES","og_type":"article","og_title":"Llave Inglesa 53mm - Bahco","og_description":"Llave Inglesa &#8211; Ajustable de tuerca central est\u00e1ndar de 53 mm con acabado fosfatado, 455 mm Detalles del producto La cabeza combina dise\u00f1o delgado para accesibilidad con robustez para resistencia Acero aleado de alto rendimiento forjado en una sola pieza Acabado negro. Templado con precisi\u00f3n y con tratamiento anticorrosi\u00f3n La quijada no se cae incluso [&hellip;]","og_url":"https:\/\/soymat.com\/es\/producto\/llave-inglesa-53mm-bahco\/","og_site_name":"SoyMat \u2013 Seguridad Industrial","article_modified_time":"2026-02-03T22:06:40+00:00","og_image":[{"width":1200,"height":1200,"url":"https:\/\/soymat.com\/wp-content\/uploads\/2024\/12\/llave_-inglesa_8075-A-IP.jpg","type":"image\/jpeg"}],"twitter_card":"summary_large_image","twitter_misc":{"Tiempo de lectura":"1 minuto"},"schema":{"@context":"https:\/\/schema.org","@graph":[{"@type":"WebPage","@id":"https:\/\/soymat.com\/producto\/llave-inglesa-53mm-bahco\/","url":"https:\/\/soymat.com\/producto\/llave-inglesa-53mm-bahco\/","name":"Llave Inglesa 53mm - Bahco - SoyMat \u2013 Seguridad Industrial","isPartOf":{"@id":"https:\/\/soymat.com\/#website"},"primaryImageOfPage":{"@id":"https:\/\/soymat.com\/producto\/llave-inglesa-53mm-bahco\/#primaryimage"},"image":{"@id":"https:\/\/soymat.com\/producto\/llave-inglesa-53mm-bahco\/#primaryimage"},"thumbnailUrl":"https:\/\/soymat.com\/wp-content\/uploads\/2024\/12\/llave_-inglesa_8075-A-IP.jpg","datePublished":"2024-12-16T04:53:36+00:00","dateModified":"2026-02-03T22:06:40+00:00","breadcrumb":{"@id":"https:\/\/soymat.com\/producto\/llave-inglesa-53mm-bahco\/#breadcrumb"},"inLanguage":"es-AR","potentialAction":[{"@type":"ReadAction","target":["https:\/\/soymat.com\/producto\/llave-inglesa-53mm-bahco\/"]}]},{"@type":"ImageObject","inLanguage":"es-AR","@id":"https:\/\/soymat.com\/producto\/llave-inglesa-53mm-bahco\/#primaryimage","url":"https:\/\/soymat.com\/wp-content\/uploads\/2024\/12\/llave_-inglesa_8075-A-IP.jpg","contentUrl":"https:\/\/soymat.com\/wp-content\/uploads\/2024\/12\/llave_-inglesa_8075-A-IP.jpg","width":1200,"height":1200},{"@type":"BreadcrumbList","@id":"https:\/\/soymat.com\/producto\/llave-inglesa-53mm-bahco\/#breadcrumb","itemListElement":[{"@type":"ListItem","position":1,"name":"Portada","item":"https:\/\/soymat.com\/"},{"@type":"ListItem","position":2,"name":"Todos los Productos","item":"https:\/\/soymat.com\/shop\/"},{"@type":"ListItem","position":3,"name":"Llave Inglesa 53mm &#8211; Bahco"}]},{"@type":"WebSite","@id":"https:\/\/soymat.com\/#website","url":"https:\/\/soymat.com\/","name":"So&Mat","description":"Empresa Dedicada a la protecci\u00f3n global contra incendio . matafuegos redes bombas,venta instalaci\u00f3n y service, protecci\u00f3n y confort laboral en todo concepto.","publisher":{"@id":"https:\/\/soymat.com\/#organization"},"alternateName":"So&Mat","potentialAction":[{"@type":"SearchAction","target":{"@type":"EntryPoint","urlTemplate":"https:\/\/soymat.com\/?s={search_term_string}"},"query-input":{"@type":"PropertyValueSpecification","valueRequired":true,"valueName":"search_term_string"}}],"inLanguage":"es-AR"},{"@type":"Organization","@id":"https:\/\/soymat.com\/#organization","name":"So&Mat","url":"https:\/\/soymat.com\/","logo":{"@type":"ImageObject","inLanguage":"es-AR","@id":"https:\/\/soymat.com\/#\/schema\/logo\/image\/","url":"https:\/\/soymat.com\/wp-content\/uploads\/2024\/08\/SoyMat.jpg","contentUrl":"https:\/\/soymat.com\/wp-content\/uploads\/2024\/08\/SoyMat.jpg","width":600,"height":236,"caption":"So&Mat"},"image":{"@id":"https:\/\/soymat.com\/#\/schema\/logo\/image\/"}}]}},"_links":{"self":[{"href":"https:\/\/soymat.com\/es\/wp-json\/wp\/v2\/product\/20679","targetHints":{"allow":["GET"]}}],"collection":[{"href":"https:\/\/soymat.com\/es\/wp-json\/wp\/v2\/product"}],"about":[{"href":"https:\/\/soymat.com\/es\/wp-json\/wp\/v2\/types\/product"}],"wp:featuredmedia":[{"embeddable":true,"href":"https:\/\/soymat.com\/es\/wp-json\/wp\/v2\/media\/20678"}],"wp:attachment":[{"href":"https:\/\/soymat.com\/es\/wp-json\/wp\/v2\/media?parent=20679"}],"wp:term":[{"taxonomy":"product_cat","embeddable":true,"href":"https:\/\/soymat.com\/es\/wp-json\/wp\/v2\/product_cat?post=20679"},{"taxonomy":"product_tag","embeddable":true,"href":"https:\/\/soymat.com\/es\/wp-json\/wp\/v2\/product_tag?post=20679"}],"curies":[{"name":"wp","href":"https:\/\/api.w.org\/{rel}","templated":true}]}}