{"id":20683,"date":"2024-12-17T18:03:47","date_gmt":"2024-12-17T21:03:47","guid":{"rendered":"https:\/\/soymat.com\/?post_type=product&#038;p=20683"},"modified":"2026-02-03T19:06:38","modified_gmt":"2026-02-03T22:06:38","slug":"juego-de-llaves-combinadas-18-piezas-bahco","status":"publish","type":"product","link":"https:\/\/soymat.com\/es\/producto\/juego-de-llaves-combinadas-18-piezas-bahco\/","title":{"rendered":"Juego de llaves combinadas 18 piezas Bahco"},"content":{"rendered":"<p><strong>Juego de llaves combinadas 18 piezas 8-25MM C\/ESTUCHE.<\/strong><\/p>\n<p>Detalles del producto<br \/>\nJuegos de llaves combinadas acodadas en dimensiones m\u00e9tricas<br \/>\nAleaci\u00f3n de acero de alto rendimiento<br \/>\nBoca abierta con \u00e1ngulo de 15\u00b0 con una cabeza m\u00e1s fina para obtener mejor accesibilidad<br \/>\nPerfil Dynamic Drive de 12 puntos que prolonga la vida de tuercas y tornillos<br \/>\nBoca cerrada con \u00e1ngulo de 15\u00b0 con espacio para los nudillos o mejor agarre<br \/>\nAcabado cromado mate<br \/>\nISO 691, ISO 7738, ISO 3318, ISO 1711-1 y DIN 3113<\/p>","protected":false},"excerpt":{"rendered":"<p>Juego de llaves combinadas 18 piezas 8-25MM C\/ESTUCHE. Detalles del producto Juegos de llaves combinadas acodadas en dimensiones m\u00e9tricas Aleaci\u00f3n de acero de alto rendimiento Boca abierta con \u00e1ngulo de 15\u00b0 con una cabeza m\u00e1s fina para obtener mejor accesibilidad Perfil Dynamic Drive de 12 puntos que prolonga la vida de tuercas y tornillos Boca [&hellip;]<\/p>\n","protected":false},"featured_media":20685,"template":"","meta":[],"product_cat":[191],"product_tag":[],"class_list":{"0":"post-20683","1":"product","2":"type-product","3":"status-publish","4":"has-post-thumbnail","6":"product_brand-herramientas-bahco-todo-para-tu-taller-herramientas-de-mano","7":"product_cat-maquinas-y-herramientas","9":"first","10":"instock","11":"taxable","12":"shipping-taxable","13":"purchasable","14":"product-type-simple","15":"add-to-wishlist-after_add_to_cart"},"yoast_head":"<!-- This site is optimized with the Yoast SEO Premium plugin v26.9 (Yoast SEO v26.9) - https:\/\/yoast.com\/product\/yoast-seo-premium-wordpress\/ -->\n<title>Juego de llaves combinadas 18 piezas Bahco - SoyMat \u2013 Seguridad Industrial<\/title>\n<meta name=\"robots\" content=\"index, follow, max-snippet:-1, max-image-preview:large, max-video-preview:-1\" \/>\n<link rel=\"canonical\" href=\"https:\/\/soymat.com\/es\/producto\/juego-de-llaves-combinadas-18-piezas-bahco\/\" \/>\n<meta property=\"og:locale\" content=\"es_ES\" \/>\n<meta property=\"og:type\" content=\"article\" \/>\n<meta property=\"og:title\" content=\"Juego de llaves combinadas 18 piezas Bahco\" \/>\n<meta property=\"og:description\" content=\"Juego de llaves combinadas 18 piezas 8-25MM C\/ESTUCHE. Detalles del producto Juegos de llaves combinadas acodadas en dimensiones m\u00e9tricas Aleaci\u00f3n de acero de alto rendimiento Boca abierta con \u00e1ngulo de 15\u00b0 con una cabeza m\u00e1s fina para obtener mejor accesibilidad Perfil Dynamic Drive de 12 puntos que prolonga la vida de tuercas y tornillos Boca [&hellip;]\" \/>\n<meta property=\"og:url\" content=\"https:\/\/soymat.com\/es\/producto\/juego-de-llaves-combinadas-18-piezas-bahco\/\" \/>\n<meta property=\"og:site_name\" content=\"SoyMat \u2013 Seguridad Industrial\" \/>\n<meta property=\"article:modified_time\" content=\"2026-02-03T22:06:38+00:00\" \/>\n<meta property=\"og:image\" content=\"https:\/\/soymat.com\/wp-content\/uploads\/2024\/12\/juego-llaves-comb_PU-98_-01.jpg\" \/>\n\t<meta property=\"og:image:width\" content=\"1200\" \/>\n\t<meta property=\"og:image:height\" content=\"1200\" \/>\n\t<meta property=\"og:image:type\" content=\"image\/jpeg\" \/>\n<meta name=\"twitter:card\" content=\"summary_large_image\" \/>\n<meta name=\"twitter:label1\" content=\"Tiempo de lectura\" \/>\n\t<meta name=\"twitter:data1\" content=\"1 minuto\" \/>\n<script type=\"application\/ld+json\" class=\"yoast-schema-graph\">{\"@context\":\"https:\/\/schema.org\",\"@graph\":[{\"@type\":\"WebPage\",\"@id\":\"https:\/\/soymat.com\/producto\/juego-de-llaves-combinadas-18-piezas-bahco\/\",\"url\":\"https:\/\/soymat.com\/producto\/juego-de-llaves-combinadas-18-piezas-bahco\/\",\"name\":\"Juego de llaves combinadas 18 piezas Bahco - SoyMat \u2013 Seguridad Industrial\",\"isPartOf\":{\"@id\":\"https:\/\/soymat.com\/#website\"},\"primaryImageOfPage\":{\"@id\":\"https:\/\/soymat.com\/producto\/juego-de-llaves-combinadas-18-piezas-bahco\/#primaryimage\"},\"image\":{\"@id\":\"https:\/\/soymat.com\/producto\/juego-de-llaves-combinadas-18-piezas-bahco\/#primaryimage\"},\"thumbnailUrl\":\"https:\/\/soymat.com\/wp-content\/uploads\/2024\/12\/juego-llaves-comb_PU-98_-01.jpg\",\"datePublished\":\"2024-12-17T21:03:47+00:00\",\"dateModified\":\"2026-02-03T22:06:38+00:00\",\"breadcrumb\":{\"@id\":\"https:\/\/soymat.com\/producto\/juego-de-llaves-combinadas-18-piezas-bahco\/#breadcrumb\"},\"inLanguage\":\"es-AR\",\"potentialAction\":[{\"@type\":\"ReadAction\",\"target\":[\"https:\/\/soymat.com\/producto\/juego-de-llaves-combinadas-18-piezas-bahco\/\"]}]},{\"@type\":\"ImageObject\",\"inLanguage\":\"es-AR\",\"@id\":\"https:\/\/soymat.com\/producto\/juego-de-llaves-combinadas-18-piezas-bahco\/#primaryimage\",\"url\":\"https:\/\/soymat.com\/wp-content\/uploads\/2024\/12\/juego-llaves-comb_PU-98_-01.jpg\",\"contentUrl\":\"https:\/\/soymat.com\/wp-content\/uploads\/2024\/12\/juego-llaves-comb_PU-98_-01.jpg\",\"width\":1200,\"height\":1200},{\"@type\":\"BreadcrumbList\",\"@id\":\"https:\/\/soymat.com\/producto\/juego-de-llaves-combinadas-18-piezas-bahco\/#breadcrumb\",\"itemListElement\":[{\"@type\":\"ListItem\",\"position\":1,\"name\":\"Portada\",\"item\":\"https:\/\/soymat.com\/\"},{\"@type\":\"ListItem\",\"position\":2,\"name\":\"Todos los Productos\",\"item\":\"https:\/\/soymat.com\/shop\/\"},{\"@type\":\"ListItem\",\"position\":3,\"name\":\"Juego de llaves combinadas 18 piezas Bahco\"}]},{\"@type\":\"WebSite\",\"@id\":\"https:\/\/soymat.com\/#website\",\"url\":\"https:\/\/soymat.com\/\",\"name\":\"So&Mat\",\"description\":\"Empresa Dedicada a la protecci\u00f3n global contra incendio . matafuegos redes bombas,venta instalaci\u00f3n y service, protecci\u00f3n y confort laboral en todo concepto.\",\"publisher\":{\"@id\":\"https:\/\/soymat.com\/#organization\"},\"alternateName\":\"So&Mat\",\"potentialAction\":[{\"@type\":\"SearchAction\",\"target\":{\"@type\":\"EntryPoint\",\"urlTemplate\":\"https:\/\/soymat.com\/?s={search_term_string}\"},\"query-input\":{\"@type\":\"PropertyValueSpecification\",\"valueRequired\":true,\"valueName\":\"search_term_string\"}}],\"inLanguage\":\"es-AR\"},{\"@type\":\"Organization\",\"@id\":\"https:\/\/soymat.com\/#organization\",\"name\":\"So&Mat\",\"url\":\"https:\/\/soymat.com\/\",\"logo\":{\"@type\":\"ImageObject\",\"inLanguage\":\"es-AR\",\"@id\":\"https:\/\/soymat.com\/#\/schema\/logo\/image\/\",\"url\":\"https:\/\/soymat.com\/wp-content\/uploads\/2024\/08\/SoyMat.jpg\",\"contentUrl\":\"https:\/\/soymat.com\/wp-content\/uploads\/2024\/08\/SoyMat.jpg\",\"width\":600,\"height\":236,\"caption\":\"So&Mat\"},\"image\":{\"@id\":\"https:\/\/soymat.com\/#\/schema\/logo\/image\/\"}}]}<\/script>\n<!-- \/ Yoast SEO Premium plugin. -->","yoast_head_json":{"title":"Juego de llaves combinadas 18 piezas Bahco - SoyMat \u2013 Seguridad Industrial","robots":{"index":"index","follow":"follow","max-snippet":"max-snippet:-1","max-image-preview":"max-image-preview:large","max-video-preview":"max-video-preview:-1"},"canonical":"https:\/\/soymat.com\/es\/producto\/juego-de-llaves-combinadas-18-piezas-bahco\/","og_locale":"es_ES","og_type":"article","og_title":"Juego de llaves combinadas 18 piezas Bahco","og_description":"Juego de llaves combinadas 18 piezas 8-25MM C\/ESTUCHE. Detalles del producto Juegos de llaves combinadas acodadas en dimensiones m\u00e9tricas Aleaci\u00f3n de acero de alto rendimiento Boca abierta con \u00e1ngulo de 15\u00b0 con una cabeza m\u00e1s fina para obtener mejor accesibilidad Perfil Dynamic Drive de 12 puntos que prolonga la vida de tuercas y tornillos Boca [&hellip;]","og_url":"https:\/\/soymat.com\/es\/producto\/juego-de-llaves-combinadas-18-piezas-bahco\/","og_site_name":"SoyMat \u2013 Seguridad Industrial","article_modified_time":"2026-02-03T22:06:38+00:00","og_image":[{"width":1200,"height":1200,"url":"https:\/\/soymat.com\/wp-content\/uploads\/2024\/12\/juego-llaves-comb_PU-98_-01.jpg","type":"image\/jpeg"}],"twitter_card":"summary_large_image","twitter_misc":{"Tiempo de lectura":"1 minuto"},"schema":{"@context":"https:\/\/schema.org","@graph":[{"@type":"WebPage","@id":"https:\/\/soymat.com\/producto\/juego-de-llaves-combinadas-18-piezas-bahco\/","url":"https:\/\/soymat.com\/producto\/juego-de-llaves-combinadas-18-piezas-bahco\/","name":"Juego de llaves combinadas 18 piezas Bahco - SoyMat \u2013 Seguridad Industrial","isPartOf":{"@id":"https:\/\/soymat.com\/#website"},"primaryImageOfPage":{"@id":"https:\/\/soymat.com\/producto\/juego-de-llaves-combinadas-18-piezas-bahco\/#primaryimage"},"image":{"@id":"https:\/\/soymat.com\/producto\/juego-de-llaves-combinadas-18-piezas-bahco\/#primaryimage"},"thumbnailUrl":"https:\/\/soymat.com\/wp-content\/uploads\/2024\/12\/juego-llaves-comb_PU-98_-01.jpg","datePublished":"2024-12-17T21:03:47+00:00","dateModified":"2026-02-03T22:06:38+00:00","breadcrumb":{"@id":"https:\/\/soymat.com\/producto\/juego-de-llaves-combinadas-18-piezas-bahco\/#breadcrumb"},"inLanguage":"es-AR","potentialAction":[{"@type":"ReadAction","target":["https:\/\/soymat.com\/producto\/juego-de-llaves-combinadas-18-piezas-bahco\/"]}]},{"@type":"ImageObject","inLanguage":"es-AR","@id":"https:\/\/soymat.com\/producto\/juego-de-llaves-combinadas-18-piezas-bahco\/#primaryimage","url":"https:\/\/soymat.com\/wp-content\/uploads\/2024\/12\/juego-llaves-comb_PU-98_-01.jpg","contentUrl":"https:\/\/soymat.com\/wp-content\/uploads\/2024\/12\/juego-llaves-comb_PU-98_-01.jpg","width":1200,"height":1200},{"@type":"BreadcrumbList","@id":"https:\/\/soymat.com\/producto\/juego-de-llaves-combinadas-18-piezas-bahco\/#breadcrumb","itemListElement":[{"@type":"ListItem","position":1,"name":"Portada","item":"https:\/\/soymat.com\/"},{"@type":"ListItem","position":2,"name":"Todos los Productos","item":"https:\/\/soymat.com\/shop\/"},{"@type":"ListItem","position":3,"name":"Juego de llaves combinadas 18 piezas Bahco"}]},{"@type":"WebSite","@id":"https:\/\/soymat.com\/#website","url":"https:\/\/soymat.com\/","name":"So&Mat","description":"Empresa Dedicada a la protecci\u00f3n global contra incendio . matafuegos redes bombas,venta instalaci\u00f3n y service, protecci\u00f3n y confort laboral en todo concepto.","publisher":{"@id":"https:\/\/soymat.com\/#organization"},"alternateName":"So&Mat","potentialAction":[{"@type":"SearchAction","target":{"@type":"EntryPoint","urlTemplate":"https:\/\/soymat.com\/?s={search_term_string}"},"query-input":{"@type":"PropertyValueSpecification","valueRequired":true,"valueName":"search_term_string"}}],"inLanguage":"es-AR"},{"@type":"Organization","@id":"https:\/\/soymat.com\/#organization","name":"So&Mat","url":"https:\/\/soymat.com\/","logo":{"@type":"ImageObject","inLanguage":"es-AR","@id":"https:\/\/soymat.com\/#\/schema\/logo\/image\/","url":"https:\/\/soymat.com\/wp-content\/uploads\/2024\/08\/SoyMat.jpg","contentUrl":"https:\/\/soymat.com\/wp-content\/uploads\/2024\/08\/SoyMat.jpg","width":600,"height":236,"caption":"So&Mat"},"image":{"@id":"https:\/\/soymat.com\/#\/schema\/logo\/image\/"}}]}},"_links":{"self":[{"href":"https:\/\/soymat.com\/es\/wp-json\/wp\/v2\/product\/20683","targetHints":{"allow":["GET"]}}],"collection":[{"href":"https:\/\/soymat.com\/es\/wp-json\/wp\/v2\/product"}],"about":[{"href":"https:\/\/soymat.com\/es\/wp-json\/wp\/v2\/types\/product"}],"wp:featuredmedia":[{"embeddable":true,"href":"https:\/\/soymat.com\/es\/wp-json\/wp\/v2\/media\/20685"}],"wp:attachment":[{"href":"https:\/\/soymat.com\/es\/wp-json\/wp\/v2\/media?parent=20683"}],"wp:term":[{"taxonomy":"product_cat","embeddable":true,"href":"https:\/\/soymat.com\/es\/wp-json\/wp\/v2\/product_cat?post=20683"},{"taxonomy":"product_tag","embeddable":true,"href":"https:\/\/soymat.com\/es\/wp-json\/wp\/v2\/product_tag?post=20683"}],"curies":[{"name":"wp","href":"https:\/\/api.w.org\/{rel}","templated":true}]}}