{"id":20686,"date":"2024-12-17T18:10:56","date_gmt":"2024-12-17T21:10:56","guid":{"rendered":"https:\/\/soymat.com\/?post_type=product&#038;p=20686"},"modified":"2026-03-17T19:06:29","modified_gmt":"2026-03-17T22:06:29","slug":"juego-de-bocallaves-bahco","status":"publish","type":"product","link":"https:\/\/soymat.com\/es\/producto\/juego-de-bocallaves-bahco\/","title":{"rendered":"Juego de bocallaves 10 a 22mm Bahco"},"content":{"rendered":"<p><strong>Juego de bocallaves con cuadro conductor de 1\/4&#8243; y 3\/8&#8243;, perfil hexagonal m\u00e9trico y crique<\/strong><\/p>\n<p>Detalles del producto<br \/>\n12 Piezas, bocallaves hexagonales de 3\/8&#8243; 10, 11, 12, 13, 14, 15, 16, 17, 18, 19, 20 y 22 mm<br \/>\nUn crique de 3\/8&#8243;: de liberaci\u00f3n r\u00e1pida, 60 dientes\/\u00e1ngulo de acci\u00f3n de 6\u00b0<br \/>\nDos barras de extensi\u00f3n de 3\/8&#8243;, 75 mm\/3&#8243; y 150 mm\/6&#8243;<br \/>\nUna junta universal de 3\/8&#8243;<br \/>\nUn porta puntas de 3\/8&#8243; x 1\/4&#8243;<br \/>\nDos bocallaves hexagonales para buj\u00edas de 3\/8&#8243;, 16 mm (5\/8&#8243;) y 21 mm (13\/16&#8243;)<br \/>\nUn destornillador de 1\/4&#8243; con mango de dos componentes<br \/>\nUn porta puntas de 1\/4&#8243; x 1\/4&#8243;<br \/>\nTres bocallaves ranurados de 1\/4&#8243;: 4, 5.5 y 7 mm<br \/>\nCuatro puntas Phillips de 1\/4&#8243;, PH1, PH2, PH3 y PH4<br \/>\nSeis puntas hexagonales de 1\/4&#8243;, 3, 4, 5, 6, 7 y 8 mm<br \/>\nAcabado mate<br \/>\nAleaci\u00f3n de acero de alto rendimiento<br \/>\nMenos desgaste y da\u00f1os del tornillo gracias a bocallaves con perfil Dynamic-Drive\u2122<br \/>\nBot\u00f3n para extracci\u00f3n r\u00e1pida del bocallave en el crique<br \/>\nCaja: Polietileno de alta densidad (HDPE)<br \/>\nNormas: ISO 1174 y DIN 3120<\/p>","protected":false},"excerpt":{"rendered":"<p>Juego de bocallaves con cuadro conductor de 1\/4&#8243; y 3\/8&#8243;, perfil hexagonal m\u00e9trico y crique Detalles del producto 12 Piezas, bocallaves hexagonales de 3\/8&#8243; 10, 11, 12, 13, 14, 15, 16, 17, 18, 19, 20 y 22 mm Un crique de 3\/8&#8243;: de liberaci\u00f3n r\u00e1pida, 60 dientes\/\u00e1ngulo de acci\u00f3n de 6\u00b0 Dos barras de extensi\u00f3n [&hellip;]<\/p>\n","protected":false},"featured_media":20689,"template":"","meta":[],"product_cat":[191],"product_tag":[],"class_list":{"0":"post-20686","1":"product","2":"type-product","3":"status-publish","4":"has-post-thumbnail","6":"product_brand-herramientas-bahco-todo-para-tu-taller-herramientas-de-mano","7":"product_cat-maquinas-y-herramientas","9":"first","10":"instock","11":"taxable","12":"shipping-taxable","13":"purchasable","14":"product-type-simple","15":"add-to-wishlist-after_add_to_cart"},"yoast_head":"<!-- This site is optimized with the Yoast SEO Premium plugin v26.9 (Yoast SEO v26.9) - https:\/\/yoast.com\/product\/yoast-seo-premium-wordpress\/ -->\n<title>Juego de bocallaves 10 a 22mm Bahco - SoyMat \u2013 Seguridad Industrial<\/title>\n<meta name=\"robots\" content=\"index, follow, max-snippet:-1, max-image-preview:large, max-video-preview:-1\" \/>\n<link rel=\"canonical\" href=\"https:\/\/soymat.com\/es\/producto\/juego-de-bocallaves-bahco\/\" \/>\n<meta property=\"og:locale\" content=\"es_ES\" \/>\n<meta property=\"og:type\" content=\"article\" \/>\n<meta property=\"og:title\" content=\"Juego de bocallaves 10 a 22mm Bahco\" \/>\n<meta property=\"og:description\" content=\"Juego de bocallaves con cuadro conductor de 1\/4&#8243; y 3\/8&#8243;, perfil hexagonal m\u00e9trico y crique Detalles del producto 12 Piezas, bocallaves hexagonales de 3\/8&#8243; 10, 11, 12, 13, 14, 15, 16, 17, 18, 19, 20 y 22 mm Un crique de 3\/8&#8243;: de liberaci\u00f3n r\u00e1pida, 60 dientes\/\u00e1ngulo de acci\u00f3n de 6\u00b0 Dos barras de extensi\u00f3n [&hellip;]\" \/>\n<meta property=\"og:url\" content=\"https:\/\/soymat.com\/es\/producto\/juego-de-bocallaves-bahco\/\" \/>\n<meta property=\"og:site_name\" content=\"SoyMat \u2013 Seguridad Industrial\" \/>\n<meta property=\"article:modified_time\" content=\"2026-03-17T22:06:29+00:00\" \/>\n<meta property=\"og:image\" content=\"https:\/\/soymat.com\/wp-content\/uploads\/2024\/12\/juego_bocallave_S330_-03.jpg\" \/>\n\t<meta property=\"og:image:width\" content=\"1200\" \/>\n\t<meta property=\"og:image:height\" content=\"1200\" \/>\n\t<meta property=\"og:image:type\" content=\"image\/jpeg\" \/>\n<meta name=\"twitter:card\" content=\"summary_large_image\" \/>\n<meta name=\"twitter:label1\" content=\"Tiempo de lectura\" \/>\n\t<meta name=\"twitter:data1\" content=\"2 minutos\" \/>\n<script type=\"application\/ld+json\" class=\"yoast-schema-graph\">{\"@context\":\"https:\/\/schema.org\",\"@graph\":[{\"@type\":\"WebPage\",\"@id\":\"https:\/\/soymat.com\/producto\/juego-de-bocallaves-bahco\/\",\"url\":\"https:\/\/soymat.com\/producto\/juego-de-bocallaves-bahco\/\",\"name\":\"Juego de bocallaves 10 a 22mm Bahco - SoyMat \u2013 Seguridad Industrial\",\"isPartOf\":{\"@id\":\"https:\/\/soymat.com\/#website\"},\"primaryImageOfPage\":{\"@id\":\"https:\/\/soymat.com\/producto\/juego-de-bocallaves-bahco\/#primaryimage\"},\"image\":{\"@id\":\"https:\/\/soymat.com\/producto\/juego-de-bocallaves-bahco\/#primaryimage\"},\"thumbnailUrl\":\"https:\/\/soymat.com\/wp-content\/uploads\/2024\/12\/juego_bocallave_S330_-03.jpg\",\"datePublished\":\"2024-12-17T21:10:56+00:00\",\"dateModified\":\"2026-03-17T22:06:29+00:00\",\"breadcrumb\":{\"@id\":\"https:\/\/soymat.com\/producto\/juego-de-bocallaves-bahco\/#breadcrumb\"},\"inLanguage\":\"es-AR\",\"potentialAction\":[{\"@type\":\"ReadAction\",\"target\":[\"https:\/\/soymat.com\/producto\/juego-de-bocallaves-bahco\/\"]}]},{\"@type\":\"ImageObject\",\"inLanguage\":\"es-AR\",\"@id\":\"https:\/\/soymat.com\/producto\/juego-de-bocallaves-bahco\/#primaryimage\",\"url\":\"https:\/\/soymat.com\/wp-content\/uploads\/2024\/12\/juego_bocallave_S330_-03.jpg\",\"contentUrl\":\"https:\/\/soymat.com\/wp-content\/uploads\/2024\/12\/juego_bocallave_S330_-03.jpg\",\"width\":1200,\"height\":1200},{\"@type\":\"BreadcrumbList\",\"@id\":\"https:\/\/soymat.com\/producto\/juego-de-bocallaves-bahco\/#breadcrumb\",\"itemListElement\":[{\"@type\":\"ListItem\",\"position\":1,\"name\":\"Portada\",\"item\":\"https:\/\/soymat.com\/\"},{\"@type\":\"ListItem\",\"position\":2,\"name\":\"Todos los Productos\",\"item\":\"https:\/\/soymat.com\/shop\/\"},{\"@type\":\"ListItem\",\"position\":3,\"name\":\"Juego de bocallaves 10 a 22mm Bahco\"}]},{\"@type\":\"WebSite\",\"@id\":\"https:\/\/soymat.com\/#website\",\"url\":\"https:\/\/soymat.com\/\",\"name\":\"So&Mat\",\"description\":\"Empresa Dedicada a la protecci\u00f3n global contra incendio . matafuegos redes bombas,venta instalaci\u00f3n y service, protecci\u00f3n y confort laboral en todo concepto.\",\"publisher\":{\"@id\":\"https:\/\/soymat.com\/#organization\"},\"alternateName\":\"So&Mat\",\"potentialAction\":[{\"@type\":\"SearchAction\",\"target\":{\"@type\":\"EntryPoint\",\"urlTemplate\":\"https:\/\/soymat.com\/?s={search_term_string}\"},\"query-input\":{\"@type\":\"PropertyValueSpecification\",\"valueRequired\":true,\"valueName\":\"search_term_string\"}}],\"inLanguage\":\"es-AR\"},{\"@type\":\"Organization\",\"@id\":\"https:\/\/soymat.com\/#organization\",\"name\":\"So&Mat\",\"url\":\"https:\/\/soymat.com\/\",\"logo\":{\"@type\":\"ImageObject\",\"inLanguage\":\"es-AR\",\"@id\":\"https:\/\/soymat.com\/#\/schema\/logo\/image\/\",\"url\":\"https:\/\/soymat.com\/wp-content\/uploads\/2024\/08\/SoyMat.jpg\",\"contentUrl\":\"https:\/\/soymat.com\/wp-content\/uploads\/2024\/08\/SoyMat.jpg\",\"width\":600,\"height\":236,\"caption\":\"So&Mat\"},\"image\":{\"@id\":\"https:\/\/soymat.com\/#\/schema\/logo\/image\/\"}}]}<\/script>\n<!-- \/ Yoast SEO Premium plugin. -->","yoast_head_json":{"title":"Juego de bocallaves 10 a 22mm Bahco - SoyMat \u2013 Seguridad Industrial","robots":{"index":"index","follow":"follow","max-snippet":"max-snippet:-1","max-image-preview":"max-image-preview:large","max-video-preview":"max-video-preview:-1"},"canonical":"https:\/\/soymat.com\/es\/producto\/juego-de-bocallaves-bahco\/","og_locale":"es_ES","og_type":"article","og_title":"Juego de bocallaves 10 a 22mm Bahco","og_description":"Juego de bocallaves con cuadro conductor de 1\/4&#8243; y 3\/8&#8243;, perfil hexagonal m\u00e9trico y crique Detalles del producto 12 Piezas, bocallaves hexagonales de 3\/8&#8243; 10, 11, 12, 13, 14, 15, 16, 17, 18, 19, 20 y 22 mm Un crique de 3\/8&#8243;: de liberaci\u00f3n r\u00e1pida, 60 dientes\/\u00e1ngulo de acci\u00f3n de 6\u00b0 Dos barras de extensi\u00f3n [&hellip;]","og_url":"https:\/\/soymat.com\/es\/producto\/juego-de-bocallaves-bahco\/","og_site_name":"SoyMat \u2013 Seguridad Industrial","article_modified_time":"2026-03-17T22:06:29+00:00","og_image":[{"width":1200,"height":1200,"url":"https:\/\/soymat.com\/wp-content\/uploads\/2024\/12\/juego_bocallave_S330_-03.jpg","type":"image\/jpeg"}],"twitter_card":"summary_large_image","twitter_misc":{"Tiempo de lectura":"2 minutos"},"schema":{"@context":"https:\/\/schema.org","@graph":[{"@type":"WebPage","@id":"https:\/\/soymat.com\/producto\/juego-de-bocallaves-bahco\/","url":"https:\/\/soymat.com\/producto\/juego-de-bocallaves-bahco\/","name":"Juego de bocallaves 10 a 22mm Bahco - SoyMat \u2013 Seguridad Industrial","isPartOf":{"@id":"https:\/\/soymat.com\/#website"},"primaryImageOfPage":{"@id":"https:\/\/soymat.com\/producto\/juego-de-bocallaves-bahco\/#primaryimage"},"image":{"@id":"https:\/\/soymat.com\/producto\/juego-de-bocallaves-bahco\/#primaryimage"},"thumbnailUrl":"https:\/\/soymat.com\/wp-content\/uploads\/2024\/12\/juego_bocallave_S330_-03.jpg","datePublished":"2024-12-17T21:10:56+00:00","dateModified":"2026-03-17T22:06:29+00:00","breadcrumb":{"@id":"https:\/\/soymat.com\/producto\/juego-de-bocallaves-bahco\/#breadcrumb"},"inLanguage":"es-AR","potentialAction":[{"@type":"ReadAction","target":["https:\/\/soymat.com\/producto\/juego-de-bocallaves-bahco\/"]}]},{"@type":"ImageObject","inLanguage":"es-AR","@id":"https:\/\/soymat.com\/producto\/juego-de-bocallaves-bahco\/#primaryimage","url":"https:\/\/soymat.com\/wp-content\/uploads\/2024\/12\/juego_bocallave_S330_-03.jpg","contentUrl":"https:\/\/soymat.com\/wp-content\/uploads\/2024\/12\/juego_bocallave_S330_-03.jpg","width":1200,"height":1200},{"@type":"BreadcrumbList","@id":"https:\/\/soymat.com\/producto\/juego-de-bocallaves-bahco\/#breadcrumb","itemListElement":[{"@type":"ListItem","position":1,"name":"Portada","item":"https:\/\/soymat.com\/"},{"@type":"ListItem","position":2,"name":"Todos los Productos","item":"https:\/\/soymat.com\/shop\/"},{"@type":"ListItem","position":3,"name":"Juego de bocallaves 10 a 22mm Bahco"}]},{"@type":"WebSite","@id":"https:\/\/soymat.com\/#website","url":"https:\/\/soymat.com\/","name":"So&Mat","description":"Empresa Dedicada a la protecci\u00f3n global contra incendio . matafuegos redes bombas,venta instalaci\u00f3n y service, protecci\u00f3n y confort laboral en todo concepto.","publisher":{"@id":"https:\/\/soymat.com\/#organization"},"alternateName":"So&Mat","potentialAction":[{"@type":"SearchAction","target":{"@type":"EntryPoint","urlTemplate":"https:\/\/soymat.com\/?s={search_term_string}"},"query-input":{"@type":"PropertyValueSpecification","valueRequired":true,"valueName":"search_term_string"}}],"inLanguage":"es-AR"},{"@type":"Organization","@id":"https:\/\/soymat.com\/#organization","name":"So&Mat","url":"https:\/\/soymat.com\/","logo":{"@type":"ImageObject","inLanguage":"es-AR","@id":"https:\/\/soymat.com\/#\/schema\/logo\/image\/","url":"https:\/\/soymat.com\/wp-content\/uploads\/2024\/08\/SoyMat.jpg","contentUrl":"https:\/\/soymat.com\/wp-content\/uploads\/2024\/08\/SoyMat.jpg","width":600,"height":236,"caption":"So&Mat"},"image":{"@id":"https:\/\/soymat.com\/#\/schema\/logo\/image\/"}}]}},"_links":{"self":[{"href":"https:\/\/soymat.com\/es\/wp-json\/wp\/v2\/product\/20686","targetHints":{"allow":["GET"]}}],"collection":[{"href":"https:\/\/soymat.com\/es\/wp-json\/wp\/v2\/product"}],"about":[{"href":"https:\/\/soymat.com\/es\/wp-json\/wp\/v2\/types\/product"}],"wp:featuredmedia":[{"embeddable":true,"href":"https:\/\/soymat.com\/es\/wp-json\/wp\/v2\/media\/20689"}],"wp:attachment":[{"href":"https:\/\/soymat.com\/es\/wp-json\/wp\/v2\/media?parent=20686"}],"wp:term":[{"taxonomy":"product_cat","embeddable":true,"href":"https:\/\/soymat.com\/es\/wp-json\/wp\/v2\/product_cat?post=20686"},{"taxonomy":"product_tag","embeddable":true,"href":"https:\/\/soymat.com\/es\/wp-json\/wp\/v2\/product_tag?post=20686"}],"curies":[{"name":"wp","href":"https:\/\/api.w.org\/{rel}","templated":true}]}}