{"id":20719,"date":"2024-12-17T18:36:12","date_gmt":"2024-12-17T21:36:12","guid":{"rendered":"https:\/\/soymat.com\/?post_type=product&#038;p=20719"},"modified":"2026-02-04T19:08:15","modified_gmt":"2026-02-04T22:08:15","slug":"crique-de-cabeza-redonda-reversible-de-1-2-bahco","status":"publish","type":"product","link":"https:\/\/soymat.com\/es\/producto\/crique-de-cabeza-redonda-reversible-de-1-2-bahco\/","title":{"rendered":"Crique de cabeza redonda reversible de 1\/2&#8243; &#8211; Bahco"},"content":{"rendered":"<p><strong>Crique de cabeza redonda reversible de 1\/2&#8243; con 72 dientes y \u00e1ngulo de acci\u00f3n de 5<\/strong><\/p>\n<p>&nbsp;<\/p>\n<p>Detalles del producto<br \/>\nMejor en espacios reducidos gracias a los 72 dientes y al \u00e1ngulo de crique de 5\u00b0<br \/>\nRepuestos disponibles: Empuje la cabeza de crique sin riesgo de soltar el bocallave<br \/>\nMecanismo indicador de sentido bicolor patentado dise\u00f1ado para prevenir cambio accidental del sentido de trabajo<br \/>\nFlecha indicadora del sentido de giro<br \/>\nC\u00f3modo mango de doble material antideslizante con agujero para colgar y almacenamiento f\u00e1cil que proporciona un excelente agarre<br \/>\nAleaci\u00f3n de acero de alto rendimiento, forjado con precisi\u00f3n y tratado t\u00e9rmicamente para proporcionar una \u00f3ptima durabilidad<br \/>\nFormas curvas y superficies con pulido fino<br \/>\nRepuestos disponibles<br \/>\nCambio de direcci\u00f3n r\u00e1pido y f\u00e1cil con el disco del dedo en la cabeza de la llave<br \/>\nCumple con las normas ISO 3315\/1174-2, DIN 3122\/3120 y UNE 16512<br \/>\nSB: Embalaje en blister<\/p>","protected":false},"excerpt":{"rendered":"<p>Crique de cabeza redonda reversible de 1\/2&#8243; con 72 dientes y \u00e1ngulo de acci\u00f3n de 5 &nbsp; Detalles del producto Mejor en espacios reducidos gracias a los 72 dientes y al \u00e1ngulo de crique de 5\u00b0 Repuestos disponibles: Empuje la cabeza de crique sin riesgo de soltar el bocallave Mecanismo indicador de sentido bicolor patentado [&hellip;]<\/p>\n","protected":false},"featured_media":20710,"template":"","meta":[],"product_cat":[191],"product_tag":[],"class_list":{"0":"post-20719","1":"product","2":"type-product","3":"status-publish","4":"has-post-thumbnail","6":"product_brand-herramientas-bahco-todo-para-tu-taller-herramientas-de-mano","7":"product_cat-maquinas-y-herramientas","9":"first","10":"instock","11":"taxable","12":"shipping-taxable","13":"purchasable","14":"product-type-simple","15":"add-to-wishlist-after_add_to_cart"},"yoast_head":"<!-- This site is optimized with the Yoast SEO Premium plugin v26.9 (Yoast SEO v26.9) - https:\/\/yoast.com\/product\/yoast-seo-premium-wordpress\/ -->\n<title>Crique de cabeza redonda reversible de 1\/2&quot; - Bahco - SoyMat \u2013 Seguridad Industrial<\/title>\n<meta name=\"robots\" content=\"index, follow, max-snippet:-1, max-image-preview:large, max-video-preview:-1\" \/>\n<link rel=\"canonical\" href=\"https:\/\/soymat.com\/es\/producto\/crique-de-cabeza-redonda-reversible-de-1-2-bahco\/\" \/>\n<meta property=\"og:locale\" content=\"es_ES\" \/>\n<meta property=\"og:type\" content=\"article\" \/>\n<meta property=\"og:title\" content=\"Crique de cabeza redonda reversible de 1\/2&quot; - Bahco\" \/>\n<meta property=\"og:description\" content=\"Crique de cabeza redonda reversible de 1\/2&#8243; con 72 dientes y \u00e1ngulo de acci\u00f3n de 5 &nbsp; Detalles del producto Mejor en espacios reducidos gracias a los 72 dientes y al \u00e1ngulo de crique de 5\u00b0 Repuestos disponibles: Empuje la cabeza de crique sin riesgo de soltar el bocallave Mecanismo indicador de sentido bicolor patentado [&hellip;]\" \/>\n<meta property=\"og:url\" content=\"https:\/\/soymat.com\/es\/producto\/crique-de-cabeza-redonda-reversible-de-1-2-bahco\/\" \/>\n<meta property=\"og:site_name\" content=\"SoyMat \u2013 Seguridad Industrial\" \/>\n<meta property=\"article:modified_time\" content=\"2026-02-04T22:08:15+00:00\" \/>\n<meta property=\"og:image\" content=\"https:\/\/soymat.com\/wp-content\/uploads\/2024\/12\/crique_8150RN-1-2_-02.jpg\" \/>\n\t<meta property=\"og:image:width\" content=\"1200\" \/>\n\t<meta property=\"og:image:height\" content=\"1200\" \/>\n\t<meta property=\"og:image:type\" content=\"image\/jpeg\" \/>\n<meta name=\"twitter:card\" content=\"summary_large_image\" \/>\n<meta name=\"twitter:label1\" content=\"Tiempo de lectura\" \/>\n\t<meta name=\"twitter:data1\" content=\"1 minuto\" \/>\n<script type=\"application\/ld+json\" class=\"yoast-schema-graph\">{\"@context\":\"https:\/\/schema.org\",\"@graph\":[{\"@type\":\"WebPage\",\"@id\":\"https:\/\/soymat.com\/producto\/crique-de-cabeza-redonda-reversible-de-1-2-bahco\/\",\"url\":\"https:\/\/soymat.com\/producto\/crique-de-cabeza-redonda-reversible-de-1-2-bahco\/\",\"name\":\"Crique de cabeza redonda reversible de 1\/2\\\" - Bahco - SoyMat \u2013 Seguridad Industrial\",\"isPartOf\":{\"@id\":\"https:\/\/soymat.com\/#website\"},\"primaryImageOfPage\":{\"@id\":\"https:\/\/soymat.com\/producto\/crique-de-cabeza-redonda-reversible-de-1-2-bahco\/#primaryimage\"},\"image\":{\"@id\":\"https:\/\/soymat.com\/producto\/crique-de-cabeza-redonda-reversible-de-1-2-bahco\/#primaryimage\"},\"thumbnailUrl\":\"https:\/\/soymat.com\/wp-content\/uploads\/2024\/12\/crique_8150RN-1-2_-02.jpg\",\"datePublished\":\"2024-12-17T21:36:12+00:00\",\"dateModified\":\"2026-02-04T22:08:15+00:00\",\"breadcrumb\":{\"@id\":\"https:\/\/soymat.com\/producto\/crique-de-cabeza-redonda-reversible-de-1-2-bahco\/#breadcrumb\"},\"inLanguage\":\"es-AR\",\"potentialAction\":[{\"@type\":\"ReadAction\",\"target\":[\"https:\/\/soymat.com\/producto\/crique-de-cabeza-redonda-reversible-de-1-2-bahco\/\"]}]},{\"@type\":\"ImageObject\",\"inLanguage\":\"es-AR\",\"@id\":\"https:\/\/soymat.com\/producto\/crique-de-cabeza-redonda-reversible-de-1-2-bahco\/#primaryimage\",\"url\":\"https:\/\/soymat.com\/wp-content\/uploads\/2024\/12\/crique_8150RN-1-2_-02.jpg\",\"contentUrl\":\"https:\/\/soymat.com\/wp-content\/uploads\/2024\/12\/crique_8150RN-1-2_-02.jpg\",\"width\":1200,\"height\":1200},{\"@type\":\"BreadcrumbList\",\"@id\":\"https:\/\/soymat.com\/producto\/crique-de-cabeza-redonda-reversible-de-1-2-bahco\/#breadcrumb\",\"itemListElement\":[{\"@type\":\"ListItem\",\"position\":1,\"name\":\"Portada\",\"item\":\"https:\/\/soymat.com\/\"},{\"@type\":\"ListItem\",\"position\":2,\"name\":\"Todos los Productos\",\"item\":\"https:\/\/soymat.com\/shop\/\"},{\"@type\":\"ListItem\",\"position\":3,\"name\":\"Crique de cabeza redonda reversible de 1\/2&#8243; &#8211; Bahco\"}]},{\"@type\":\"WebSite\",\"@id\":\"https:\/\/soymat.com\/#website\",\"url\":\"https:\/\/soymat.com\/\",\"name\":\"So&Mat\",\"description\":\"Empresa Dedicada a la protecci\u00f3n global contra incendio . matafuegos redes bombas,venta instalaci\u00f3n y service, protecci\u00f3n y confort laboral en todo concepto.\",\"publisher\":{\"@id\":\"https:\/\/soymat.com\/#organization\"},\"alternateName\":\"So&Mat\",\"potentialAction\":[{\"@type\":\"SearchAction\",\"target\":{\"@type\":\"EntryPoint\",\"urlTemplate\":\"https:\/\/soymat.com\/?s={search_term_string}\"},\"query-input\":{\"@type\":\"PropertyValueSpecification\",\"valueRequired\":true,\"valueName\":\"search_term_string\"}}],\"inLanguage\":\"es-AR\"},{\"@type\":\"Organization\",\"@id\":\"https:\/\/soymat.com\/#organization\",\"name\":\"So&Mat\",\"url\":\"https:\/\/soymat.com\/\",\"logo\":{\"@type\":\"ImageObject\",\"inLanguage\":\"es-AR\",\"@id\":\"https:\/\/soymat.com\/#\/schema\/logo\/image\/\",\"url\":\"https:\/\/soymat.com\/wp-content\/uploads\/2024\/08\/SoyMat.jpg\",\"contentUrl\":\"https:\/\/soymat.com\/wp-content\/uploads\/2024\/08\/SoyMat.jpg\",\"width\":600,\"height\":236,\"caption\":\"So&Mat\"},\"image\":{\"@id\":\"https:\/\/soymat.com\/#\/schema\/logo\/image\/\"}}]}<\/script>\n<!-- \/ Yoast SEO Premium plugin. -->","yoast_head_json":{"title":"Crique de cabeza redonda reversible de 1\/2\" - Bahco - SoyMat \u2013 Seguridad Industrial","robots":{"index":"index","follow":"follow","max-snippet":"max-snippet:-1","max-image-preview":"max-image-preview:large","max-video-preview":"max-video-preview:-1"},"canonical":"https:\/\/soymat.com\/es\/producto\/crique-de-cabeza-redonda-reversible-de-1-2-bahco\/","og_locale":"es_ES","og_type":"article","og_title":"Crique de cabeza redonda reversible de 1\/2\" - Bahco","og_description":"Crique de cabeza redonda reversible de 1\/2&#8243; con 72 dientes y \u00e1ngulo de acci\u00f3n de 5 &nbsp; Detalles del producto Mejor en espacios reducidos gracias a los 72 dientes y al \u00e1ngulo de crique de 5\u00b0 Repuestos disponibles: Empuje la cabeza de crique sin riesgo de soltar el bocallave Mecanismo indicador de sentido bicolor patentado [&hellip;]","og_url":"https:\/\/soymat.com\/es\/producto\/crique-de-cabeza-redonda-reversible-de-1-2-bahco\/","og_site_name":"SoyMat \u2013 Seguridad Industrial","article_modified_time":"2026-02-04T22:08:15+00:00","og_image":[{"width":1200,"height":1200,"url":"https:\/\/soymat.com\/wp-content\/uploads\/2024\/12\/crique_8150RN-1-2_-02.jpg","type":"image\/jpeg"}],"twitter_card":"summary_large_image","twitter_misc":{"Tiempo de lectura":"1 minuto"},"schema":{"@context":"https:\/\/schema.org","@graph":[{"@type":"WebPage","@id":"https:\/\/soymat.com\/producto\/crique-de-cabeza-redonda-reversible-de-1-2-bahco\/","url":"https:\/\/soymat.com\/producto\/crique-de-cabeza-redonda-reversible-de-1-2-bahco\/","name":"Crique de cabeza redonda reversible de 1\/2\" - Bahco - SoyMat \u2013 Seguridad Industrial","isPartOf":{"@id":"https:\/\/soymat.com\/#website"},"primaryImageOfPage":{"@id":"https:\/\/soymat.com\/producto\/crique-de-cabeza-redonda-reversible-de-1-2-bahco\/#primaryimage"},"image":{"@id":"https:\/\/soymat.com\/producto\/crique-de-cabeza-redonda-reversible-de-1-2-bahco\/#primaryimage"},"thumbnailUrl":"https:\/\/soymat.com\/wp-content\/uploads\/2024\/12\/crique_8150RN-1-2_-02.jpg","datePublished":"2024-12-17T21:36:12+00:00","dateModified":"2026-02-04T22:08:15+00:00","breadcrumb":{"@id":"https:\/\/soymat.com\/producto\/crique-de-cabeza-redonda-reversible-de-1-2-bahco\/#breadcrumb"},"inLanguage":"es-AR","potentialAction":[{"@type":"ReadAction","target":["https:\/\/soymat.com\/producto\/crique-de-cabeza-redonda-reversible-de-1-2-bahco\/"]}]},{"@type":"ImageObject","inLanguage":"es-AR","@id":"https:\/\/soymat.com\/producto\/crique-de-cabeza-redonda-reversible-de-1-2-bahco\/#primaryimage","url":"https:\/\/soymat.com\/wp-content\/uploads\/2024\/12\/crique_8150RN-1-2_-02.jpg","contentUrl":"https:\/\/soymat.com\/wp-content\/uploads\/2024\/12\/crique_8150RN-1-2_-02.jpg","width":1200,"height":1200},{"@type":"BreadcrumbList","@id":"https:\/\/soymat.com\/producto\/crique-de-cabeza-redonda-reversible-de-1-2-bahco\/#breadcrumb","itemListElement":[{"@type":"ListItem","position":1,"name":"Portada","item":"https:\/\/soymat.com\/"},{"@type":"ListItem","position":2,"name":"Todos los Productos","item":"https:\/\/soymat.com\/shop\/"},{"@type":"ListItem","position":3,"name":"Crique de cabeza redonda reversible de 1\/2&#8243; &#8211; Bahco"}]},{"@type":"WebSite","@id":"https:\/\/soymat.com\/#website","url":"https:\/\/soymat.com\/","name":"So&Mat","description":"Empresa Dedicada a la protecci\u00f3n global contra incendio . matafuegos redes bombas,venta instalaci\u00f3n y service, protecci\u00f3n y confort laboral en todo concepto.","publisher":{"@id":"https:\/\/soymat.com\/#organization"},"alternateName":"So&Mat","potentialAction":[{"@type":"SearchAction","target":{"@type":"EntryPoint","urlTemplate":"https:\/\/soymat.com\/?s={search_term_string}"},"query-input":{"@type":"PropertyValueSpecification","valueRequired":true,"valueName":"search_term_string"}}],"inLanguage":"es-AR"},{"@type":"Organization","@id":"https:\/\/soymat.com\/#organization","name":"So&Mat","url":"https:\/\/soymat.com\/","logo":{"@type":"ImageObject","inLanguage":"es-AR","@id":"https:\/\/soymat.com\/#\/schema\/logo\/image\/","url":"https:\/\/soymat.com\/wp-content\/uploads\/2024\/08\/SoyMat.jpg","contentUrl":"https:\/\/soymat.com\/wp-content\/uploads\/2024\/08\/SoyMat.jpg","width":600,"height":236,"caption":"So&Mat"},"image":{"@id":"https:\/\/soymat.com\/#\/schema\/logo\/image\/"}}]}},"_links":{"self":[{"href":"https:\/\/soymat.com\/es\/wp-json\/wp\/v2\/product\/20719","targetHints":{"allow":["GET"]}}],"collection":[{"href":"https:\/\/soymat.com\/es\/wp-json\/wp\/v2\/product"}],"about":[{"href":"https:\/\/soymat.com\/es\/wp-json\/wp\/v2\/types\/product"}],"wp:featuredmedia":[{"embeddable":true,"href":"https:\/\/soymat.com\/es\/wp-json\/wp\/v2\/media\/20710"}],"wp:attachment":[{"href":"https:\/\/soymat.com\/es\/wp-json\/wp\/v2\/media?parent=20719"}],"wp:term":[{"taxonomy":"product_cat","embeddable":true,"href":"https:\/\/soymat.com\/es\/wp-json\/wp\/v2\/product_cat?post=20719"},{"taxonomy":"product_tag","embeddable":true,"href":"https:\/\/soymat.com\/es\/wp-json\/wp\/v2\/product_tag?post=20719"}],"curies":[{"name":"wp","href":"https:\/\/api.w.org\/{rel}","templated":true}]}}