{"id":21091,"date":"2025-01-29T10:54:42","date_gmt":"2025-01-29T13:54:42","guid":{"rendered":"https:\/\/soymat.com\/?post_type=product&#038;p=21091"},"modified":"2026-02-03T19:06:15","modified_gmt":"2026-02-03T22:06:15","slug":"carro-de-almacenamiento-hub-5-cajones-bahco","status":"publish","type":"product","link":"https:\/\/soymat.com\/es\/producto\/carro-de-almacenamiento-hub-5-cajones-bahco\/","title":{"rendered":"Carro de almacenamiento HUB &#8211; 6 cajones &#8211; Bahco"},"content":{"rendered":"<p><strong>Carro de almacenamiento HUB 6 cajones &#8211; 26 pulg. &#8211; Colores: Negro \/ Naranja &#8211; Bahco<\/strong><\/p>\n<p>Detalles del producto<br \/>\nEl carro de herramientas de 5 cajones para trabajo pesado se basa en una construcci\u00f3n estructural de caja de doble pared de chapa de acero<br \/>\nLos cajones completamente abiertos equipados con deslizadores de rodamientos a bolas se deslizan muy suavemente y tienen una capacidad de hasta 30 kg<br \/>\nLas ruedas de goma aseguran la m\u00e1xima estabilidad<br \/>\nCarro f\u00e1cil de maniobrar, incluso en superficies irregulares<br \/>\nLos paneles laterales perforados permiten que el usuario final agregue diferentes accesorios<br \/>\nEl sistema de cerradura circular de bloqueo fuerte y seguro protege el carro contra robos<br \/>\nLos topes de esquina minimizan la posibilidad de lesiones y da\u00f1os a los objetos circundantes<br \/>\nLa estructura de doble pared garantiza que los cajones siempre se abren despu\u00e9s de una colisi\u00f3n que da\u00f1e la pared exterior<br \/>\nSe encuentra disponible una amplia gama de organizadores de espuma listas para usar con herramientas de la serie Fit &amp; Go!.<\/p>","protected":false},"excerpt":{"rendered":"<p>Carro de almacenamiento HUB 6 cajones &#8211; 26 pulg. &#8211; Colores: Negro \/ Naranja &#8211; Bahco Detalles del producto El carro de herramientas de 5 cajones para trabajo pesado se basa en una construcci\u00f3n estructural de caja de doble pared de chapa de acero Los cajones completamente abiertos equipados con deslizadores de rodamientos a bolas [&hellip;]<\/p>\n","protected":false},"featured_media":20707,"template":"","meta":[],"product_cat":[191],"product_tag":[338,312,341,340,307,339],"class_list":{"0":"post-21091","1":"product","2":"type-product","3":"status-publish","4":"has-post-thumbnail","6":"product_brand-herramientas-bahco-todo-para-tu-taller-herramientas-de-mano","7":"product_cat-maquinas-y-herramientas","8":"product_tag-carro-de-herramientas","9":"product_tag-herramientas-de-mano","10":"product_tag-industria","11":"product_tag-mecanicos","12":"product_tag-taller-mecanico","13":"product_tag-talleres","15":"first","16":"instock","17":"taxable","18":"shipping-taxable","19":"purchasable","20":"product-type-simple","21":"add-to-wishlist-after_add_to_cart"},"yoast_head":"<!-- This site is optimized with the Yoast SEO Premium plugin v26.9 (Yoast SEO v26.9) - https:\/\/yoast.com\/product\/yoast-seo-premium-wordpress\/ -->\n<title>Carro de almacenamiento HUB - 6 cajones - Bahco - SoyMat \u2013 Seguridad Industrial<\/title>\n<meta name=\"robots\" content=\"index, follow, max-snippet:-1, max-image-preview:large, max-video-preview:-1\" \/>\n<link rel=\"canonical\" href=\"https:\/\/soymat.com\/es\/producto\/carro-de-almacenamiento-hub-5-cajones-bahco\/\" \/>\n<meta property=\"og:locale\" content=\"es_ES\" \/>\n<meta property=\"og:type\" content=\"article\" \/>\n<meta property=\"og:title\" content=\"Carro de almacenamiento HUB - 6 cajones - Bahco\" \/>\n<meta property=\"og:description\" content=\"Carro de almacenamiento HUB 6 cajones &#8211; 26 pulg. &#8211; Colores: Negro \/ Naranja &#8211; Bahco Detalles del producto El carro de herramientas de 5 cajones para trabajo pesado se basa en una construcci\u00f3n estructural de caja de doble pared de chapa de acero Los cajones completamente abiertos equipados con deslizadores de rodamientos a bolas [&hellip;]\" \/>\n<meta property=\"og:url\" content=\"https:\/\/soymat.com\/es\/producto\/carro-de-almacenamiento-hub-5-cajones-bahco\/\" \/>\n<meta property=\"og:site_name\" content=\"SoyMat \u2013 Seguridad Industrial\" \/>\n<meta property=\"article:modified_time\" content=\"2026-02-03T22:06:15+00:00\" \/>\n<meta property=\"og:image\" content=\"https:\/\/soymat.com\/wp-content\/uploads\/2024\/12\/carro_1472K5_01-negro.jpg\" \/>\n\t<meta property=\"og:image:width\" content=\"1200\" \/>\n\t<meta property=\"og:image:height\" content=\"1200\" \/>\n\t<meta property=\"og:image:type\" content=\"image\/jpeg\" \/>\n<meta name=\"twitter:card\" content=\"summary_large_image\" \/>\n<meta name=\"twitter:label1\" content=\"Tiempo de lectura\" \/>\n\t<meta name=\"twitter:data1\" content=\"1 minuto\" \/>\n<script type=\"application\/ld+json\" class=\"yoast-schema-graph\">{\"@context\":\"https:\/\/schema.org\",\"@graph\":[{\"@type\":\"WebPage\",\"@id\":\"https:\/\/soymat.com\/producto\/carro-de-almacenamiento-hub-5-cajones-bahco\/\",\"url\":\"https:\/\/soymat.com\/producto\/carro-de-almacenamiento-hub-5-cajones-bahco\/\",\"name\":\"Carro de almacenamiento HUB - 6 cajones - Bahco - SoyMat \u2013 Seguridad Industrial\",\"isPartOf\":{\"@id\":\"https:\/\/soymat.com\/#website\"},\"primaryImageOfPage\":{\"@id\":\"https:\/\/soymat.com\/producto\/carro-de-almacenamiento-hub-5-cajones-bahco\/#primaryimage\"},\"image\":{\"@id\":\"https:\/\/soymat.com\/producto\/carro-de-almacenamiento-hub-5-cajones-bahco\/#primaryimage\"},\"thumbnailUrl\":\"https:\/\/soymat.com\/wp-content\/uploads\/2024\/12\/carro_1472K5_01-negro.jpg\",\"datePublished\":\"2025-01-29T13:54:42+00:00\",\"dateModified\":\"2026-02-03T22:06:15+00:00\",\"breadcrumb\":{\"@id\":\"https:\/\/soymat.com\/producto\/carro-de-almacenamiento-hub-5-cajones-bahco\/#breadcrumb\"},\"inLanguage\":\"es-AR\",\"potentialAction\":[{\"@type\":\"ReadAction\",\"target\":[\"https:\/\/soymat.com\/producto\/carro-de-almacenamiento-hub-5-cajones-bahco\/\"]}]},{\"@type\":\"ImageObject\",\"inLanguage\":\"es-AR\",\"@id\":\"https:\/\/soymat.com\/producto\/carro-de-almacenamiento-hub-5-cajones-bahco\/#primaryimage\",\"url\":\"https:\/\/soymat.com\/wp-content\/uploads\/2024\/12\/carro_1472K5_01-negro.jpg\",\"contentUrl\":\"https:\/\/soymat.com\/wp-content\/uploads\/2024\/12\/carro_1472K5_01-negro.jpg\",\"width\":1200,\"height\":1200},{\"@type\":\"BreadcrumbList\",\"@id\":\"https:\/\/soymat.com\/producto\/carro-de-almacenamiento-hub-5-cajones-bahco\/#breadcrumb\",\"itemListElement\":[{\"@type\":\"ListItem\",\"position\":1,\"name\":\"Portada\",\"item\":\"https:\/\/soymat.com\/\"},{\"@type\":\"ListItem\",\"position\":2,\"name\":\"Todos los Productos\",\"item\":\"https:\/\/soymat.com\/shop\/\"},{\"@type\":\"ListItem\",\"position\":3,\"name\":\"Carro de almacenamiento HUB &#8211; 6 cajones &#8211; Bahco\"}]},{\"@type\":\"WebSite\",\"@id\":\"https:\/\/soymat.com\/#website\",\"url\":\"https:\/\/soymat.com\/\",\"name\":\"So&Mat\",\"description\":\"Empresa Dedicada a la protecci\u00f3n global contra incendio . matafuegos redes bombas,venta instalaci\u00f3n y service, protecci\u00f3n y confort laboral en todo concepto.\",\"publisher\":{\"@id\":\"https:\/\/soymat.com\/#organization\"},\"alternateName\":\"So&Mat\",\"potentialAction\":[{\"@type\":\"SearchAction\",\"target\":{\"@type\":\"EntryPoint\",\"urlTemplate\":\"https:\/\/soymat.com\/?s={search_term_string}\"},\"query-input\":{\"@type\":\"PropertyValueSpecification\",\"valueRequired\":true,\"valueName\":\"search_term_string\"}}],\"inLanguage\":\"es-AR\"},{\"@type\":\"Organization\",\"@id\":\"https:\/\/soymat.com\/#organization\",\"name\":\"So&Mat\",\"url\":\"https:\/\/soymat.com\/\",\"logo\":{\"@type\":\"ImageObject\",\"inLanguage\":\"es-AR\",\"@id\":\"https:\/\/soymat.com\/#\/schema\/logo\/image\/\",\"url\":\"https:\/\/soymat.com\/wp-content\/uploads\/2024\/08\/SoyMat.jpg\",\"contentUrl\":\"https:\/\/soymat.com\/wp-content\/uploads\/2024\/08\/SoyMat.jpg\",\"width\":600,\"height\":236,\"caption\":\"So&Mat\"},\"image\":{\"@id\":\"https:\/\/soymat.com\/#\/schema\/logo\/image\/\"}}]}<\/script>\n<!-- \/ Yoast SEO Premium plugin. -->","yoast_head_json":{"title":"Carro de almacenamiento HUB - 6 cajones - Bahco - SoyMat \u2013 Seguridad Industrial","robots":{"index":"index","follow":"follow","max-snippet":"max-snippet:-1","max-image-preview":"max-image-preview:large","max-video-preview":"max-video-preview:-1"},"canonical":"https:\/\/soymat.com\/es\/producto\/carro-de-almacenamiento-hub-5-cajones-bahco\/","og_locale":"es_ES","og_type":"article","og_title":"Carro de almacenamiento HUB - 6 cajones - Bahco","og_description":"Carro de almacenamiento HUB 6 cajones &#8211; 26 pulg. &#8211; Colores: Negro \/ Naranja &#8211; Bahco Detalles del producto El carro de herramientas de 5 cajones para trabajo pesado se basa en una construcci\u00f3n estructural de caja de doble pared de chapa de acero Los cajones completamente abiertos equipados con deslizadores de rodamientos a bolas [&hellip;]","og_url":"https:\/\/soymat.com\/es\/producto\/carro-de-almacenamiento-hub-5-cajones-bahco\/","og_site_name":"SoyMat \u2013 Seguridad Industrial","article_modified_time":"2026-02-03T22:06:15+00:00","og_image":[{"width":1200,"height":1200,"url":"https:\/\/soymat.com\/wp-content\/uploads\/2024\/12\/carro_1472K5_01-negro.jpg","type":"image\/jpeg"}],"twitter_card":"summary_large_image","twitter_misc":{"Tiempo de lectura":"1 minuto"},"schema":{"@context":"https:\/\/schema.org","@graph":[{"@type":"WebPage","@id":"https:\/\/soymat.com\/producto\/carro-de-almacenamiento-hub-5-cajones-bahco\/","url":"https:\/\/soymat.com\/producto\/carro-de-almacenamiento-hub-5-cajones-bahco\/","name":"Carro de almacenamiento HUB - 6 cajones - Bahco - SoyMat \u2013 Seguridad Industrial","isPartOf":{"@id":"https:\/\/soymat.com\/#website"},"primaryImageOfPage":{"@id":"https:\/\/soymat.com\/producto\/carro-de-almacenamiento-hub-5-cajones-bahco\/#primaryimage"},"image":{"@id":"https:\/\/soymat.com\/producto\/carro-de-almacenamiento-hub-5-cajones-bahco\/#primaryimage"},"thumbnailUrl":"https:\/\/soymat.com\/wp-content\/uploads\/2024\/12\/carro_1472K5_01-negro.jpg","datePublished":"2025-01-29T13:54:42+00:00","dateModified":"2026-02-03T22:06:15+00:00","breadcrumb":{"@id":"https:\/\/soymat.com\/producto\/carro-de-almacenamiento-hub-5-cajones-bahco\/#breadcrumb"},"inLanguage":"es-AR","potentialAction":[{"@type":"ReadAction","target":["https:\/\/soymat.com\/producto\/carro-de-almacenamiento-hub-5-cajones-bahco\/"]}]},{"@type":"ImageObject","inLanguage":"es-AR","@id":"https:\/\/soymat.com\/producto\/carro-de-almacenamiento-hub-5-cajones-bahco\/#primaryimage","url":"https:\/\/soymat.com\/wp-content\/uploads\/2024\/12\/carro_1472K5_01-negro.jpg","contentUrl":"https:\/\/soymat.com\/wp-content\/uploads\/2024\/12\/carro_1472K5_01-negro.jpg","width":1200,"height":1200},{"@type":"BreadcrumbList","@id":"https:\/\/soymat.com\/producto\/carro-de-almacenamiento-hub-5-cajones-bahco\/#breadcrumb","itemListElement":[{"@type":"ListItem","position":1,"name":"Portada","item":"https:\/\/soymat.com\/"},{"@type":"ListItem","position":2,"name":"Todos los Productos","item":"https:\/\/soymat.com\/shop\/"},{"@type":"ListItem","position":3,"name":"Carro de almacenamiento HUB &#8211; 6 cajones &#8211; Bahco"}]},{"@type":"WebSite","@id":"https:\/\/soymat.com\/#website","url":"https:\/\/soymat.com\/","name":"So&Mat","description":"Empresa Dedicada a la protecci\u00f3n global contra incendio . matafuegos redes bombas,venta instalaci\u00f3n y service, protecci\u00f3n y confort laboral en todo concepto.","publisher":{"@id":"https:\/\/soymat.com\/#organization"},"alternateName":"So&Mat","potentialAction":[{"@type":"SearchAction","target":{"@type":"EntryPoint","urlTemplate":"https:\/\/soymat.com\/?s={search_term_string}"},"query-input":{"@type":"PropertyValueSpecification","valueRequired":true,"valueName":"search_term_string"}}],"inLanguage":"es-AR"},{"@type":"Organization","@id":"https:\/\/soymat.com\/#organization","name":"So&Mat","url":"https:\/\/soymat.com\/","logo":{"@type":"ImageObject","inLanguage":"es-AR","@id":"https:\/\/soymat.com\/#\/schema\/logo\/image\/","url":"https:\/\/soymat.com\/wp-content\/uploads\/2024\/08\/SoyMat.jpg","contentUrl":"https:\/\/soymat.com\/wp-content\/uploads\/2024\/08\/SoyMat.jpg","width":600,"height":236,"caption":"So&Mat"},"image":{"@id":"https:\/\/soymat.com\/#\/schema\/logo\/image\/"}}]}},"_links":{"self":[{"href":"https:\/\/soymat.com\/es\/wp-json\/wp\/v2\/product\/21091","targetHints":{"allow":["GET"]}}],"collection":[{"href":"https:\/\/soymat.com\/es\/wp-json\/wp\/v2\/product"}],"about":[{"href":"https:\/\/soymat.com\/es\/wp-json\/wp\/v2\/types\/product"}],"wp:featuredmedia":[{"embeddable":true,"href":"https:\/\/soymat.com\/es\/wp-json\/wp\/v2\/media\/20707"}],"wp:attachment":[{"href":"https:\/\/soymat.com\/es\/wp-json\/wp\/v2\/media?parent=21091"}],"wp:term":[{"taxonomy":"product_cat","embeddable":true,"href":"https:\/\/soymat.com\/es\/wp-json\/wp\/v2\/product_cat?post=21091"},{"taxonomy":"product_tag","embeddable":true,"href":"https:\/\/soymat.com\/es\/wp-json\/wp\/v2\/product_tag?post=21091"}],"curies":[{"name":"wp","href":"https:\/\/api.w.org\/{rel}","templated":true}]}}