{"id":21093,"date":"2025-01-29T16:56:41","date_gmt":"2025-01-29T19:56:41","guid":{"rendered":"https:\/\/soymat.com\/?post_type=product&#038;p=21093"},"modified":"2026-02-04T19:08:06","modified_gmt":"2026-02-04T22:08:06","slug":"juego-de-58-bocallaves-hexagonales-de-1-4-1-2","status":"publish","type":"product","link":"https:\/\/soymat.com\/es\/producto\/juego-de-58-bocallaves-hexagonales-de-1-4-1-2\/","title":{"rendered":"Juego de 58 bocallaves hexagonales de 1\/4&#8243;-1\/2&#8243;"},"content":{"rendered":"<p><strong>Juego de 58 bocallaves hexagonales de 1\/4&#8243;-1\/2&#8243;<\/strong><\/p>\n<p>Cod: 129-58-4<\/p>\n<p>Detalles del producto<br \/>\nJuego de 58 bocallaves.<br \/>\nBocallaves hexagonales en dimensiones m\u00e9tricas.<br \/>\nAleaci\u00f3n de acero al cromo vanadio.<br \/>\nAcabado cromado brillante.<br \/>\nCaja de polietileno de alta densidad.<br \/>\nCaja con cierres de metal.<br \/>\nNormas: DIN3120, DIN3124 y DIN3122.<\/p>\n<p>&nbsp;<\/p>\n<p>&nbsp;<\/p>","protected":false},"excerpt":{"rendered":"<p>Juego de 58 bocallaves hexagonales de 1\/4&#8243;-1\/2&#8243; Cod: 129-58-4 Detalles del producto Juego de 58 bocallaves. Bocallaves hexagonales en dimensiones m\u00e9tricas. Aleaci\u00f3n de acero al cromo vanadio. Acabado cromado brillante. Caja de polietileno de alta densidad. Caja con cierres de metal. Normas: DIN3120, DIN3124 y DIN3122. &nbsp; &nbsp;<\/p>","protected":false},"featured_media":21095,"template":"","meta":[],"product_cat":[191],"product_tag":[345,343,341,346,344,307],"class_list":{"0":"post-21093","1":"product","2":"type-product","3":"status-publish","4":"has-post-thumbnail","6":"product_brand-irimo-herramientas-y-equipamientos-manuales","7":"product_cat-maquinas-y-herramientas","8":"product_tag-automotores","9":"product_tag-herramientas-manuales","10":"product_tag-industria","11":"product_tag-mecanica-general","12":"product_tag-metalurgia","13":"product_tag-taller-mecanico","15":"first","16":"instock","17":"taxable","18":"shipping-taxable","19":"purchasable","20":"product-type-simple","21":"add-to-wishlist-after_add_to_cart"},"yoast_head":"<!-- This site is optimized with the Yoast SEO Premium plugin v26.9 (Yoast SEO v26.9) - https:\/\/yoast.com\/product\/yoast-seo-premium-wordpress\/ -->\n<title>Juego de 58 bocallaves hexagonales de 1\/4&quot;-1\/2&quot; - SoyMat \u2013 Seguridad Industrial<\/title>\n<meta name=\"robots\" content=\"index, follow, max-snippet:-1, max-image-preview:large, max-video-preview:-1\" \/>\n<link rel=\"canonical\" href=\"https:\/\/soymat.com\/es\/producto\/juego-de-58-bocallaves-hexagonales-de-1-4-1-2\/\" \/>\n<meta property=\"og:locale\" content=\"es_ES\" \/>\n<meta property=\"og:type\" content=\"article\" \/>\n<meta property=\"og:title\" content=\"Juego de 58 bocallaves hexagonales de 1\/4&quot;-1\/2&quot;\" \/>\n<meta property=\"og:description\" content=\"Juego de 58 bocallaves hexagonales de 1\/4&#8243;-1\/2&#8243; Cod: 129-58-4 Detalles del producto Juego de 58 bocallaves. Bocallaves hexagonales en dimensiones m\u00e9tricas. Aleaci\u00f3n de acero al cromo vanadio. Acabado cromado brillante. Caja de polietileno de alta densidad. Caja con cierres de metal. Normas: DIN3120, DIN3124 y DIN3122. &nbsp; &nbsp;\" \/>\n<meta property=\"og:url\" content=\"https:\/\/soymat.com\/es\/producto\/juego-de-58-bocallaves-hexagonales-de-1-4-1-2\/\" \/>\n<meta property=\"og:site_name\" content=\"SoyMat \u2013 Seguridad Industrial\" \/>\n<meta property=\"article:modified_time\" content=\"2026-02-04T22:08:06+00:00\" \/>\n<meta property=\"og:image\" content=\"https:\/\/soymat.com\/wp-content\/uploads\/2025\/01\/129-58-4.jpg\" \/>\n\t<meta property=\"og:image:width\" content=\"1200\" \/>\n\t<meta property=\"og:image:height\" content=\"1200\" \/>\n\t<meta property=\"og:image:type\" content=\"image\/jpeg\" \/>\n<meta name=\"twitter:card\" content=\"summary_large_image\" \/>\n<meta name=\"twitter:label1\" content=\"Tiempo de lectura\" \/>\n\t<meta name=\"twitter:data1\" content=\"1 minuto\" \/>\n<script type=\"application\/ld+json\" class=\"yoast-schema-graph\">{\"@context\":\"https:\/\/schema.org\",\"@graph\":[{\"@type\":\"WebPage\",\"@id\":\"https:\/\/soymat.com\/producto\/juego-de-58-bocallaves-hexagonales-de-1-4-1-2\/\",\"url\":\"https:\/\/soymat.com\/producto\/juego-de-58-bocallaves-hexagonales-de-1-4-1-2\/\",\"name\":\"Juego de 58 bocallaves hexagonales de 1\/4\\\"-1\/2\\\" - SoyMat \u2013 Seguridad Industrial\",\"isPartOf\":{\"@id\":\"https:\/\/soymat.com\/#website\"},\"primaryImageOfPage\":{\"@id\":\"https:\/\/soymat.com\/producto\/juego-de-58-bocallaves-hexagonales-de-1-4-1-2\/#primaryimage\"},\"image\":{\"@id\":\"https:\/\/soymat.com\/producto\/juego-de-58-bocallaves-hexagonales-de-1-4-1-2\/#primaryimage\"},\"thumbnailUrl\":\"https:\/\/soymat.com\/wp-content\/uploads\/2025\/01\/129-58-4.jpg\",\"datePublished\":\"2025-01-29T19:56:41+00:00\",\"dateModified\":\"2026-02-04T22:08:06+00:00\",\"breadcrumb\":{\"@id\":\"https:\/\/soymat.com\/producto\/juego-de-58-bocallaves-hexagonales-de-1-4-1-2\/#breadcrumb\"},\"inLanguage\":\"es-AR\",\"potentialAction\":[{\"@type\":\"ReadAction\",\"target\":[\"https:\/\/soymat.com\/producto\/juego-de-58-bocallaves-hexagonales-de-1-4-1-2\/\"]}]},{\"@type\":\"ImageObject\",\"inLanguage\":\"es-AR\",\"@id\":\"https:\/\/soymat.com\/producto\/juego-de-58-bocallaves-hexagonales-de-1-4-1-2\/#primaryimage\",\"url\":\"https:\/\/soymat.com\/wp-content\/uploads\/2025\/01\/129-58-4.jpg\",\"contentUrl\":\"https:\/\/soymat.com\/wp-content\/uploads\/2025\/01\/129-58-4.jpg\",\"width\":1200,\"height\":1200},{\"@type\":\"BreadcrumbList\",\"@id\":\"https:\/\/soymat.com\/producto\/juego-de-58-bocallaves-hexagonales-de-1-4-1-2\/#breadcrumb\",\"itemListElement\":[{\"@type\":\"ListItem\",\"position\":1,\"name\":\"Portada\",\"item\":\"https:\/\/soymat.com\/\"},{\"@type\":\"ListItem\",\"position\":2,\"name\":\"Todos los Productos\",\"item\":\"https:\/\/soymat.com\/shop\/\"},{\"@type\":\"ListItem\",\"position\":3,\"name\":\"Juego de 58 bocallaves hexagonales de 1\/4&#8243;-1\/2&#8243;\"}]},{\"@type\":\"WebSite\",\"@id\":\"https:\/\/soymat.com\/#website\",\"url\":\"https:\/\/soymat.com\/\",\"name\":\"So&Mat\",\"description\":\"Empresa Dedicada a la protecci\u00f3n global contra incendio . matafuegos redes bombas,venta instalaci\u00f3n y service, protecci\u00f3n y confort laboral en todo concepto.\",\"publisher\":{\"@id\":\"https:\/\/soymat.com\/#organization\"},\"alternateName\":\"So&Mat\",\"potentialAction\":[{\"@type\":\"SearchAction\",\"target\":{\"@type\":\"EntryPoint\",\"urlTemplate\":\"https:\/\/soymat.com\/?s={search_term_string}\"},\"query-input\":{\"@type\":\"PropertyValueSpecification\",\"valueRequired\":true,\"valueName\":\"search_term_string\"}}],\"inLanguage\":\"es-AR\"},{\"@type\":\"Organization\",\"@id\":\"https:\/\/soymat.com\/#organization\",\"name\":\"So&Mat\",\"url\":\"https:\/\/soymat.com\/\",\"logo\":{\"@type\":\"ImageObject\",\"inLanguage\":\"es-AR\",\"@id\":\"https:\/\/soymat.com\/#\/schema\/logo\/image\/\",\"url\":\"https:\/\/soymat.com\/wp-content\/uploads\/2024\/08\/SoyMat.jpg\",\"contentUrl\":\"https:\/\/soymat.com\/wp-content\/uploads\/2024\/08\/SoyMat.jpg\",\"width\":600,\"height\":236,\"caption\":\"So&Mat\"},\"image\":{\"@id\":\"https:\/\/soymat.com\/#\/schema\/logo\/image\/\"}}]}<\/script>\n<!-- \/ Yoast SEO Premium plugin. -->","yoast_head_json":{"title":"Juego de 58 bocallaves hexagonales de 1\/4\"-1\/2\" - SoyMat \u2013 Seguridad Industrial","robots":{"index":"index","follow":"follow","max-snippet":"max-snippet:-1","max-image-preview":"max-image-preview:large","max-video-preview":"max-video-preview:-1"},"canonical":"https:\/\/soymat.com\/es\/producto\/juego-de-58-bocallaves-hexagonales-de-1-4-1-2\/","og_locale":"es_ES","og_type":"article","og_title":"Juego de 58 bocallaves hexagonales de 1\/4\"-1\/2\"","og_description":"Juego de 58 bocallaves hexagonales de 1\/4&#8243;-1\/2&#8243; Cod: 129-58-4 Detalles del producto Juego de 58 bocallaves. Bocallaves hexagonales en dimensiones m\u00e9tricas. Aleaci\u00f3n de acero al cromo vanadio. Acabado cromado brillante. Caja de polietileno de alta densidad. Caja con cierres de metal. Normas: DIN3120, DIN3124 y DIN3122. &nbsp; &nbsp;","og_url":"https:\/\/soymat.com\/es\/producto\/juego-de-58-bocallaves-hexagonales-de-1-4-1-2\/","og_site_name":"SoyMat \u2013 Seguridad Industrial","article_modified_time":"2026-02-04T22:08:06+00:00","og_image":[{"width":1200,"height":1200,"url":"https:\/\/soymat.com\/wp-content\/uploads\/2025\/01\/129-58-4.jpg","type":"image\/jpeg"}],"twitter_card":"summary_large_image","twitter_misc":{"Tiempo de lectura":"1 minuto"},"schema":{"@context":"https:\/\/schema.org","@graph":[{"@type":"WebPage","@id":"https:\/\/soymat.com\/producto\/juego-de-58-bocallaves-hexagonales-de-1-4-1-2\/","url":"https:\/\/soymat.com\/producto\/juego-de-58-bocallaves-hexagonales-de-1-4-1-2\/","name":"Juego de 58 bocallaves hexagonales de 1\/4\"-1\/2\" - SoyMat \u2013 Seguridad Industrial","isPartOf":{"@id":"https:\/\/soymat.com\/#website"},"primaryImageOfPage":{"@id":"https:\/\/soymat.com\/producto\/juego-de-58-bocallaves-hexagonales-de-1-4-1-2\/#primaryimage"},"image":{"@id":"https:\/\/soymat.com\/producto\/juego-de-58-bocallaves-hexagonales-de-1-4-1-2\/#primaryimage"},"thumbnailUrl":"https:\/\/soymat.com\/wp-content\/uploads\/2025\/01\/129-58-4.jpg","datePublished":"2025-01-29T19:56:41+00:00","dateModified":"2026-02-04T22:08:06+00:00","breadcrumb":{"@id":"https:\/\/soymat.com\/producto\/juego-de-58-bocallaves-hexagonales-de-1-4-1-2\/#breadcrumb"},"inLanguage":"es-AR","potentialAction":[{"@type":"ReadAction","target":["https:\/\/soymat.com\/producto\/juego-de-58-bocallaves-hexagonales-de-1-4-1-2\/"]}]},{"@type":"ImageObject","inLanguage":"es-AR","@id":"https:\/\/soymat.com\/producto\/juego-de-58-bocallaves-hexagonales-de-1-4-1-2\/#primaryimage","url":"https:\/\/soymat.com\/wp-content\/uploads\/2025\/01\/129-58-4.jpg","contentUrl":"https:\/\/soymat.com\/wp-content\/uploads\/2025\/01\/129-58-4.jpg","width":1200,"height":1200},{"@type":"BreadcrumbList","@id":"https:\/\/soymat.com\/producto\/juego-de-58-bocallaves-hexagonales-de-1-4-1-2\/#breadcrumb","itemListElement":[{"@type":"ListItem","position":1,"name":"Portada","item":"https:\/\/soymat.com\/"},{"@type":"ListItem","position":2,"name":"Todos los Productos","item":"https:\/\/soymat.com\/shop\/"},{"@type":"ListItem","position":3,"name":"Juego de 58 bocallaves hexagonales de 1\/4&#8243;-1\/2&#8243;"}]},{"@type":"WebSite","@id":"https:\/\/soymat.com\/#website","url":"https:\/\/soymat.com\/","name":"So&Mat","description":"Empresa Dedicada a la protecci\u00f3n global contra incendio . matafuegos redes bombas,venta instalaci\u00f3n y service, protecci\u00f3n y confort laboral en todo concepto.","publisher":{"@id":"https:\/\/soymat.com\/#organization"},"alternateName":"So&Mat","potentialAction":[{"@type":"SearchAction","target":{"@type":"EntryPoint","urlTemplate":"https:\/\/soymat.com\/?s={search_term_string}"},"query-input":{"@type":"PropertyValueSpecification","valueRequired":true,"valueName":"search_term_string"}}],"inLanguage":"es-AR"},{"@type":"Organization","@id":"https:\/\/soymat.com\/#organization","name":"So&Mat","url":"https:\/\/soymat.com\/","logo":{"@type":"ImageObject","inLanguage":"es-AR","@id":"https:\/\/soymat.com\/#\/schema\/logo\/image\/","url":"https:\/\/soymat.com\/wp-content\/uploads\/2024\/08\/SoyMat.jpg","contentUrl":"https:\/\/soymat.com\/wp-content\/uploads\/2024\/08\/SoyMat.jpg","width":600,"height":236,"caption":"So&Mat"},"image":{"@id":"https:\/\/soymat.com\/#\/schema\/logo\/image\/"}}]}},"_links":{"self":[{"href":"https:\/\/soymat.com\/es\/wp-json\/wp\/v2\/product\/21093","targetHints":{"allow":["GET"]}}],"collection":[{"href":"https:\/\/soymat.com\/es\/wp-json\/wp\/v2\/product"}],"about":[{"href":"https:\/\/soymat.com\/es\/wp-json\/wp\/v2\/types\/product"}],"wp:featuredmedia":[{"embeddable":true,"href":"https:\/\/soymat.com\/es\/wp-json\/wp\/v2\/media\/21095"}],"wp:attachment":[{"href":"https:\/\/soymat.com\/es\/wp-json\/wp\/v2\/media?parent=21093"}],"wp:term":[{"taxonomy":"product_cat","embeddable":true,"href":"https:\/\/soymat.com\/es\/wp-json\/wp\/v2\/product_cat?post=21093"},{"taxonomy":"product_tag","embeddable":true,"href":"https:\/\/soymat.com\/es\/wp-json\/wp\/v2\/product_tag?post=21093"}],"curies":[{"name":"wp","href":"https:\/\/api.w.org\/{rel}","templated":true}]}}