{"id":21103,"date":"2025-01-29T17:07:58","date_gmt":"2025-01-29T20:07:58","guid":{"rendered":"https:\/\/soymat.com\/?post_type=product&#038;p=21103"},"modified":"2026-02-04T19:08:01","modified_gmt":"2026-02-04T22:08:01","slug":"juego-de-bocallaves-hexagonales-y-llaves-de-1-2-33-piezas","status":"publish","type":"product","link":"https:\/\/soymat.com\/es\/producto\/juego-de-bocallaves-hexagonales-y-llaves-de-1-2-33-piezas\/","title":{"rendered":"Juego de bocallaves hexagonales y llaves de 1\/2&#8243; &#8211; 33 piezas"},"content":{"rendered":"<p><strong>Juego de bocallaves hexagonales y llaves de 1\/2&#8243;, mm, 33 piezas<\/strong><br \/>\nCodigo: 129-33W-4<\/p>\n<p>Detalles del producto<br \/>\nJuego de 33 bocallaves y llaves.<br \/>\nBocallaves hexagonales en dimensiones m\u00e9tricas.<br \/>\nLlaves combinadas en dimensiones m\u00e9tricas.<br \/>\nAleaci\u00f3n de acero al cromo vanadio.<br \/>\nAcabado cromado brillante.<br \/>\nCaja de polietileno de alta densidad.<br \/>\nCaja con cierres de metal.<br \/>\nNormas: DIN3120, DIN3124 y DIN3122.<\/p>","protected":false},"excerpt":{"rendered":"<p>Juego de bocallaves hexagonales y llaves de 1\/2&#8243;, mm, 33 piezas Codigo: 129-33W-4 Detalles del producto Juego de 33 bocallaves y llaves. Bocallaves hexagonales en dimensiones m\u00e9tricas. Llaves combinadas en dimensiones m\u00e9tricas. Aleaci\u00f3n de acero al cromo vanadio. Acabado cromado brillante. Caja de polietileno de alta densidad. Caja con cierres de metal. Normas: DIN3120, DIN3124 [&hellip;]<\/p>\n","protected":false},"featured_media":21106,"template":"","meta":[],"product_cat":[191],"product_tag":[312,349,350,208,346,307],"class_list":{"0":"post-21103","1":"product","2":"type-product","3":"status-publish","4":"has-post-thumbnail","6":"product_brand-irimo-herramientas-y-equipamientos-manuales","7":"product_cat-maquinas-y-herramientas","8":"product_tag-herramientas-de-mano","9":"product_tag-juego-de-bocallaves","10":"product_tag-maletin-herramientas","11":"product_tag-maquinas-y-herramientas","12":"product_tag-mecanica-general","13":"product_tag-taller-mecanico","15":"first","16":"instock","17":"featured","18":"taxable","19":"shipping-taxable","20":"purchasable","21":"product-type-simple","22":"add-to-wishlist-after_add_to_cart"},"yoast_head":"<!-- This site is optimized with the Yoast SEO Premium plugin v26.9 (Yoast SEO v26.9) - https:\/\/yoast.com\/product\/yoast-seo-premium-wordpress\/ -->\n<title>Juego de bocallaves hexagonales y llaves de 1\/2&quot; - 33 piezas - SoyMat \u2013 Seguridad Industrial<\/title>\n<meta name=\"robots\" content=\"index, follow, max-snippet:-1, max-image-preview:large, max-video-preview:-1\" \/>\n<link rel=\"canonical\" href=\"https:\/\/soymat.com\/es\/producto\/juego-de-bocallaves-hexagonales-y-llaves-de-1-2-33-piezas\/\" \/>\n<meta property=\"og:locale\" content=\"es_ES\" \/>\n<meta property=\"og:type\" content=\"article\" \/>\n<meta property=\"og:title\" content=\"Juego de bocallaves hexagonales y llaves de 1\/2&quot; - 33 piezas\" \/>\n<meta property=\"og:description\" content=\"Juego de bocallaves hexagonales y llaves de 1\/2&#8243;, mm, 33 piezas Codigo: 129-33W-4 Detalles del producto Juego de 33 bocallaves y llaves. Bocallaves hexagonales en dimensiones m\u00e9tricas. Llaves combinadas en dimensiones m\u00e9tricas. Aleaci\u00f3n de acero al cromo vanadio. Acabado cromado brillante. Caja de polietileno de alta densidad. Caja con cierres de metal. Normas: DIN3120, DIN3124 [&hellip;]\" \/>\n<meta property=\"og:url\" content=\"https:\/\/soymat.com\/es\/producto\/juego-de-bocallaves-hexagonales-y-llaves-de-1-2-33-piezas\/\" \/>\n<meta property=\"og:site_name\" content=\"SoyMat \u2013 Seguridad Industrial\" \/>\n<meta property=\"article:modified_time\" content=\"2026-02-04T22:08:01+00:00\" \/>\n<meta property=\"og:image\" content=\"https:\/\/soymat.com\/wp-content\/uploads\/2025\/01\/129-33W-4.jpg\" \/>\n\t<meta property=\"og:image:width\" content=\"1200\" \/>\n\t<meta property=\"og:image:height\" content=\"1200\" \/>\n\t<meta property=\"og:image:type\" content=\"image\/jpeg\" \/>\n<meta name=\"twitter:card\" content=\"summary_large_image\" \/>\n<meta name=\"twitter:label1\" content=\"Tiempo de lectura\" \/>\n\t<meta name=\"twitter:data1\" content=\"1 minuto\" \/>\n<script type=\"application\/ld+json\" class=\"yoast-schema-graph\">{\"@context\":\"https:\/\/schema.org\",\"@graph\":[{\"@type\":\"WebPage\",\"@id\":\"https:\/\/soymat.com\/producto\/juego-de-bocallaves-hexagonales-y-llaves-de-1-2-33-piezas\/\",\"url\":\"https:\/\/soymat.com\/producto\/juego-de-bocallaves-hexagonales-y-llaves-de-1-2-33-piezas\/\",\"name\":\"Juego de bocallaves hexagonales y llaves de 1\/2\\\" - 33 piezas - SoyMat \u2013 Seguridad Industrial\",\"isPartOf\":{\"@id\":\"https:\/\/soymat.com\/#website\"},\"primaryImageOfPage\":{\"@id\":\"https:\/\/soymat.com\/producto\/juego-de-bocallaves-hexagonales-y-llaves-de-1-2-33-piezas\/#primaryimage\"},\"image\":{\"@id\":\"https:\/\/soymat.com\/producto\/juego-de-bocallaves-hexagonales-y-llaves-de-1-2-33-piezas\/#primaryimage\"},\"thumbnailUrl\":\"https:\/\/soymat.com\/wp-content\/uploads\/2025\/01\/129-33W-4.jpg\",\"datePublished\":\"2025-01-29T20:07:58+00:00\",\"dateModified\":\"2026-02-04T22:08:01+00:00\",\"breadcrumb\":{\"@id\":\"https:\/\/soymat.com\/producto\/juego-de-bocallaves-hexagonales-y-llaves-de-1-2-33-piezas\/#breadcrumb\"},\"inLanguage\":\"es-AR\",\"potentialAction\":[{\"@type\":\"ReadAction\",\"target\":[\"https:\/\/soymat.com\/producto\/juego-de-bocallaves-hexagonales-y-llaves-de-1-2-33-piezas\/\"]}]},{\"@type\":\"ImageObject\",\"inLanguage\":\"es-AR\",\"@id\":\"https:\/\/soymat.com\/producto\/juego-de-bocallaves-hexagonales-y-llaves-de-1-2-33-piezas\/#primaryimage\",\"url\":\"https:\/\/soymat.com\/wp-content\/uploads\/2025\/01\/129-33W-4.jpg\",\"contentUrl\":\"https:\/\/soymat.com\/wp-content\/uploads\/2025\/01\/129-33W-4.jpg\",\"width\":1200,\"height\":1200},{\"@type\":\"BreadcrumbList\",\"@id\":\"https:\/\/soymat.com\/producto\/juego-de-bocallaves-hexagonales-y-llaves-de-1-2-33-piezas\/#breadcrumb\",\"itemListElement\":[{\"@type\":\"ListItem\",\"position\":1,\"name\":\"Portada\",\"item\":\"https:\/\/soymat.com\/\"},{\"@type\":\"ListItem\",\"position\":2,\"name\":\"Todos los Productos\",\"item\":\"https:\/\/soymat.com\/shop\/\"},{\"@type\":\"ListItem\",\"position\":3,\"name\":\"Juego de bocallaves hexagonales y llaves de 1\/2&#8243; &#8211; 33 piezas\"}]},{\"@type\":\"WebSite\",\"@id\":\"https:\/\/soymat.com\/#website\",\"url\":\"https:\/\/soymat.com\/\",\"name\":\"So&Mat\",\"description\":\"Empresa Dedicada a la protecci\u00f3n global contra incendio . matafuegos redes bombas,venta instalaci\u00f3n y service, protecci\u00f3n y confort laboral en todo concepto.\",\"publisher\":{\"@id\":\"https:\/\/soymat.com\/#organization\"},\"alternateName\":\"So&Mat\",\"potentialAction\":[{\"@type\":\"SearchAction\",\"target\":{\"@type\":\"EntryPoint\",\"urlTemplate\":\"https:\/\/soymat.com\/?s={search_term_string}\"},\"query-input\":{\"@type\":\"PropertyValueSpecification\",\"valueRequired\":true,\"valueName\":\"search_term_string\"}}],\"inLanguage\":\"es-AR\"},{\"@type\":\"Organization\",\"@id\":\"https:\/\/soymat.com\/#organization\",\"name\":\"So&Mat\",\"url\":\"https:\/\/soymat.com\/\",\"logo\":{\"@type\":\"ImageObject\",\"inLanguage\":\"es-AR\",\"@id\":\"https:\/\/soymat.com\/#\/schema\/logo\/image\/\",\"url\":\"https:\/\/soymat.com\/wp-content\/uploads\/2024\/08\/SoyMat.jpg\",\"contentUrl\":\"https:\/\/soymat.com\/wp-content\/uploads\/2024\/08\/SoyMat.jpg\",\"width\":600,\"height\":236,\"caption\":\"So&Mat\"},\"image\":{\"@id\":\"https:\/\/soymat.com\/#\/schema\/logo\/image\/\"}}]}<\/script>\n<!-- \/ Yoast SEO Premium plugin. -->","yoast_head_json":{"title":"Juego de bocallaves hexagonales y llaves de 1\/2\" - 33 piezas - SoyMat \u2013 Seguridad Industrial","robots":{"index":"index","follow":"follow","max-snippet":"max-snippet:-1","max-image-preview":"max-image-preview:large","max-video-preview":"max-video-preview:-1"},"canonical":"https:\/\/soymat.com\/es\/producto\/juego-de-bocallaves-hexagonales-y-llaves-de-1-2-33-piezas\/","og_locale":"es_ES","og_type":"article","og_title":"Juego de bocallaves hexagonales y llaves de 1\/2\" - 33 piezas","og_description":"Juego de bocallaves hexagonales y llaves de 1\/2&#8243;, mm, 33 piezas Codigo: 129-33W-4 Detalles del producto Juego de 33 bocallaves y llaves. Bocallaves hexagonales en dimensiones m\u00e9tricas. Llaves combinadas en dimensiones m\u00e9tricas. Aleaci\u00f3n de acero al cromo vanadio. Acabado cromado brillante. Caja de polietileno de alta densidad. Caja con cierres de metal. Normas: DIN3120, DIN3124 [&hellip;]","og_url":"https:\/\/soymat.com\/es\/producto\/juego-de-bocallaves-hexagonales-y-llaves-de-1-2-33-piezas\/","og_site_name":"SoyMat \u2013 Seguridad Industrial","article_modified_time":"2026-02-04T22:08:01+00:00","og_image":[{"width":1200,"height":1200,"url":"https:\/\/soymat.com\/wp-content\/uploads\/2025\/01\/129-33W-4.jpg","type":"image\/jpeg"}],"twitter_card":"summary_large_image","twitter_misc":{"Tiempo de lectura":"1 minuto"},"schema":{"@context":"https:\/\/schema.org","@graph":[{"@type":"WebPage","@id":"https:\/\/soymat.com\/producto\/juego-de-bocallaves-hexagonales-y-llaves-de-1-2-33-piezas\/","url":"https:\/\/soymat.com\/producto\/juego-de-bocallaves-hexagonales-y-llaves-de-1-2-33-piezas\/","name":"Juego de bocallaves hexagonales y llaves de 1\/2\" - 33 piezas - SoyMat \u2013 Seguridad Industrial","isPartOf":{"@id":"https:\/\/soymat.com\/#website"},"primaryImageOfPage":{"@id":"https:\/\/soymat.com\/producto\/juego-de-bocallaves-hexagonales-y-llaves-de-1-2-33-piezas\/#primaryimage"},"image":{"@id":"https:\/\/soymat.com\/producto\/juego-de-bocallaves-hexagonales-y-llaves-de-1-2-33-piezas\/#primaryimage"},"thumbnailUrl":"https:\/\/soymat.com\/wp-content\/uploads\/2025\/01\/129-33W-4.jpg","datePublished":"2025-01-29T20:07:58+00:00","dateModified":"2026-02-04T22:08:01+00:00","breadcrumb":{"@id":"https:\/\/soymat.com\/producto\/juego-de-bocallaves-hexagonales-y-llaves-de-1-2-33-piezas\/#breadcrumb"},"inLanguage":"es-AR","potentialAction":[{"@type":"ReadAction","target":["https:\/\/soymat.com\/producto\/juego-de-bocallaves-hexagonales-y-llaves-de-1-2-33-piezas\/"]}]},{"@type":"ImageObject","inLanguage":"es-AR","@id":"https:\/\/soymat.com\/producto\/juego-de-bocallaves-hexagonales-y-llaves-de-1-2-33-piezas\/#primaryimage","url":"https:\/\/soymat.com\/wp-content\/uploads\/2025\/01\/129-33W-4.jpg","contentUrl":"https:\/\/soymat.com\/wp-content\/uploads\/2025\/01\/129-33W-4.jpg","width":1200,"height":1200},{"@type":"BreadcrumbList","@id":"https:\/\/soymat.com\/producto\/juego-de-bocallaves-hexagonales-y-llaves-de-1-2-33-piezas\/#breadcrumb","itemListElement":[{"@type":"ListItem","position":1,"name":"Portada","item":"https:\/\/soymat.com\/"},{"@type":"ListItem","position":2,"name":"Todos los Productos","item":"https:\/\/soymat.com\/shop\/"},{"@type":"ListItem","position":3,"name":"Juego de bocallaves hexagonales y llaves de 1\/2&#8243; &#8211; 33 piezas"}]},{"@type":"WebSite","@id":"https:\/\/soymat.com\/#website","url":"https:\/\/soymat.com\/","name":"So&Mat","description":"Empresa Dedicada a la protecci\u00f3n global contra incendio . matafuegos redes bombas,venta instalaci\u00f3n y service, protecci\u00f3n y confort laboral en todo concepto.","publisher":{"@id":"https:\/\/soymat.com\/#organization"},"alternateName":"So&Mat","potentialAction":[{"@type":"SearchAction","target":{"@type":"EntryPoint","urlTemplate":"https:\/\/soymat.com\/?s={search_term_string}"},"query-input":{"@type":"PropertyValueSpecification","valueRequired":true,"valueName":"search_term_string"}}],"inLanguage":"es-AR"},{"@type":"Organization","@id":"https:\/\/soymat.com\/#organization","name":"So&Mat","url":"https:\/\/soymat.com\/","logo":{"@type":"ImageObject","inLanguage":"es-AR","@id":"https:\/\/soymat.com\/#\/schema\/logo\/image\/","url":"https:\/\/soymat.com\/wp-content\/uploads\/2024\/08\/SoyMat.jpg","contentUrl":"https:\/\/soymat.com\/wp-content\/uploads\/2024\/08\/SoyMat.jpg","width":600,"height":236,"caption":"So&Mat"},"image":{"@id":"https:\/\/soymat.com\/#\/schema\/logo\/image\/"}}]}},"_links":{"self":[{"href":"https:\/\/soymat.com\/es\/wp-json\/wp\/v2\/product\/21103","targetHints":{"allow":["GET"]}}],"collection":[{"href":"https:\/\/soymat.com\/es\/wp-json\/wp\/v2\/product"}],"about":[{"href":"https:\/\/soymat.com\/es\/wp-json\/wp\/v2\/types\/product"}],"wp:featuredmedia":[{"embeddable":true,"href":"https:\/\/soymat.com\/es\/wp-json\/wp\/v2\/media\/21106"}],"wp:attachment":[{"href":"https:\/\/soymat.com\/es\/wp-json\/wp\/v2\/media?parent=21103"}],"wp:term":[{"taxonomy":"product_cat","embeddable":true,"href":"https:\/\/soymat.com\/es\/wp-json\/wp\/v2\/product_cat?post=21103"},{"taxonomy":"product_tag","embeddable":true,"href":"https:\/\/soymat.com\/es\/wp-json\/wp\/v2\/product_tag?post=21103"}],"curies":[{"name":"wp","href":"https:\/\/api.w.org\/{rel}","templated":true}]}}