{"id":21169,"date":"2025-01-29T21:07:58","date_gmt":"2025-01-30T00:07:58","guid":{"rendered":"https:\/\/soymat.com\/?post_type=product&#038;p=21169"},"modified":"2026-02-04T19:07:14","modified_gmt":"2026-02-04T22:07:14","slug":"juego-de-8-llaves-combinadas-de-cabeza-flexible-con-crique-con-soporte","status":"publish","type":"product","link":"https:\/\/soymat.com\/es\/producto\/juego-de-8-llaves-combinadas-de-cabeza-flexible-con-crique-con-soporte\/","title":{"rendered":"Juego de 8 llaves combinadas de cabeza flexible con crique con soporte"},"content":{"rendered":"<p><strong>Juego de 8 llaves combinadas de cabeza flexible con crique con soporte<\/strong><br \/>\nCod.: 19-8-H<\/p>\n<p>Detalles del producto<br \/>\nJuego de 8 piezas con soporte de pl\u00e1stico.<br \/>\nComponentes: Llaves combinadas de cabeza flexible con crique de 8 a 19 mm.<br \/>\nAcabado: cromado mate.<br \/>\nMaterial: aleaci\u00f3n de acero de alto rendimiento.<br \/>\nDureza: 40-50 HRC.<br \/>\nNormas: ISO 3318 y DIN 3113.<\/p>","protected":false},"excerpt":{"rendered":"<p>Juego de 8 llaves combinadas de cabeza flexible con crique con soporte Cod.: 19-8-H Detalles del producto Juego de 8 piezas con soporte de pl\u00e1stico. Componentes: Llaves combinadas de cabeza flexible con crique de 8 a 19 mm. Acabado: cromado mate. Material: aleaci\u00f3n de acero de alto rendimiento. Dureza: 40-50 HRC. Normas: ISO 3318 y [&hellip;]<\/p>\n","protected":false},"featured_media":21171,"template":"","meta":[],"product_cat":[191],"product_tag":[381,367,346,307],"class_list":{"0":"post-21169","1":"product","2":"type-product","3":"status-publish","4":"has-post-thumbnail","6":"product_brand-irimo-herramientas-y-equipamientos-manuales","7":"product_cat-maquinas-y-herramientas","8":"product_tag-asistencia-tecnica","9":"product_tag-llaves-combinadas","10":"product_tag-mecanica-general","11":"product_tag-taller-mecanico","13":"first","14":"outofstock","15":"taxable","16":"shipping-taxable","17":"purchasable","18":"product-type-simple","19":"add-to-wishlist-after_add_to_cart"},"yoast_head":"<!-- This site is optimized with the Yoast SEO Premium plugin v26.9 (Yoast SEO v26.9) - https:\/\/yoast.com\/product\/yoast-seo-premium-wordpress\/ -->\n<title>Juego de 8 llaves combinadas de cabeza flexible con crique con soporte - SoyMat \u2013 Seguridad Industrial<\/title>\n<meta name=\"robots\" content=\"index, follow, max-snippet:-1, max-image-preview:large, max-video-preview:-1\" \/>\n<link rel=\"canonical\" href=\"https:\/\/soymat.com\/es\/producto\/juego-de-8-llaves-combinadas-de-cabeza-flexible-con-crique-con-soporte\/\" \/>\n<meta property=\"og:locale\" content=\"es_ES\" \/>\n<meta property=\"og:type\" content=\"article\" \/>\n<meta property=\"og:title\" content=\"Juego de 8 llaves combinadas de cabeza flexible con crique con soporte\" \/>\n<meta property=\"og:description\" content=\"Juego de 8 llaves combinadas de cabeza flexible con crique con soporte Cod.: 19-8-H Detalles del producto Juego de 8 piezas con soporte de pl\u00e1stico. Componentes: Llaves combinadas de cabeza flexible con crique de 8 a 19 mm. Acabado: cromado mate. Material: aleaci\u00f3n de acero de alto rendimiento. Dureza: 40-50 HRC. Normas: ISO 3318 y [&hellip;]\" \/>\n<meta property=\"og:url\" content=\"https:\/\/soymat.com\/es\/producto\/juego-de-8-llaves-combinadas-de-cabeza-flexible-con-crique-con-soporte\/\" \/>\n<meta property=\"og:site_name\" content=\"SoyMat \u2013 Seguridad Industrial\" \/>\n<meta property=\"article:modified_time\" content=\"2026-02-04T22:07:14+00:00\" \/>\n<meta property=\"og:image\" content=\"https:\/\/soymat.com\/wp-content\/uploads\/2025\/01\/19-8-H.jpg\" \/>\n\t<meta property=\"og:image:width\" content=\"1200\" \/>\n\t<meta property=\"og:image:height\" content=\"1200\" \/>\n\t<meta property=\"og:image:type\" content=\"image\/jpeg\" \/>\n<meta name=\"twitter:card\" content=\"summary_large_image\" \/>\n<meta name=\"twitter:label1\" content=\"Tiempo de lectura\" \/>\n\t<meta name=\"twitter:data1\" content=\"1 minuto\" \/>\n<script type=\"application\/ld+json\" class=\"yoast-schema-graph\">{\"@context\":\"https:\/\/schema.org\",\"@graph\":[{\"@type\":\"WebPage\",\"@id\":\"https:\/\/soymat.com\/producto\/juego-de-8-llaves-combinadas-de-cabeza-flexible-con-crique-con-soporte\/\",\"url\":\"https:\/\/soymat.com\/producto\/juego-de-8-llaves-combinadas-de-cabeza-flexible-con-crique-con-soporte\/\",\"name\":\"Juego de 8 llaves combinadas de cabeza flexible con crique con soporte - SoyMat \u2013 Seguridad Industrial\",\"isPartOf\":{\"@id\":\"https:\/\/soymat.com\/#website\"},\"primaryImageOfPage\":{\"@id\":\"https:\/\/soymat.com\/producto\/juego-de-8-llaves-combinadas-de-cabeza-flexible-con-crique-con-soporte\/#primaryimage\"},\"image\":{\"@id\":\"https:\/\/soymat.com\/producto\/juego-de-8-llaves-combinadas-de-cabeza-flexible-con-crique-con-soporte\/#primaryimage\"},\"thumbnailUrl\":\"https:\/\/soymat.com\/wp-content\/uploads\/2025\/01\/19-8-H.jpg\",\"datePublished\":\"2025-01-30T00:07:58+00:00\",\"dateModified\":\"2026-02-04T22:07:14+00:00\",\"breadcrumb\":{\"@id\":\"https:\/\/soymat.com\/producto\/juego-de-8-llaves-combinadas-de-cabeza-flexible-con-crique-con-soporte\/#breadcrumb\"},\"inLanguage\":\"es-AR\",\"potentialAction\":[{\"@type\":\"ReadAction\",\"target\":[\"https:\/\/soymat.com\/producto\/juego-de-8-llaves-combinadas-de-cabeza-flexible-con-crique-con-soporte\/\"]}]},{\"@type\":\"ImageObject\",\"inLanguage\":\"es-AR\",\"@id\":\"https:\/\/soymat.com\/producto\/juego-de-8-llaves-combinadas-de-cabeza-flexible-con-crique-con-soporte\/#primaryimage\",\"url\":\"https:\/\/soymat.com\/wp-content\/uploads\/2025\/01\/19-8-H.jpg\",\"contentUrl\":\"https:\/\/soymat.com\/wp-content\/uploads\/2025\/01\/19-8-H.jpg\",\"width\":1200,\"height\":1200},{\"@type\":\"BreadcrumbList\",\"@id\":\"https:\/\/soymat.com\/producto\/juego-de-8-llaves-combinadas-de-cabeza-flexible-con-crique-con-soporte\/#breadcrumb\",\"itemListElement\":[{\"@type\":\"ListItem\",\"position\":1,\"name\":\"Portada\",\"item\":\"https:\/\/soymat.com\/\"},{\"@type\":\"ListItem\",\"position\":2,\"name\":\"Todos los Productos\",\"item\":\"https:\/\/soymat.com\/shop\/\"},{\"@type\":\"ListItem\",\"position\":3,\"name\":\"Juego de 8 llaves combinadas de cabeza flexible con crique con soporte\"}]},{\"@type\":\"WebSite\",\"@id\":\"https:\/\/soymat.com\/#website\",\"url\":\"https:\/\/soymat.com\/\",\"name\":\"So&Mat\",\"description\":\"Empresa Dedicada a la protecci\u00f3n global contra incendio . matafuegos redes bombas,venta instalaci\u00f3n y service, protecci\u00f3n y confort laboral en todo concepto.\",\"publisher\":{\"@id\":\"https:\/\/soymat.com\/#organization\"},\"alternateName\":\"So&Mat\",\"potentialAction\":[{\"@type\":\"SearchAction\",\"target\":{\"@type\":\"EntryPoint\",\"urlTemplate\":\"https:\/\/soymat.com\/?s={search_term_string}\"},\"query-input\":{\"@type\":\"PropertyValueSpecification\",\"valueRequired\":true,\"valueName\":\"search_term_string\"}}],\"inLanguage\":\"es-AR\"},{\"@type\":\"Organization\",\"@id\":\"https:\/\/soymat.com\/#organization\",\"name\":\"So&Mat\",\"url\":\"https:\/\/soymat.com\/\",\"logo\":{\"@type\":\"ImageObject\",\"inLanguage\":\"es-AR\",\"@id\":\"https:\/\/soymat.com\/#\/schema\/logo\/image\/\",\"url\":\"https:\/\/soymat.com\/wp-content\/uploads\/2024\/08\/SoyMat.jpg\",\"contentUrl\":\"https:\/\/soymat.com\/wp-content\/uploads\/2024\/08\/SoyMat.jpg\",\"width\":600,\"height\":236,\"caption\":\"So&Mat\"},\"image\":{\"@id\":\"https:\/\/soymat.com\/#\/schema\/logo\/image\/\"}}]}<\/script>\n<!-- \/ Yoast SEO Premium plugin. -->","yoast_head_json":{"title":"Juego de 8 llaves combinadas de cabeza flexible con crique con soporte - SoyMat \u2013 Seguridad Industrial","robots":{"index":"index","follow":"follow","max-snippet":"max-snippet:-1","max-image-preview":"max-image-preview:large","max-video-preview":"max-video-preview:-1"},"canonical":"https:\/\/soymat.com\/es\/producto\/juego-de-8-llaves-combinadas-de-cabeza-flexible-con-crique-con-soporte\/","og_locale":"es_ES","og_type":"article","og_title":"Juego de 8 llaves combinadas de cabeza flexible con crique con soporte","og_description":"Juego de 8 llaves combinadas de cabeza flexible con crique con soporte Cod.: 19-8-H Detalles del producto Juego de 8 piezas con soporte de pl\u00e1stico. Componentes: Llaves combinadas de cabeza flexible con crique de 8 a 19 mm. Acabado: cromado mate. Material: aleaci\u00f3n de acero de alto rendimiento. Dureza: 40-50 HRC. Normas: ISO 3318 y [&hellip;]","og_url":"https:\/\/soymat.com\/es\/producto\/juego-de-8-llaves-combinadas-de-cabeza-flexible-con-crique-con-soporte\/","og_site_name":"SoyMat \u2013 Seguridad Industrial","article_modified_time":"2026-02-04T22:07:14+00:00","og_image":[{"width":1200,"height":1200,"url":"https:\/\/soymat.com\/wp-content\/uploads\/2025\/01\/19-8-H.jpg","type":"image\/jpeg"}],"twitter_card":"summary_large_image","twitter_misc":{"Tiempo de lectura":"1 minuto"},"schema":{"@context":"https:\/\/schema.org","@graph":[{"@type":"WebPage","@id":"https:\/\/soymat.com\/producto\/juego-de-8-llaves-combinadas-de-cabeza-flexible-con-crique-con-soporte\/","url":"https:\/\/soymat.com\/producto\/juego-de-8-llaves-combinadas-de-cabeza-flexible-con-crique-con-soporte\/","name":"Juego de 8 llaves combinadas de cabeza flexible con crique con soporte - SoyMat \u2013 Seguridad Industrial","isPartOf":{"@id":"https:\/\/soymat.com\/#website"},"primaryImageOfPage":{"@id":"https:\/\/soymat.com\/producto\/juego-de-8-llaves-combinadas-de-cabeza-flexible-con-crique-con-soporte\/#primaryimage"},"image":{"@id":"https:\/\/soymat.com\/producto\/juego-de-8-llaves-combinadas-de-cabeza-flexible-con-crique-con-soporte\/#primaryimage"},"thumbnailUrl":"https:\/\/soymat.com\/wp-content\/uploads\/2025\/01\/19-8-H.jpg","datePublished":"2025-01-30T00:07:58+00:00","dateModified":"2026-02-04T22:07:14+00:00","breadcrumb":{"@id":"https:\/\/soymat.com\/producto\/juego-de-8-llaves-combinadas-de-cabeza-flexible-con-crique-con-soporte\/#breadcrumb"},"inLanguage":"es-AR","potentialAction":[{"@type":"ReadAction","target":["https:\/\/soymat.com\/producto\/juego-de-8-llaves-combinadas-de-cabeza-flexible-con-crique-con-soporte\/"]}]},{"@type":"ImageObject","inLanguage":"es-AR","@id":"https:\/\/soymat.com\/producto\/juego-de-8-llaves-combinadas-de-cabeza-flexible-con-crique-con-soporte\/#primaryimage","url":"https:\/\/soymat.com\/wp-content\/uploads\/2025\/01\/19-8-H.jpg","contentUrl":"https:\/\/soymat.com\/wp-content\/uploads\/2025\/01\/19-8-H.jpg","width":1200,"height":1200},{"@type":"BreadcrumbList","@id":"https:\/\/soymat.com\/producto\/juego-de-8-llaves-combinadas-de-cabeza-flexible-con-crique-con-soporte\/#breadcrumb","itemListElement":[{"@type":"ListItem","position":1,"name":"Portada","item":"https:\/\/soymat.com\/"},{"@type":"ListItem","position":2,"name":"Todos los Productos","item":"https:\/\/soymat.com\/shop\/"},{"@type":"ListItem","position":3,"name":"Juego de 8 llaves combinadas de cabeza flexible con crique con soporte"}]},{"@type":"WebSite","@id":"https:\/\/soymat.com\/#website","url":"https:\/\/soymat.com\/","name":"So&Mat","description":"Empresa Dedicada a la protecci\u00f3n global contra incendio . matafuegos redes bombas,venta instalaci\u00f3n y service, protecci\u00f3n y confort laboral en todo concepto.","publisher":{"@id":"https:\/\/soymat.com\/#organization"},"alternateName":"So&Mat","potentialAction":[{"@type":"SearchAction","target":{"@type":"EntryPoint","urlTemplate":"https:\/\/soymat.com\/?s={search_term_string}"},"query-input":{"@type":"PropertyValueSpecification","valueRequired":true,"valueName":"search_term_string"}}],"inLanguage":"es-AR"},{"@type":"Organization","@id":"https:\/\/soymat.com\/#organization","name":"So&Mat","url":"https:\/\/soymat.com\/","logo":{"@type":"ImageObject","inLanguage":"es-AR","@id":"https:\/\/soymat.com\/#\/schema\/logo\/image\/","url":"https:\/\/soymat.com\/wp-content\/uploads\/2024\/08\/SoyMat.jpg","contentUrl":"https:\/\/soymat.com\/wp-content\/uploads\/2024\/08\/SoyMat.jpg","width":600,"height":236,"caption":"So&Mat"},"image":{"@id":"https:\/\/soymat.com\/#\/schema\/logo\/image\/"}}]}},"_links":{"self":[{"href":"https:\/\/soymat.com\/es\/wp-json\/wp\/v2\/product\/21169","targetHints":{"allow":["GET"]}}],"collection":[{"href":"https:\/\/soymat.com\/es\/wp-json\/wp\/v2\/product"}],"about":[{"href":"https:\/\/soymat.com\/es\/wp-json\/wp\/v2\/types\/product"}],"wp:featuredmedia":[{"embeddable":true,"href":"https:\/\/soymat.com\/es\/wp-json\/wp\/v2\/media\/21171"}],"wp:attachment":[{"href":"https:\/\/soymat.com\/es\/wp-json\/wp\/v2\/media?parent=21169"}],"wp:term":[{"taxonomy":"product_cat","embeddable":true,"href":"https:\/\/soymat.com\/es\/wp-json\/wp\/v2\/product_cat?post=21169"},{"taxonomy":"product_tag","embeddable":true,"href":"https:\/\/soymat.com\/es\/wp-json\/wp\/v2\/product_tag?post=21169"}],"curies":[{"name":"wp","href":"https:\/\/api.w.org\/{rel}","templated":true}]}}