{"id":21175,"date":"2025-01-29T21:12:06","date_gmt":"2025-01-30T00:12:06","guid":{"rendered":"https:\/\/soymat.com\/?post_type=product&#038;p=21175"},"modified":"2026-02-04T19:07:12","modified_gmt":"2026-02-04T22:07:12","slug":"mango-articulado-de-1-2","status":"publish","type":"product","link":"https:\/\/soymat.com\/es\/producto\/mango-articulado-de-1-2\/","title":{"rendered":"Mango articulado de 1\/2&#8243;"},"content":{"rendered":"<p><strong>Mango articulado de 1\/2&#8243;<\/strong><br \/>\nCod.: 125-52-1<\/p>\n<p>Detalles del producto<br \/>\nMango articulado de 1\/2&#8243;.<br \/>\nAcabado pulido brillante.<br \/>\nAleaci\u00f3n de acero al cromo vanadio de alto rendimiento.<br \/>\nNormas: ISO 3315\/1174 y DIN 3122\/3123\/3120.<\/p>","protected":false},"excerpt":{"rendered":"<p>Mango articulado de 1\/2&#8243; Cod.: 125-52-1 Detalles del producto Mango articulado de 1\/2&#8243;. Acabado pulido brillante. Aleaci\u00f3n de acero al cromo vanadio de alto rendimiento. Normas: ISO 3315\/1174 y DIN 3122\/3123\/3120.<\/p>","protected":false},"featured_media":21177,"template":"","meta":[],"product_cat":[191],"product_tag":[308,343,346,382,307],"class_list":{"0":"post-21175","1":"product","2":"type-product","3":"status-publish","4":"has-post-thumbnail","6":"product_brand-irimo-herramientas-y-equipamientos-manuales","7":"product_cat-maquinas-y-herramientas","8":"product_tag-auxilio-mecanico","9":"product_tag-herramientas-manuales","10":"product_tag-mecanica-general","11":"product_tag-taller-de-autos","12":"product_tag-taller-mecanico","14":"first","15":"instock","16":"taxable","17":"shipping-taxable","18":"purchasable","19":"product-type-simple","20":"add-to-wishlist-after_add_to_cart"},"yoast_head":"<!-- This site is optimized with the Yoast SEO Premium plugin v26.9 (Yoast SEO v26.9) - https:\/\/yoast.com\/product\/yoast-seo-premium-wordpress\/ -->\n<title>Mango articulado de 1\/2&quot; - SoyMat \u2013 Seguridad Industrial<\/title>\n<meta name=\"robots\" content=\"index, follow, max-snippet:-1, max-image-preview:large, max-video-preview:-1\" \/>\n<link rel=\"canonical\" href=\"https:\/\/soymat.com\/es\/producto\/mango-articulado-de-1-2\/\" \/>\n<meta property=\"og:locale\" content=\"es_ES\" \/>\n<meta property=\"og:type\" content=\"article\" \/>\n<meta property=\"og:title\" content=\"Mango articulado de 1\/2&quot;\" \/>\n<meta property=\"og:description\" content=\"Mango articulado de 1\/2&#8243; Cod.: 125-52-1 Detalles del producto Mango articulado de 1\/2&#8243;. Acabado pulido brillante. Aleaci\u00f3n de acero al cromo vanadio de alto rendimiento. Normas: ISO 3315\/1174 y DIN 3122\/3123\/3120.\" \/>\n<meta property=\"og:url\" content=\"https:\/\/soymat.com\/es\/producto\/mango-articulado-de-1-2\/\" \/>\n<meta property=\"og:site_name\" content=\"SoyMat \u2013 Seguridad Industrial\" \/>\n<meta property=\"article:modified_time\" content=\"2026-02-04T22:07:12+00:00\" \/>\n<meta property=\"og:image\" content=\"https:\/\/soymat.com\/wp-content\/uploads\/2025\/01\/125-52-1.jpg\" \/>\n\t<meta property=\"og:image:width\" content=\"1200\" \/>\n\t<meta property=\"og:image:height\" content=\"1200\" \/>\n\t<meta property=\"og:image:type\" content=\"image\/jpeg\" \/>\n<meta name=\"twitter:card\" content=\"summary_large_image\" \/>\n<meta name=\"twitter:label1\" content=\"Tiempo de lectura\" \/>\n\t<meta name=\"twitter:data1\" content=\"1 minuto\" \/>\n<script type=\"application\/ld+json\" class=\"yoast-schema-graph\">{\"@context\":\"https:\/\/schema.org\",\"@graph\":[{\"@type\":\"WebPage\",\"@id\":\"https:\/\/soymat.com\/producto\/mango-articulado-de-1-2\/\",\"url\":\"https:\/\/soymat.com\/producto\/mango-articulado-de-1-2\/\",\"name\":\"Mango articulado de 1\/2\\\" - SoyMat \u2013 Seguridad Industrial\",\"isPartOf\":{\"@id\":\"https:\/\/soymat.com\/#website\"},\"primaryImageOfPage\":{\"@id\":\"https:\/\/soymat.com\/producto\/mango-articulado-de-1-2\/#primaryimage\"},\"image\":{\"@id\":\"https:\/\/soymat.com\/producto\/mango-articulado-de-1-2\/#primaryimage\"},\"thumbnailUrl\":\"https:\/\/soymat.com\/wp-content\/uploads\/2025\/01\/125-52-1.jpg\",\"datePublished\":\"2025-01-30T00:12:06+00:00\",\"dateModified\":\"2026-02-04T22:07:12+00:00\",\"breadcrumb\":{\"@id\":\"https:\/\/soymat.com\/producto\/mango-articulado-de-1-2\/#breadcrumb\"},\"inLanguage\":\"es-AR\",\"potentialAction\":[{\"@type\":\"ReadAction\",\"target\":[\"https:\/\/soymat.com\/producto\/mango-articulado-de-1-2\/\"]}]},{\"@type\":\"ImageObject\",\"inLanguage\":\"es-AR\",\"@id\":\"https:\/\/soymat.com\/producto\/mango-articulado-de-1-2\/#primaryimage\",\"url\":\"https:\/\/soymat.com\/wp-content\/uploads\/2025\/01\/125-52-1.jpg\",\"contentUrl\":\"https:\/\/soymat.com\/wp-content\/uploads\/2025\/01\/125-52-1.jpg\",\"width\":1200,\"height\":1200},{\"@type\":\"BreadcrumbList\",\"@id\":\"https:\/\/soymat.com\/producto\/mango-articulado-de-1-2\/#breadcrumb\",\"itemListElement\":[{\"@type\":\"ListItem\",\"position\":1,\"name\":\"Portada\",\"item\":\"https:\/\/soymat.com\/\"},{\"@type\":\"ListItem\",\"position\":2,\"name\":\"Todos los Productos\",\"item\":\"https:\/\/soymat.com\/shop\/\"},{\"@type\":\"ListItem\",\"position\":3,\"name\":\"Mango articulado de 1\/2&#8243;\"}]},{\"@type\":\"WebSite\",\"@id\":\"https:\/\/soymat.com\/#website\",\"url\":\"https:\/\/soymat.com\/\",\"name\":\"So&Mat\",\"description\":\"Empresa Dedicada a la protecci\u00f3n global contra incendio . matafuegos redes bombas,venta instalaci\u00f3n y service, protecci\u00f3n y confort laboral en todo concepto.\",\"publisher\":{\"@id\":\"https:\/\/soymat.com\/#organization\"},\"alternateName\":\"So&Mat\",\"potentialAction\":[{\"@type\":\"SearchAction\",\"target\":{\"@type\":\"EntryPoint\",\"urlTemplate\":\"https:\/\/soymat.com\/?s={search_term_string}\"},\"query-input\":{\"@type\":\"PropertyValueSpecification\",\"valueRequired\":true,\"valueName\":\"search_term_string\"}}],\"inLanguage\":\"es-AR\"},{\"@type\":\"Organization\",\"@id\":\"https:\/\/soymat.com\/#organization\",\"name\":\"So&Mat\",\"url\":\"https:\/\/soymat.com\/\",\"logo\":{\"@type\":\"ImageObject\",\"inLanguage\":\"es-AR\",\"@id\":\"https:\/\/soymat.com\/#\/schema\/logo\/image\/\",\"url\":\"https:\/\/soymat.com\/wp-content\/uploads\/2024\/08\/SoyMat.jpg\",\"contentUrl\":\"https:\/\/soymat.com\/wp-content\/uploads\/2024\/08\/SoyMat.jpg\",\"width\":600,\"height\":236,\"caption\":\"So&Mat\"},\"image\":{\"@id\":\"https:\/\/soymat.com\/#\/schema\/logo\/image\/\"}}]}<\/script>\n<!-- \/ Yoast SEO Premium plugin. -->","yoast_head_json":{"title":"Mango articulado de 1\/2\" - SoyMat \u2013 Seguridad Industrial","robots":{"index":"index","follow":"follow","max-snippet":"max-snippet:-1","max-image-preview":"max-image-preview:large","max-video-preview":"max-video-preview:-1"},"canonical":"https:\/\/soymat.com\/es\/producto\/mango-articulado-de-1-2\/","og_locale":"es_ES","og_type":"article","og_title":"Mango articulado de 1\/2\"","og_description":"Mango articulado de 1\/2&#8243; Cod.: 125-52-1 Detalles del producto Mango articulado de 1\/2&#8243;. Acabado pulido brillante. Aleaci\u00f3n de acero al cromo vanadio de alto rendimiento. Normas: ISO 3315\/1174 y DIN 3122\/3123\/3120.","og_url":"https:\/\/soymat.com\/es\/producto\/mango-articulado-de-1-2\/","og_site_name":"SoyMat \u2013 Seguridad Industrial","article_modified_time":"2026-02-04T22:07:12+00:00","og_image":[{"width":1200,"height":1200,"url":"https:\/\/soymat.com\/wp-content\/uploads\/2025\/01\/125-52-1.jpg","type":"image\/jpeg"}],"twitter_card":"summary_large_image","twitter_misc":{"Tiempo de lectura":"1 minuto"},"schema":{"@context":"https:\/\/schema.org","@graph":[{"@type":"WebPage","@id":"https:\/\/soymat.com\/producto\/mango-articulado-de-1-2\/","url":"https:\/\/soymat.com\/producto\/mango-articulado-de-1-2\/","name":"Mango articulado de 1\/2\" - SoyMat \u2013 Seguridad Industrial","isPartOf":{"@id":"https:\/\/soymat.com\/#website"},"primaryImageOfPage":{"@id":"https:\/\/soymat.com\/producto\/mango-articulado-de-1-2\/#primaryimage"},"image":{"@id":"https:\/\/soymat.com\/producto\/mango-articulado-de-1-2\/#primaryimage"},"thumbnailUrl":"https:\/\/soymat.com\/wp-content\/uploads\/2025\/01\/125-52-1.jpg","datePublished":"2025-01-30T00:12:06+00:00","dateModified":"2026-02-04T22:07:12+00:00","breadcrumb":{"@id":"https:\/\/soymat.com\/producto\/mango-articulado-de-1-2\/#breadcrumb"},"inLanguage":"es-AR","potentialAction":[{"@type":"ReadAction","target":["https:\/\/soymat.com\/producto\/mango-articulado-de-1-2\/"]}]},{"@type":"ImageObject","inLanguage":"es-AR","@id":"https:\/\/soymat.com\/producto\/mango-articulado-de-1-2\/#primaryimage","url":"https:\/\/soymat.com\/wp-content\/uploads\/2025\/01\/125-52-1.jpg","contentUrl":"https:\/\/soymat.com\/wp-content\/uploads\/2025\/01\/125-52-1.jpg","width":1200,"height":1200},{"@type":"BreadcrumbList","@id":"https:\/\/soymat.com\/producto\/mango-articulado-de-1-2\/#breadcrumb","itemListElement":[{"@type":"ListItem","position":1,"name":"Portada","item":"https:\/\/soymat.com\/"},{"@type":"ListItem","position":2,"name":"Todos los Productos","item":"https:\/\/soymat.com\/shop\/"},{"@type":"ListItem","position":3,"name":"Mango articulado de 1\/2&#8243;"}]},{"@type":"WebSite","@id":"https:\/\/soymat.com\/#website","url":"https:\/\/soymat.com\/","name":"So&Mat","description":"Empresa Dedicada a la protecci\u00f3n global contra incendio . matafuegos redes bombas,venta instalaci\u00f3n y service, protecci\u00f3n y confort laboral en todo concepto.","publisher":{"@id":"https:\/\/soymat.com\/#organization"},"alternateName":"So&Mat","potentialAction":[{"@type":"SearchAction","target":{"@type":"EntryPoint","urlTemplate":"https:\/\/soymat.com\/?s={search_term_string}"},"query-input":{"@type":"PropertyValueSpecification","valueRequired":true,"valueName":"search_term_string"}}],"inLanguage":"es-AR"},{"@type":"Organization","@id":"https:\/\/soymat.com\/#organization","name":"So&Mat","url":"https:\/\/soymat.com\/","logo":{"@type":"ImageObject","inLanguage":"es-AR","@id":"https:\/\/soymat.com\/#\/schema\/logo\/image\/","url":"https:\/\/soymat.com\/wp-content\/uploads\/2024\/08\/SoyMat.jpg","contentUrl":"https:\/\/soymat.com\/wp-content\/uploads\/2024\/08\/SoyMat.jpg","width":600,"height":236,"caption":"So&Mat"},"image":{"@id":"https:\/\/soymat.com\/#\/schema\/logo\/image\/"}}]}},"_links":{"self":[{"href":"https:\/\/soymat.com\/es\/wp-json\/wp\/v2\/product\/21175","targetHints":{"allow":["GET"]}}],"collection":[{"href":"https:\/\/soymat.com\/es\/wp-json\/wp\/v2\/product"}],"about":[{"href":"https:\/\/soymat.com\/es\/wp-json\/wp\/v2\/types\/product"}],"wp:featuredmedia":[{"embeddable":true,"href":"https:\/\/soymat.com\/es\/wp-json\/wp\/v2\/media\/21177"}],"wp:attachment":[{"href":"https:\/\/soymat.com\/es\/wp-json\/wp\/v2\/media?parent=21175"}],"wp:term":[{"taxonomy":"product_cat","embeddable":true,"href":"https:\/\/soymat.com\/es\/wp-json\/wp\/v2\/product_cat?post=21175"},{"taxonomy":"product_tag","embeddable":true,"href":"https:\/\/soymat.com\/es\/wp-json\/wp\/v2\/product_tag?post=21175"}],"curies":[{"name":"wp","href":"https:\/\/api.w.org\/{rel}","templated":true}]}}