{"id":21216,"date":"2025-01-29T22:25:39","date_gmt":"2025-01-30T01:25:39","guid":{"rendered":"https:\/\/soymat.com\/?post_type=product&#038;p=21216"},"modified":"2026-02-03T22:06:10","modified_gmt":"2026-02-04T01:06:10","slug":"destornillador-punta-plana-conica-max-8x","status":"publish","type":"product","link":"https:\/\/soymat.com\/es\/producto\/destornillador-punta-plana-conica-max-8x\/","title":{"rendered":"Destornillador Punta Plana C\u00f3nica Max &#8211; 8x"},"content":{"rendered":"<p><strong>Destornillador Punta Plana C\u00f3nica Max<\/strong><\/p>\n<p><strong>Medidas<\/strong>:<br \/>\nCod. 407A-8-150\u00a0 &#8211;\u00a0 8.0 X 150 MM<\/p>\n<p>Forma de la punta: Plana<br \/>\nDescripci\u00f3n<br \/>\nPara tornillos ranurados<br \/>\nPara un uso intensivo<br \/>\nMango bi-componente para un agarre c\u00f3modo y mayor transferencia de fuerza<br \/>\nLa forma del mango impide que la herramienta resbale<br \/>\nVarilla de aleaci\u00f3n de acero de alto rendimiento, cromado y templado<\/p>","protected":false},"excerpt":{"rendered":"<p>Destornillador Punta Plana C\u00f3nica Max Medidas: Cod. 407A-8-150\u00a0 &#8211;\u00a0 8.0 X 150 MM Forma de la punta: Plana Descripci\u00f3n Para tornillos ranurados Para un uso intensivo Mango bi-componente para un agarre c\u00f3modo y mayor transferencia de fuerza La forma del mango impide que la herramienta resbale Varilla de aleaci\u00f3n de acero de alto rendimiento, cromado [&hellip;]<\/p>\n","protected":false},"featured_media":21210,"template":"","meta":[],"product_cat":[191],"product_tag":[389,346,348],"class_list":{"0":"post-21216","1":"product","2":"type-product","3":"status-publish","4":"has-post-thumbnail","6":"product_brand-irimo-herramientas-y-equipamientos-manuales","7":"product_cat-maquinas-y-herramientas","8":"product_tag-destornillador","9":"product_tag-mecanica-general","10":"product_tag-taller-automotor","12":"first","13":"instock","14":"taxable","15":"shipping-taxable","16":"purchasable","17":"product-type-simple","18":"add-to-wishlist-after_add_to_cart"},"yoast_head":"<!-- This site is optimized with the Yoast SEO Premium plugin v26.9 (Yoast SEO v26.9) - https:\/\/yoast.com\/product\/yoast-seo-premium-wordpress\/ -->\n<title>Destornillador Punta Plana C\u00f3nica Max - 8x - SoyMat \u2013 Seguridad Industrial<\/title>\n<meta name=\"robots\" content=\"index, follow, max-snippet:-1, max-image-preview:large, max-video-preview:-1\" \/>\n<link rel=\"canonical\" href=\"https:\/\/soymat.com\/es\/producto\/destornillador-punta-plana-conica-max-8x\/\" \/>\n<meta property=\"og:locale\" content=\"es_ES\" \/>\n<meta property=\"og:type\" content=\"article\" \/>\n<meta property=\"og:title\" content=\"Destornillador Punta Plana C\u00f3nica Max - 8x\" \/>\n<meta property=\"og:description\" content=\"Destornillador Punta Plana C\u00f3nica Max Medidas: Cod. 407A-8-150\u00a0 &#8211;\u00a0 8.0 X 150 MM Forma de la punta: Plana Descripci\u00f3n Para tornillos ranurados Para un uso intensivo Mango bi-componente para un agarre c\u00f3modo y mayor transferencia de fuerza La forma del mango impide que la herramienta resbale Varilla de aleaci\u00f3n de acero de alto rendimiento, cromado [&hellip;]\" \/>\n<meta property=\"og:url\" content=\"https:\/\/soymat.com\/es\/producto\/destornillador-punta-plana-conica-max-8x\/\" \/>\n<meta property=\"og:site_name\" content=\"SoyMat \u2013 Seguridad Industrial\" \/>\n<meta property=\"article:modified_time\" content=\"2026-02-04T01:06:10+00:00\" \/>\n<meta property=\"og:image\" content=\"https:\/\/soymat.com\/wp-content\/uploads\/2025\/01\/407A-4-100_01.jpg\" \/>\n\t<meta property=\"og:image:width\" content=\"1200\" \/>\n\t<meta property=\"og:image:height\" content=\"1200\" \/>\n\t<meta property=\"og:image:type\" content=\"image\/jpeg\" \/>\n<meta name=\"twitter:card\" content=\"summary_large_image\" \/>\n<meta name=\"twitter:label1\" content=\"Tiempo de lectura\" \/>\n\t<meta name=\"twitter:data1\" content=\"1 minuto\" \/>\n<script type=\"application\/ld+json\" class=\"yoast-schema-graph\">{\"@context\":\"https:\/\/schema.org\",\"@graph\":[{\"@type\":\"WebPage\",\"@id\":\"https:\/\/soymat.com\/producto\/destornillador-punta-plana-conica-max-8x\/\",\"url\":\"https:\/\/soymat.com\/producto\/destornillador-punta-plana-conica-max-8x\/\",\"name\":\"Destornillador Punta Plana C\u00f3nica Max - 8x - SoyMat \u2013 Seguridad Industrial\",\"isPartOf\":{\"@id\":\"https:\/\/soymat.com\/#website\"},\"primaryImageOfPage\":{\"@id\":\"https:\/\/soymat.com\/producto\/destornillador-punta-plana-conica-max-8x\/#primaryimage\"},\"image\":{\"@id\":\"https:\/\/soymat.com\/producto\/destornillador-punta-plana-conica-max-8x\/#primaryimage\"},\"thumbnailUrl\":\"https:\/\/soymat.com\/wp-content\/uploads\/2025\/01\/407A-4-100_01.jpg\",\"datePublished\":\"2025-01-30T01:25:39+00:00\",\"dateModified\":\"2026-02-04T01:06:10+00:00\",\"breadcrumb\":{\"@id\":\"https:\/\/soymat.com\/producto\/destornillador-punta-plana-conica-max-8x\/#breadcrumb\"},\"inLanguage\":\"es-AR\",\"potentialAction\":[{\"@type\":\"ReadAction\",\"target\":[\"https:\/\/soymat.com\/producto\/destornillador-punta-plana-conica-max-8x\/\"]}]},{\"@type\":\"ImageObject\",\"inLanguage\":\"es-AR\",\"@id\":\"https:\/\/soymat.com\/producto\/destornillador-punta-plana-conica-max-8x\/#primaryimage\",\"url\":\"https:\/\/soymat.com\/wp-content\/uploads\/2025\/01\/407A-4-100_01.jpg\",\"contentUrl\":\"https:\/\/soymat.com\/wp-content\/uploads\/2025\/01\/407A-4-100_01.jpg\",\"width\":1200,\"height\":1200},{\"@type\":\"BreadcrumbList\",\"@id\":\"https:\/\/soymat.com\/producto\/destornillador-punta-plana-conica-max-8x\/#breadcrumb\",\"itemListElement\":[{\"@type\":\"ListItem\",\"position\":1,\"name\":\"Portada\",\"item\":\"https:\/\/soymat.com\/\"},{\"@type\":\"ListItem\",\"position\":2,\"name\":\"Todos los Productos\",\"item\":\"https:\/\/soymat.com\/shop\/\"},{\"@type\":\"ListItem\",\"position\":3,\"name\":\"Destornillador Punta Plana C\u00f3nica Max &#8211; 8x\"}]},{\"@type\":\"WebSite\",\"@id\":\"https:\/\/soymat.com\/#website\",\"url\":\"https:\/\/soymat.com\/\",\"name\":\"So&Mat\",\"description\":\"Empresa Dedicada a la protecci\u00f3n global contra incendio . matafuegos redes bombas,venta instalaci\u00f3n y service, protecci\u00f3n y confort laboral en todo concepto.\",\"publisher\":{\"@id\":\"https:\/\/soymat.com\/#organization\"},\"alternateName\":\"So&Mat\",\"potentialAction\":[{\"@type\":\"SearchAction\",\"target\":{\"@type\":\"EntryPoint\",\"urlTemplate\":\"https:\/\/soymat.com\/?s={search_term_string}\"},\"query-input\":{\"@type\":\"PropertyValueSpecification\",\"valueRequired\":true,\"valueName\":\"search_term_string\"}}],\"inLanguage\":\"es-AR\"},{\"@type\":\"Organization\",\"@id\":\"https:\/\/soymat.com\/#organization\",\"name\":\"So&Mat\",\"url\":\"https:\/\/soymat.com\/\",\"logo\":{\"@type\":\"ImageObject\",\"inLanguage\":\"es-AR\",\"@id\":\"https:\/\/soymat.com\/#\/schema\/logo\/image\/\",\"url\":\"https:\/\/soymat.com\/wp-content\/uploads\/2024\/08\/SoyMat.jpg\",\"contentUrl\":\"https:\/\/soymat.com\/wp-content\/uploads\/2024\/08\/SoyMat.jpg\",\"width\":600,\"height\":236,\"caption\":\"So&Mat\"},\"image\":{\"@id\":\"https:\/\/soymat.com\/#\/schema\/logo\/image\/\"}}]}<\/script>\n<!-- \/ Yoast SEO Premium plugin. -->","yoast_head_json":{"title":"Destornillador Punta Plana C\u00f3nica Max - 8x - SoyMat \u2013 Seguridad Industrial","robots":{"index":"index","follow":"follow","max-snippet":"max-snippet:-1","max-image-preview":"max-image-preview:large","max-video-preview":"max-video-preview:-1"},"canonical":"https:\/\/soymat.com\/es\/producto\/destornillador-punta-plana-conica-max-8x\/","og_locale":"es_ES","og_type":"article","og_title":"Destornillador Punta Plana C\u00f3nica Max - 8x","og_description":"Destornillador Punta Plana C\u00f3nica Max Medidas: Cod. 407A-8-150\u00a0 &#8211;\u00a0 8.0 X 150 MM Forma de la punta: Plana Descripci\u00f3n Para tornillos ranurados Para un uso intensivo Mango bi-componente para un agarre c\u00f3modo y mayor transferencia de fuerza La forma del mango impide que la herramienta resbale Varilla de aleaci\u00f3n de acero de alto rendimiento, cromado [&hellip;]","og_url":"https:\/\/soymat.com\/es\/producto\/destornillador-punta-plana-conica-max-8x\/","og_site_name":"SoyMat \u2013 Seguridad Industrial","article_modified_time":"2026-02-04T01:06:10+00:00","og_image":[{"width":1200,"height":1200,"url":"https:\/\/soymat.com\/wp-content\/uploads\/2025\/01\/407A-4-100_01.jpg","type":"image\/jpeg"}],"twitter_card":"summary_large_image","twitter_misc":{"Tiempo de lectura":"1 minuto"},"schema":{"@context":"https:\/\/schema.org","@graph":[{"@type":"WebPage","@id":"https:\/\/soymat.com\/producto\/destornillador-punta-plana-conica-max-8x\/","url":"https:\/\/soymat.com\/producto\/destornillador-punta-plana-conica-max-8x\/","name":"Destornillador Punta Plana C\u00f3nica Max - 8x - SoyMat \u2013 Seguridad Industrial","isPartOf":{"@id":"https:\/\/soymat.com\/#website"},"primaryImageOfPage":{"@id":"https:\/\/soymat.com\/producto\/destornillador-punta-plana-conica-max-8x\/#primaryimage"},"image":{"@id":"https:\/\/soymat.com\/producto\/destornillador-punta-plana-conica-max-8x\/#primaryimage"},"thumbnailUrl":"https:\/\/soymat.com\/wp-content\/uploads\/2025\/01\/407A-4-100_01.jpg","datePublished":"2025-01-30T01:25:39+00:00","dateModified":"2026-02-04T01:06:10+00:00","breadcrumb":{"@id":"https:\/\/soymat.com\/producto\/destornillador-punta-plana-conica-max-8x\/#breadcrumb"},"inLanguage":"es-AR","potentialAction":[{"@type":"ReadAction","target":["https:\/\/soymat.com\/producto\/destornillador-punta-plana-conica-max-8x\/"]}]},{"@type":"ImageObject","inLanguage":"es-AR","@id":"https:\/\/soymat.com\/producto\/destornillador-punta-plana-conica-max-8x\/#primaryimage","url":"https:\/\/soymat.com\/wp-content\/uploads\/2025\/01\/407A-4-100_01.jpg","contentUrl":"https:\/\/soymat.com\/wp-content\/uploads\/2025\/01\/407A-4-100_01.jpg","width":1200,"height":1200},{"@type":"BreadcrumbList","@id":"https:\/\/soymat.com\/producto\/destornillador-punta-plana-conica-max-8x\/#breadcrumb","itemListElement":[{"@type":"ListItem","position":1,"name":"Portada","item":"https:\/\/soymat.com\/"},{"@type":"ListItem","position":2,"name":"Todos los Productos","item":"https:\/\/soymat.com\/shop\/"},{"@type":"ListItem","position":3,"name":"Destornillador Punta Plana C\u00f3nica Max &#8211; 8x"}]},{"@type":"WebSite","@id":"https:\/\/soymat.com\/#website","url":"https:\/\/soymat.com\/","name":"So&Mat","description":"Empresa Dedicada a la protecci\u00f3n global contra incendio . matafuegos redes bombas,venta instalaci\u00f3n y service, protecci\u00f3n y confort laboral en todo concepto.","publisher":{"@id":"https:\/\/soymat.com\/#organization"},"alternateName":"So&Mat","potentialAction":[{"@type":"SearchAction","target":{"@type":"EntryPoint","urlTemplate":"https:\/\/soymat.com\/?s={search_term_string}"},"query-input":{"@type":"PropertyValueSpecification","valueRequired":true,"valueName":"search_term_string"}}],"inLanguage":"es-AR"},{"@type":"Organization","@id":"https:\/\/soymat.com\/#organization","name":"So&Mat","url":"https:\/\/soymat.com\/","logo":{"@type":"ImageObject","inLanguage":"es-AR","@id":"https:\/\/soymat.com\/#\/schema\/logo\/image\/","url":"https:\/\/soymat.com\/wp-content\/uploads\/2024\/08\/SoyMat.jpg","contentUrl":"https:\/\/soymat.com\/wp-content\/uploads\/2024\/08\/SoyMat.jpg","width":600,"height":236,"caption":"So&Mat"},"image":{"@id":"https:\/\/soymat.com\/#\/schema\/logo\/image\/"}}]}},"_links":{"self":[{"href":"https:\/\/soymat.com\/es\/wp-json\/wp\/v2\/product\/21216","targetHints":{"allow":["GET"]}}],"collection":[{"href":"https:\/\/soymat.com\/es\/wp-json\/wp\/v2\/product"}],"about":[{"href":"https:\/\/soymat.com\/es\/wp-json\/wp\/v2\/types\/product"}],"wp:featuredmedia":[{"embeddable":true,"href":"https:\/\/soymat.com\/es\/wp-json\/wp\/v2\/media\/21210"}],"wp:attachment":[{"href":"https:\/\/soymat.com\/es\/wp-json\/wp\/v2\/media?parent=21216"}],"wp:term":[{"taxonomy":"product_cat","embeddable":true,"href":"https:\/\/soymat.com\/es\/wp-json\/wp\/v2\/product_cat?post=21216"},{"taxonomy":"product_tag","embeddable":true,"href":"https:\/\/soymat.com\/es\/wp-json\/wp\/v2\/product_tag?post=21216"}],"curies":[{"name":"wp","href":"https:\/\/api.w.org\/{rel}","templated":true}]}}