{"id":21220,"date":"2025-01-29T22:32:34","date_gmt":"2025-01-30T01:32:34","guid":{"rendered":"https:\/\/soymat.com\/?post_type=product&#038;p=21220"},"modified":"2026-04-18T13:08:23","modified_gmt":"2026-04-18T16:08:23","slug":"pinza-articulada-con-mango-de-pvc-y-acabado-fosfatado","status":"publish","type":"product","link":"https:\/\/soymat.com\/es\/producto\/pinza-articulada-con-mango-de-pvc-y-acabado-fosfatado\/","title":{"rendered":"Pinza articulada con mango de PVC y acabado fosfatado"},"content":{"rendered":"<p><strong>Pinza articulada con mango de PVC y acabado fosfatado<\/strong><br \/>\nCod.: 634021-240<\/p>\n<p><strong>Detalles del producto<\/strong><br \/>\nPinzas articuladas<br \/>\nAjuste de uni\u00f3n con tornillo<br \/>\nDientes dise\u00f1ados para asegurar el agarre<br \/>\nMordazas para agarre de formas tubulares y planas<br \/>\nMangos de PVC<br \/>\nMaterial: Aleaci\u00f3n de acero de alto rendimiento<br \/>\nOpciones de acabado: cromo o fosfatado<br \/>\nDisponible art\u00edculo suelto o producto individual en bl\u00edster<\/p>","protected":false},"excerpt":{"rendered":"<p>Pinza articulada con mango de PVC y acabado fosfatado Cod.: 634021-240 Detalles del producto Pinzas articuladas Ajuste de uni\u00f3n con tornillo Dientes dise\u00f1ados para asegurar el agarre Mordazas para agarre de formas tubulares y planas Mangos de PVC Material: Aleaci\u00f3n de acero de alto rendimiento Opciones de acabado: cromo o fosfatado Disponible art\u00edculo suelto o [&hellip;]<\/p>\n","protected":false},"featured_media":21223,"template":"","meta":[],"product_cat":[191],"product_tag":[312,346,307],"class_list":{"0":"post-21220","1":"product","2":"type-product","3":"status-publish","4":"has-post-thumbnail","6":"product_brand-irimo-herramientas-y-equipamientos-manuales","7":"product_cat-maquinas-y-herramientas","8":"product_tag-herramientas-de-mano","9":"product_tag-mecanica-general","10":"product_tag-taller-mecanico","12":"first","13":"instock","14":"taxable","15":"shipping-taxable","16":"purchasable","17":"product-type-simple","18":"add-to-wishlist-after_add_to_cart"},"yoast_head":"<!-- This site is optimized with the Yoast SEO Premium plugin v26.9 (Yoast SEO v26.9) - https:\/\/yoast.com\/product\/yoast-seo-premium-wordpress\/ -->\n<title>Pinza articulada con mango de PVC y acabado fosfatado - SoyMat \u2013 Seguridad Industrial<\/title>\n<meta name=\"robots\" content=\"index, follow, max-snippet:-1, max-image-preview:large, max-video-preview:-1\" \/>\n<link rel=\"canonical\" href=\"https:\/\/soymat.com\/es\/producto\/pinza-articulada-con-mango-de-pvc-y-acabado-fosfatado\/\" \/>\n<meta property=\"og:locale\" content=\"es_ES\" \/>\n<meta property=\"og:type\" content=\"article\" \/>\n<meta property=\"og:title\" content=\"Pinza articulada con mango de PVC y acabado fosfatado\" \/>\n<meta property=\"og:description\" content=\"Pinza articulada con mango de PVC y acabado fosfatado Cod.: 634021-240 Detalles del producto Pinzas articuladas Ajuste de uni\u00f3n con tornillo Dientes dise\u00f1ados para asegurar el agarre Mordazas para agarre de formas tubulares y planas Mangos de PVC Material: Aleaci\u00f3n de acero de alto rendimiento Opciones de acabado: cromo o fosfatado Disponible art\u00edculo suelto o [&hellip;]\" \/>\n<meta property=\"og:url\" content=\"https:\/\/soymat.com\/es\/producto\/pinza-articulada-con-mango-de-pvc-y-acabado-fosfatado\/\" \/>\n<meta property=\"og:site_name\" content=\"SoyMat \u2013 Seguridad Industrial\" \/>\n<meta property=\"article:modified_time\" content=\"2026-04-18T16:08:23+00:00\" \/>\n<meta property=\"og:image\" content=\"https:\/\/soymat.com\/wp-content\/uploads\/2025\/01\/634021-240_2.jpg\" \/>\n\t<meta property=\"og:image:width\" content=\"1200\" \/>\n\t<meta property=\"og:image:height\" content=\"1200\" \/>\n\t<meta property=\"og:image:type\" content=\"image\/jpeg\" \/>\n<meta name=\"twitter:card\" content=\"summary_large_image\" \/>\n<meta name=\"twitter:label1\" content=\"Tiempo de lectura\" \/>\n\t<meta name=\"twitter:data1\" content=\"1 minuto\" \/>\n<script type=\"application\/ld+json\" class=\"yoast-schema-graph\">{\"@context\":\"https:\/\/schema.org\",\"@graph\":[{\"@type\":\"WebPage\",\"@id\":\"https:\/\/soymat.com\/producto\/pinza-articulada-con-mango-de-pvc-y-acabado-fosfatado\/\",\"url\":\"https:\/\/soymat.com\/producto\/pinza-articulada-con-mango-de-pvc-y-acabado-fosfatado\/\",\"name\":\"Pinza articulada con mango de PVC y acabado fosfatado - SoyMat \u2013 Seguridad Industrial\",\"isPartOf\":{\"@id\":\"https:\/\/soymat.com\/#website\"},\"primaryImageOfPage\":{\"@id\":\"https:\/\/soymat.com\/producto\/pinza-articulada-con-mango-de-pvc-y-acabado-fosfatado\/#primaryimage\"},\"image\":{\"@id\":\"https:\/\/soymat.com\/producto\/pinza-articulada-con-mango-de-pvc-y-acabado-fosfatado\/#primaryimage\"},\"thumbnailUrl\":\"https:\/\/soymat.com\/wp-content\/uploads\/2025\/01\/634021-240_2.jpg\",\"datePublished\":\"2025-01-30T01:32:34+00:00\",\"dateModified\":\"2026-04-18T16:08:23+00:00\",\"breadcrumb\":{\"@id\":\"https:\/\/soymat.com\/producto\/pinza-articulada-con-mango-de-pvc-y-acabado-fosfatado\/#breadcrumb\"},\"inLanguage\":\"es-AR\",\"potentialAction\":[{\"@type\":\"ReadAction\",\"target\":[\"https:\/\/soymat.com\/producto\/pinza-articulada-con-mango-de-pvc-y-acabado-fosfatado\/\"]}]},{\"@type\":\"ImageObject\",\"inLanguage\":\"es-AR\",\"@id\":\"https:\/\/soymat.com\/producto\/pinza-articulada-con-mango-de-pvc-y-acabado-fosfatado\/#primaryimage\",\"url\":\"https:\/\/soymat.com\/wp-content\/uploads\/2025\/01\/634021-240_2.jpg\",\"contentUrl\":\"https:\/\/soymat.com\/wp-content\/uploads\/2025\/01\/634021-240_2.jpg\",\"width\":1200,\"height\":1200},{\"@type\":\"BreadcrumbList\",\"@id\":\"https:\/\/soymat.com\/producto\/pinza-articulada-con-mango-de-pvc-y-acabado-fosfatado\/#breadcrumb\",\"itemListElement\":[{\"@type\":\"ListItem\",\"position\":1,\"name\":\"Portada\",\"item\":\"https:\/\/soymat.com\/\"},{\"@type\":\"ListItem\",\"position\":2,\"name\":\"Todos los Productos\",\"item\":\"https:\/\/soymat.com\/shop\/\"},{\"@type\":\"ListItem\",\"position\":3,\"name\":\"Pinza articulada con mango de PVC y acabado fosfatado\"}]},{\"@type\":\"WebSite\",\"@id\":\"https:\/\/soymat.com\/#website\",\"url\":\"https:\/\/soymat.com\/\",\"name\":\"So&Mat\",\"description\":\"Empresa Dedicada a la protecci\u00f3n global contra incendio . matafuegos redes bombas,venta instalaci\u00f3n y service, protecci\u00f3n y confort laboral en todo concepto.\",\"publisher\":{\"@id\":\"https:\/\/soymat.com\/#organization\"},\"alternateName\":\"So&Mat\",\"potentialAction\":[{\"@type\":\"SearchAction\",\"target\":{\"@type\":\"EntryPoint\",\"urlTemplate\":\"https:\/\/soymat.com\/?s={search_term_string}\"},\"query-input\":{\"@type\":\"PropertyValueSpecification\",\"valueRequired\":true,\"valueName\":\"search_term_string\"}}],\"inLanguage\":\"es-AR\"},{\"@type\":\"Organization\",\"@id\":\"https:\/\/soymat.com\/#organization\",\"name\":\"So&Mat\",\"url\":\"https:\/\/soymat.com\/\",\"logo\":{\"@type\":\"ImageObject\",\"inLanguage\":\"es-AR\",\"@id\":\"https:\/\/soymat.com\/#\/schema\/logo\/image\/\",\"url\":\"https:\/\/soymat.com\/wp-content\/uploads\/2024\/08\/SoyMat.jpg\",\"contentUrl\":\"https:\/\/soymat.com\/wp-content\/uploads\/2024\/08\/SoyMat.jpg\",\"width\":600,\"height\":236,\"caption\":\"So&Mat\"},\"image\":{\"@id\":\"https:\/\/soymat.com\/#\/schema\/logo\/image\/\"}}]}<\/script>\n<!-- \/ Yoast SEO Premium plugin. -->","yoast_head_json":{"title":"Pinza articulada con mango de PVC y acabado fosfatado - SoyMat \u2013 Seguridad Industrial","robots":{"index":"index","follow":"follow","max-snippet":"max-snippet:-1","max-image-preview":"max-image-preview:large","max-video-preview":"max-video-preview:-1"},"canonical":"https:\/\/soymat.com\/es\/producto\/pinza-articulada-con-mango-de-pvc-y-acabado-fosfatado\/","og_locale":"es_ES","og_type":"article","og_title":"Pinza articulada con mango de PVC y acabado fosfatado","og_description":"Pinza articulada con mango de PVC y acabado fosfatado Cod.: 634021-240 Detalles del producto Pinzas articuladas Ajuste de uni\u00f3n con tornillo Dientes dise\u00f1ados para asegurar el agarre Mordazas para agarre de formas tubulares y planas Mangos de PVC Material: Aleaci\u00f3n de acero de alto rendimiento Opciones de acabado: cromo o fosfatado Disponible art\u00edculo suelto o [&hellip;]","og_url":"https:\/\/soymat.com\/es\/producto\/pinza-articulada-con-mango-de-pvc-y-acabado-fosfatado\/","og_site_name":"SoyMat \u2013 Seguridad Industrial","article_modified_time":"2026-04-18T16:08:23+00:00","og_image":[{"width":1200,"height":1200,"url":"https:\/\/soymat.com\/wp-content\/uploads\/2025\/01\/634021-240_2.jpg","type":"image\/jpeg"}],"twitter_card":"summary_large_image","twitter_misc":{"Tiempo de lectura":"1 minuto"},"schema":{"@context":"https:\/\/schema.org","@graph":[{"@type":"WebPage","@id":"https:\/\/soymat.com\/producto\/pinza-articulada-con-mango-de-pvc-y-acabado-fosfatado\/","url":"https:\/\/soymat.com\/producto\/pinza-articulada-con-mango-de-pvc-y-acabado-fosfatado\/","name":"Pinza articulada con mango de PVC y acabado fosfatado - SoyMat \u2013 Seguridad Industrial","isPartOf":{"@id":"https:\/\/soymat.com\/#website"},"primaryImageOfPage":{"@id":"https:\/\/soymat.com\/producto\/pinza-articulada-con-mango-de-pvc-y-acabado-fosfatado\/#primaryimage"},"image":{"@id":"https:\/\/soymat.com\/producto\/pinza-articulada-con-mango-de-pvc-y-acabado-fosfatado\/#primaryimage"},"thumbnailUrl":"https:\/\/soymat.com\/wp-content\/uploads\/2025\/01\/634021-240_2.jpg","datePublished":"2025-01-30T01:32:34+00:00","dateModified":"2026-04-18T16:08:23+00:00","breadcrumb":{"@id":"https:\/\/soymat.com\/producto\/pinza-articulada-con-mango-de-pvc-y-acabado-fosfatado\/#breadcrumb"},"inLanguage":"es-AR","potentialAction":[{"@type":"ReadAction","target":["https:\/\/soymat.com\/producto\/pinza-articulada-con-mango-de-pvc-y-acabado-fosfatado\/"]}]},{"@type":"ImageObject","inLanguage":"es-AR","@id":"https:\/\/soymat.com\/producto\/pinza-articulada-con-mango-de-pvc-y-acabado-fosfatado\/#primaryimage","url":"https:\/\/soymat.com\/wp-content\/uploads\/2025\/01\/634021-240_2.jpg","contentUrl":"https:\/\/soymat.com\/wp-content\/uploads\/2025\/01\/634021-240_2.jpg","width":1200,"height":1200},{"@type":"BreadcrumbList","@id":"https:\/\/soymat.com\/producto\/pinza-articulada-con-mango-de-pvc-y-acabado-fosfatado\/#breadcrumb","itemListElement":[{"@type":"ListItem","position":1,"name":"Portada","item":"https:\/\/soymat.com\/"},{"@type":"ListItem","position":2,"name":"Todos los Productos","item":"https:\/\/soymat.com\/shop\/"},{"@type":"ListItem","position":3,"name":"Pinza articulada con mango de PVC y acabado fosfatado"}]},{"@type":"WebSite","@id":"https:\/\/soymat.com\/#website","url":"https:\/\/soymat.com\/","name":"So&Mat","description":"Empresa Dedicada a la protecci\u00f3n global contra incendio . matafuegos redes bombas,venta instalaci\u00f3n y service, protecci\u00f3n y confort laboral en todo concepto.","publisher":{"@id":"https:\/\/soymat.com\/#organization"},"alternateName":"So&Mat","potentialAction":[{"@type":"SearchAction","target":{"@type":"EntryPoint","urlTemplate":"https:\/\/soymat.com\/?s={search_term_string}"},"query-input":{"@type":"PropertyValueSpecification","valueRequired":true,"valueName":"search_term_string"}}],"inLanguage":"es-AR"},{"@type":"Organization","@id":"https:\/\/soymat.com\/#organization","name":"So&Mat","url":"https:\/\/soymat.com\/","logo":{"@type":"ImageObject","inLanguage":"es-AR","@id":"https:\/\/soymat.com\/#\/schema\/logo\/image\/","url":"https:\/\/soymat.com\/wp-content\/uploads\/2024\/08\/SoyMat.jpg","contentUrl":"https:\/\/soymat.com\/wp-content\/uploads\/2024\/08\/SoyMat.jpg","width":600,"height":236,"caption":"So&Mat"},"image":{"@id":"https:\/\/soymat.com\/#\/schema\/logo\/image\/"}}]}},"_links":{"self":[{"href":"https:\/\/soymat.com\/es\/wp-json\/wp\/v2\/product\/21220","targetHints":{"allow":["GET"]}}],"collection":[{"href":"https:\/\/soymat.com\/es\/wp-json\/wp\/v2\/product"}],"about":[{"href":"https:\/\/soymat.com\/es\/wp-json\/wp\/v2\/types\/product"}],"wp:featuredmedia":[{"embeddable":true,"href":"https:\/\/soymat.com\/es\/wp-json\/wp\/v2\/media\/21223"}],"wp:attachment":[{"href":"https:\/\/soymat.com\/es\/wp-json\/wp\/v2\/media?parent=21220"}],"wp:term":[{"taxonomy":"product_cat","embeddable":true,"href":"https:\/\/soymat.com\/es\/wp-json\/wp\/v2\/product_cat?post=21220"},{"taxonomy":"product_tag","embeddable":true,"href":"https:\/\/soymat.com\/es\/wp-json\/wp\/v2\/product_tag?post=21220"}],"curies":[{"name":"wp","href":"https:\/\/api.w.org\/{rel}","templated":true}]}}