{"id":21230,"date":"2025-01-29T22:40:02","date_gmt":"2025-01-30T01:40:02","guid":{"rendered":"https:\/\/soymat.com\/?post_type=product&#038;p=21230"},"modified":"2026-04-20T19:06:32","modified_gmt":"2026-04-20T22:06:32","slug":"juego-de-llaves-tipo-allen-pavonadas-c-punta-de-bola-larga-9-piezas","status":"publish","type":"product","link":"https:\/\/soymat.com\/es\/producto\/juego-de-llaves-tipo-allen-pavonadas-c-punta-de-bola-larga-9-piezas\/","title":{"rendered":"Juego de llaves tipo Allen pavonadas c\/ punta de bola larga &#8211; 9 piezas"},"content":{"rendered":"<p><strong>Juego de llaves tipo allen pavonadas con punta de bola larga, 9 piezas<\/strong><br \/>\nCod.: 48-9-H<\/p>\n<p>Detalles del producto<br \/>\nIncluye 9 llaves tipo allen con extremo de bola en dimensiones m\u00e9tricas.<br \/>\nMedidas: 1,5, 2, 2,5, 3, 4, 5, 6, 8 y 10 mm.<br \/>\nLlave larga.<br \/>\nCon bola hexagonal en el brazo largo. F\u00e1cil de introducir en la cabeza del tornillo desde varios \u00e1ngulos. Para un trabajo m\u00e1s eficiente y ahorro de tiempo.<br \/>\nLa larga garra proporciona una mayor transmisi\u00f3n del par de apriete y m\u00e1s accesibilidad.<br \/>\nEl tratamiento con acabado oxidado proporciona una excelente protecci\u00f3n de la superficie; mayor precisi\u00f3n en la punta.<br \/>\nAcero de alta calidad, totalmente templado.<br \/>\nMedida grabada en la hoja para una f\u00e1cil identificaci\u00f3n.<br \/>\nEn soporte de pl\u00e1stico.<br \/>\nLos tama\u00f1os est\u00e1n marcados en el soporte para facilitar la selecci\u00f3n.<br \/>\nAgujero para colgar.<\/p>","protected":false},"excerpt":{"rendered":"<p>Juego de llaves tipo allen pavonadas con punta de bola larga, 9 piezas Cod.: 48-9-H Detalles del producto Incluye 9 llaves tipo allen con extremo de bola en dimensiones m\u00e9tricas. Medidas: 1,5, 2, 2,5, 3, 4, 5, 6, 8 y 10 mm. Llave larga. Con bola hexagonal en el brazo largo. F\u00e1cil de introducir en [&hellip;]<\/p>\n","protected":false},"featured_media":21232,"template":"","meta":[],"product_cat":[191],"product_tag":[346,307],"class_list":{"0":"post-21230","1":"product","2":"type-product","3":"status-publish","4":"has-post-thumbnail","6":"product_brand-irimo-herramientas-y-equipamientos-manuales","7":"product_cat-maquinas-y-herramientas","8":"product_tag-mecanica-general","9":"product_tag-taller-mecanico","11":"first","12":"instock","13":"taxable","14":"shipping-taxable","15":"purchasable","16":"product-type-simple","17":"add-to-wishlist-after_add_to_cart"},"yoast_head":"<!-- This site is optimized with the Yoast SEO Premium plugin v26.9 (Yoast SEO v26.9) - https:\/\/yoast.com\/product\/yoast-seo-premium-wordpress\/ -->\n<title>Juego de llaves tipo Allen pavonadas c\/ punta de bola larga - 9 piezas - SoyMat \u2013 Seguridad Industrial<\/title>\n<meta name=\"robots\" content=\"index, follow, max-snippet:-1, max-image-preview:large, max-video-preview:-1\" \/>\n<link rel=\"canonical\" href=\"https:\/\/soymat.com\/es\/producto\/juego-de-llaves-tipo-allen-pavonadas-c-punta-de-bola-larga-9-piezas\/\" \/>\n<meta property=\"og:locale\" content=\"es_ES\" \/>\n<meta property=\"og:type\" content=\"article\" \/>\n<meta property=\"og:title\" content=\"Juego de llaves tipo Allen pavonadas c\/ punta de bola larga - 9 piezas\" \/>\n<meta property=\"og:description\" content=\"Juego de llaves tipo allen pavonadas con punta de bola larga, 9 piezas Cod.: 48-9-H Detalles del producto Incluye 9 llaves tipo allen con extremo de bola en dimensiones m\u00e9tricas. Medidas: 1,5, 2, 2,5, 3, 4, 5, 6, 8 y 10 mm. Llave larga. Con bola hexagonal en el brazo largo. F\u00e1cil de introducir en [&hellip;]\" \/>\n<meta property=\"og:url\" content=\"https:\/\/soymat.com\/es\/producto\/juego-de-llaves-tipo-allen-pavonadas-c-punta-de-bola-larga-9-piezas\/\" \/>\n<meta property=\"og:site_name\" content=\"SoyMat \u2013 Seguridad Industrial\" \/>\n<meta property=\"article:modified_time\" content=\"2026-04-20T22:06:32+00:00\" \/>\n<meta property=\"og:image\" content=\"https:\/\/soymat.com\/wp-content\/uploads\/2025\/01\/48-9-H.jpg\" \/>\n\t<meta property=\"og:image:width\" content=\"1200\" \/>\n\t<meta property=\"og:image:height\" content=\"1200\" \/>\n\t<meta property=\"og:image:type\" content=\"image\/jpeg\" \/>\n<meta name=\"twitter:card\" content=\"summary_large_image\" \/>\n<meta name=\"twitter:label1\" content=\"Tiempo de lectura\" \/>\n\t<meta name=\"twitter:data1\" content=\"1 minuto\" \/>\n<script type=\"application\/ld+json\" class=\"yoast-schema-graph\">{\"@context\":\"https:\/\/schema.org\",\"@graph\":[{\"@type\":\"WebPage\",\"@id\":\"https:\/\/soymat.com\/producto\/juego-de-llaves-tipo-allen-pavonadas-c-punta-de-bola-larga-9-piezas\/\",\"url\":\"https:\/\/soymat.com\/producto\/juego-de-llaves-tipo-allen-pavonadas-c-punta-de-bola-larga-9-piezas\/\",\"name\":\"Juego de llaves tipo Allen pavonadas c\/ punta de bola larga - 9 piezas - SoyMat \u2013 Seguridad Industrial\",\"isPartOf\":{\"@id\":\"https:\/\/soymat.com\/#website\"},\"primaryImageOfPage\":{\"@id\":\"https:\/\/soymat.com\/producto\/juego-de-llaves-tipo-allen-pavonadas-c-punta-de-bola-larga-9-piezas\/#primaryimage\"},\"image\":{\"@id\":\"https:\/\/soymat.com\/producto\/juego-de-llaves-tipo-allen-pavonadas-c-punta-de-bola-larga-9-piezas\/#primaryimage\"},\"thumbnailUrl\":\"https:\/\/soymat.com\/wp-content\/uploads\/2025\/01\/48-9-H.jpg\",\"datePublished\":\"2025-01-30T01:40:02+00:00\",\"dateModified\":\"2026-04-20T22:06:32+00:00\",\"breadcrumb\":{\"@id\":\"https:\/\/soymat.com\/producto\/juego-de-llaves-tipo-allen-pavonadas-c-punta-de-bola-larga-9-piezas\/#breadcrumb\"},\"inLanguage\":\"es-AR\",\"potentialAction\":[{\"@type\":\"ReadAction\",\"target\":[\"https:\/\/soymat.com\/producto\/juego-de-llaves-tipo-allen-pavonadas-c-punta-de-bola-larga-9-piezas\/\"]}]},{\"@type\":\"ImageObject\",\"inLanguage\":\"es-AR\",\"@id\":\"https:\/\/soymat.com\/producto\/juego-de-llaves-tipo-allen-pavonadas-c-punta-de-bola-larga-9-piezas\/#primaryimage\",\"url\":\"https:\/\/soymat.com\/wp-content\/uploads\/2025\/01\/48-9-H.jpg\",\"contentUrl\":\"https:\/\/soymat.com\/wp-content\/uploads\/2025\/01\/48-9-H.jpg\",\"width\":1200,\"height\":1200},{\"@type\":\"BreadcrumbList\",\"@id\":\"https:\/\/soymat.com\/producto\/juego-de-llaves-tipo-allen-pavonadas-c-punta-de-bola-larga-9-piezas\/#breadcrumb\",\"itemListElement\":[{\"@type\":\"ListItem\",\"position\":1,\"name\":\"Portada\",\"item\":\"https:\/\/soymat.com\/\"},{\"@type\":\"ListItem\",\"position\":2,\"name\":\"Todos los Productos\",\"item\":\"https:\/\/soymat.com\/shop\/\"},{\"@type\":\"ListItem\",\"position\":3,\"name\":\"Juego de llaves tipo Allen pavonadas c\/ punta de bola larga &#8211; 9 piezas\"}]},{\"@type\":\"WebSite\",\"@id\":\"https:\/\/soymat.com\/#website\",\"url\":\"https:\/\/soymat.com\/\",\"name\":\"So&Mat\",\"description\":\"Empresa Dedicada a la protecci\u00f3n global contra incendio . matafuegos redes bombas,venta instalaci\u00f3n y service, protecci\u00f3n y confort laboral en todo concepto.\",\"publisher\":{\"@id\":\"https:\/\/soymat.com\/#organization\"},\"alternateName\":\"So&Mat\",\"potentialAction\":[{\"@type\":\"SearchAction\",\"target\":{\"@type\":\"EntryPoint\",\"urlTemplate\":\"https:\/\/soymat.com\/?s={search_term_string}\"},\"query-input\":{\"@type\":\"PropertyValueSpecification\",\"valueRequired\":true,\"valueName\":\"search_term_string\"}}],\"inLanguage\":\"es-AR\"},{\"@type\":\"Organization\",\"@id\":\"https:\/\/soymat.com\/#organization\",\"name\":\"So&Mat\",\"url\":\"https:\/\/soymat.com\/\",\"logo\":{\"@type\":\"ImageObject\",\"inLanguage\":\"es-AR\",\"@id\":\"https:\/\/soymat.com\/#\/schema\/logo\/image\/\",\"url\":\"https:\/\/soymat.com\/wp-content\/uploads\/2024\/08\/SoyMat.jpg\",\"contentUrl\":\"https:\/\/soymat.com\/wp-content\/uploads\/2024\/08\/SoyMat.jpg\",\"width\":600,\"height\":236,\"caption\":\"So&Mat\"},\"image\":{\"@id\":\"https:\/\/soymat.com\/#\/schema\/logo\/image\/\"}}]}<\/script>\n<!-- \/ Yoast SEO Premium plugin. -->","yoast_head_json":{"title":"Juego de llaves tipo Allen pavonadas c\/ punta de bola larga - 9 piezas - SoyMat \u2013 Seguridad Industrial","robots":{"index":"index","follow":"follow","max-snippet":"max-snippet:-1","max-image-preview":"max-image-preview:large","max-video-preview":"max-video-preview:-1"},"canonical":"https:\/\/soymat.com\/es\/producto\/juego-de-llaves-tipo-allen-pavonadas-c-punta-de-bola-larga-9-piezas\/","og_locale":"es_ES","og_type":"article","og_title":"Juego de llaves tipo Allen pavonadas c\/ punta de bola larga - 9 piezas","og_description":"Juego de llaves tipo allen pavonadas con punta de bola larga, 9 piezas Cod.: 48-9-H Detalles del producto Incluye 9 llaves tipo allen con extremo de bola en dimensiones m\u00e9tricas. Medidas: 1,5, 2, 2,5, 3, 4, 5, 6, 8 y 10 mm. Llave larga. Con bola hexagonal en el brazo largo. F\u00e1cil de introducir en [&hellip;]","og_url":"https:\/\/soymat.com\/es\/producto\/juego-de-llaves-tipo-allen-pavonadas-c-punta-de-bola-larga-9-piezas\/","og_site_name":"SoyMat \u2013 Seguridad Industrial","article_modified_time":"2026-04-20T22:06:32+00:00","og_image":[{"width":1200,"height":1200,"url":"https:\/\/soymat.com\/wp-content\/uploads\/2025\/01\/48-9-H.jpg","type":"image\/jpeg"}],"twitter_card":"summary_large_image","twitter_misc":{"Tiempo de lectura":"1 minuto"},"schema":{"@context":"https:\/\/schema.org","@graph":[{"@type":"WebPage","@id":"https:\/\/soymat.com\/producto\/juego-de-llaves-tipo-allen-pavonadas-c-punta-de-bola-larga-9-piezas\/","url":"https:\/\/soymat.com\/producto\/juego-de-llaves-tipo-allen-pavonadas-c-punta-de-bola-larga-9-piezas\/","name":"Juego de llaves tipo Allen pavonadas c\/ punta de bola larga - 9 piezas - SoyMat \u2013 Seguridad Industrial","isPartOf":{"@id":"https:\/\/soymat.com\/#website"},"primaryImageOfPage":{"@id":"https:\/\/soymat.com\/producto\/juego-de-llaves-tipo-allen-pavonadas-c-punta-de-bola-larga-9-piezas\/#primaryimage"},"image":{"@id":"https:\/\/soymat.com\/producto\/juego-de-llaves-tipo-allen-pavonadas-c-punta-de-bola-larga-9-piezas\/#primaryimage"},"thumbnailUrl":"https:\/\/soymat.com\/wp-content\/uploads\/2025\/01\/48-9-H.jpg","datePublished":"2025-01-30T01:40:02+00:00","dateModified":"2026-04-20T22:06:32+00:00","breadcrumb":{"@id":"https:\/\/soymat.com\/producto\/juego-de-llaves-tipo-allen-pavonadas-c-punta-de-bola-larga-9-piezas\/#breadcrumb"},"inLanguage":"es-AR","potentialAction":[{"@type":"ReadAction","target":["https:\/\/soymat.com\/producto\/juego-de-llaves-tipo-allen-pavonadas-c-punta-de-bola-larga-9-piezas\/"]}]},{"@type":"ImageObject","inLanguage":"es-AR","@id":"https:\/\/soymat.com\/producto\/juego-de-llaves-tipo-allen-pavonadas-c-punta-de-bola-larga-9-piezas\/#primaryimage","url":"https:\/\/soymat.com\/wp-content\/uploads\/2025\/01\/48-9-H.jpg","contentUrl":"https:\/\/soymat.com\/wp-content\/uploads\/2025\/01\/48-9-H.jpg","width":1200,"height":1200},{"@type":"BreadcrumbList","@id":"https:\/\/soymat.com\/producto\/juego-de-llaves-tipo-allen-pavonadas-c-punta-de-bola-larga-9-piezas\/#breadcrumb","itemListElement":[{"@type":"ListItem","position":1,"name":"Portada","item":"https:\/\/soymat.com\/"},{"@type":"ListItem","position":2,"name":"Todos los Productos","item":"https:\/\/soymat.com\/shop\/"},{"@type":"ListItem","position":3,"name":"Juego de llaves tipo Allen pavonadas c\/ punta de bola larga &#8211; 9 piezas"}]},{"@type":"WebSite","@id":"https:\/\/soymat.com\/#website","url":"https:\/\/soymat.com\/","name":"So&Mat","description":"Empresa Dedicada a la protecci\u00f3n global contra incendio . matafuegos redes bombas,venta instalaci\u00f3n y service, protecci\u00f3n y confort laboral en todo concepto.","publisher":{"@id":"https:\/\/soymat.com\/#organization"},"alternateName":"So&Mat","potentialAction":[{"@type":"SearchAction","target":{"@type":"EntryPoint","urlTemplate":"https:\/\/soymat.com\/?s={search_term_string}"},"query-input":{"@type":"PropertyValueSpecification","valueRequired":true,"valueName":"search_term_string"}}],"inLanguage":"es-AR"},{"@type":"Organization","@id":"https:\/\/soymat.com\/#organization","name":"So&Mat","url":"https:\/\/soymat.com\/","logo":{"@type":"ImageObject","inLanguage":"es-AR","@id":"https:\/\/soymat.com\/#\/schema\/logo\/image\/","url":"https:\/\/soymat.com\/wp-content\/uploads\/2024\/08\/SoyMat.jpg","contentUrl":"https:\/\/soymat.com\/wp-content\/uploads\/2024\/08\/SoyMat.jpg","width":600,"height":236,"caption":"So&Mat"},"image":{"@id":"https:\/\/soymat.com\/#\/schema\/logo\/image\/"}}]}},"_links":{"self":[{"href":"https:\/\/soymat.com\/es\/wp-json\/wp\/v2\/product\/21230","targetHints":{"allow":["GET"]}}],"collection":[{"href":"https:\/\/soymat.com\/es\/wp-json\/wp\/v2\/product"}],"about":[{"href":"https:\/\/soymat.com\/es\/wp-json\/wp\/v2\/types\/product"}],"wp:featuredmedia":[{"embeddable":true,"href":"https:\/\/soymat.com\/es\/wp-json\/wp\/v2\/media\/21232"}],"wp:attachment":[{"href":"https:\/\/soymat.com\/es\/wp-json\/wp\/v2\/media?parent=21230"}],"wp:term":[{"taxonomy":"product_cat","embeddable":true,"href":"https:\/\/soymat.com\/es\/wp-json\/wp\/v2\/product_cat?post=21230"},{"taxonomy":"product_tag","embeddable":true,"href":"https:\/\/soymat.com\/es\/wp-json\/wp\/v2\/product_tag?post=21230"}],"curies":[{"name":"wp","href":"https:\/\/api.w.org\/{rel}","templated":true}]}}