{"id":21254,"date":"2025-01-30T09:47:05","date_gmt":"2025-01-30T12:47:05","guid":{"rendered":"https:\/\/soymat.com\/?post_type=product&#038;p=21254"},"modified":"2026-02-04T19:06:57","modified_gmt":"2026-02-04T22:06:57","slug":"mordaza-rapida-profesional-300mm","status":"publish","type":"product","link":"https:\/\/soymat.com\/es\/producto\/mordaza-rapida-profesional-300mm\/","title":{"rendered":"Mordaza R\u00e1pida Profesional &#8211; 300mm"},"content":{"rendered":"<p><strong>Mordaza R\u00e1pida Profesional<\/strong><br \/>\nCod.: 254-300-2 300mm<\/p>\n<p><strong>Otras medidas:<\/strong><\/p>\n<p>Cod.: 254-600-2 600mm<br \/>\nCod.: 254-450-2 450mm<\/p>\n<p><strong>Detalles del producto<\/strong><br \/>\nMordaza profesional.<br \/>\nSistema de crique para facilitar el ajuste y la sujeci\u00f3n.<br \/>\nLongitud de 300 a 600 mm.<br \/>\nGran capacidad de sujeci\u00f3n de hasta 510 kg.<br \/>\nCapacidad de 200 a 600 mm.<br \/>\nLa gu\u00eda, el cuerpo y las mordazas son de acero.<br \/>\nMango de aluminio con gatillo de pl\u00e1stico.<br \/>\nMecanismo de freno anti-deslizante.<br \/>\nDisco superior fijo y disco inferior oscilante.<br \/>\nEmbalaje en bl\u00edster con etiqueta para mostrar informaci\u00f3n relevante.<\/p>","protected":false},"excerpt":{"rendered":"<p>Mordaza R\u00e1pida Profesional Cod.: 254-300-2 300mm Otras medidas: Cod.: 254-600-2 600mm Cod.: 254-450-2 450mm Detalles del producto Mordaza profesional. Sistema de crique para facilitar el ajuste y la sujeci\u00f3n. Longitud de 300 a 600 mm. Gran capacidad de sujeci\u00f3n de hasta 510 kg. Capacidad de 200 a 600 mm. La gu\u00eda, el cuerpo y las [&hellip;]<\/p>\n","protected":false},"featured_media":21257,"template":"","meta":[],"product_cat":[191],"product_tag":[399,387,301,196,307,400],"class_list":{"0":"post-21254","1":"product","2":"type-product","3":"status-publish","4":"has-post-thumbnail","6":"product_brand-irimo-herramientas-y-equipamientos-manuales","7":"product_cat-maquinas-y-herramientas","8":"product_tag-carpinteria","9":"product_tag-emprendedor","10":"product_tag-muebleria","11":"product_tag-taller","12":"product_tag-taller-mecanico","13":"product_tag-tapiceria","15":"first","16":"instock","17":"taxable","18":"shipping-taxable","19":"purchasable","20":"product-type-simple","21":"add-to-wishlist-after_add_to_cart"},"yoast_head":"<!-- This site is optimized with the Yoast SEO Premium plugin v26.9 (Yoast SEO v26.9) - https:\/\/yoast.com\/product\/yoast-seo-premium-wordpress\/ -->\n<title>Mordaza R\u00e1pida Profesional - 300mm - SoyMat \u2013 Seguridad Industrial<\/title>\n<meta name=\"robots\" content=\"index, follow, max-snippet:-1, max-image-preview:large, max-video-preview:-1\" \/>\n<link rel=\"canonical\" href=\"https:\/\/soymat.com\/es\/producto\/mordaza-rapida-profesional-300mm\/\" \/>\n<meta property=\"og:locale\" content=\"es_ES\" \/>\n<meta property=\"og:type\" content=\"article\" \/>\n<meta property=\"og:title\" content=\"Mordaza R\u00e1pida Profesional - 300mm\" \/>\n<meta property=\"og:description\" content=\"Mordaza R\u00e1pida Profesional Cod.: 254-300-2 300mm Otras medidas: Cod.: 254-600-2 600mm Cod.: 254-450-2 450mm Detalles del producto Mordaza profesional. Sistema de crique para facilitar el ajuste y la sujeci\u00f3n. Longitud de 300 a 600 mm. Gran capacidad de sujeci\u00f3n de hasta 510 kg. Capacidad de 200 a 600 mm. La gu\u00eda, el cuerpo y las [&hellip;]\" \/>\n<meta property=\"og:url\" content=\"https:\/\/soymat.com\/es\/producto\/mordaza-rapida-profesional-300mm\/\" \/>\n<meta property=\"og:site_name\" content=\"SoyMat \u2013 Seguridad Industrial\" \/>\n<meta property=\"article:modified_time\" content=\"2026-02-04T22:06:57+00:00\" \/>\n<meta property=\"og:image\" content=\"https:\/\/soymat.com\/wp-content\/uploads\/2025\/01\/254-600-2-2.jpg\" \/>\n\t<meta property=\"og:image:width\" content=\"1200\" \/>\n\t<meta property=\"og:image:height\" content=\"1200\" \/>\n\t<meta property=\"og:image:type\" content=\"image\/jpeg\" \/>\n<meta name=\"twitter:card\" content=\"summary_large_image\" \/>\n<meta name=\"twitter:label1\" content=\"Tiempo de lectura\" \/>\n\t<meta name=\"twitter:data1\" content=\"1 minuto\" \/>\n<script type=\"application\/ld+json\" class=\"yoast-schema-graph\">{\"@context\":\"https:\/\/schema.org\",\"@graph\":[{\"@type\":\"WebPage\",\"@id\":\"https:\/\/soymat.com\/producto\/mordaza-rapida-profesional-300mm\/\",\"url\":\"https:\/\/soymat.com\/producto\/mordaza-rapida-profesional-300mm\/\",\"name\":\"Mordaza R\u00e1pida Profesional - 300mm - SoyMat \u2013 Seguridad Industrial\",\"isPartOf\":{\"@id\":\"https:\/\/soymat.com\/#website\"},\"primaryImageOfPage\":{\"@id\":\"https:\/\/soymat.com\/producto\/mordaza-rapida-profesional-300mm\/#primaryimage\"},\"image\":{\"@id\":\"https:\/\/soymat.com\/producto\/mordaza-rapida-profesional-300mm\/#primaryimage\"},\"thumbnailUrl\":\"https:\/\/soymat.com\/wp-content\/uploads\/2025\/01\/254-600-2-2.jpg\",\"datePublished\":\"2025-01-30T12:47:05+00:00\",\"dateModified\":\"2026-02-04T22:06:57+00:00\",\"breadcrumb\":{\"@id\":\"https:\/\/soymat.com\/producto\/mordaza-rapida-profesional-300mm\/#breadcrumb\"},\"inLanguage\":\"es-AR\",\"potentialAction\":[{\"@type\":\"ReadAction\",\"target\":[\"https:\/\/soymat.com\/producto\/mordaza-rapida-profesional-300mm\/\"]}]},{\"@type\":\"ImageObject\",\"inLanguage\":\"es-AR\",\"@id\":\"https:\/\/soymat.com\/producto\/mordaza-rapida-profesional-300mm\/#primaryimage\",\"url\":\"https:\/\/soymat.com\/wp-content\/uploads\/2025\/01\/254-600-2-2.jpg\",\"contentUrl\":\"https:\/\/soymat.com\/wp-content\/uploads\/2025\/01\/254-600-2-2.jpg\",\"width\":1200,\"height\":1200},{\"@type\":\"BreadcrumbList\",\"@id\":\"https:\/\/soymat.com\/producto\/mordaza-rapida-profesional-300mm\/#breadcrumb\",\"itemListElement\":[{\"@type\":\"ListItem\",\"position\":1,\"name\":\"Portada\",\"item\":\"https:\/\/soymat.com\/\"},{\"@type\":\"ListItem\",\"position\":2,\"name\":\"Todos los Productos\",\"item\":\"https:\/\/soymat.com\/shop\/\"},{\"@type\":\"ListItem\",\"position\":3,\"name\":\"Mordaza R\u00e1pida Profesional &#8211; 300mm\"}]},{\"@type\":\"WebSite\",\"@id\":\"https:\/\/soymat.com\/#website\",\"url\":\"https:\/\/soymat.com\/\",\"name\":\"So&Mat\",\"description\":\"Empresa Dedicada a la protecci\u00f3n global contra incendio . matafuegos redes bombas,venta instalaci\u00f3n y service, protecci\u00f3n y confort laboral en todo concepto.\",\"publisher\":{\"@id\":\"https:\/\/soymat.com\/#organization\"},\"alternateName\":\"So&Mat\",\"potentialAction\":[{\"@type\":\"SearchAction\",\"target\":{\"@type\":\"EntryPoint\",\"urlTemplate\":\"https:\/\/soymat.com\/?s={search_term_string}\"},\"query-input\":{\"@type\":\"PropertyValueSpecification\",\"valueRequired\":true,\"valueName\":\"search_term_string\"}}],\"inLanguage\":\"es-AR\"},{\"@type\":\"Organization\",\"@id\":\"https:\/\/soymat.com\/#organization\",\"name\":\"So&Mat\",\"url\":\"https:\/\/soymat.com\/\",\"logo\":{\"@type\":\"ImageObject\",\"inLanguage\":\"es-AR\",\"@id\":\"https:\/\/soymat.com\/#\/schema\/logo\/image\/\",\"url\":\"https:\/\/soymat.com\/wp-content\/uploads\/2024\/08\/SoyMat.jpg\",\"contentUrl\":\"https:\/\/soymat.com\/wp-content\/uploads\/2024\/08\/SoyMat.jpg\",\"width\":600,\"height\":236,\"caption\":\"So&Mat\"},\"image\":{\"@id\":\"https:\/\/soymat.com\/#\/schema\/logo\/image\/\"}}]}<\/script>\n<!-- \/ Yoast SEO Premium plugin. -->","yoast_head_json":{"title":"Mordaza R\u00e1pida Profesional - 300mm - SoyMat \u2013 Seguridad Industrial","robots":{"index":"index","follow":"follow","max-snippet":"max-snippet:-1","max-image-preview":"max-image-preview:large","max-video-preview":"max-video-preview:-1"},"canonical":"https:\/\/soymat.com\/es\/producto\/mordaza-rapida-profesional-300mm\/","og_locale":"es_ES","og_type":"article","og_title":"Mordaza R\u00e1pida Profesional - 300mm","og_description":"Mordaza R\u00e1pida Profesional Cod.: 254-300-2 300mm Otras medidas: Cod.: 254-600-2 600mm Cod.: 254-450-2 450mm Detalles del producto Mordaza profesional. Sistema de crique para facilitar el ajuste y la sujeci\u00f3n. Longitud de 300 a 600 mm. Gran capacidad de sujeci\u00f3n de hasta 510 kg. Capacidad de 200 a 600 mm. La gu\u00eda, el cuerpo y las [&hellip;]","og_url":"https:\/\/soymat.com\/es\/producto\/mordaza-rapida-profesional-300mm\/","og_site_name":"SoyMat \u2013 Seguridad Industrial","article_modified_time":"2026-02-04T22:06:57+00:00","og_image":[{"width":1200,"height":1200,"url":"https:\/\/soymat.com\/wp-content\/uploads\/2025\/01\/254-600-2-2.jpg","type":"image\/jpeg"}],"twitter_card":"summary_large_image","twitter_misc":{"Tiempo de lectura":"1 minuto"},"schema":{"@context":"https:\/\/schema.org","@graph":[{"@type":"WebPage","@id":"https:\/\/soymat.com\/producto\/mordaza-rapida-profesional-300mm\/","url":"https:\/\/soymat.com\/producto\/mordaza-rapida-profesional-300mm\/","name":"Mordaza R\u00e1pida Profesional - 300mm - SoyMat \u2013 Seguridad Industrial","isPartOf":{"@id":"https:\/\/soymat.com\/#website"},"primaryImageOfPage":{"@id":"https:\/\/soymat.com\/producto\/mordaza-rapida-profesional-300mm\/#primaryimage"},"image":{"@id":"https:\/\/soymat.com\/producto\/mordaza-rapida-profesional-300mm\/#primaryimage"},"thumbnailUrl":"https:\/\/soymat.com\/wp-content\/uploads\/2025\/01\/254-600-2-2.jpg","datePublished":"2025-01-30T12:47:05+00:00","dateModified":"2026-02-04T22:06:57+00:00","breadcrumb":{"@id":"https:\/\/soymat.com\/producto\/mordaza-rapida-profesional-300mm\/#breadcrumb"},"inLanguage":"es-AR","potentialAction":[{"@type":"ReadAction","target":["https:\/\/soymat.com\/producto\/mordaza-rapida-profesional-300mm\/"]}]},{"@type":"ImageObject","inLanguage":"es-AR","@id":"https:\/\/soymat.com\/producto\/mordaza-rapida-profesional-300mm\/#primaryimage","url":"https:\/\/soymat.com\/wp-content\/uploads\/2025\/01\/254-600-2-2.jpg","contentUrl":"https:\/\/soymat.com\/wp-content\/uploads\/2025\/01\/254-600-2-2.jpg","width":1200,"height":1200},{"@type":"BreadcrumbList","@id":"https:\/\/soymat.com\/producto\/mordaza-rapida-profesional-300mm\/#breadcrumb","itemListElement":[{"@type":"ListItem","position":1,"name":"Portada","item":"https:\/\/soymat.com\/"},{"@type":"ListItem","position":2,"name":"Todos los Productos","item":"https:\/\/soymat.com\/shop\/"},{"@type":"ListItem","position":3,"name":"Mordaza R\u00e1pida Profesional &#8211; 300mm"}]},{"@type":"WebSite","@id":"https:\/\/soymat.com\/#website","url":"https:\/\/soymat.com\/","name":"So&Mat","description":"Empresa Dedicada a la protecci\u00f3n global contra incendio . matafuegos redes bombas,venta instalaci\u00f3n y service, protecci\u00f3n y confort laboral en todo concepto.","publisher":{"@id":"https:\/\/soymat.com\/#organization"},"alternateName":"So&Mat","potentialAction":[{"@type":"SearchAction","target":{"@type":"EntryPoint","urlTemplate":"https:\/\/soymat.com\/?s={search_term_string}"},"query-input":{"@type":"PropertyValueSpecification","valueRequired":true,"valueName":"search_term_string"}}],"inLanguage":"es-AR"},{"@type":"Organization","@id":"https:\/\/soymat.com\/#organization","name":"So&Mat","url":"https:\/\/soymat.com\/","logo":{"@type":"ImageObject","inLanguage":"es-AR","@id":"https:\/\/soymat.com\/#\/schema\/logo\/image\/","url":"https:\/\/soymat.com\/wp-content\/uploads\/2024\/08\/SoyMat.jpg","contentUrl":"https:\/\/soymat.com\/wp-content\/uploads\/2024\/08\/SoyMat.jpg","width":600,"height":236,"caption":"So&Mat"},"image":{"@id":"https:\/\/soymat.com\/#\/schema\/logo\/image\/"}}]}},"_links":{"self":[{"href":"https:\/\/soymat.com\/es\/wp-json\/wp\/v2\/product\/21254","targetHints":{"allow":["GET"]}}],"collection":[{"href":"https:\/\/soymat.com\/es\/wp-json\/wp\/v2\/product"}],"about":[{"href":"https:\/\/soymat.com\/es\/wp-json\/wp\/v2\/types\/product"}],"wp:featuredmedia":[{"embeddable":true,"href":"https:\/\/soymat.com\/es\/wp-json\/wp\/v2\/media\/21257"}],"wp:attachment":[{"href":"https:\/\/soymat.com\/es\/wp-json\/wp\/v2\/media?parent=21254"}],"wp:term":[{"taxonomy":"product_cat","embeddable":true,"href":"https:\/\/soymat.com\/es\/wp-json\/wp\/v2\/product_cat?post=21254"},{"taxonomy":"product_tag","embeddable":true,"href":"https:\/\/soymat.com\/es\/wp-json\/wp\/v2\/product_tag?post=21254"}],"curies":[{"name":"wp","href":"https:\/\/api.w.org\/{rel}","templated":true}]}}