{"id":21266,"date":"2025-01-30T09:56:08","date_gmt":"2025-01-30T12:56:08","guid":{"rendered":"https:\/\/soymat.com\/?post_type=product&#038;p=21266"},"modified":"2026-02-04T19:06:51","modified_gmt":"2026-02-04T22:06:51","slug":"pistola-para-silicona-cartuchos-de-9","status":"publish","type":"product","link":"https:\/\/soymat.com\/es\/producto\/pistola-para-silicona-cartuchos-de-9\/","title":{"rendered":"Pistola para silicona &#8211; Cartuchos de 9&#8243;"},"content":{"rendered":"<p><strong>Pistola para silicona, cartuchos de 9&#8243;<\/strong><br \/>\nCod.: 549-230-2<\/p>\n<p><strong>Detalles del producto<\/strong><br \/>\nPistola para calafateo para cartuchos de 9&#8243;.<br \/>\nAdecuada para la mayor\u00eda de resinas y pegamentos.<br \/>\nMango y gatillo fabricados con aluminio de alta calidad.<br \/>\nEstructura giratoria para una carga sencilla.<br \/>\nIncluye aguja para la limpieza.<br \/>\nRelaci\u00f3n de empuje de 7:1.<br \/>\nFuerza de empuje m\u00e1xima de 1500 N.<\/p>","protected":false},"excerpt":{"rendered":"<p>Pistola para silicona, cartuchos de 9&#8243; Cod.: 549-230-2 Detalles del producto Pistola para calafateo para cartuchos de 9&#8243;. Adecuada para la mayor\u00eda de resinas y pegamentos. Mango y gatillo fabricados con aluminio de alta calidad. Estructura giratoria para una carga sencilla. Incluye aguja para la limpieza. Relaci\u00f3n de empuje de 7:1. Fuerza de empuje m\u00e1xima [&hellip;]<\/p>\n","protected":false},"featured_media":21270,"template":"","meta":[],"product_cat":[191],"product_tag":[401,404,405,403,402],"class_list":{"0":"post-21266","1":"product","2":"type-product","3":"status-publish","4":"has-post-thumbnail","6":"product_brand-irimo-herramientas-y-equipamientos-manuales","7":"product_cat-maquinas-y-herramientas","8":"product_tag-contsruccion","9":"product_tag-reparaciones","10":"product_tag-silicona","11":"product_tag-techista","12":"product_tag-vidriero","14":"first","15":"outofstock","16":"taxable","17":"shipping-taxable","18":"purchasable","19":"product-type-simple","20":"add-to-wishlist-after_add_to_cart"},"yoast_head":"<!-- This site is optimized with the Yoast SEO Premium plugin v26.9 (Yoast SEO v26.9) - https:\/\/yoast.com\/product\/yoast-seo-premium-wordpress\/ -->\n<title>Pistola para silicona - Cartuchos de 9&quot; - SoyMat \u2013 Seguridad Industrial<\/title>\n<meta name=\"robots\" content=\"index, follow, max-snippet:-1, max-image-preview:large, max-video-preview:-1\" \/>\n<link rel=\"canonical\" href=\"https:\/\/soymat.com\/es\/producto\/pistola-para-silicona-cartuchos-de-9\/\" \/>\n<meta property=\"og:locale\" content=\"es_ES\" \/>\n<meta property=\"og:type\" content=\"article\" \/>\n<meta property=\"og:title\" content=\"Pistola para silicona - Cartuchos de 9&quot;\" \/>\n<meta property=\"og:description\" content=\"Pistola para silicona, cartuchos de 9&#8243; Cod.: 549-230-2 Detalles del producto Pistola para calafateo para cartuchos de 9&#8243;. Adecuada para la mayor\u00eda de resinas y pegamentos. Mango y gatillo fabricados con aluminio de alta calidad. Estructura giratoria para una carga sencilla. Incluye aguja para la limpieza. Relaci\u00f3n de empuje de 7:1. Fuerza de empuje m\u00e1xima [&hellip;]\" \/>\n<meta property=\"og:url\" content=\"https:\/\/soymat.com\/es\/producto\/pistola-para-silicona-cartuchos-de-9\/\" \/>\n<meta property=\"og:site_name\" content=\"SoyMat \u2013 Seguridad Industrial\" \/>\n<meta property=\"article:modified_time\" content=\"2026-02-04T22:06:51+00:00\" \/>\n<meta property=\"og:image\" content=\"https:\/\/soymat.com\/wp-content\/uploads\/2025\/01\/549-230-2.jpg\" \/>\n\t<meta property=\"og:image:width\" content=\"1200\" \/>\n\t<meta property=\"og:image:height\" content=\"1200\" \/>\n\t<meta property=\"og:image:type\" content=\"image\/jpeg\" \/>\n<meta name=\"twitter:card\" content=\"summary_large_image\" \/>\n<meta name=\"twitter:label1\" content=\"Tiempo de lectura\" \/>\n\t<meta name=\"twitter:data1\" content=\"1 minuto\" \/>\n<script type=\"application\/ld+json\" class=\"yoast-schema-graph\">{\"@context\":\"https:\/\/schema.org\",\"@graph\":[{\"@type\":\"WebPage\",\"@id\":\"https:\/\/soymat.com\/producto\/pistola-para-silicona-cartuchos-de-9\/\",\"url\":\"https:\/\/soymat.com\/producto\/pistola-para-silicona-cartuchos-de-9\/\",\"name\":\"Pistola para silicona - Cartuchos de 9\\\" - SoyMat \u2013 Seguridad Industrial\",\"isPartOf\":{\"@id\":\"https:\/\/soymat.com\/#website\"},\"primaryImageOfPage\":{\"@id\":\"https:\/\/soymat.com\/producto\/pistola-para-silicona-cartuchos-de-9\/#primaryimage\"},\"image\":{\"@id\":\"https:\/\/soymat.com\/producto\/pistola-para-silicona-cartuchos-de-9\/#primaryimage\"},\"thumbnailUrl\":\"https:\/\/soymat.com\/wp-content\/uploads\/2025\/01\/549-230-2.jpg\",\"datePublished\":\"2025-01-30T12:56:08+00:00\",\"dateModified\":\"2026-02-04T22:06:51+00:00\",\"breadcrumb\":{\"@id\":\"https:\/\/soymat.com\/producto\/pistola-para-silicona-cartuchos-de-9\/#breadcrumb\"},\"inLanguage\":\"es-AR\",\"potentialAction\":[{\"@type\":\"ReadAction\",\"target\":[\"https:\/\/soymat.com\/producto\/pistola-para-silicona-cartuchos-de-9\/\"]}]},{\"@type\":\"ImageObject\",\"inLanguage\":\"es-AR\",\"@id\":\"https:\/\/soymat.com\/producto\/pistola-para-silicona-cartuchos-de-9\/#primaryimage\",\"url\":\"https:\/\/soymat.com\/wp-content\/uploads\/2025\/01\/549-230-2.jpg\",\"contentUrl\":\"https:\/\/soymat.com\/wp-content\/uploads\/2025\/01\/549-230-2.jpg\",\"width\":1200,\"height\":1200},{\"@type\":\"BreadcrumbList\",\"@id\":\"https:\/\/soymat.com\/producto\/pistola-para-silicona-cartuchos-de-9\/#breadcrumb\",\"itemListElement\":[{\"@type\":\"ListItem\",\"position\":1,\"name\":\"Portada\",\"item\":\"https:\/\/soymat.com\/\"},{\"@type\":\"ListItem\",\"position\":2,\"name\":\"Todos los Productos\",\"item\":\"https:\/\/soymat.com\/shop\/\"},{\"@type\":\"ListItem\",\"position\":3,\"name\":\"Pistola para silicona &#8211; Cartuchos de 9&#8243;\"}]},{\"@type\":\"WebSite\",\"@id\":\"https:\/\/soymat.com\/#website\",\"url\":\"https:\/\/soymat.com\/\",\"name\":\"So&Mat\",\"description\":\"Empresa Dedicada a la protecci\u00f3n global contra incendio . matafuegos redes bombas,venta instalaci\u00f3n y service, protecci\u00f3n y confort laboral en todo concepto.\",\"publisher\":{\"@id\":\"https:\/\/soymat.com\/#organization\"},\"alternateName\":\"So&Mat\",\"potentialAction\":[{\"@type\":\"SearchAction\",\"target\":{\"@type\":\"EntryPoint\",\"urlTemplate\":\"https:\/\/soymat.com\/?s={search_term_string}\"},\"query-input\":{\"@type\":\"PropertyValueSpecification\",\"valueRequired\":true,\"valueName\":\"search_term_string\"}}],\"inLanguage\":\"es-AR\"},{\"@type\":\"Organization\",\"@id\":\"https:\/\/soymat.com\/#organization\",\"name\":\"So&Mat\",\"url\":\"https:\/\/soymat.com\/\",\"logo\":{\"@type\":\"ImageObject\",\"inLanguage\":\"es-AR\",\"@id\":\"https:\/\/soymat.com\/#\/schema\/logo\/image\/\",\"url\":\"https:\/\/soymat.com\/wp-content\/uploads\/2024\/08\/SoyMat.jpg\",\"contentUrl\":\"https:\/\/soymat.com\/wp-content\/uploads\/2024\/08\/SoyMat.jpg\",\"width\":600,\"height\":236,\"caption\":\"So&Mat\"},\"image\":{\"@id\":\"https:\/\/soymat.com\/#\/schema\/logo\/image\/\"}}]}<\/script>\n<!-- \/ Yoast SEO Premium plugin. -->","yoast_head_json":{"title":"Pistola para silicona - Cartuchos de 9\" - SoyMat \u2013 Seguridad Industrial","robots":{"index":"index","follow":"follow","max-snippet":"max-snippet:-1","max-image-preview":"max-image-preview:large","max-video-preview":"max-video-preview:-1"},"canonical":"https:\/\/soymat.com\/es\/producto\/pistola-para-silicona-cartuchos-de-9\/","og_locale":"es_ES","og_type":"article","og_title":"Pistola para silicona - Cartuchos de 9\"","og_description":"Pistola para silicona, cartuchos de 9&#8243; Cod.: 549-230-2 Detalles del producto Pistola para calafateo para cartuchos de 9&#8243;. Adecuada para la mayor\u00eda de resinas y pegamentos. Mango y gatillo fabricados con aluminio de alta calidad. Estructura giratoria para una carga sencilla. Incluye aguja para la limpieza. Relaci\u00f3n de empuje de 7:1. Fuerza de empuje m\u00e1xima [&hellip;]","og_url":"https:\/\/soymat.com\/es\/producto\/pistola-para-silicona-cartuchos-de-9\/","og_site_name":"SoyMat \u2013 Seguridad Industrial","article_modified_time":"2026-02-04T22:06:51+00:00","og_image":[{"width":1200,"height":1200,"url":"https:\/\/soymat.com\/wp-content\/uploads\/2025\/01\/549-230-2.jpg","type":"image\/jpeg"}],"twitter_card":"summary_large_image","twitter_misc":{"Tiempo de lectura":"1 minuto"},"schema":{"@context":"https:\/\/schema.org","@graph":[{"@type":"WebPage","@id":"https:\/\/soymat.com\/producto\/pistola-para-silicona-cartuchos-de-9\/","url":"https:\/\/soymat.com\/producto\/pistola-para-silicona-cartuchos-de-9\/","name":"Pistola para silicona - Cartuchos de 9\" - SoyMat \u2013 Seguridad Industrial","isPartOf":{"@id":"https:\/\/soymat.com\/#website"},"primaryImageOfPage":{"@id":"https:\/\/soymat.com\/producto\/pistola-para-silicona-cartuchos-de-9\/#primaryimage"},"image":{"@id":"https:\/\/soymat.com\/producto\/pistola-para-silicona-cartuchos-de-9\/#primaryimage"},"thumbnailUrl":"https:\/\/soymat.com\/wp-content\/uploads\/2025\/01\/549-230-2.jpg","datePublished":"2025-01-30T12:56:08+00:00","dateModified":"2026-02-04T22:06:51+00:00","breadcrumb":{"@id":"https:\/\/soymat.com\/producto\/pistola-para-silicona-cartuchos-de-9\/#breadcrumb"},"inLanguage":"es-AR","potentialAction":[{"@type":"ReadAction","target":["https:\/\/soymat.com\/producto\/pistola-para-silicona-cartuchos-de-9\/"]}]},{"@type":"ImageObject","inLanguage":"es-AR","@id":"https:\/\/soymat.com\/producto\/pistola-para-silicona-cartuchos-de-9\/#primaryimage","url":"https:\/\/soymat.com\/wp-content\/uploads\/2025\/01\/549-230-2.jpg","contentUrl":"https:\/\/soymat.com\/wp-content\/uploads\/2025\/01\/549-230-2.jpg","width":1200,"height":1200},{"@type":"BreadcrumbList","@id":"https:\/\/soymat.com\/producto\/pistola-para-silicona-cartuchos-de-9\/#breadcrumb","itemListElement":[{"@type":"ListItem","position":1,"name":"Portada","item":"https:\/\/soymat.com\/"},{"@type":"ListItem","position":2,"name":"Todos los Productos","item":"https:\/\/soymat.com\/shop\/"},{"@type":"ListItem","position":3,"name":"Pistola para silicona &#8211; Cartuchos de 9&#8243;"}]},{"@type":"WebSite","@id":"https:\/\/soymat.com\/#website","url":"https:\/\/soymat.com\/","name":"So&Mat","description":"Empresa Dedicada a la protecci\u00f3n global contra incendio . matafuegos redes bombas,venta instalaci\u00f3n y service, protecci\u00f3n y confort laboral en todo concepto.","publisher":{"@id":"https:\/\/soymat.com\/#organization"},"alternateName":"So&Mat","potentialAction":[{"@type":"SearchAction","target":{"@type":"EntryPoint","urlTemplate":"https:\/\/soymat.com\/?s={search_term_string}"},"query-input":{"@type":"PropertyValueSpecification","valueRequired":true,"valueName":"search_term_string"}}],"inLanguage":"es-AR"},{"@type":"Organization","@id":"https:\/\/soymat.com\/#organization","name":"So&Mat","url":"https:\/\/soymat.com\/","logo":{"@type":"ImageObject","inLanguage":"es-AR","@id":"https:\/\/soymat.com\/#\/schema\/logo\/image\/","url":"https:\/\/soymat.com\/wp-content\/uploads\/2024\/08\/SoyMat.jpg","contentUrl":"https:\/\/soymat.com\/wp-content\/uploads\/2024\/08\/SoyMat.jpg","width":600,"height":236,"caption":"So&Mat"},"image":{"@id":"https:\/\/soymat.com\/#\/schema\/logo\/image\/"}}]}},"_links":{"self":[{"href":"https:\/\/soymat.com\/es\/wp-json\/wp\/v2\/product\/21266","targetHints":{"allow":["GET"]}}],"collection":[{"href":"https:\/\/soymat.com\/es\/wp-json\/wp\/v2\/product"}],"about":[{"href":"https:\/\/soymat.com\/es\/wp-json\/wp\/v2\/types\/product"}],"wp:featuredmedia":[{"embeddable":true,"href":"https:\/\/soymat.com\/es\/wp-json\/wp\/v2\/media\/21270"}],"wp:attachment":[{"href":"https:\/\/soymat.com\/es\/wp-json\/wp\/v2\/media?parent=21266"}],"wp:term":[{"taxonomy":"product_cat","embeddable":true,"href":"https:\/\/soymat.com\/es\/wp-json\/wp\/v2\/product_cat?post=21266"},{"taxonomy":"product_tag","embeddable":true,"href":"https:\/\/soymat.com\/es\/wp-json\/wp\/v2\/product_tag?post=21266"}],"curies":[{"name":"wp","href":"https:\/\/api.w.org\/{rel}","templated":true}]}}