{"id":21296,"date":"2025-02-01T16:50:48","date_gmt":"2025-02-01T19:50:48","guid":{"rendered":"https:\/\/soymat.com\/?post_type=product&#038;p=21296"},"modified":"2025-11-04T19:07:37","modified_gmt":"2025-11-04T22:07:37","slug":"hidro-manual-a-bateria-18v-dowen-pagio","status":"publish","type":"product","link":"https:\/\/soymat.com\/es\/producto\/hidro-manual-a-bateria-18v-dowen-pagio\/","title":{"rendered":"Hidro Manual A bater\u00eda 18V &#8211; Dowen Pagio"},"content":{"rendered":"<p>Hidro Manual A bater\u00eda 18V<br \/>\nCod.: 9993022<\/p>\n<p>Tipo: HB18H<br \/>\nTensi\u00f3n Hidrolavadora: 18 Vcc<br \/>\nPotencia: 120 W<br \/>\nSucci\u00f3n m\u00e1xima: 2,5 m<br \/>\nPresi\u00f3n m\u00e1xima: 30 Bar (3.0 MPa)<br \/>\nCaudal m\u00e1ximo: 4 l\/min<br \/>\nCompatible para Bater\u00edas: 18 Vcc Flex One (2 Ah C\u00f3digo 9998124) (4 Ah C\u00f3digo 9998125) \u2013 NO INCLUIDAS<\/p>\n<p>SISTEMA PARA CONECTAR A LA RED DOMICILIARIA DE AGUA O PARA SUCCIONAR DE UN RECIPIENTE.<br \/>\nPORT\u00c1TIL, LIVIANA Y F\u00c1CIL DE USAR.<br \/>\nBOQUILLA CON 6 MODOS DE LAVADO.<\/p>\n<p>Incluye:<\/p>\n<p>Manguera de 5 metros y filtro para succi\u00f3n<br \/>\nLanza para extensi\u00f3n<br \/>\nBoquilla con 6 funciones<br \/>\nPico regulable<br \/>\nConector acople r\u00e1pido<br \/>\nDep\u00f3sito rociador para detergente<\/p>\n<p>BATER\u00cdA NO INCLUIDA<br \/>\nCARGADOR NO INCLUIDO<\/p>\n<p>Manguera y filtro incorporado para ser utilizado como succi\u00f3n en cualquier tipo de recipiente<br \/>\nInterruptor para encendido y apagado de gran superficie facilitando la operaci\u00f3n<\/p>","protected":false},"excerpt":{"rendered":"<p>Hidro Manual A bater\u00eda 18V Cod.: 9993022 Tipo: HB18H Tensi\u00f3n Hidrolavadora: 18 Vcc Potencia: 120 W Succi\u00f3n m\u00e1xima: 2,5 m Presi\u00f3n m\u00e1xima: 30 Bar (3.0 MPa) Caudal m\u00e1ximo: 4 l\/min Compatible para Bater\u00edas: 18 Vcc Flex One (2 Ah C\u00f3digo 9998124) (4 Ah C\u00f3digo 9998125) \u2013 NO INCLUIDAS SISTEMA PARA CONECTAR A LA RED DOMICILIARIA [&hellip;]<\/p>\n","protected":false},"featured_media":21293,"template":"","meta":[],"product_cat":[191],"product_tag":[412,408,410,411,409],"class_list":{"0":"post-21296","1":"product","2":"type-product","3":"status-publish","4":"has-post-thumbnail","6":"product_brand-dowen-pagio-herramientas","7":"product_cat-maquinas-y-herramientas","8":"product_tag-a-bateria","9":"product_tag-casa-y-jardin","10":"product_tag-hidro","11":"product_tag-hidrolavadora","12":"product_tag-lavaderos","14":"first","15":"instock","16":"taxable","17":"shipping-taxable","18":"purchasable","19":"product-type-simple","20":"add-to-wishlist-after_add_to_cart"},"yoast_head":"<!-- This site is optimized with the Yoast SEO Premium plugin v26.9 (Yoast SEO v26.9) - https:\/\/yoast.com\/product\/yoast-seo-premium-wordpress\/ -->\n<title>Hidro Manual A bater\u00eda 18V - Dowen Pagio - SoyMat \u2013 Seguridad Industrial<\/title>\n<meta name=\"robots\" content=\"index, follow, max-snippet:-1, max-image-preview:large, max-video-preview:-1\" \/>\n<link rel=\"canonical\" href=\"https:\/\/soymat.com\/es\/producto\/hidro-manual-a-bateria-18v-dowen-pagio\/\" \/>\n<meta property=\"og:locale\" content=\"es_ES\" \/>\n<meta property=\"og:type\" content=\"article\" \/>\n<meta property=\"og:title\" content=\"Hidro Manual A bater\u00eda 18V - Dowen Pagio\" \/>\n<meta property=\"og:description\" content=\"Hidro Manual A bater\u00eda 18V Cod.: 9993022 Tipo: HB18H Tensi\u00f3n Hidrolavadora: 18 Vcc Potencia: 120 W Succi\u00f3n m\u00e1xima: 2,5 m Presi\u00f3n m\u00e1xima: 30 Bar (3.0 MPa) Caudal m\u00e1ximo: 4 l\/min Compatible para Bater\u00edas: 18 Vcc Flex One (2 Ah C\u00f3digo 9998124) (4 Ah C\u00f3digo 9998125) \u2013 NO INCLUIDAS SISTEMA PARA CONECTAR A LA RED DOMICILIARIA [&hellip;]\" \/>\n<meta property=\"og:url\" content=\"https:\/\/soymat.com\/es\/producto\/hidro-manual-a-bateria-18v-dowen-pagio\/\" \/>\n<meta property=\"og:site_name\" content=\"SoyMat \u2013 Seguridad Industrial\" \/>\n<meta property=\"article:modified_time\" content=\"2025-11-04T22:07:37+00:00\" \/>\n<meta property=\"og:image\" content=\"https:\/\/soymat.com\/wp-content\/uploads\/2025\/02\/9993022-1.jpg\" \/>\n\t<meta property=\"og:image:width\" content=\"1200\" \/>\n\t<meta property=\"og:image:height\" content=\"1200\" \/>\n\t<meta property=\"og:image:type\" content=\"image\/jpeg\" \/>\n<meta name=\"twitter:card\" content=\"summary_large_image\" \/>\n<meta name=\"twitter:label1\" content=\"Tiempo de lectura\" \/>\n\t<meta name=\"twitter:data1\" content=\"1 minuto\" \/>\n<script type=\"application\/ld+json\" class=\"yoast-schema-graph\">{\"@context\":\"https:\/\/schema.org\",\"@graph\":[{\"@type\":\"WebPage\",\"@id\":\"https:\/\/soymat.com\/producto\/hidro-manual-a-bateria-18v-dowen-pagio\/\",\"url\":\"https:\/\/soymat.com\/producto\/hidro-manual-a-bateria-18v-dowen-pagio\/\",\"name\":\"Hidro Manual A bater\u00eda 18V - Dowen Pagio - SoyMat \u2013 Seguridad Industrial\",\"isPartOf\":{\"@id\":\"https:\/\/soymat.com\/#website\"},\"primaryImageOfPage\":{\"@id\":\"https:\/\/soymat.com\/producto\/hidro-manual-a-bateria-18v-dowen-pagio\/#primaryimage\"},\"image\":{\"@id\":\"https:\/\/soymat.com\/producto\/hidro-manual-a-bateria-18v-dowen-pagio\/#primaryimage\"},\"thumbnailUrl\":\"https:\/\/soymat.com\/wp-content\/uploads\/2025\/02\/9993022-1.jpg\",\"datePublished\":\"2025-02-01T19:50:48+00:00\",\"dateModified\":\"2025-11-04T22:07:37+00:00\",\"breadcrumb\":{\"@id\":\"https:\/\/soymat.com\/producto\/hidro-manual-a-bateria-18v-dowen-pagio\/#breadcrumb\"},\"inLanguage\":\"es-AR\",\"potentialAction\":[{\"@type\":\"ReadAction\",\"target\":[\"https:\/\/soymat.com\/producto\/hidro-manual-a-bateria-18v-dowen-pagio\/\"]}]},{\"@type\":\"ImageObject\",\"inLanguage\":\"es-AR\",\"@id\":\"https:\/\/soymat.com\/producto\/hidro-manual-a-bateria-18v-dowen-pagio\/#primaryimage\",\"url\":\"https:\/\/soymat.com\/wp-content\/uploads\/2025\/02\/9993022-1.jpg\",\"contentUrl\":\"https:\/\/soymat.com\/wp-content\/uploads\/2025\/02\/9993022-1.jpg\",\"width\":1200,\"height\":1200},{\"@type\":\"BreadcrumbList\",\"@id\":\"https:\/\/soymat.com\/producto\/hidro-manual-a-bateria-18v-dowen-pagio\/#breadcrumb\",\"itemListElement\":[{\"@type\":\"ListItem\",\"position\":1,\"name\":\"Portada\",\"item\":\"https:\/\/soymat.com\/\"},{\"@type\":\"ListItem\",\"position\":2,\"name\":\"Todos los Productos\",\"item\":\"https:\/\/soymat.com\/shop\/\"},{\"@type\":\"ListItem\",\"position\":3,\"name\":\"Hidro Manual A bater\u00eda 18V &#8211; Dowen Pagio\"}]},{\"@type\":\"WebSite\",\"@id\":\"https:\/\/soymat.com\/#website\",\"url\":\"https:\/\/soymat.com\/\",\"name\":\"So&Mat\",\"description\":\"Empresa Dedicada a la protecci\u00f3n global contra incendio . matafuegos redes bombas,venta instalaci\u00f3n y service, protecci\u00f3n y confort laboral en todo concepto.\",\"publisher\":{\"@id\":\"https:\/\/soymat.com\/#organization\"},\"alternateName\":\"So&Mat\",\"potentialAction\":[{\"@type\":\"SearchAction\",\"target\":{\"@type\":\"EntryPoint\",\"urlTemplate\":\"https:\/\/soymat.com\/?s={search_term_string}\"},\"query-input\":{\"@type\":\"PropertyValueSpecification\",\"valueRequired\":true,\"valueName\":\"search_term_string\"}}],\"inLanguage\":\"es-AR\"},{\"@type\":\"Organization\",\"@id\":\"https:\/\/soymat.com\/#organization\",\"name\":\"So&Mat\",\"url\":\"https:\/\/soymat.com\/\",\"logo\":{\"@type\":\"ImageObject\",\"inLanguage\":\"es-AR\",\"@id\":\"https:\/\/soymat.com\/#\/schema\/logo\/image\/\",\"url\":\"https:\/\/soymat.com\/wp-content\/uploads\/2024\/08\/SoyMat.jpg\",\"contentUrl\":\"https:\/\/soymat.com\/wp-content\/uploads\/2024\/08\/SoyMat.jpg\",\"width\":600,\"height\":236,\"caption\":\"So&Mat\"},\"image\":{\"@id\":\"https:\/\/soymat.com\/#\/schema\/logo\/image\/\"}}]}<\/script>\n<!-- \/ Yoast SEO Premium plugin. -->","yoast_head_json":{"title":"Hidro Manual A bater\u00eda 18V - Dowen Pagio - SoyMat \u2013 Seguridad Industrial","robots":{"index":"index","follow":"follow","max-snippet":"max-snippet:-1","max-image-preview":"max-image-preview:large","max-video-preview":"max-video-preview:-1"},"canonical":"https:\/\/soymat.com\/es\/producto\/hidro-manual-a-bateria-18v-dowen-pagio\/","og_locale":"es_ES","og_type":"article","og_title":"Hidro Manual A bater\u00eda 18V - Dowen Pagio","og_description":"Hidro Manual A bater\u00eda 18V Cod.: 9993022 Tipo: HB18H Tensi\u00f3n Hidrolavadora: 18 Vcc Potencia: 120 W Succi\u00f3n m\u00e1xima: 2,5 m Presi\u00f3n m\u00e1xima: 30 Bar (3.0 MPa) Caudal m\u00e1ximo: 4 l\/min Compatible para Bater\u00edas: 18 Vcc Flex One (2 Ah C\u00f3digo 9998124) (4 Ah C\u00f3digo 9998125) \u2013 NO INCLUIDAS SISTEMA PARA CONECTAR A LA RED DOMICILIARIA [&hellip;]","og_url":"https:\/\/soymat.com\/es\/producto\/hidro-manual-a-bateria-18v-dowen-pagio\/","og_site_name":"SoyMat \u2013 Seguridad Industrial","article_modified_time":"2025-11-04T22:07:37+00:00","og_image":[{"width":1200,"height":1200,"url":"https:\/\/soymat.com\/wp-content\/uploads\/2025\/02\/9993022-1.jpg","type":"image\/jpeg"}],"twitter_card":"summary_large_image","twitter_misc":{"Tiempo de lectura":"1 minuto"},"schema":{"@context":"https:\/\/schema.org","@graph":[{"@type":"WebPage","@id":"https:\/\/soymat.com\/producto\/hidro-manual-a-bateria-18v-dowen-pagio\/","url":"https:\/\/soymat.com\/producto\/hidro-manual-a-bateria-18v-dowen-pagio\/","name":"Hidro Manual A bater\u00eda 18V - Dowen Pagio - SoyMat \u2013 Seguridad Industrial","isPartOf":{"@id":"https:\/\/soymat.com\/#website"},"primaryImageOfPage":{"@id":"https:\/\/soymat.com\/producto\/hidro-manual-a-bateria-18v-dowen-pagio\/#primaryimage"},"image":{"@id":"https:\/\/soymat.com\/producto\/hidro-manual-a-bateria-18v-dowen-pagio\/#primaryimage"},"thumbnailUrl":"https:\/\/soymat.com\/wp-content\/uploads\/2025\/02\/9993022-1.jpg","datePublished":"2025-02-01T19:50:48+00:00","dateModified":"2025-11-04T22:07:37+00:00","breadcrumb":{"@id":"https:\/\/soymat.com\/producto\/hidro-manual-a-bateria-18v-dowen-pagio\/#breadcrumb"},"inLanguage":"es-AR","potentialAction":[{"@type":"ReadAction","target":["https:\/\/soymat.com\/producto\/hidro-manual-a-bateria-18v-dowen-pagio\/"]}]},{"@type":"ImageObject","inLanguage":"es-AR","@id":"https:\/\/soymat.com\/producto\/hidro-manual-a-bateria-18v-dowen-pagio\/#primaryimage","url":"https:\/\/soymat.com\/wp-content\/uploads\/2025\/02\/9993022-1.jpg","contentUrl":"https:\/\/soymat.com\/wp-content\/uploads\/2025\/02\/9993022-1.jpg","width":1200,"height":1200},{"@type":"BreadcrumbList","@id":"https:\/\/soymat.com\/producto\/hidro-manual-a-bateria-18v-dowen-pagio\/#breadcrumb","itemListElement":[{"@type":"ListItem","position":1,"name":"Portada","item":"https:\/\/soymat.com\/"},{"@type":"ListItem","position":2,"name":"Todos los Productos","item":"https:\/\/soymat.com\/shop\/"},{"@type":"ListItem","position":3,"name":"Hidro Manual A bater\u00eda 18V &#8211; Dowen Pagio"}]},{"@type":"WebSite","@id":"https:\/\/soymat.com\/#website","url":"https:\/\/soymat.com\/","name":"So&Mat","description":"Empresa Dedicada a la protecci\u00f3n global contra incendio . matafuegos redes bombas,venta instalaci\u00f3n y service, protecci\u00f3n y confort laboral en todo concepto.","publisher":{"@id":"https:\/\/soymat.com\/#organization"},"alternateName":"So&Mat","potentialAction":[{"@type":"SearchAction","target":{"@type":"EntryPoint","urlTemplate":"https:\/\/soymat.com\/?s={search_term_string}"},"query-input":{"@type":"PropertyValueSpecification","valueRequired":true,"valueName":"search_term_string"}}],"inLanguage":"es-AR"},{"@type":"Organization","@id":"https:\/\/soymat.com\/#organization","name":"So&Mat","url":"https:\/\/soymat.com\/","logo":{"@type":"ImageObject","inLanguage":"es-AR","@id":"https:\/\/soymat.com\/#\/schema\/logo\/image\/","url":"https:\/\/soymat.com\/wp-content\/uploads\/2024\/08\/SoyMat.jpg","contentUrl":"https:\/\/soymat.com\/wp-content\/uploads\/2024\/08\/SoyMat.jpg","width":600,"height":236,"caption":"So&Mat"},"image":{"@id":"https:\/\/soymat.com\/#\/schema\/logo\/image\/"}}]}},"_links":{"self":[{"href":"https:\/\/soymat.com\/es\/wp-json\/wp\/v2\/product\/21296","targetHints":{"allow":["GET"]}}],"collection":[{"href":"https:\/\/soymat.com\/es\/wp-json\/wp\/v2\/product"}],"about":[{"href":"https:\/\/soymat.com\/es\/wp-json\/wp\/v2\/types\/product"}],"wp:featuredmedia":[{"embeddable":true,"href":"https:\/\/soymat.com\/es\/wp-json\/wp\/v2\/media\/21293"}],"wp:attachment":[{"href":"https:\/\/soymat.com\/es\/wp-json\/wp\/v2\/media?parent=21296"}],"wp:term":[{"taxonomy":"product_cat","embeddable":true,"href":"https:\/\/soymat.com\/es\/wp-json\/wp\/v2\/product_cat?post=21296"},{"taxonomy":"product_tag","embeddable":true,"href":"https:\/\/soymat.com\/es\/wp-json\/wp\/v2\/product_tag?post=21296"}],"curies":[{"name":"wp","href":"https:\/\/api.w.org\/{rel}","templated":true}]}}