{"id":21577,"date":"2025-02-22T13:04:39","date_gmt":"2025-02-22T16:04:39","guid":{"rendered":"https:\/\/soymat.com\/?post_type=product&#038;p=21577"},"modified":"2026-02-10T10:08:16","modified_gmt":"2026-02-10T13:08:16","slug":"bateria-multienergy-20v-700w","status":"publish","type":"product","link":"https:\/\/soymat.com\/es\/producto\/bateria-multienergy-20v-700w\/","title":{"rendered":"Bater\u00eda Multienergy 20V 700W &#8211; Gamma"},"content":{"rendered":"<p><strong>Bater\u00eda Multienergy 20V 700W &#8211; Gamma<\/strong><\/p>\n<p>Bater\u00eda apta para todos nuestros equipos multienergy.<\/p>\n<p>Bater\u00eda 20V para utilizar en todos nuestros equipos con sistema Multienergy.<br \/>\nTipo: Ion.<\/p>\n<p><strong>Datos Tecnicos<\/strong><br \/>\nPotencia: 700W<br \/>\nCapacidad: 2000 mAh<br \/>\nTiempo de carga: 40 min. a condiciones normales de presi\u00f3n y temperatura con el cargador G12493AR<br \/>\n*Tambi\u00e9n funciona con el cargador G12492AR en 60 minutos<\/p>","protected":false},"excerpt":{"rendered":"<p>Bater\u00eda Multienergy 20V 700W &#8211; Gamma Bater\u00eda apta para todos nuestros equipos multienergy. Bater\u00eda 20V para utilizar en todos nuestros equipos con sistema Multienergy. Tipo: Ion. Datos Tecnicos Potencia: 700W Capacidad: 2000 mAh Tiempo de carga: 40 min. a condiciones normales de presi\u00f3n y temperatura con el cargador G12493AR *Tambi\u00e9n funciona con el cargador G12492AR [&hellip;]<\/p>\n","protected":false},"featured_media":21573,"template":"","meta":[],"product_cat":[191],"product_tag":[430,199,429],"class_list":{"0":"post-21577","1":"product","2":"type-product","3":"status-publish","4":"has-post-thumbnail","6":"product_brand-gamma-maquinas-herramientas","7":"product_cat-maquinas-y-herramientas","8":"product_tag-baterias","9":"product_tag-herramientas-a-bateria","10":"product_tag-herramientas-a-bateria-multi-energy","12":"first","13":"instock","14":"taxable","15":"shipping-taxable","16":"purchasable","17":"product-type-simple","18":"add-to-wishlist-after_add_to_cart"},"yoast_head":"<!-- This site is optimized with the Yoast SEO Premium plugin v26.9 (Yoast SEO v26.9) - https:\/\/yoast.com\/product\/yoast-seo-premium-wordpress\/ -->\n<title>Bater\u00eda Multienergy 20V 700W - Gamma - SoyMat \u2013 Seguridad Industrial<\/title>\n<meta name=\"robots\" content=\"index, follow, max-snippet:-1, max-image-preview:large, max-video-preview:-1\" \/>\n<link rel=\"canonical\" href=\"https:\/\/soymat.com\/es\/producto\/bateria-multienergy-20v-700w\/\" \/>\n<meta property=\"og:locale\" content=\"es_ES\" \/>\n<meta property=\"og:type\" content=\"article\" \/>\n<meta property=\"og:title\" content=\"Bater\u00eda Multienergy 20V 700W - Gamma\" \/>\n<meta property=\"og:description\" content=\"Bater\u00eda Multienergy 20V 700W &#8211; Gamma Bater\u00eda apta para todos nuestros equipos multienergy. Bater\u00eda 20V para utilizar en todos nuestros equipos con sistema Multienergy. Tipo: Ion. Datos Tecnicos Potencia: 700W Capacidad: 2000 mAh Tiempo de carga: 40 min. a condiciones normales de presi\u00f3n y temperatura con el cargador G12493AR *Tambi\u00e9n funciona con el cargador G12492AR [&hellip;]\" \/>\n<meta property=\"og:url\" content=\"https:\/\/soymat.com\/es\/producto\/bateria-multienergy-20v-700w\/\" \/>\n<meta property=\"og:site_name\" content=\"SoyMat \u2013 Seguridad Industrial\" \/>\n<meta property=\"article:modified_time\" content=\"2026-02-10T13:08:16+00:00\" \/>\n<meta property=\"og:image\" content=\"https:\/\/soymat.com\/wp-content\/uploads\/2025\/02\/G12490AR-800x532-1.jpg\" \/>\n\t<meta property=\"og:image:width\" content=\"1080\" \/>\n\t<meta property=\"og:image:height\" content=\"1080\" \/>\n\t<meta property=\"og:image:type\" content=\"image\/jpeg\" \/>\n<meta name=\"twitter:card\" content=\"summary_large_image\" \/>\n<meta name=\"twitter:label1\" content=\"Tiempo de lectura\" \/>\n\t<meta name=\"twitter:data1\" content=\"1 minuto\" \/>\n<script type=\"application\/ld+json\" class=\"yoast-schema-graph\">{\"@context\":\"https:\/\/schema.org\",\"@graph\":[{\"@type\":\"WebPage\",\"@id\":\"https:\/\/soymat.com\/producto\/bateria-multienergy-20v-700w\/\",\"url\":\"https:\/\/soymat.com\/producto\/bateria-multienergy-20v-700w\/\",\"name\":\"Bater\u00eda Multienergy 20V 700W - Gamma - SoyMat \u2013 Seguridad Industrial\",\"isPartOf\":{\"@id\":\"https:\/\/soymat.com\/#website\"},\"primaryImageOfPage\":{\"@id\":\"https:\/\/soymat.com\/producto\/bateria-multienergy-20v-700w\/#primaryimage\"},\"image\":{\"@id\":\"https:\/\/soymat.com\/producto\/bateria-multienergy-20v-700w\/#primaryimage\"},\"thumbnailUrl\":\"https:\/\/soymat.com\/wp-content\/uploads\/2025\/02\/G12490AR-800x532-1.jpg\",\"datePublished\":\"2025-02-22T16:04:39+00:00\",\"dateModified\":\"2026-02-10T13:08:16+00:00\",\"breadcrumb\":{\"@id\":\"https:\/\/soymat.com\/producto\/bateria-multienergy-20v-700w\/#breadcrumb\"},\"inLanguage\":\"es-AR\",\"potentialAction\":[{\"@type\":\"ReadAction\",\"target\":[\"https:\/\/soymat.com\/producto\/bateria-multienergy-20v-700w\/\"]}]},{\"@type\":\"ImageObject\",\"inLanguage\":\"es-AR\",\"@id\":\"https:\/\/soymat.com\/producto\/bateria-multienergy-20v-700w\/#primaryimage\",\"url\":\"https:\/\/soymat.com\/wp-content\/uploads\/2025\/02\/G12490AR-800x532-1.jpg\",\"contentUrl\":\"https:\/\/soymat.com\/wp-content\/uploads\/2025\/02\/G12490AR-800x532-1.jpg\",\"width\":1080,\"height\":1080},{\"@type\":\"BreadcrumbList\",\"@id\":\"https:\/\/soymat.com\/producto\/bateria-multienergy-20v-700w\/#breadcrumb\",\"itemListElement\":[{\"@type\":\"ListItem\",\"position\":1,\"name\":\"Portada\",\"item\":\"https:\/\/soymat.com\/\"},{\"@type\":\"ListItem\",\"position\":2,\"name\":\"Todos los Productos\",\"item\":\"https:\/\/soymat.com\/shop\/\"},{\"@type\":\"ListItem\",\"position\":3,\"name\":\"Bater\u00eda Multienergy 20V 700W &#8211; Gamma\"}]},{\"@type\":\"WebSite\",\"@id\":\"https:\/\/soymat.com\/#website\",\"url\":\"https:\/\/soymat.com\/\",\"name\":\"So&Mat\",\"description\":\"Empresa Dedicada a la protecci\u00f3n global contra incendio . matafuegos redes bombas,venta instalaci\u00f3n y service, protecci\u00f3n y confort laboral en todo concepto.\",\"publisher\":{\"@id\":\"https:\/\/soymat.com\/#organization\"},\"alternateName\":\"So&Mat\",\"potentialAction\":[{\"@type\":\"SearchAction\",\"target\":{\"@type\":\"EntryPoint\",\"urlTemplate\":\"https:\/\/soymat.com\/?s={search_term_string}\"},\"query-input\":{\"@type\":\"PropertyValueSpecification\",\"valueRequired\":true,\"valueName\":\"search_term_string\"}}],\"inLanguage\":\"es-AR\"},{\"@type\":\"Organization\",\"@id\":\"https:\/\/soymat.com\/#organization\",\"name\":\"So&Mat\",\"url\":\"https:\/\/soymat.com\/\",\"logo\":{\"@type\":\"ImageObject\",\"inLanguage\":\"es-AR\",\"@id\":\"https:\/\/soymat.com\/#\/schema\/logo\/image\/\",\"url\":\"https:\/\/soymat.com\/wp-content\/uploads\/2024\/08\/SoyMat.jpg\",\"contentUrl\":\"https:\/\/soymat.com\/wp-content\/uploads\/2024\/08\/SoyMat.jpg\",\"width\":600,\"height\":236,\"caption\":\"So&Mat\"},\"image\":{\"@id\":\"https:\/\/soymat.com\/#\/schema\/logo\/image\/\"}}]}<\/script>\n<!-- \/ Yoast SEO Premium plugin. -->","yoast_head_json":{"title":"Bater\u00eda Multienergy 20V 700W - Gamma - SoyMat \u2013 Seguridad Industrial","robots":{"index":"index","follow":"follow","max-snippet":"max-snippet:-1","max-image-preview":"max-image-preview:large","max-video-preview":"max-video-preview:-1"},"canonical":"https:\/\/soymat.com\/es\/producto\/bateria-multienergy-20v-700w\/","og_locale":"es_ES","og_type":"article","og_title":"Bater\u00eda Multienergy 20V 700W - Gamma","og_description":"Bater\u00eda Multienergy 20V 700W &#8211; Gamma Bater\u00eda apta para todos nuestros equipos multienergy. Bater\u00eda 20V para utilizar en todos nuestros equipos con sistema Multienergy. Tipo: Ion. Datos Tecnicos Potencia: 700W Capacidad: 2000 mAh Tiempo de carga: 40 min. a condiciones normales de presi\u00f3n y temperatura con el cargador G12493AR *Tambi\u00e9n funciona con el cargador G12492AR [&hellip;]","og_url":"https:\/\/soymat.com\/es\/producto\/bateria-multienergy-20v-700w\/","og_site_name":"SoyMat \u2013 Seguridad Industrial","article_modified_time":"2026-02-10T13:08:16+00:00","og_image":[{"width":1080,"height":1080,"url":"https:\/\/soymat.com\/wp-content\/uploads\/2025\/02\/G12490AR-800x532-1.jpg","type":"image\/jpeg"}],"twitter_card":"summary_large_image","twitter_misc":{"Tiempo de lectura":"1 minuto"},"schema":{"@context":"https:\/\/schema.org","@graph":[{"@type":"WebPage","@id":"https:\/\/soymat.com\/producto\/bateria-multienergy-20v-700w\/","url":"https:\/\/soymat.com\/producto\/bateria-multienergy-20v-700w\/","name":"Bater\u00eda Multienergy 20V 700W - Gamma - SoyMat \u2013 Seguridad Industrial","isPartOf":{"@id":"https:\/\/soymat.com\/#website"},"primaryImageOfPage":{"@id":"https:\/\/soymat.com\/producto\/bateria-multienergy-20v-700w\/#primaryimage"},"image":{"@id":"https:\/\/soymat.com\/producto\/bateria-multienergy-20v-700w\/#primaryimage"},"thumbnailUrl":"https:\/\/soymat.com\/wp-content\/uploads\/2025\/02\/G12490AR-800x532-1.jpg","datePublished":"2025-02-22T16:04:39+00:00","dateModified":"2026-02-10T13:08:16+00:00","breadcrumb":{"@id":"https:\/\/soymat.com\/producto\/bateria-multienergy-20v-700w\/#breadcrumb"},"inLanguage":"es-AR","potentialAction":[{"@type":"ReadAction","target":["https:\/\/soymat.com\/producto\/bateria-multienergy-20v-700w\/"]}]},{"@type":"ImageObject","inLanguage":"es-AR","@id":"https:\/\/soymat.com\/producto\/bateria-multienergy-20v-700w\/#primaryimage","url":"https:\/\/soymat.com\/wp-content\/uploads\/2025\/02\/G12490AR-800x532-1.jpg","contentUrl":"https:\/\/soymat.com\/wp-content\/uploads\/2025\/02\/G12490AR-800x532-1.jpg","width":1080,"height":1080},{"@type":"BreadcrumbList","@id":"https:\/\/soymat.com\/producto\/bateria-multienergy-20v-700w\/#breadcrumb","itemListElement":[{"@type":"ListItem","position":1,"name":"Portada","item":"https:\/\/soymat.com\/"},{"@type":"ListItem","position":2,"name":"Todos los Productos","item":"https:\/\/soymat.com\/shop\/"},{"@type":"ListItem","position":3,"name":"Bater\u00eda Multienergy 20V 700W &#8211; Gamma"}]},{"@type":"WebSite","@id":"https:\/\/soymat.com\/#website","url":"https:\/\/soymat.com\/","name":"So&Mat","description":"Empresa Dedicada a la protecci\u00f3n global contra incendio . matafuegos redes bombas,venta instalaci\u00f3n y service, protecci\u00f3n y confort laboral en todo concepto.","publisher":{"@id":"https:\/\/soymat.com\/#organization"},"alternateName":"So&Mat","potentialAction":[{"@type":"SearchAction","target":{"@type":"EntryPoint","urlTemplate":"https:\/\/soymat.com\/?s={search_term_string}"},"query-input":{"@type":"PropertyValueSpecification","valueRequired":true,"valueName":"search_term_string"}}],"inLanguage":"es-AR"},{"@type":"Organization","@id":"https:\/\/soymat.com\/#organization","name":"So&Mat","url":"https:\/\/soymat.com\/","logo":{"@type":"ImageObject","inLanguage":"es-AR","@id":"https:\/\/soymat.com\/#\/schema\/logo\/image\/","url":"https:\/\/soymat.com\/wp-content\/uploads\/2024\/08\/SoyMat.jpg","contentUrl":"https:\/\/soymat.com\/wp-content\/uploads\/2024\/08\/SoyMat.jpg","width":600,"height":236,"caption":"So&Mat"},"image":{"@id":"https:\/\/soymat.com\/#\/schema\/logo\/image\/"}}]}},"_links":{"self":[{"href":"https:\/\/soymat.com\/es\/wp-json\/wp\/v2\/product\/21577","targetHints":{"allow":["GET"]}}],"collection":[{"href":"https:\/\/soymat.com\/es\/wp-json\/wp\/v2\/product"}],"about":[{"href":"https:\/\/soymat.com\/es\/wp-json\/wp\/v2\/types\/product"}],"wp:featuredmedia":[{"embeddable":true,"href":"https:\/\/soymat.com\/es\/wp-json\/wp\/v2\/media\/21573"}],"wp:attachment":[{"href":"https:\/\/soymat.com\/es\/wp-json\/wp\/v2\/media?parent=21577"}],"wp:term":[{"taxonomy":"product_cat","embeddable":true,"href":"https:\/\/soymat.com\/es\/wp-json\/wp\/v2\/product_cat?post=21577"},{"taxonomy":"product_tag","embeddable":true,"href":"https:\/\/soymat.com\/es\/wp-json\/wp\/v2\/product_tag?post=21577"}],"curies":[{"name":"wp","href":"https:\/\/api.w.org\/{rel}","templated":true}]}}