{"id":21583,"date":"2025-02-22T13:17:18","date_gmt":"2025-02-22T16:17:18","guid":{"rendered":"https:\/\/soymat.com\/?post_type=product&#038;p=21583"},"modified":"2026-03-28T13:06:53","modified_gmt":"2026-03-28T16:06:53","slug":"bomba-periferica-0-5hp-qb60-gamma","status":"publish","type":"product","link":"https:\/\/soymat.com\/es\/producto\/bomba-periferica-0-5hp-qb60-gamma\/","title":{"rendered":"Bomba Perif\u00e9rica 0.5HP &#8211; QB60 &#8211; Gamma"},"content":{"rendered":"<p><strong>Bomba Perif\u00e9rica 0.5HP &#8211; QB60 &#8211; Gamma<\/strong><\/p>\n<p>Bomba de agua para uso dom\u00e9stico: evacua en inundaciones, drena tanques y extrae agua de pozos. Con electroforesis para prevenir \u00f3xido.<\/p>\n<p>Bomba de agua dise\u00f1ada para uso dom\u00e9stico.<br \/>\nEvacua agua en situaciones de inundaci\u00f3n, drena tanques y extrae agua de pozos.<br \/>\n\u00danica con proceso de electroforesis, que impide la formaci\u00f3n de \u00f3xido en la bomba.<\/p>\n<p><strong>Datos Tecnicos<\/strong><br \/>\nAlimentaci\u00f3n: 220 V\/ 50Hz<br \/>\nCaudal m\u00e1ximo: 40 L\/min<br \/>\nAltura m\u00e1xima: 20 m<br \/>\nCapacidad M\u00e1xima de succi\u00f3n: 6 m<br \/>\nTemperatura m\u00e1xima del agua: 35\u00b0C<br \/>\nVelocidad de motor: 2850 RPM<br \/>\nPotencia: 0.5 HP<br \/>\nIntensidad: 1.3 A<br \/>\nPeso neto: 3.8 kilos<\/p>","protected":false},"excerpt":{"rendered":"<p>Bomba Perif\u00e9rica 0.5HP &#8211; QB60 &#8211; Gamma Bomba de agua para uso dom\u00e9stico: evacua en inundaciones, drena tanques y extrae agua de pozos. Con electroforesis para prevenir \u00f3xido. Bomba de agua dise\u00f1ada para uso dom\u00e9stico. Evacua agua en situaciones de inundaci\u00f3n, drena tanques y extrae agua de pozos. \u00danica con proceso de electroforesis, que impide [&hellip;]<\/p>\n","protected":false},"featured_media":21564,"template":"","meta":[],"product_cat":[191],"product_tag":[434,433,437,436,435],"class_list":{"0":"post-21583","1":"product","2":"type-product","3":"status-publish","4":"has-post-thumbnail","6":"product_brand-gamma-maquinas-herramientas","7":"product_cat-maquinas-y-herramientas","8":"product_tag-agua","9":"product_tag-bomba-periferica","10":"product_tag-desagotes","11":"product_tag-piletas","12":"product_tag-pozos","14":"first","15":"instock","16":"taxable","17":"shipping-taxable","18":"purchasable","19":"product-type-simple","20":"add-to-wishlist-after_add_to_cart"},"yoast_head":"<!-- This site is optimized with the Yoast SEO Premium plugin v26.9 (Yoast SEO v26.9) - https:\/\/yoast.com\/product\/yoast-seo-premium-wordpress\/ -->\n<title>Bomba Perif\u00e9rica 0.5HP - QB60 - Gamma - SoyMat \u2013 Seguridad Industrial<\/title>\n<meta name=\"robots\" content=\"index, follow, max-snippet:-1, max-image-preview:large, max-video-preview:-1\" \/>\n<link rel=\"canonical\" href=\"https:\/\/soymat.com\/es\/producto\/bomba-periferica-0-5hp-qb60-gamma\/\" \/>\n<meta property=\"og:locale\" content=\"es_ES\" \/>\n<meta property=\"og:type\" content=\"article\" \/>\n<meta property=\"og:title\" content=\"Bomba Perif\u00e9rica 0.5HP - QB60 - Gamma\" \/>\n<meta property=\"og:description\" content=\"Bomba Perif\u00e9rica 0.5HP &#8211; QB60 &#8211; Gamma Bomba de agua para uso dom\u00e9stico: evacua en inundaciones, drena tanques y extrae agua de pozos. Con electroforesis para prevenir \u00f3xido. Bomba de agua dise\u00f1ada para uso dom\u00e9stico. Evacua agua en situaciones de inundaci\u00f3n, drena tanques y extrae agua de pozos. \u00danica con proceso de electroforesis, que impide [&hellip;]\" \/>\n<meta property=\"og:url\" content=\"https:\/\/soymat.com\/es\/producto\/bomba-periferica-0-5hp-qb60-gamma\/\" \/>\n<meta property=\"og:site_name\" content=\"SoyMat \u2013 Seguridad Industrial\" \/>\n<meta property=\"article:modified_time\" content=\"2026-03-28T16:06:53+00:00\" \/>\n<meta property=\"og:image\" content=\"https:\/\/soymat.com\/wp-content\/uploads\/2025\/02\/G2773AR-05-hp-1.jpg\" \/>\n\t<meta property=\"og:image:width\" content=\"1080\" \/>\n\t<meta property=\"og:image:height\" content=\"1080\" \/>\n\t<meta property=\"og:image:type\" content=\"image\/jpeg\" \/>\n<meta name=\"twitter:card\" content=\"summary_large_image\" \/>\n<meta name=\"twitter:label1\" content=\"Tiempo de lectura\" \/>\n\t<meta name=\"twitter:data1\" content=\"1 minuto\" \/>\n<script type=\"application\/ld+json\" class=\"yoast-schema-graph\">{\"@context\":\"https:\/\/schema.org\",\"@graph\":[{\"@type\":\"WebPage\",\"@id\":\"https:\/\/soymat.com\/producto\/bomba-periferica-0-5hp-qb60-gamma\/\",\"url\":\"https:\/\/soymat.com\/producto\/bomba-periferica-0-5hp-qb60-gamma\/\",\"name\":\"Bomba Perif\u00e9rica 0.5HP - QB60 - Gamma - SoyMat \u2013 Seguridad Industrial\",\"isPartOf\":{\"@id\":\"https:\/\/soymat.com\/#website\"},\"primaryImageOfPage\":{\"@id\":\"https:\/\/soymat.com\/producto\/bomba-periferica-0-5hp-qb60-gamma\/#primaryimage\"},\"image\":{\"@id\":\"https:\/\/soymat.com\/producto\/bomba-periferica-0-5hp-qb60-gamma\/#primaryimage\"},\"thumbnailUrl\":\"https:\/\/soymat.com\/wp-content\/uploads\/2025\/02\/G2773AR-05-hp-1.jpg\",\"datePublished\":\"2025-02-22T16:17:18+00:00\",\"dateModified\":\"2026-03-28T16:06:53+00:00\",\"breadcrumb\":{\"@id\":\"https:\/\/soymat.com\/producto\/bomba-periferica-0-5hp-qb60-gamma\/#breadcrumb\"},\"inLanguage\":\"es-AR\",\"potentialAction\":[{\"@type\":\"ReadAction\",\"target\":[\"https:\/\/soymat.com\/producto\/bomba-periferica-0-5hp-qb60-gamma\/\"]}]},{\"@type\":\"ImageObject\",\"inLanguage\":\"es-AR\",\"@id\":\"https:\/\/soymat.com\/producto\/bomba-periferica-0-5hp-qb60-gamma\/#primaryimage\",\"url\":\"https:\/\/soymat.com\/wp-content\/uploads\/2025\/02\/G2773AR-05-hp-1.jpg\",\"contentUrl\":\"https:\/\/soymat.com\/wp-content\/uploads\/2025\/02\/G2773AR-05-hp-1.jpg\",\"width\":1080,\"height\":1080,\"caption\":\"bomba periferica\"},{\"@type\":\"BreadcrumbList\",\"@id\":\"https:\/\/soymat.com\/producto\/bomba-periferica-0-5hp-qb60-gamma\/#breadcrumb\",\"itemListElement\":[{\"@type\":\"ListItem\",\"position\":1,\"name\":\"Portada\",\"item\":\"https:\/\/soymat.com\/\"},{\"@type\":\"ListItem\",\"position\":2,\"name\":\"Todos los Productos\",\"item\":\"https:\/\/soymat.com\/shop\/\"},{\"@type\":\"ListItem\",\"position\":3,\"name\":\"Bomba Perif\u00e9rica 0.5HP &#8211; QB60 &#8211; Gamma\"}]},{\"@type\":\"WebSite\",\"@id\":\"https:\/\/soymat.com\/#website\",\"url\":\"https:\/\/soymat.com\/\",\"name\":\"So&Mat\",\"description\":\"Empresa Dedicada a la protecci\u00f3n global contra incendio . matafuegos redes bombas,venta instalaci\u00f3n y service, protecci\u00f3n y confort laboral en todo concepto.\",\"publisher\":{\"@id\":\"https:\/\/soymat.com\/#organization\"},\"alternateName\":\"So&Mat\",\"potentialAction\":[{\"@type\":\"SearchAction\",\"target\":{\"@type\":\"EntryPoint\",\"urlTemplate\":\"https:\/\/soymat.com\/?s={search_term_string}\"},\"query-input\":{\"@type\":\"PropertyValueSpecification\",\"valueRequired\":true,\"valueName\":\"search_term_string\"}}],\"inLanguage\":\"es-AR\"},{\"@type\":\"Organization\",\"@id\":\"https:\/\/soymat.com\/#organization\",\"name\":\"So&Mat\",\"url\":\"https:\/\/soymat.com\/\",\"logo\":{\"@type\":\"ImageObject\",\"inLanguage\":\"es-AR\",\"@id\":\"https:\/\/soymat.com\/#\/schema\/logo\/image\/\",\"url\":\"https:\/\/soymat.com\/wp-content\/uploads\/2024\/08\/SoyMat.jpg\",\"contentUrl\":\"https:\/\/soymat.com\/wp-content\/uploads\/2024\/08\/SoyMat.jpg\",\"width\":600,\"height\":236,\"caption\":\"So&Mat\"},\"image\":{\"@id\":\"https:\/\/soymat.com\/#\/schema\/logo\/image\/\"}}]}<\/script>\n<!-- \/ Yoast SEO Premium plugin. -->","yoast_head_json":{"title":"Bomba Perif\u00e9rica 0.5HP - QB60 - Gamma - SoyMat \u2013 Seguridad Industrial","robots":{"index":"index","follow":"follow","max-snippet":"max-snippet:-1","max-image-preview":"max-image-preview:large","max-video-preview":"max-video-preview:-1"},"canonical":"https:\/\/soymat.com\/es\/producto\/bomba-periferica-0-5hp-qb60-gamma\/","og_locale":"es_ES","og_type":"article","og_title":"Bomba Perif\u00e9rica 0.5HP - QB60 - Gamma","og_description":"Bomba Perif\u00e9rica 0.5HP &#8211; QB60 &#8211; Gamma Bomba de agua para uso dom\u00e9stico: evacua en inundaciones, drena tanques y extrae agua de pozos. Con electroforesis para prevenir \u00f3xido. Bomba de agua dise\u00f1ada para uso dom\u00e9stico. Evacua agua en situaciones de inundaci\u00f3n, drena tanques y extrae agua de pozos. \u00danica con proceso de electroforesis, que impide [&hellip;]","og_url":"https:\/\/soymat.com\/es\/producto\/bomba-periferica-0-5hp-qb60-gamma\/","og_site_name":"SoyMat \u2013 Seguridad Industrial","article_modified_time":"2026-03-28T16:06:53+00:00","og_image":[{"width":1080,"height":1080,"url":"https:\/\/soymat.com\/wp-content\/uploads\/2025\/02\/G2773AR-05-hp-1.jpg","type":"image\/jpeg"}],"twitter_card":"summary_large_image","twitter_misc":{"Tiempo de lectura":"1 minuto"},"schema":{"@context":"https:\/\/schema.org","@graph":[{"@type":"WebPage","@id":"https:\/\/soymat.com\/producto\/bomba-periferica-0-5hp-qb60-gamma\/","url":"https:\/\/soymat.com\/producto\/bomba-periferica-0-5hp-qb60-gamma\/","name":"Bomba Perif\u00e9rica 0.5HP - QB60 - Gamma - SoyMat \u2013 Seguridad Industrial","isPartOf":{"@id":"https:\/\/soymat.com\/#website"},"primaryImageOfPage":{"@id":"https:\/\/soymat.com\/producto\/bomba-periferica-0-5hp-qb60-gamma\/#primaryimage"},"image":{"@id":"https:\/\/soymat.com\/producto\/bomba-periferica-0-5hp-qb60-gamma\/#primaryimage"},"thumbnailUrl":"https:\/\/soymat.com\/wp-content\/uploads\/2025\/02\/G2773AR-05-hp-1.jpg","datePublished":"2025-02-22T16:17:18+00:00","dateModified":"2026-03-28T16:06:53+00:00","breadcrumb":{"@id":"https:\/\/soymat.com\/producto\/bomba-periferica-0-5hp-qb60-gamma\/#breadcrumb"},"inLanguage":"es-AR","potentialAction":[{"@type":"ReadAction","target":["https:\/\/soymat.com\/producto\/bomba-periferica-0-5hp-qb60-gamma\/"]}]},{"@type":"ImageObject","inLanguage":"es-AR","@id":"https:\/\/soymat.com\/producto\/bomba-periferica-0-5hp-qb60-gamma\/#primaryimage","url":"https:\/\/soymat.com\/wp-content\/uploads\/2025\/02\/G2773AR-05-hp-1.jpg","contentUrl":"https:\/\/soymat.com\/wp-content\/uploads\/2025\/02\/G2773AR-05-hp-1.jpg","width":1080,"height":1080,"caption":"bomba periferica"},{"@type":"BreadcrumbList","@id":"https:\/\/soymat.com\/producto\/bomba-periferica-0-5hp-qb60-gamma\/#breadcrumb","itemListElement":[{"@type":"ListItem","position":1,"name":"Portada","item":"https:\/\/soymat.com\/"},{"@type":"ListItem","position":2,"name":"Todos los Productos","item":"https:\/\/soymat.com\/shop\/"},{"@type":"ListItem","position":3,"name":"Bomba Perif\u00e9rica 0.5HP &#8211; QB60 &#8211; Gamma"}]},{"@type":"WebSite","@id":"https:\/\/soymat.com\/#website","url":"https:\/\/soymat.com\/","name":"So&Mat","description":"Empresa Dedicada a la protecci\u00f3n global contra incendio . matafuegos redes bombas,venta instalaci\u00f3n y service, protecci\u00f3n y confort laboral en todo concepto.","publisher":{"@id":"https:\/\/soymat.com\/#organization"},"alternateName":"So&Mat","potentialAction":[{"@type":"SearchAction","target":{"@type":"EntryPoint","urlTemplate":"https:\/\/soymat.com\/?s={search_term_string}"},"query-input":{"@type":"PropertyValueSpecification","valueRequired":true,"valueName":"search_term_string"}}],"inLanguage":"es-AR"},{"@type":"Organization","@id":"https:\/\/soymat.com\/#organization","name":"So&Mat","url":"https:\/\/soymat.com\/","logo":{"@type":"ImageObject","inLanguage":"es-AR","@id":"https:\/\/soymat.com\/#\/schema\/logo\/image\/","url":"https:\/\/soymat.com\/wp-content\/uploads\/2024\/08\/SoyMat.jpg","contentUrl":"https:\/\/soymat.com\/wp-content\/uploads\/2024\/08\/SoyMat.jpg","width":600,"height":236,"caption":"So&Mat"},"image":{"@id":"https:\/\/soymat.com\/#\/schema\/logo\/image\/"}}]}},"_links":{"self":[{"href":"https:\/\/soymat.com\/es\/wp-json\/wp\/v2\/product\/21583","targetHints":{"allow":["GET"]}}],"collection":[{"href":"https:\/\/soymat.com\/es\/wp-json\/wp\/v2\/product"}],"about":[{"href":"https:\/\/soymat.com\/es\/wp-json\/wp\/v2\/types\/product"}],"wp:featuredmedia":[{"embeddable":true,"href":"https:\/\/soymat.com\/es\/wp-json\/wp\/v2\/media\/21564"}],"wp:attachment":[{"href":"https:\/\/soymat.com\/es\/wp-json\/wp\/v2\/media?parent=21583"}],"wp:term":[{"taxonomy":"product_cat","embeddable":true,"href":"https:\/\/soymat.com\/es\/wp-json\/wp\/v2\/product_cat?post=21583"},{"taxonomy":"product_tag","embeddable":true,"href":"https:\/\/soymat.com\/es\/wp-json\/wp\/v2\/product_tag?post=21583"}],"curies":[{"name":"wp","href":"https:\/\/api.w.org\/{rel}","templated":true}]}}