{"id":21587,"date":"2025-02-22T13:22:34","date_gmt":"2025-02-22T16:22:34","guid":{"rendered":"https:\/\/soymat.com\/?post_type=product&#038;p=21587"},"modified":"2026-02-10T10:08:03","modified_gmt":"2026-02-10T13:08:03","slug":"cargador-de-bateria-20v-ultra-rapido-de-2200-mah-gamma","status":"publish","type":"product","link":"https:\/\/soymat.com\/es\/producto\/cargador-de-bateria-20v-ultra-rapido-de-2200-mah-gamma\/","title":{"rendered":"Cargador de Bateria 20v ULTRA Rapido de 2200 mAh &#8211; Gamma"},"content":{"rendered":"<p><strong>Cargador de Bateria 20v ULTRA Rapido de 2200 mAh &#8211; Gamma<\/strong><\/p>\n<p>Cargador apto para ambas bater\u00edas que funcionan con todos los equipos multienergy.<\/p>\n<p>Cargador de 20V ultra r\u00e1pido 4000 mAh para ambas bater\u00edas las cuales son aptas para toda nuestra l\u00ednea multi energy.<br \/>\nTipo: Step-down inverter<\/p>\n<p><strong>Datos tecnicos<\/strong><br \/>\nAlimentaci\u00f3n: 220 VCA 50Hz<br \/>\nPotencia: 84W<br \/>\nCarga: 4000mAh<br \/>\nTiempo de carga: 40 minutos en condiciones normales de presi\u00f3n y temperatura para bater\u00eda G12490AR<br \/>\n*Carga tambi\u00e9n la bater\u00eda G12491AR<\/p>","protected":false},"excerpt":{"rendered":"<p>Cargador de Bateria 20v ULTRA Rapido de 2200 mAh &#8211; Gamma Cargador apto para ambas bater\u00edas que funcionan con todos los equipos multienergy. Cargador de 20V ultra r\u00e1pido 4000 mAh para ambas bater\u00edas las cuales son aptas para toda nuestra l\u00ednea multi energy. Tipo: Step-down inverter Datos tecnicos Alimentaci\u00f3n: 220 VCA 50Hz Potencia: 84W Carga: [&hellip;]<\/p>\n","protected":false},"featured_media":21576,"template":"","meta":[],"product_cat":[191],"product_tag":[440,442,441],"class_list":{"0":"post-21587","1":"product","2":"type-product","3":"status-publish","4":"has-post-thumbnail","6":"product_brand-gamma-maquinas-herramientas","7":"product_cat-maquinas-y-herramientas","8":"product_tag-cargador-de-bateria","9":"product_tag-cargador-ultra-rapido","10":"product_tag-herramientas-a-baterias","12":"first","13":"instock","14":"taxable","15":"shipping-taxable","16":"purchasable","17":"product-type-simple","18":"add-to-wishlist-after_add_to_cart"},"yoast_head":"<!-- This site is optimized with the Yoast SEO Premium plugin v26.9 (Yoast SEO v26.9) - https:\/\/yoast.com\/product\/yoast-seo-premium-wordpress\/ -->\n<title>Cargador de Bateria 20v ULTRA Rapido de 2200 mAh - Gamma - SoyMat \u2013 Seguridad Industrial<\/title>\n<meta name=\"robots\" content=\"index, follow, max-snippet:-1, max-image-preview:large, max-video-preview:-1\" \/>\n<link rel=\"canonical\" href=\"https:\/\/soymat.com\/es\/producto\/cargador-de-bateria-20v-ultra-rapido-de-2200-mah-gamma\/\" \/>\n<meta property=\"og:locale\" content=\"es_ES\" \/>\n<meta property=\"og:type\" content=\"article\" \/>\n<meta property=\"og:title\" content=\"Cargador de Bateria 20v ULTRA Rapido de 2200 mAh - Gamma\" \/>\n<meta property=\"og:description\" content=\"Cargador de Bateria 20v ULTRA Rapido de 2200 mAh &#8211; Gamma Cargador apto para ambas bater\u00edas que funcionan con todos los equipos multienergy. Cargador de 20V ultra r\u00e1pido 4000 mAh para ambas bater\u00edas las cuales son aptas para toda nuestra l\u00ednea multi energy. Tipo: Step-down inverter Datos tecnicos Alimentaci\u00f3n: 220 VCA 50Hz Potencia: 84W Carga: [&hellip;]\" \/>\n<meta property=\"og:url\" content=\"https:\/\/soymat.com\/es\/producto\/cargador-de-bateria-20v-ultra-rapido-de-2200-mah-gamma\/\" \/>\n<meta property=\"og:site_name\" content=\"SoyMat \u2013 Seguridad Industrial\" \/>\n<meta property=\"article:modified_time\" content=\"2026-02-10T13:08:03+00:00\" \/>\n<meta property=\"og:image\" content=\"https:\/\/soymat.com\/wp-content\/uploads\/2025\/02\/G12493AR-carga-ultra-rapido.jpg\" \/>\n\t<meta property=\"og:image:width\" content=\"1080\" \/>\n\t<meta property=\"og:image:height\" content=\"1080\" \/>\n\t<meta property=\"og:image:type\" content=\"image\/jpeg\" \/>\n<meta name=\"twitter:card\" content=\"summary_large_image\" \/>\n<meta name=\"twitter:label1\" content=\"Tiempo de lectura\" \/>\n\t<meta name=\"twitter:data1\" content=\"1 minuto\" \/>\n<script type=\"application\/ld+json\" class=\"yoast-schema-graph\">{\"@context\":\"https:\/\/schema.org\",\"@graph\":[{\"@type\":\"WebPage\",\"@id\":\"https:\/\/soymat.com\/producto\/cargador-de-bateria-20v-ultra-rapido-de-2200-mah-gamma\/\",\"url\":\"https:\/\/soymat.com\/producto\/cargador-de-bateria-20v-ultra-rapido-de-2200-mah-gamma\/\",\"name\":\"Cargador de Bateria 20v ULTRA Rapido de 2200 mAh - Gamma - SoyMat \u2013 Seguridad Industrial\",\"isPartOf\":{\"@id\":\"https:\/\/soymat.com\/#website\"},\"primaryImageOfPage\":{\"@id\":\"https:\/\/soymat.com\/producto\/cargador-de-bateria-20v-ultra-rapido-de-2200-mah-gamma\/#primaryimage\"},\"image\":{\"@id\":\"https:\/\/soymat.com\/producto\/cargador-de-bateria-20v-ultra-rapido-de-2200-mah-gamma\/#primaryimage\"},\"thumbnailUrl\":\"https:\/\/soymat.com\/wp-content\/uploads\/2025\/02\/G12493AR-carga-ultra-rapido.jpg\",\"datePublished\":\"2025-02-22T16:22:34+00:00\",\"dateModified\":\"2026-02-10T13:08:03+00:00\",\"breadcrumb\":{\"@id\":\"https:\/\/soymat.com\/producto\/cargador-de-bateria-20v-ultra-rapido-de-2200-mah-gamma\/#breadcrumb\"},\"inLanguage\":\"es-AR\",\"potentialAction\":[{\"@type\":\"ReadAction\",\"target\":[\"https:\/\/soymat.com\/producto\/cargador-de-bateria-20v-ultra-rapido-de-2200-mah-gamma\/\"]}]},{\"@type\":\"ImageObject\",\"inLanguage\":\"es-AR\",\"@id\":\"https:\/\/soymat.com\/producto\/cargador-de-bateria-20v-ultra-rapido-de-2200-mah-gamma\/#primaryimage\",\"url\":\"https:\/\/soymat.com\/wp-content\/uploads\/2025\/02\/G12493AR-carga-ultra-rapido.jpg\",\"contentUrl\":\"https:\/\/soymat.com\/wp-content\/uploads\/2025\/02\/G12493AR-carga-ultra-rapido.jpg\",\"width\":1080,\"height\":1080,\"caption\":\"cargador de baterias ultra rapido\"},{\"@type\":\"BreadcrumbList\",\"@id\":\"https:\/\/soymat.com\/producto\/cargador-de-bateria-20v-ultra-rapido-de-2200-mah-gamma\/#breadcrumb\",\"itemListElement\":[{\"@type\":\"ListItem\",\"position\":1,\"name\":\"Portada\",\"item\":\"https:\/\/soymat.com\/\"},{\"@type\":\"ListItem\",\"position\":2,\"name\":\"Todos los Productos\",\"item\":\"https:\/\/soymat.com\/shop\/\"},{\"@type\":\"ListItem\",\"position\":3,\"name\":\"Cargador de Bateria 20v ULTRA Rapido de 2200 mAh &#8211; Gamma\"}]},{\"@type\":\"WebSite\",\"@id\":\"https:\/\/soymat.com\/#website\",\"url\":\"https:\/\/soymat.com\/\",\"name\":\"So&Mat\",\"description\":\"Empresa Dedicada a la protecci\u00f3n global contra incendio . matafuegos redes bombas,venta instalaci\u00f3n y service, protecci\u00f3n y confort laboral en todo concepto.\",\"publisher\":{\"@id\":\"https:\/\/soymat.com\/#organization\"},\"alternateName\":\"So&Mat\",\"potentialAction\":[{\"@type\":\"SearchAction\",\"target\":{\"@type\":\"EntryPoint\",\"urlTemplate\":\"https:\/\/soymat.com\/?s={search_term_string}\"},\"query-input\":{\"@type\":\"PropertyValueSpecification\",\"valueRequired\":true,\"valueName\":\"search_term_string\"}}],\"inLanguage\":\"es-AR\"},{\"@type\":\"Organization\",\"@id\":\"https:\/\/soymat.com\/#organization\",\"name\":\"So&Mat\",\"url\":\"https:\/\/soymat.com\/\",\"logo\":{\"@type\":\"ImageObject\",\"inLanguage\":\"es-AR\",\"@id\":\"https:\/\/soymat.com\/#\/schema\/logo\/image\/\",\"url\":\"https:\/\/soymat.com\/wp-content\/uploads\/2024\/08\/SoyMat.jpg\",\"contentUrl\":\"https:\/\/soymat.com\/wp-content\/uploads\/2024\/08\/SoyMat.jpg\",\"width\":600,\"height\":236,\"caption\":\"So&Mat\"},\"image\":{\"@id\":\"https:\/\/soymat.com\/#\/schema\/logo\/image\/\"}}]}<\/script>\n<!-- \/ Yoast SEO Premium plugin. -->","yoast_head_json":{"title":"Cargador de Bateria 20v ULTRA Rapido de 2200 mAh - Gamma - SoyMat \u2013 Seguridad Industrial","robots":{"index":"index","follow":"follow","max-snippet":"max-snippet:-1","max-image-preview":"max-image-preview:large","max-video-preview":"max-video-preview:-1"},"canonical":"https:\/\/soymat.com\/es\/producto\/cargador-de-bateria-20v-ultra-rapido-de-2200-mah-gamma\/","og_locale":"es_ES","og_type":"article","og_title":"Cargador de Bateria 20v ULTRA Rapido de 2200 mAh - Gamma","og_description":"Cargador de Bateria 20v ULTRA Rapido de 2200 mAh &#8211; Gamma Cargador apto para ambas bater\u00edas que funcionan con todos los equipos multienergy. Cargador de 20V ultra r\u00e1pido 4000 mAh para ambas bater\u00edas las cuales son aptas para toda nuestra l\u00ednea multi energy. Tipo: Step-down inverter Datos tecnicos Alimentaci\u00f3n: 220 VCA 50Hz Potencia: 84W Carga: [&hellip;]","og_url":"https:\/\/soymat.com\/es\/producto\/cargador-de-bateria-20v-ultra-rapido-de-2200-mah-gamma\/","og_site_name":"SoyMat \u2013 Seguridad Industrial","article_modified_time":"2026-02-10T13:08:03+00:00","og_image":[{"width":1080,"height":1080,"url":"https:\/\/soymat.com\/wp-content\/uploads\/2025\/02\/G12493AR-carga-ultra-rapido.jpg","type":"image\/jpeg"}],"twitter_card":"summary_large_image","twitter_misc":{"Tiempo de lectura":"1 minuto"},"schema":{"@context":"https:\/\/schema.org","@graph":[{"@type":"WebPage","@id":"https:\/\/soymat.com\/producto\/cargador-de-bateria-20v-ultra-rapido-de-2200-mah-gamma\/","url":"https:\/\/soymat.com\/producto\/cargador-de-bateria-20v-ultra-rapido-de-2200-mah-gamma\/","name":"Cargador de Bateria 20v ULTRA Rapido de 2200 mAh - Gamma - SoyMat \u2013 Seguridad Industrial","isPartOf":{"@id":"https:\/\/soymat.com\/#website"},"primaryImageOfPage":{"@id":"https:\/\/soymat.com\/producto\/cargador-de-bateria-20v-ultra-rapido-de-2200-mah-gamma\/#primaryimage"},"image":{"@id":"https:\/\/soymat.com\/producto\/cargador-de-bateria-20v-ultra-rapido-de-2200-mah-gamma\/#primaryimage"},"thumbnailUrl":"https:\/\/soymat.com\/wp-content\/uploads\/2025\/02\/G12493AR-carga-ultra-rapido.jpg","datePublished":"2025-02-22T16:22:34+00:00","dateModified":"2026-02-10T13:08:03+00:00","breadcrumb":{"@id":"https:\/\/soymat.com\/producto\/cargador-de-bateria-20v-ultra-rapido-de-2200-mah-gamma\/#breadcrumb"},"inLanguage":"es-AR","potentialAction":[{"@type":"ReadAction","target":["https:\/\/soymat.com\/producto\/cargador-de-bateria-20v-ultra-rapido-de-2200-mah-gamma\/"]}]},{"@type":"ImageObject","inLanguage":"es-AR","@id":"https:\/\/soymat.com\/producto\/cargador-de-bateria-20v-ultra-rapido-de-2200-mah-gamma\/#primaryimage","url":"https:\/\/soymat.com\/wp-content\/uploads\/2025\/02\/G12493AR-carga-ultra-rapido.jpg","contentUrl":"https:\/\/soymat.com\/wp-content\/uploads\/2025\/02\/G12493AR-carga-ultra-rapido.jpg","width":1080,"height":1080,"caption":"cargador de baterias ultra rapido"},{"@type":"BreadcrumbList","@id":"https:\/\/soymat.com\/producto\/cargador-de-bateria-20v-ultra-rapido-de-2200-mah-gamma\/#breadcrumb","itemListElement":[{"@type":"ListItem","position":1,"name":"Portada","item":"https:\/\/soymat.com\/"},{"@type":"ListItem","position":2,"name":"Todos los Productos","item":"https:\/\/soymat.com\/shop\/"},{"@type":"ListItem","position":3,"name":"Cargador de Bateria 20v ULTRA Rapido de 2200 mAh &#8211; Gamma"}]},{"@type":"WebSite","@id":"https:\/\/soymat.com\/#website","url":"https:\/\/soymat.com\/","name":"So&Mat","description":"Empresa Dedicada a la protecci\u00f3n global contra incendio . matafuegos redes bombas,venta instalaci\u00f3n y service, protecci\u00f3n y confort laboral en todo concepto.","publisher":{"@id":"https:\/\/soymat.com\/#organization"},"alternateName":"So&Mat","potentialAction":[{"@type":"SearchAction","target":{"@type":"EntryPoint","urlTemplate":"https:\/\/soymat.com\/?s={search_term_string}"},"query-input":{"@type":"PropertyValueSpecification","valueRequired":true,"valueName":"search_term_string"}}],"inLanguage":"es-AR"},{"@type":"Organization","@id":"https:\/\/soymat.com\/#organization","name":"So&Mat","url":"https:\/\/soymat.com\/","logo":{"@type":"ImageObject","inLanguage":"es-AR","@id":"https:\/\/soymat.com\/#\/schema\/logo\/image\/","url":"https:\/\/soymat.com\/wp-content\/uploads\/2024\/08\/SoyMat.jpg","contentUrl":"https:\/\/soymat.com\/wp-content\/uploads\/2024\/08\/SoyMat.jpg","width":600,"height":236,"caption":"So&Mat"},"image":{"@id":"https:\/\/soymat.com\/#\/schema\/logo\/image\/"}}]}},"_links":{"self":[{"href":"https:\/\/soymat.com\/es\/wp-json\/wp\/v2\/product\/21587","targetHints":{"allow":["GET"]}}],"collection":[{"href":"https:\/\/soymat.com\/es\/wp-json\/wp\/v2\/product"}],"about":[{"href":"https:\/\/soymat.com\/es\/wp-json\/wp\/v2\/types\/product"}],"wp:featuredmedia":[{"embeddable":true,"href":"https:\/\/soymat.com\/es\/wp-json\/wp\/v2\/media\/21576"}],"wp:attachment":[{"href":"https:\/\/soymat.com\/es\/wp-json\/wp\/v2\/media?parent=21587"}],"wp:term":[{"taxonomy":"product_cat","embeddable":true,"href":"https:\/\/soymat.com\/es\/wp-json\/wp\/v2\/product_cat?post=21587"},{"taxonomy":"product_tag","embeddable":true,"href":"https:\/\/soymat.com\/es\/wp-json\/wp\/v2\/product_tag?post=21587"}],"curies":[{"name":"wp","href":"https:\/\/api.w.org\/{rel}","templated":true}]}}