{"id":21595,"date":"2025-02-22T13:35:11","date_gmt":"2025-02-22T16:35:11","guid":{"rendered":"https:\/\/soymat.com\/?post_type=product&#038;p=21595"},"modified":"2026-02-10T10:07:54","modified_gmt":"2026-02-10T13:07:54","slug":"hidrolavadora-master-wash-2800-2200w-gamma","status":"publish","type":"product","link":"https:\/\/soymat.com\/es\/producto\/hidrolavadora-master-wash-2800-2200w-gamma\/","title":{"rendered":"Hidrolavadora Master Wash 2800-2200w Gamma"},"content":{"rendered":"<p><strong>Hidrolavadora Master Wash 2800-2200w Alimentacion 220 Vca &#8211; 50hz<\/strong><\/p>\n<p>Con sistema <strong>AUTOSTOP<\/strong>, que produce la detenci\u00f3n autom\u00e1tica del motor de la hidrolavadora cuando se deja de accionar el gatillo de la pistola.<\/p>\n<p>Hidrolavadora de alta presi\u00f3n de alto nivel tecnol\u00f3gico. Equipada con foam lance.<br \/>\nLimpia de forma m\u00e1s r\u00e1pida y efectiva con el mayor ahorro de agua.<br \/>\nElimina la suciedad adherida mediante agua limpia y detergentes.<br \/>\nIdeal para limpiar veh\u00edculos, m\u00e1quinas, embarcaciones, paredes, pisos, etc.<\/p>\n<p><strong>Datos tecnicos<\/strong><br \/>\nAlimentaci\u00f3n: 220 VCA &#8211; 50Hz<br \/>\nPresi\u00f3n M\u00e1x. Adm: 16,5 MPa &#8211; 165 bar<br \/>\nCaudal: 8 L\/min &#8211; 480L\/H<br \/>\nTemperatura del agua: 5\u00baC &#8211; 35\u00baC<br \/>\nClase de protecci\u00f3n: IPX5<br \/>\nManguera: 5 metros<br \/>\nProvisto con: Pistola, gancho para colgar la lanza, lanza rociadora, acople de entrada del agua, empu\u00f1adora de transporte, interruptor de encendido, cable de alimentaci\u00f3n y foam lance<br \/>\nCon AUTOSTOP.<\/p>\n<p>&nbsp;<\/p>","protected":false},"excerpt":{"rendered":"<p>Hidrolavadora Master Wash 2800-2200w Alimentacion 220 Vca &#8211; 50hz Con sistema AUTOSTOP, que produce la detenci\u00f3n autom\u00e1tica del motor de la hidrolavadora cuando se deja de accionar el gatillo de la pistola. Hidrolavadora de alta presi\u00f3n de alto nivel tecnol\u00f3gico. Equipada con foam lance. Limpia de forma m\u00e1s r\u00e1pida y efectiva con el mayor ahorro [&hellip;]<\/p>\n","protected":false},"featured_media":21561,"template":"","meta":[],"product_cat":[191],"product_tag":[408,312,410,411,211],"class_list":{"0":"post-21595","1":"product","2":"type-product","3":"status-publish","4":"has-post-thumbnail","6":"product_brand-gamma-maquinas-herramientas","7":"product_cat-maquinas-y-herramientas","8":"product_tag-casa-y-jardin","9":"product_tag-herramientas-de-mano","10":"product_tag-hidro","11":"product_tag-hidrolavadora","12":"product_tag-maquinas-electricas","14":"first","15":"outofstock","16":"taxable","17":"shipping-taxable","18":"purchasable","19":"product-type-simple","20":"add-to-wishlist-after_add_to_cart"},"yoast_head":"<!-- This site is optimized with the Yoast SEO Premium plugin v26.9 (Yoast SEO v26.9) - https:\/\/yoast.com\/product\/yoast-seo-premium-wordpress\/ -->\n<title>Hidrolavadora Master Wash 2800-2200w Gamma - SoyMat \u2013 Seguridad Industrial<\/title>\n<meta name=\"robots\" content=\"index, follow, max-snippet:-1, max-image-preview:large, max-video-preview:-1\" \/>\n<link rel=\"canonical\" href=\"https:\/\/soymat.com\/es\/producto\/hidrolavadora-master-wash-2800-2200w-gamma\/\" \/>\n<meta property=\"og:locale\" content=\"es_ES\" \/>\n<meta property=\"og:type\" content=\"article\" \/>\n<meta property=\"og:title\" content=\"Hidrolavadora Master Wash 2800-2200w Gamma\" \/>\n<meta property=\"og:description\" content=\"Hidrolavadora Master Wash 2800-2200w Alimentacion 220 Vca &#8211; 50hz Con sistema AUTOSTOP, que produce la detenci\u00f3n autom\u00e1tica del motor de la hidrolavadora cuando se deja de accionar el gatillo de la pistola. Hidrolavadora de alta presi\u00f3n de alto nivel tecnol\u00f3gico. Equipada con foam lance. Limpia de forma m\u00e1s r\u00e1pida y efectiva con el mayor ahorro [&hellip;]\" \/>\n<meta property=\"og:url\" content=\"https:\/\/soymat.com\/es\/producto\/hidrolavadora-master-wash-2800-2200w-gamma\/\" \/>\n<meta property=\"og:site_name\" content=\"SoyMat \u2013 Seguridad Industrial\" \/>\n<meta property=\"article:modified_time\" content=\"2026-02-10T13:07:54+00:00\" \/>\n<meta property=\"og:image\" content=\"https:\/\/soymat.com\/wp-content\/uploads\/2025\/02\/G2519AR-1-2800.jpg\" \/>\n\t<meta property=\"og:image:width\" content=\"1024\" \/>\n\t<meta property=\"og:image:height\" content=\"1024\" \/>\n\t<meta property=\"og:image:type\" content=\"image\/jpeg\" \/>\n<meta name=\"twitter:card\" content=\"summary_large_image\" \/>\n<meta name=\"twitter:label1\" content=\"Tiempo de lectura\" \/>\n\t<meta name=\"twitter:data1\" content=\"1 minuto\" \/>\n<script type=\"application\/ld+json\" class=\"yoast-schema-graph\">{\"@context\":\"https:\/\/schema.org\",\"@graph\":[{\"@type\":\"WebPage\",\"@id\":\"https:\/\/soymat.com\/producto\/hidrolavadora-master-wash-2800-2200w-gamma\/\",\"url\":\"https:\/\/soymat.com\/producto\/hidrolavadora-master-wash-2800-2200w-gamma\/\",\"name\":\"Hidrolavadora Master Wash 2800-2200w Gamma - SoyMat \u2013 Seguridad Industrial\",\"isPartOf\":{\"@id\":\"https:\/\/soymat.com\/#website\"},\"primaryImageOfPage\":{\"@id\":\"https:\/\/soymat.com\/producto\/hidrolavadora-master-wash-2800-2200w-gamma\/#primaryimage\"},\"image\":{\"@id\":\"https:\/\/soymat.com\/producto\/hidrolavadora-master-wash-2800-2200w-gamma\/#primaryimage\"},\"thumbnailUrl\":\"https:\/\/soymat.com\/wp-content\/uploads\/2025\/02\/G2519AR-1-2800.jpg\",\"datePublished\":\"2025-02-22T16:35:11+00:00\",\"dateModified\":\"2026-02-10T13:07:54+00:00\",\"breadcrumb\":{\"@id\":\"https:\/\/soymat.com\/producto\/hidrolavadora-master-wash-2800-2200w-gamma\/#breadcrumb\"},\"inLanguage\":\"es-AR\",\"potentialAction\":[{\"@type\":\"ReadAction\",\"target\":[\"https:\/\/soymat.com\/producto\/hidrolavadora-master-wash-2800-2200w-gamma\/\"]}]},{\"@type\":\"ImageObject\",\"inLanguage\":\"es-AR\",\"@id\":\"https:\/\/soymat.com\/producto\/hidrolavadora-master-wash-2800-2200w-gamma\/#primaryimage\",\"url\":\"https:\/\/soymat.com\/wp-content\/uploads\/2025\/02\/G2519AR-1-2800.jpg\",\"contentUrl\":\"https:\/\/soymat.com\/wp-content\/uploads\/2025\/02\/G2519AR-1-2800.jpg\",\"width\":1024,\"height\":1024,\"caption\":\"hidrolavadora 2800\"},{\"@type\":\"BreadcrumbList\",\"@id\":\"https:\/\/soymat.com\/producto\/hidrolavadora-master-wash-2800-2200w-gamma\/#breadcrumb\",\"itemListElement\":[{\"@type\":\"ListItem\",\"position\":1,\"name\":\"Portada\",\"item\":\"https:\/\/soymat.com\/\"},{\"@type\":\"ListItem\",\"position\":2,\"name\":\"Todos los Productos\",\"item\":\"https:\/\/soymat.com\/shop\/\"},{\"@type\":\"ListItem\",\"position\":3,\"name\":\"Hidrolavadora Master Wash 2800-2200w Gamma\"}]},{\"@type\":\"WebSite\",\"@id\":\"https:\/\/soymat.com\/#website\",\"url\":\"https:\/\/soymat.com\/\",\"name\":\"So&Mat\",\"description\":\"Empresa Dedicada a la protecci\u00f3n global contra incendio . matafuegos redes bombas,venta instalaci\u00f3n y service, protecci\u00f3n y confort laboral en todo concepto.\",\"publisher\":{\"@id\":\"https:\/\/soymat.com\/#organization\"},\"alternateName\":\"So&Mat\",\"potentialAction\":[{\"@type\":\"SearchAction\",\"target\":{\"@type\":\"EntryPoint\",\"urlTemplate\":\"https:\/\/soymat.com\/?s={search_term_string}\"},\"query-input\":{\"@type\":\"PropertyValueSpecification\",\"valueRequired\":true,\"valueName\":\"search_term_string\"}}],\"inLanguage\":\"es-AR\"},{\"@type\":\"Organization\",\"@id\":\"https:\/\/soymat.com\/#organization\",\"name\":\"So&Mat\",\"url\":\"https:\/\/soymat.com\/\",\"logo\":{\"@type\":\"ImageObject\",\"inLanguage\":\"es-AR\",\"@id\":\"https:\/\/soymat.com\/#\/schema\/logo\/image\/\",\"url\":\"https:\/\/soymat.com\/wp-content\/uploads\/2024\/08\/SoyMat.jpg\",\"contentUrl\":\"https:\/\/soymat.com\/wp-content\/uploads\/2024\/08\/SoyMat.jpg\",\"width\":600,\"height\":236,\"caption\":\"So&Mat\"},\"image\":{\"@id\":\"https:\/\/soymat.com\/#\/schema\/logo\/image\/\"}}]}<\/script>\n<!-- \/ Yoast SEO Premium plugin. -->","yoast_head_json":{"title":"Hidrolavadora Master Wash 2800-2200w Gamma - SoyMat \u2013 Seguridad Industrial","robots":{"index":"index","follow":"follow","max-snippet":"max-snippet:-1","max-image-preview":"max-image-preview:large","max-video-preview":"max-video-preview:-1"},"canonical":"https:\/\/soymat.com\/es\/producto\/hidrolavadora-master-wash-2800-2200w-gamma\/","og_locale":"es_ES","og_type":"article","og_title":"Hidrolavadora Master Wash 2800-2200w Gamma","og_description":"Hidrolavadora Master Wash 2800-2200w Alimentacion 220 Vca &#8211; 50hz Con sistema AUTOSTOP, que produce la detenci\u00f3n autom\u00e1tica del motor de la hidrolavadora cuando se deja de accionar el gatillo de la pistola. Hidrolavadora de alta presi\u00f3n de alto nivel tecnol\u00f3gico. Equipada con foam lance. Limpia de forma m\u00e1s r\u00e1pida y efectiva con el mayor ahorro [&hellip;]","og_url":"https:\/\/soymat.com\/es\/producto\/hidrolavadora-master-wash-2800-2200w-gamma\/","og_site_name":"SoyMat \u2013 Seguridad Industrial","article_modified_time":"2026-02-10T13:07:54+00:00","og_image":[{"width":1024,"height":1024,"url":"https:\/\/soymat.com\/wp-content\/uploads\/2025\/02\/G2519AR-1-2800.jpg","type":"image\/jpeg"}],"twitter_card":"summary_large_image","twitter_misc":{"Tiempo de lectura":"1 minuto"},"schema":{"@context":"https:\/\/schema.org","@graph":[{"@type":"WebPage","@id":"https:\/\/soymat.com\/producto\/hidrolavadora-master-wash-2800-2200w-gamma\/","url":"https:\/\/soymat.com\/producto\/hidrolavadora-master-wash-2800-2200w-gamma\/","name":"Hidrolavadora Master Wash 2800-2200w Gamma - SoyMat \u2013 Seguridad Industrial","isPartOf":{"@id":"https:\/\/soymat.com\/#website"},"primaryImageOfPage":{"@id":"https:\/\/soymat.com\/producto\/hidrolavadora-master-wash-2800-2200w-gamma\/#primaryimage"},"image":{"@id":"https:\/\/soymat.com\/producto\/hidrolavadora-master-wash-2800-2200w-gamma\/#primaryimage"},"thumbnailUrl":"https:\/\/soymat.com\/wp-content\/uploads\/2025\/02\/G2519AR-1-2800.jpg","datePublished":"2025-02-22T16:35:11+00:00","dateModified":"2026-02-10T13:07:54+00:00","breadcrumb":{"@id":"https:\/\/soymat.com\/producto\/hidrolavadora-master-wash-2800-2200w-gamma\/#breadcrumb"},"inLanguage":"es-AR","potentialAction":[{"@type":"ReadAction","target":["https:\/\/soymat.com\/producto\/hidrolavadora-master-wash-2800-2200w-gamma\/"]}]},{"@type":"ImageObject","inLanguage":"es-AR","@id":"https:\/\/soymat.com\/producto\/hidrolavadora-master-wash-2800-2200w-gamma\/#primaryimage","url":"https:\/\/soymat.com\/wp-content\/uploads\/2025\/02\/G2519AR-1-2800.jpg","contentUrl":"https:\/\/soymat.com\/wp-content\/uploads\/2025\/02\/G2519AR-1-2800.jpg","width":1024,"height":1024,"caption":"hidrolavadora 2800"},{"@type":"BreadcrumbList","@id":"https:\/\/soymat.com\/producto\/hidrolavadora-master-wash-2800-2200w-gamma\/#breadcrumb","itemListElement":[{"@type":"ListItem","position":1,"name":"Portada","item":"https:\/\/soymat.com\/"},{"@type":"ListItem","position":2,"name":"Todos los Productos","item":"https:\/\/soymat.com\/shop\/"},{"@type":"ListItem","position":3,"name":"Hidrolavadora Master Wash 2800-2200w Gamma"}]},{"@type":"WebSite","@id":"https:\/\/soymat.com\/#website","url":"https:\/\/soymat.com\/","name":"So&Mat","description":"Empresa Dedicada a la protecci\u00f3n global contra incendio . matafuegos redes bombas,venta instalaci\u00f3n y service, protecci\u00f3n y confort laboral en todo concepto.","publisher":{"@id":"https:\/\/soymat.com\/#organization"},"alternateName":"So&Mat","potentialAction":[{"@type":"SearchAction","target":{"@type":"EntryPoint","urlTemplate":"https:\/\/soymat.com\/?s={search_term_string}"},"query-input":{"@type":"PropertyValueSpecification","valueRequired":true,"valueName":"search_term_string"}}],"inLanguage":"es-AR"},{"@type":"Organization","@id":"https:\/\/soymat.com\/#organization","name":"So&Mat","url":"https:\/\/soymat.com\/","logo":{"@type":"ImageObject","inLanguage":"es-AR","@id":"https:\/\/soymat.com\/#\/schema\/logo\/image\/","url":"https:\/\/soymat.com\/wp-content\/uploads\/2024\/08\/SoyMat.jpg","contentUrl":"https:\/\/soymat.com\/wp-content\/uploads\/2024\/08\/SoyMat.jpg","width":600,"height":236,"caption":"So&Mat"},"image":{"@id":"https:\/\/soymat.com\/#\/schema\/logo\/image\/"}}]}},"_links":{"self":[{"href":"https:\/\/soymat.com\/es\/wp-json\/wp\/v2\/product\/21595","targetHints":{"allow":["GET"]}}],"collection":[{"href":"https:\/\/soymat.com\/es\/wp-json\/wp\/v2\/product"}],"about":[{"href":"https:\/\/soymat.com\/es\/wp-json\/wp\/v2\/types\/product"}],"wp:featuredmedia":[{"embeddable":true,"href":"https:\/\/soymat.com\/es\/wp-json\/wp\/v2\/media\/21561"}],"wp:attachment":[{"href":"https:\/\/soymat.com\/es\/wp-json\/wp\/v2\/media?parent=21595"}],"wp:term":[{"taxonomy":"product_cat","embeddable":true,"href":"https:\/\/soymat.com\/es\/wp-json\/wp\/v2\/product_cat?post=21595"},{"taxonomy":"product_tag","embeddable":true,"href":"https:\/\/soymat.com\/es\/wp-json\/wp\/v2\/product_tag?post=21595"}],"curies":[{"name":"wp","href":"https:\/\/api.w.org\/{rel}","templated":true}]}}