{"id":21944,"date":"2025-03-12T11:12:25","date_gmt":"2025-03-12T14:12:25","guid":{"rendered":"https:\/\/soymat.com\/?post_type=product&#038;p=21944"},"modified":"2025-12-02T13:06:15","modified_gmt":"2025-12-02T16:06:15","slug":"rotomartillo-dewalt-40-mm-1100w-sds-max-490-rpm","status":"publish","type":"product","link":"https:\/\/soymat.com\/es\/producto\/rotomartillo-dewalt-40-mm-1100w-sds-max-490-rpm\/","title":{"rendered":"Rotomartillo DEWALT 40 MM 1100W SDS MAX 490 rpm"},"content":{"rendered":"<p><strong>Rotomartillo DEWALT 40 MM 1100W SDS MAX 490 rpm<\/strong><\/p>\n<p><strong>D25481K-AR<\/strong><\/p>\n<p>Motor de 1050 Watts que brinda alto rendimiento y protecci\u00f3n contra la<br \/>\nsobrecargaDise\u00f1o compacto, ligero y ergon\u00f3mico que maximiza el control y facilita<br \/>\nel acceso a espacios reducidosSistema de Control Activo de la Vibraci\u00f3n (AVC)<br \/>\ncompuesto por un contrapeso antimasa y empu\u00f1adura trasera flotante que ayuda a<br \/>\nreducir la vibraci\u00f3n<\/p>\n<p><strong>M\u00e1s caracter\u00edsticas<\/strong><br \/>\nPerform&amp;Protect: baja vibraci\u00f3n: 9.4 m\/s\u00b2, reduce la fatiga del usuarioControl de<br \/>\nTorque Completo (CTC\u00ae), embrague de dos pasos, exclusivo de DEWALT, para un m\u00e1ximo<br \/>\ncontrol en diferentes aplicacionesVelocidad Variable Electr\u00f3nica, permite al<br \/>\nusuario controlar la velocidad de perforaci\u00f3n y cincelado, y simult\u00e1neamente<br \/>\nmantener la velocidad bajo cargaEmpu\u00f1adura lateral 360\u00b0 para control de la<br \/>\naplicaci\u00f3n y seguridad en el uso<br \/>\n<strong>Incluye<\/strong><br \/>\n(1) empu\u00f1adura lateral<br \/>\n(1) barra de profundidad<\/p>","protected":false},"excerpt":{"rendered":"<p>Rotomartillo DEWALT 40 MM 1100W SDS MAX 490 rpm D25481K-AR Motor de 1050 Watts que brinda alto rendimiento y protecci\u00f3n contra la sobrecargaDise\u00f1o compacto, ligero y ergon\u00f3mico que maximiza el control y facilita el acceso a espacios reducidosSistema de Control Activo de la Vibraci\u00f3n (AVC) compuesto por un contrapeso antimasa y empu\u00f1adura trasera flotante que [&hellip;]<\/p>\n","protected":false},"featured_media":21928,"template":"","meta":[],"product_cat":[191],"product_tag":[164,461,456,462,459,460],"class_list":{"0":"post-21944","1":"product","2":"type-product","3":"status-publish","4":"has-post-thumbnail","6":"product_brand-herramientas-dewalt","7":"product_cat-maquinas-y-herramientas","8":"product_tag-construccion","9":"product_tag-dewalt","10":"product_tag-herramientas-dewalt","11":"product_tag-obras-civiles","12":"product_tag-rotomartillo","13":"product_tag-rotomartillo-dewalt","15":"first","16":"instock","17":"taxable","18":"shipping-taxable","19":"purchasable","20":"product-type-simple","21":"add-to-wishlist-after_add_to_cart"},"yoast_head":"<!-- This site is optimized with the Yoast SEO Premium plugin v26.9 (Yoast SEO v26.9) - https:\/\/yoast.com\/product\/yoast-seo-premium-wordpress\/ -->\n<title>Rotomartillo DEWALT 40 MM 1100W SDS MAX 490 rpm - SoyMat \u2013 Seguridad Industrial<\/title>\n<meta name=\"robots\" content=\"index, follow, max-snippet:-1, max-image-preview:large, max-video-preview:-1\" \/>\n<link rel=\"canonical\" href=\"https:\/\/soymat.com\/es\/producto\/rotomartillo-dewalt-40-mm-1100w-sds-max-490-rpm\/\" \/>\n<meta property=\"og:locale\" content=\"es_ES\" \/>\n<meta property=\"og:type\" content=\"article\" \/>\n<meta property=\"og:title\" content=\"Rotomartillo DEWALT 40 MM 1100W SDS MAX 490 rpm\" \/>\n<meta property=\"og:description\" content=\"Rotomartillo DEWALT 40 MM 1100W SDS MAX 490 rpm D25481K-AR Motor de 1050 Watts que brinda alto rendimiento y protecci\u00f3n contra la sobrecargaDise\u00f1o compacto, ligero y ergon\u00f3mico que maximiza el control y facilita el acceso a espacios reducidosSistema de Control Activo de la Vibraci\u00f3n (AVC) compuesto por un contrapeso antimasa y empu\u00f1adura trasera flotante que [&hellip;]\" \/>\n<meta property=\"og:url\" content=\"https:\/\/soymat.com\/es\/producto\/rotomartillo-dewalt-40-mm-1100w-sds-max-490-rpm\/\" \/>\n<meta property=\"og:site_name\" content=\"SoyMat \u2013 Seguridad Industrial\" \/>\n<meta property=\"article:modified_time\" content=\"2025-12-02T16:06:15+00:00\" \/>\n<meta property=\"og:image\" content=\"https:\/\/soymat.com\/wp-content\/uploads\/2025\/03\/rotomartillo_D25481K-AR_01.jpg\" \/>\n\t<meta property=\"og:image:width\" content=\"1200\" \/>\n\t<meta property=\"og:image:height\" content=\"1200\" \/>\n\t<meta property=\"og:image:type\" content=\"image\/jpeg\" \/>\n<meta name=\"twitter:card\" content=\"summary_large_image\" \/>\n<meta name=\"twitter:label1\" content=\"Tiempo de lectura\" \/>\n\t<meta name=\"twitter:data1\" content=\"1 minuto\" \/>\n<script type=\"application\/ld+json\" class=\"yoast-schema-graph\">{\"@context\":\"https:\/\/schema.org\",\"@graph\":[{\"@type\":\"WebPage\",\"@id\":\"https:\/\/soymat.com\/producto\/rotomartillo-dewalt-40-mm-1100w-sds-max-490-rpm\/\",\"url\":\"https:\/\/soymat.com\/producto\/rotomartillo-dewalt-40-mm-1100w-sds-max-490-rpm\/\",\"name\":\"Rotomartillo DEWALT 40 MM 1100W SDS MAX 490 rpm - SoyMat \u2013 Seguridad Industrial\",\"isPartOf\":{\"@id\":\"https:\/\/soymat.com\/#website\"},\"primaryImageOfPage\":{\"@id\":\"https:\/\/soymat.com\/producto\/rotomartillo-dewalt-40-mm-1100w-sds-max-490-rpm\/#primaryimage\"},\"image\":{\"@id\":\"https:\/\/soymat.com\/producto\/rotomartillo-dewalt-40-mm-1100w-sds-max-490-rpm\/#primaryimage\"},\"thumbnailUrl\":\"https:\/\/soymat.com\/wp-content\/uploads\/2025\/03\/rotomartillo_D25481K-AR_01.jpg\",\"datePublished\":\"2025-03-12T14:12:25+00:00\",\"dateModified\":\"2025-12-02T16:06:15+00:00\",\"breadcrumb\":{\"@id\":\"https:\/\/soymat.com\/producto\/rotomartillo-dewalt-40-mm-1100w-sds-max-490-rpm\/#breadcrumb\"},\"inLanguage\":\"es-AR\",\"potentialAction\":[{\"@type\":\"ReadAction\",\"target\":[\"https:\/\/soymat.com\/producto\/rotomartillo-dewalt-40-mm-1100w-sds-max-490-rpm\/\"]}]},{\"@type\":\"ImageObject\",\"inLanguage\":\"es-AR\",\"@id\":\"https:\/\/soymat.com\/producto\/rotomartillo-dewalt-40-mm-1100w-sds-max-490-rpm\/#primaryimage\",\"url\":\"https:\/\/soymat.com\/wp-content\/uploads\/2025\/03\/rotomartillo_D25481K-AR_01.jpg\",\"contentUrl\":\"https:\/\/soymat.com\/wp-content\/uploads\/2025\/03\/rotomartillo_D25481K-AR_01.jpg\",\"width\":1200,\"height\":1200},{\"@type\":\"BreadcrumbList\",\"@id\":\"https:\/\/soymat.com\/producto\/rotomartillo-dewalt-40-mm-1100w-sds-max-490-rpm\/#breadcrumb\",\"itemListElement\":[{\"@type\":\"ListItem\",\"position\":1,\"name\":\"Portada\",\"item\":\"https:\/\/soymat.com\/\"},{\"@type\":\"ListItem\",\"position\":2,\"name\":\"Todos los Productos\",\"item\":\"https:\/\/soymat.com\/shop\/\"},{\"@type\":\"ListItem\",\"position\":3,\"name\":\"Rotomartillo DEWALT 40 MM 1100W SDS MAX 490 rpm\"}]},{\"@type\":\"WebSite\",\"@id\":\"https:\/\/soymat.com\/#website\",\"url\":\"https:\/\/soymat.com\/\",\"name\":\"So&Mat\",\"description\":\"Empresa Dedicada a la protecci\u00f3n global contra incendio . matafuegos redes bombas,venta instalaci\u00f3n y service, protecci\u00f3n y confort laboral en todo concepto.\",\"publisher\":{\"@id\":\"https:\/\/soymat.com\/#organization\"},\"alternateName\":\"So&Mat\",\"potentialAction\":[{\"@type\":\"SearchAction\",\"target\":{\"@type\":\"EntryPoint\",\"urlTemplate\":\"https:\/\/soymat.com\/?s={search_term_string}\"},\"query-input\":{\"@type\":\"PropertyValueSpecification\",\"valueRequired\":true,\"valueName\":\"search_term_string\"}}],\"inLanguage\":\"es-AR\"},{\"@type\":\"Organization\",\"@id\":\"https:\/\/soymat.com\/#organization\",\"name\":\"So&Mat\",\"url\":\"https:\/\/soymat.com\/\",\"logo\":{\"@type\":\"ImageObject\",\"inLanguage\":\"es-AR\",\"@id\":\"https:\/\/soymat.com\/#\/schema\/logo\/image\/\",\"url\":\"https:\/\/soymat.com\/wp-content\/uploads\/2024\/08\/SoyMat.jpg\",\"contentUrl\":\"https:\/\/soymat.com\/wp-content\/uploads\/2024\/08\/SoyMat.jpg\",\"width\":600,\"height\":236,\"caption\":\"So&Mat\"},\"image\":{\"@id\":\"https:\/\/soymat.com\/#\/schema\/logo\/image\/\"}}]}<\/script>\n<!-- \/ Yoast SEO Premium plugin. -->","yoast_head_json":{"title":"Rotomartillo DEWALT 40 MM 1100W SDS MAX 490 rpm - SoyMat \u2013 Seguridad Industrial","robots":{"index":"index","follow":"follow","max-snippet":"max-snippet:-1","max-image-preview":"max-image-preview:large","max-video-preview":"max-video-preview:-1"},"canonical":"https:\/\/soymat.com\/es\/producto\/rotomartillo-dewalt-40-mm-1100w-sds-max-490-rpm\/","og_locale":"es_ES","og_type":"article","og_title":"Rotomartillo DEWALT 40 MM 1100W SDS MAX 490 rpm","og_description":"Rotomartillo DEWALT 40 MM 1100W SDS MAX 490 rpm D25481K-AR Motor de 1050 Watts que brinda alto rendimiento y protecci\u00f3n contra la sobrecargaDise\u00f1o compacto, ligero y ergon\u00f3mico que maximiza el control y facilita el acceso a espacios reducidosSistema de Control Activo de la Vibraci\u00f3n (AVC) compuesto por un contrapeso antimasa y empu\u00f1adura trasera flotante que [&hellip;]","og_url":"https:\/\/soymat.com\/es\/producto\/rotomartillo-dewalt-40-mm-1100w-sds-max-490-rpm\/","og_site_name":"SoyMat \u2013 Seguridad Industrial","article_modified_time":"2025-12-02T16:06:15+00:00","og_image":[{"width":1200,"height":1200,"url":"https:\/\/soymat.com\/wp-content\/uploads\/2025\/03\/rotomartillo_D25481K-AR_01.jpg","type":"image\/jpeg"}],"twitter_card":"summary_large_image","twitter_misc":{"Tiempo de lectura":"1 minuto"},"schema":{"@context":"https:\/\/schema.org","@graph":[{"@type":"WebPage","@id":"https:\/\/soymat.com\/producto\/rotomartillo-dewalt-40-mm-1100w-sds-max-490-rpm\/","url":"https:\/\/soymat.com\/producto\/rotomartillo-dewalt-40-mm-1100w-sds-max-490-rpm\/","name":"Rotomartillo DEWALT 40 MM 1100W SDS MAX 490 rpm - SoyMat \u2013 Seguridad Industrial","isPartOf":{"@id":"https:\/\/soymat.com\/#website"},"primaryImageOfPage":{"@id":"https:\/\/soymat.com\/producto\/rotomartillo-dewalt-40-mm-1100w-sds-max-490-rpm\/#primaryimage"},"image":{"@id":"https:\/\/soymat.com\/producto\/rotomartillo-dewalt-40-mm-1100w-sds-max-490-rpm\/#primaryimage"},"thumbnailUrl":"https:\/\/soymat.com\/wp-content\/uploads\/2025\/03\/rotomartillo_D25481K-AR_01.jpg","datePublished":"2025-03-12T14:12:25+00:00","dateModified":"2025-12-02T16:06:15+00:00","breadcrumb":{"@id":"https:\/\/soymat.com\/producto\/rotomartillo-dewalt-40-mm-1100w-sds-max-490-rpm\/#breadcrumb"},"inLanguage":"es-AR","potentialAction":[{"@type":"ReadAction","target":["https:\/\/soymat.com\/producto\/rotomartillo-dewalt-40-mm-1100w-sds-max-490-rpm\/"]}]},{"@type":"ImageObject","inLanguage":"es-AR","@id":"https:\/\/soymat.com\/producto\/rotomartillo-dewalt-40-mm-1100w-sds-max-490-rpm\/#primaryimage","url":"https:\/\/soymat.com\/wp-content\/uploads\/2025\/03\/rotomartillo_D25481K-AR_01.jpg","contentUrl":"https:\/\/soymat.com\/wp-content\/uploads\/2025\/03\/rotomartillo_D25481K-AR_01.jpg","width":1200,"height":1200},{"@type":"BreadcrumbList","@id":"https:\/\/soymat.com\/producto\/rotomartillo-dewalt-40-mm-1100w-sds-max-490-rpm\/#breadcrumb","itemListElement":[{"@type":"ListItem","position":1,"name":"Portada","item":"https:\/\/soymat.com\/"},{"@type":"ListItem","position":2,"name":"Todos los Productos","item":"https:\/\/soymat.com\/shop\/"},{"@type":"ListItem","position":3,"name":"Rotomartillo DEWALT 40 MM 1100W SDS MAX 490 rpm"}]},{"@type":"WebSite","@id":"https:\/\/soymat.com\/#website","url":"https:\/\/soymat.com\/","name":"So&Mat","description":"Empresa Dedicada a la protecci\u00f3n global contra incendio . matafuegos redes bombas,venta instalaci\u00f3n y service, protecci\u00f3n y confort laboral en todo concepto.","publisher":{"@id":"https:\/\/soymat.com\/#organization"},"alternateName":"So&Mat","potentialAction":[{"@type":"SearchAction","target":{"@type":"EntryPoint","urlTemplate":"https:\/\/soymat.com\/?s={search_term_string}"},"query-input":{"@type":"PropertyValueSpecification","valueRequired":true,"valueName":"search_term_string"}}],"inLanguage":"es-AR"},{"@type":"Organization","@id":"https:\/\/soymat.com\/#organization","name":"So&Mat","url":"https:\/\/soymat.com\/","logo":{"@type":"ImageObject","inLanguage":"es-AR","@id":"https:\/\/soymat.com\/#\/schema\/logo\/image\/","url":"https:\/\/soymat.com\/wp-content\/uploads\/2024\/08\/SoyMat.jpg","contentUrl":"https:\/\/soymat.com\/wp-content\/uploads\/2024\/08\/SoyMat.jpg","width":600,"height":236,"caption":"So&Mat"},"image":{"@id":"https:\/\/soymat.com\/#\/schema\/logo\/image\/"}}]}},"_links":{"self":[{"href":"https:\/\/soymat.com\/es\/wp-json\/wp\/v2\/product\/21944","targetHints":{"allow":["GET"]}}],"collection":[{"href":"https:\/\/soymat.com\/es\/wp-json\/wp\/v2\/product"}],"about":[{"href":"https:\/\/soymat.com\/es\/wp-json\/wp\/v2\/types\/product"}],"wp:featuredmedia":[{"embeddable":true,"href":"https:\/\/soymat.com\/es\/wp-json\/wp\/v2\/media\/21928"}],"wp:attachment":[{"href":"https:\/\/soymat.com\/es\/wp-json\/wp\/v2\/media?parent=21944"}],"wp:term":[{"taxonomy":"product_cat","embeddable":true,"href":"https:\/\/soymat.com\/es\/wp-json\/wp\/v2\/product_cat?post=21944"},{"taxonomy":"product_tag","embeddable":true,"href":"https:\/\/soymat.com\/es\/wp-json\/wp\/v2\/product_tag?post=21944"}],"curies":[{"name":"wp","href":"https:\/\/api.w.org\/{rel}","templated":true}]}}