{"id":21951,"date":"2025-03-12T11:44:32","date_gmt":"2025-03-12T14:44:32","guid":{"rendered":"https:\/\/soymat.com\/?post_type=product&#038;p=21951"},"modified":"2025-12-02T13:06:13","modified_gmt":"2025-12-02T16:06:13","slug":"rotomartillo-dewalt-48-mm-1600w-sds-max-177-355-rpm","status":"publish","type":"product","link":"https:\/\/soymat.com\/es\/producto\/rotomartillo-dewalt-48-mm-1600w-sds-max-177-355-rpm\/","title":{"rendered":"Rotomartillo DEWALT 48 MM 1600W SDS MAX 177-355 RPM"},"content":{"rendered":"<p><strong>Rotomartillo DEWALT 48 MM 1600W SDS MAX 177-355 RPM<\/strong><\/p>\n<p><strong>MOD. D25733K-AR<\/strong><\/p>\n<p>&#8211; Ideal para perforar agujeros para fijaciones o para pasamuros en hormig\u00f3n o<br \/>\nmamposter\u00eda desde 12mm hasta 48mm de di\u00e1metro.<br \/>\n&#8211; El Control Activo de la Vibraci\u00f3n y la empu\u00f1adura flotante hacen que su nivel de<br \/>\nvibraci\u00f3n sea muy bajo.<br \/>\n&#8211; Sistema Anti-Rotaci\u00f3n que detecta una p\u00e9rdida de control de la herramienta y<br \/>\nreacciona cortando instant\u00e1neamente la electricidad.<br \/>\n&#8211; Control electr\u00f3nico de velocidad variable y control de energ\u00eda impacto.<br \/>\n&#8211; Bloqueo del gatillo para cincelados.<br \/>\n&#8211; Parada de rotaci\u00f3n para demoliciones de ladrillo, mamposter\u00eda y hormig\u00f3n ligero.<br \/>\n&#8211; Indicador de desgaste de escobillas y reparaci\u00f3n.<br \/>\n&#8211; Ideal para la perforaci\u00f3n de anclajes y agujeros pasantes en concreto y<br \/>\nmamposter\u00eda de 12 a 48 mm de di\u00e1metro.<br \/>\n&#8211; Perforaci\u00f3n de n\u00facleo hasta 125 mm.<br \/>\n&#8211; El sistema Active Vibration Control que incorpora una masa de contrapeso y un<br \/>\nmango flotante brinda una vibraci\u00f3n extremadamente baja.<br \/>\n&#8211; Un embrague patentado de 2 etapas permite al usuario cambiar el nivel de<br \/>\nembrague de par bajo a alto, para optimizar la herramienta para aplicaciones de<br \/>\nperforaci\u00f3n espec\u00edficas.<br \/>\n&#8211; Control electr\u00f3nico de velocidad variable y control de impacto.<br \/>\n&#8211; Interruptor de bloqueo para astillado.<br \/>\n&#8211; Rotation-stop para aplicaciones de demolici\u00f3n en ladrillo, mamposter\u00eda y<br \/>\npersianas en concreto.<br \/>\n&#8211; Desgaste de cepillo e indicadores de servicio.<br \/>\n&#8211; Entrada de alimentaci\u00f3n: 1400 vatios.<br \/>\n&#8211; Salida de potencia: 840 vatios.<br \/>\n&#8211; Velocidad de carga: 137-275 rpm.<br \/>\n&#8211; Golpes por minuto: 1260-2520 lpm.<br \/>\n&#8211; Energ\u00eda de impacto: 1.5 &#8211; 13,3 J.<br \/>\n&#8211; Portaherramientas: SDS-Max.<br \/>\n&#8211; Max. Capacidad de perforaci\u00f3n [Concreto]: 48 mm.<br \/>\n&#8211; Max. Capacidad de perforaci\u00f3n [Bit de avance]: 80 mm.<br \/>\n&#8211; Max. Capacidad de perforaci\u00f3n [Bit del n\u00facleo]: 125 mm.<br \/>\n&#8211; Peso: 9.1 kg.<br \/>\n&#8211; Longitud: 528 mm.<br \/>\n&#8211; Altura: 268 mm.<br \/>\n&#8211; Anchura: 116 mm.<\/p>\n<p><strong>+ Incluye:<\/strong><br \/>\n&#8211; Empu\u00f1adura lateral multi-posici\u00f3n.<br \/>\n&#8211; Malet\u00edn de transporte.<\/p>\n","protected":false},"excerpt":{"rendered":"<p>Rotomartillo DEWALT 48 MM 1600W SDS MAX 177-355 RPM MOD. D25733K-AR &#8211; Ideal para perforar agujeros para fijaciones o para pasamuros en hormig\u00f3n o mamposter\u00eda desde 12mm hasta 48mm de di\u00e1metro. &#8211; El Control Activo de la Vibraci\u00f3n y la empu\u00f1adura flotante hacen que su nivel de vibraci\u00f3n sea muy bajo. &#8211; Sistema Anti-Rotaci\u00f3n que [&hellip;]<\/p>\n","protected":false},"featured_media":21931,"template":"","meta":[],"product_cat":[191],"product_tag":[164,461,456,462,459],"class_list":{"0":"post-21951","1":"product","2":"type-product","3":"status-publish","4":"has-post-thumbnail","6":"product_brand-herramientas-dewalt","7":"product_cat-maquinas-y-herramientas","8":"product_tag-construccion","9":"product_tag-dewalt","10":"product_tag-herramientas-dewalt","11":"product_tag-obras-civiles","12":"product_tag-rotomartillo","14":"first","15":"instock","16":"taxable","17":"shipping-taxable","18":"purchasable","19":"product-type-simple","20":"add-to-wishlist-after_add_to_cart"},"yoast_head":"<!-- This site is optimized with the Yoast SEO Premium plugin v26.9 (Yoast SEO v26.9) - https:\/\/yoast.com\/product\/yoast-seo-premium-wordpress\/ -->\n<title>Rotomartillo DEWALT 48 MM 1600W SDS MAX 177-355 RPM - SoyMat \u2013 Seguridad Industrial<\/title>\n<meta name=\"robots\" content=\"index, follow, max-snippet:-1, max-image-preview:large, max-video-preview:-1\" \/>\n<link rel=\"canonical\" href=\"https:\/\/soymat.com\/es\/producto\/rotomartillo-dewalt-48-mm-1600w-sds-max-177-355-rpm\/\" \/>\n<meta property=\"og:locale\" content=\"es_ES\" \/>\n<meta property=\"og:type\" content=\"article\" \/>\n<meta property=\"og:title\" content=\"Rotomartillo DEWALT 48 MM 1600W SDS MAX 177-355 RPM\" \/>\n<meta property=\"og:description\" content=\"Rotomartillo DEWALT 48 MM 1600W SDS MAX 177-355 RPM MOD. D25733K-AR &#8211; Ideal para perforar agujeros para fijaciones o para pasamuros en hormig\u00f3n o mamposter\u00eda desde 12mm hasta 48mm de di\u00e1metro. &#8211; El Control Activo de la Vibraci\u00f3n y la empu\u00f1adura flotante hacen que su nivel de vibraci\u00f3n sea muy bajo. &#8211; Sistema Anti-Rotaci\u00f3n que [&hellip;]\" \/>\n<meta property=\"og:url\" content=\"https:\/\/soymat.com\/es\/producto\/rotomartillo-dewalt-48-mm-1600w-sds-max-177-355-rpm\/\" \/>\n<meta property=\"og:site_name\" content=\"SoyMat \u2013 Seguridad Industrial\" \/>\n<meta property=\"article:modified_time\" content=\"2025-12-02T16:06:13+00:00\" \/>\n<meta property=\"og:image\" content=\"https:\/\/soymat.com\/wp-content\/uploads\/2025\/03\/rotomartillo_D25733K-AR_01.jpg\" \/>\n\t<meta property=\"og:image:width\" content=\"1200\" \/>\n\t<meta property=\"og:image:height\" content=\"1200\" \/>\n\t<meta property=\"og:image:type\" content=\"image\/jpeg\" \/>\n<meta name=\"twitter:card\" content=\"summary_large_image\" \/>\n<meta name=\"twitter:label1\" content=\"Tiempo de lectura\" \/>\n\t<meta name=\"twitter:data1\" content=\"2 minutos\" \/>\n<script type=\"application\/ld+json\" class=\"yoast-schema-graph\">{\"@context\":\"https:\/\/schema.org\",\"@graph\":[{\"@type\":\"WebPage\",\"@id\":\"https:\/\/soymat.com\/producto\/rotomartillo-dewalt-48-mm-1600w-sds-max-177-355-rpm\/\",\"url\":\"https:\/\/soymat.com\/producto\/rotomartillo-dewalt-48-mm-1600w-sds-max-177-355-rpm\/\",\"name\":\"Rotomartillo DEWALT 48 MM 1600W SDS MAX 177-355 RPM - SoyMat \u2013 Seguridad Industrial\",\"isPartOf\":{\"@id\":\"https:\/\/soymat.com\/#website\"},\"primaryImageOfPage\":{\"@id\":\"https:\/\/soymat.com\/producto\/rotomartillo-dewalt-48-mm-1600w-sds-max-177-355-rpm\/#primaryimage\"},\"image\":{\"@id\":\"https:\/\/soymat.com\/producto\/rotomartillo-dewalt-48-mm-1600w-sds-max-177-355-rpm\/#primaryimage\"},\"thumbnailUrl\":\"https:\/\/soymat.com\/wp-content\/uploads\/2025\/03\/rotomartillo_D25733K-AR_01.jpg\",\"datePublished\":\"2025-03-12T14:44:32+00:00\",\"dateModified\":\"2025-12-02T16:06:13+00:00\",\"breadcrumb\":{\"@id\":\"https:\/\/soymat.com\/producto\/rotomartillo-dewalt-48-mm-1600w-sds-max-177-355-rpm\/#breadcrumb\"},\"inLanguage\":\"es-AR\",\"potentialAction\":[{\"@type\":\"ReadAction\",\"target\":[\"https:\/\/soymat.com\/producto\/rotomartillo-dewalt-48-mm-1600w-sds-max-177-355-rpm\/\"]}]},{\"@type\":\"ImageObject\",\"inLanguage\":\"es-AR\",\"@id\":\"https:\/\/soymat.com\/producto\/rotomartillo-dewalt-48-mm-1600w-sds-max-177-355-rpm\/#primaryimage\",\"url\":\"https:\/\/soymat.com\/wp-content\/uploads\/2025\/03\/rotomartillo_D25733K-AR_01.jpg\",\"contentUrl\":\"https:\/\/soymat.com\/wp-content\/uploads\/2025\/03\/rotomartillo_D25733K-AR_01.jpg\",\"width\":1200,\"height\":1200},{\"@type\":\"BreadcrumbList\",\"@id\":\"https:\/\/soymat.com\/producto\/rotomartillo-dewalt-48-mm-1600w-sds-max-177-355-rpm\/#breadcrumb\",\"itemListElement\":[{\"@type\":\"ListItem\",\"position\":1,\"name\":\"Portada\",\"item\":\"https:\/\/soymat.com\/\"},{\"@type\":\"ListItem\",\"position\":2,\"name\":\"Todos los Productos\",\"item\":\"https:\/\/soymat.com\/shop\/\"},{\"@type\":\"ListItem\",\"position\":3,\"name\":\"Rotomartillo DEWALT 48 MM 1600W SDS MAX 177-355 RPM\"}]},{\"@type\":\"WebSite\",\"@id\":\"https:\/\/soymat.com\/#website\",\"url\":\"https:\/\/soymat.com\/\",\"name\":\"So&Mat\",\"description\":\"Empresa Dedicada a la protecci\u00f3n global contra incendio . matafuegos redes bombas,venta instalaci\u00f3n y service, protecci\u00f3n y confort laboral en todo concepto.\",\"publisher\":{\"@id\":\"https:\/\/soymat.com\/#organization\"},\"alternateName\":\"So&Mat\",\"potentialAction\":[{\"@type\":\"SearchAction\",\"target\":{\"@type\":\"EntryPoint\",\"urlTemplate\":\"https:\/\/soymat.com\/?s={search_term_string}\"},\"query-input\":{\"@type\":\"PropertyValueSpecification\",\"valueRequired\":true,\"valueName\":\"search_term_string\"}}],\"inLanguage\":\"es-AR\"},{\"@type\":\"Organization\",\"@id\":\"https:\/\/soymat.com\/#organization\",\"name\":\"So&Mat\",\"url\":\"https:\/\/soymat.com\/\",\"logo\":{\"@type\":\"ImageObject\",\"inLanguage\":\"es-AR\",\"@id\":\"https:\/\/soymat.com\/#\/schema\/logo\/image\/\",\"url\":\"https:\/\/soymat.com\/wp-content\/uploads\/2024\/08\/SoyMat.jpg\",\"contentUrl\":\"https:\/\/soymat.com\/wp-content\/uploads\/2024\/08\/SoyMat.jpg\",\"width\":600,\"height\":236,\"caption\":\"So&Mat\"},\"image\":{\"@id\":\"https:\/\/soymat.com\/#\/schema\/logo\/image\/\"}}]}<\/script>\n<!-- \/ Yoast SEO Premium plugin. -->","yoast_head_json":{"title":"Rotomartillo DEWALT 48 MM 1600W SDS MAX 177-355 RPM - SoyMat \u2013 Seguridad Industrial","robots":{"index":"index","follow":"follow","max-snippet":"max-snippet:-1","max-image-preview":"max-image-preview:large","max-video-preview":"max-video-preview:-1"},"canonical":"https:\/\/soymat.com\/es\/producto\/rotomartillo-dewalt-48-mm-1600w-sds-max-177-355-rpm\/","og_locale":"es_ES","og_type":"article","og_title":"Rotomartillo DEWALT 48 MM 1600W SDS MAX 177-355 RPM","og_description":"Rotomartillo DEWALT 48 MM 1600W SDS MAX 177-355 RPM MOD. D25733K-AR &#8211; Ideal para perforar agujeros para fijaciones o para pasamuros en hormig\u00f3n o mamposter\u00eda desde 12mm hasta 48mm de di\u00e1metro. &#8211; El Control Activo de la Vibraci\u00f3n y la empu\u00f1adura flotante hacen que su nivel de vibraci\u00f3n sea muy bajo. &#8211; Sistema Anti-Rotaci\u00f3n que [&hellip;]","og_url":"https:\/\/soymat.com\/es\/producto\/rotomartillo-dewalt-48-mm-1600w-sds-max-177-355-rpm\/","og_site_name":"SoyMat \u2013 Seguridad Industrial","article_modified_time":"2025-12-02T16:06:13+00:00","og_image":[{"width":1200,"height":1200,"url":"https:\/\/soymat.com\/wp-content\/uploads\/2025\/03\/rotomartillo_D25733K-AR_01.jpg","type":"image\/jpeg"}],"twitter_card":"summary_large_image","twitter_misc":{"Tiempo de lectura":"2 minutos"},"schema":{"@context":"https:\/\/schema.org","@graph":[{"@type":"WebPage","@id":"https:\/\/soymat.com\/producto\/rotomartillo-dewalt-48-mm-1600w-sds-max-177-355-rpm\/","url":"https:\/\/soymat.com\/producto\/rotomartillo-dewalt-48-mm-1600w-sds-max-177-355-rpm\/","name":"Rotomartillo DEWALT 48 MM 1600W SDS MAX 177-355 RPM - SoyMat \u2013 Seguridad Industrial","isPartOf":{"@id":"https:\/\/soymat.com\/#website"},"primaryImageOfPage":{"@id":"https:\/\/soymat.com\/producto\/rotomartillo-dewalt-48-mm-1600w-sds-max-177-355-rpm\/#primaryimage"},"image":{"@id":"https:\/\/soymat.com\/producto\/rotomartillo-dewalt-48-mm-1600w-sds-max-177-355-rpm\/#primaryimage"},"thumbnailUrl":"https:\/\/soymat.com\/wp-content\/uploads\/2025\/03\/rotomartillo_D25733K-AR_01.jpg","datePublished":"2025-03-12T14:44:32+00:00","dateModified":"2025-12-02T16:06:13+00:00","breadcrumb":{"@id":"https:\/\/soymat.com\/producto\/rotomartillo-dewalt-48-mm-1600w-sds-max-177-355-rpm\/#breadcrumb"},"inLanguage":"es-AR","potentialAction":[{"@type":"ReadAction","target":["https:\/\/soymat.com\/producto\/rotomartillo-dewalt-48-mm-1600w-sds-max-177-355-rpm\/"]}]},{"@type":"ImageObject","inLanguage":"es-AR","@id":"https:\/\/soymat.com\/producto\/rotomartillo-dewalt-48-mm-1600w-sds-max-177-355-rpm\/#primaryimage","url":"https:\/\/soymat.com\/wp-content\/uploads\/2025\/03\/rotomartillo_D25733K-AR_01.jpg","contentUrl":"https:\/\/soymat.com\/wp-content\/uploads\/2025\/03\/rotomartillo_D25733K-AR_01.jpg","width":1200,"height":1200},{"@type":"BreadcrumbList","@id":"https:\/\/soymat.com\/producto\/rotomartillo-dewalt-48-mm-1600w-sds-max-177-355-rpm\/#breadcrumb","itemListElement":[{"@type":"ListItem","position":1,"name":"Portada","item":"https:\/\/soymat.com\/"},{"@type":"ListItem","position":2,"name":"Todos los Productos","item":"https:\/\/soymat.com\/shop\/"},{"@type":"ListItem","position":3,"name":"Rotomartillo DEWALT 48 MM 1600W SDS MAX 177-355 RPM"}]},{"@type":"WebSite","@id":"https:\/\/soymat.com\/#website","url":"https:\/\/soymat.com\/","name":"So&Mat","description":"Empresa Dedicada a la protecci\u00f3n global contra incendio . matafuegos redes bombas,venta instalaci\u00f3n y service, protecci\u00f3n y confort laboral en todo concepto.","publisher":{"@id":"https:\/\/soymat.com\/#organization"},"alternateName":"So&Mat","potentialAction":[{"@type":"SearchAction","target":{"@type":"EntryPoint","urlTemplate":"https:\/\/soymat.com\/?s={search_term_string}"},"query-input":{"@type":"PropertyValueSpecification","valueRequired":true,"valueName":"search_term_string"}}],"inLanguage":"es-AR"},{"@type":"Organization","@id":"https:\/\/soymat.com\/#organization","name":"So&Mat","url":"https:\/\/soymat.com\/","logo":{"@type":"ImageObject","inLanguage":"es-AR","@id":"https:\/\/soymat.com\/#\/schema\/logo\/image\/","url":"https:\/\/soymat.com\/wp-content\/uploads\/2024\/08\/SoyMat.jpg","contentUrl":"https:\/\/soymat.com\/wp-content\/uploads\/2024\/08\/SoyMat.jpg","width":600,"height":236,"caption":"So&Mat"},"image":{"@id":"https:\/\/soymat.com\/#\/schema\/logo\/image\/"}}]}},"_links":{"self":[{"href":"https:\/\/soymat.com\/es\/wp-json\/wp\/v2\/product\/21951","targetHints":{"allow":["GET"]}}],"collection":[{"href":"https:\/\/soymat.com\/es\/wp-json\/wp\/v2\/product"}],"about":[{"href":"https:\/\/soymat.com\/es\/wp-json\/wp\/v2\/types\/product"}],"wp:featuredmedia":[{"embeddable":true,"href":"https:\/\/soymat.com\/es\/wp-json\/wp\/v2\/media\/21931"}],"wp:attachment":[{"href":"https:\/\/soymat.com\/es\/wp-json\/wp\/v2\/media?parent=21951"}],"wp:term":[{"taxonomy":"product_cat","embeddable":true,"href":"https:\/\/soymat.com\/es\/wp-json\/wp\/v2\/product_cat?post=21951"},{"taxonomy":"product_tag","embeddable":true,"href":"https:\/\/soymat.com\/es\/wp-json\/wp\/v2\/product_tag?post=21951"}],"curies":[{"name":"wp","href":"https:\/\/api.w.org\/{rel}","templated":true}]}}