{"id":22424,"date":"2025-04-04T14:27:59","date_gmt":"2025-04-04T17:27:59","guid":{"rendered":"https:\/\/soymat.com\/?post_type=product&#038;p=22424"},"modified":"2025-12-02T13:05:59","modified_gmt":"2025-12-02T16:05:59","slug":"ingleteadora-1650w-dewalt","status":"publish","type":"product","link":"https:\/\/soymat.com\/es\/producto\/ingleteadora-1650w-dewalt\/","title":{"rendered":"Ingleteadora 1650W &#8211; Dewalt"},"content":{"rendered":"<p><strong>Ingleteadora 1650W &#8211; Dewalt<\/strong><br \/>\nCod. DW714-AR<\/p>\n<p>Motor potente de 1650 Watts, 4600rpm provee mayor poder y durabilidad<\/p>\n<p>Rodamientos de rodillos y bolas para mayor durabilida y vida \u00fatilPlaca de retenci\u00f3n de inglete regulable de acero inoxidable brinda mayor precisi\u00f3n en materiales delicados<\/p>\n<p><strong>M\u00e1s caracter\u00edsticas<\/strong><br \/>\nBase maquinada para mayor precisi\u00f3n de corte, resistente y durabilidad de la gu\u00edaInglete de 0\u00b0 a 52\u00b0 a la derecha y 0 a 47\u00b0 a la izquierdaBisel de 0\u00b0 &#8211; 45\u00b0 a la izquierda con topes de parada positivas a 0\u00b0 y 45\u00b0Dise\u00f1o compacto y ligero con el motor situado de forma que facilita su trasporte<\/p>\n<p>Rieles de gu\u00eda maquinados, ofrece rigidez y precisi\u00f3n en los cortes deslizantes<\/p>\n<p><strong>Incluye<\/strong><br \/>\n(1) llave de ajuste<br \/>\n(1) disco 10&#8243;<br \/>\n(1) bolsa recolectora de polvo<br \/>\n(1) soporte de extensi\u00f3n<br \/>\n(1) prensa<\/p>","protected":false},"excerpt":{"rendered":"<p>Ingleteadora 1650W &#8211; Dewalt Cod. DW714-AR Motor potente de 1650 Watts, 4600rpm provee mayor poder y durabilidad Rodamientos de rodillos y bolas para mayor durabilida y vida \u00fatilPlaca de retenci\u00f3n de inglete regulable de acero inoxidable brinda mayor precisi\u00f3n en materiales delicados M\u00e1s caracter\u00edsticas Base maquinada para mayor precisi\u00f3n de corte, resistente y durabilidad de [&hellip;]<\/p>\n","protected":false},"featured_media":22425,"template":"","meta":[],"product_cat":[191],"product_tag":[164,461,209,475,211],"class_list":{"0":"post-22424","1":"product","2":"type-product","3":"status-publish","4":"has-post-thumbnail","6":"product_brand-herramientas-dewalt","7":"product_cat-maquinas-y-herramientas","8":"product_tag-construccion","9":"product_tag-dewalt","10":"product_tag-herramientas","11":"product_tag-ingleteadora","12":"product_tag-maquinas-electricas","14":"first","15":"instock","16":"taxable","17":"shipping-taxable","18":"purchasable","19":"product-type-simple","20":"add-to-wishlist-after_add_to_cart"},"yoast_head":"<!-- This site is optimized with the Yoast SEO Premium plugin v26.9 (Yoast SEO v26.9) - https:\/\/yoast.com\/product\/yoast-seo-premium-wordpress\/ -->\n<title>Ingleteadora 1650W - Dewalt - SoyMat \u2013 Seguridad Industrial<\/title>\n<meta name=\"robots\" content=\"index, follow, max-snippet:-1, max-image-preview:large, max-video-preview:-1\" \/>\n<link rel=\"canonical\" href=\"https:\/\/soymat.com\/es\/producto\/ingleteadora-1650w-dewalt\/\" \/>\n<meta property=\"og:locale\" content=\"es_ES\" \/>\n<meta property=\"og:type\" content=\"article\" \/>\n<meta property=\"og:title\" content=\"Ingleteadora 1650W - Dewalt\" \/>\n<meta property=\"og:description\" content=\"Ingleteadora 1650W &#8211; Dewalt Cod. DW714-AR Motor potente de 1650 Watts, 4600rpm provee mayor poder y durabilidad Rodamientos de rodillos y bolas para mayor durabilida y vida \u00fatilPlaca de retenci\u00f3n de inglete regulable de acero inoxidable brinda mayor precisi\u00f3n en materiales delicados M\u00e1s caracter\u00edsticas Base maquinada para mayor precisi\u00f3n de corte, resistente y durabilidad de [&hellip;]\" \/>\n<meta property=\"og:url\" content=\"https:\/\/soymat.com\/es\/producto\/ingleteadora-1650w-dewalt\/\" \/>\n<meta property=\"og:site_name\" content=\"SoyMat \u2013 Seguridad Industrial\" \/>\n<meta property=\"article:modified_time\" content=\"2025-12-02T16:05:59+00:00\" \/>\n<meta property=\"og:image\" content=\"https:\/\/soymat.com\/wp-content\/uploads\/2025\/04\/DW714_INGLETEADORA-1.jpg\" \/>\n\t<meta property=\"og:image:width\" content=\"530\" \/>\n\t<meta property=\"og:image:height\" content=\"530\" \/>\n\t<meta property=\"og:image:type\" content=\"image\/jpeg\" \/>\n<meta name=\"twitter:card\" content=\"summary_large_image\" \/>\n<meta name=\"twitter:label1\" content=\"Tiempo de lectura\" \/>\n\t<meta name=\"twitter:data1\" content=\"1 minuto\" \/>\n<script type=\"application\/ld+json\" class=\"yoast-schema-graph\">{\"@context\":\"https:\/\/schema.org\",\"@graph\":[{\"@type\":\"WebPage\",\"@id\":\"https:\/\/soymat.com\/producto\/ingleteadora-1650w-dewalt\/\",\"url\":\"https:\/\/soymat.com\/producto\/ingleteadora-1650w-dewalt\/\",\"name\":\"Ingleteadora 1650W - Dewalt - SoyMat \u2013 Seguridad Industrial\",\"isPartOf\":{\"@id\":\"https:\/\/soymat.com\/#website\"},\"primaryImageOfPage\":{\"@id\":\"https:\/\/soymat.com\/producto\/ingleteadora-1650w-dewalt\/#primaryimage\"},\"image\":{\"@id\":\"https:\/\/soymat.com\/producto\/ingleteadora-1650w-dewalt\/#primaryimage\"},\"thumbnailUrl\":\"https:\/\/soymat.com\/wp-content\/uploads\/2025\/04\/DW714_INGLETEADORA-1.jpg\",\"datePublished\":\"2025-04-04T17:27:59+00:00\",\"dateModified\":\"2025-12-02T16:05:59+00:00\",\"breadcrumb\":{\"@id\":\"https:\/\/soymat.com\/producto\/ingleteadora-1650w-dewalt\/#breadcrumb\"},\"inLanguage\":\"es-AR\",\"potentialAction\":[{\"@type\":\"ReadAction\",\"target\":[\"https:\/\/soymat.com\/producto\/ingleteadora-1650w-dewalt\/\"]}]},{\"@type\":\"ImageObject\",\"inLanguage\":\"es-AR\",\"@id\":\"https:\/\/soymat.com\/producto\/ingleteadora-1650w-dewalt\/#primaryimage\",\"url\":\"https:\/\/soymat.com\/wp-content\/uploads\/2025\/04\/DW714_INGLETEADORA-1.jpg\",\"contentUrl\":\"https:\/\/soymat.com\/wp-content\/uploads\/2025\/04\/DW714_INGLETEADORA-1.jpg\",\"width\":530,\"height\":530},{\"@type\":\"BreadcrumbList\",\"@id\":\"https:\/\/soymat.com\/producto\/ingleteadora-1650w-dewalt\/#breadcrumb\",\"itemListElement\":[{\"@type\":\"ListItem\",\"position\":1,\"name\":\"Portada\",\"item\":\"https:\/\/soymat.com\/\"},{\"@type\":\"ListItem\",\"position\":2,\"name\":\"Todos los Productos\",\"item\":\"https:\/\/soymat.com\/shop\/\"},{\"@type\":\"ListItem\",\"position\":3,\"name\":\"Ingleteadora 1650W &#8211; Dewalt\"}]},{\"@type\":\"WebSite\",\"@id\":\"https:\/\/soymat.com\/#website\",\"url\":\"https:\/\/soymat.com\/\",\"name\":\"So&Mat\",\"description\":\"Empresa Dedicada a la protecci\u00f3n global contra incendio . matafuegos redes bombas,venta instalaci\u00f3n y service, protecci\u00f3n y confort laboral en todo concepto.\",\"publisher\":{\"@id\":\"https:\/\/soymat.com\/#organization\"},\"alternateName\":\"So&Mat\",\"potentialAction\":[{\"@type\":\"SearchAction\",\"target\":{\"@type\":\"EntryPoint\",\"urlTemplate\":\"https:\/\/soymat.com\/?s={search_term_string}\"},\"query-input\":{\"@type\":\"PropertyValueSpecification\",\"valueRequired\":true,\"valueName\":\"search_term_string\"}}],\"inLanguage\":\"es-AR\"},{\"@type\":\"Organization\",\"@id\":\"https:\/\/soymat.com\/#organization\",\"name\":\"So&Mat\",\"url\":\"https:\/\/soymat.com\/\",\"logo\":{\"@type\":\"ImageObject\",\"inLanguage\":\"es-AR\",\"@id\":\"https:\/\/soymat.com\/#\/schema\/logo\/image\/\",\"url\":\"https:\/\/soymat.com\/wp-content\/uploads\/2024\/08\/SoyMat.jpg\",\"contentUrl\":\"https:\/\/soymat.com\/wp-content\/uploads\/2024\/08\/SoyMat.jpg\",\"width\":600,\"height\":236,\"caption\":\"So&Mat\"},\"image\":{\"@id\":\"https:\/\/soymat.com\/#\/schema\/logo\/image\/\"}}]}<\/script>\n<!-- \/ Yoast SEO Premium plugin. -->","yoast_head_json":{"title":"Ingleteadora 1650W - Dewalt - SoyMat \u2013 Seguridad Industrial","robots":{"index":"index","follow":"follow","max-snippet":"max-snippet:-1","max-image-preview":"max-image-preview:large","max-video-preview":"max-video-preview:-1"},"canonical":"https:\/\/soymat.com\/es\/producto\/ingleteadora-1650w-dewalt\/","og_locale":"es_ES","og_type":"article","og_title":"Ingleteadora 1650W - Dewalt","og_description":"Ingleteadora 1650W &#8211; Dewalt Cod. DW714-AR Motor potente de 1650 Watts, 4600rpm provee mayor poder y durabilidad Rodamientos de rodillos y bolas para mayor durabilida y vida \u00fatilPlaca de retenci\u00f3n de inglete regulable de acero inoxidable brinda mayor precisi\u00f3n en materiales delicados M\u00e1s caracter\u00edsticas Base maquinada para mayor precisi\u00f3n de corte, resistente y durabilidad de [&hellip;]","og_url":"https:\/\/soymat.com\/es\/producto\/ingleteadora-1650w-dewalt\/","og_site_name":"SoyMat \u2013 Seguridad Industrial","article_modified_time":"2025-12-02T16:05:59+00:00","og_image":[{"width":530,"height":530,"url":"https:\/\/soymat.com\/wp-content\/uploads\/2025\/04\/DW714_INGLETEADORA-1.jpg","type":"image\/jpeg"}],"twitter_card":"summary_large_image","twitter_misc":{"Tiempo de lectura":"1 minuto"},"schema":{"@context":"https:\/\/schema.org","@graph":[{"@type":"WebPage","@id":"https:\/\/soymat.com\/producto\/ingleteadora-1650w-dewalt\/","url":"https:\/\/soymat.com\/producto\/ingleteadora-1650w-dewalt\/","name":"Ingleteadora 1650W - Dewalt - SoyMat \u2013 Seguridad Industrial","isPartOf":{"@id":"https:\/\/soymat.com\/#website"},"primaryImageOfPage":{"@id":"https:\/\/soymat.com\/producto\/ingleteadora-1650w-dewalt\/#primaryimage"},"image":{"@id":"https:\/\/soymat.com\/producto\/ingleteadora-1650w-dewalt\/#primaryimage"},"thumbnailUrl":"https:\/\/soymat.com\/wp-content\/uploads\/2025\/04\/DW714_INGLETEADORA-1.jpg","datePublished":"2025-04-04T17:27:59+00:00","dateModified":"2025-12-02T16:05:59+00:00","breadcrumb":{"@id":"https:\/\/soymat.com\/producto\/ingleteadora-1650w-dewalt\/#breadcrumb"},"inLanguage":"es-AR","potentialAction":[{"@type":"ReadAction","target":["https:\/\/soymat.com\/producto\/ingleteadora-1650w-dewalt\/"]}]},{"@type":"ImageObject","inLanguage":"es-AR","@id":"https:\/\/soymat.com\/producto\/ingleteadora-1650w-dewalt\/#primaryimage","url":"https:\/\/soymat.com\/wp-content\/uploads\/2025\/04\/DW714_INGLETEADORA-1.jpg","contentUrl":"https:\/\/soymat.com\/wp-content\/uploads\/2025\/04\/DW714_INGLETEADORA-1.jpg","width":530,"height":530},{"@type":"BreadcrumbList","@id":"https:\/\/soymat.com\/producto\/ingleteadora-1650w-dewalt\/#breadcrumb","itemListElement":[{"@type":"ListItem","position":1,"name":"Portada","item":"https:\/\/soymat.com\/"},{"@type":"ListItem","position":2,"name":"Todos los Productos","item":"https:\/\/soymat.com\/shop\/"},{"@type":"ListItem","position":3,"name":"Ingleteadora 1650W &#8211; Dewalt"}]},{"@type":"WebSite","@id":"https:\/\/soymat.com\/#website","url":"https:\/\/soymat.com\/","name":"So&Mat","description":"Empresa Dedicada a la protecci\u00f3n global contra incendio . matafuegos redes bombas,venta instalaci\u00f3n y service, protecci\u00f3n y confort laboral en todo concepto.","publisher":{"@id":"https:\/\/soymat.com\/#organization"},"alternateName":"So&Mat","potentialAction":[{"@type":"SearchAction","target":{"@type":"EntryPoint","urlTemplate":"https:\/\/soymat.com\/?s={search_term_string}"},"query-input":{"@type":"PropertyValueSpecification","valueRequired":true,"valueName":"search_term_string"}}],"inLanguage":"es-AR"},{"@type":"Organization","@id":"https:\/\/soymat.com\/#organization","name":"So&Mat","url":"https:\/\/soymat.com\/","logo":{"@type":"ImageObject","inLanguage":"es-AR","@id":"https:\/\/soymat.com\/#\/schema\/logo\/image\/","url":"https:\/\/soymat.com\/wp-content\/uploads\/2024\/08\/SoyMat.jpg","contentUrl":"https:\/\/soymat.com\/wp-content\/uploads\/2024\/08\/SoyMat.jpg","width":600,"height":236,"caption":"So&Mat"},"image":{"@id":"https:\/\/soymat.com\/#\/schema\/logo\/image\/"}}]}},"_links":{"self":[{"href":"https:\/\/soymat.com\/es\/wp-json\/wp\/v2\/product\/22424","targetHints":{"allow":["GET"]}}],"collection":[{"href":"https:\/\/soymat.com\/es\/wp-json\/wp\/v2\/product"}],"about":[{"href":"https:\/\/soymat.com\/es\/wp-json\/wp\/v2\/types\/product"}],"wp:featuredmedia":[{"embeddable":true,"href":"https:\/\/soymat.com\/es\/wp-json\/wp\/v2\/media\/22425"}],"wp:attachment":[{"href":"https:\/\/soymat.com\/es\/wp-json\/wp\/v2\/media?parent=22424"}],"wp:term":[{"taxonomy":"product_cat","embeddable":true,"href":"https:\/\/soymat.com\/es\/wp-json\/wp\/v2\/product_cat?post=22424"},{"taxonomy":"product_tag","embeddable":true,"href":"https:\/\/soymat.com\/es\/wp-json\/wp\/v2\/product_tag?post=22424"}],"curies":[{"name":"wp","href":"https:\/\/api.w.org\/{rel}","templated":true}]}}