{"id":22433,"date":"2025-04-04T14:41:03","date_gmt":"2025-04-04T17:41:03","guid":{"rendered":"https:\/\/soymat.com\/?post_type=product&#038;p=22433"},"modified":"2026-01-21T18:48:06","modified_gmt":"2026-01-21T21:48:06","slug":"taladro-atornillador-dewalt-bolso","status":"publish","type":"product","link":"https:\/\/soymat.com\/es\/producto\/taladro-atornillador-dewalt-bolso\/","title":{"rendered":"Taladro Atornillador Dewalt + Bolso"},"content":{"rendered":"<p><strong>Taladro Atornillador DEWALT + Bolso<\/strong><br \/>\nCod. DCD710S2-AR<\/p>\n<p>Bater\u00eda de 1.5Ah para todas las aplicaciones de fijaci\u00f3n y perforaci\u00f3n<br \/>\nDise\u00f1o compacto, ligero y ergon\u00f3mico, empu\u00f1adura recubierta en goma que proporciona comodidad para el usuario15 posiciones de Torque para fijaci\u00f3n constante en madera, metal y pl\u00e1sticos.<\/p>\n<p><strong>M\u00e1s caracter\u00edsticas<\/strong><br \/>\nCaja con engranajes met\u00e1licos para una transmisi\u00f3n de energ\u00eda eficiente y mayor vida \u00fatil de la herramientaLuz de LED para mejorar la visibilidadPosici\u00f3n de la bater\u00eda que proporciona balance y estabilidad para uso continuo<\/p>\n<p><strong>Incluye<\/strong><br \/>\n(1) cargador<br \/>\n(2) baterias<br \/>\n(1) clip de sujeci\u00f3n<\/p>","protected":false},"excerpt":{"rendered":"<p>Taladro Atornillador DEWALT + Bolso Cod. DCD710S2-AR Bater\u00eda de 1.5Ah para todas las aplicaciones de fijaci\u00f3n y perforaci\u00f3n Dise\u00f1o compacto, ligero y ergon\u00f3mico, empu\u00f1adura recubierta en goma que proporciona comodidad para el usuario15 posiciones de Torque para fijaci\u00f3n constante en madera, metal y pl\u00e1sticos. M\u00e1s caracter\u00edsticas Caja con engranajes met\u00e1licos para una transmisi\u00f3n de energ\u00eda [&hellip;]<\/p>\n","protected":false},"featured_media":22435,"template":"","meta":[],"product_cat":[337,191],"product_tag":[197,461,209,444,211,463,466],"class_list":{"0":"post-22433","1":"product","2":"type-product","3":"status-publish","4":"has-post-thumbnail","6":"product_brand-herramientas-dewalt","7":"product_cat-productos-destacados-con-descuentos","8":"product_cat-maquinas-y-herramientas","9":"product_tag-atornillador","10":"product_tag-dewalt","11":"product_tag-herramientas","12":"product_tag-maquinas-a-baterias","13":"product_tag-maquinas-electricas","14":"product_tag-taladro-atornillador","15":"product_tag-taladro-dewalt","17":"first","18":"instock","19":"featured","20":"taxable","21":"shipping-taxable","22":"purchasable","23":"product-type-simple","24":"add-to-wishlist-after_add_to_cart"},"yoast_head":"<!-- This site is optimized with the Yoast SEO Premium plugin v26.9 (Yoast SEO v26.9) - https:\/\/yoast.com\/product\/yoast-seo-premium-wordpress\/ -->\n<title>Taladro Atornillador Dewalt + Bolso - SoyMat \u2013 Seguridad Industrial<\/title>\n<meta name=\"robots\" content=\"index, follow, max-snippet:-1, max-image-preview:large, max-video-preview:-1\" \/>\n<link rel=\"canonical\" href=\"https:\/\/soymat.com\/es\/producto\/taladro-atornillador-dewalt-bolso\/\" \/>\n<meta property=\"og:locale\" content=\"es_ES\" \/>\n<meta property=\"og:type\" content=\"article\" \/>\n<meta property=\"og:title\" content=\"Taladro Atornillador Dewalt + Bolso\" \/>\n<meta property=\"og:description\" content=\"Taladro Atornillador DEWALT + Bolso Cod. DCD710S2-AR Bater\u00eda de 1.5Ah para todas las aplicaciones de fijaci\u00f3n y perforaci\u00f3n Dise\u00f1o compacto, ligero y ergon\u00f3mico, empu\u00f1adura recubierta en goma que proporciona comodidad para el usuario15 posiciones de Torque para fijaci\u00f3n constante en madera, metal y pl\u00e1sticos. M\u00e1s caracter\u00edsticas Caja con engranajes met\u00e1licos para una transmisi\u00f3n de energ\u00eda [&hellip;]\" \/>\n<meta property=\"og:url\" content=\"https:\/\/soymat.com\/es\/producto\/taladro-atornillador-dewalt-bolso\/\" \/>\n<meta property=\"og:site_name\" content=\"SoyMat \u2013 Seguridad Industrial\" \/>\n<meta property=\"article:modified_time\" content=\"2026-01-21T21:48:06+00:00\" \/>\n<meta property=\"og:image\" content=\"https:\/\/soymat.com\/wp-content\/uploads\/2025\/04\/DCD710S2-AR-TALADRO-ATORNILLADOR_-2.png\" \/>\n\t<meta property=\"og:image:width\" content=\"530\" \/>\n\t<meta property=\"og:image:height\" content=\"530\" \/>\n\t<meta property=\"og:image:type\" content=\"image\/png\" \/>\n<meta name=\"twitter:card\" content=\"summary_large_image\" \/>\n<meta name=\"twitter:label1\" content=\"Tiempo de lectura\" \/>\n\t<meta name=\"twitter:data1\" content=\"1 minuto\" \/>\n<script type=\"application\/ld+json\" class=\"yoast-schema-graph\">{\"@context\":\"https:\/\/schema.org\",\"@graph\":[{\"@type\":\"WebPage\",\"@id\":\"https:\/\/soymat.com\/producto\/taladro-atornillador-dewalt-bolso\/\",\"url\":\"https:\/\/soymat.com\/producto\/taladro-atornillador-dewalt-bolso\/\",\"name\":\"Taladro Atornillador Dewalt + Bolso - SoyMat \u2013 Seguridad Industrial\",\"isPartOf\":{\"@id\":\"https:\/\/soymat.com\/#website\"},\"primaryImageOfPage\":{\"@id\":\"https:\/\/soymat.com\/producto\/taladro-atornillador-dewalt-bolso\/#primaryimage\"},\"image\":{\"@id\":\"https:\/\/soymat.com\/producto\/taladro-atornillador-dewalt-bolso\/#primaryimage\"},\"thumbnailUrl\":\"https:\/\/soymat.com\/wp-content\/uploads\/2025\/04\/DCD710S2-AR-TALADRO-ATORNILLADOR_-2.png\",\"datePublished\":\"2025-04-04T17:41:03+00:00\",\"dateModified\":\"2026-01-21T21:48:06+00:00\",\"breadcrumb\":{\"@id\":\"https:\/\/soymat.com\/producto\/taladro-atornillador-dewalt-bolso\/#breadcrumb\"},\"inLanguage\":\"es-AR\",\"potentialAction\":[{\"@type\":\"ReadAction\",\"target\":[\"https:\/\/soymat.com\/producto\/taladro-atornillador-dewalt-bolso\/\"]}]},{\"@type\":\"ImageObject\",\"inLanguage\":\"es-AR\",\"@id\":\"https:\/\/soymat.com\/producto\/taladro-atornillador-dewalt-bolso\/#primaryimage\",\"url\":\"https:\/\/soymat.com\/wp-content\/uploads\/2025\/04\/DCD710S2-AR-TALADRO-ATORNILLADOR_-2.png\",\"contentUrl\":\"https:\/\/soymat.com\/wp-content\/uploads\/2025\/04\/DCD710S2-AR-TALADRO-ATORNILLADOR_-2.png\",\"width\":530,\"height\":530},{\"@type\":\"BreadcrumbList\",\"@id\":\"https:\/\/soymat.com\/producto\/taladro-atornillador-dewalt-bolso\/#breadcrumb\",\"itemListElement\":[{\"@type\":\"ListItem\",\"position\":1,\"name\":\"Portada\",\"item\":\"https:\/\/soymat.com\/\"},{\"@type\":\"ListItem\",\"position\":2,\"name\":\"Todos los Productos\",\"item\":\"https:\/\/soymat.com\/shop\/\"},{\"@type\":\"ListItem\",\"position\":3,\"name\":\"Taladro Atornillador Dewalt + Bolso\"}]},{\"@type\":\"WebSite\",\"@id\":\"https:\/\/soymat.com\/#website\",\"url\":\"https:\/\/soymat.com\/\",\"name\":\"So&Mat\",\"description\":\"Empresa Dedicada a la protecci\u00f3n global contra incendio . matafuegos redes bombas,venta instalaci\u00f3n y service, protecci\u00f3n y confort laboral en todo concepto.\",\"publisher\":{\"@id\":\"https:\/\/soymat.com\/#organization\"},\"alternateName\":\"So&Mat\",\"potentialAction\":[{\"@type\":\"SearchAction\",\"target\":{\"@type\":\"EntryPoint\",\"urlTemplate\":\"https:\/\/soymat.com\/?s={search_term_string}\"},\"query-input\":{\"@type\":\"PropertyValueSpecification\",\"valueRequired\":true,\"valueName\":\"search_term_string\"}}],\"inLanguage\":\"es-AR\"},{\"@type\":\"Organization\",\"@id\":\"https:\/\/soymat.com\/#organization\",\"name\":\"So&Mat\",\"url\":\"https:\/\/soymat.com\/\",\"logo\":{\"@type\":\"ImageObject\",\"inLanguage\":\"es-AR\",\"@id\":\"https:\/\/soymat.com\/#\/schema\/logo\/image\/\",\"url\":\"https:\/\/soymat.com\/wp-content\/uploads\/2024\/08\/SoyMat.jpg\",\"contentUrl\":\"https:\/\/soymat.com\/wp-content\/uploads\/2024\/08\/SoyMat.jpg\",\"width\":600,\"height\":236,\"caption\":\"So&Mat\"},\"image\":{\"@id\":\"https:\/\/soymat.com\/#\/schema\/logo\/image\/\"}}]}<\/script>\n<!-- \/ Yoast SEO Premium plugin. -->","yoast_head_json":{"title":"Taladro Atornillador Dewalt + Bolso - SoyMat \u2013 Seguridad Industrial","robots":{"index":"index","follow":"follow","max-snippet":"max-snippet:-1","max-image-preview":"max-image-preview:large","max-video-preview":"max-video-preview:-1"},"canonical":"https:\/\/soymat.com\/es\/producto\/taladro-atornillador-dewalt-bolso\/","og_locale":"es_ES","og_type":"article","og_title":"Taladro Atornillador Dewalt + Bolso","og_description":"Taladro Atornillador DEWALT + Bolso Cod. DCD710S2-AR Bater\u00eda de 1.5Ah para todas las aplicaciones de fijaci\u00f3n y perforaci\u00f3n Dise\u00f1o compacto, ligero y ergon\u00f3mico, empu\u00f1adura recubierta en goma que proporciona comodidad para el usuario15 posiciones de Torque para fijaci\u00f3n constante en madera, metal y pl\u00e1sticos. M\u00e1s caracter\u00edsticas Caja con engranajes met\u00e1licos para una transmisi\u00f3n de energ\u00eda [&hellip;]","og_url":"https:\/\/soymat.com\/es\/producto\/taladro-atornillador-dewalt-bolso\/","og_site_name":"SoyMat \u2013 Seguridad Industrial","article_modified_time":"2026-01-21T21:48:06+00:00","og_image":[{"width":530,"height":530,"url":"https:\/\/soymat.com\/wp-content\/uploads\/2025\/04\/DCD710S2-AR-TALADRO-ATORNILLADOR_-2.png","type":"image\/png"}],"twitter_card":"summary_large_image","twitter_misc":{"Tiempo de lectura":"1 minuto"},"schema":{"@context":"https:\/\/schema.org","@graph":[{"@type":"WebPage","@id":"https:\/\/soymat.com\/producto\/taladro-atornillador-dewalt-bolso\/","url":"https:\/\/soymat.com\/producto\/taladro-atornillador-dewalt-bolso\/","name":"Taladro Atornillador Dewalt + Bolso - SoyMat \u2013 Seguridad Industrial","isPartOf":{"@id":"https:\/\/soymat.com\/#website"},"primaryImageOfPage":{"@id":"https:\/\/soymat.com\/producto\/taladro-atornillador-dewalt-bolso\/#primaryimage"},"image":{"@id":"https:\/\/soymat.com\/producto\/taladro-atornillador-dewalt-bolso\/#primaryimage"},"thumbnailUrl":"https:\/\/soymat.com\/wp-content\/uploads\/2025\/04\/DCD710S2-AR-TALADRO-ATORNILLADOR_-2.png","datePublished":"2025-04-04T17:41:03+00:00","dateModified":"2026-01-21T21:48:06+00:00","breadcrumb":{"@id":"https:\/\/soymat.com\/producto\/taladro-atornillador-dewalt-bolso\/#breadcrumb"},"inLanguage":"es-AR","potentialAction":[{"@type":"ReadAction","target":["https:\/\/soymat.com\/producto\/taladro-atornillador-dewalt-bolso\/"]}]},{"@type":"ImageObject","inLanguage":"es-AR","@id":"https:\/\/soymat.com\/producto\/taladro-atornillador-dewalt-bolso\/#primaryimage","url":"https:\/\/soymat.com\/wp-content\/uploads\/2025\/04\/DCD710S2-AR-TALADRO-ATORNILLADOR_-2.png","contentUrl":"https:\/\/soymat.com\/wp-content\/uploads\/2025\/04\/DCD710S2-AR-TALADRO-ATORNILLADOR_-2.png","width":530,"height":530},{"@type":"BreadcrumbList","@id":"https:\/\/soymat.com\/producto\/taladro-atornillador-dewalt-bolso\/#breadcrumb","itemListElement":[{"@type":"ListItem","position":1,"name":"Portada","item":"https:\/\/soymat.com\/"},{"@type":"ListItem","position":2,"name":"Todos los Productos","item":"https:\/\/soymat.com\/shop\/"},{"@type":"ListItem","position":3,"name":"Taladro Atornillador Dewalt + Bolso"}]},{"@type":"WebSite","@id":"https:\/\/soymat.com\/#website","url":"https:\/\/soymat.com\/","name":"So&Mat","description":"Empresa Dedicada a la protecci\u00f3n global contra incendio . matafuegos redes bombas,venta instalaci\u00f3n y service, protecci\u00f3n y confort laboral en todo concepto.","publisher":{"@id":"https:\/\/soymat.com\/#organization"},"alternateName":"So&Mat","potentialAction":[{"@type":"SearchAction","target":{"@type":"EntryPoint","urlTemplate":"https:\/\/soymat.com\/?s={search_term_string}"},"query-input":{"@type":"PropertyValueSpecification","valueRequired":true,"valueName":"search_term_string"}}],"inLanguage":"es-AR"},{"@type":"Organization","@id":"https:\/\/soymat.com\/#organization","name":"So&Mat","url":"https:\/\/soymat.com\/","logo":{"@type":"ImageObject","inLanguage":"es-AR","@id":"https:\/\/soymat.com\/#\/schema\/logo\/image\/","url":"https:\/\/soymat.com\/wp-content\/uploads\/2024\/08\/SoyMat.jpg","contentUrl":"https:\/\/soymat.com\/wp-content\/uploads\/2024\/08\/SoyMat.jpg","width":600,"height":236,"caption":"So&Mat"},"image":{"@id":"https:\/\/soymat.com\/#\/schema\/logo\/image\/"}}]}},"_links":{"self":[{"href":"https:\/\/soymat.com\/es\/wp-json\/wp\/v2\/product\/22433","targetHints":{"allow":["GET"]}}],"collection":[{"href":"https:\/\/soymat.com\/es\/wp-json\/wp\/v2\/product"}],"about":[{"href":"https:\/\/soymat.com\/es\/wp-json\/wp\/v2\/types\/product"}],"wp:featuredmedia":[{"embeddable":true,"href":"https:\/\/soymat.com\/es\/wp-json\/wp\/v2\/media\/22435"}],"wp:attachment":[{"href":"https:\/\/soymat.com\/es\/wp-json\/wp\/v2\/media?parent=22433"}],"wp:term":[{"taxonomy":"product_cat","embeddable":true,"href":"https:\/\/soymat.com\/es\/wp-json\/wp\/v2\/product_cat?post=22433"},{"taxonomy":"product_tag","embeddable":true,"href":"https:\/\/soymat.com\/es\/wp-json\/wp\/v2\/product_tag?post=22433"}],"curies":[{"name":"wp","href":"https:\/\/api.w.org\/{rel}","templated":true}]}}