{"id":22447,"date":"2025-04-04T15:28:20","date_gmt":"2025-04-04T18:28:20","guid":{"rendered":"https:\/\/soymat.com\/?post_type=product&#038;p=22447"},"modified":"2026-04-18T19:07:56","modified_gmt":"2026-04-18T22:07:56","slug":"taladro-percutor-13mm-650w-dewalt","status":"publish","type":"product","link":"https:\/\/soymat.com\/es\/producto\/taladro-percutor-13mm-650w-dewalt\/","title":{"rendered":"Taladro Percutor 13mm 650W &#8211; Dewalt"},"content":{"rendered":"<p><strong>Taladro Percutor 13mm 650W &#8211; Dewalt<\/strong><\/p>\n<p>Cod. DWD024-AR<\/p>\n<p>Potente motor de 650 watts para trabajos y aplicaciones exigentes<br \/>\nEmpu\u00f1adura trasera recubierta en goma para proporcionar comodidad m\u00e1xima al usuario en la aplicaci\u00f3n<br \/>\nTama\u00f1o equilibrio y peso dise\u00f1ados para trabajar con una sola mano.<\/p>\n<p><strong>M\u00e1s caracter\u00edsticas<\/strong><br \/>\nSistema de percusi\u00f3n mec\u00e1nico para perforar mamposter\u00eda, ladrillo y bloques<\/p>\n<p><strong>Incluye<\/strong><br \/>\n(1) llave de mandril<br \/>\n(1) empu\u00f1adura<br \/>\n(1) barra de profundidad<\/p>","protected":false},"excerpt":{"rendered":"<p>Taladro Percutor 13mm 650W &#8211; Dewalt Cod. DWD024-AR Potente motor de 650 watts para trabajos y aplicaciones exigentes Empu\u00f1adura trasera recubierta en goma para proporcionar comodidad m\u00e1xima al usuario en la aplicaci\u00f3n Tama\u00f1o equilibrio y peso dise\u00f1ados para trabajar con una sola mano. M\u00e1s caracter\u00edsticas Sistema de percusi\u00f3n mec\u00e1nico para perforar mamposter\u00eda, ladrillo y bloques [&hellip;]<\/p>\n","protected":false},"featured_media":22448,"template":"","meta":[],"product_cat":[191],"product_tag":[477,461,211,476,464],"class_list":{"0":"post-22447","1":"product","2":"type-product","3":"status-publish","4":"has-post-thumbnail","6":"product_brand-herramientas-dewalt","7":"product_cat-maquinas-y-herramientas","8":"product_tag-construcciones-viales","9":"product_tag-dewalt","10":"product_tag-maquinas-electricas","11":"product_tag-taladro","12":"product_tag-taladro-percutor","14":"first","15":"instock","16":"taxable","17":"shipping-taxable","18":"purchasable","19":"product-type-simple","20":"add-to-wishlist-after_add_to_cart"},"yoast_head":"<!-- This site is optimized with the Yoast SEO Premium plugin v26.9 (Yoast SEO v26.9) - https:\/\/yoast.com\/product\/yoast-seo-premium-wordpress\/ -->\n<title>Taladro Percutor 13mm 650W - Dewalt - SoyMat \u2013 Seguridad Industrial<\/title>\n<meta name=\"robots\" content=\"index, follow, max-snippet:-1, max-image-preview:large, max-video-preview:-1\" \/>\n<link rel=\"canonical\" href=\"https:\/\/soymat.com\/es\/producto\/taladro-percutor-13mm-650w-dewalt\/\" \/>\n<meta property=\"og:locale\" content=\"es_ES\" \/>\n<meta property=\"og:type\" content=\"article\" \/>\n<meta property=\"og:title\" content=\"Taladro Percutor 13mm 650W - Dewalt\" \/>\n<meta property=\"og:description\" content=\"Taladro Percutor 13mm 650W &#8211; Dewalt Cod. DWD024-AR Potente motor de 650 watts para trabajos y aplicaciones exigentes Empu\u00f1adura trasera recubierta en goma para proporcionar comodidad m\u00e1xima al usuario en la aplicaci\u00f3n Tama\u00f1o equilibrio y peso dise\u00f1ados para trabajar con una sola mano. M\u00e1s caracter\u00edsticas Sistema de percusi\u00f3n mec\u00e1nico para perforar mamposter\u00eda, ladrillo y bloques [&hellip;]\" \/>\n<meta property=\"og:url\" content=\"https:\/\/soymat.com\/es\/producto\/taladro-percutor-13mm-650w-dewalt\/\" \/>\n<meta property=\"og:site_name\" content=\"SoyMat \u2013 Seguridad Industrial\" \/>\n<meta property=\"article:modified_time\" content=\"2026-04-18T22:07:56+00:00\" \/>\n<meta property=\"og:image\" content=\"https:\/\/soymat.com\/wp-content\/uploads\/2025\/04\/DWD024-AR-TALADRO-PERCUTOR-DEWALT-13MM_-1.png\" \/>\n\t<meta property=\"og:image:width\" content=\"530\" \/>\n\t<meta property=\"og:image:height\" content=\"530\" \/>\n\t<meta property=\"og:image:type\" content=\"image\/png\" \/>\n<meta name=\"twitter:card\" content=\"summary_large_image\" \/>\n<meta name=\"twitter:label1\" content=\"Tiempo de lectura\" \/>\n\t<meta name=\"twitter:data1\" content=\"1 minuto\" \/>\n<script type=\"application\/ld+json\" class=\"yoast-schema-graph\">{\"@context\":\"https:\/\/schema.org\",\"@graph\":[{\"@type\":\"WebPage\",\"@id\":\"https:\/\/soymat.com\/producto\/taladro-percutor-13mm-650w-dewalt\/\",\"url\":\"https:\/\/soymat.com\/producto\/taladro-percutor-13mm-650w-dewalt\/\",\"name\":\"Taladro Percutor 13mm 650W - Dewalt - SoyMat \u2013 Seguridad Industrial\",\"isPartOf\":{\"@id\":\"https:\/\/soymat.com\/#website\"},\"primaryImageOfPage\":{\"@id\":\"https:\/\/soymat.com\/producto\/taladro-percutor-13mm-650w-dewalt\/#primaryimage\"},\"image\":{\"@id\":\"https:\/\/soymat.com\/producto\/taladro-percutor-13mm-650w-dewalt\/#primaryimage\"},\"thumbnailUrl\":\"https:\/\/soymat.com\/wp-content\/uploads\/2025\/04\/DWD024-AR-TALADRO-PERCUTOR-DEWALT-13MM_-1.png\",\"datePublished\":\"2025-04-04T18:28:20+00:00\",\"dateModified\":\"2026-04-18T22:07:56+00:00\",\"breadcrumb\":{\"@id\":\"https:\/\/soymat.com\/producto\/taladro-percutor-13mm-650w-dewalt\/#breadcrumb\"},\"inLanguage\":\"es-AR\",\"potentialAction\":[{\"@type\":\"ReadAction\",\"target\":[\"https:\/\/soymat.com\/producto\/taladro-percutor-13mm-650w-dewalt\/\"]}]},{\"@type\":\"ImageObject\",\"inLanguage\":\"es-AR\",\"@id\":\"https:\/\/soymat.com\/producto\/taladro-percutor-13mm-650w-dewalt\/#primaryimage\",\"url\":\"https:\/\/soymat.com\/wp-content\/uploads\/2025\/04\/DWD024-AR-TALADRO-PERCUTOR-DEWALT-13MM_-1.png\",\"contentUrl\":\"https:\/\/soymat.com\/wp-content\/uploads\/2025\/04\/DWD024-AR-TALADRO-PERCUTOR-DEWALT-13MM_-1.png\",\"width\":530,\"height\":530},{\"@type\":\"BreadcrumbList\",\"@id\":\"https:\/\/soymat.com\/producto\/taladro-percutor-13mm-650w-dewalt\/#breadcrumb\",\"itemListElement\":[{\"@type\":\"ListItem\",\"position\":1,\"name\":\"Portada\",\"item\":\"https:\/\/soymat.com\/\"},{\"@type\":\"ListItem\",\"position\":2,\"name\":\"Todos los Productos\",\"item\":\"https:\/\/soymat.com\/shop\/\"},{\"@type\":\"ListItem\",\"position\":3,\"name\":\"Taladro Percutor 13mm 650W &#8211; Dewalt\"}]},{\"@type\":\"WebSite\",\"@id\":\"https:\/\/soymat.com\/#website\",\"url\":\"https:\/\/soymat.com\/\",\"name\":\"So&Mat\",\"description\":\"Empresa Dedicada a la protecci\u00f3n global contra incendio . matafuegos redes bombas,venta instalaci\u00f3n y service, protecci\u00f3n y confort laboral en todo concepto.\",\"publisher\":{\"@id\":\"https:\/\/soymat.com\/#organization\"},\"alternateName\":\"So&Mat\",\"potentialAction\":[{\"@type\":\"SearchAction\",\"target\":{\"@type\":\"EntryPoint\",\"urlTemplate\":\"https:\/\/soymat.com\/?s={search_term_string}\"},\"query-input\":{\"@type\":\"PropertyValueSpecification\",\"valueRequired\":true,\"valueName\":\"search_term_string\"}}],\"inLanguage\":\"es-AR\"},{\"@type\":\"Organization\",\"@id\":\"https:\/\/soymat.com\/#organization\",\"name\":\"So&Mat\",\"url\":\"https:\/\/soymat.com\/\",\"logo\":{\"@type\":\"ImageObject\",\"inLanguage\":\"es-AR\",\"@id\":\"https:\/\/soymat.com\/#\/schema\/logo\/image\/\",\"url\":\"https:\/\/soymat.com\/wp-content\/uploads\/2024\/08\/SoyMat.jpg\",\"contentUrl\":\"https:\/\/soymat.com\/wp-content\/uploads\/2024\/08\/SoyMat.jpg\",\"width\":600,\"height\":236,\"caption\":\"So&Mat\"},\"image\":{\"@id\":\"https:\/\/soymat.com\/#\/schema\/logo\/image\/\"}}]}<\/script>\n<!-- \/ Yoast SEO Premium plugin. -->","yoast_head_json":{"title":"Taladro Percutor 13mm 650W - Dewalt - SoyMat \u2013 Seguridad Industrial","robots":{"index":"index","follow":"follow","max-snippet":"max-snippet:-1","max-image-preview":"max-image-preview:large","max-video-preview":"max-video-preview:-1"},"canonical":"https:\/\/soymat.com\/es\/producto\/taladro-percutor-13mm-650w-dewalt\/","og_locale":"es_ES","og_type":"article","og_title":"Taladro Percutor 13mm 650W - Dewalt","og_description":"Taladro Percutor 13mm 650W &#8211; Dewalt Cod. DWD024-AR Potente motor de 650 watts para trabajos y aplicaciones exigentes Empu\u00f1adura trasera recubierta en goma para proporcionar comodidad m\u00e1xima al usuario en la aplicaci\u00f3n Tama\u00f1o equilibrio y peso dise\u00f1ados para trabajar con una sola mano. M\u00e1s caracter\u00edsticas Sistema de percusi\u00f3n mec\u00e1nico para perforar mamposter\u00eda, ladrillo y bloques [&hellip;]","og_url":"https:\/\/soymat.com\/es\/producto\/taladro-percutor-13mm-650w-dewalt\/","og_site_name":"SoyMat \u2013 Seguridad Industrial","article_modified_time":"2026-04-18T22:07:56+00:00","og_image":[{"width":530,"height":530,"url":"https:\/\/soymat.com\/wp-content\/uploads\/2025\/04\/DWD024-AR-TALADRO-PERCUTOR-DEWALT-13MM_-1.png","type":"image\/png"}],"twitter_card":"summary_large_image","twitter_misc":{"Tiempo de lectura":"1 minuto"},"schema":{"@context":"https:\/\/schema.org","@graph":[{"@type":"WebPage","@id":"https:\/\/soymat.com\/producto\/taladro-percutor-13mm-650w-dewalt\/","url":"https:\/\/soymat.com\/producto\/taladro-percutor-13mm-650w-dewalt\/","name":"Taladro Percutor 13mm 650W - Dewalt - SoyMat \u2013 Seguridad Industrial","isPartOf":{"@id":"https:\/\/soymat.com\/#website"},"primaryImageOfPage":{"@id":"https:\/\/soymat.com\/producto\/taladro-percutor-13mm-650w-dewalt\/#primaryimage"},"image":{"@id":"https:\/\/soymat.com\/producto\/taladro-percutor-13mm-650w-dewalt\/#primaryimage"},"thumbnailUrl":"https:\/\/soymat.com\/wp-content\/uploads\/2025\/04\/DWD024-AR-TALADRO-PERCUTOR-DEWALT-13MM_-1.png","datePublished":"2025-04-04T18:28:20+00:00","dateModified":"2026-04-18T22:07:56+00:00","breadcrumb":{"@id":"https:\/\/soymat.com\/producto\/taladro-percutor-13mm-650w-dewalt\/#breadcrumb"},"inLanguage":"es-AR","potentialAction":[{"@type":"ReadAction","target":["https:\/\/soymat.com\/producto\/taladro-percutor-13mm-650w-dewalt\/"]}]},{"@type":"ImageObject","inLanguage":"es-AR","@id":"https:\/\/soymat.com\/producto\/taladro-percutor-13mm-650w-dewalt\/#primaryimage","url":"https:\/\/soymat.com\/wp-content\/uploads\/2025\/04\/DWD024-AR-TALADRO-PERCUTOR-DEWALT-13MM_-1.png","contentUrl":"https:\/\/soymat.com\/wp-content\/uploads\/2025\/04\/DWD024-AR-TALADRO-PERCUTOR-DEWALT-13MM_-1.png","width":530,"height":530},{"@type":"BreadcrumbList","@id":"https:\/\/soymat.com\/producto\/taladro-percutor-13mm-650w-dewalt\/#breadcrumb","itemListElement":[{"@type":"ListItem","position":1,"name":"Portada","item":"https:\/\/soymat.com\/"},{"@type":"ListItem","position":2,"name":"Todos los Productos","item":"https:\/\/soymat.com\/shop\/"},{"@type":"ListItem","position":3,"name":"Taladro Percutor 13mm 650W &#8211; Dewalt"}]},{"@type":"WebSite","@id":"https:\/\/soymat.com\/#website","url":"https:\/\/soymat.com\/","name":"So&Mat","description":"Empresa Dedicada a la protecci\u00f3n global contra incendio . matafuegos redes bombas,venta instalaci\u00f3n y service, protecci\u00f3n y confort laboral en todo concepto.","publisher":{"@id":"https:\/\/soymat.com\/#organization"},"alternateName":"So&Mat","potentialAction":[{"@type":"SearchAction","target":{"@type":"EntryPoint","urlTemplate":"https:\/\/soymat.com\/?s={search_term_string}"},"query-input":{"@type":"PropertyValueSpecification","valueRequired":true,"valueName":"search_term_string"}}],"inLanguage":"es-AR"},{"@type":"Organization","@id":"https:\/\/soymat.com\/#organization","name":"So&Mat","url":"https:\/\/soymat.com\/","logo":{"@type":"ImageObject","inLanguage":"es-AR","@id":"https:\/\/soymat.com\/#\/schema\/logo\/image\/","url":"https:\/\/soymat.com\/wp-content\/uploads\/2024\/08\/SoyMat.jpg","contentUrl":"https:\/\/soymat.com\/wp-content\/uploads\/2024\/08\/SoyMat.jpg","width":600,"height":236,"caption":"So&Mat"},"image":{"@id":"https:\/\/soymat.com\/#\/schema\/logo\/image\/"}}]}},"_links":{"self":[{"href":"https:\/\/soymat.com\/es\/wp-json\/wp\/v2\/product\/22447","targetHints":{"allow":["GET"]}}],"collection":[{"href":"https:\/\/soymat.com\/es\/wp-json\/wp\/v2\/product"}],"about":[{"href":"https:\/\/soymat.com\/es\/wp-json\/wp\/v2\/types\/product"}],"wp:featuredmedia":[{"embeddable":true,"href":"https:\/\/soymat.com\/es\/wp-json\/wp\/v2\/media\/22448"}],"wp:attachment":[{"href":"https:\/\/soymat.com\/es\/wp-json\/wp\/v2\/media?parent=22447"}],"wp:term":[{"taxonomy":"product_cat","embeddable":true,"href":"https:\/\/soymat.com\/es\/wp-json\/wp\/v2\/product_cat?post=22447"},{"taxonomy":"product_tag","embeddable":true,"href":"https:\/\/soymat.com\/es\/wp-json\/wp\/v2\/product_tag?post=22447"}],"curies":[{"name":"wp","href":"https:\/\/api.w.org\/{rel}","templated":true}]}}