{"id":22451,"date":"2025-04-05T08:31:12","date_gmt":"2025-04-05T11:31:12","guid":{"rendered":"https:\/\/soymat.com\/?post_type=product&#038;p=22451"},"modified":"2026-04-08T10:06:54","modified_gmt":"2026-04-08T13:06:54","slug":"pistola-de-calor-2000-w-gamma","status":"publish","type":"product","link":"https:\/\/soymat.com\/es\/producto\/pistola-de-calor-2000-w-gamma\/","title":{"rendered":"Pistola de calor 2000 W &#8211; Gamma"},"content":{"rendered":"<p>Pistola de calor 2000 W &#8211; Gamma<br \/>\nG1935AR<br \/>\nCon dos niveles de calor: 300\u00aa y 550\u00aa. Posee una pr\u00e1ctica boquilla de alta resistencia. Recomendado para curvar ca\u00f1os pl\u00e1sticos, sellar termo contra\u00edbles, despegar pintura, sellar juntas, fundir selladores asf\u00e1lticos etc.<\/p>\n<p>Potencia de trabajo confiable motor de 2000 W.<br \/>\nM\u00faltiples aplicaciones.<br \/>\n2 Niveles de calor.<\/p>","protected":false},"excerpt":{"rendered":"<p>Pistola de calor 2000 W &#8211; Gamma G1935AR Con dos niveles de calor: 300\u00aa y 550\u00aa. Posee una pr\u00e1ctica boquilla de alta resistencia. Recomendado para curvar ca\u00f1os pl\u00e1sticos, sellar termo contra\u00edbles, despegar pintura, sellar juntas, fundir selladores asf\u00e1lticos etc. Potencia de trabajo confiable motor de 2000 W. M\u00faltiples aplicaciones. 2 Niveles de calor.<\/p>","protected":false},"featured_media":22452,"template":"","meta":[],"product_cat":[191],"product_tag":[481,209,480,211,478,479],"class_list":{"0":"post-22451","1":"product","2":"type-product","3":"status-publish","4":"has-post-thumbnail","6":"product_brand-gamma-maquinas-herramientas","7":"product_cat-maquinas-y-herramientas","8":"product_tag-gamma","9":"product_tag-herramientas","10":"product_tag-instalador-vinilos","11":"product_tag-maquinas-electricas","12":"product_tag-pistola-calor","13":"product_tag-plomero","15":"first","16":"instock","17":"taxable","18":"shipping-taxable","19":"purchasable","20":"product-type-simple","21":"add-to-wishlist-after_add_to_cart"},"yoast_head":"<!-- This site is optimized with the Yoast SEO Premium plugin v26.9 (Yoast SEO v26.9) - https:\/\/yoast.com\/product\/yoast-seo-premium-wordpress\/ -->\n<title>Pistola de calor 2000 W - Gamma - SoyMat \u2013 Seguridad Industrial<\/title>\n<meta name=\"robots\" content=\"index, follow, max-snippet:-1, max-image-preview:large, max-video-preview:-1\" \/>\n<link rel=\"canonical\" href=\"https:\/\/soymat.com\/es\/producto\/pistola-de-calor-2000-w-gamma\/\" \/>\n<meta property=\"og:locale\" content=\"es_ES\" \/>\n<meta property=\"og:type\" content=\"article\" \/>\n<meta property=\"og:title\" content=\"Pistola de calor 2000 W - Gamma\" \/>\n<meta property=\"og:description\" content=\"Pistola de calor 2000 W &#8211; Gamma G1935AR Con dos niveles de calor: 300\u00aa y 550\u00aa. Posee una pr\u00e1ctica boquilla de alta resistencia. Recomendado para curvar ca\u00f1os pl\u00e1sticos, sellar termo contra\u00edbles, despegar pintura, sellar juntas, fundir selladores asf\u00e1lticos etc. Potencia de trabajo confiable motor de 2000 W. M\u00faltiples aplicaciones. 2 Niveles de calor.\" \/>\n<meta property=\"og:url\" content=\"https:\/\/soymat.com\/es\/producto\/pistola-de-calor-2000-w-gamma\/\" \/>\n<meta property=\"og:site_name\" content=\"SoyMat \u2013 Seguridad Industrial\" \/>\n<meta property=\"article:modified_time\" content=\"2026-04-08T13:06:54+00:00\" \/>\n<meta property=\"og:image\" content=\"https:\/\/soymat.com\/wp-content\/uploads\/2025\/04\/Pistola-de-calor-2000-W_G1935AR-00-1.jpg\" \/>\n\t<meta property=\"og:image:width\" content=\"1024\" \/>\n\t<meta property=\"og:image:height\" content=\"1024\" \/>\n\t<meta property=\"og:image:type\" content=\"image\/jpeg\" \/>\n<meta name=\"twitter:card\" content=\"summary_large_image\" \/>\n<meta name=\"twitter:label1\" content=\"Tiempo de lectura\" \/>\n\t<meta name=\"twitter:data1\" content=\"1 minuto\" \/>\n<script type=\"application\/ld+json\" class=\"yoast-schema-graph\">{\"@context\":\"https:\/\/schema.org\",\"@graph\":[{\"@type\":\"WebPage\",\"@id\":\"https:\/\/soymat.com\/producto\/pistola-de-calor-2000-w-gamma\/\",\"url\":\"https:\/\/soymat.com\/producto\/pistola-de-calor-2000-w-gamma\/\",\"name\":\"Pistola de calor 2000 W - Gamma - SoyMat \u2013 Seguridad Industrial\",\"isPartOf\":{\"@id\":\"https:\/\/soymat.com\/#website\"},\"primaryImageOfPage\":{\"@id\":\"https:\/\/soymat.com\/producto\/pistola-de-calor-2000-w-gamma\/#primaryimage\"},\"image\":{\"@id\":\"https:\/\/soymat.com\/producto\/pistola-de-calor-2000-w-gamma\/#primaryimage\"},\"thumbnailUrl\":\"https:\/\/soymat.com\/wp-content\/uploads\/2025\/04\/Pistola-de-calor-2000-W_G1935AR-00-1.jpg\",\"datePublished\":\"2025-04-05T11:31:12+00:00\",\"dateModified\":\"2026-04-08T13:06:54+00:00\",\"breadcrumb\":{\"@id\":\"https:\/\/soymat.com\/producto\/pistola-de-calor-2000-w-gamma\/#breadcrumb\"},\"inLanguage\":\"es-AR\",\"potentialAction\":[{\"@type\":\"ReadAction\",\"target\":[\"https:\/\/soymat.com\/producto\/pistola-de-calor-2000-w-gamma\/\"]}]},{\"@type\":\"ImageObject\",\"inLanguage\":\"es-AR\",\"@id\":\"https:\/\/soymat.com\/producto\/pistola-de-calor-2000-w-gamma\/#primaryimage\",\"url\":\"https:\/\/soymat.com\/wp-content\/uploads\/2025\/04\/Pistola-de-calor-2000-W_G1935AR-00-1.jpg\",\"contentUrl\":\"https:\/\/soymat.com\/wp-content\/uploads\/2025\/04\/Pistola-de-calor-2000-W_G1935AR-00-1.jpg\",\"width\":1024,\"height\":1024},{\"@type\":\"BreadcrumbList\",\"@id\":\"https:\/\/soymat.com\/producto\/pistola-de-calor-2000-w-gamma\/#breadcrumb\",\"itemListElement\":[{\"@type\":\"ListItem\",\"position\":1,\"name\":\"Portada\",\"item\":\"https:\/\/soymat.com\/\"},{\"@type\":\"ListItem\",\"position\":2,\"name\":\"Todos los Productos\",\"item\":\"https:\/\/soymat.com\/shop\/\"},{\"@type\":\"ListItem\",\"position\":3,\"name\":\"Pistola de calor 2000 W &#8211; Gamma\"}]},{\"@type\":\"WebSite\",\"@id\":\"https:\/\/soymat.com\/#website\",\"url\":\"https:\/\/soymat.com\/\",\"name\":\"So&Mat\",\"description\":\"Empresa Dedicada a la protecci\u00f3n global contra incendio . matafuegos redes bombas,venta instalaci\u00f3n y service, protecci\u00f3n y confort laboral en todo concepto.\",\"publisher\":{\"@id\":\"https:\/\/soymat.com\/#organization\"},\"alternateName\":\"So&Mat\",\"potentialAction\":[{\"@type\":\"SearchAction\",\"target\":{\"@type\":\"EntryPoint\",\"urlTemplate\":\"https:\/\/soymat.com\/?s={search_term_string}\"},\"query-input\":{\"@type\":\"PropertyValueSpecification\",\"valueRequired\":true,\"valueName\":\"search_term_string\"}}],\"inLanguage\":\"es-AR\"},{\"@type\":\"Organization\",\"@id\":\"https:\/\/soymat.com\/#organization\",\"name\":\"So&Mat\",\"url\":\"https:\/\/soymat.com\/\",\"logo\":{\"@type\":\"ImageObject\",\"inLanguage\":\"es-AR\",\"@id\":\"https:\/\/soymat.com\/#\/schema\/logo\/image\/\",\"url\":\"https:\/\/soymat.com\/wp-content\/uploads\/2024\/08\/SoyMat.jpg\",\"contentUrl\":\"https:\/\/soymat.com\/wp-content\/uploads\/2024\/08\/SoyMat.jpg\",\"width\":600,\"height\":236,\"caption\":\"So&Mat\"},\"image\":{\"@id\":\"https:\/\/soymat.com\/#\/schema\/logo\/image\/\"}}]}<\/script>\n<!-- \/ Yoast SEO Premium plugin. -->","yoast_head_json":{"title":"Pistola de calor 2000 W - Gamma - SoyMat \u2013 Seguridad Industrial","robots":{"index":"index","follow":"follow","max-snippet":"max-snippet:-1","max-image-preview":"max-image-preview:large","max-video-preview":"max-video-preview:-1"},"canonical":"https:\/\/soymat.com\/es\/producto\/pistola-de-calor-2000-w-gamma\/","og_locale":"es_ES","og_type":"article","og_title":"Pistola de calor 2000 W - Gamma","og_description":"Pistola de calor 2000 W &#8211; Gamma G1935AR Con dos niveles de calor: 300\u00aa y 550\u00aa. Posee una pr\u00e1ctica boquilla de alta resistencia. Recomendado para curvar ca\u00f1os pl\u00e1sticos, sellar termo contra\u00edbles, despegar pintura, sellar juntas, fundir selladores asf\u00e1lticos etc. Potencia de trabajo confiable motor de 2000 W. M\u00faltiples aplicaciones. 2 Niveles de calor.","og_url":"https:\/\/soymat.com\/es\/producto\/pistola-de-calor-2000-w-gamma\/","og_site_name":"SoyMat \u2013 Seguridad Industrial","article_modified_time":"2026-04-08T13:06:54+00:00","og_image":[{"width":1024,"height":1024,"url":"https:\/\/soymat.com\/wp-content\/uploads\/2025\/04\/Pistola-de-calor-2000-W_G1935AR-00-1.jpg","type":"image\/jpeg"}],"twitter_card":"summary_large_image","twitter_misc":{"Tiempo de lectura":"1 minuto"},"schema":{"@context":"https:\/\/schema.org","@graph":[{"@type":"WebPage","@id":"https:\/\/soymat.com\/producto\/pistola-de-calor-2000-w-gamma\/","url":"https:\/\/soymat.com\/producto\/pistola-de-calor-2000-w-gamma\/","name":"Pistola de calor 2000 W - Gamma - SoyMat \u2013 Seguridad Industrial","isPartOf":{"@id":"https:\/\/soymat.com\/#website"},"primaryImageOfPage":{"@id":"https:\/\/soymat.com\/producto\/pistola-de-calor-2000-w-gamma\/#primaryimage"},"image":{"@id":"https:\/\/soymat.com\/producto\/pistola-de-calor-2000-w-gamma\/#primaryimage"},"thumbnailUrl":"https:\/\/soymat.com\/wp-content\/uploads\/2025\/04\/Pistola-de-calor-2000-W_G1935AR-00-1.jpg","datePublished":"2025-04-05T11:31:12+00:00","dateModified":"2026-04-08T13:06:54+00:00","breadcrumb":{"@id":"https:\/\/soymat.com\/producto\/pistola-de-calor-2000-w-gamma\/#breadcrumb"},"inLanguage":"es-AR","potentialAction":[{"@type":"ReadAction","target":["https:\/\/soymat.com\/producto\/pistola-de-calor-2000-w-gamma\/"]}]},{"@type":"ImageObject","inLanguage":"es-AR","@id":"https:\/\/soymat.com\/producto\/pistola-de-calor-2000-w-gamma\/#primaryimage","url":"https:\/\/soymat.com\/wp-content\/uploads\/2025\/04\/Pistola-de-calor-2000-W_G1935AR-00-1.jpg","contentUrl":"https:\/\/soymat.com\/wp-content\/uploads\/2025\/04\/Pistola-de-calor-2000-W_G1935AR-00-1.jpg","width":1024,"height":1024},{"@type":"BreadcrumbList","@id":"https:\/\/soymat.com\/producto\/pistola-de-calor-2000-w-gamma\/#breadcrumb","itemListElement":[{"@type":"ListItem","position":1,"name":"Portada","item":"https:\/\/soymat.com\/"},{"@type":"ListItem","position":2,"name":"Todos los Productos","item":"https:\/\/soymat.com\/shop\/"},{"@type":"ListItem","position":3,"name":"Pistola de calor 2000 W &#8211; Gamma"}]},{"@type":"WebSite","@id":"https:\/\/soymat.com\/#website","url":"https:\/\/soymat.com\/","name":"So&Mat","description":"Empresa Dedicada a la protecci\u00f3n global contra incendio . matafuegos redes bombas,venta instalaci\u00f3n y service, protecci\u00f3n y confort laboral en todo concepto.","publisher":{"@id":"https:\/\/soymat.com\/#organization"},"alternateName":"So&Mat","potentialAction":[{"@type":"SearchAction","target":{"@type":"EntryPoint","urlTemplate":"https:\/\/soymat.com\/?s={search_term_string}"},"query-input":{"@type":"PropertyValueSpecification","valueRequired":true,"valueName":"search_term_string"}}],"inLanguage":"es-AR"},{"@type":"Organization","@id":"https:\/\/soymat.com\/#organization","name":"So&Mat","url":"https:\/\/soymat.com\/","logo":{"@type":"ImageObject","inLanguage":"es-AR","@id":"https:\/\/soymat.com\/#\/schema\/logo\/image\/","url":"https:\/\/soymat.com\/wp-content\/uploads\/2024\/08\/SoyMat.jpg","contentUrl":"https:\/\/soymat.com\/wp-content\/uploads\/2024\/08\/SoyMat.jpg","width":600,"height":236,"caption":"So&Mat"},"image":{"@id":"https:\/\/soymat.com\/#\/schema\/logo\/image\/"}}]}},"_links":{"self":[{"href":"https:\/\/soymat.com\/es\/wp-json\/wp\/v2\/product\/22451","targetHints":{"allow":["GET"]}}],"collection":[{"href":"https:\/\/soymat.com\/es\/wp-json\/wp\/v2\/product"}],"about":[{"href":"https:\/\/soymat.com\/es\/wp-json\/wp\/v2\/types\/product"}],"wp:featuredmedia":[{"embeddable":true,"href":"https:\/\/soymat.com\/es\/wp-json\/wp\/v2\/media\/22452"}],"wp:attachment":[{"href":"https:\/\/soymat.com\/es\/wp-json\/wp\/v2\/media?parent=22451"}],"wp:term":[{"taxonomy":"product_cat","embeddable":true,"href":"https:\/\/soymat.com\/es\/wp-json\/wp\/v2\/product_cat?post=22451"},{"taxonomy":"product_tag","embeddable":true,"href":"https:\/\/soymat.com\/es\/wp-json\/wp\/v2\/product_tag?post=22451"}],"curies":[{"name":"wp","href":"https:\/\/api.w.org\/{rel}","templated":true}]}}