{"id":22508,"date":"2025-05-06T20:31:12","date_gmt":"2025-05-06T23:31:12","guid":{"rendered":"https:\/\/soymat.com\/?post_type=product&#038;p=22508"},"modified":"2025-11-05T07:09:39","modified_gmt":"2025-11-05T10:09:39","slug":"atornillador-de-impacto-iron-18v-lusqtoff","status":"publish","type":"product","link":"https:\/\/soymat.com\/es\/producto\/atornillador-de-impacto-iron-18v-lusqtoff\/","title":{"rendered":"Atornillador de Impacto Iron 18V &#8211; Lusqtoff"},"content":{"rendered":"<p><strong>ATORNILLADOR DE IMPACTO IRON 18V C\/BATERIA 2AH C\/MALETIN<\/strong><br \/>\nCod. LIL260-9BK<\/p>\n<p><strong>Ficha t\u00e9cnica<\/strong><br \/>\n\u2022 Tensi\u00f3n: 18 V.<br \/>\n\u2022 Amper bater\u00eda: 2 Ah.<br \/>\n\u2022 Encastre: 1\/4&#8243; (hexagonal).<br \/>\n\u2022 Torque m\u00e1x.: 260 Nm.<br \/>\n\u2022 Cantidad de velocidades: 3.<br \/>\n\u2022 Velocidad: Ro 0-2400\/min.<br \/>\n\u2022 Impactos: 0-2500 GPM.<br \/>\n\u2022 Peso: 4 kg.<br \/>\n\u2022 Luz led de alta iluminaci\u00f3n.<br \/>\n\u2022 Clip para colgar.<br \/>\n\u2022 Freno auto-stop en reversa.<br \/>\n\u2022 Tecnolog\u00eda Brushless.<br \/>\n\u2022 3 a\u00f1os de garant\u00eda.<\/p>\n<p><strong>INCLUYE<\/strong><br \/>\n\u2022 Punta phillips<br \/>\n\u2022 Punta combinada phillips y plana<br \/>\n\u2022 2 bater\u00edas de 2 Ah.<br \/>\n\u2022 Cargador<br \/>\n\u2022 Malet\u00edn de traslado<\/p>\n<p>&nbsp;<\/p>","protected":false},"excerpt":{"rendered":"<p>ATORNILLADOR DE IMPACTO IRON 18V C\/BATERIA 2AH C\/MALETIN Cod. LIL260-9BK Ficha t\u00e9cnica \u2022 Tensi\u00f3n: 18 V. \u2022 Amper bater\u00eda: 2 Ah. \u2022 Encastre: 1\/4&#8243; (hexagonal). \u2022 Torque m\u00e1x.: 260 Nm. \u2022 Cantidad de velocidades: 3. \u2022 Velocidad: Ro 0-2400\/min. \u2022 Impactos: 0-2500 GPM. \u2022 Peso: 4 kg. \u2022 Luz led de alta iluminaci\u00f3n. \u2022 Clip [&hellip;]<\/p>\n","protected":false},"featured_media":22565,"template":"","meta":[],"product_cat":[191],"product_tag":[486,485,302,303,482,196,348],"class_list":{"0":"post-22508","1":"product","2":"type-product","3":"status-publish","4":"has-post-thumbnail","6":"product_brand-lusqtoff-maquinas-y-herramientas-electricas-manuales","7":"product_cat-maquinas-y-herramientas","8":"product_tag-atornillador-de-impacto","9":"product_tag-auxilio","10":"product_tag-gomeria","11":"product_tag-lubricentro","12":"product_tag-lusqtoff","13":"product_tag-taller","14":"product_tag-taller-automotor","16":"first","17":"instock","18":"taxable","19":"shipping-taxable","20":"purchasable","21":"product-type-simple","22":"add-to-wishlist-after_add_to_cart"},"yoast_head":"<!-- This site is optimized with the Yoast SEO Premium plugin v26.9 (Yoast SEO v26.9) - https:\/\/yoast.com\/product\/yoast-seo-premium-wordpress\/ -->\n<title>Atornillador de Impacto Iron 18V - Lusqtoff - SoyMat \u2013 Seguridad Industrial<\/title>\n<meta name=\"robots\" content=\"index, follow, max-snippet:-1, max-image-preview:large, max-video-preview:-1\" \/>\n<link rel=\"canonical\" href=\"https:\/\/soymat.com\/es\/producto\/atornillador-de-impacto-iron-18v-lusqtoff\/\" \/>\n<meta property=\"og:locale\" content=\"es_ES\" \/>\n<meta property=\"og:type\" content=\"article\" \/>\n<meta property=\"og:title\" content=\"Atornillador de Impacto Iron 18V - Lusqtoff\" \/>\n<meta property=\"og:description\" content=\"ATORNILLADOR DE IMPACTO IRON 18V C\/BATERIA 2AH C\/MALETIN Cod. LIL260-9BK Ficha t\u00e9cnica \u2022 Tensi\u00f3n: 18 V. \u2022 Amper bater\u00eda: 2 Ah. \u2022 Encastre: 1\/4&#8243; (hexagonal). \u2022 Torque m\u00e1x.: 260 Nm. \u2022 Cantidad de velocidades: 3. \u2022 Velocidad: Ro 0-2400\/min. \u2022 Impactos: 0-2500 GPM. \u2022 Peso: 4 kg. \u2022 Luz led de alta iluminaci\u00f3n. \u2022 Clip [&hellip;]\" \/>\n<meta property=\"og:url\" content=\"https:\/\/soymat.com\/es\/producto\/atornillador-de-impacto-iron-18v-lusqtoff\/\" \/>\n<meta property=\"og:site_name\" content=\"SoyMat \u2013 Seguridad Industrial\" \/>\n<meta property=\"article:modified_time\" content=\"2025-11-05T10:09:39+00:00\" \/>\n<meta property=\"og:image\" content=\"https:\/\/soymat.com\/wp-content\/uploads\/2025\/05\/LIL260-9BK_2.jpg\" \/>\n\t<meta property=\"og:image:width\" content=\"1000\" \/>\n\t<meta property=\"og:image:height\" content=\"1000\" \/>\n\t<meta property=\"og:image:type\" content=\"image\/jpeg\" \/>\n<meta name=\"twitter:card\" content=\"summary_large_image\" \/>\n<meta name=\"twitter:label1\" content=\"Tiempo de lectura\" \/>\n\t<meta name=\"twitter:data1\" content=\"1 minuto\" \/>\n<script type=\"application\/ld+json\" class=\"yoast-schema-graph\">{\"@context\":\"https:\/\/schema.org\",\"@graph\":[{\"@type\":\"WebPage\",\"@id\":\"https:\/\/soymat.com\/producto\/atornillador-de-impacto-iron-18v-lusqtoff\/\",\"url\":\"https:\/\/soymat.com\/producto\/atornillador-de-impacto-iron-18v-lusqtoff\/\",\"name\":\"Atornillador de Impacto Iron 18V - Lusqtoff - SoyMat \u2013 Seguridad Industrial\",\"isPartOf\":{\"@id\":\"https:\/\/soymat.com\/#website\"},\"primaryImageOfPage\":{\"@id\":\"https:\/\/soymat.com\/producto\/atornillador-de-impacto-iron-18v-lusqtoff\/#primaryimage\"},\"image\":{\"@id\":\"https:\/\/soymat.com\/producto\/atornillador-de-impacto-iron-18v-lusqtoff\/#primaryimage\"},\"thumbnailUrl\":\"https:\/\/soymat.com\/wp-content\/uploads\/2025\/05\/LIL260-9BK_2.jpg\",\"datePublished\":\"2025-05-06T23:31:12+00:00\",\"dateModified\":\"2025-11-05T10:09:39+00:00\",\"breadcrumb\":{\"@id\":\"https:\/\/soymat.com\/producto\/atornillador-de-impacto-iron-18v-lusqtoff\/#breadcrumb\"},\"inLanguage\":\"es-AR\",\"potentialAction\":[{\"@type\":\"ReadAction\",\"target\":[\"https:\/\/soymat.com\/producto\/atornillador-de-impacto-iron-18v-lusqtoff\/\"]}]},{\"@type\":\"ImageObject\",\"inLanguage\":\"es-AR\",\"@id\":\"https:\/\/soymat.com\/producto\/atornillador-de-impacto-iron-18v-lusqtoff\/#primaryimage\",\"url\":\"https:\/\/soymat.com\/wp-content\/uploads\/2025\/05\/LIL260-9BK_2.jpg\",\"contentUrl\":\"https:\/\/soymat.com\/wp-content\/uploads\/2025\/05\/LIL260-9BK_2.jpg\",\"width\":1000,\"height\":1000},{\"@type\":\"BreadcrumbList\",\"@id\":\"https:\/\/soymat.com\/producto\/atornillador-de-impacto-iron-18v-lusqtoff\/#breadcrumb\",\"itemListElement\":[{\"@type\":\"ListItem\",\"position\":1,\"name\":\"Portada\",\"item\":\"https:\/\/soymat.com\/\"},{\"@type\":\"ListItem\",\"position\":2,\"name\":\"Todos los Productos\",\"item\":\"https:\/\/soymat.com\/shop\/\"},{\"@type\":\"ListItem\",\"position\":3,\"name\":\"Atornillador de Impacto Iron 18V &#8211; Lusqtoff\"}]},{\"@type\":\"WebSite\",\"@id\":\"https:\/\/soymat.com\/#website\",\"url\":\"https:\/\/soymat.com\/\",\"name\":\"So&Mat\",\"description\":\"Empresa Dedicada a la protecci\u00f3n global contra incendio . matafuegos redes bombas,venta instalaci\u00f3n y service, protecci\u00f3n y confort laboral en todo concepto.\",\"publisher\":{\"@id\":\"https:\/\/soymat.com\/#organization\"},\"alternateName\":\"So&Mat\",\"potentialAction\":[{\"@type\":\"SearchAction\",\"target\":{\"@type\":\"EntryPoint\",\"urlTemplate\":\"https:\/\/soymat.com\/?s={search_term_string}\"},\"query-input\":{\"@type\":\"PropertyValueSpecification\",\"valueRequired\":true,\"valueName\":\"search_term_string\"}}],\"inLanguage\":\"es-AR\"},{\"@type\":\"Organization\",\"@id\":\"https:\/\/soymat.com\/#organization\",\"name\":\"So&Mat\",\"url\":\"https:\/\/soymat.com\/\",\"logo\":{\"@type\":\"ImageObject\",\"inLanguage\":\"es-AR\",\"@id\":\"https:\/\/soymat.com\/#\/schema\/logo\/image\/\",\"url\":\"https:\/\/soymat.com\/wp-content\/uploads\/2024\/08\/SoyMat.jpg\",\"contentUrl\":\"https:\/\/soymat.com\/wp-content\/uploads\/2024\/08\/SoyMat.jpg\",\"width\":600,\"height\":236,\"caption\":\"So&Mat\"},\"image\":{\"@id\":\"https:\/\/soymat.com\/#\/schema\/logo\/image\/\"}}]}<\/script>\n<!-- \/ Yoast SEO Premium plugin. -->","yoast_head_json":{"title":"Atornillador de Impacto Iron 18V - Lusqtoff - SoyMat \u2013 Seguridad Industrial","robots":{"index":"index","follow":"follow","max-snippet":"max-snippet:-1","max-image-preview":"max-image-preview:large","max-video-preview":"max-video-preview:-1"},"canonical":"https:\/\/soymat.com\/es\/producto\/atornillador-de-impacto-iron-18v-lusqtoff\/","og_locale":"es_ES","og_type":"article","og_title":"Atornillador de Impacto Iron 18V - Lusqtoff","og_description":"ATORNILLADOR DE IMPACTO IRON 18V C\/BATERIA 2AH C\/MALETIN Cod. LIL260-9BK Ficha t\u00e9cnica \u2022 Tensi\u00f3n: 18 V. \u2022 Amper bater\u00eda: 2 Ah. \u2022 Encastre: 1\/4&#8243; (hexagonal). \u2022 Torque m\u00e1x.: 260 Nm. \u2022 Cantidad de velocidades: 3. \u2022 Velocidad: Ro 0-2400\/min. \u2022 Impactos: 0-2500 GPM. \u2022 Peso: 4 kg. \u2022 Luz led de alta iluminaci\u00f3n. \u2022 Clip [&hellip;]","og_url":"https:\/\/soymat.com\/es\/producto\/atornillador-de-impacto-iron-18v-lusqtoff\/","og_site_name":"SoyMat \u2013 Seguridad Industrial","article_modified_time":"2025-11-05T10:09:39+00:00","og_image":[{"width":1000,"height":1000,"url":"https:\/\/soymat.com\/wp-content\/uploads\/2025\/05\/LIL260-9BK_2.jpg","type":"image\/jpeg"}],"twitter_card":"summary_large_image","twitter_misc":{"Tiempo de lectura":"1 minuto"},"schema":{"@context":"https:\/\/schema.org","@graph":[{"@type":"WebPage","@id":"https:\/\/soymat.com\/producto\/atornillador-de-impacto-iron-18v-lusqtoff\/","url":"https:\/\/soymat.com\/producto\/atornillador-de-impacto-iron-18v-lusqtoff\/","name":"Atornillador de Impacto Iron 18V - Lusqtoff - SoyMat \u2013 Seguridad Industrial","isPartOf":{"@id":"https:\/\/soymat.com\/#website"},"primaryImageOfPage":{"@id":"https:\/\/soymat.com\/producto\/atornillador-de-impacto-iron-18v-lusqtoff\/#primaryimage"},"image":{"@id":"https:\/\/soymat.com\/producto\/atornillador-de-impacto-iron-18v-lusqtoff\/#primaryimage"},"thumbnailUrl":"https:\/\/soymat.com\/wp-content\/uploads\/2025\/05\/LIL260-9BK_2.jpg","datePublished":"2025-05-06T23:31:12+00:00","dateModified":"2025-11-05T10:09:39+00:00","breadcrumb":{"@id":"https:\/\/soymat.com\/producto\/atornillador-de-impacto-iron-18v-lusqtoff\/#breadcrumb"},"inLanguage":"es-AR","potentialAction":[{"@type":"ReadAction","target":["https:\/\/soymat.com\/producto\/atornillador-de-impacto-iron-18v-lusqtoff\/"]}]},{"@type":"ImageObject","inLanguage":"es-AR","@id":"https:\/\/soymat.com\/producto\/atornillador-de-impacto-iron-18v-lusqtoff\/#primaryimage","url":"https:\/\/soymat.com\/wp-content\/uploads\/2025\/05\/LIL260-9BK_2.jpg","contentUrl":"https:\/\/soymat.com\/wp-content\/uploads\/2025\/05\/LIL260-9BK_2.jpg","width":1000,"height":1000},{"@type":"BreadcrumbList","@id":"https:\/\/soymat.com\/producto\/atornillador-de-impacto-iron-18v-lusqtoff\/#breadcrumb","itemListElement":[{"@type":"ListItem","position":1,"name":"Portada","item":"https:\/\/soymat.com\/"},{"@type":"ListItem","position":2,"name":"Todos los Productos","item":"https:\/\/soymat.com\/shop\/"},{"@type":"ListItem","position":3,"name":"Atornillador de Impacto Iron 18V &#8211; Lusqtoff"}]},{"@type":"WebSite","@id":"https:\/\/soymat.com\/#website","url":"https:\/\/soymat.com\/","name":"So&Mat","description":"Empresa Dedicada a la protecci\u00f3n global contra incendio . matafuegos redes bombas,venta instalaci\u00f3n y service, protecci\u00f3n y confort laboral en todo concepto.","publisher":{"@id":"https:\/\/soymat.com\/#organization"},"alternateName":"So&Mat","potentialAction":[{"@type":"SearchAction","target":{"@type":"EntryPoint","urlTemplate":"https:\/\/soymat.com\/?s={search_term_string}"},"query-input":{"@type":"PropertyValueSpecification","valueRequired":true,"valueName":"search_term_string"}}],"inLanguage":"es-AR"},{"@type":"Organization","@id":"https:\/\/soymat.com\/#organization","name":"So&Mat","url":"https:\/\/soymat.com\/","logo":{"@type":"ImageObject","inLanguage":"es-AR","@id":"https:\/\/soymat.com\/#\/schema\/logo\/image\/","url":"https:\/\/soymat.com\/wp-content\/uploads\/2024\/08\/SoyMat.jpg","contentUrl":"https:\/\/soymat.com\/wp-content\/uploads\/2024\/08\/SoyMat.jpg","width":600,"height":236,"caption":"So&Mat"},"image":{"@id":"https:\/\/soymat.com\/#\/schema\/logo\/image\/"}}]}},"_links":{"self":[{"href":"https:\/\/soymat.com\/es\/wp-json\/wp\/v2\/product\/22508","targetHints":{"allow":["GET"]}}],"collection":[{"href":"https:\/\/soymat.com\/es\/wp-json\/wp\/v2\/product"}],"about":[{"href":"https:\/\/soymat.com\/es\/wp-json\/wp\/v2\/types\/product"}],"wp:featuredmedia":[{"embeddable":true,"href":"https:\/\/soymat.com\/es\/wp-json\/wp\/v2\/media\/22565"}],"wp:attachment":[{"href":"https:\/\/soymat.com\/es\/wp-json\/wp\/v2\/media?parent=22508"}],"wp:term":[{"taxonomy":"product_cat","embeddable":true,"href":"https:\/\/soymat.com\/es\/wp-json\/wp\/v2\/product_cat?post=22508"},{"taxonomy":"product_tag","embeddable":true,"href":"https:\/\/soymat.com\/es\/wp-json\/wp\/v2\/product_tag?post=22508"}],"curies":[{"name":"wp","href":"https:\/\/api.w.org\/{rel}","templated":true}]}}