{"id":22509,"date":"2025-05-06T20:28:10","date_gmt":"2025-05-06T23:28:10","guid":{"rendered":"https:\/\/soymat.com\/?post_type=product&#038;p=22509"},"modified":"2025-11-05T07:09:41","modified_gmt":"2025-11-05T10:09:41","slug":"cargador-y-arrancador-a-bateria-lusqtoff","status":"publish","type":"product","link":"https:\/\/soymat.com\/es\/producto\/cargador-y-arrancador-a-bateria-lusqtoff\/","title":{"rendered":"Cargador y Arrancador a Bater\u00eda &#8211; Lusqtoff"},"content":{"rendered":"<p><strong>Cargador y Arrancador a Bater\u00eda &#8211; Lusqtoff<\/strong><br \/>\nCod. PQ-500<\/p>\n<p><strong>Caracteristicas<\/strong><br \/>\nPara cargar celulares, c\u00e1maras, GPS, MP3, auriculares inal\u00e1mbricos,<br \/>\nsistemas de gaming port\u00e1tiles, notebooks, arranca autos y camionetas<br \/>\nSe puede conectar a veh\u00edculos.<br \/>\nEnciende autos, utilitarios, motos y cuatriciclos.<br \/>\nProtecci\u00f3n de sobrecarga, de polarizaci\u00f3n inversa, de descarga, de temperatura y de cortocircuito.<br \/>\nReserva de bater\u00eda.<\/p>\n<p><strong>Ficha t\u00e9cnica<\/strong><br \/>\n\u2022 Multifunci\u00f3n<br \/>\n\u2022 Tensi\u00f3n: 220 V ~ 50 Hz<br \/>\n\u2022 Voltaje: 15 v \u2013 1 A<br \/>\n\u2022 Salida: 5 v \u2013 2 A \/ 12 v -2 A \/19 v &#8211; 3,5 A<br \/>\n\u2022 Capacidad de carga: 15000 m\/a<br \/>\n\u2022 Corriente: 300 A<br \/>\n\u2022 Color: negro y naranja<br \/>\n\u2022 Peso: 1,4 Kgs.<\/p>\n<p><strong>INCLUYE<\/strong>:<br \/>\n&#8211; Conector de bater\u00eda 12 V<br \/>\n&#8211; Pinzas para bater\u00eda 12 V<br \/>\n&#8211; Adaptador USB 4 en 1<br \/>\n&#8211; Cargador 220 V<br \/>\n&#8211; Adaptador multiusos<br \/>\n&#8211; Luz LED<br \/>\n&#8211; Cargador para laptop 19 V<\/p>","protected":false},"excerpt":{"rendered":"<p>Cargador y Arrancador a Bater\u00eda &#8211; Lusqtoff Cod. PQ-500 Caracteristicas Para cargar celulares, c\u00e1maras, GPS, MP3, auriculares inal\u00e1mbricos, sistemas de gaming port\u00e1tiles, notebooks, arranca autos y camionetas Se puede conectar a veh\u00edculos. Enciende autos, utilitarios, motos y cuatriciclos. Protecci\u00f3n de sobrecarga, de polarizaci\u00f3n inversa, de descarga, de temperatura y de cortocircuito. Reserva de bater\u00eda. Ficha [&hellip;]<\/p>\n","protected":false},"featured_media":22562,"template":"","meta":[],"product_cat":[191],"product_tag":[485,488,487,196,307,489],"class_list":{"0":"post-22509","1":"product","2":"type-product","3":"status-publish","4":"has-post-thumbnail","6":"product_brand-lusqtoff-maquinas-y-herramientas-electricas-manuales","7":"product_cat-maquinas-y-herramientas","8":"product_tag-auxilio","9":"product_tag-camping","10":"product_tag-cargador-y-arrancador-de-bateria","11":"product_tag-taller","12":"product_tag-taller-mecanico","13":"product_tag-viajeros","15":"first","16":"instock","17":"taxable","18":"shipping-taxable","19":"purchasable","20":"product-type-simple","21":"add-to-wishlist-after_add_to_cart"},"yoast_head":"<!-- This site is optimized with the Yoast SEO Premium plugin v26.9 (Yoast SEO v26.9) - https:\/\/yoast.com\/product\/yoast-seo-premium-wordpress\/ -->\n<title>Cargador y Arrancador a Bater\u00eda - Lusqtoff - SoyMat \u2013 Seguridad Industrial<\/title>\n<meta name=\"robots\" content=\"index, follow, max-snippet:-1, max-image-preview:large, max-video-preview:-1\" \/>\n<link rel=\"canonical\" href=\"https:\/\/soymat.com\/es\/producto\/cargador-y-arrancador-a-bateria-lusqtoff\/\" \/>\n<meta property=\"og:locale\" content=\"es_ES\" \/>\n<meta property=\"og:type\" content=\"article\" \/>\n<meta property=\"og:title\" content=\"Cargador y Arrancador a Bater\u00eda - Lusqtoff\" \/>\n<meta property=\"og:description\" content=\"Cargador y Arrancador a Bater\u00eda &#8211; Lusqtoff Cod. PQ-500 Caracteristicas Para cargar celulares, c\u00e1maras, GPS, MP3, auriculares inal\u00e1mbricos, sistemas de gaming port\u00e1tiles, notebooks, arranca autos y camionetas Se puede conectar a veh\u00edculos. Enciende autos, utilitarios, motos y cuatriciclos. Protecci\u00f3n de sobrecarga, de polarizaci\u00f3n inversa, de descarga, de temperatura y de cortocircuito. Reserva de bater\u00eda. Ficha [&hellip;]\" \/>\n<meta property=\"og:url\" content=\"https:\/\/soymat.com\/es\/producto\/cargador-y-arrancador-a-bateria-lusqtoff\/\" \/>\n<meta property=\"og:site_name\" content=\"SoyMat \u2013 Seguridad Industrial\" \/>\n<meta property=\"article:modified_time\" content=\"2025-11-05T10:09:41+00:00\" \/>\n<meta property=\"og:image\" content=\"https:\/\/soymat.com\/wp-content\/uploads\/2025\/05\/PQ-500_baja_01.jpg\" \/>\n\t<meta property=\"og:image:width\" content=\"2000\" \/>\n\t<meta property=\"og:image:height\" content=\"2000\" \/>\n\t<meta property=\"og:image:type\" content=\"image\/jpeg\" \/>\n<meta name=\"twitter:card\" content=\"summary_large_image\" \/>\n<meta name=\"twitter:label1\" content=\"Tiempo de lectura\" \/>\n\t<meta name=\"twitter:data1\" content=\"1 minuto\" \/>\n<script type=\"application\/ld+json\" class=\"yoast-schema-graph\">{\"@context\":\"https:\/\/schema.org\",\"@graph\":[{\"@type\":\"WebPage\",\"@id\":\"https:\/\/soymat.com\/producto\/cargador-y-arrancador-a-bateria-lusqtoff\/\",\"url\":\"https:\/\/soymat.com\/producto\/cargador-y-arrancador-a-bateria-lusqtoff\/\",\"name\":\"Cargador y Arrancador a Bater\u00eda - Lusqtoff - SoyMat \u2013 Seguridad Industrial\",\"isPartOf\":{\"@id\":\"https:\/\/soymat.com\/#website\"},\"primaryImageOfPage\":{\"@id\":\"https:\/\/soymat.com\/producto\/cargador-y-arrancador-a-bateria-lusqtoff\/#primaryimage\"},\"image\":{\"@id\":\"https:\/\/soymat.com\/producto\/cargador-y-arrancador-a-bateria-lusqtoff\/#primaryimage\"},\"thumbnailUrl\":\"https:\/\/soymat.com\/wp-content\/uploads\/2025\/05\/PQ-500_baja_01.jpg\",\"datePublished\":\"2025-05-06T23:28:10+00:00\",\"dateModified\":\"2025-11-05T10:09:41+00:00\",\"breadcrumb\":{\"@id\":\"https:\/\/soymat.com\/producto\/cargador-y-arrancador-a-bateria-lusqtoff\/#breadcrumb\"},\"inLanguage\":\"es-AR\",\"potentialAction\":[{\"@type\":\"ReadAction\",\"target\":[\"https:\/\/soymat.com\/producto\/cargador-y-arrancador-a-bateria-lusqtoff\/\"]}]},{\"@type\":\"ImageObject\",\"inLanguage\":\"es-AR\",\"@id\":\"https:\/\/soymat.com\/producto\/cargador-y-arrancador-a-bateria-lusqtoff\/#primaryimage\",\"url\":\"https:\/\/soymat.com\/wp-content\/uploads\/2025\/05\/PQ-500_baja_01.jpg\",\"contentUrl\":\"https:\/\/soymat.com\/wp-content\/uploads\/2025\/05\/PQ-500_baja_01.jpg\",\"width\":2000,\"height\":2000},{\"@type\":\"BreadcrumbList\",\"@id\":\"https:\/\/soymat.com\/producto\/cargador-y-arrancador-a-bateria-lusqtoff\/#breadcrumb\",\"itemListElement\":[{\"@type\":\"ListItem\",\"position\":1,\"name\":\"Portada\",\"item\":\"https:\/\/soymat.com\/\"},{\"@type\":\"ListItem\",\"position\":2,\"name\":\"Todos los Productos\",\"item\":\"https:\/\/soymat.com\/shop\/\"},{\"@type\":\"ListItem\",\"position\":3,\"name\":\"Cargador y Arrancador a Bater\u00eda &#8211; Lusqtoff\"}]},{\"@type\":\"WebSite\",\"@id\":\"https:\/\/soymat.com\/#website\",\"url\":\"https:\/\/soymat.com\/\",\"name\":\"So&Mat\",\"description\":\"Empresa Dedicada a la protecci\u00f3n global contra incendio . matafuegos redes bombas,venta instalaci\u00f3n y service, protecci\u00f3n y confort laboral en todo concepto.\",\"publisher\":{\"@id\":\"https:\/\/soymat.com\/#organization\"},\"alternateName\":\"So&Mat\",\"potentialAction\":[{\"@type\":\"SearchAction\",\"target\":{\"@type\":\"EntryPoint\",\"urlTemplate\":\"https:\/\/soymat.com\/?s={search_term_string}\"},\"query-input\":{\"@type\":\"PropertyValueSpecification\",\"valueRequired\":true,\"valueName\":\"search_term_string\"}}],\"inLanguage\":\"es-AR\"},{\"@type\":\"Organization\",\"@id\":\"https:\/\/soymat.com\/#organization\",\"name\":\"So&Mat\",\"url\":\"https:\/\/soymat.com\/\",\"logo\":{\"@type\":\"ImageObject\",\"inLanguage\":\"es-AR\",\"@id\":\"https:\/\/soymat.com\/#\/schema\/logo\/image\/\",\"url\":\"https:\/\/soymat.com\/wp-content\/uploads\/2024\/08\/SoyMat.jpg\",\"contentUrl\":\"https:\/\/soymat.com\/wp-content\/uploads\/2024\/08\/SoyMat.jpg\",\"width\":600,\"height\":236,\"caption\":\"So&Mat\"},\"image\":{\"@id\":\"https:\/\/soymat.com\/#\/schema\/logo\/image\/\"}}]}<\/script>\n<!-- \/ Yoast SEO Premium plugin. -->","yoast_head_json":{"title":"Cargador y Arrancador a Bater\u00eda - Lusqtoff - SoyMat \u2013 Seguridad Industrial","robots":{"index":"index","follow":"follow","max-snippet":"max-snippet:-1","max-image-preview":"max-image-preview:large","max-video-preview":"max-video-preview:-1"},"canonical":"https:\/\/soymat.com\/es\/producto\/cargador-y-arrancador-a-bateria-lusqtoff\/","og_locale":"es_ES","og_type":"article","og_title":"Cargador y Arrancador a Bater\u00eda - Lusqtoff","og_description":"Cargador y Arrancador a Bater\u00eda &#8211; Lusqtoff Cod. PQ-500 Caracteristicas Para cargar celulares, c\u00e1maras, GPS, MP3, auriculares inal\u00e1mbricos, sistemas de gaming port\u00e1tiles, notebooks, arranca autos y camionetas Se puede conectar a veh\u00edculos. Enciende autos, utilitarios, motos y cuatriciclos. Protecci\u00f3n de sobrecarga, de polarizaci\u00f3n inversa, de descarga, de temperatura y de cortocircuito. Reserva de bater\u00eda. Ficha [&hellip;]","og_url":"https:\/\/soymat.com\/es\/producto\/cargador-y-arrancador-a-bateria-lusqtoff\/","og_site_name":"SoyMat \u2013 Seguridad Industrial","article_modified_time":"2025-11-05T10:09:41+00:00","og_image":[{"width":2000,"height":2000,"url":"https:\/\/soymat.com\/wp-content\/uploads\/2025\/05\/PQ-500_baja_01.jpg","type":"image\/jpeg"}],"twitter_card":"summary_large_image","twitter_misc":{"Tiempo de lectura":"1 minuto"},"schema":{"@context":"https:\/\/schema.org","@graph":[{"@type":"WebPage","@id":"https:\/\/soymat.com\/producto\/cargador-y-arrancador-a-bateria-lusqtoff\/","url":"https:\/\/soymat.com\/producto\/cargador-y-arrancador-a-bateria-lusqtoff\/","name":"Cargador y Arrancador a Bater\u00eda - Lusqtoff - SoyMat \u2013 Seguridad Industrial","isPartOf":{"@id":"https:\/\/soymat.com\/#website"},"primaryImageOfPage":{"@id":"https:\/\/soymat.com\/producto\/cargador-y-arrancador-a-bateria-lusqtoff\/#primaryimage"},"image":{"@id":"https:\/\/soymat.com\/producto\/cargador-y-arrancador-a-bateria-lusqtoff\/#primaryimage"},"thumbnailUrl":"https:\/\/soymat.com\/wp-content\/uploads\/2025\/05\/PQ-500_baja_01.jpg","datePublished":"2025-05-06T23:28:10+00:00","dateModified":"2025-11-05T10:09:41+00:00","breadcrumb":{"@id":"https:\/\/soymat.com\/producto\/cargador-y-arrancador-a-bateria-lusqtoff\/#breadcrumb"},"inLanguage":"es-AR","potentialAction":[{"@type":"ReadAction","target":["https:\/\/soymat.com\/producto\/cargador-y-arrancador-a-bateria-lusqtoff\/"]}]},{"@type":"ImageObject","inLanguage":"es-AR","@id":"https:\/\/soymat.com\/producto\/cargador-y-arrancador-a-bateria-lusqtoff\/#primaryimage","url":"https:\/\/soymat.com\/wp-content\/uploads\/2025\/05\/PQ-500_baja_01.jpg","contentUrl":"https:\/\/soymat.com\/wp-content\/uploads\/2025\/05\/PQ-500_baja_01.jpg","width":2000,"height":2000},{"@type":"BreadcrumbList","@id":"https:\/\/soymat.com\/producto\/cargador-y-arrancador-a-bateria-lusqtoff\/#breadcrumb","itemListElement":[{"@type":"ListItem","position":1,"name":"Portada","item":"https:\/\/soymat.com\/"},{"@type":"ListItem","position":2,"name":"Todos los Productos","item":"https:\/\/soymat.com\/shop\/"},{"@type":"ListItem","position":3,"name":"Cargador y Arrancador a Bater\u00eda &#8211; Lusqtoff"}]},{"@type":"WebSite","@id":"https:\/\/soymat.com\/#website","url":"https:\/\/soymat.com\/","name":"So&Mat","description":"Empresa Dedicada a la protecci\u00f3n global contra incendio . matafuegos redes bombas,venta instalaci\u00f3n y service, protecci\u00f3n y confort laboral en todo concepto.","publisher":{"@id":"https:\/\/soymat.com\/#organization"},"alternateName":"So&Mat","potentialAction":[{"@type":"SearchAction","target":{"@type":"EntryPoint","urlTemplate":"https:\/\/soymat.com\/?s={search_term_string}"},"query-input":{"@type":"PropertyValueSpecification","valueRequired":true,"valueName":"search_term_string"}}],"inLanguage":"es-AR"},{"@type":"Organization","@id":"https:\/\/soymat.com\/#organization","name":"So&Mat","url":"https:\/\/soymat.com\/","logo":{"@type":"ImageObject","inLanguage":"es-AR","@id":"https:\/\/soymat.com\/#\/schema\/logo\/image\/","url":"https:\/\/soymat.com\/wp-content\/uploads\/2024\/08\/SoyMat.jpg","contentUrl":"https:\/\/soymat.com\/wp-content\/uploads\/2024\/08\/SoyMat.jpg","width":600,"height":236,"caption":"So&Mat"},"image":{"@id":"https:\/\/soymat.com\/#\/schema\/logo\/image\/"}}]}},"_links":{"self":[{"href":"https:\/\/soymat.com\/es\/wp-json\/wp\/v2\/product\/22509","targetHints":{"allow":["GET"]}}],"collection":[{"href":"https:\/\/soymat.com\/es\/wp-json\/wp\/v2\/product"}],"about":[{"href":"https:\/\/soymat.com\/es\/wp-json\/wp\/v2\/types\/product"}],"wp:featuredmedia":[{"embeddable":true,"href":"https:\/\/soymat.com\/es\/wp-json\/wp\/v2\/media\/22562"}],"wp:attachment":[{"href":"https:\/\/soymat.com\/es\/wp-json\/wp\/v2\/media?parent=22509"}],"wp:term":[{"taxonomy":"product_cat","embeddable":true,"href":"https:\/\/soymat.com\/es\/wp-json\/wp\/v2\/product_cat?post=22509"},{"taxonomy":"product_tag","embeddable":true,"href":"https:\/\/soymat.com\/es\/wp-json\/wp\/v2\/product_tag?post=22509"}],"curies":[{"name":"wp","href":"https:\/\/api.w.org\/{rel}","templated":true}]}}