{"id":22510,"date":"2025-05-06T20:25:39","date_gmt":"2025-05-06T23:25:39","guid":{"rendered":"https:\/\/soymat.com\/?post_type=product&#038;p=22510"},"modified":"2025-11-06T04:05:31","modified_gmt":"2025-11-06T07:05:31","slug":"sierra-sable-1010w-black-lusqtoff","status":"publish","type":"product","link":"https:\/\/soymat.com\/es\/producto\/sierra-sable-1010w-black-lusqtoff\/","title":{"rendered":"Sierra Sable 1010W Black &#8211; Lusqtoff"},"content":{"rendered":"<p><strong>Sierra Sable 1010W Black &#8211; Lusqtoff<\/strong><br \/>\nCod.: SSL1010-9<\/p>\n<p><strong>Ficha t\u00e9cnica<\/strong><br \/>\n\u2022 Potencia: 1010 W<br \/>\n\u2022 Voltaje: 220V~50 Hz<br \/>\n\u2022 Velocidad: No 300-2400 \/min<br \/>\n\u2022 Velocidad variable<br \/>\n\u2022 Longitud de carrera de corte: 28 mm \/\/ 1-7\/64&#8243;<br \/>\n\u2022 Corte m\u00e1x. en madera: 250 mm \/ 10&#8243;<br \/>\n\u2022 Corte m\u00e1x. en acero (perfil \/ tubo): 8 mm \/ 120 mm &#8211; 5\/16&#8243; \/ 4-23\/32&#8243;<br \/>\n\u2022 Encastre de hoja: universal<br \/>\n\u2022 Peso: 4,1 kg.<br \/>\n\u2022 Superficies de corte: madera y acero<br \/>\n\u2022 Bloqueo de seguridad<\/p>\n<p><strong>INCLUYE<\/strong><br \/>\n\u2022 2 hojas de corte<\/p>","protected":false},"excerpt":{"rendered":"<p>Sierra Sable 1010W Black &#8211; Lusqtoff Cod.: SSL1010-9 Ficha t\u00e9cnica \u2022 Potencia: 1010 W \u2022 Voltaje: 220V~50 Hz \u2022 Velocidad: No 300-2400 \/min \u2022 Velocidad variable \u2022 Longitud de carrera de corte: 28 mm \/\/ 1-7\/64&#8243; \u2022 Corte m\u00e1x. en madera: 250 mm \/ 10&#8243; \u2022 Corte m\u00e1x. en acero (perfil \/ tubo): 8 mm [&hellip;]<\/p>\n","protected":false},"featured_media":22557,"template":"","meta":[],"product_cat":[191],"product_tag":[387,209,491,482,490],"class_list":{"0":"post-22510","1":"product","2":"type-product","3":"status-publish","4":"has-post-thumbnail","6":"product_brand-lusqtoff-maquinas-y-herramientas-electricas-manuales","7":"product_cat-maquinas-y-herramientas","8":"product_tag-emprendedor","9":"product_tag-herramientas","10":"product_tag-jardin","11":"product_tag-lusqtoff","12":"product_tag-sierra-sable","14":"first","15":"instock","16":"taxable","17":"shipping-taxable","18":"purchasable","19":"product-type-simple","20":"add-to-wishlist-after_add_to_cart"},"yoast_head":"<!-- This site is optimized with the Yoast SEO Premium plugin v26.9 (Yoast SEO v26.9) - https:\/\/yoast.com\/product\/yoast-seo-premium-wordpress\/ -->\n<title>Sierra Sable 1010W Black - Lusqtoff - SoyMat \u2013 Seguridad Industrial<\/title>\n<meta name=\"robots\" content=\"index, follow, max-snippet:-1, max-image-preview:large, max-video-preview:-1\" \/>\n<link rel=\"canonical\" href=\"https:\/\/soymat.com\/es\/producto\/sierra-sable-1010w-black-lusqtoff\/\" \/>\n<meta property=\"og:locale\" content=\"es_ES\" \/>\n<meta property=\"og:type\" content=\"article\" \/>\n<meta property=\"og:title\" content=\"Sierra Sable 1010W Black - Lusqtoff\" \/>\n<meta property=\"og:description\" content=\"Sierra Sable 1010W Black &#8211; Lusqtoff Cod.: SSL1010-9 Ficha t\u00e9cnica \u2022 Potencia: 1010 W \u2022 Voltaje: 220V~50 Hz \u2022 Velocidad: No 300-2400 \/min \u2022 Velocidad variable \u2022 Longitud de carrera de corte: 28 mm \/\/ 1-7\/64&#8243; \u2022 Corte m\u00e1x. en madera: 250 mm \/ 10&#8243; \u2022 Corte m\u00e1x. en acero (perfil \/ tubo): 8 mm [&hellip;]\" \/>\n<meta property=\"og:url\" content=\"https:\/\/soymat.com\/es\/producto\/sierra-sable-1010w-black-lusqtoff\/\" \/>\n<meta property=\"og:site_name\" content=\"SoyMat \u2013 Seguridad Industrial\" \/>\n<meta property=\"article:modified_time\" content=\"2025-11-06T07:05:31+00:00\" \/>\n<meta property=\"og:image\" content=\"https:\/\/soymat.com\/wp-content\/uploads\/2025\/05\/SSL1010-9_web_3-SIERRA-SABLE-1010-scaled.jpg\" \/>\n\t<meta property=\"og:image:width\" content=\"2560\" \/>\n\t<meta property=\"og:image:height\" content=\"2560\" \/>\n\t<meta property=\"og:image:type\" content=\"image\/jpeg\" \/>\n<meta name=\"twitter:card\" content=\"summary_large_image\" \/>\n<meta name=\"twitter:label1\" content=\"Tiempo de lectura\" \/>\n\t<meta name=\"twitter:data1\" content=\"1 minuto\" \/>\n<script type=\"application\/ld+json\" class=\"yoast-schema-graph\">{\"@context\":\"https:\/\/schema.org\",\"@graph\":[{\"@type\":\"WebPage\",\"@id\":\"https:\/\/soymat.com\/producto\/sierra-sable-1010w-black-lusqtoff\/\",\"url\":\"https:\/\/soymat.com\/producto\/sierra-sable-1010w-black-lusqtoff\/\",\"name\":\"Sierra Sable 1010W Black - Lusqtoff - SoyMat \u2013 Seguridad Industrial\",\"isPartOf\":{\"@id\":\"https:\/\/soymat.com\/#website\"},\"primaryImageOfPage\":{\"@id\":\"https:\/\/soymat.com\/producto\/sierra-sable-1010w-black-lusqtoff\/#primaryimage\"},\"image\":{\"@id\":\"https:\/\/soymat.com\/producto\/sierra-sable-1010w-black-lusqtoff\/#primaryimage\"},\"thumbnailUrl\":\"https:\/\/soymat.com\/wp-content\/uploads\/2025\/05\/SSL1010-9_web_3-SIERRA-SABLE-1010-scaled.jpg\",\"datePublished\":\"2025-05-06T23:25:39+00:00\",\"dateModified\":\"2025-11-06T07:05:31+00:00\",\"breadcrumb\":{\"@id\":\"https:\/\/soymat.com\/producto\/sierra-sable-1010w-black-lusqtoff\/#breadcrumb\"},\"inLanguage\":\"es-AR\",\"potentialAction\":[{\"@type\":\"ReadAction\",\"target\":[\"https:\/\/soymat.com\/producto\/sierra-sable-1010w-black-lusqtoff\/\"]}]},{\"@type\":\"ImageObject\",\"inLanguage\":\"es-AR\",\"@id\":\"https:\/\/soymat.com\/producto\/sierra-sable-1010w-black-lusqtoff\/#primaryimage\",\"url\":\"https:\/\/soymat.com\/wp-content\/uploads\/2025\/05\/SSL1010-9_web_3-SIERRA-SABLE-1010-scaled.jpg\",\"contentUrl\":\"https:\/\/soymat.com\/wp-content\/uploads\/2025\/05\/SSL1010-9_web_3-SIERRA-SABLE-1010-scaled.jpg\",\"width\":2560,\"height\":2560},{\"@type\":\"BreadcrumbList\",\"@id\":\"https:\/\/soymat.com\/producto\/sierra-sable-1010w-black-lusqtoff\/#breadcrumb\",\"itemListElement\":[{\"@type\":\"ListItem\",\"position\":1,\"name\":\"Portada\",\"item\":\"https:\/\/soymat.com\/\"},{\"@type\":\"ListItem\",\"position\":2,\"name\":\"Todos los Productos\",\"item\":\"https:\/\/soymat.com\/shop\/\"},{\"@type\":\"ListItem\",\"position\":3,\"name\":\"Sierra Sable 1010W Black &#8211; Lusqtoff\"}]},{\"@type\":\"WebSite\",\"@id\":\"https:\/\/soymat.com\/#website\",\"url\":\"https:\/\/soymat.com\/\",\"name\":\"So&Mat\",\"description\":\"Empresa Dedicada a la protecci\u00f3n global contra incendio . matafuegos redes bombas,venta instalaci\u00f3n y service, protecci\u00f3n y confort laboral en todo concepto.\",\"publisher\":{\"@id\":\"https:\/\/soymat.com\/#organization\"},\"alternateName\":\"So&Mat\",\"potentialAction\":[{\"@type\":\"SearchAction\",\"target\":{\"@type\":\"EntryPoint\",\"urlTemplate\":\"https:\/\/soymat.com\/?s={search_term_string}\"},\"query-input\":{\"@type\":\"PropertyValueSpecification\",\"valueRequired\":true,\"valueName\":\"search_term_string\"}}],\"inLanguage\":\"es-AR\"},{\"@type\":\"Organization\",\"@id\":\"https:\/\/soymat.com\/#organization\",\"name\":\"So&Mat\",\"url\":\"https:\/\/soymat.com\/\",\"logo\":{\"@type\":\"ImageObject\",\"inLanguage\":\"es-AR\",\"@id\":\"https:\/\/soymat.com\/#\/schema\/logo\/image\/\",\"url\":\"https:\/\/soymat.com\/wp-content\/uploads\/2024\/08\/SoyMat.jpg\",\"contentUrl\":\"https:\/\/soymat.com\/wp-content\/uploads\/2024\/08\/SoyMat.jpg\",\"width\":600,\"height\":236,\"caption\":\"So&Mat\"},\"image\":{\"@id\":\"https:\/\/soymat.com\/#\/schema\/logo\/image\/\"}}]}<\/script>\n<!-- \/ Yoast SEO Premium plugin. -->","yoast_head_json":{"title":"Sierra Sable 1010W Black - Lusqtoff - SoyMat \u2013 Seguridad Industrial","robots":{"index":"index","follow":"follow","max-snippet":"max-snippet:-1","max-image-preview":"max-image-preview:large","max-video-preview":"max-video-preview:-1"},"canonical":"https:\/\/soymat.com\/es\/producto\/sierra-sable-1010w-black-lusqtoff\/","og_locale":"es_ES","og_type":"article","og_title":"Sierra Sable 1010W Black - Lusqtoff","og_description":"Sierra Sable 1010W Black &#8211; Lusqtoff Cod.: SSL1010-9 Ficha t\u00e9cnica \u2022 Potencia: 1010 W \u2022 Voltaje: 220V~50 Hz \u2022 Velocidad: No 300-2400 \/min \u2022 Velocidad variable \u2022 Longitud de carrera de corte: 28 mm \/\/ 1-7\/64&#8243; \u2022 Corte m\u00e1x. en madera: 250 mm \/ 10&#8243; \u2022 Corte m\u00e1x. en acero (perfil \/ tubo): 8 mm [&hellip;]","og_url":"https:\/\/soymat.com\/es\/producto\/sierra-sable-1010w-black-lusqtoff\/","og_site_name":"SoyMat \u2013 Seguridad Industrial","article_modified_time":"2025-11-06T07:05:31+00:00","og_image":[{"width":2560,"height":2560,"url":"https:\/\/soymat.com\/wp-content\/uploads\/2025\/05\/SSL1010-9_web_3-SIERRA-SABLE-1010-scaled.jpg","type":"image\/jpeg"}],"twitter_card":"summary_large_image","twitter_misc":{"Tiempo de lectura":"1 minuto"},"schema":{"@context":"https:\/\/schema.org","@graph":[{"@type":"WebPage","@id":"https:\/\/soymat.com\/producto\/sierra-sable-1010w-black-lusqtoff\/","url":"https:\/\/soymat.com\/producto\/sierra-sable-1010w-black-lusqtoff\/","name":"Sierra Sable 1010W Black - Lusqtoff - SoyMat \u2013 Seguridad Industrial","isPartOf":{"@id":"https:\/\/soymat.com\/#website"},"primaryImageOfPage":{"@id":"https:\/\/soymat.com\/producto\/sierra-sable-1010w-black-lusqtoff\/#primaryimage"},"image":{"@id":"https:\/\/soymat.com\/producto\/sierra-sable-1010w-black-lusqtoff\/#primaryimage"},"thumbnailUrl":"https:\/\/soymat.com\/wp-content\/uploads\/2025\/05\/SSL1010-9_web_3-SIERRA-SABLE-1010-scaled.jpg","datePublished":"2025-05-06T23:25:39+00:00","dateModified":"2025-11-06T07:05:31+00:00","breadcrumb":{"@id":"https:\/\/soymat.com\/producto\/sierra-sable-1010w-black-lusqtoff\/#breadcrumb"},"inLanguage":"es-AR","potentialAction":[{"@type":"ReadAction","target":["https:\/\/soymat.com\/producto\/sierra-sable-1010w-black-lusqtoff\/"]}]},{"@type":"ImageObject","inLanguage":"es-AR","@id":"https:\/\/soymat.com\/producto\/sierra-sable-1010w-black-lusqtoff\/#primaryimage","url":"https:\/\/soymat.com\/wp-content\/uploads\/2025\/05\/SSL1010-9_web_3-SIERRA-SABLE-1010-scaled.jpg","contentUrl":"https:\/\/soymat.com\/wp-content\/uploads\/2025\/05\/SSL1010-9_web_3-SIERRA-SABLE-1010-scaled.jpg","width":2560,"height":2560},{"@type":"BreadcrumbList","@id":"https:\/\/soymat.com\/producto\/sierra-sable-1010w-black-lusqtoff\/#breadcrumb","itemListElement":[{"@type":"ListItem","position":1,"name":"Portada","item":"https:\/\/soymat.com\/"},{"@type":"ListItem","position":2,"name":"Todos los Productos","item":"https:\/\/soymat.com\/shop\/"},{"@type":"ListItem","position":3,"name":"Sierra Sable 1010W Black &#8211; Lusqtoff"}]},{"@type":"WebSite","@id":"https:\/\/soymat.com\/#website","url":"https:\/\/soymat.com\/","name":"So&Mat","description":"Empresa Dedicada a la protecci\u00f3n global contra incendio . matafuegos redes bombas,venta instalaci\u00f3n y service, protecci\u00f3n y confort laboral en todo concepto.","publisher":{"@id":"https:\/\/soymat.com\/#organization"},"alternateName":"So&Mat","potentialAction":[{"@type":"SearchAction","target":{"@type":"EntryPoint","urlTemplate":"https:\/\/soymat.com\/?s={search_term_string}"},"query-input":{"@type":"PropertyValueSpecification","valueRequired":true,"valueName":"search_term_string"}}],"inLanguage":"es-AR"},{"@type":"Organization","@id":"https:\/\/soymat.com\/#organization","name":"So&Mat","url":"https:\/\/soymat.com\/","logo":{"@type":"ImageObject","inLanguage":"es-AR","@id":"https:\/\/soymat.com\/#\/schema\/logo\/image\/","url":"https:\/\/soymat.com\/wp-content\/uploads\/2024\/08\/SoyMat.jpg","contentUrl":"https:\/\/soymat.com\/wp-content\/uploads\/2024\/08\/SoyMat.jpg","width":600,"height":236,"caption":"So&Mat"},"image":{"@id":"https:\/\/soymat.com\/#\/schema\/logo\/image\/"}}]}},"_links":{"self":[{"href":"https:\/\/soymat.com\/es\/wp-json\/wp\/v2\/product\/22510","targetHints":{"allow":["GET"]}}],"collection":[{"href":"https:\/\/soymat.com\/es\/wp-json\/wp\/v2\/product"}],"about":[{"href":"https:\/\/soymat.com\/es\/wp-json\/wp\/v2\/types\/product"}],"wp:featuredmedia":[{"embeddable":true,"href":"https:\/\/soymat.com\/es\/wp-json\/wp\/v2\/media\/22557"}],"wp:attachment":[{"href":"https:\/\/soymat.com\/es\/wp-json\/wp\/v2\/media?parent=22510"}],"wp:term":[{"taxonomy":"product_cat","embeddable":true,"href":"https:\/\/soymat.com\/es\/wp-json\/wp\/v2\/product_cat?post=22510"},{"taxonomy":"product_tag","embeddable":true,"href":"https:\/\/soymat.com\/es\/wp-json\/wp\/v2\/product_tag?post=22510"}],"curies":[{"name":"wp","href":"https:\/\/api.w.org\/{rel}","templated":true}]}}