{"id":22512,"date":"2025-05-05T15:27:13","date_gmt":"2025-05-05T18:27:13","guid":{"rendered":"https:\/\/soymat.com\/?post_type=product&#038;p=22512"},"modified":"2026-01-22T13:06:10","modified_gmt":"2026-01-22T16:06:10","slug":"taladro-a-bateria-con-percutor-luqtoff","status":"publish","type":"product","link":"https:\/\/soymat.com\/es\/producto\/taladro-a-bateria-con-percutor-luqtoff\/","title":{"rendered":"Taladro a Bater\u00eda con Percutor &#8211; Luqtoff"},"content":{"rendered":"<p><strong>Taladro a Bater\u00eda con Percutor &#8211; Luqtoff<\/strong><br \/>\nCod. TIL80-9BK<\/p>\n<p><strong>Ficha t\u00e9cnica<\/strong><br \/>\n\u2022 Tensi\u00f3n: 18 V =<br \/>\n\u2022 Amperaje bater\u00eda: 4 Ah<br \/>\n\u2022 Mandril met\u00e1lico 13 mm.<br \/>\n\u2022 20 posiciones de torque<br \/>\n\u2022 Torque m\u00e1ximo: 60 Nm<br \/>\n\u2022 Funciones: perforador, percutor y atornillador con reversa.<br \/>\n\u2022 Posee luz led.<br \/>\n\u2022 Brushless.<\/p>\n<p><strong>INCLUYE<\/strong><\/p>\n<p>\u2022 Clip para cintur\u00f3n.<br \/>\n\u2022 Mango auxiliar met\u00e1lico.<br \/>\n\u2022 Malet\u00edn de traslado.<\/p>","protected":false},"excerpt":{"rendered":"<p>Taladro a Bater\u00eda con Percutor &#8211; Luqtoff Cod. TIL80-9BK Ficha t\u00e9cnica \u2022 Tensi\u00f3n: 18 V = \u2022 Amperaje bater\u00eda: 4 Ah \u2022 Mandril met\u00e1lico 13 mm. \u2022 20 posiciones de torque \u2022 Torque m\u00e1ximo: 60 Nm \u2022 Funciones: perforador, percutor y atornillador con reversa. \u2022 Posee luz led. \u2022 Brushless. INCLUYE \u2022 Clip para cintur\u00f3n. [&hellip;]<\/p>\n","protected":false},"featured_media":22519,"template":"","meta":[],"product_cat":[191],"product_tag":[199,482,208,476,464],"class_list":{"0":"post-22512","1":"product","2":"type-product","3":"status-publish","4":"has-post-thumbnail","6":"product_brand-lusqtoff-maquinas-y-herramientas-electricas-manuales","7":"product_cat-maquinas-y-herramientas","8":"product_tag-herramientas-a-bateria","9":"product_tag-lusqtoff","10":"product_tag-maquinas-y-herramientas","11":"product_tag-taladro","12":"product_tag-taladro-percutor","14":"first","15":"instock","16":"taxable","17":"shipping-taxable","18":"purchasable","19":"product-type-simple","20":"add-to-wishlist-after_add_to_cart"},"yoast_head":"<!-- This site is optimized with the Yoast SEO Premium plugin v26.9 (Yoast SEO v26.9) - https:\/\/yoast.com\/product\/yoast-seo-premium-wordpress\/ -->\n<title>Taladro a Bater\u00eda con Percutor - Luqtoff - SoyMat \u2013 Seguridad Industrial<\/title>\n<meta name=\"robots\" content=\"index, follow, max-snippet:-1, max-image-preview:large, max-video-preview:-1\" \/>\n<link rel=\"canonical\" href=\"https:\/\/soymat.com\/es\/producto\/taladro-a-bateria-con-percutor-luqtoff\/\" \/>\n<meta property=\"og:locale\" content=\"es_ES\" \/>\n<meta property=\"og:type\" content=\"article\" \/>\n<meta property=\"og:title\" content=\"Taladro a Bater\u00eda con Percutor - Luqtoff\" \/>\n<meta property=\"og:description\" content=\"Taladro a Bater\u00eda con Percutor &#8211; Luqtoff Cod. TIL80-9BK Ficha t\u00e9cnica \u2022 Tensi\u00f3n: 18 V = \u2022 Amperaje bater\u00eda: 4 Ah \u2022 Mandril met\u00e1lico 13 mm. \u2022 20 posiciones de torque \u2022 Torque m\u00e1ximo: 60 Nm \u2022 Funciones: perforador, percutor y atornillador con reversa. \u2022 Posee luz led. \u2022 Brushless. INCLUYE \u2022 Clip para cintur\u00f3n. [&hellip;]\" \/>\n<meta property=\"og:url\" content=\"https:\/\/soymat.com\/es\/producto\/taladro-a-bateria-con-percutor-luqtoff\/\" \/>\n<meta property=\"og:site_name\" content=\"SoyMat \u2013 Seguridad Industrial\" \/>\n<meta property=\"article:modified_time\" content=\"2026-01-22T16:06:10+00:00\" \/>\n<meta property=\"og:image\" content=\"https:\/\/soymat.com\/wp-content\/uploads\/2025\/05\/TIL80-9BK_web_2.jpg\" \/>\n\t<meta property=\"og:image:width\" content=\"1000\" \/>\n\t<meta property=\"og:image:height\" content=\"1000\" \/>\n\t<meta property=\"og:image:type\" content=\"image\/jpeg\" \/>\n<meta name=\"twitter:card\" content=\"summary_large_image\" \/>\n<meta name=\"twitter:label1\" content=\"Tiempo de lectura\" \/>\n\t<meta name=\"twitter:data1\" content=\"1 minuto\" \/>\n<script type=\"application\/ld+json\" class=\"yoast-schema-graph\">{\"@context\":\"https:\/\/schema.org\",\"@graph\":[{\"@type\":\"WebPage\",\"@id\":\"https:\/\/soymat.com\/producto\/taladro-a-bateria-con-percutor-luqtoff\/\",\"url\":\"https:\/\/soymat.com\/producto\/taladro-a-bateria-con-percutor-luqtoff\/\",\"name\":\"Taladro a Bater\u00eda con Percutor - Luqtoff - SoyMat \u2013 Seguridad Industrial\",\"isPartOf\":{\"@id\":\"https:\/\/soymat.com\/#website\"},\"primaryImageOfPage\":{\"@id\":\"https:\/\/soymat.com\/producto\/taladro-a-bateria-con-percutor-luqtoff\/#primaryimage\"},\"image\":{\"@id\":\"https:\/\/soymat.com\/producto\/taladro-a-bateria-con-percutor-luqtoff\/#primaryimage\"},\"thumbnailUrl\":\"https:\/\/soymat.com\/wp-content\/uploads\/2025\/05\/TIL80-9BK_web_2.jpg\",\"datePublished\":\"2025-05-05T18:27:13+00:00\",\"dateModified\":\"2026-01-22T16:06:10+00:00\",\"breadcrumb\":{\"@id\":\"https:\/\/soymat.com\/producto\/taladro-a-bateria-con-percutor-luqtoff\/#breadcrumb\"},\"inLanguage\":\"es-AR\",\"potentialAction\":[{\"@type\":\"ReadAction\",\"target\":[\"https:\/\/soymat.com\/producto\/taladro-a-bateria-con-percutor-luqtoff\/\"]}]},{\"@type\":\"ImageObject\",\"inLanguage\":\"es-AR\",\"@id\":\"https:\/\/soymat.com\/producto\/taladro-a-bateria-con-percutor-luqtoff\/#primaryimage\",\"url\":\"https:\/\/soymat.com\/wp-content\/uploads\/2025\/05\/TIL80-9BK_web_2.jpg\",\"contentUrl\":\"https:\/\/soymat.com\/wp-content\/uploads\/2025\/05\/TIL80-9BK_web_2.jpg\",\"width\":1000,\"height\":1000},{\"@type\":\"BreadcrumbList\",\"@id\":\"https:\/\/soymat.com\/producto\/taladro-a-bateria-con-percutor-luqtoff\/#breadcrumb\",\"itemListElement\":[{\"@type\":\"ListItem\",\"position\":1,\"name\":\"Portada\",\"item\":\"https:\/\/soymat.com\/\"},{\"@type\":\"ListItem\",\"position\":2,\"name\":\"Todos los Productos\",\"item\":\"https:\/\/soymat.com\/shop\/\"},{\"@type\":\"ListItem\",\"position\":3,\"name\":\"Taladro a Bater\u00eda con Percutor &#8211; Luqtoff\"}]},{\"@type\":\"WebSite\",\"@id\":\"https:\/\/soymat.com\/#website\",\"url\":\"https:\/\/soymat.com\/\",\"name\":\"So&Mat\",\"description\":\"Empresa Dedicada a la protecci\u00f3n global contra incendio . matafuegos redes bombas,venta instalaci\u00f3n y service, protecci\u00f3n y confort laboral en todo concepto.\",\"publisher\":{\"@id\":\"https:\/\/soymat.com\/#organization\"},\"alternateName\":\"So&Mat\",\"potentialAction\":[{\"@type\":\"SearchAction\",\"target\":{\"@type\":\"EntryPoint\",\"urlTemplate\":\"https:\/\/soymat.com\/?s={search_term_string}\"},\"query-input\":{\"@type\":\"PropertyValueSpecification\",\"valueRequired\":true,\"valueName\":\"search_term_string\"}}],\"inLanguage\":\"es-AR\"},{\"@type\":\"Organization\",\"@id\":\"https:\/\/soymat.com\/#organization\",\"name\":\"So&Mat\",\"url\":\"https:\/\/soymat.com\/\",\"logo\":{\"@type\":\"ImageObject\",\"inLanguage\":\"es-AR\",\"@id\":\"https:\/\/soymat.com\/#\/schema\/logo\/image\/\",\"url\":\"https:\/\/soymat.com\/wp-content\/uploads\/2024\/08\/SoyMat.jpg\",\"contentUrl\":\"https:\/\/soymat.com\/wp-content\/uploads\/2024\/08\/SoyMat.jpg\",\"width\":600,\"height\":236,\"caption\":\"So&Mat\"},\"image\":{\"@id\":\"https:\/\/soymat.com\/#\/schema\/logo\/image\/\"}}]}<\/script>\n<!-- \/ Yoast SEO Premium plugin. -->","yoast_head_json":{"title":"Taladro a Bater\u00eda con Percutor - Luqtoff - SoyMat \u2013 Seguridad Industrial","robots":{"index":"index","follow":"follow","max-snippet":"max-snippet:-1","max-image-preview":"max-image-preview:large","max-video-preview":"max-video-preview:-1"},"canonical":"https:\/\/soymat.com\/es\/producto\/taladro-a-bateria-con-percutor-luqtoff\/","og_locale":"es_ES","og_type":"article","og_title":"Taladro a Bater\u00eda con Percutor - Luqtoff","og_description":"Taladro a Bater\u00eda con Percutor &#8211; Luqtoff Cod. TIL80-9BK Ficha t\u00e9cnica \u2022 Tensi\u00f3n: 18 V = \u2022 Amperaje bater\u00eda: 4 Ah \u2022 Mandril met\u00e1lico 13 mm. \u2022 20 posiciones de torque \u2022 Torque m\u00e1ximo: 60 Nm \u2022 Funciones: perforador, percutor y atornillador con reversa. \u2022 Posee luz led. \u2022 Brushless. INCLUYE \u2022 Clip para cintur\u00f3n. [&hellip;]","og_url":"https:\/\/soymat.com\/es\/producto\/taladro-a-bateria-con-percutor-luqtoff\/","og_site_name":"SoyMat \u2013 Seguridad Industrial","article_modified_time":"2026-01-22T16:06:10+00:00","og_image":[{"width":1000,"height":1000,"url":"https:\/\/soymat.com\/wp-content\/uploads\/2025\/05\/TIL80-9BK_web_2.jpg","type":"image\/jpeg"}],"twitter_card":"summary_large_image","twitter_misc":{"Tiempo de lectura":"1 minuto"},"schema":{"@context":"https:\/\/schema.org","@graph":[{"@type":"WebPage","@id":"https:\/\/soymat.com\/producto\/taladro-a-bateria-con-percutor-luqtoff\/","url":"https:\/\/soymat.com\/producto\/taladro-a-bateria-con-percutor-luqtoff\/","name":"Taladro a Bater\u00eda con Percutor - Luqtoff - SoyMat \u2013 Seguridad Industrial","isPartOf":{"@id":"https:\/\/soymat.com\/#website"},"primaryImageOfPage":{"@id":"https:\/\/soymat.com\/producto\/taladro-a-bateria-con-percutor-luqtoff\/#primaryimage"},"image":{"@id":"https:\/\/soymat.com\/producto\/taladro-a-bateria-con-percutor-luqtoff\/#primaryimage"},"thumbnailUrl":"https:\/\/soymat.com\/wp-content\/uploads\/2025\/05\/TIL80-9BK_web_2.jpg","datePublished":"2025-05-05T18:27:13+00:00","dateModified":"2026-01-22T16:06:10+00:00","breadcrumb":{"@id":"https:\/\/soymat.com\/producto\/taladro-a-bateria-con-percutor-luqtoff\/#breadcrumb"},"inLanguage":"es-AR","potentialAction":[{"@type":"ReadAction","target":["https:\/\/soymat.com\/producto\/taladro-a-bateria-con-percutor-luqtoff\/"]}]},{"@type":"ImageObject","inLanguage":"es-AR","@id":"https:\/\/soymat.com\/producto\/taladro-a-bateria-con-percutor-luqtoff\/#primaryimage","url":"https:\/\/soymat.com\/wp-content\/uploads\/2025\/05\/TIL80-9BK_web_2.jpg","contentUrl":"https:\/\/soymat.com\/wp-content\/uploads\/2025\/05\/TIL80-9BK_web_2.jpg","width":1000,"height":1000},{"@type":"BreadcrumbList","@id":"https:\/\/soymat.com\/producto\/taladro-a-bateria-con-percutor-luqtoff\/#breadcrumb","itemListElement":[{"@type":"ListItem","position":1,"name":"Portada","item":"https:\/\/soymat.com\/"},{"@type":"ListItem","position":2,"name":"Todos los Productos","item":"https:\/\/soymat.com\/shop\/"},{"@type":"ListItem","position":3,"name":"Taladro a Bater\u00eda con Percutor &#8211; Luqtoff"}]},{"@type":"WebSite","@id":"https:\/\/soymat.com\/#website","url":"https:\/\/soymat.com\/","name":"So&Mat","description":"Empresa Dedicada a la protecci\u00f3n global contra incendio . matafuegos redes bombas,venta instalaci\u00f3n y service, protecci\u00f3n y confort laboral en todo concepto.","publisher":{"@id":"https:\/\/soymat.com\/#organization"},"alternateName":"So&Mat","potentialAction":[{"@type":"SearchAction","target":{"@type":"EntryPoint","urlTemplate":"https:\/\/soymat.com\/?s={search_term_string}"},"query-input":{"@type":"PropertyValueSpecification","valueRequired":true,"valueName":"search_term_string"}}],"inLanguage":"es-AR"},{"@type":"Organization","@id":"https:\/\/soymat.com\/#organization","name":"So&Mat","url":"https:\/\/soymat.com\/","logo":{"@type":"ImageObject","inLanguage":"es-AR","@id":"https:\/\/soymat.com\/#\/schema\/logo\/image\/","url":"https:\/\/soymat.com\/wp-content\/uploads\/2024\/08\/SoyMat.jpg","contentUrl":"https:\/\/soymat.com\/wp-content\/uploads\/2024\/08\/SoyMat.jpg","width":600,"height":236,"caption":"So&Mat"},"image":{"@id":"https:\/\/soymat.com\/#\/schema\/logo\/image\/"}}]}},"_links":{"self":[{"href":"https:\/\/soymat.com\/es\/wp-json\/wp\/v2\/product\/22512","targetHints":{"allow":["GET"]}}],"collection":[{"href":"https:\/\/soymat.com\/es\/wp-json\/wp\/v2\/product"}],"about":[{"href":"https:\/\/soymat.com\/es\/wp-json\/wp\/v2\/types\/product"}],"wp:featuredmedia":[{"embeddable":true,"href":"https:\/\/soymat.com\/es\/wp-json\/wp\/v2\/media\/22519"}],"wp:attachment":[{"href":"https:\/\/soymat.com\/es\/wp-json\/wp\/v2\/media?parent=22512"}],"wp:term":[{"taxonomy":"product_cat","embeddable":true,"href":"https:\/\/soymat.com\/es\/wp-json\/wp\/v2\/product_cat?post=22512"},{"taxonomy":"product_tag","embeddable":true,"href":"https:\/\/soymat.com\/es\/wp-json\/wp\/v2\/product_tag?post=22512"}],"curies":[{"name":"wp","href":"https:\/\/api.w.org\/{rel}","templated":true}]}}